{"id":3530,"date":"2024-07-10T07:05:21","date_gmt":"2024-07-10T07:05:21","guid":{"rendered":"https:\/\/ufec-mundial.com\/?page_id=3530"},"modified":"2025-05-23T09:24:11","modified_gmt":"2025-05-23T09:24:11","slug":"la-vision-de-dios","status":"publish","type":"page","link":"https:\/\/nuevo-renacer.com\/tr\/la-vision-de-dios\/","title":{"rendered":"Tanr\u0131&#039;n\u0131n vizyonu"},"content":{"rendered":"<div class=\"wp-block-uagb-container uagb-block-2eb96938 alignfull uagb-is-root-container\"><div class=\"uagb-container-inner-blocks-wrap\">\n<p class=\"has-medium-font-size\"><strong>Tanr\u0131&#039;n\u0131n vizyonu<\/strong><\/p>\n\n\n\n<p class=\"has-black-color has-text-color has-link-color has-medium-font-size wp-elements-23de0497bcae6613bfa86f5fce97e098\"><strong>Kitab\u0131n yazar\u0131: Yarat\u0131l\u0131\u015f \u2013 Allan Kardec<\/strong><\/p>\n<\/div><\/div>\n\n\n\n<div class=\"wp-block-uagb-container uagb-block-231a596e alignfull uagb-is-root-container\"><div class=\"uagb-container-inner-blocks-wrap\">\n<figure class=\"wp-block-image size-full is-resized\"><img fetchpriority=\"high\" decoding=\"async\" width=\"626\" height=\"470\" src=\"https:\/\/nuevo-renacer.com\/wp-content\/uploads\/2024\/07\/dios-luz-cielo-simbolizando-presencia-divina-verdad-iluminacion-espiritual-dios-amor-gracia_1082479-3047.avif\" alt=\"\" class=\"wp-image-3531\" style=\"width:368px;height:auto\"\/><\/figure>\n<\/div><\/div>\n\n\n\n<div class=\"wp-block-uagb-container uagb-block-a68cdebd alignfull uagb-is-root-container\"><div class=\"uagb-container-inner-blocks-wrap\">\n<p class=\"has-black-color has-text-color has-link-color has-small-font-size wp-elements-5b92d9125026c37e28de19cd6da9c953\">E\u011fer Tanr\u0131 her yerdeyse, neden g\u00f6rm\u00fcyoruz? D\u00fcnya&#039;dan ayr\u0131ld\u0131ktan sonra ne g\u00f6rece\u011fiz? Bunlar g\u00fcnl\u00fck olarak kar\u015f\u0131la\u015ft\u0131\u011f\u0131m\u0131z sorular.<\/p>\n\n\n\n<p class=\"has-black-color has-text-color has-link-color has-small-font-size wp-elements-62d15e092b8b336cb547d30633842174\">\u0130lki kolayca cevaplanabilir. V\u00fccudumuzun materyalleri, belirli \u015feyleri, hatta materyalleri g\u00f6rmelerine izin vermeyen s\u0131n\u0131rl\u0131 alg\u0131lara sahiptir. Bu \u015fekilde, baz\u0131 ak\u0131\u015fkanlar, varl\u0131klar\u0131ndan \u015f\u00fcphe etmek i\u00e7in bir neden vermese de, mevcut analiz ara\u00e7lar\u0131m\u0131z\u0131n yan\u0131 s\u0131ra vizyonumuza da tam olarak ka\u00e7arlar. Veban\u0131n etkilerini g\u00f6r\u00fcyoruz, ancak ileten s\u0131v\u0131y\u0131 g\u00f6rm\u00fcyoruz; yer\u00e7ekimi kuvvetinin etkisi alt\u0131nda hareket halindeki bedenleri g\u00f6r\u00fcyoruz, ancak bu g\u00fcc\u00fc g\u00f6rm\u00fcyoruz.<\/p>\n\n\n\n<p class=\"has-black-color has-text-color has-link-color has-small-font-size wp-elements-c712a0fd387a5441ce50646995b785fb\">Bedenlerin materyalleri manevi \u00f6z\u00fcn \u015feylerini alg\u0131layamaz. Maddi olmayan d\u00fcnyan\u0131n Ruhlar\u0131n\u0131 ve \u015feylerini ancak Ruhun vizyonuyla g\u00f6rebiliriz. Bu nedenle, yaln\u0131zca ruhumuz Tanr\u0131 alg\u0131s\u0131na sahip olabilir. \u00d6l\u00fcmden hemen sonra g\u00f6rd\u00fc\u011f\u00fcn \u015fey nedir? Bu bak\u0131mdan sadece mezar\u0131n haberle\u015fmesi bizi ayd\u0131nlatabilir. Onlar arac\u0131l\u0131\u011f\u0131yla, Tanr\u0131&#039;n\u0131n vizyonunun safla\u015ft\u0131r\u0131lm\u0131\u015f ruhlar\u0131n m\u00fcnhas\u0131r bir ayr\u0131cal\u0131\u011f\u0131 oldu\u011funu ve sarg\u0131y\u0131 yery\u00fcz\u00fcnde b\u0131rakt\u0131klar\u0131nda bunu yapmak i\u00e7in gereken kaydile\u015ftirme derecesine sahip olan \u00e7ok az ki\u015finin oldu\u011funu anl\u0131yoruz. Kaba bir kar\u015f\u0131la\u015ft\u0131rma bunu kolayca anlayacakt\u0131r.<\/p>\n\n\n\n<p class=\"has-black-color has-text-color has-link-color has-small-font-size wp-elements-2579e4e2094ab8c6fa823ddbc64a0e29\">Yo\u011fun bir sisle \u00e7evrili bir vadinin dibinde bulunan bir ki\u015fi g\u00fcne\u015fi g\u00f6remez. Ancak, lo\u015f \u0131\u015f\u0131kla g\u00fcne\u015fin parlad\u0131\u011f\u0131n\u0131 alg\u0131lad\u0131. Da\u011fa t\u0131rmanmaya karar verirseniz, yukar\u0131 \u00e7\u0131kt\u0131k\u00e7a sis giderek solacak ve \u0131\u015f\u0131k giderek daha canl\u0131 olacakt\u0131r. Sonu\u00e7 olarak, yine de g\u00fcne\u015fi g\u00f6rmeyeceksin. Ancak bu, sis tabakas\u0131n\u0131n tamamen \u00fczerine \u00e7\u0131kt\u0131ktan ve havan\u0131n tamamen temiz oldu\u011fu noktaya ula\u015ft\u0131ktan sonra, g\u00fcne\u015fi t\u00fcm ihti\u015fam\u0131yla g\u00f6receksiniz.<\/p>\n\n\n\n<p class=\"has-black-color has-text-color has-link-color has-small-font-size wp-elements-0d76482f52e49f3cacebf7b740bfe3d6\">Ayn\u0131 \u015fey ruhta da olur. Sarma periyodumanevi, bizim i\u00e7in g\u00f6r\u00fcnmez ve somut olmasa da, ruhla ilgili olarak ger\u00e7ek bir \u015feydir, ancak belirli alg\u0131lar i\u00e7in \u00e7ok kabad\u0131r. Bu zarf, ruhun ahlak\u0131nda y\u00fckseldik\u00e7e ruhsalla\u015ft\u0131r\u0131l\u0131r. Ruhun kusurlar\u0131, vizyonu bulan\u0131kla\u015ft\u0131ran neblinos katmanlar\u0131 gibidir. \u015eeritlerin her kusuru daha az lekedir, ancak ancak g\u00fc\u00e7lerinin dolgunlu\u011funun tad\u0131n\u0131 tamamen \u00e7\u0131kard\u0131ktan sonra.<\/p>\n\n\n\n<p class=\"has-black-color has-text-color has-link-color has-small-font-size wp-elements-9d8f722f6c37509dbb35cf55cac2153d\">Tanr\u0131 m\u00fckemmel ilahi \u00f6z oldu\u011fu i\u00e7in, t\u00fcm ihti\u015fam\u0131yla ancak en y\u00fcksek derecede kaydile\u015ftirmeye ula\u015fm\u0131\u015f Ruhlar taraf\u0131ndan alg\u0131lanabilir. Kusurlu Ruhlarla ilgili olarak, Tanr\u0131&#039;y\u0131 g\u00f6rmedikleri ger\u00e7e\u011fiyle, sizin O&#039;ndan di\u011ferlerinden daha uzakta oldu\u011funuz sonucuna varmazlar, \u00e7\u00fcnk\u00fc do\u011fan\u0131n t\u00fcm varl\u0131klar\u0131 gibi onlar da bizim \u0131\u015f\u0131kta oldu\u011fumuz gibi ilahi olan ak\u0131\u015fkana dalm\u0131\u015flard\u0131r. Olan \u015fu ki, bu Ruhlar\u0131n kusurlar\u0131, onu g\u00f6rmelerini engelleyen buharlar gibidir. Sis temizlendi\u011finde, ne parlayacak. Bunun i\u00e7in y\u00fckselmenize ve onu sonsuzlu\u011fun derinliklerinde araman\u0131za gerek yoktur. Manevi vizyon desobstruida oldu\u011funda, nerede olduklar\u0131na bak\u0131lmaks\u0131z\u0131n, yery\u00fcz\u00fcnde bile, kararm\u0131\u015f olanlar\u0131n, g\u00f6rd\u00fcklerinizin ahlak\u0131n\u0131 lekelersiniz, \u00e7\u00fcnk\u00fc Tanr\u0131 her yerdedir.<\/p>\n\n\n\n<p class=\"has-black-color has-text-color has-link-color has-small-font-size wp-elements-ec5891f65b447bcd9db2a906ba71422c\">Ruh, zaman\u0131n akmas\u0131yla ar\u0131n\u0131r ve farkl\u0131 enkarnasyonlar, her seferinde baz\u0131 safs\u0131zl\u0131klar olmak \u00fczere sol altta hareketsiz kal\u0131r. Beden sarg\u0131n\u0131z\u0131 b\u0131rakt\u0131\u011f\u0131n\u0131zda, Ruhlar kusurlar\u0131yla an\u0131nda d\u00f6k\u00fclmez, bunun nedeni \u00f6l\u00fcmden sonra Tanr\u0131&#039;y\u0131 hayattayken g\u00f6r\u00fcnd\u00fcklerinden daha fazla g\u00f6rmemeleridir. Ancak, ar\u0131nd\u0131k\u00e7a, Ona daha net bir sezginiz olur. G\u00f6rmese de, \u0131\u015f\u0131k daha az da\u011f\u0131n\u0131k oldu\u011fu i\u00e7in onu daha iyi anlarlar. Bu nedenle, baz\u0131 Ruhlar Tanr\u0131&#039;n\u0131n bir soruya cevap vermelerini yasaklad\u0131\u011f\u0131n\u0131 g\u00f6sterdi\u011finde, Tanr\u0131&#039;n\u0131n ortaya \u00e7\u0131kt\u0131\u011f\u0131 veya s\u00f6ze y\u00f6nlendirilebilece\u011fi, onlar\u0131 \u015fu veya bu \u015feyden emretmesi veya yasaklamas\u0131 anlam\u0131na gelmez. Tabii ki de\u011fil. Bunu hissederler, onun d\u00fc\u015f\u00fcncesinin d\u00f6k\u00fclmelerini al\u0131rlar, t\u0131pk\u0131 bizi s\u0131v\u0131lar\u0131nda \u00e7evreleyen Ruhlarla ili\u015fkili olarak bizde oldu\u011fu gibi, ama onlar\u0131 g\u00f6rmezler. <\/p>\n\n\n\n<p class=\"has-black-color has-text-color has-link-color has-small-font-size wp-elements-3e70873b3768b062cb13a264ecef9c09\">Bu nedenle hi\u00e7bir insan Tanr\u0131&#039;y\u0131 bedenin g\u00f6z\u00fcyle g\u00f6remez. E\u011fer baz\u0131lar\u0131na verilen l\u00fctuf buysa, ruh, enkarnasyon s\u0131ras\u0131nda bu ger\u00e7e\u011fi m\u00fcmk\u00fcn k\u0131lan madde ba\u011flar\u0131ndan bu kadar ayr\u0131ld\u0131\u011f\u0131nda, yaln\u0131zca bir co\u015fku durumunda olacakt\u0131r. \u00d6te yandan, bu ayr\u0131cal\u0131k, yaln\u0131zca bir g\u00f6revi yerine getirirken enkarne olmu\u015f se\u00e7kinlerin ruhlar\u0131na ait olacakt\u0131r, enkarne olanlara de\u011fil <em>kefaret<\/em>. Sonu\u00e7 olarak, en y\u00fcksek kategorideki Ruhlar g\u00f6z kama\u015ft\u0131r\u0131c\u0131 bir parlakl\u0131kla parlad\u0131k\u00e7a, Ruhlar\u0131n daha az y\u00fckselmi\u015f, bedenlenmi\u015f veya bedensiz olmalar\u0131, onlar\u0131 \u00e7evreleyen ihti\u015fama hayran kalmalar\u0131, Tanr\u0131&#039;n\u0131n kendisine geldi\u011fimi varsayal\u0131m. Bir bakana gidip onu h\u00fck\u00fcmdarla kar\u0131\u015ft\u0131ranlar gibi olurdu.<\/p>\n\n\n\n<p class=\"has-black-color has-text-color has-link-color has-small-font-size wp-elements-341be2b90530649245d21866070c7db5\">Onu g\u00f6rmeye lay\u0131k g\u00f6r\u00fclenlere Tanr\u0131&#039;y\u0131 hangi g\u00f6r\u00fcn\u00fcm sunar? Belirli bir formda ne olacak? Bir insan fig\u00fcr\u00fcyle mi yoksa parlak bir ampul olarak m\u0131? \u0130nsan dilinde tarif edilemez, \u00e7\u00fcnk\u00fc bizim i\u00e7in de\u011fil, bize Onun hakk\u0131nda bir fikir verebilecek hi\u00e7bir kar\u015f\u0131la\u015ft\u0131rma noktas\u0131 yoktur. Do\u011fu\u015ftan k\u00f6r gibiyiz, bunu yapmak i\u00e7in bo\u015funa \u00e7abalayan g\u00fcne\u015fin parlakl\u0131\u011f\u0131n\u0131 anlayaca\u011f\u0131z. Kelime da\u011farc\u0131\u011f\u0131m\u0131z ihtiya\u00e7lar\u0131m\u0131zla ve fikirlerimizin \u00e7emberiyle s\u0131n\u0131rl\u0131d\u0131r; vah\u015fi medeniyetin harikalar\u0131n\u0131 tan\u0131mlamaya hizmet etmeyecekti; en uygar insanlar, cennetin ihti\u015fam\u0131n\u0131 tarif edemeyecek kadar fakirdir ve onlar\u0131 anlamak i\u00e7in zekam\u0131z \u00e7ok s\u0131n\u0131rl\u0131d\u0131r, g\u00f6r\u00fc\u015f\u00fcm\u00fcz\u00fcn yan\u0131 s\u0131ra, a\u015f\u0131r\u0131 derecede zay\u0131f, g\u00f6z kama\u015ft\u0131r\u0131rd\u0131.<\/p>\n<\/div><\/div>\n\n\n\n<div class=\"wp-block-uagb-container uagb-block-a3dd7faa alignfull uagb-is-root-container\"><div class=\"uagb-container-inner-blocks-wrap\"><\/div><\/div>\n\n\n\n<div class=\"wp-block-uagb-container uagb-block-efa2ece5 alignfull uagb-is-root-container\"><div class=\"uagb-container-inner-blocks-wrap\"><\/div><\/div>","protected":false},"excerpt":{"rendered":"<p>La visi\u00f3n de Dios Del libro: La G\u00e9nesis \u2013 Allan Kardec Si Dios est\u00e1 en todas partes, \u00bfpor qu\u00e9 no lo vemos? \u00bfHa\u00adbremos de verlo despu\u00e9s de dejar la Tierra? Esas son las preguntas que nos plantean a diario. La primera se puede responder f\u00e1cilmente. Nuestros \u00f3rganos materiales tienen percepciones limitadas que no les permiten [&hellip;]<\/p>","protected":false},"author":1,"featured_media":3531,"parent":0,"menu_order":0,"comment_status":"closed","ping_status":"closed","template":"","meta":{"_uag_custom_page_level_css":"","site-sidebar-layout":"default","site-content-layout":"","ast-site-content-layout":"default","site-content-style":"default","site-sidebar-style":"default","ast-global-header-display":"","ast-banner-title-visibility":"","ast-main-header-display":"","ast-hfb-above-header-display":"","ast-hfb-below-header-display":"","ast-hfb-mobile-header-display":"","site-post-title":"disabled","ast-breadcrumbs-content":"","ast-featured-img":"","footer-sml-layout":"","theme-transparent-header-meta":"","adv-header-id-meta":"","stick-header-meta":"","header-above-stick-meta":"","header-main-stick-meta":"","header-below-stick-meta":"","astra-migrate-meta-layouts":"set","ast-page-background-enabled":"default","ast-page-background-meta":{"desktop":{"background-color":"var(--ast-global-color-4)","background-image":"","background-repeat":"repeat","background-position":"center center","background-size":"auto","background-attachment":"scroll","background-type":"","background-media":"","overlay-type":"","overlay-color":"","overlay-opacity":"","overlay-gradient":""},"tablet":{"background-color":"","background-image":"","background-repeat":"repeat","background-position":"center center","background-size":"auto","background-attachment":"scroll","background-type":"","background-media":"","overlay-type":"","overlay-color":"","overlay-opacity":"","overlay-gradient":""},"mobile":{"background-color":"","background-image":"","background-repeat":"repeat","background-position":"center center","background-size":"auto","background-attachment":"scroll","background-type":"","background-media":"","overlay-type":"","overlay-color":"","overlay-opacity":"","overlay-gradient":""}},"ast-content-background-meta":{"desktop":{"background-color":"var(--ast-global-color-5)","background-image":"","background-repeat":"repeat","background-position":"center center","background-size":"auto","background-attachment":"scroll","background-type":"","background-media":"","overlay-type":"","overlay-color":"","overlay-opacity":"","overlay-gradient":""},"tablet":{"background-color":"var(--ast-global-color-5)","background-image":"","background-repeat":"repeat","background-position":"center center","background-size":"auto","background-attachment":"scroll","background-type":"","background-media":"","overlay-type":"","overlay-color":"","overlay-opacity":"","overlay-gradient":""},"mobile":{"background-color":"var(--ast-global-color-5)","background-image":"","background-repeat":"repeat","background-position":"center center","background-size":"auto","background-attachment":"scroll","background-type":"","background-media":"","overlay-type":"","overlay-color":"","overlay-opacity":"","overlay-gradient":""}},"footnotes":""},"class_list":["post-3530","page","type-page","status-publish","has-post-thumbnail","hentry"],"yoast_head":"<!-- This site is optimized with the Yoast SEO Premium plugin v24.2 (Yoast SEO v24.6) - https:\/\/yoast.com\/wordpress\/plugins\/seo\/ -->\n<title>La visi\u00f3n de Dios - Uni\u00f3n Esp\u00edrita<\/title>\n<meta name=\"robots\" content=\"index, follow, max-snippet:-1, max-image-preview:large, max-video-preview:-1\" \/>\n<link rel=\"canonical\" href=\"https:\/\/nuevo-renacer.com\/tr\/la-vision-de-dios\/\" \/>\n<meta property=\"og:locale\" content=\"tr_TR\" \/>\n<meta property=\"og:type\" content=\"article\" \/>\n<meta property=\"og:title\" content=\"La visi\u00f3n de Dios\" \/>\n<meta property=\"og:description\" content=\"La visi\u00f3n de Dios Del libro: La G\u00e9nesis \u2013 Allan Kardec Si Dios est\u00e1 en todas partes, \u00bfpor qu\u00e9 no lo vemos? \u00bfHa\u00adbremos de verlo despu\u00e9s de dejar la Tierra? Esas son las preguntas que nos plantean a diario. La primera se puede responder f\u00e1cilmente. Nuestros \u00f3rganos materiales tienen percepciones limitadas que no les permiten [&hellip;]\" \/>\n<meta property=\"og:url\" content=\"https:\/\/nuevo-renacer.com\/tr\/la-vision-de-dios\/\" \/>\n<meta property=\"og:site_name\" content=\"Uni\u00f3n Esp\u00edrita\" \/>\n<meta property=\"article:publisher\" content=\"https:\/\/www.facebook.com\/groups\/3431398063740829\" \/>\n<meta property=\"article:modified_time\" content=\"2025-05-23T09:24:11+00:00\" \/>\n<meta name=\"twitter:card\" content=\"summary_large_image\" \/>\n<meta name=\"twitter:label1\" content=\"Tahmini okuma s\u00fcresi\" \/>\n\t<meta name=\"twitter:data1\" content=\"6 dakika\" \/>\n<script type=\"application\/ld+json\" class=\"yoast-schema-graph\">{\"@context\":\"https:\/\/schema.org\",\"@graph\":[{\"@type\":\"WebPage\",\"@id\":\"https:\/\/nuevo-renacer.com\/la-vision-de-dios\/\",\"url\":\"https:\/\/nuevo-renacer.com\/la-vision-de-dios\/\",\"name\":\"La visi\u00f3n de Dios - Uni\u00f3n Esp\u00edrita\",\"isPartOf\":{\"@id\":\"https:\/\/nuevo-renacer.com\/#website\"},\"primaryImageOfPage\":{\"@id\":\"https:\/\/nuevo-renacer.com\/la-vision-de-dios\/#primaryimage\"},\"image\":{\"@id\":\"https:\/\/nuevo-renacer.com\/la-vision-de-dios\/#primaryimage\"},\"thumbnailUrl\":\"https:\/\/nuevo-renacer.com\/wp-content\/uploads\/2024\/07\/dios-luz-cielo-simbolizando-presencia-divina-verdad-iluminacion-espiritual-dios-amor-gracia_1082479-3047.avif\",\"datePublished\":\"2024-07-10T07:05:21+00:00\",\"dateModified\":\"2025-05-23T09:24:11+00:00\",\"breadcrumb\":{\"@id\":\"https:\/\/nuevo-renacer.com\/la-vision-de-dios\/#breadcrumb\"},\"inLanguage\":\"tr\",\"potentialAction\":[{\"@type\":\"ReadAction\",\"target\":[\"https:\/\/nuevo-renacer.com\/la-vision-de-dios\/\"]}]},{\"@type\":\"ImageObject\",\"inLanguage\":\"tr\",\"@id\":\"https:\/\/nuevo-renacer.com\/la-vision-de-dios\/#primaryimage\",\"url\":\"https:\/\/nuevo-renacer.com\/wp-content\/uploads\/2024\/07\/dios-luz-cielo-simbolizando-presencia-divina-verdad-iluminacion-espiritual-dios-amor-gracia_1082479-3047.avif\",\"contentUrl\":\"https:\/\/nuevo-renacer.com\/wp-content\/uploads\/2024\/07\/dios-luz-cielo-simbolizando-presencia-divina-verdad-iluminacion-espiritual-dios-amor-gracia_1082479-3047.avif\",\"width\":626,\"height\":470},{\"@type\":\"BreadcrumbList\",\"@id\":\"https:\/\/nuevo-renacer.com\/la-vision-de-dios\/#breadcrumb\",\"itemListElement\":[{\"@type\":\"ListItem\",\"position\":1,\"name\":\"Startseite\",\"item\":\"https:\/\/nuevo-renacer.com\/\"},{\"@type\":\"ListItem\",\"position\":2,\"name\":\"La visi\u00f3n de Dios\"}]},{\"@type\":\"WebSite\",\"@id\":\"https:\/\/nuevo-renacer.com\/#website\",\"url\":\"https:\/\/nuevo-renacer.com\/\",\"name\":\"Uni\u00f3n Esp\u00edrita\",\"description\":\"Nuevo Renacer\",\"publisher\":{\"@id\":\"https:\/\/nuevo-renacer.com\/#organization\"},\"potentialAction\":[{\"@type\":\"SearchAction\",\"target\":{\"@type\":\"EntryPoint\",\"urlTemplate\":\"https:\/\/nuevo-renacer.com\/?s={search_term_string}\"},\"query-input\":{\"@type\":\"PropertyValueSpecification\",\"valueRequired\":true,\"valueName\":\"search_term_string\"}}],\"inLanguage\":\"tr\"},{\"@type\":\"Organization\",\"@id\":\"https:\/\/nuevo-renacer.com\/#organization\",\"name\":\"UFEC\",\"url\":\"https:\/\/nuevo-renacer.com\/\",\"logo\":{\"@type\":\"ImageObject\",\"inLanguage\":\"tr\",\"@id\":\"https:\/\/nuevo-renacer.com\/#\/schema\/logo\/image\/\",\"url\":\"https:\/\/nuevo-renacer.com\/wp-content\/uploads\/2024\/05\/cropped-LOGO-TERMINADO1-3-3.png\",\"contentUrl\":\"https:\/\/nuevo-renacer.com\/wp-content\/uploads\/2024\/05\/cropped-LOGO-TERMINADO1-3-3.png\",\"width\":512,\"height\":512,\"caption\":\"UFEC\"},\"image\":{\"@id\":\"https:\/\/nuevo-renacer.com\/#\/schema\/logo\/image\/\"},\"sameAs\":[\"https:\/\/www.facebook.com\/groups\/3431398063740829\"]}]}<\/script>\n<!-- \/ Yoast SEO Premium plugin. -->","yoast_head_json":{"title":"La visi\u00f3n de Dios - Uni\u00f3n Esp\u00edrita","robots":{"index":"index","follow":"follow","max-snippet":"max-snippet:-1","max-image-preview":"max-image-preview:large","max-video-preview":"max-video-preview:-1"},"canonical":"https:\/\/nuevo-renacer.com\/tr\/la-vision-de-dios\/","og_locale":"tr_TR","og_type":"article","og_title":"La visi\u00f3n de Dios","og_description":"La visi\u00f3n de Dios Del libro: La G\u00e9nesis \u2013 Allan Kardec Si Dios est\u00e1 en todas partes, \u00bfpor qu\u00e9 no lo vemos? \u00bfHa\u00adbremos de verlo despu\u00e9s de dejar la Tierra? Esas son las preguntas que nos plantean a diario. La primera se puede responder f\u00e1cilmente. Nuestros \u00f3rganos materiales tienen percepciones limitadas que no les permiten [&hellip;]","og_url":"https:\/\/nuevo-renacer.com\/tr\/la-vision-de-dios\/","og_site_name":"Uni\u00f3n Esp\u00edrita","article_publisher":"https:\/\/www.facebook.com\/groups\/3431398063740829","article_modified_time":"2025-05-23T09:24:11+00:00","twitter_card":"summary_large_image","twitter_misc":{"Tahmini okuma s\u00fcresi":"6 dakika"},"schema":{"@context":"https:\/\/schema.org","@graph":[{"@type":"WebPage","@id":"https:\/\/nuevo-renacer.com\/la-vision-de-dios\/","url":"https:\/\/nuevo-renacer.com\/la-vision-de-dios\/","name":"La visi\u00f3n de Dios - Uni\u00f3n Esp\u00edrita","isPartOf":{"@id":"https:\/\/nuevo-renacer.com\/#website"},"primaryImageOfPage":{"@id":"https:\/\/nuevo-renacer.com\/la-vision-de-dios\/#primaryimage"},"image":{"@id":"https:\/\/nuevo-renacer.com\/la-vision-de-dios\/#primaryimage"},"thumbnailUrl":"https:\/\/nuevo-renacer.com\/wp-content\/uploads\/2024\/07\/dios-luz-cielo-simbolizando-presencia-divina-verdad-iluminacion-espiritual-dios-amor-gracia_1082479-3047.avif","datePublished":"2024-07-10T07:05:21+00:00","dateModified":"2025-05-23T09:24:11+00:00","breadcrumb":{"@id":"https:\/\/nuevo-renacer.com\/la-vision-de-dios\/#breadcrumb"},"inLanguage":"tr","potentialAction":[{"@type":"ReadAction","target":["https:\/\/nuevo-renacer.com\/la-vision-de-dios\/"]}]},{"@type":"ImageObject","inLanguage":"tr","@id":"https:\/\/nuevo-renacer.com\/la-vision-de-dios\/#primaryimage","url":"https:\/\/nuevo-renacer.com\/wp-content\/uploads\/2024\/07\/dios-luz-cielo-simbolizando-presencia-divina-verdad-iluminacion-espiritual-dios-amor-gracia_1082479-3047.avif","contentUrl":"https:\/\/nuevo-renacer.com\/wp-content\/uploads\/2024\/07\/dios-luz-cielo-simbolizando-presencia-divina-verdad-iluminacion-espiritual-dios-amor-gracia_1082479-3047.avif","width":626,"height":470},{"@type":"BreadcrumbList","@id":"https:\/\/nuevo-renacer.com\/la-vision-de-dios\/#breadcrumb","itemListElement":[{"@type":"ListItem","position":1,"name":"Startseite","item":"https:\/\/nuevo-renacer.com\/"},{"@type":"ListItem","position":2,"name":"La visi\u00f3n de Dios"}]},{"@type":"WebSite","@id":"https:\/\/nuevo-renacer.com\/#website","url":"https:\/\/nuevo-renacer.com\/","name":"Uni\u00f3n Esp\u00edrita","description":"Nuevo Renacer","publisher":{"@id":"https:\/\/nuevo-renacer.com\/#organization"},"potentialAction":[{"@type":"SearchAction","target":{"@type":"EntryPoint","urlTemplate":"https:\/\/nuevo-renacer.com\/?s={search_term_string}"},"query-input":{"@type":"PropertyValueSpecification","valueRequired":true,"valueName":"search_term_string"}}],"inLanguage":"tr"},{"@type":"Organization","@id":"https:\/\/nuevo-renacer.com\/#organization","name":"UFEC","url":"https:\/\/nuevo-renacer.com\/","logo":{"@type":"ImageObject","inLanguage":"tr","@id":"https:\/\/nuevo-renacer.com\/#\/schema\/logo\/image\/","url":"https:\/\/nuevo-renacer.com\/wp-content\/uploads\/2024\/05\/cropped-LOGO-TERMINADO1-3-3.png","contentUrl":"https:\/\/nuevo-renacer.com\/wp-content\/uploads\/2024\/05\/cropped-LOGO-TERMINADO1-3-3.png","width":512,"height":512,"caption":"UFEC"},"image":{"@id":"https:\/\/nuevo-renacer.com\/#\/schema\/logo\/image\/"},"sameAs":["https:\/\/www.facebook.com\/groups\/3431398063740829"]}]}},"uagb_featured_image_src":{"full":["https:\/\/nuevo-renacer.com\/wp-content\/uploads\/2024\/07\/dios-luz-cielo-simbolizando-presencia-divina-verdad-iluminacion-espiritual-dios-amor-gracia_1082479-3047.avif",626,470,false],"thumbnail":["https:\/\/nuevo-renacer.com\/wp-content\/uploads\/2024\/07\/dios-luz-cielo-simbolizando-presencia-divina-verdad-iluminacion-espiritual-dios-amor-gracia_1082479-3047.avif",150,113,false],"medium":["https:\/\/nuevo-renacer.com\/wp-content\/uploads\/2024\/07\/dios-luz-cielo-simbolizando-presencia-divina-verdad-iluminacion-espiritual-dios-amor-gracia_1082479-3047.avif",300,225,false],"medium_large":["https:\/\/nuevo-renacer.com\/wp-content\/uploads\/2024\/07\/dios-luz-cielo-simbolizando-presencia-divina-verdad-iluminacion-espiritual-dios-amor-gracia_1082479-3047.avif",626,470,false],"large":["https:\/\/nuevo-renacer.com\/wp-content\/uploads\/2024\/07\/dios-luz-cielo-simbolizando-presencia-divina-verdad-iluminacion-espiritual-dios-amor-gracia_1082479-3047.avif",626,470,false],"1536x1536":["https:\/\/nuevo-renacer.com\/wp-content\/uploads\/2024\/07\/dios-luz-cielo-simbolizando-presencia-divina-verdad-iluminacion-espiritual-dios-amor-gracia_1082479-3047.avif",626,470,false],"2048x2048":["https:\/\/nuevo-renacer.com\/wp-content\/uploads\/2024\/07\/dios-luz-cielo-simbolizando-presencia-divina-verdad-iluminacion-espiritual-dios-amor-gracia_1082479-3047.avif",626,470,false],"trp-custom-language-flag":["https:\/\/nuevo-renacer.com\/wp-content\/uploads\/2024\/07\/dios-luz-cielo-simbolizando-presencia-divina-verdad-iluminacion-espiritual-dios-amor-gracia_1082479-3047.avif",16,12,false]},"uagb_author_info":{"display_name":"adbv0","author_link":"https:\/\/nuevo-renacer.com\/tr\/author\/adbv0\/"},"uagb_comment_info":0,"uagb_excerpt":"La visi\u00f3n de Dios Del libro: La G\u00e9nesis \u2013 Allan Kardec Si Dios est\u00e1 en todas partes, \u00bfpor qu\u00e9 no lo vemos? \u00bfHa\u00adbremos de verlo despu\u00e9s de dejar la Tierra? Esas son las preguntas que nos plantean a diario. La primera se puede responder f\u00e1cilmente. Nuestros \u00f3rganos materiales tienen percepciones limitadas que no les permiten&hellip;","jetpack_sharing_enabled":true,"_links":{"self":[{"href":"https:\/\/nuevo-renacer.com\/tr\/wp-json\/wp\/v2\/pages\/3530","targetHints":{"allow":["GET"]}}],"collection":[{"href":"https:\/\/nuevo-renacer.com\/tr\/wp-json\/wp\/v2\/pages"}],"about":[{"href":"https:\/\/nuevo-renacer.com\/tr\/wp-json\/wp\/v2\/types\/page"}],"author":[{"embeddable":true,"href":"https:\/\/nuevo-renacer.com\/tr\/wp-json\/wp\/v2\/users\/1"}],"replies":[{"embeddable":true,"href":"https:\/\/nuevo-renacer.com\/tr\/wp-json\/wp\/v2\/comments?post=3530"}],"version-history":[{"count":7,"href":"https:\/\/nuevo-renacer.com\/tr\/wp-json\/wp\/v2\/pages\/3530\/revisions"}],"predecessor-version":[{"id":8169,"href":"https:\/\/nuevo-renacer.com\/tr\/wp-json\/wp\/v2\/pages\/3530\/revisions\/8169"}],"wp:featuredmedia":[{"embeddable":true,"href":"https:\/\/nuevo-renacer.com\/tr\/wp-json\/wp\/v2\/media\/3531"}],"wp:attachment":[{"href":"https:\/\/nuevo-renacer.com\/tr\/wp-json\/wp\/v2\/media?parent=3530"}],"curies":[{"name":"wp","href":"https:\/\/api.w.org\/{rel}","templated":true}]}}