{"id":3447,"date":"2024-07-09T08:39:35","date_gmt":"2024-07-09T08:39:35","guid":{"rendered":"https:\/\/ufec-mundial.com\/?page_id=3447"},"modified":"2025-01-04T13:12:56","modified_gmt":"2025-01-04T13:12:56","slug":"olimpia-belem","status":"publish","type":"page","link":"https:\/\/nuevo-renacer.com\/tr\/olimpia-belem\/","title":{"rendered":"Ol\u00edmpia Bel\u00e9m"},"content":{"rendered":"<div class=\"wp-block-uagb-container uagb-block-48a679ac alignfull uagb-is-root-container\"><div class=\"uagb-container-inner-blocks-wrap\">\n<p class=\"has-black-color has-text-color has-link-color has-medium-font-size wp-elements-0c79bbf8610de7d779b409c560bb5752\"><strong>Ol\u00edmpia Bel\u00e9m<\/strong><\/p>\n<\/div><\/div>\n\n\n\n<div class=\"wp-block-uagb-container uagb-block-2e164735 alignfull uagb-is-root-container\"><div class=\"uagb-container-inner-blocks-wrap\">\n<figure class=\"wp-block-image size-full is-resized\"><img fetchpriority=\"high\" decoding=\"async\" width=\"278\" height=\"252\" src=\"https:\/\/ufec-mundial.com\/wp-content\/uploads\/2024\/07\/Olimpia-Gomes-de-Souza-Belem.jpg\" alt=\"\" class=\"wp-image-3448\" style=\"width:301px;height:auto\" srcset=\"https:\/\/nuevo-renacer.com\/wp-content\/uploads\/2024\/07\/Olimpia-Gomes-de-Souza-Belem.jpg 278w, https:\/\/nuevo-renacer.com\/wp-content\/uploads\/2024\/07\/Olimpia-Gomes-de-Souza-Belem-13x12.jpg 13w\" sizes=\"(max-width: 278px) 100vw, 278px\" \/><\/figure>\n<\/div><\/div>\n\n\n\n<div class=\"wp-block-uagb-container uagb-block-c3e4cd5d alignfull uagb-is-root-container\"><div class=\"uagb-container-inner-blocks-wrap\">\n<p class=\"has-black-color has-text-color has-link-color has-small-font-size wp-elements-45cf42a1b0ebf47c43f507eab089b8af\">20 Temmuz 1880&#039;de Minas Gerais eyaleti Muria\u00e9&#039;den S\u00e3o Paulo \u015fehrinde do\u011fdu ve 26 A\u011fustos 1969&#039;da Rio de Janeiro&#039;da \u00f6ld\u00fc. Herculano Gomes de Souza ve D. Ol\u00edmpia J\u00fadice Gomes de Souza&#039;n\u0131n k\u0131z\u0131yd\u0131. 12 Ya\u015f\u0131nda ilkokulu bitirdi ve Minas Gerais eyaletindeki Juiz de Fora \u015fehrinde \u00fcnl\u00fc Amerikan Kolej Metodistine kat\u0131ld\u0131. S\u0131n\u0131f arkada\u015flar\u0131 ve \u00f6\u011fretmenleri taraf\u0131ndan \u00e7ok sevilen, \u00e7al\u0131\u015fmalar\u0131na son derece adanm\u0131\u015f ve ebeveynlerinin dini olan Lutheran Kilisesi&#039;nin kurallar\u0131na uyan bir \u00f6\u011frenci kopyas\u0131yd\u0131.<\/p>\n\n\n\n<p class=\"has-black-color has-text-color has-link-color has-small-font-size wp-elements-a669b775955687e36d022a270666ef77\">1896&#039;da \u00e7al\u0131\u015fmalar\u0131n\u0131 tamamlad\u0131. 7 May\u0131s 1897&#039;de, g\u00fcn\u00fcn bir\u00e7ok gazetesinin kroniklerinde ad\u0131 ge\u00e7en, cesur ve bir\u00e7ok giri\u015fime \u00f6nc\u00fcl\u00fck eden sanat\u00e7\u0131 gen\u00e7 Olindo Bel\u00e9m ile evlendi... Kocas\u0131 da ayn\u0131 dine mensuptu ve ben \u00dcniversite Mezunu olarak okurken \u00fcnl\u00fc protestan papazlarla birlikte vaaz verdi. Evliliklerinden 12&#039;si b\u00fcy\u00fcy\u00fcp aile kuran 15 \u00e7ocuk do\u011fdu, hepsi daha sonra maneviyat\u00e7\u0131yd\u0131.<\/p>\n\n\n\n<p class=\"has-black-color has-text-color has-link-color has-small-font-size wp-elements-7ede7eeba7629d3d4b5c00f2cafb6fe5\">Evlili\u011fi ona hem sevin\u00e7ler hem de de\u011fi\u015fimler getirdi. Belo Horizonte, Sabar\u00e1, Cristais ve Campo Belo gibi bir\u00e7ok \u015fehirde ya\u015fad\u0131. Kocas\u0131na e\u015flik etme sorumlulu\u011fu ile bir\u00e7ok kez ba\u015fka b\u00f6lgelere g\u00f6\u00e7 etmek zorunda kald\u0131. 1921&#039;de, kocas\u0131n\u0131n ta\u015fra ve k\u0131rsal b\u00f6lgelerindeki ya\u015fam tarz\u0131na ko\u015fullar\u0131n kar\u015f\u0131 \u00e7\u0131kt\u0131\u011f\u0131 Rio de Janeiro \u015fehrine kal\u0131c\u0131 olarak yerle\u015fti. Minas Gerais eyaletinin entelekt\u00fcelleri ve siyasi olaylar\u0131 aras\u0131nda ge\u00e7en ge\u00e7mi\u015fin ve g\u00f6rkemli g\u00fcnlerin an\u0131lar\u0131n\u0131 ya\u015fayarak eski Federal Ba\u015fkent kuruldu.<\/p>\n\n\n\n<p class=\"has-black-color has-text-color has-link-color has-small-font-size wp-elements-d78a85609e65653ea9a061d242e27f88\">Bunun tersi, hem evde hem de toplumda cesaret ve dinamik bir kad\u0131n haline gelen Ol\u00edmpia Bel\u00e9m ile oldu. Spiritist Doktrini Kodlayan Kardec&#039;in kitaplar\u0131 arac\u0131l\u0131\u011f\u0131yla zaten tan\u0131yan k\u0131z\u0131 Oraiza&#039;n\u0131n Desencarnaci\u00f3n&#039;uyla, medyumlu\u011funuz geli\u015fti ve sevgili k\u0131zlar\u0131n\u0131n manevi ileti\u015fimlerini almaya ba\u015flad\u0131. \u00dcnl\u00fc orta k\u00f6r Porf\u00edrio Bezerra&#039;n\u0131n yapt\u0131\u011f\u0131 Catete mahallesindeki Spiritist Crist\u00f3filo&#039;nun merkezine gitti. doktriner ola\u011fand\u0131\u015f\u0131 i\u015fler ve ayr\u0131ca ruhlar hay\u0131rseverler taraf\u0131ndan y\u00f6nlendirilen re\u00e7eteler verdi.<\/p>\n\n\n\n<p class=\"has-black-color has-text-color has-link-color has-small-font-size wp-elements-af14a4d1df6a3dbf7621b9fcd9e49453\">\u0130kna olmu\u015f bir hayran\u0131 oldu\u011fu maneviyat i\u00e7in ger\u00e7ek bir tutku hissetti. Ola\u011fan\u00fcst\u00fc bir medyumlu\u011fa sahipti ve kendini hasta ve muhta\u00e7lara yard\u0131m etme g\u00f6revine adad\u0131. Eviniz k\u0131sa s\u00fcrede oraya ila\u00e7, rahatl\u0131k s\u00f6zleri, kullan\u0131lm\u0131\u015f giysiler ve bar\u0131nak aramak i\u00e7in gelen mahallenin yoksullar\u0131 i\u00e7in ger\u00e7ek bir s\u0131\u011f\u0131nak haline geldi; hepsi yard\u0131m ve yard\u0131m aramaya ba\u015flad\u0131. Bebe\u011fim, sevgiyle dedikleri gibi. Sosyal yard\u0131m \u00e7al\u0131\u015fmalar\u0131 onu \u015f\u00f6hrete ta\u015f\u0131d\u0131 ve onu yoksul \u00e7ocuklar\u0131n ve yoksullu\u011fun b\u00fcy\u00fck bir hay\u0131rseveri, isa Mesih&#039;in hizmetine ger\u00e7ek bir misyoner yapt\u0131.<\/p>\n\n\n\n<p class=\"has-black-color has-text-color has-link-color has-small-font-size wp-elements-5334d96a989e208e059f391605741142\">Bununla birlikte, \u00e7al\u0131\u015fmalar\u0131 b\u00fcy\u00fck \u00f6l\u00e7\u00fcde geni\u015fletildi, bu nedenle eski Federal B\u00f6lge&#039;nin bir\u00e7ok Merkezinde konu\u015fmalar ve konferanslar verilmesi istendi. Bas\u0131n\u0131n bir\u00e7ok organ\u0131 i\u00e7in yazmaya devam etti ruh\u00e7u Brezilyal\u0131. Makalelerinin \u00e7o\u011fu geleneksel \u201cAurora\u201d, \u201cD\u00fcnya Ruh\u00e7usu\u201d, \u201cBir Centelha\u201d ve di\u011ferlerinin organlar\u0131nda yay\u0131nland\u0131. Bir \u015fair olarak, \u00e7ok say\u0131da \u015fiir ve sone \u00fcretti ve bas\u0131nda yay\u0131nland\u0131 ruh\u00e7u. Ayr\u0131ca iki roman da dahil olmak \u00fczere d\u00f6rt kitap yay\u0131nlad\u0131 medyumlar: &#034;Jerusha&#034; ve &#034;Dol\u00f3ria&#034; n\u0131n yan\u0131 s\u0131ra biri \u015fiir ve di\u011fer manevi mesajlardan olu\u015fan iki kitap yay\u0131nland\u0131.<\/p>\n\n\n\n<p class=\"has-black-color has-text-color has-link-color has-small-font-size wp-elements-3510af8703bbc4973452567901279ee8\">Tijuca mahallesine ta\u015f\u0131nd\u0131\u011f\u0131nda, Jo\u00e3o Torres, Arthur Machado, Daniel Crist\u00f3v\u00e3o, Depaula Machado, Ruth Santana (Lazara Evi M\u00fcd\u00fcr\u00fc), Aurino Barbosa Souto, Z\u00fcmr\u00fct Bittencourt ve di\u011ferleri gibi bir\u00e7ok maneviyat\u00e7\u0131y\u0131 \u00f6ne \u00e7\u0131karan \u0130sa&#039;n\u0131n Merkez Spiritist \u00d6\u011frencilerini kurdu. Nelson Batista de Azevedo taraf\u0131ndan y\u00f6netildi\u011finde b\u00fcy\u00fck \u00f6nem kazanan bir \u015firket olan \u0130sa&#039;n\u0131n \u00d6\u011frencileri Birli\u011fi gibi ba\u015fka kurumlar da oradan geldi. 18 Ocak 1937&#039;de bir hay\u0131r kurumu kurdu yetim k\u0131zlar ve Terkedilmi\u015fol\u00edmpia Bel\u00e9m&#039;in kurulu\u015fundan bu yana 1.000&#039;den fazla gen\u00e7ten ge\u00e7erek t\u00fcm hayat\u0131n\u0131 adad\u0131\u011f\u0131.<\/p>\n\n\n\n<p class=\"has-black-color has-text-color has-link-color has-small-font-size wp-elements-79de434211a718bb05919b244fbaeba1\">Desencarnaci\u00f3n beklentisiyle Ol\u00edmpia Gomes de Souza Bel\u00e9m, daha sonra k\u0131z\u0131 Omariza Bel\u00e9m&#039;in bulundu\u011fu bir ka\u011f\u0131t par\u00e7as\u0131 olan bir M\u00fcjdenin i\u00e7ine \u015fu s\u00f6zleri yazd\u0131 ve saklad\u0131 ve \u015fimdi onun yerine Evin m\u00fcd\u00fcr\u00fc oldu:<\/p>\n\n\n\n<p class=\"has-black-color has-text-color has-link-color has-small-font-size wp-elements-8dd64637ff62dce55ca43fb7b6b46ccc\"><em>&#034;\u00d6ld\u00fc\u011f\u00fcmde, v\u00fccudum her zamanki saatlerde m\u00fctevaz\u0131 bir tabutta, i\u015fimin ortas\u0131ndaki masada kalacak, hepsinden feragat etti\u011fim, bana dua etmeyi kabul edenlerin ziyaretlerine maruz kalaca\u011f\u0131m. Ruhum kesinlikle uzak olacak, Tanr\u0131 bilir. Ailem ve evlatl\u0131k k\u0131zlar\u0131m beni y\u00fcceltmemeli, yarat\u0131\u011f\u0131n yarat\u0131c\u0131s\u0131 oldu\u011fum ve hayat\u0131m\u0131 sevgi ve ba\u011fl\u0131l\u0131kla b\u0131rakt\u0131\u011f\u0131m karde\u015fli\u011fin b\u00fcy\u00fck ve muazzam i\u015fini daha al\u00e7akg\u00f6n\u00fcll\u00fc bir \u015fekilde yerine getirmesine izin veren \u0130lahi Sevgi ve Hay\u0131rseverlik \u00c7al\u0131\u015fmas\u0131 i\u00e7in \u0130sa&#039;y\u0131 y\u00fcceltmeliydi.\u201d<\/em><\/p>\n\n\n\n<p class=\"has-black-color has-text-color has-link-color has-small-font-size wp-elements-c75d5b58dc4da56b32a2fc0dea1fecc5\">\u00d6l\u00fcm\u00fcnden birka\u00e7 g\u00fcn \u00f6nce en son \u00e7izgi roman\u0131n\u0131 yazd\u0131.<\/p>\n<\/div><\/div>","protected":false},"excerpt":{"rendered":"<p>Ol\u00edmpia Bel\u00e9m Naci\u00f3 en la ciudad de S\u00e3o Paulo de Muria\u00e9, en el estado de Minas Gerais, el 20 de julio de 1880, y muri\u00f3 en R\u00edo de Janeiro el 26 de agosto de 1969. Era hija de Herculano Gomes de Souza y de D. Ol\u00edmpia J\u00fadice Gomes de Souza. A los 12 a\u00f1os, termin\u00f3 [&hellip;]<\/p>","protected":false},"author":1,"featured_media":0,"parent":0,"menu_order":0,"comment_status":"closed","ping_status":"closed","template":"","meta":{"_uag_custom_page_level_css":"","site-sidebar-layout":"default","site-content-layout":"","ast-site-content-layout":"default","site-content-style":"default","site-sidebar-style":"default","ast-global-header-display":"","ast-banner-title-visibility":"","ast-main-header-display":"","ast-hfb-above-header-display":"","ast-hfb-below-header-display":"","ast-hfb-mobile-header-display":"","site-post-title":"disabled","ast-breadcrumbs-content":"","ast-featured-img":"","footer-sml-layout":"","theme-transparent-header-meta":"","adv-header-id-meta":"","stick-header-meta":"","header-above-stick-meta":"","header-main-stick-meta":"","header-below-stick-meta":"","astra-migrate-meta-layouts":"set","ast-page-background-enabled":"default","ast-page-background-meta":{"desktop":{"background-color":"var(--ast-global-color-4)","background-image":"","background-repeat":"repeat","background-position":"center center","background-size":"auto","background-attachment":"scroll","background-type":"","background-media":"","overlay-type":"","overlay-color":"","overlay-opacity":"","overlay-gradient":""},"tablet":{"background-color":"","background-image":"","background-repeat":"repeat","background-position":"center center","background-size":"auto","background-attachment":"scroll","background-type":"","background-media":"","overlay-type":"","overlay-color":"","overlay-opacity":"","overlay-gradient":""},"mobile":{"background-color":"","background-image":"","background-repeat":"repeat","background-position":"center center","background-size":"auto","background-attachment":"scroll","background-type":"","background-media":"","overlay-type":"","overlay-color":"","overlay-opacity":"","overlay-gradient":""}},"ast-content-background-meta":{"desktop":{"background-color":"var(--ast-global-color-5)","background-image":"","background-repeat":"repeat","background-position":"center center","background-size":"auto","background-attachment":"scroll","background-type":"","background-media":"","overlay-type":"","overlay-color":"","overlay-opacity":"","overlay-gradient":""},"tablet":{"background-color":"var(--ast-global-color-5)","background-image":"","background-repeat":"repeat","background-position":"center center","background-size":"auto","background-attachment":"scroll","background-type":"","background-media":"","overlay-type":"","overlay-color":"","overlay-opacity":"","overlay-gradient":""},"mobile":{"background-color":"var(--ast-global-color-5)","background-image":"","background-repeat":"repeat","background-position":"center center","background-size":"auto","background-attachment":"scroll","background-type":"","background-media":"","overlay-type":"","overlay-color":"","overlay-opacity":"","overlay-gradient":""}},"footnotes":""},"class_list":["post-3447","page","type-page","status-publish","hentry"],"yoast_head":"<!-- This site is optimized with the Yoast SEO Premium plugin v24.2 (Yoast SEO v24.6) - https:\/\/yoast.com\/wordpress\/plugins\/seo\/ -->\n<title>Ol\u00edmpia Bel\u00e9m - Uni\u00f3n Esp\u00edrita<\/title>\n<meta name=\"robots\" content=\"index, follow, max-snippet:-1, max-image-preview:large, max-video-preview:-1\" \/>\n<link rel=\"canonical\" href=\"https:\/\/nuevo-renacer.com\/tr\/olimpia-belem\/\" \/>\n<meta property=\"og:locale\" content=\"tr_TR\" \/>\n<meta property=\"og:type\" content=\"article\" \/>\n<meta property=\"og:title\" content=\"Ol\u00edmpia Bel\u00e9m\" \/>\n<meta property=\"og:description\" content=\"Ol\u00edmpia Bel\u00e9m Naci\u00f3 en la ciudad de S\u00e3o Paulo de Muria\u00e9, en el estado de Minas Gerais, el 20 de julio de 1880, y muri\u00f3 en R\u00edo de Janeiro el 26 de agosto de 1969. Era hija de Herculano Gomes de Souza y de D. Ol\u00edmpia J\u00fadice Gomes de Souza. A los 12 a\u00f1os, termin\u00f3 [&hellip;]\" \/>\n<meta property=\"og:url\" content=\"https:\/\/nuevo-renacer.com\/tr\/olimpia-belem\/\" \/>\n<meta property=\"og:site_name\" content=\"Uni\u00f3n Esp\u00edrita\" \/>\n<meta property=\"article:publisher\" content=\"https:\/\/www.facebook.com\/groups\/3431398063740829\" \/>\n<meta property=\"article:modified_time\" content=\"2025-01-04T13:12:56+00:00\" \/>\n<meta property=\"og:image\" content=\"https:\/\/ufec-mundial.com\/wp-content\/uploads\/2024\/07\/Olimpia-Gomes-de-Souza-Belem.jpg\" \/>\n<meta name=\"twitter:card\" content=\"summary_large_image\" \/>\n<meta name=\"twitter:label1\" content=\"Tahmini okuma s\u00fcresi\" \/>\n\t<meta name=\"twitter:data1\" content=\"5 dakika\" \/>\n<script type=\"application\/ld+json\" class=\"yoast-schema-graph\">{\"@context\":\"https:\/\/schema.org\",\"@graph\":[{\"@type\":\"WebPage\",\"@id\":\"https:\/\/nuevo-renacer.com\/olimpia-belem\/\",\"url\":\"https:\/\/nuevo-renacer.com\/olimpia-belem\/\",\"name\":\"Ol\u00edmpia Bel\u00e9m - Uni\u00f3n Esp\u00edrita\",\"isPartOf\":{\"@id\":\"https:\/\/nuevo-renacer.com\/#website\"},\"primaryImageOfPage\":{\"@id\":\"https:\/\/nuevo-renacer.com\/olimpia-belem\/#primaryimage\"},\"image\":{\"@id\":\"https:\/\/nuevo-renacer.com\/olimpia-belem\/#primaryimage\"},\"thumbnailUrl\":\"https:\/\/ufec-mundial.com\/wp-content\/uploads\/2024\/07\/Olimpia-Gomes-de-Souza-Belem.jpg\",\"datePublished\":\"2024-07-09T08:39:35+00:00\",\"dateModified\":\"2025-01-04T13:12:56+00:00\",\"breadcrumb\":{\"@id\":\"https:\/\/nuevo-renacer.com\/olimpia-belem\/#breadcrumb\"},\"inLanguage\":\"tr\",\"potentialAction\":[{\"@type\":\"ReadAction\",\"target\":[\"https:\/\/nuevo-renacer.com\/olimpia-belem\/\"]}]},{\"@type\":\"ImageObject\",\"inLanguage\":\"tr\",\"@id\":\"https:\/\/nuevo-renacer.com\/olimpia-belem\/#primaryimage\",\"url\":\"https:\/\/ufec-mundial.com\/wp-content\/uploads\/2024\/07\/Olimpia-Gomes-de-Souza-Belem.jpg\",\"contentUrl\":\"https:\/\/ufec-mundial.com\/wp-content\/uploads\/2024\/07\/Olimpia-Gomes-de-Souza-Belem.jpg\"},{\"@type\":\"BreadcrumbList\",\"@id\":\"https:\/\/nuevo-renacer.com\/olimpia-belem\/#breadcrumb\",\"itemListElement\":[{\"@type\":\"ListItem\",\"position\":1,\"name\":\"Startseite\",\"item\":\"https:\/\/nuevo-renacer.com\/\"},{\"@type\":\"ListItem\",\"position\":2,\"name\":\"Ol\u00edmpia Bel\u00e9m\"}]},{\"@type\":\"WebSite\",\"@id\":\"https:\/\/nuevo-renacer.com\/#website\",\"url\":\"https:\/\/nuevo-renacer.com\/\",\"name\":\"Uni\u00f3n Esp\u00edrita\",\"description\":\"Nuevo Renacer\",\"publisher\":{\"@id\":\"https:\/\/nuevo-renacer.com\/#organization\"},\"potentialAction\":[{\"@type\":\"SearchAction\",\"target\":{\"@type\":\"EntryPoint\",\"urlTemplate\":\"https:\/\/nuevo-renacer.com\/?s={search_term_string}\"},\"query-input\":{\"@type\":\"PropertyValueSpecification\",\"valueRequired\":true,\"valueName\":\"search_term_string\"}}],\"inLanguage\":\"tr\"},{\"@type\":\"Organization\",\"@id\":\"https:\/\/nuevo-renacer.com\/#organization\",\"name\":\"UFEC\",\"url\":\"https:\/\/nuevo-renacer.com\/\",\"logo\":{\"@type\":\"ImageObject\",\"inLanguage\":\"tr\",\"@id\":\"https:\/\/nuevo-renacer.com\/#\/schema\/logo\/image\/\",\"url\":\"https:\/\/nuevo-renacer.com\/wp-content\/uploads\/2024\/05\/cropped-LOGO-TERMINADO1-3-3.png\",\"contentUrl\":\"https:\/\/nuevo-renacer.com\/wp-content\/uploads\/2024\/05\/cropped-LOGO-TERMINADO1-3-3.png\",\"width\":512,\"height\":512,\"caption\":\"UFEC\"},\"image\":{\"@id\":\"https:\/\/nuevo-renacer.com\/#\/schema\/logo\/image\/\"},\"sameAs\":[\"https:\/\/www.facebook.com\/groups\/3431398063740829\"]}]}<\/script>\n<!-- \/ Yoast SEO Premium plugin. -->","yoast_head_json":{"title":"Ol\u00edmpia Bel\u00e9m - Uni\u00f3n Esp\u00edrita","robots":{"index":"index","follow":"follow","max-snippet":"max-snippet:-1","max-image-preview":"max-image-preview:large","max-video-preview":"max-video-preview:-1"},"canonical":"https:\/\/nuevo-renacer.com\/tr\/olimpia-belem\/","og_locale":"tr_TR","og_type":"article","og_title":"Ol\u00edmpia Bel\u00e9m","og_description":"Ol\u00edmpia Bel\u00e9m Naci\u00f3 en la ciudad de S\u00e3o Paulo de Muria\u00e9, en el estado de Minas Gerais, el 20 de julio de 1880, y muri\u00f3 en R\u00edo de Janeiro el 26 de agosto de 1969. Era hija de Herculano Gomes de Souza y de D. Ol\u00edmpia J\u00fadice Gomes de Souza. A los 12 a\u00f1os, termin\u00f3 [&hellip;]","og_url":"https:\/\/nuevo-renacer.com\/tr\/olimpia-belem\/","og_site_name":"Uni\u00f3n Esp\u00edrita","article_publisher":"https:\/\/www.facebook.com\/groups\/3431398063740829","article_modified_time":"2025-01-04T13:12:56+00:00","og_image":[{"url":"https:\/\/ufec-mundial.com\/wp-content\/uploads\/2024\/07\/Olimpia-Gomes-de-Souza-Belem.jpg","type":"","width":"","height":""}],"twitter_card":"summary_large_image","twitter_misc":{"Tahmini okuma s\u00fcresi":"5 dakika"},"schema":{"@context":"https:\/\/schema.org","@graph":[{"@type":"WebPage","@id":"https:\/\/nuevo-renacer.com\/olimpia-belem\/","url":"https:\/\/nuevo-renacer.com\/olimpia-belem\/","name":"Ol\u00edmpia Bel\u00e9m - Uni\u00f3n Esp\u00edrita","isPartOf":{"@id":"https:\/\/nuevo-renacer.com\/#website"},"primaryImageOfPage":{"@id":"https:\/\/nuevo-renacer.com\/olimpia-belem\/#primaryimage"},"image":{"@id":"https:\/\/nuevo-renacer.com\/olimpia-belem\/#primaryimage"},"thumbnailUrl":"https:\/\/ufec-mundial.com\/wp-content\/uploads\/2024\/07\/Olimpia-Gomes-de-Souza-Belem.jpg","datePublished":"2024-07-09T08:39:35+00:00","dateModified":"2025-01-04T13:12:56+00:00","breadcrumb":{"@id":"https:\/\/nuevo-renacer.com\/olimpia-belem\/#breadcrumb"},"inLanguage":"tr","potentialAction":[{"@type":"ReadAction","target":["https:\/\/nuevo-renacer.com\/olimpia-belem\/"]}]},{"@type":"ImageObject","inLanguage":"tr","@id":"https:\/\/nuevo-renacer.com\/olimpia-belem\/#primaryimage","url":"https:\/\/ufec-mundial.com\/wp-content\/uploads\/2024\/07\/Olimpia-Gomes-de-Souza-Belem.jpg","contentUrl":"https:\/\/ufec-mundial.com\/wp-content\/uploads\/2024\/07\/Olimpia-Gomes-de-Souza-Belem.jpg"},{"@type":"BreadcrumbList","@id":"https:\/\/nuevo-renacer.com\/olimpia-belem\/#breadcrumb","itemListElement":[{"@type":"ListItem","position":1,"name":"Startseite","item":"https:\/\/nuevo-renacer.com\/"},{"@type":"ListItem","position":2,"name":"Ol\u00edmpia Bel\u00e9m"}]},{"@type":"WebSite","@id":"https:\/\/nuevo-renacer.com\/#website","url":"https:\/\/nuevo-renacer.com\/","name":"Uni\u00f3n Esp\u00edrita","description":"Nuevo Renacer","publisher":{"@id":"https:\/\/nuevo-renacer.com\/#organization"},"potentialAction":[{"@type":"SearchAction","target":{"@type":"EntryPoint","urlTemplate":"https:\/\/nuevo-renacer.com\/?s={search_term_string}"},"query-input":{"@type":"PropertyValueSpecification","valueRequired":true,"valueName":"search_term_string"}}],"inLanguage":"tr"},{"@type":"Organization","@id":"https:\/\/nuevo-renacer.com\/#organization","name":"UFEC","url":"https:\/\/nuevo-renacer.com\/","logo":{"@type":"ImageObject","inLanguage":"tr","@id":"https:\/\/nuevo-renacer.com\/#\/schema\/logo\/image\/","url":"https:\/\/nuevo-renacer.com\/wp-content\/uploads\/2024\/05\/cropped-LOGO-TERMINADO1-3-3.png","contentUrl":"https:\/\/nuevo-renacer.com\/wp-content\/uploads\/2024\/05\/cropped-LOGO-TERMINADO1-3-3.png","width":512,"height":512,"caption":"UFEC"},"image":{"@id":"https:\/\/nuevo-renacer.com\/#\/schema\/logo\/image\/"},"sameAs":["https:\/\/www.facebook.com\/groups\/3431398063740829"]}]}},"uagb_featured_image_src":{"full":false,"thumbnail":false,"medium":false,"medium_large":false,"large":false,"1536x1536":false,"2048x2048":false,"trp-custom-language-flag":false},"uagb_author_info":{"display_name":"adbv0","author_link":"https:\/\/nuevo-renacer.com\/tr\/author\/adbv0\/"},"uagb_comment_info":0,"uagb_excerpt":"Ol\u00edmpia Bel\u00e9m Naci\u00f3 en la ciudad de S\u00e3o Paulo de Muria\u00e9, en el estado de Minas Gerais, el 20 de julio de 1880, y muri\u00f3 en R\u00edo de Janeiro el 26 de agosto de 1969. Era hija de Herculano Gomes de Souza y de D. Ol\u00edmpia J\u00fadice Gomes de Souza. A los 12 a\u00f1os, termin\u00f3&hellip;","jetpack_sharing_enabled":true,"_links":{"self":[{"href":"https:\/\/nuevo-renacer.com\/tr\/wp-json\/wp\/v2\/pages\/3447","targetHints":{"allow":["GET"]}}],"collection":[{"href":"https:\/\/nuevo-renacer.com\/tr\/wp-json\/wp\/v2\/pages"}],"about":[{"href":"https:\/\/nuevo-renacer.com\/tr\/wp-json\/wp\/v2\/types\/page"}],"author":[{"embeddable":true,"href":"https:\/\/nuevo-renacer.com\/tr\/wp-json\/wp\/v2\/users\/1"}],"replies":[{"embeddable":true,"href":"https:\/\/nuevo-renacer.com\/tr\/wp-json\/wp\/v2\/comments?post=3447"}],"version-history":[{"count":2,"href":"https:\/\/nuevo-renacer.com\/tr\/wp-json\/wp\/v2\/pages\/3447\/revisions"}],"predecessor-version":[{"id":6667,"href":"https:\/\/nuevo-renacer.com\/tr\/wp-json\/wp\/v2\/pages\/3447\/revisions\/6667"}],"wp:attachment":[{"href":"https:\/\/nuevo-renacer.com\/tr\/wp-json\/wp\/v2\/media?parent=3447"}],"curies":[{"name":"wp","href":"https:\/\/api.w.org\/{rel}","templated":true}]}}