{"id":3434,"date":"2024-07-09T07:34:14","date_gmt":"2024-07-09T07:34:14","guid":{"rendered":"https:\/\/ufec-mundial.com\/?page_id=3434"},"modified":"2025-06-18T10:35:00","modified_gmt":"2025-06-18T10:35:00","slug":"william-crookes","status":"publish","type":"page","link":"https:\/\/nuevo-renacer.com\/tr\/william-crookes\/","title":{"rendered":"William Crookes"},"content":{"rendered":"<div class=\"wp-block-uagb-container uagb-block-8395d5fc alignfull uagb-is-root-container\"><div class=\"uagb-container-inner-blocks-wrap\">\n<p class=\"has-black-color has-text-color has-link-color has-medium-font-size wp-elements-ca9f45c1b1f642b1a3791dd358c841ad\"><strong>William Crookes<\/strong><\/p>\n<\/div><\/div>\n\n\n\n<div class=\"wp-block-uagb-container uagb-block-e23e0309 alignfull uagb-is-root-container\"><div class=\"uagb-container-inner-blocks-wrap\">\n<figure class=\"wp-block-image size-large is-resized\"><img fetchpriority=\"high\" decoding=\"async\" width=\"694\" height=\"1024\" src=\"https:\/\/nuevo-renacer.com\/wp-content\/uploads\/2024\/07\/Sir_William_Crookes-694x1024.jpg\" alt=\"\" class=\"wp-image-3435\" style=\"width:251px;height:auto\" srcset=\"https:\/\/nuevo-renacer.com\/wp-content\/uploads\/2024\/07\/Sir_William_Crookes-694x1024.jpg 694w, https:\/\/nuevo-renacer.com\/wp-content\/uploads\/2024\/07\/Sir_William_Crookes-203x300.jpg 203w, https:\/\/nuevo-renacer.com\/wp-content\/uploads\/2024\/07\/Sir_William_Crookes-768x1134.jpg 768w, https:\/\/nuevo-renacer.com\/wp-content\/uploads\/2024\/07\/Sir_William_Crookes-8x12.jpg 8w, https:\/\/nuevo-renacer.com\/wp-content\/uploads\/2024\/07\/Sir_William_Crookes.jpg 800w\" sizes=\"(max-width: 694px) 100vw, 694px\" \/><\/figure>\n<\/div><\/div>\n\n\n\n<div class=\"wp-block-uagb-container uagb-block-ab928b61 alignfull uagb-is-root-container\"><div class=\"uagb-container-inner-blocks-wrap\">\n<p class=\"has-black-color has-text-color has-link-color has-small-font-size wp-elements-e9838021f08f47b7883414d531863a2f\">William Crookes naci\u00f3 en Londres, Inglaterra, el 17 de junio de 1832. Fue el mayor qu\u00edmico de Inglaterra, seg\u00fan \u00abSir\u00bb Arthur Conan Doyle.Este ilustre hombre de ciencia desarroll\u00f3 en el campo cient\u00edfico. Mencionado como uno de los m\u00e1s persistentes y valientes investigadores de los fen\u00f3menos supranormales, desarroll\u00f3 importantes trabajos en el \u00e1rea de la fenomenolog\u00eda esp\u00edrita.&nbsp; En 1855, Willian Crookes ocup\u00f3 la c\u00e1tedra de qu\u00edmica en la Universidad de Chester. Como resultado de prolongados estudios, en 1861 descubri\u00f3 los rayos cat\u00f3dicos y aisl\u00f3 el talio, determinando rigurosamente sus propiedades f\u00edsicas. Tras persistentes estudios del espectro solar, en 1872 descubri\u00f3 la aparente acci\u00f3n repulsiva de los rayos luminosos, lo que le llev\u00f3 a construir el Radi\u00f3metro en 1874. Al a\u00f1o siguiente descubri\u00f3 un nuevo tratamiento para el oro. Sin embargo, la coronaci\u00f3n de su obra cient\u00edfica fue el descubrimiento del cuarto estado de la materia, el estado radiante, en 1879. Recibi\u00f3 varias medallas por sus importantes descubrimientos en el campo de la f\u00edsica y la qu\u00edmica.&nbsp; La Reina Victoria de Inglaterra le honr\u00f3 con el t\u00edtulo m\u00e1s alto de ese pa\u00eds: \u00abCaballero \u00ab.&nbsp; Adem\u00e1s de todas sus actividades, fue presidente de la Sociedad Qu\u00edmica, la Sociedad Brit\u00e1nica, la Sociedad para la Investigaci\u00f3n Ps\u00edquica y el Instituto de Ingenieros El\u00e9ctricos.<\/p>\n\n\n\n<p class=\"has-black-color has-text-color has-link-color has-small-font-size wp-elements-5c9005f86dd19a2bcfeeb9433820e169\">K\u0131skan\u0131lacak bir ara\u015ft\u0131rma yetene\u011fine sahip olan Crookes, ilk ba\u015fta \u201cmedyum\u201d olarak adland\u0131r\u0131lan ki\u015filerin ve onlar\u0131n medyumluklar\u0131na inanan herkesin hatal\u0131 oldu\u011funu kan\u0131tlamak amac\u0131yla medyumluk olaylar\u0131n\u0131 ara\u015ft\u0131rd\u0131. 1869'da J.J. Morse ve Bayan Marshall adl\u0131 medyumlar Crookes'un ilk ara\u015ft\u0131rmalar\u0131n\u0131 ger\u00e7ekle\u015ftirmesi i\u00e7in birer ara\u00e7 g\u00f6revi g\u00f6rd\u00fc. Bu \u00fcnl\u00fc bilim adam\u0131n\u0131n en dikkat \u00e7ekici medyumluk deneyleri Florence Cook adl\u0131 medyum arac\u0131l\u0131\u011f\u0131yla ger\u00e7ekle\u015ftirilmi\u015f, Katie King adl\u0131 ruhtan materyalizasyonlar elde etmesi o d\u00f6nemde bilim d\u00fcnyas\u0131n\u0131 \u015foke etmi\u015ftir. Gen\u00e7 Florence Cook, y\u00fcr\u00fctmekte oldu\u011fu bilimsel ara\u015ft\u0131rmalarda medyumluk yapmas\u0131 i\u00e7in Sir William Crookes'a kendini sundu\u011funda hen\u00fcz 15 ya\u015f\u0131ndayd\u0131. \"Aileme ya da arkada\u015flar\u0131ma haber vermeden Bay Crookes'un evine gittim. Kendimi onun inan\u00e7s\u0131zl\u0131\u011f\u0131n\u0131n suna\u011f\u0131nda g\u00f6n\u00fcll\u00fc bir kurban olarak sundum. Bayan Crookes'un korumas\u0131n\u0131 istedi ve Volckmann ad\u0131nda bir beyefendi onu sahtekarl\u0131kla su\u00e7lad\u0131\u011f\u0131 i\u00e7in medyumlu\u011funu kan\u0131tlamak i\u00e7in her t\u00fcrl\u00fc deneye kendini teslim etti. 22 Nisan 1872'de Katie King'in ruhu ilk kez cisimlendi. Annesi, medyumun baz\u0131 karde\u015fleri ve hizmet\u00e7isi seansta haz\u0131r bulundu.<\/p>\n\n\n\n<p class=\"has-black-color has-text-color has-link-color has-small-font-size wp-elements-c2fca08928a7c445c338359c99cfdf0e\">Katie King'in ruhunun inan\u0131lmaz bir d\u00fczenlilikle kendini g\u00f6sterdi\u011fi birka\u00e7 seanstan sonra Bayan Florence, William Crookes'a her t\u00fcrl\u00fc ara\u015ft\u0131rmaya boyun e\u011fmeye kararl\u0131 oldu\u011funu s\u00f6yledi. \u201cSpiritist Ger\u00e7ekler\u201d adl\u0131 \u00e7al\u0131\u015fmas\u0131nda, Katie King'in maddele\u015fmi\u015f ruhu ile yap\u0131lan t\u00fcm deneyleri eksiksiz bir \u015fekilde anlat\u0131r ve ruhun fiziksel maddeyi kullanarak istenen \u015fekli verme konusundaki ola\u011fan\u00fcst\u00fc g\u00fcc\u00fc konusunda hi\u00e7bir \u015f\u00fcpheye yer b\u0131rakmaz. Bir\u00e7ok sayg\u0131n bilim adam\u0131, en ikna edici ger\u00e7ekler kar\u015f\u0131s\u0131nda bile, insanlar\u0131n g\u00f6z\u00fcndeki sonu\u00e7lar\u0131ndan korkarak ger\u00e7e\u011fi a\u00e7\u0131klamaktan \u00e7ekinmi\u015ftir. Ancak Crookes bunu yapmad\u0131. Ara\u015ft\u0131rma alan\u0131na maskeleri d\u00fc\u015f\u00fcrmek, sahtekarl\u0131klar\u0131 bulmak niyetiyle girdi, ancak vakalar\u0131n ger\u00e7ek oldu\u011funu anlad\u0131\u011f\u0131nda, kan\u0131tlara teslim oldu, ger\u00e7e\u011fe boyun e\u011fdi, ikna olmu\u015f bir spirit\u00fcalist oldu ve \u015funu iddia etti: \u2013 \u201cBunun m\u00fcmk\u00fcn oldu\u011funu s\u00f6ylemiyorum; diyorum ki: bu ger\u00e7ek!\u201d<\/p>\n\n\n\n<p class=\"has-black-color has-text-color has-link-color has-small-font-size wp-elements-b164b6b1986af3a1104d45f7ebe99cd5\">&nbsp;William Crookes 4 Nisan 1919'da Londra, \u0130ngiltere'de \u00f6ld\u00fc.<\/p>\n<\/div><\/div>","protected":false},"excerpt":{"rendered":"<p>William Crookes William Crookes naci\u00f3 en Londres, Inglaterra, el 17 de junio de 1832. Fue el mayor qu\u00edmico de Inglaterra, seg\u00fan \u00abSir\u00bb Arthur Conan Doyle.Este ilustre hombre de ciencia desarroll\u00f3 en el campo cient\u00edfico. Mencionado como uno de los m\u00e1s persistentes y valientes investigadores de los fen\u00f3menos supranormales, desarroll\u00f3 importantes trabajos en el \u00e1rea de [&hellip;]<\/p>","protected":false},"author":1,"featured_media":0,"parent":0,"menu_order":0,"comment_status":"closed","ping_status":"closed","template":"","meta":{"_uag_custom_page_level_css":"","site-sidebar-layout":"default","site-content-layout":"","ast-site-content-layout":"default","site-content-style":"default","site-sidebar-style":"default","ast-global-header-display":"","ast-banner-title-visibility":"","ast-main-header-display":"","ast-hfb-above-header-display":"","ast-hfb-below-header-display":"","ast-hfb-mobile-header-display":"","site-post-title":"disabled","ast-breadcrumbs-content":"","ast-featured-img":"","footer-sml-layout":"","theme-transparent-header-meta":"","adv-header-id-meta":"","stick-header-meta":"","header-above-stick-meta":"","header-main-stick-meta":"","header-below-stick-meta":"","astra-migrate-meta-layouts":"set","ast-page-background-enabled":"default","ast-page-background-meta":{"desktop":{"background-color":"var(--ast-global-color-4)","background-image":"","background-repeat":"repeat","background-position":"center center","background-size":"auto","background-attachment":"scroll","background-type":"","background-media":"","overlay-type":"","overlay-color":"","overlay-opacity":"","overlay-gradient":""},"tablet":{"background-color":"","background-image":"","background-repeat":"repeat","background-position":"center center","background-size":"auto","background-attachment":"scroll","background-type":"","background-media":"","overlay-type":"","overlay-color":"","overlay-opacity":"","overlay-gradient":""},"mobile":{"background-color":"","background-image":"","background-repeat":"repeat","background-position":"center center","background-size":"auto","background-attachment":"scroll","background-type":"","background-media":"","overlay-type":"","overlay-color":"","overlay-opacity":"","overlay-gradient":""}},"ast-content-background-meta":{"desktop":{"background-color":"var(--ast-global-color-5)","background-image":"","background-repeat":"repeat","background-position":"center center","background-size":"auto","background-attachment":"scroll","background-type":"","background-media":"","overlay-type":"","overlay-color":"","overlay-opacity":"","overlay-gradient":""},"tablet":{"background-color":"var(--ast-global-color-5)","background-image":"","background-repeat":"repeat","background-position":"center center","background-size":"auto","background-attachment":"scroll","background-type":"","background-media":"","overlay-type":"","overlay-color":"","overlay-opacity":"","overlay-gradient":""},"mobile":{"background-color":"var(--ast-global-color-5)","background-image":"","background-repeat":"repeat","background-position":"center center","background-size":"auto","background-attachment":"scroll","background-type":"","background-media":"","overlay-type":"","overlay-color":"","overlay-opacity":"","overlay-gradient":""}},"footnotes":""},"class_list":["post-3434","page","type-page","status-publish","hentry"],"yoast_head":"<!-- This site is optimized with the Yoast SEO Premium plugin v24.2 (Yoast SEO v24.6) - https:\/\/yoast.com\/wordpress\/plugins\/seo\/ -->\n<title>William Crookes - Uni\u00f3n Esp\u00edrita<\/title>\n<meta name=\"robots\" content=\"index, follow, max-snippet:-1, max-image-preview:large, max-video-preview:-1\" \/>\n<link rel=\"canonical\" href=\"https:\/\/nuevo-renacer.com\/tr\/william-crookes\/\" \/>\n<meta property=\"og:locale\" content=\"tr_TR\" \/>\n<meta property=\"og:type\" content=\"article\" \/>\n<meta property=\"og:title\" content=\"William Crookes\" \/>\n<meta property=\"og:description\" content=\"William Crookes William Crookes naci\u00f3 en Londres, Inglaterra, el 17 de junio de 1832. Fue el mayor qu\u00edmico de Inglaterra, seg\u00fan \u00abSir\u00bb Arthur Conan Doyle.Este ilustre hombre de ciencia desarroll\u00f3 en el campo cient\u00edfico. Mencionado como uno de los m\u00e1s persistentes y valientes investigadores de los fen\u00f3menos supranormales, desarroll\u00f3 importantes trabajos en el \u00e1rea de [&hellip;]\" \/>\n<meta property=\"og:url\" content=\"https:\/\/nuevo-renacer.com\/tr\/william-crookes\/\" \/>\n<meta property=\"og:site_name\" content=\"Uni\u00f3n Esp\u00edrita\" \/>\n<meta property=\"article:publisher\" content=\"https:\/\/www.facebook.com\/groups\/3431398063740829\" \/>\n<meta property=\"article:modified_time\" content=\"2025-06-18T10:35:00+00:00\" \/>\n<meta property=\"og:image\" content=\"https:\/\/nuevo-renacer.com\/wp-content\/uploads\/2024\/07\/Sir_William_Crookes.jpg\" \/>\n\t<meta property=\"og:image:width\" content=\"800\" \/>\n\t<meta property=\"og:image:height\" content=\"1181\" \/>\n\t<meta property=\"og:image:type\" content=\"image\/jpeg\" \/>\n<meta name=\"twitter:card\" content=\"summary_large_image\" \/>\n<meta name=\"twitter:label1\" content=\"Tahmini okuma s\u00fcresi\" \/>\n\t<meta name=\"twitter:data1\" content=\"4 dakika\" \/>\n<script type=\"application\/ld+json\" class=\"yoast-schema-graph\">{\"@context\":\"https:\/\/schema.org\",\"@graph\":[{\"@type\":\"WebPage\",\"@id\":\"https:\/\/nuevo-renacer.com\/william-crookes\/\",\"url\":\"https:\/\/nuevo-renacer.com\/william-crookes\/\",\"name\":\"William Crookes - Uni\u00f3n Esp\u00edrita\",\"isPartOf\":{\"@id\":\"https:\/\/nuevo-renacer.com\/#website\"},\"primaryImageOfPage\":{\"@id\":\"https:\/\/nuevo-renacer.com\/william-crookes\/#primaryimage\"},\"image\":{\"@id\":\"https:\/\/nuevo-renacer.com\/william-crookes\/#primaryimage\"},\"thumbnailUrl\":\"https:\/\/nuevo-renacer.com\/wp-content\/uploads\/2024\/07\/Sir_William_Crookes-694x1024.jpg\",\"datePublished\":\"2024-07-09T07:34:14+00:00\",\"dateModified\":\"2025-06-18T10:35:00+00:00\",\"breadcrumb\":{\"@id\":\"https:\/\/nuevo-renacer.com\/william-crookes\/#breadcrumb\"},\"inLanguage\":\"tr\",\"potentialAction\":[{\"@type\":\"ReadAction\",\"target\":[\"https:\/\/nuevo-renacer.com\/william-crookes\/\"]}]},{\"@type\":\"ImageObject\",\"inLanguage\":\"tr\",\"@id\":\"https:\/\/nuevo-renacer.com\/william-crookes\/#primaryimage\",\"url\":\"https:\/\/nuevo-renacer.com\/wp-content\/uploads\/2024\/07\/Sir_William_Crookes-694x1024.jpg\",\"contentUrl\":\"https:\/\/nuevo-renacer.com\/wp-content\/uploads\/2024\/07\/Sir_William_Crookes-694x1024.jpg\"},{\"@type\":\"BreadcrumbList\",\"@id\":\"https:\/\/nuevo-renacer.com\/william-crookes\/#breadcrumb\",\"itemListElement\":[{\"@type\":\"ListItem\",\"position\":1,\"name\":\"Startseite\",\"item\":\"https:\/\/nuevo-renacer.com\/\"},{\"@type\":\"ListItem\",\"position\":2,\"name\":\"William Crookes\"}]},{\"@type\":\"WebSite\",\"@id\":\"https:\/\/nuevo-renacer.com\/#website\",\"url\":\"https:\/\/nuevo-renacer.com\/\",\"name\":\"Uni\u00f3n Esp\u00edrita\",\"description\":\"Nuevo Renacer\",\"publisher\":{\"@id\":\"https:\/\/nuevo-renacer.com\/#organization\"},\"potentialAction\":[{\"@type\":\"SearchAction\",\"target\":{\"@type\":\"EntryPoint\",\"urlTemplate\":\"https:\/\/nuevo-renacer.com\/?s={search_term_string}\"},\"query-input\":{\"@type\":\"PropertyValueSpecification\",\"valueRequired\":true,\"valueName\":\"search_term_string\"}}],\"inLanguage\":\"tr\"},{\"@type\":\"Organization\",\"@id\":\"https:\/\/nuevo-renacer.com\/#organization\",\"name\":\"UFEC\",\"url\":\"https:\/\/nuevo-renacer.com\/\",\"logo\":{\"@type\":\"ImageObject\",\"inLanguage\":\"tr\",\"@id\":\"https:\/\/nuevo-renacer.com\/#\/schema\/logo\/image\/\",\"url\":\"https:\/\/nuevo-renacer.com\/wp-content\/uploads\/2024\/05\/cropped-LOGO-TERMINADO1-3-3.png\",\"contentUrl\":\"https:\/\/nuevo-renacer.com\/wp-content\/uploads\/2024\/05\/cropped-LOGO-TERMINADO1-3-3.png\",\"width\":512,\"height\":512,\"caption\":\"UFEC\"},\"image\":{\"@id\":\"https:\/\/nuevo-renacer.com\/#\/schema\/logo\/image\/\"},\"sameAs\":[\"https:\/\/www.facebook.com\/groups\/3431398063740829\"]}]}<\/script>\n<!-- \/ Yoast SEO Premium plugin. -->","yoast_head_json":{"title":"William Crookes - Uni\u00f3n Esp\u00edrita","robots":{"index":"index","follow":"follow","max-snippet":"max-snippet:-1","max-image-preview":"max-image-preview:large","max-video-preview":"max-video-preview:-1"},"canonical":"https:\/\/nuevo-renacer.com\/tr\/william-crookes\/","og_locale":"tr_TR","og_type":"article","og_title":"William Crookes","og_description":"William Crookes William Crookes naci\u00f3 en Londres, Inglaterra, el 17 de junio de 1832. Fue el mayor qu\u00edmico de Inglaterra, seg\u00fan \u00abSir\u00bb Arthur Conan Doyle.Este ilustre hombre de ciencia desarroll\u00f3 en el campo cient\u00edfico. Mencionado como uno de los m\u00e1s persistentes y valientes investigadores de los fen\u00f3menos supranormales, desarroll\u00f3 importantes trabajos en el \u00e1rea de [&hellip;]","og_url":"https:\/\/nuevo-renacer.com\/tr\/william-crookes\/","og_site_name":"Uni\u00f3n Esp\u00edrita","article_publisher":"https:\/\/www.facebook.com\/groups\/3431398063740829","article_modified_time":"2025-06-18T10:35:00+00:00","og_image":[{"width":800,"height":1181,"url":"https:\/\/nuevo-renacer.com\/wp-content\/uploads\/2024\/07\/Sir_William_Crookes.jpg","type":"image\/jpeg"}],"twitter_card":"summary_large_image","twitter_misc":{"Tahmini okuma s\u00fcresi":"4 dakika"},"schema":{"@context":"https:\/\/schema.org","@graph":[{"@type":"WebPage","@id":"https:\/\/nuevo-renacer.com\/william-crookes\/","url":"https:\/\/nuevo-renacer.com\/william-crookes\/","name":"William Crookes - Uni\u00f3n Esp\u00edrita","isPartOf":{"@id":"https:\/\/nuevo-renacer.com\/#website"},"primaryImageOfPage":{"@id":"https:\/\/nuevo-renacer.com\/william-crookes\/#primaryimage"},"image":{"@id":"https:\/\/nuevo-renacer.com\/william-crookes\/#primaryimage"},"thumbnailUrl":"https:\/\/nuevo-renacer.com\/wp-content\/uploads\/2024\/07\/Sir_William_Crookes-694x1024.jpg","datePublished":"2024-07-09T07:34:14+00:00","dateModified":"2025-06-18T10:35:00+00:00","breadcrumb":{"@id":"https:\/\/nuevo-renacer.com\/william-crookes\/#breadcrumb"},"inLanguage":"tr","potentialAction":[{"@type":"ReadAction","target":["https:\/\/nuevo-renacer.com\/william-crookes\/"]}]},{"@type":"ImageObject","inLanguage":"tr","@id":"https:\/\/nuevo-renacer.com\/william-crookes\/#primaryimage","url":"https:\/\/nuevo-renacer.com\/wp-content\/uploads\/2024\/07\/Sir_William_Crookes-694x1024.jpg","contentUrl":"https:\/\/nuevo-renacer.com\/wp-content\/uploads\/2024\/07\/Sir_William_Crookes-694x1024.jpg"},{"@type":"BreadcrumbList","@id":"https:\/\/nuevo-renacer.com\/william-crookes\/#breadcrumb","itemListElement":[{"@type":"ListItem","position":1,"name":"Startseite","item":"https:\/\/nuevo-renacer.com\/"},{"@type":"ListItem","position":2,"name":"William Crookes"}]},{"@type":"WebSite","@id":"https:\/\/nuevo-renacer.com\/#website","url":"https:\/\/nuevo-renacer.com\/","name":"Uni\u00f3n Esp\u00edrita","description":"Nuevo Renacer","publisher":{"@id":"https:\/\/nuevo-renacer.com\/#organization"},"potentialAction":[{"@type":"SearchAction","target":{"@type":"EntryPoint","urlTemplate":"https:\/\/nuevo-renacer.com\/?s={search_term_string}"},"query-input":{"@type":"PropertyValueSpecification","valueRequired":true,"valueName":"search_term_string"}}],"inLanguage":"tr"},{"@type":"Organization","@id":"https:\/\/nuevo-renacer.com\/#organization","name":"UFEC","url":"https:\/\/nuevo-renacer.com\/","logo":{"@type":"ImageObject","inLanguage":"tr","@id":"https:\/\/nuevo-renacer.com\/#\/schema\/logo\/image\/","url":"https:\/\/nuevo-renacer.com\/wp-content\/uploads\/2024\/05\/cropped-LOGO-TERMINADO1-3-3.png","contentUrl":"https:\/\/nuevo-renacer.com\/wp-content\/uploads\/2024\/05\/cropped-LOGO-TERMINADO1-3-3.png","width":512,"height":512,"caption":"UFEC"},"image":{"@id":"https:\/\/nuevo-renacer.com\/#\/schema\/logo\/image\/"},"sameAs":["https:\/\/www.facebook.com\/groups\/3431398063740829"]}]}},"uagb_featured_image_src":{"full":false,"thumbnail":false,"medium":false,"medium_large":false,"large":false,"1536x1536":false,"2048x2048":false,"trp-custom-language-flag":false},"uagb_author_info":{"display_name":"adbv0","author_link":"https:\/\/nuevo-renacer.com\/tr\/author\/adbv0\/"},"uagb_comment_info":0,"uagb_excerpt":"William Crookes William Crookes naci\u00f3 en Londres, Inglaterra, el 17 de junio de 1832. Fue el mayor qu\u00edmico de Inglaterra, seg\u00fan \u00abSir\u00bb Arthur Conan Doyle.Este ilustre hombre de ciencia desarroll\u00f3 en el campo cient\u00edfico. Mencionado como uno de los m\u00e1s persistentes y valientes investigadores de los fen\u00f3menos supranormales, desarroll\u00f3 importantes trabajos en el \u00e1rea de&hellip;","jetpack_sharing_enabled":true,"_links":{"self":[{"href":"https:\/\/nuevo-renacer.com\/tr\/wp-json\/wp\/v2\/pages\/3434","targetHints":{"allow":["GET"]}}],"collection":[{"href":"https:\/\/nuevo-renacer.com\/tr\/wp-json\/wp\/v2\/pages"}],"about":[{"href":"https:\/\/nuevo-renacer.com\/tr\/wp-json\/wp\/v2\/types\/page"}],"author":[{"embeddable":true,"href":"https:\/\/nuevo-renacer.com\/tr\/wp-json\/wp\/v2\/users\/1"}],"replies":[{"embeddable":true,"href":"https:\/\/nuevo-renacer.com\/tr\/wp-json\/wp\/v2\/comments?post=3434"}],"version-history":[{"count":3,"href":"https:\/\/nuevo-renacer.com\/tr\/wp-json\/wp\/v2\/pages\/3434\/revisions"}],"predecessor-version":[{"id":8343,"href":"https:\/\/nuevo-renacer.com\/tr\/wp-json\/wp\/v2\/pages\/3434\/revisions\/8343"}],"wp:attachment":[{"href":"https:\/\/nuevo-renacer.com\/tr\/wp-json\/wp\/v2\/media?parent=3434"}],"curies":[{"name":"wp","href":"https:\/\/api.w.org\/{rel}","templated":true}]}}