{"id":3419,"date":"2024-07-09T05:58:08","date_gmt":"2024-07-09T05:58:08","guid":{"rendered":"https:\/\/ufec-mundial.com\/?page_id=3419"},"modified":"2024-07-09T05:58:10","modified_gmt":"2024-07-09T05:58:10","slug":"ernesto-bozzano","status":"publish","type":"page","link":"https:\/\/nuevo-renacer.com\/tr\/ernesto-bozzano\/","title":{"rendered":"Ernesto Bozzano"},"content":{"rendered":"<div class=\"wp-block-uagb-container uagb-block-950dee4e alignfull uagb-is-root-container\"><div class=\"uagb-container-inner-blocks-wrap\">\n<p class=\"has-black-color has-text-color has-link-color has-medium-font-size wp-elements-80db35992d5d74cc0b1e2efbf1763431\"><strong>Ernesto Bozzano<\/strong><\/p>\n<\/div><\/div>\n\n\n\n<div class=\"wp-block-uagb-container uagb-block-98939564 alignfull uagb-is-root-container\"><div class=\"uagb-container-inner-blocks-wrap\">\n<figure class=\"wp-block-image size-full is-resized\"><img fetchpriority=\"high\" decoding=\"async\" width=\"300\" height=\"400\" src=\"https:\/\/ufec-mundial.com\/wp-content\/uploads\/2024\/07\/bozzano_ritratto.jpg\" alt=\"\" class=\"wp-image-3420\" style=\"width:221px;height:auto\" srcset=\"https:\/\/nuevo-renacer.com\/wp-content\/uploads\/2024\/07\/bozzano_ritratto.jpg 300w, https:\/\/nuevo-renacer.com\/wp-content\/uploads\/2024\/07\/bozzano_ritratto-225x300.jpg 225w, https:\/\/nuevo-renacer.com\/wp-content\/uploads\/2024\/07\/bozzano_ritratto-9x12.jpg 9w\" sizes=\"(max-width: 300px) 100vw, 300px\" \/><\/figure>\n<\/div><\/div>\n\n\n\n<div class=\"wp-block-uagb-container uagb-block-ca2381bd alignfull uagb-is-root-container\"><div class=\"uagb-container-inner-blocks-wrap\">\n<p class=\"has-black-color has-text-color has-link-color has-small-font-size wp-elements-a0c57fa32911f89fe149af49a5b3f026\">Ernesto Bozzano, son zamanlar\u0131n en bilgili bilginlerinden biriydi. 1861 y\u0131l\u0131nda \u0130talya&#039;n\u0131n Cenova eyaleti Savona&#039;da do\u011fdu ve 7 Temmuz 1943&#039;te Cenova&#039;daki desencarnar&#039;a geldi. 81 y\u0131ll\u0131k verimli varl\u0131\u011f\u0131n\u0131n yar\u0131s\u0131n\u0131 gayretle adad\u0131\u011f\u0131 Maneviyat \u00e7al\u0131\u015fmas\u0131na olan ola\u011fand\u0131\u015f\u0131 ilgisi g\u00f6z \u00f6n\u00fcne al\u0131nd\u0131\u011f\u0131nda, Ruh Biliminin B\u00fcy\u00fck Ustas\u0131 lakab\u0131n\u0131 kazand\u0131.<\/p>\n\n\n\n<p class=\"has-black-color has-text-color has-link-color has-small-font-size wp-elements-b909aeae840a6eb3fe82b4ad7a2c6499\">Elli iki y\u0131l boyunca g\u00fcnde 14 saat \u00e7al\u0131\u015farak, orta b\u00fcy\u00fckl\u00fckte bir kitapta derlenirse 15.000 sayfal\u0131k bir ciltle sonu\u00e7lanacak bir \u00e7al\u0131\u015fma \u00fcretti. \u00c7al\u0131\u015fmalar\u0131n\u0131 y\u00fcr\u00fctmek, dokuz monografiyi de yar\u0131m b\u0131rakm\u0131\u015f olan de\u011ferli 76 ortam yar\u0131\u015fmas\u0131yd\u0131.<\/p>\n\n\n\n<p class=\"has-black-color has-text-color has-link-color has-small-font-size wp-elements-0357d39dd98bf3033221670321165fa5\">Sadece 16 ya\u015f\u0131nda olan Bozzano, felsefi \u00e7al\u0131\u015fmalar, psikolojik, astronomik, do\u011fa bilimleri ve paleontolojik ke\u015fifler gibi konularla zaten ilgileniyordu. Buna ek olarak, gen\u00e7li\u011finden beri, insan ki\u015fili\u011finin sorunlar\u0131na, \u00f6zellikle de ac\u0131 \u00e7ekmenin nedenlerine, insan ya\u015fam\u0131n\u0131n amac\u0131na ve nedenine yol a\u00e7anlara kar\u015f\u0131 al\u0131\u015f\u0131lmad\u0131k bir \u00e7ekim hissetti.<\/p>\n\n\n\n<p class=\"has-black-color has-text-color has-link-color has-small-font-size wp-elements-90dd047229d632e811755d86b42ae071\">1-10 Eyl\u00fcl 1934 tarihleri aras\u0131nda \u0130spanya&#039;n\u0131n Barselona kentinde d\u00fczenlenen V Congress Spiritist International&#039;\u0131n Onursal Ba\u015fkan\u0131 se\u00e7ilerek ad\u0131 ola\u011fan\u00fcst\u00fc bir uluslararas\u0131 varl\u0131\u011fa ula\u015ft\u0131. \u00dcnl\u00fc ingiliz iki d\u00fcnya gazetesinde yer alan habere g\u00f6re, may\u0131s 1939 say\u0131s\u0131nda esp\u00edritas ingilizleri ona, kafalar\u0131ndan birinde sa\u011f elinde defne \u00e7elengi tutan sembolik bir fig\u00fcrde g\u00f6r\u00fcnd\u00fc\u011f\u00fc g\u00fczel bir alt\u0131n madalya teklif etti. Latince Aspera ad Astra slogan\u0131yla ve \u00f6te yandan, \u00e7evirisi \u015fu \u015fekildedir: Ac\u0131 \u00e7eken insanl\u0131\u011fa, arkada\u015flar\u0131na ve hayranlar\u0131na yeni ufuklar a\u00e7an Ruh Biliminin B\u00fcy\u00fck Ustas\u0131 Ernesto Bozzano.<\/p>\n\n\n\n<p class=\"has-black-color has-text-color has-link-color has-small-font-size wp-elements-95ebe44629041b9db43f127c8b4ed8b4\">Bozzano, iyice inceledikten sonra bu kadar \u00f6nemli bir sorumlulu\u011fu \u00fcstlenerek Maneviyat\u0131n tavizsiz savunucusuydu. A\u011fustos Comte Pozitivizminin bir\u00e7ok bilinci g\u00f6z kama\u015ft\u0131rd\u0131\u011f\u0131 bir \u00e7a\u011fda Bozzano, insan bilgisinin t\u00fcm dallar\u0131na kar\u015f\u0131 keskin bir e\u011filim g\u00f6stererek ve kendisini t\u00fcm zamanlar\u0131n b\u00fcy\u00fck filozoflar\u0131n\u0131n eserlerinin incelenmesine kararl\u0131 bir \u015fekilde vererek saflar\u0131na kat\u0131ld\u0131. Pozitivistin fikirlerinden tavizsiz bir bi\u00e7ime y\u00f6neldi materyalizm, bu da onu daha sonra ilan etmesine yol a\u00e7t\u0131: O kadar ikna olmu\u015f bir pozitivist-materyalisttim ki, normalde sa\u011fduyuyla donat\u0131lm\u0131\u015f, e\u011fitimli insanlara sahip olabilmem imkans\u0131z g\u00f6r\u00fcn\u00fcyordu. varolu\u015fa ve varolu\u015fa inanabileceklerine inanabileceklerine inanabileceklerine inanabileceklerine inanabileceklerine inanabileceklerine inanabileceklerine inanabileceklerine inanabileceklerine inanabileceklerine inanabileceklerine inanabileceklerine inanabileceklerine inanabileceklerine inanabileceklerine inanabileceklerine inanabileceklerine inanabileceklerine inanabileceklerine inanabileceklerine inanabileceklerine ruhun hayatta kalmas\u0131.<\/p>\n\n\n\n<p class=\"has-black-color has-text-color has-link-color has-small-font-size wp-elements-a2313e360e773493214f1b068a033da7\">Solda, 1891&#039;de Felsefe Dergisi direkt\u00f6r\u00fc Profes\u00f6r Ribot&#039;u, Charles Richet&#039;in himayesinde Dr. Darieux liderli\u011findeki Psi\u015fik Bilimler Y\u0131ll\u0131klar\u0131 Dergisinin lansman\u0131yla ilgili bilgileri ald\u0131. Bu yay\u0131n hakk\u0131ndaki ilk fikriniz, ko\u015fullar g\u00f6z \u00f6n\u00fcne al\u0131nd\u0131\u011f\u0131nda, ger\u00e7ek bir skandal\u0131n, resmi Bilimin temsilcilerinin, farkl\u0131 k\u0131talarda ya\u015fayan insanlar aras\u0131nda d\u00fc\u015f\u00fcncenin aktar\u0131lma olas\u0131l\u0131\u011f\u0131n\u0131, hayaletlerin ortaya \u00e7\u0131kmas\u0131n\u0131 ve s\u00f6zde perili evlerin varl\u0131\u011f\u0131n\u0131 ciddiye almalar\u0131 ger\u00e7e\u011fidir. Ayn\u0131 zamanda profes\u00f6r Rosenbach, S. Petersburg (\u015fimdi Leningrad), Philosophical dergisinde, bu yeni mistisizmin resmi psikoloji alan\u0131na girmesine d\u00fc\u015fman bir konumda duran \u015fiddetli bir makale yay\u0131nlad\u0131.<\/p>\n\n\n\n<p class=\"has-black-color has-text-color has-link-color has-small-font-size wp-elements-f8de52baad281048681f7513d3ab06a8\">Sonraki d\u00fczenlemede, Dr. Charles Richet, hatal\u0131 oldu\u011fu s\u00f6ylenen Rosenbach&#039;\u0131n iddialar\u0131n\u0131 nokta nokta \u00e7\u00fcr\u00fcterek, konuyla ilgili mant\u0131ksal sonu\u00e7lar\u0131n\u0131 bir kerede g\u00f6sterdi. Bilge Frans\u0131zlar\u0131n bu makalesi, Bozzano&#039;nun \u015f\u00fcphelerini azaltma hakk\u0131na sahipti. Bu \u015f\u00fcphenin son kal\u0131nt\u0131lar\u0131, Bozzano&#039;nun Sedyenin, Podmore&#039;un ve Myers&#039;\u0131n yazarl\u0131\u011f\u0131n\u0131n Ya\u015fayanlar\u0131n Hayaletleri kitab\u0131n\u0131 okudu\u011funda zihninde tamamen yok edildi.<\/p>\n\n\n\n<p class=\"has-black-color has-text-color has-link-color has-small-font-size wp-elements-7c3d0dbb7e29bc75742119b9615e353b\">Fenomenler hakk\u0131nda beslenen \u015f\u00fcpheler telepatik b\u00f6ylece tamamen ortadan kald\u0131r\u0131ld\u0131. Bundan b\u00f6yle, kendisini esp\u00edritas fenomeninin derinlemesine incelenmesine gayretle ve ger\u00e7ek bir co\u015fkuyla adad\u0131 ve bunu Allan Kardec, Leon Denis, Gabriel Delanne, Paul Gibier, William Crookes, Russell Wallace, Du Prel, Alexander Aksakof ve di\u011ferlerinin eserleri arac\u0131l\u0131\u011f\u0131yla yapt\u0131. Daha derinlemesine bir \u00e7al\u0131\u015fma i\u00e7in ilk ad\u0131m olarak Bozzano, Cenova \u00dcniversitesi&#039;nden Dr. Giuseppe Venzano, Luigi Vassalo ve \u00f6\u011fretmenler Enrique Morselli ve Francesco Porro&#039;nun kat\u0131ld\u0131\u011f\u0131 bir deney grubu d\u00fczenledi.<\/p>\n\n\n\n<p class=\"has-black-color has-text-color has-link-color has-small-font-size wp-elements-a22af3853eae50bd08a9d7b05c5672e9\">Art arda be\u015f y\u0131l boyunca, yap\u0131lan s\u0131k\u0131 \u00e7al\u0131\u015fma sayesinde, bu k\u00fc\u00e7\u00fck grup \u0130talyan bas\u0131n\u0131na geni\u015f materyaller sa\u011flad\u0131 ve yar\u0131madan\u0131n s\u0131n\u0131rlar\u0131n\u0131 a\u015farak birka\u00e7 \u00fclkeye geldi, bu nedenle neredeyse alt\u0131 Ruhun ger\u00e7ekle\u015fmesiyle sonu\u00e7lanan neredeyse t\u00fcm fenomenlerin ger\u00e7ekle\u015fmesini g\u00f6zlemleyin, olduk\u00e7a g\u00f6r\u00fcn\u00fcr bir \u015fekilde ve daha kat\u0131 bir testle. \u0130lk makalesi Spirit\u00fcalizm ve Bilimsel Ele\u015ftiri ba\u015fl\u0131\u011f\u0131ndayd\u0131, ancak bilge, fikirlerini yay\u0131nlamadan \u00f6nce dokuz y\u0131la yak\u0131n \u00e7al\u0131\u015farak, kar\u015f\u0131la\u015ft\u0131rarak ve analiz ederek ge\u00e7irdi. Geni\u015f kaynaklar\u0131n tart\u0131\u015fmac\u0131s\u0131, Maneviyat ele\u015ftirmenleriyle \u00f6nemli ve tart\u0131\u015fmal\u0131 d\u00f6rt ac\u00e9rrima&#039;y\u0131 elinde tuttu. O d\u00f6nemde yay\u0131nlanan bir sald\u0131r\u0131 eserini p\u00fcsk\u00fcrtmek i\u00e7in ba\u015fl\u0131kl\u0131 iki y\u00fcz sayfal\u0131k bir kitap d\u00fczenledi.<\/p>\n\n\n\n<p class=\"has-black-color has-text-color has-link-color has-small-font-size wp-elements-9009ea67fcbed7ba8f7da941472cb407\">Spiritist tezini desteklemek amac\u0131yla yay\u0131nlad\u0131\u011f\u0131 ilk \u00e7al\u0131\u015fma, daha az \u00f6nemli olmayan ba\u015fkalar\u0131 taraf\u0131ndan takip edilen Varsay\u0131msal Spiritist ve Bilimsel Teoriydi: \u00d6zde\u015fle\u015fme Vakalar\u0131 Spiritist, Fenomenlerin Premonitoriosve \u0130talya&#039;da Do\u011frudan Bir Sesin ilk G\u00f6sterimi. Bozzano&#039;nun \u015fu eserleri Portekizce&#039;ye \u00e7evrildi: Animizm veya Maneviyat, D\u00fc\u015f\u00fcnce ve \u0130rade, Psikometrinin Bilmeceleri, Metaps\u00edquica insan\u0131, \u00d6l\u00fcm Krizi, Ksenoglosia, \u00d6l\u00fcm An\u0131nda Psi\u015fik Fenomenler ve Ula\u015f\u0131m Fenomenleri.<\/p>\n\n\n\n<p class=\"has-black-color has-text-color has-link-color has-small-font-size wp-elements-4c3eeac8ae5371e4276853b63c727117\">\u00c7al\u0131\u015fmalar\u0131na olan ba\u011fl\u0131l\u0131\u011f\u0131, b\u00fcy\u00fck \u0130talyan&#039;\u0131 bilge k\u0131ld\u0131.kanun haline gelmek ve asl\u0131nda fenomenlerin en se\u00e7kin ara\u015ft\u0131rmac\u0131lar\u0131ndan birinde esp\u00edritas, adlar\u0131n\u0131n izd\u00fc\u015f\u00fcm\u00fc ve sars\u0131lmaz inanc\u0131n\u0131n t\u00fcm g\u00fcc\u00fcyle kucaklayan ve savunan davaya adad\u0131\u011f\u0131n\u0131z acendrado sevgisinin dayatt\u0131\u011f\u0131. Spirit\u00fcalizme olan inanc\u0131n\u0131n g\u00fc\u00e7lenmesine katk\u0131da bulunmak i\u00e7in yeni bir ger\u00e7ek geldi.<\/p>\n\n\n\n<p class=\"has-black-color has-text-color has-link-color has-small-font-size wp-elements-a3e7f9462afcca6e459bd395f1154d61\">Temmuz 1912&#039;de annesinin desencarnaci\u00f3n&#039;u, ruhun hayatta kalmas\u0131n\u0131n g\u00f6sterilmesi i\u00e7in bir k\u00f6pr\u00fc g\u00f6revi g\u00f6rd\u00fc; Bozzano o s\u0131rada k\u00fc\u00e7\u00fck bir arkada\u015f grubuyla ve \u00fcnl\u00fc bir medyan\u0131n kat\u0131l\u0131m\u0131yla haftal\u0131k seanslard\u0131. Desencarnaci\u00f3n&#039;un atalar\u0131n\u0131n birinci y\u0131ld\u00f6n\u00fcm\u00fcn\u00fcn an\u0131ld\u0131\u011f\u0131 tarihte bir oturum yapan medyum, siz Bozzano&#039;nun okumas\u0131ndan sonra onu hayrete d\u00fc\u015f\u00fcrd\u00fckten sonra bir ka\u011f\u0131da birka\u00e7 kelime yazd\u0131. Ayn\u0131 g\u00fcn annesinin mezar\u0131nda b\u0131rakt\u0131\u011f\u0131 kitabenin son iki ayeti yaz\u0131l\u0131yd\u0131. Bozzano, 1906 ve 1939 y\u0131llar\u0131nda spiritist Luce e Ombra dergisinde yo\u011fun bir \u015fekilde \u00e7al\u0131\u015ft\u0131 ve \u0130talya, Fransa, \u0130ngiltere ve di\u011fer \u00fclkelerde yay\u0131nlanan t\u00fcr\u00fcn dergileri i\u00e7in y\u00fczlerce makaleye ek olarak yazd\u0131.<\/p>\n\n\n\n<p class=\"has-black-color has-text-color has-link-color has-small-font-size wp-elements-668d0fad8021119bb5adb7a8b419263d\">Ernesto Bozzano, \u015f\u00fcphesiz, devam eden g\u00fcnlerde hala en y\u00fcksek ifade ruh\u00e7usudur. Birka\u00e7 y\u0131l \u00f6nce \u00f6len b\u00fcy\u00fck italyan usta, fenomenoloji alan\u0131nda \u00e7a\u011fda\u015f ruh\u00e7u literat\u00fcrde al\u0131nt\u0131lanan yazar olmaya devam ediyor. K\u0131zarm\u0131\u015f sandvi\u00e7lerden Bozzano&#039;ya, Flammarion&#039;dan Geley&#039;e kadar b\u00fcy\u00fck yazar esp\u00edritas&#039;\u0131n hi\u00e7birinin Allan Kardec&#039;in \u00e7al\u0131\u015fmalar\u0131n\u0131n ortas\u0131n\u0131 yok etmedi\u011fi do\u011frudur.<\/p>\n\n\n\n<p class=\"has-black-color has-text-color has-link-color has-small-font-size wp-elements-4f387c5633d838c0af18c026396f30a0\">Yeni terminoloji, yorumlar, belli bir noktaya kadar daha geli\u015fmi\u015f, Kardec&#039;ten sonra fark edilmeye ba\u015flanan \u015fey budur, \u00e7\u00fcnk\u00fc her bilgi dal\u0131 y\u0131llar\u0131n y\u00fcr\u00fcy\u00fc\u015f\u00fcyle zenginle\u015ftirilmi\u015ftir. Ancak arka planda, Spirit\u00fcalizmin genel ilkeleri ile ilgili olarak, ne D\u00fcnya ne de \u00d6tesi hi\u00e7bir Yazar Kardec&#039;in kodlamas\u0131n\u0131n \u00fcstesinden gelememi\u015ftir. Ernesto Bozzano, bilim ruh\u00e7usuna paha bi\u00e7ilmez katk\u0131 sa\u011flad\u0131. Bozzano&#039;nun \u00e7al\u0131\u015fmalar\u0131n\u0131n her zaman evrensel bir kaynak oldu\u011funu s\u00f6ylemek yeterlidir. \u015eu anda bilim ruh\u00e7usunu tart\u0131\u015famazs\u0131n\u0131z, hay\u0131r, Kardec&#039;in eserlerini tan\u0131d\u0131ktan sonra Bozzano&#039;dan al\u0131nt\u0131 yap\u0131n.<\/p>\n\n\n\n<p class=\"has-black-color has-text-color has-link-color has-small-font-size wp-elements-84db48eedab64f46ea075cd578c1f519\"><em>Kitaplar\u0131 alan\u0131nda klasikler olarak kabul edilir ruh\u00e7u.<\/em><\/p>\n<\/div><\/div>","protected":false},"excerpt":{"rendered":"<p>Ernesto Bozzano Ernesto Bozzano fue uno de los m\u00e1s eruditos sabios de los \u00faltimos tiempos. Nacido en Savona, provincia de G\u00e9nova, Italia, en el a\u00f1o de 1861, vino a desencarnar en G\u00e9nova, el d\u00eda 7 de julio de 1943. Dado su inusitado inter\u00e9s por el estudio del Espiritismo, a cuyo af\u00e1n dedic\u00f3 la mitad de [&hellip;]<\/p>","protected":false},"author":1,"featured_media":0,"parent":0,"menu_order":0,"comment_status":"closed","ping_status":"closed","template":"","meta":{"_uag_custom_page_level_css":"","site-sidebar-layout":"default","site-content-layout":"","ast-site-content-layout":"default","site-content-style":"default","site-sidebar-style":"default","ast-global-header-display":"","ast-banner-title-visibility":"","ast-main-header-display":"","ast-hfb-above-header-display":"","ast-hfb-below-header-display":"","ast-hfb-mobile-header-display":"","site-post-title":"disabled","ast-breadcrumbs-content":"","ast-featured-img":"","footer-sml-layout":"","theme-transparent-header-meta":"","adv-header-id-meta":"","stick-header-meta":"","header-above-stick-meta":"","header-main-stick-meta":"","header-below-stick-meta":"","astra-migrate-meta-layouts":"set","ast-page-background-enabled":"default","ast-page-background-meta":{"desktop":{"background-color":"var(--ast-global-color-4)","background-image":"","background-repeat":"repeat","background-position":"center center","background-size":"auto","background-attachment":"scroll","background-type":"","background-media":"","overlay-type":"","overlay-color":"","overlay-opacity":"","overlay-gradient":""},"tablet":{"background-color":"","background-image":"","background-repeat":"repeat","background-position":"center center","background-size":"auto","background-attachment":"scroll","background-type":"","background-media":"","overlay-type":"","overlay-color":"","overlay-opacity":"","overlay-gradient":""},"mobile":{"background-color":"","background-image":"","background-repeat":"repeat","background-position":"center center","background-size":"auto","background-attachment":"scroll","background-type":"","background-media":"","overlay-type":"","overlay-color":"","overlay-opacity":"","overlay-gradient":""}},"ast-content-background-meta":{"desktop":{"background-color":"var(--ast-global-color-5)","background-image":"","background-repeat":"repeat","background-position":"center center","background-size":"auto","background-attachment":"scroll","background-type":"","background-media":"","overlay-type":"","overlay-color":"","overlay-opacity":"","overlay-gradient":""},"tablet":{"background-color":"var(--ast-global-color-5)","background-image":"","background-repeat":"repeat","background-position":"center center","background-size":"auto","background-attachment":"scroll","background-type":"","background-media":"","overlay-type":"","overlay-color":"","overlay-opacity":"","overlay-gradient":""},"mobile":{"background-color":"var(--ast-global-color-5)","background-image":"","background-repeat":"repeat","background-position":"center center","background-size":"auto","background-attachment":"scroll","background-type":"","background-media":"","overlay-type":"","overlay-color":"","overlay-opacity":"","overlay-gradient":""}},"footnotes":""},"class_list":["post-3419","page","type-page","status-publish","hentry"],"yoast_head":"<!-- This site is optimized with the Yoast SEO Premium plugin v24.2 (Yoast SEO v24.6) - https:\/\/yoast.com\/wordpress\/plugins\/seo\/ -->\n<title>Ernesto Bozzano - Uni\u00f3n Esp\u00edrita<\/title>\n<meta name=\"robots\" content=\"index, follow, max-snippet:-1, max-image-preview:large, max-video-preview:-1\" \/>\n<link rel=\"canonical\" href=\"https:\/\/nuevo-renacer.com\/tr\/ernesto-bozzano\/\" \/>\n<meta property=\"og:locale\" content=\"tr_TR\" \/>\n<meta property=\"og:type\" content=\"article\" \/>\n<meta property=\"og:title\" content=\"Ernesto Bozzano\" \/>\n<meta property=\"og:description\" content=\"Ernesto Bozzano Ernesto Bozzano fue uno de los m\u00e1s eruditos sabios de los \u00faltimos tiempos. Nacido en Savona, provincia de G\u00e9nova, Italia, en el a\u00f1o de 1861, vino a desencarnar en G\u00e9nova, el d\u00eda 7 de julio de 1943. Dado su inusitado inter\u00e9s por el estudio del Espiritismo, a cuyo af\u00e1n dedic\u00f3 la mitad de [&hellip;]\" \/>\n<meta property=\"og:url\" content=\"https:\/\/nuevo-renacer.com\/tr\/ernesto-bozzano\/\" \/>\n<meta property=\"og:site_name\" content=\"Uni\u00f3n Esp\u00edrita\" \/>\n<meta property=\"article:publisher\" content=\"https:\/\/www.facebook.com\/groups\/3431398063740829\" \/>\n<meta property=\"article:modified_time\" content=\"2024-07-09T05:58:10+00:00\" \/>\n<meta property=\"og:image\" content=\"https:\/\/ufec-mundial.com\/wp-content\/uploads\/2024\/07\/bozzano_ritratto.jpg\" \/>\n<meta name=\"twitter:card\" content=\"summary_large_image\" \/>\n<meta name=\"twitter:label1\" content=\"Tahmini okuma s\u00fcresi\" \/>\n\t<meta name=\"twitter:data1\" content=\"7 dakika\" \/>\n<script type=\"application\/ld+json\" class=\"yoast-schema-graph\">{\"@context\":\"https:\/\/schema.org\",\"@graph\":[{\"@type\":\"WebPage\",\"@id\":\"https:\/\/nuevo-renacer.com\/ernesto-bozzano\/\",\"url\":\"https:\/\/nuevo-renacer.com\/ernesto-bozzano\/\",\"name\":\"Ernesto Bozzano - Uni\u00f3n Esp\u00edrita\",\"isPartOf\":{\"@id\":\"https:\/\/nuevo-renacer.com\/#website\"},\"primaryImageOfPage\":{\"@id\":\"https:\/\/nuevo-renacer.com\/ernesto-bozzano\/#primaryimage\"},\"image\":{\"@id\":\"https:\/\/nuevo-renacer.com\/ernesto-bozzano\/#primaryimage\"},\"thumbnailUrl\":\"https:\/\/ufec-mundial.com\/wp-content\/uploads\/2024\/07\/bozzano_ritratto.jpg\",\"datePublished\":\"2024-07-09T05:58:08+00:00\",\"dateModified\":\"2024-07-09T05:58:10+00:00\",\"breadcrumb\":{\"@id\":\"https:\/\/nuevo-renacer.com\/ernesto-bozzano\/#breadcrumb\"},\"inLanguage\":\"tr\",\"potentialAction\":[{\"@type\":\"ReadAction\",\"target\":[\"https:\/\/nuevo-renacer.com\/ernesto-bozzano\/\"]}]},{\"@type\":\"ImageObject\",\"inLanguage\":\"tr\",\"@id\":\"https:\/\/nuevo-renacer.com\/ernesto-bozzano\/#primaryimage\",\"url\":\"https:\/\/ufec-mundial.com\/wp-content\/uploads\/2024\/07\/bozzano_ritratto.jpg\",\"contentUrl\":\"https:\/\/ufec-mundial.com\/wp-content\/uploads\/2024\/07\/bozzano_ritratto.jpg\"},{\"@type\":\"BreadcrumbList\",\"@id\":\"https:\/\/nuevo-renacer.com\/ernesto-bozzano\/#breadcrumb\",\"itemListElement\":[{\"@type\":\"ListItem\",\"position\":1,\"name\":\"Startseite\",\"item\":\"https:\/\/nuevo-renacer.com\/\"},{\"@type\":\"ListItem\",\"position\":2,\"name\":\"Ernesto Bozzano\"}]},{\"@type\":\"WebSite\",\"@id\":\"https:\/\/nuevo-renacer.com\/#website\",\"url\":\"https:\/\/nuevo-renacer.com\/\",\"name\":\"Uni\u00f3n Esp\u00edrita\",\"description\":\"Nuevo Renacer\",\"publisher\":{\"@id\":\"https:\/\/nuevo-renacer.com\/#organization\"},\"potentialAction\":[{\"@type\":\"SearchAction\",\"target\":{\"@type\":\"EntryPoint\",\"urlTemplate\":\"https:\/\/nuevo-renacer.com\/?s={search_term_string}\"},\"query-input\":{\"@type\":\"PropertyValueSpecification\",\"valueRequired\":true,\"valueName\":\"search_term_string\"}}],\"inLanguage\":\"tr\"},{\"@type\":\"Organization\",\"@id\":\"https:\/\/nuevo-renacer.com\/#organization\",\"name\":\"UFEC\",\"url\":\"https:\/\/nuevo-renacer.com\/\",\"logo\":{\"@type\":\"ImageObject\",\"inLanguage\":\"tr\",\"@id\":\"https:\/\/nuevo-renacer.com\/#\/schema\/logo\/image\/\",\"url\":\"https:\/\/nuevo-renacer.com\/wp-content\/uploads\/2024\/05\/cropped-LOGO-TERMINADO1-3-3.png\",\"contentUrl\":\"https:\/\/nuevo-renacer.com\/wp-content\/uploads\/2024\/05\/cropped-LOGO-TERMINADO1-3-3.png\",\"width\":512,\"height\":512,\"caption\":\"UFEC\"},\"image\":{\"@id\":\"https:\/\/nuevo-renacer.com\/#\/schema\/logo\/image\/\"},\"sameAs\":[\"https:\/\/www.facebook.com\/groups\/3431398063740829\"]}]}<\/script>\n<!-- \/ Yoast SEO Premium plugin. -->","yoast_head_json":{"title":"Ernesto Bozzano - Uni\u00f3n Esp\u00edrita","robots":{"index":"index","follow":"follow","max-snippet":"max-snippet:-1","max-image-preview":"max-image-preview:large","max-video-preview":"max-video-preview:-1"},"canonical":"https:\/\/nuevo-renacer.com\/tr\/ernesto-bozzano\/","og_locale":"tr_TR","og_type":"article","og_title":"Ernesto Bozzano","og_description":"Ernesto Bozzano Ernesto Bozzano fue uno de los m\u00e1s eruditos sabios de los \u00faltimos tiempos. Nacido en Savona, provincia de G\u00e9nova, Italia, en el a\u00f1o de 1861, vino a desencarnar en G\u00e9nova, el d\u00eda 7 de julio de 1943. Dado su inusitado inter\u00e9s por el estudio del Espiritismo, a cuyo af\u00e1n dedic\u00f3 la mitad de [&hellip;]","og_url":"https:\/\/nuevo-renacer.com\/tr\/ernesto-bozzano\/","og_site_name":"Uni\u00f3n Esp\u00edrita","article_publisher":"https:\/\/www.facebook.com\/groups\/3431398063740829","article_modified_time":"2024-07-09T05:58:10+00:00","og_image":[{"url":"https:\/\/ufec-mundial.com\/wp-content\/uploads\/2024\/07\/bozzano_ritratto.jpg","type":"","width":"","height":""}],"twitter_card":"summary_large_image","twitter_misc":{"Tahmini okuma s\u00fcresi":"7 dakika"},"schema":{"@context":"https:\/\/schema.org","@graph":[{"@type":"WebPage","@id":"https:\/\/nuevo-renacer.com\/ernesto-bozzano\/","url":"https:\/\/nuevo-renacer.com\/ernesto-bozzano\/","name":"Ernesto Bozzano - Uni\u00f3n Esp\u00edrita","isPartOf":{"@id":"https:\/\/nuevo-renacer.com\/#website"},"primaryImageOfPage":{"@id":"https:\/\/nuevo-renacer.com\/ernesto-bozzano\/#primaryimage"},"image":{"@id":"https:\/\/nuevo-renacer.com\/ernesto-bozzano\/#primaryimage"},"thumbnailUrl":"https:\/\/ufec-mundial.com\/wp-content\/uploads\/2024\/07\/bozzano_ritratto.jpg","datePublished":"2024-07-09T05:58:08+00:00","dateModified":"2024-07-09T05:58:10+00:00","breadcrumb":{"@id":"https:\/\/nuevo-renacer.com\/ernesto-bozzano\/#breadcrumb"},"inLanguage":"tr","potentialAction":[{"@type":"ReadAction","target":["https:\/\/nuevo-renacer.com\/ernesto-bozzano\/"]}]},{"@type":"ImageObject","inLanguage":"tr","@id":"https:\/\/nuevo-renacer.com\/ernesto-bozzano\/#primaryimage","url":"https:\/\/ufec-mundial.com\/wp-content\/uploads\/2024\/07\/bozzano_ritratto.jpg","contentUrl":"https:\/\/ufec-mundial.com\/wp-content\/uploads\/2024\/07\/bozzano_ritratto.jpg"},{"@type":"BreadcrumbList","@id":"https:\/\/nuevo-renacer.com\/ernesto-bozzano\/#breadcrumb","itemListElement":[{"@type":"ListItem","position":1,"name":"Startseite","item":"https:\/\/nuevo-renacer.com\/"},{"@type":"ListItem","position":2,"name":"Ernesto Bozzano"}]},{"@type":"WebSite","@id":"https:\/\/nuevo-renacer.com\/#website","url":"https:\/\/nuevo-renacer.com\/","name":"Uni\u00f3n Esp\u00edrita","description":"Nuevo Renacer","publisher":{"@id":"https:\/\/nuevo-renacer.com\/#organization"},"potentialAction":[{"@type":"SearchAction","target":{"@type":"EntryPoint","urlTemplate":"https:\/\/nuevo-renacer.com\/?s={search_term_string}"},"query-input":{"@type":"PropertyValueSpecification","valueRequired":true,"valueName":"search_term_string"}}],"inLanguage":"tr"},{"@type":"Organization","@id":"https:\/\/nuevo-renacer.com\/#organization","name":"UFEC","url":"https:\/\/nuevo-renacer.com\/","logo":{"@type":"ImageObject","inLanguage":"tr","@id":"https:\/\/nuevo-renacer.com\/#\/schema\/logo\/image\/","url":"https:\/\/nuevo-renacer.com\/wp-content\/uploads\/2024\/05\/cropped-LOGO-TERMINADO1-3-3.png","contentUrl":"https:\/\/nuevo-renacer.com\/wp-content\/uploads\/2024\/05\/cropped-LOGO-TERMINADO1-3-3.png","width":512,"height":512,"caption":"UFEC"},"image":{"@id":"https:\/\/nuevo-renacer.com\/#\/schema\/logo\/image\/"},"sameAs":["https:\/\/www.facebook.com\/groups\/3431398063740829"]}]}},"uagb_featured_image_src":{"full":false,"thumbnail":false,"medium":false,"medium_large":false,"large":false,"1536x1536":false,"2048x2048":false,"trp-custom-language-flag":false},"uagb_author_info":{"display_name":"adbv0","author_link":"https:\/\/nuevo-renacer.com\/tr\/author\/adbv0\/"},"uagb_comment_info":0,"uagb_excerpt":"Ernesto Bozzano Ernesto Bozzano fue uno de los m\u00e1s eruditos sabios de los \u00faltimos tiempos. Nacido en Savona, provincia de G\u00e9nova, Italia, en el a\u00f1o de 1861, vino a desencarnar en G\u00e9nova, el d\u00eda 7 de julio de 1943. Dado su inusitado inter\u00e9s por el estudio del Espiritismo, a cuyo af\u00e1n dedic\u00f3 la mitad de&hellip;","jetpack_sharing_enabled":true,"_links":{"self":[{"href":"https:\/\/nuevo-renacer.com\/tr\/wp-json\/wp\/v2\/pages\/3419","targetHints":{"allow":["GET"]}}],"collection":[{"href":"https:\/\/nuevo-renacer.com\/tr\/wp-json\/wp\/v2\/pages"}],"about":[{"href":"https:\/\/nuevo-renacer.com\/tr\/wp-json\/wp\/v2\/types\/page"}],"author":[{"embeddable":true,"href":"https:\/\/nuevo-renacer.com\/tr\/wp-json\/wp\/v2\/users\/1"}],"replies":[{"embeddable":true,"href":"https:\/\/nuevo-renacer.com\/tr\/wp-json\/wp\/v2\/comments?post=3419"}],"version-history":[{"count":1,"href":"https:\/\/nuevo-renacer.com\/tr\/wp-json\/wp\/v2\/pages\/3419\/revisions"}],"predecessor-version":[{"id":3421,"href":"https:\/\/nuevo-renacer.com\/tr\/wp-json\/wp\/v2\/pages\/3419\/revisions\/3421"}],"wp:attachment":[{"href":"https:\/\/nuevo-renacer.com\/tr\/wp-json\/wp\/v2\/media?parent=3419"}],"curies":[{"name":"wp","href":"https:\/\/api.w.org\/{rel}","templated":true}]}}