{"id":3409,"date":"2024-07-08T12:44:09","date_gmt":"2024-07-08T12:44:09","guid":{"rendered":"https:\/\/ufec-mundial.com\/?page_id=3409"},"modified":"2024-07-17T09:12:31","modified_gmt":"2024-07-17T09:12:31","slug":"meimei","status":"publish","type":"page","link":"https:\/\/nuevo-renacer.com\/tr\/meimei\/","title":{"rendered":"Irma Castro Rocha (ME\u0130ME\u0130)"},"content":{"rendered":"<div class=\"wp-block-uagb-container uagb-block-65207609 alignfull uagb-is-root-container\"><div class=\"uagb-container-inner-blocks-wrap\">\n<p class=\"has-black-color has-text-color has-link-color has-medium-font-size wp-elements-11fd72d2d2c523565598a9bde0983009\"><strong><strong>Irma Castro Rocha (ME\u0130ME\u0130)<\/strong><\/strong><\/p>\n<\/div><\/div>\n\n\n\n<div class=\"wp-block-uagb-container uagb-block-2c8d54c0 alignfull uagb-is-root-container\"><div class=\"uagb-container-inner-blocks-wrap\">\n<figure class=\"wp-block-image size-full is-resized\"><img fetchpriority=\"high\" decoding=\"async\" width=\"640\" height=\"800\" src=\"https:\/\/ufec-mundial.com\/wp-content\/uploads\/2024\/07\/meimei.webp\" alt=\"\" class=\"wp-image-3410\" style=\"width:250px;height:auto\" srcset=\"https:\/\/nuevo-renacer.com\/wp-content\/uploads\/2024\/07\/meimei.webp 640w, https:\/\/nuevo-renacer.com\/wp-content\/uploads\/2024\/07\/meimei-240x300.webp 240w, https:\/\/nuevo-renacer.com\/wp-content\/uploads\/2024\/07\/meimei-10x12.webp 10w\" sizes=\"(max-width: 640px) 100vw, 640px\" \/><\/figure>\n<\/div><\/div>\n\n\n\n<div class=\"wp-block-uagb-container uagb-block-b3db2bfb alignfull uagb-is-root-container\"><div class=\"uagb-container-inner-blocks-wrap\">\n<p class=\"has-black-color has-text-color has-link-color has-small-font-size wp-elements-8da0cd55b964342aab7ee8f54d8f54bb\">Ad\u0131n\u0131 benimseyen pek \u00e7ok ev taraf\u0131ndan onurland\u0131r\u0131lan esp\u00edritas; Aralar\u0131nda Chico Xavier&#039;in psicografiados adl\u0131 birka\u00e7 kitab\u0131n\u0131n yazar\u0131: \u201cBabam\u0131z\u201d, \u201cDostluk\u201d, &#034;Kalp S\u00f6zleri&#034;, &#034;\u0130yili\u011fin Astar\u0131&#034;, &#034;Evdeki M\u00fcjde&#034;, &#034;Tanr\u0131 Bekler&#034;, &#034; Anne&#034;, vb... ve yine de, hayatta vermek zorunda oldu\u011fu ifadelerle o kadar az tan\u0131nan Irma Castro \u2013 vaftiz ad\u0131 \u2013 ac\u0131 kar\u015f\u0131s\u0131nda bir istifa \u00f6rne\u011fiydi, hayat\u0131n t\u00fcm zevklerini kapt\u0131m, hayallerle ve umutlarla dolu gen\u00e7 bir k\u0131za izin verebilirdim. Meimei, 22 Ekim 1922&#039;de Mateus Leme \u2013 MG \u015fehrinde do\u011fdu ve 1934&#039;te Belo Horizonte&#039;ye ta\u015f\u0131nd\u0131 ve burada 22 ya\u015f\u0131nda evlendi\u011fi Arnaldo Rocha ile tan\u0131\u015ft\u0131 ve Irma de Castro Rocha oldu. Evlilik, 1 Ekim 1946&#039;da 24 ya\u015f\u0131nda Belo Horizonte-MG \u015fehrinde kronik nefrit nedeniyle yayg\u0131n komplikasyonlardan \u00f6ld\u00fc\u011f\u00fc i\u00e7in sadece iki y\u0131l s\u00fcrd\u00fc.<\/p>\n\n\n\n<p class=\"has-black-color has-text-color has-link-color has-small-font-size wp-elements-362affe5123846908e6b2c2e4c60faad\">T\u00fcm \u00e7ocuklu\u011fu boyunca Meimei&#039;nin bademciklerle ilgili sorunlar\u0131 vard\u0131. Gluteal b\u00f6lgeniz enjeksiyonlarla i\u015faretlendi. Evlendikten k\u0131sa bir s\u00fcre sonra hastal\u0131ktan muzdarip olmak i\u00e7in geri d\u00f6nd\u00fc ve paran bezlerini \u00e7\u0131karmak i\u00e7in ameliyat olmak zorunda kald\u0131. Ne yaz\u0131k ki, ameliyattan sonra v\u00fccudunda k\u00fc\u00e7\u00fck bir par\u00e7a kald\u0131 ve kafatas\u0131nda hipertansiyon ve hipertansiyon ile sonu\u00e7lanan b\u00f6brek problemleriyle komplike oldu\u011fu i\u00e7in ba\u015fa \u00e7\u0131kmas\u0131 gereken t\u00fcm dramaya yol a\u00e7t\u0131.<\/p>\n\n\n\n<p class=\"has-black-color has-text-color has-link-color has-small-font-size wp-elements-afb9f1f0fe8cb51a2e8df99cc99d621f\">Hipertansiyon nedeniyle ok\u00fcler komplikasyonlar ya\u015famaya ba\u015flad\u0131, yava\u015f yava\u015f g\u00f6r\u00fc\u015f\u00fcn\u00fc kaybetti ve gece g\u00fcnd\u00fcz karanl\u0131k bir odada kalmak zorunda kald\u0131 ve hayat\u0131n\u0131n son iki g\u00fcn\u00fcnde tamamen k\u00f6rd\u00fc. Hayat\u0131n\u0131n son g\u00fcnlerinde \u00e7ekti\u011fi ac\u0131lar art\u0131yordu. Haftal\u0131k kan ve idrar testleri, delinmeler ve kemik ili\u011fi yapt\u0131rmak zorunda kald\u0131. Kocas\u0131 Arnaldo Rocha&#039;ya g\u00f6re Meimei bu d\u00f6nemi b\u00fcy\u00fck bir istifa, al\u00e7akg\u00f6n\u00fcll\u00fcl\u00fck ve sab\u0131rla ya\u015fad\u0131.<\/p>\n\n\n\n<p class=\"has-black-color has-text-color has-link-color has-small-font-size wp-elements-f7bf06cdebb2b985b8cf264e6c5c6468\">Son anlar \u00e7ok ac\u0131 vericiydi. Akci\u011ferleri direnmedi ve a\u011fz\u0131ndan kanamas\u0131na neden olan akut bir \u00f6dem ge\u00e7irdi. Hayat\u0131n\u0131n son otuz dakikas\u0131 umutsuzluk ve \u0131st\u0131rapla doluydu. Ancak bu s\u00fcrenin sonunda, fiziksel ya\u015fam\u0131n\u0131n sona ermesiyle v\u00fccudunuz, her zaman karakterize etti\u011fi s\u00fckunet ifadesini geri kazanm\u0131\u015ft\u0131r. Meimei, Belo Horizonte&#039;deki Bonfim mezarl\u0131\u011f\u0131na g\u00f6m\u00fcld\u00fc.<\/p>\n\n\n\n<p class=\"has-black-color has-text-color has-link-color has-small-font-size wp-elements-9862210a0b7827ef352d547005b3f5e5\">Desencarnaci\u00f3n&#039;dan yakla\u015f\u0131k elli g\u00fcn sonra e\u015fi Arnaldo Rocha, maneviyat\u00e7\u0131 olan karde\u015fi Orlando&#039;nun e\u015fli\u011finde derinden \u00fcz\u00fcld\u00fc, orta boy Chico Xavier&#039;i g\u00f6rd\u00fc\u011f\u00fcnde Belo Horizonte&#039;deki avenida Santos Dumont boyunca y\u00fcr\u00fcyordu. Arnaldo bir maneviyat\u00e7\u0131 de\u011fildi ve o zamana kadar medyumun arkada\u015fl\u0131\u011f\u0131ndan hi\u00e7 zevk almam\u0131\u015ft\u0131. Neredeyse on y\u0131l olmu\u015ftu, \u00e7ok k\u0131sa bir s\u00fcre takdim edilmi\u015fti. On iki y\u0131ldan biraz daha uzun bir s\u00fcrem olmal\u0131. Orada olanlar, o anda hayat\u0131n\u0131 tamamen de\u011fi\u015ftirdi. Ve ne oldu\u011funu anlat\u0131yor: \u201cAdam bana bakt\u0131 ve \u015f\u00f6yle dedi:\u201dArkada\u015flar, bu bizim Arnaldo&#039;muz, \u00fczg\u00fcn, zay\u0131f, sevgili Meimei i\u00e7in nostalji dolu&#034;... Acarici\u00e1ndome, hassasiyetleriyle \u015f\u00f6yle dedi: &#034;O\u011flum, c\u00fczdan\u0131nda tutmas\u0131 i\u00e7in Meimei&#039;mizin portresini g\u00f6rmeme izin ver&#034;\u201d Ve b\u00f6ylece Arnaldo&#039;nun kendisine sundu\u011fu portreye bakt\u0131ktan sonra \u00c7ocuk \u015f\u00f6yle dedi: &#034;Sevgili prensesimiz Meimei seninle konu\u015fmaya can at\u0131yor!\u201d.<\/p>\n\n\n\n<p class=\"has-black-color has-text-color has-link-color has-small-font-size wp-elements-72de240759c96222adab8b80f6f5b501\">Ve o gece, Belo Horizonte&#039;deki baz\u0131 spirit\u00fcalist arkada\u015flar\u0131n\u0131n evinde d\u00fczenlenen bir toplant\u0131da Meimei ilk mesaj\u0131n\u0131 b\u0131rakt\u0131. psikografiado. Ve y\u0131llar ge\u00e7tik\u00e7e, \u00c7ocuk en yak\u0131n arkada\u015flar\u0131na Meimei&#039;nin Andr\u00e9 Luiz&#039;in \u201cYer ile G\u00f6ky\u00fcz\u00fc Aras\u0131nda\u201d (9. ve 10. b\u00f6l\u00fcmler) bahsetti\u011fi ve ruhani \u201cNosso Lar &#034; \u015fehrinde ya\u015fayan ayn\u0131 M\u00fclayim oldu\u011funu a\u00e7\u0131klad\u0131; Ayr\u0131ca ayn\u0131 M\u00fclayim oldu\u011funu s\u00f6yledi, Emmanuel&#039;in \u201cMesih&#039;in Ku\u015fu\u201d roman\u0131nda anlatt\u0131\u011f\u0131 ve \u0130sa&#039;dan sonraki \u00fc\u00e7\u00fcnc\u00fc y\u00fczy\u0131lda ya\u015fad\u0131\u011f\u0131 Tatian ve Helena&#039;n\u0131n k\u0131z\u0131.<\/p>\n\n\n\n<p class=\"has-black-color has-text-color has-link-color has-small-font-size wp-elements-38992d5a302f17880c980bd19906e516\">Son olarak, sadece \u201cMeimei\u201d nin Arnando-Irma \u00e7iftinin amerikal\u0131 bir yazar olan \u201cPekin&#039;de bir an\u201d ba\u015fl\u0131kl\u0131 k\u0131sa bir hikayeyi okuduktan sonra kullanmaya ba\u015flad\u0131\u011f\u0131 sevecen bir takma ad oldu\u011funu s\u00f6ylemeye devam ediyor. Her ikisine de \u201cBenim Meimei&#039;m &#034; denmeye ba\u015flad\u0131. Ve Arnaldo&#039;ya g\u00f6re, \u00c7ocuk bunu bilemezdi.<\/p>\n\n\n\n<p class=\"has-black-color has-text-color has-link-color has-small-font-size wp-elements-f15c0b56aaff4b0945e25201b7a42f93\">(Meimei - \u201csaf a\u015fk &#034; anlam\u0131na gelen \u00c7ince ifade)<\/p>\n\n\n\n<p class=\"has-black-color has-text-color has-link-color has-small-font-size wp-elements-8f43f9bf90d7b15986abe336999b9c96\">&#034;Bir gece, lezzetli bir koku olimos. Yak\u0131ndan bak\u0131nca, Meimei &amp; amp; apos; yi g\u00f6t\u00fcrd\u00fc\u011f\u00fcn\u00fcn ayn\u0131s\u0131 oldu\u011funu d\u00fc\u015f\u00fcnd\u00fcm. Koridorun sanki yan\u0131nda biri el feneri ta\u015f\u0131yormu\u015f gibi yava\u015f\u00e7a ayd\u0131nland\u0131\u011f\u0131n\u0131 fark etti\u011fimde \u015fa\u015f\u0131rd\u0131m. Birden \u0131\u015f\u0131k s\u00f6nd\u00fc. Birka\u00e7 dakika sonra oda ayd\u0131nland\u0131. Odan\u0131n ortas\u0131nda \u0131\u015f\u0131ldayan bir heykel vard\u0131. Y\u00fcz\u00fcn\u00fc bir \u00f6rt\u00fc \u00f6rtt\u00fc. Her iki kolu da kald\u0131rd\u0131 ve zarafet ve eterik bir \u015fekilde ellerini ba\u015f\u0131n\u0131n \u00fczerinden ge\u00e7irerek beline g\u00fczel siyah sa\u00e7lardan olu\u015fan bir \u00e7a\u011flayan\u0131n d\u00fc\u015fmesine neden oldu. Meimei&#039;ydi. Bana bakt\u0131, beni selamlad\u0131 ve oturdu\u011fum yere geldi. Hafif bir kuma\u015fla giyinmi\u015f ve \u015feffaft\u0131. G\u00fczeldi. Ona sar\u0131lmak i\u00e7in kalkt\u0131m ve onun ruhani kalbinin at\u0131\u015f\u0131n\u0131 hissettim. Karde\u015f\u00e7e \u00f6p\u00fc\u015ft\u00fck ve y\u00fcz\u00fcm\u00fc ok\u015fad\u0131 ve kulaklar\u0131mla oynad\u0131. G\u00fczelli\u011fini, yay\u0131lan kokuyu, k\u0131yafetlerinin zarafetini, lo\u015f kad\u0131nl\u0131\u011f\u0131n\u0131zla \u00f6verken dedim ki: \u201c\u015eey, Meimei&#039;m, burada ki\u015fisel sunum konusunda da endi\u015feliyiz! Dostumuza yard\u0131m edin, karde\u015flik \u00e7al\u0131\u015fmas\u0131 bizi daha g\u00fczel k\u0131l\u0131yor ve sonu\u00e7ta ben bir kad\u0131n\u0131m! Senin i\u00e7in haz\u0131rland\u0131m gen\u00e7 adam! \u00c7irkin bir Meimei&#039;yi sevme!\u201d<\/p>\n<\/div><\/div>","protected":false},"excerpt":{"rendered":"<p>Irma de Castro Rocha (MEIMEI) Honrada por tantas casas esp\u00edritas que adoptaron su nombre; autora de varios libros psicografiados por Chico Xavier, entre ellos: \u00abPadre Nuestro\u00bb, \u00abAmistad\u00bb, \u00abPalabras del Coraz\u00f3n\u00bb, \u00abCartilla del Bien\u00bb, \u00abEvangelio en Casa\u00bb, \u00abDios Espera\u00bb, \u00abMadre\u00bb, etc&#8230; y, sin embargo, tan poco conocida por los testimonios que tuvo que dar en vida, [&hellip;]<\/p>","protected":false},"author":1,"featured_media":3410,"parent":0,"menu_order":0,"comment_status":"closed","ping_status":"closed","template":"","meta":{"_uag_custom_page_level_css":"","site-sidebar-layout":"default","site-content-layout":"","ast-site-content-layout":"default","site-content-style":"default","site-sidebar-style":"default","ast-global-header-display":"","ast-banner-title-visibility":"","ast-main-header-display":"","ast-hfb-above-header-display":"","ast-hfb-below-header-display":"","ast-hfb-mobile-header-display":"","site-post-title":"disabled","ast-breadcrumbs-content":"","ast-featured-img":"","footer-sml-layout":"","theme-transparent-header-meta":"","adv-header-id-meta":"","stick-header-meta":"","header-above-stick-meta":"","header-main-stick-meta":"","header-below-stick-meta":"","astra-migrate-meta-layouts":"set","ast-page-background-enabled":"default","ast-page-background-meta":{"desktop":{"background-color":"var(--ast-global-color-4)","background-image":"","background-repeat":"repeat","background-position":"center center","background-size":"auto","background-attachment":"scroll","background-type":"","background-media":"","overlay-type":"","overlay-color":"","overlay-opacity":"","overlay-gradient":""},"tablet":{"background-color":"","background-image":"","background-repeat":"repeat","background-position":"center center","background-size":"auto","background-attachment":"scroll","background-type":"","background-media":"","overlay-type":"","overlay-color":"","overlay-opacity":"","overlay-gradient":""},"mobile":{"background-color":"","background-image":"","background-repeat":"repeat","background-position":"center center","background-size":"auto","background-attachment":"scroll","background-type":"","background-media":"","overlay-type":"","overlay-color":"","overlay-opacity":"","overlay-gradient":""}},"ast-content-background-meta":{"desktop":{"background-color":"var(--ast-global-color-5)","background-image":"","background-repeat":"repeat","background-position":"center center","background-size":"auto","background-attachment":"scroll","background-type":"","background-media":"","overlay-type":"","overlay-color":"","overlay-opacity":"","overlay-gradient":""},"tablet":{"background-color":"var(--ast-global-color-5)","background-image":"","background-repeat":"repeat","background-position":"center center","background-size":"auto","background-attachment":"scroll","background-type":"","background-media":"","overlay-type":"","overlay-color":"","overlay-opacity":"","overlay-gradient":""},"mobile":{"background-color":"var(--ast-global-color-5)","background-image":"","background-repeat":"repeat","background-position":"center center","background-size":"auto","background-attachment":"scroll","background-type":"","background-media":"","overlay-type":"","overlay-color":"","overlay-opacity":"","overlay-gradient":""}},"footnotes":""},"class_list":["post-3409","page","type-page","status-publish","has-post-thumbnail","hentry"],"yoast_head":"<!-- This site is optimized with the Yoast SEO Premium plugin v24.2 (Yoast SEO v24.6) - https:\/\/yoast.com\/wordpress\/plugins\/seo\/ -->\n<title>Irma de Castro Rocha (MEIMEI) - Uni\u00f3n Esp\u00edrita<\/title>\n<meta name=\"robots\" content=\"index, follow, max-snippet:-1, max-image-preview:large, max-video-preview:-1\" \/>\n<link rel=\"canonical\" href=\"https:\/\/nuevo-renacer.com\/tr\/meimei\/\" \/>\n<meta property=\"og:locale\" content=\"tr_TR\" \/>\n<meta property=\"og:type\" content=\"article\" \/>\n<meta property=\"og:title\" content=\"Irma de Castro Rocha (MEIMEI)\" \/>\n<meta property=\"og:description\" content=\"Irma de Castro Rocha (MEIMEI) Honrada por tantas casas esp\u00edritas que adoptaron su nombre; autora de varios libros psicografiados por Chico Xavier, entre ellos: \u00abPadre Nuestro\u00bb, \u00abAmistad\u00bb, \u00abPalabras del Coraz\u00f3n\u00bb, \u00abCartilla del Bien\u00bb, \u00abEvangelio en Casa\u00bb, \u00abDios Espera\u00bb, \u00abMadre\u00bb, etc&#8230; y, sin embargo, tan poco conocida por los testimonios que tuvo que dar en vida, [&hellip;]\" \/>\n<meta property=\"og:url\" content=\"https:\/\/nuevo-renacer.com\/tr\/meimei\/\" \/>\n<meta property=\"og:site_name\" content=\"Uni\u00f3n Esp\u00edrita\" \/>\n<meta property=\"article:publisher\" content=\"https:\/\/www.facebook.com\/groups\/3431398063740829\" \/>\n<meta property=\"article:modified_time\" content=\"2024-07-17T09:12:31+00:00\" \/>\n<meta property=\"og:image\" content=\"https:\/\/nuevo-renacer.com\/wp-content\/uploads\/2024\/07\/meimei.webp\" \/>\n\t<meta property=\"og:image:width\" content=\"640\" \/>\n\t<meta property=\"og:image:height\" content=\"800\" \/>\n\t<meta property=\"og:image:type\" content=\"image\/webp\" \/>\n<meta name=\"twitter:card\" content=\"summary_large_image\" \/>\n<meta name=\"twitter:label1\" content=\"Tahmini okuma s\u00fcresi\" \/>\n\t<meta name=\"twitter:data1\" content=\"5 dakika\" \/>\n<script type=\"application\/ld+json\" class=\"yoast-schema-graph\">{\"@context\":\"https:\/\/schema.org\",\"@graph\":[{\"@type\":\"WebPage\",\"@id\":\"https:\/\/nuevo-renacer.com\/meimei\/\",\"url\":\"https:\/\/nuevo-renacer.com\/meimei\/\",\"name\":\"Irma de Castro Rocha (MEIMEI) - Uni\u00f3n Esp\u00edrita\",\"isPartOf\":{\"@id\":\"https:\/\/nuevo-renacer.com\/#website\"},\"primaryImageOfPage\":{\"@id\":\"https:\/\/nuevo-renacer.com\/meimei\/#primaryimage\"},\"image\":{\"@id\":\"https:\/\/nuevo-renacer.com\/meimei\/#primaryimage\"},\"thumbnailUrl\":\"https:\/\/nuevo-renacer.com\/wp-content\/uploads\/2024\/07\/meimei.webp\",\"datePublished\":\"2024-07-08T12:44:09+00:00\",\"dateModified\":\"2024-07-17T09:12:31+00:00\",\"breadcrumb\":{\"@id\":\"https:\/\/nuevo-renacer.com\/meimei\/#breadcrumb\"},\"inLanguage\":\"tr\",\"potentialAction\":[{\"@type\":\"ReadAction\",\"target\":[\"https:\/\/nuevo-renacer.com\/meimei\/\"]}]},{\"@type\":\"ImageObject\",\"inLanguage\":\"tr\",\"@id\":\"https:\/\/nuevo-renacer.com\/meimei\/#primaryimage\",\"url\":\"https:\/\/nuevo-renacer.com\/wp-content\/uploads\/2024\/07\/meimei.webp\",\"contentUrl\":\"https:\/\/nuevo-renacer.com\/wp-content\/uploads\/2024\/07\/meimei.webp\",\"width\":640,\"height\":800},{\"@type\":\"BreadcrumbList\",\"@id\":\"https:\/\/nuevo-renacer.com\/meimei\/#breadcrumb\",\"itemListElement\":[{\"@type\":\"ListItem\",\"position\":1,\"name\":\"Startseite\",\"item\":\"https:\/\/nuevo-renacer.com\/\"},{\"@type\":\"ListItem\",\"position\":2,\"name\":\"Irma de Castro Rocha (MEIMEI)\"}]},{\"@type\":\"WebSite\",\"@id\":\"https:\/\/nuevo-renacer.com\/#website\",\"url\":\"https:\/\/nuevo-renacer.com\/\",\"name\":\"Uni\u00f3n Esp\u00edrita\",\"description\":\"Nuevo Renacer\",\"publisher\":{\"@id\":\"https:\/\/nuevo-renacer.com\/#organization\"},\"potentialAction\":[{\"@type\":\"SearchAction\",\"target\":{\"@type\":\"EntryPoint\",\"urlTemplate\":\"https:\/\/nuevo-renacer.com\/?s={search_term_string}\"},\"query-input\":{\"@type\":\"PropertyValueSpecification\",\"valueRequired\":true,\"valueName\":\"search_term_string\"}}],\"inLanguage\":\"tr\"},{\"@type\":\"Organization\",\"@id\":\"https:\/\/nuevo-renacer.com\/#organization\",\"name\":\"UFEC\",\"url\":\"https:\/\/nuevo-renacer.com\/\",\"logo\":{\"@type\":\"ImageObject\",\"inLanguage\":\"tr\",\"@id\":\"https:\/\/nuevo-renacer.com\/#\/schema\/logo\/image\/\",\"url\":\"https:\/\/nuevo-renacer.com\/wp-content\/uploads\/2024\/05\/cropped-LOGO-TERMINADO1-3-3.png\",\"contentUrl\":\"https:\/\/nuevo-renacer.com\/wp-content\/uploads\/2024\/05\/cropped-LOGO-TERMINADO1-3-3.png\",\"width\":512,\"height\":512,\"caption\":\"UFEC\"},\"image\":{\"@id\":\"https:\/\/nuevo-renacer.com\/#\/schema\/logo\/image\/\"},\"sameAs\":[\"https:\/\/www.facebook.com\/groups\/3431398063740829\"]}]}<\/script>\n<!-- \/ Yoast SEO Premium plugin. -->","yoast_head_json":{"title":"Irma de Castro Rocha (MEIMEI) - Uni\u00f3n Esp\u00edrita","robots":{"index":"index","follow":"follow","max-snippet":"max-snippet:-1","max-image-preview":"max-image-preview:large","max-video-preview":"max-video-preview:-1"},"canonical":"https:\/\/nuevo-renacer.com\/tr\/meimei\/","og_locale":"tr_TR","og_type":"article","og_title":"Irma de Castro Rocha (MEIMEI)","og_description":"Irma de Castro Rocha (MEIMEI) Honrada por tantas casas esp\u00edritas que adoptaron su nombre; autora de varios libros psicografiados por Chico Xavier, entre ellos: \u00abPadre Nuestro\u00bb, \u00abAmistad\u00bb, \u00abPalabras del Coraz\u00f3n\u00bb, \u00abCartilla del Bien\u00bb, \u00abEvangelio en Casa\u00bb, \u00abDios Espera\u00bb, \u00abMadre\u00bb, etc&#8230; y, sin embargo, tan poco conocida por los testimonios que tuvo que dar en vida, [&hellip;]","og_url":"https:\/\/nuevo-renacer.com\/tr\/meimei\/","og_site_name":"Uni\u00f3n Esp\u00edrita","article_publisher":"https:\/\/www.facebook.com\/groups\/3431398063740829","article_modified_time":"2024-07-17T09:12:31+00:00","og_image":[{"width":640,"height":800,"url":"https:\/\/nuevo-renacer.com\/wp-content\/uploads\/2024\/07\/meimei.webp","type":"image\/webp"}],"twitter_card":"summary_large_image","twitter_misc":{"Tahmini okuma s\u00fcresi":"5 dakika"},"schema":{"@context":"https:\/\/schema.org","@graph":[{"@type":"WebPage","@id":"https:\/\/nuevo-renacer.com\/meimei\/","url":"https:\/\/nuevo-renacer.com\/meimei\/","name":"Irma de Castro Rocha (MEIMEI) - Uni\u00f3n Esp\u00edrita","isPartOf":{"@id":"https:\/\/nuevo-renacer.com\/#website"},"primaryImageOfPage":{"@id":"https:\/\/nuevo-renacer.com\/meimei\/#primaryimage"},"image":{"@id":"https:\/\/nuevo-renacer.com\/meimei\/#primaryimage"},"thumbnailUrl":"https:\/\/nuevo-renacer.com\/wp-content\/uploads\/2024\/07\/meimei.webp","datePublished":"2024-07-08T12:44:09+00:00","dateModified":"2024-07-17T09:12:31+00:00","breadcrumb":{"@id":"https:\/\/nuevo-renacer.com\/meimei\/#breadcrumb"},"inLanguage":"tr","potentialAction":[{"@type":"ReadAction","target":["https:\/\/nuevo-renacer.com\/meimei\/"]}]},{"@type":"ImageObject","inLanguage":"tr","@id":"https:\/\/nuevo-renacer.com\/meimei\/#primaryimage","url":"https:\/\/nuevo-renacer.com\/wp-content\/uploads\/2024\/07\/meimei.webp","contentUrl":"https:\/\/nuevo-renacer.com\/wp-content\/uploads\/2024\/07\/meimei.webp","width":640,"height":800},{"@type":"BreadcrumbList","@id":"https:\/\/nuevo-renacer.com\/meimei\/#breadcrumb","itemListElement":[{"@type":"ListItem","position":1,"name":"Startseite","item":"https:\/\/nuevo-renacer.com\/"},{"@type":"ListItem","position":2,"name":"Irma de Castro Rocha (MEIMEI)"}]},{"@type":"WebSite","@id":"https:\/\/nuevo-renacer.com\/#website","url":"https:\/\/nuevo-renacer.com\/","name":"Uni\u00f3n Esp\u00edrita","description":"Nuevo Renacer","publisher":{"@id":"https:\/\/nuevo-renacer.com\/#organization"},"potentialAction":[{"@type":"SearchAction","target":{"@type":"EntryPoint","urlTemplate":"https:\/\/nuevo-renacer.com\/?s={search_term_string}"},"query-input":{"@type":"PropertyValueSpecification","valueRequired":true,"valueName":"search_term_string"}}],"inLanguage":"tr"},{"@type":"Organization","@id":"https:\/\/nuevo-renacer.com\/#organization","name":"UFEC","url":"https:\/\/nuevo-renacer.com\/","logo":{"@type":"ImageObject","inLanguage":"tr","@id":"https:\/\/nuevo-renacer.com\/#\/schema\/logo\/image\/","url":"https:\/\/nuevo-renacer.com\/wp-content\/uploads\/2024\/05\/cropped-LOGO-TERMINADO1-3-3.png","contentUrl":"https:\/\/nuevo-renacer.com\/wp-content\/uploads\/2024\/05\/cropped-LOGO-TERMINADO1-3-3.png","width":512,"height":512,"caption":"UFEC"},"image":{"@id":"https:\/\/nuevo-renacer.com\/#\/schema\/logo\/image\/"},"sameAs":["https:\/\/www.facebook.com\/groups\/3431398063740829"]}]}},"uagb_featured_image_src":{"full":["https:\/\/nuevo-renacer.com\/wp-content\/uploads\/2024\/07\/meimei.webp",640,800,false],"thumbnail":["https:\/\/nuevo-renacer.com\/wp-content\/uploads\/2024\/07\/meimei-150x150.webp",150,150,true],"medium":["https:\/\/nuevo-renacer.com\/wp-content\/uploads\/2024\/07\/meimei-240x300.webp",240,300,true],"medium_large":["https:\/\/nuevo-renacer.com\/wp-content\/uploads\/2024\/07\/meimei.webp",640,800,false],"large":["https:\/\/nuevo-renacer.com\/wp-content\/uploads\/2024\/07\/meimei.webp",640,800,false],"1536x1536":["https:\/\/nuevo-renacer.com\/wp-content\/uploads\/2024\/07\/meimei.webp",640,800,false],"2048x2048":["https:\/\/nuevo-renacer.com\/wp-content\/uploads\/2024\/07\/meimei.webp",640,800,false],"trp-custom-language-flag":["https:\/\/nuevo-renacer.com\/wp-content\/uploads\/2024\/07\/meimei-10x12.webp",10,12,true]},"uagb_author_info":{"display_name":"adbv0","author_link":"https:\/\/nuevo-renacer.com\/tr\/author\/adbv0\/"},"uagb_comment_info":0,"uagb_excerpt":"Irma de Castro Rocha (MEIMEI) Honrada por tantas casas esp\u00edritas que adoptaron su nombre; autora de varios libros psicografiados por Chico Xavier, entre ellos: \u00abPadre Nuestro\u00bb, \u00abAmistad\u00bb, \u00abPalabras del Coraz\u00f3n\u00bb, \u00abCartilla del Bien\u00bb, \u00abEvangelio en Casa\u00bb, \u00abDios Espera\u00bb, \u00abMadre\u00bb, etc&#8230; y, sin embargo, tan poco conocida por los testimonios que tuvo que dar en vida,&hellip;","jetpack_sharing_enabled":true,"_links":{"self":[{"href":"https:\/\/nuevo-renacer.com\/tr\/wp-json\/wp\/v2\/pages\/3409","targetHints":{"allow":["GET"]}}],"collection":[{"href":"https:\/\/nuevo-renacer.com\/tr\/wp-json\/wp\/v2\/pages"}],"about":[{"href":"https:\/\/nuevo-renacer.com\/tr\/wp-json\/wp\/v2\/types\/page"}],"author":[{"embeddable":true,"href":"https:\/\/nuevo-renacer.com\/tr\/wp-json\/wp\/v2\/users\/1"}],"replies":[{"embeddable":true,"href":"https:\/\/nuevo-renacer.com\/tr\/wp-json\/wp\/v2\/comments?post=3409"}],"version-history":[{"count":2,"href":"https:\/\/nuevo-renacer.com\/tr\/wp-json\/wp\/v2\/pages\/3409\/revisions"}],"predecessor-version":[{"id":3948,"href":"https:\/\/nuevo-renacer.com\/tr\/wp-json\/wp\/v2\/pages\/3409\/revisions\/3948"}],"wp:featuredmedia":[{"embeddable":true,"href":"https:\/\/nuevo-renacer.com\/tr\/wp-json\/wp\/v2\/media\/3410"}],"wp:attachment":[{"href":"https:\/\/nuevo-renacer.com\/tr\/wp-json\/wp\/v2\/media?parent=3409"}],"curies":[{"name":"wp","href":"https:\/\/api.w.org\/{rel}","templated":true}]}}