{"id":3404,"date":"2024-07-08T12:01:59","date_gmt":"2024-07-08T12:01:59","guid":{"rendered":"https:\/\/ufec-mundial.com\/?page_id=3404"},"modified":"2024-07-08T12:02:01","modified_gmt":"2024-07-08T12:02:01","slug":"euripedes-barsanulfo","status":"publish","type":"page","link":"https:\/\/nuevo-renacer.com\/tr\/euripedes-barsanulfo\/","title":{"rendered":"Eur\u00edpedes Barsanulfo"},"content":{"rendered":"<div class=\"wp-block-uagb-container uagb-block-3784d2e2 alignfull uagb-is-root-container\"><div class=\"uagb-container-inner-blocks-wrap\">\n<p class=\"has-black-color has-text-color has-link-color has-medium-font-size wp-elements-34e35a3452de7aea30ca92e909231964\"><strong>Eur\u00edpedes Barsanulfo<\/strong><\/p>\n<\/div><\/div>\n\n\n\n<div class=\"wp-block-uagb-container uagb-block-f6dd6098 alignfull uagb-is-root-container\"><div class=\"uagb-container-inner-blocks-wrap\">\n<figure class=\"wp-block-image size-full is-resized\"><img fetchpriority=\"high\" decoding=\"async\" width=\"367\" height=\"480\" src=\"https:\/\/ufec-mundial.com\/wp-content\/uploads\/2024\/07\/euripedesbarsanulfobiografia-180830180732-thumbnail.jpg\" alt=\"\" class=\"wp-image-3405\" style=\"width:258px;height:auto\" srcset=\"https:\/\/nuevo-renacer.com\/wp-content\/uploads\/2024\/07\/euripedesbarsanulfobiografia-180830180732-thumbnail.jpg 367w, https:\/\/nuevo-renacer.com\/wp-content\/uploads\/2024\/07\/euripedesbarsanulfobiografia-180830180732-thumbnail-229x300.jpg 229w, https:\/\/nuevo-renacer.com\/wp-content\/uploads\/2024\/07\/euripedesbarsanulfobiografia-180830180732-thumbnail-9x12.jpg 9w\" sizes=\"(max-width: 367px) 100vw, 367px\" \/><\/figure>\n<\/div><\/div>\n\n\n\n<div class=\"wp-block-uagb-container uagb-block-347fe47a alignfull uagb-is-root-container\"><div class=\"uagb-container-inner-blocks-wrap\">\n<p class=\"has-black-color has-text-color has-link-color has-small-font-size wp-elements-653021d345f5b1c5debf68e1951004d6\">Euripides Barsanulfo, 1 May\u0131s 1880&#039;de Sacramento (Minas Gerais) \u015fehrinde do\u011fdu ve 1 Kas\u0131m 1918&#039;de orada \u00f6ld\u00fc.<\/p>\n\n\n\n<p class=\"has-black-color has-text-color has-link-color has-small-font-size wp-elements-324afdba0bf513b392c248bff8f59689\">Ailesi Hermogenes Ernesto Ara\u00fajo ve D. Jer\u00f4nima Pereira de Almeida&#039;yd\u0131, her ikisi de ba\u015flang\u0131\u00e7ta maddi mallar bak\u0131m\u0131ndan fakirdi, ancak onurlu evi olarak ne\u015fe ve huzurla dolu h\u0131ristiyan erdemleri bak\u0131m\u0131ndan zengindi.<\/p>\n\n\n\n<p class=\"has-black-color has-text-color has-link-color has-small-font-size wp-elements-be683913a3a8848af987c0c8b5722241\">Asil duygular\u0131n\u0131 zar zor ifade edebilen, zekas\u0131 ve i\u015fine ve \u00e7al\u0131\u015fmas\u0131na olan ba\u011fl\u0131l\u0131\u011f\u0131 ile takdir edilen bir \u00e7ocuk oldu\u011fu ortaya \u00e7\u0131kt\u0131.<\/p>\n\n\n\n<p class=\"has-black-color has-text-color has-link-color has-small-font-size wp-elements-f8697d150a2bb66c2b85f8c2ab6049a2\">Gen\u00e7li\u011fi, \u015fansl\u0131 olanlarda oldu\u011fu gibi kayg\u0131s\u0131z de\u011fildi. \u00c7ok gen\u00e7, evin ini\u015f \u00e7\u0131k\u0131\u015flar\u0131yla y\u00fczle\u015fmek zorunda kald\u0131 ve size yard\u0131m edecek ara\u00e7lar\u0131 te\u015fvik etti.<\/p>\n\n\n\n<p class=\"has-black-color has-text-color has-link-color has-small-font-size wp-elements-764e03ae1c4db12cb46da38df290918a\">Ger\u00e7ek bir destek oldu\u011fu ebeveynlerinin yan\u0131nda b\u00fcy\u00fcd\u00fc ve ya\u015fad\u0131. \u0130\u015f\u00e7i ve uysal, Mirandal\u0131 usta e\u011fitimci Jo\u00e3o Derwil liderli\u011findeki e\u011fitim kurumu Col\u00e9gio Miranda&#039;da ya\u015fam derslerine kat\u0131ld\u0131. Hayat\u0131n\u0131n \u015fafa\u011f\u0131nda, mektuplar\u0131n kariyerini takip etme konusunda b\u00fcy\u00fck bir e\u011filim g\u00f6sterdi. Bir \u00f6\u011frenci olarak, \u00f6\u011fretmenlerin akranlar\u0131na \u00f6\u011fretmelerine yard\u0131mc\u0131 oldu ve bu, kendi karde\u015flerinin efendisi olan \u00f6\u011fretme sevgisiydi.<\/p>\n\n\n\n<p class=\"has-black-color has-text-color has-link-color has-small-font-size wp-elements-456d63e3f06728c8524c8d0fca71c269\">Her \u015feyi bilmek isteyen Barsanulfo, birka\u00e7 y\u0131l i\u00e7inde sa\u011flam ve zarif bir olu\u015fuma ula\u015ft\u0131. Okul, muhasebeci olarak \u00e7al\u0131\u015ft\u0131\u011f\u0131 babas\u0131n\u0131n i\u015finin ofisine ta\u015f\u0131nd\u0131.<\/p>\n\n\n\n<p class=\"has-black-color has-text-color has-link-color has-small-font-size wp-elements-5c956e18585e281523ef91629f8c7d64\">Ocak 1902&#039;de eski \u00f6\u011fretmeni Dr. Jo\u00e3o Gomes Vieira de Melo, luiz In\u00e1cio Martins de Melo ve meslekta\u015f\u0131 Jos\u00e9 Martins Borges ile birlikte ba\u015fkalar\u0131n\u0131n da deste\u011fiyle ilk ve orta \u00f6\u011fretim enstit\u00fcs\u00fc Sacramento Lisesi&#039;ni kurdu ve burada be\u015f y\u0131l \u00fcst \u00fcste ba\u015fkanl\u0131k yapt\u0131, nadir bir parlakl\u0131kla, gerekti\u011finde t\u00fcm konular\u0131 vermek.<\/p>\n\n\n\n<p class=\"has-black-color has-text-color has-link-color has-small-font-size wp-elements-a022d93a5f9e68ae53afe95396db861f\">Lisenin kurulu\u015funa paralel olarak, Pazar g\u00fcn\u00fc \u00e7\u0131kan ve iki y\u0131l edit\u00f6rl\u00fc\u011f\u00fcn\u00fc yapt\u0131\u011f\u0131 haftal\u0131k gazete \u201cGazeta Sacramento\u201d da yay\u0131nland\u0131. Bu yaz\u0131da Barsanulfo gazeteci olarak pr\u00f6miyer yapt\u0131, ekonomi politi\u011fi, kamu hukuku, e\u011fitim y\u00f6ntemleri, edebiyat, felsefe vb.Konularda makaleler yazd\u0131 ve verimli bir \u015fekilde i\u015fbirli\u011fi yapt\u0131 ve di\u011fer gazetelerle zekice i\u015fbirli\u011fi yapt\u0131.<\/p>\n\n\n\n<p class=\"has-black-color has-text-color has-link-color has-small-font-size wp-elements-6261dbe281cce369ecdfd4e0197524b5\">Ayr\u0131cal\u0131kl\u0131 zekas\u0131 ve kendi \u00e7abas\u0131 sayesinde, biyografilerinin ger\u00e7ekten \u015fa\u015f\u0131rt\u0131c\u0131 oldu\u011funu d\u00fc\u015f\u00fcnd\u00fc\u011f\u00fc bir k\u00fclt\u00fcre sahip oldu. Derin ve geni\u015f bir t\u0131p ve hukuk bilgisine sahipti. Astronomiden, felsefeden, matematikten, fizik ve do\u011fa bilimlerinden ve edebiyattan y\u00fcksek \u00f6\u011frenim diplomas\u0131na sahip olmadan en ola\u011fan\u00fcst\u00fc g\u00fcvenlikle bahsetmi\u015fken.<\/p>\n\n\n\n<p class=\"has-black-color has-text-color has-link-color has-small-font-size wp-elements-0841f1ad19f7e8b17ee9443487b24a34\">Bas\u0131nda ve platformda \u00f6\u011fretmen olarak s\u0131k\u0131 \u00e7al\u0131\u015fman\u0131z; kalbinin iyili\u011fi, ihtiyac\u0131 olanlara her zaman yard\u0131m etmeye istekli, nazik s\u00f6zleri ve dan\u0131\u015fmanlar\u0131; karakterinin d\u00fcr\u00fcstl\u00fc\u011f\u00fc: vatanda\u015flar\u0131n\u0131n idol\u00fc oldu. \u0130kincisi, onu yerel siyaset sahnesinde g\u00f6rmek i\u00e7in istekli, meclis \u00fcyesi se\u00e7ildi. Alt\u0131 y\u0131l boyunca meclis \u00fcyesiydi ve belediyeye elektrik, elektrik \u0131\u015f\u0131\u011f\u0131 ve tramvaylar, akan su ve hem Ayin hem de Fetih halk\u0131 i\u00e7in halka a\u00e7\u0131k bir mezarl\u0131k ba\u011f\u0131\u015flad\u0131. Ancak politika, arzu etti\u011fi iklim de\u011fildi. Egzersiz yapt\u0131ktan sonra kendili\u011finden emekli oldu.<\/p>\n\n\n\n<p class=\"has-black-color has-text-color has-link-color has-small-font-size wp-elements-49804cb87951f9b3eb60ef950869e38c\">O zamana kadar Barsanulfo ate\u015fli bir katolikti ve St. Vincent de Paul Konferans\u0131&#039;n\u0131n ba\u015fkan\u0131yd\u0131.<\/p>\n\n\n\n<p class=\"has-black-color has-text-color has-link-color has-small-font-size wp-elements-599c843278bbcb149556e5cc6a056d94\">\u00d6zg\u00fcr ruh, maneviyat\u0131n b\u00fcy\u00fck dalgalar\u0131na uygun, gelecekte ald\u0131\u011f\u0131 dini terk etmeleri be\u015fikte \u00f6l\u00fcmc\u00fcl oldu.<\/p>\n\n\n\n<p class=\"has-black-color has-text-color has-link-color has-small-font-size wp-elements-4eb167b93e48af4dd4114d66dde257d7\">B\u00f6ylece bir g\u00fcn, maneviyat alan\u0131nda ger\u00e7ekle\u015ftirilen inan\u0131lmaz iyile\u015fmenin fark\u0131nda olarak, bu raporlarda ger\u00e7e\u011fin ne oldu\u011funu bulmaya karar verdi. Sta Maria&#039;n\u0131n akrabalar\u0131, Merkezde spirit\u00fcalizmi vaaz edip uygulad\u0131klar\u0131 gibi Spirit\u00fcalist inan\u00e7 ve Sevgi\u015fehirde tan\u0131nm\u0131\u015f ve b\u00f6lgenin en eskilerinden biri olan Barsanulfo, ger\u00e7ekleri kendisi ara\u015ft\u0131rmak i\u00e7in oraya y\u00f6neldi.<\/p>\n\n\n\n<p class=\"has-black-color has-text-color has-link-color has-small-font-size wp-elements-127b36c12300caa71f3130c5abf88c04\">Tipoloji, ileti\u015fim, son derece felsefi ve harika \u015fifalar fenomenlerini \u00e7e\u015fitli oturumlarda g\u00f6zlemleyerek, dikkatlice inceleyerek ve anavatan\u0131na d\u00f6nerek, sonunda 1905&#039;te onu Ruh\u00e7uluk haline getiren Kardec&#039;in eserlerini de beraberinde getirdi. O andan itibaren, \u00f6zellikle \u00f6rnekle Minas Gerais&#039;in o b\u00f6lgesinin en b\u00fcy\u00fck propagandac\u0131s\u0131 oldu. Euripides&#039;in Sacramento&#039;da in\u015fa etti\u011fi bina, onun ahlaki g\u00fcc\u00fcne ve inanc\u0131n\u0131z\u0131n g\u00fcc\u00fcne tan\u0131kl\u0131k eden b\u00fcy\u00fck ve kal\u0131c\u0131 an\u0131tlardan biridir.ayd\u0131nl\u0131k.<\/p>\n\n\n\n<p class=\"has-black-color has-text-color has-link-color has-small-font-size wp-elements-252804a77f1954ca25e9391e11b2b289\">On iki y\u0131l yedi ay boyunca, kendisinin kurdu\u011fu Spiritist \u201cinan\u00e7, Umut ve Hay\u0131rseverlik\u201d Grubunun ba\u015fkan\u0131yd\u0131. 2 Nisan 1907&#039;de bu grubun bir kolu olarak g\u00f6rkemli ve ferah \u201cAllan Kardec\u201d Okulunu kurdu.<\/p>\n\n\n\n<p class=\"has-black-color has-text-color has-link-color has-small-font-size wp-elements-bfb81d435bebbf553bfb6e2b4c4fb351\">Bu \u00f6nemli kurulu\u015f, desencarnar&#039;dan sadece sekiz g\u00fcn \u00f6nce ayr\u0131larak, burada yery\u00fcz\u00fcnde ya\u015fad\u0131\u011f\u0131 t\u00fcm s\u00fcre boyunca yetkin y\u00f6netimi alt\u0131nda faaliyet g\u00f6sterdi. \u00d6len Euripides&#039;in karde\u015fleri taraf\u0131ndan s\u00fcrd\u00fcr\u00fclen bir \u00e7al\u0131\u015fma olan her iki cinsiyetten binlerce fakir ve yetim \u00e7ocu\u011fa \u00fccretsiz entelekt\u00fcel ve ahlaki e\u011fitim verildi. Her \u00c7ar\u015famba, \u0130sa Mesih&#039;in M\u00fcjdesini okul \u00f6\u011frencilerine vaaz ederek onlar\u0131 basit bir ifadeyle sevgi ve yard\u0131mseverlikle te\u015fvik etti.<\/p>\n\n\n\n<p class=\"has-black-color has-text-color has-link-color has-small-font-size wp-elements-8c0a6e2706941d69b6a654d723134485\">Her zaman muzaffer \u00e7\u0131kan hararetli tart\u0131\u015fmalar\u0131nda, kalbinizde hi\u00e7bir zaman bir kibir ipucu olmad\u0131, hi\u00e7bir zaman \u00fcz\u00fcnt\u00fc izi b\u0131rakmad\u0131, asla misilleme personelinin nank\u00f6r \u00fclkesine inmedi, t\u00fcm rakiplerinize m\u00fcmk\u00fcn oldu\u011funca en b\u00fcy\u00fck zarafetle ve daha az h\u0131ristiyan sevgisiyle davranmad\u0131.<\/p>\n\n\n\n<p class=\"has-black-color has-text-color has-link-color has-small-font-size wp-elements-c555eaee91b88c5b6ccdc4e5a0f9a275\">Euripides Barsanulfo, trans ortam\u0131 \u015fifac\u0131, re\u00e7ete yazan, dinleyici, basiret, sezgisel, konu\u015fkan ve psikografist ile geli\u015ftirilen \u00e7e\u015fitli g\u00fc\u00e7lere sahipti. Bir yerden di\u011ferine ge\u00e7mek \u00e7ok kolayd\u0131 ve topografyay\u0131 ve Ruhunu ge\u00e7irdi\u011fi yerleri tam olarak verdi.<\/p>\n\n\n\n<p class=\"has-black-color has-text-color has-link-color has-small-font-size wp-elements-c7245a504326f5d7fa2b271ee8fff822\">Oras\u0131 t\u00fcm ac\u0131 \u00e7ekenler ve yoksullar i\u00e7in bir s\u0131\u011f\u0131nakt\u0131. D\u00fcnyevi bilimden hayal k\u0131r\u0131kl\u0131\u011f\u0131na u\u011fram\u0131\u015f y\u00fczlerce insan Sacramento&#039;da teselli buldu. Aralar\u0131nda Bezerra de Menezes&#039;in de bulundu\u011fu Y\u00fcksek Ruhlar\u0131n yard\u0131m\u0131yla Barsanulfo&#039;muz neredeyse t\u00fcm hastal\u0131klar\u0131 iyile\u015ftirir.<\/p>\n\n\n\n<p class=\"has-black-color has-text-color has-link-color has-small-font-size wp-elements-ede598a83ab17a4009a2f310b37244f3\">\u0130ddia ettikleri ger\u00e7ekleri a\u00e7\u0131klamaktan korkmayan adam, ger\u00e7ek maneviyat\u00e7\u0131n\u0131n enkarnasyonuydu. \u0130sa&#039;n\u0131n sad\u0131k bir \u00f6\u011frencisi olarak, O&#039;na gelen herkesin rahatl\u0131\u011f\u0131 ve deste\u011fi vard\u0131 ve hepsi ayn\u0131 ev sahibine, ayn\u0131 sevgiyi verdi. Ki\u015fisel d\u00fc\u015fmanlar\u0131 varm\u0131\u015f gibi g\u00f6r\u00fcnm\u00fcyor.<\/p>\n\n\n\n<p class=\"has-black-color has-text-color has-link-color has-small-font-size wp-elements-f2f2154529a7bcfe07f8a2f175d8bb09\">B\u00fct\u00fcn bunlar i\u00e7in memleketi ve hatta t\u00fcm Minas Gerais eyaletinde b\u00fcy\u00fck pop\u00fclerlik kazand\u0131. Bug\u00fcn bile Barsanulfo, parlak kariyerinin silinmez izlerini b\u0131rakt\u0131\u011f\u0131 o b\u00f6lgede hat\u0131rlanmaya ve kutsanmaya devam ediyor. Kas\u0131m ay\u0131n\u0131n 1&#039;i, 1918, grip salg\u0131n\u0131n\u0131n kurban\u0131 olan memleketinde \u00f6ld\u00fc.<\/p>\n<\/div><\/div>","protected":false},"excerpt":{"rendered":"<p>Eur\u00edpedes Barsanulfo Eur\u00edpides Barsanulfo naci\u00f3 en la ciudad de Sacramento (Minas Gerais) el 1 de mayo de 1880 y muri\u00f3 all\u00ed el 1 de noviembre de 1918. Sus padres fueron Herm\u00f3genes Ernesto de Ara\u00fajo y D. Jer\u00f4nima Pereira de Almeida, ambos pobres en bienes materiales al principio, pero ricos en virtudes cristianas, que llenaban de [&hellip;]<\/p>","protected":false},"author":1,"featured_media":0,"parent":0,"menu_order":0,"comment_status":"closed","ping_status":"closed","template":"","meta":{"_uag_custom_page_level_css":"","site-sidebar-layout":"default","site-content-layout":"","ast-site-content-layout":"default","site-content-style":"default","site-sidebar-style":"default","ast-global-header-display":"","ast-banner-title-visibility":"","ast-main-header-display":"","ast-hfb-above-header-display":"","ast-hfb-below-header-display":"","ast-hfb-mobile-header-display":"","site-post-title":"disabled","ast-breadcrumbs-content":"","ast-featured-img":"","footer-sml-layout":"","theme-transparent-header-meta":"","adv-header-id-meta":"","stick-header-meta":"","header-above-stick-meta":"","header-main-stick-meta":"","header-below-stick-meta":"","astra-migrate-meta-layouts":"set","ast-page-background-enabled":"default","ast-page-background-meta":{"desktop":{"background-color":"var(--ast-global-color-4)","background-image":"","background-repeat":"repeat","background-position":"center center","background-size":"auto","background-attachment":"scroll","background-type":"","background-media":"","overlay-type":"","overlay-color":"","overlay-opacity":"","overlay-gradient":""},"tablet":{"background-color":"","background-image":"","background-repeat":"repeat","background-position":"center center","background-size":"auto","background-attachment":"scroll","background-type":"","background-media":"","overlay-type":"","overlay-color":"","overlay-opacity":"","overlay-gradient":""},"mobile":{"background-color":"","background-image":"","background-repeat":"repeat","background-position":"center center","background-size":"auto","background-attachment":"scroll","background-type":"","background-media":"","overlay-type":"","overlay-color":"","overlay-opacity":"","overlay-gradient":""}},"ast-content-background-meta":{"desktop":{"background-color":"var(--ast-global-color-5)","background-image":"","background-repeat":"repeat","background-position":"center center","background-size":"auto","background-attachment":"scroll","background-type":"","background-media":"","overlay-type":"","overlay-color":"","overlay-opacity":"","overlay-gradient":""},"tablet":{"background-color":"var(--ast-global-color-5)","background-image":"","background-repeat":"repeat","background-position":"center center","background-size":"auto","background-attachment":"scroll","background-type":"","background-media":"","overlay-type":"","overlay-color":"","overlay-opacity":"","overlay-gradient":""},"mobile":{"background-color":"var(--ast-global-color-5)","background-image":"","background-repeat":"repeat","background-position":"center center","background-size":"auto","background-attachment":"scroll","background-type":"","background-media":"","overlay-type":"","overlay-color":"","overlay-opacity":"","overlay-gradient":""}},"footnotes":""},"class_list":["post-3404","page","type-page","status-publish","hentry"],"yoast_head":"<!-- This site is optimized with the Yoast SEO Premium plugin v24.2 (Yoast SEO v24.6) - https:\/\/yoast.com\/wordpress\/plugins\/seo\/ -->\n<title>Eur\u00edpedes Barsanulfo - Uni\u00f3n Esp\u00edrita<\/title>\n<meta name=\"robots\" content=\"index, follow, max-snippet:-1, max-image-preview:large, max-video-preview:-1\" \/>\n<link rel=\"canonical\" href=\"https:\/\/nuevo-renacer.com\/tr\/euripedes-barsanulfo\/\" \/>\n<meta property=\"og:locale\" content=\"tr_TR\" \/>\n<meta property=\"og:type\" content=\"article\" \/>\n<meta property=\"og:title\" content=\"Eur\u00edpedes Barsanulfo\" \/>\n<meta property=\"og:description\" content=\"Eur\u00edpedes Barsanulfo Eur\u00edpides Barsanulfo naci\u00f3 en la ciudad de Sacramento (Minas Gerais) el 1 de mayo de 1880 y muri\u00f3 all\u00ed el 1 de noviembre de 1918. Sus padres fueron Herm\u00f3genes Ernesto de Ara\u00fajo y D. Jer\u00f4nima Pereira de Almeida, ambos pobres en bienes materiales al principio, pero ricos en virtudes cristianas, que llenaban de [&hellip;]\" \/>\n<meta property=\"og:url\" content=\"https:\/\/nuevo-renacer.com\/tr\/euripedes-barsanulfo\/\" \/>\n<meta property=\"og:site_name\" content=\"Uni\u00f3n Esp\u00edrita\" \/>\n<meta property=\"article:publisher\" content=\"https:\/\/www.facebook.com\/groups\/3431398063740829\" \/>\n<meta property=\"article:modified_time\" content=\"2024-07-08T12:02:01+00:00\" \/>\n<meta property=\"og:image\" content=\"https:\/\/ufec-mundial.com\/wp-content\/uploads\/2024\/07\/euripedesbarsanulfobiografia-180830180732-thumbnail.jpg\" \/>\n<meta name=\"twitter:card\" content=\"summary_large_image\" \/>\n<meta name=\"twitter:label1\" content=\"Tahmini okuma s\u00fcresi\" \/>\n\t<meta name=\"twitter:data1\" content=\"6 dakika\" \/>\n<script type=\"application\/ld+json\" class=\"yoast-schema-graph\">{\"@context\":\"https:\/\/schema.org\",\"@graph\":[{\"@type\":\"WebPage\",\"@id\":\"https:\/\/nuevo-renacer.com\/euripedes-barsanulfo\/\",\"url\":\"https:\/\/nuevo-renacer.com\/euripedes-barsanulfo\/\",\"name\":\"Eur\u00edpedes Barsanulfo - Uni\u00f3n Esp\u00edrita\",\"isPartOf\":{\"@id\":\"https:\/\/nuevo-renacer.com\/#website\"},\"primaryImageOfPage\":{\"@id\":\"https:\/\/nuevo-renacer.com\/euripedes-barsanulfo\/#primaryimage\"},\"image\":{\"@id\":\"https:\/\/nuevo-renacer.com\/euripedes-barsanulfo\/#primaryimage\"},\"thumbnailUrl\":\"https:\/\/ufec-mundial.com\/wp-content\/uploads\/2024\/07\/euripedesbarsanulfobiografia-180830180732-thumbnail.jpg\",\"datePublished\":\"2024-07-08T12:01:59+00:00\",\"dateModified\":\"2024-07-08T12:02:01+00:00\",\"breadcrumb\":{\"@id\":\"https:\/\/nuevo-renacer.com\/euripedes-barsanulfo\/#breadcrumb\"},\"inLanguage\":\"tr\",\"potentialAction\":[{\"@type\":\"ReadAction\",\"target\":[\"https:\/\/nuevo-renacer.com\/euripedes-barsanulfo\/\"]}]},{\"@type\":\"ImageObject\",\"inLanguage\":\"tr\",\"@id\":\"https:\/\/nuevo-renacer.com\/euripedes-barsanulfo\/#primaryimage\",\"url\":\"https:\/\/ufec-mundial.com\/wp-content\/uploads\/2024\/07\/euripedesbarsanulfobiografia-180830180732-thumbnail.jpg\",\"contentUrl\":\"https:\/\/ufec-mundial.com\/wp-content\/uploads\/2024\/07\/euripedesbarsanulfobiografia-180830180732-thumbnail.jpg\"},{\"@type\":\"BreadcrumbList\",\"@id\":\"https:\/\/nuevo-renacer.com\/euripedes-barsanulfo\/#breadcrumb\",\"itemListElement\":[{\"@type\":\"ListItem\",\"position\":1,\"name\":\"Startseite\",\"item\":\"https:\/\/nuevo-renacer.com\/\"},{\"@type\":\"ListItem\",\"position\":2,\"name\":\"Eur\u00edpedes Barsanulfo\"}]},{\"@type\":\"WebSite\",\"@id\":\"https:\/\/nuevo-renacer.com\/#website\",\"url\":\"https:\/\/nuevo-renacer.com\/\",\"name\":\"Uni\u00f3n Esp\u00edrita\",\"description\":\"Nuevo Renacer\",\"publisher\":{\"@id\":\"https:\/\/nuevo-renacer.com\/#organization\"},\"potentialAction\":[{\"@type\":\"SearchAction\",\"target\":{\"@type\":\"EntryPoint\",\"urlTemplate\":\"https:\/\/nuevo-renacer.com\/?s={search_term_string}\"},\"query-input\":{\"@type\":\"PropertyValueSpecification\",\"valueRequired\":true,\"valueName\":\"search_term_string\"}}],\"inLanguage\":\"tr\"},{\"@type\":\"Organization\",\"@id\":\"https:\/\/nuevo-renacer.com\/#organization\",\"name\":\"UFEC\",\"url\":\"https:\/\/nuevo-renacer.com\/\",\"logo\":{\"@type\":\"ImageObject\",\"inLanguage\":\"tr\",\"@id\":\"https:\/\/nuevo-renacer.com\/#\/schema\/logo\/image\/\",\"url\":\"https:\/\/nuevo-renacer.com\/wp-content\/uploads\/2024\/05\/cropped-LOGO-TERMINADO1-3-3.png\",\"contentUrl\":\"https:\/\/nuevo-renacer.com\/wp-content\/uploads\/2024\/05\/cropped-LOGO-TERMINADO1-3-3.png\",\"width\":512,\"height\":512,\"caption\":\"UFEC\"},\"image\":{\"@id\":\"https:\/\/nuevo-renacer.com\/#\/schema\/logo\/image\/\"},\"sameAs\":[\"https:\/\/www.facebook.com\/groups\/3431398063740829\"]}]}<\/script>\n<!-- \/ Yoast SEO Premium plugin. -->","yoast_head_json":{"title":"Eur\u00edpedes Barsanulfo - Uni\u00f3n Esp\u00edrita","robots":{"index":"index","follow":"follow","max-snippet":"max-snippet:-1","max-image-preview":"max-image-preview:large","max-video-preview":"max-video-preview:-1"},"canonical":"https:\/\/nuevo-renacer.com\/tr\/euripedes-barsanulfo\/","og_locale":"tr_TR","og_type":"article","og_title":"Eur\u00edpedes Barsanulfo","og_description":"Eur\u00edpedes Barsanulfo Eur\u00edpides Barsanulfo naci\u00f3 en la ciudad de Sacramento (Minas Gerais) el 1 de mayo de 1880 y muri\u00f3 all\u00ed el 1 de noviembre de 1918. Sus padres fueron Herm\u00f3genes Ernesto de Ara\u00fajo y D. Jer\u00f4nima Pereira de Almeida, ambos pobres en bienes materiales al principio, pero ricos en virtudes cristianas, que llenaban de [&hellip;]","og_url":"https:\/\/nuevo-renacer.com\/tr\/euripedes-barsanulfo\/","og_site_name":"Uni\u00f3n Esp\u00edrita","article_publisher":"https:\/\/www.facebook.com\/groups\/3431398063740829","article_modified_time":"2024-07-08T12:02:01+00:00","og_image":[{"url":"https:\/\/ufec-mundial.com\/wp-content\/uploads\/2024\/07\/euripedesbarsanulfobiografia-180830180732-thumbnail.jpg","type":"","width":"","height":""}],"twitter_card":"summary_large_image","twitter_misc":{"Tahmini okuma s\u00fcresi":"6 dakika"},"schema":{"@context":"https:\/\/schema.org","@graph":[{"@type":"WebPage","@id":"https:\/\/nuevo-renacer.com\/euripedes-barsanulfo\/","url":"https:\/\/nuevo-renacer.com\/euripedes-barsanulfo\/","name":"Eur\u00edpedes Barsanulfo - Uni\u00f3n Esp\u00edrita","isPartOf":{"@id":"https:\/\/nuevo-renacer.com\/#website"},"primaryImageOfPage":{"@id":"https:\/\/nuevo-renacer.com\/euripedes-barsanulfo\/#primaryimage"},"image":{"@id":"https:\/\/nuevo-renacer.com\/euripedes-barsanulfo\/#primaryimage"},"thumbnailUrl":"https:\/\/ufec-mundial.com\/wp-content\/uploads\/2024\/07\/euripedesbarsanulfobiografia-180830180732-thumbnail.jpg","datePublished":"2024-07-08T12:01:59+00:00","dateModified":"2024-07-08T12:02:01+00:00","breadcrumb":{"@id":"https:\/\/nuevo-renacer.com\/euripedes-barsanulfo\/#breadcrumb"},"inLanguage":"tr","potentialAction":[{"@type":"ReadAction","target":["https:\/\/nuevo-renacer.com\/euripedes-barsanulfo\/"]}]},{"@type":"ImageObject","inLanguage":"tr","@id":"https:\/\/nuevo-renacer.com\/euripedes-barsanulfo\/#primaryimage","url":"https:\/\/ufec-mundial.com\/wp-content\/uploads\/2024\/07\/euripedesbarsanulfobiografia-180830180732-thumbnail.jpg","contentUrl":"https:\/\/ufec-mundial.com\/wp-content\/uploads\/2024\/07\/euripedesbarsanulfobiografia-180830180732-thumbnail.jpg"},{"@type":"BreadcrumbList","@id":"https:\/\/nuevo-renacer.com\/euripedes-barsanulfo\/#breadcrumb","itemListElement":[{"@type":"ListItem","position":1,"name":"Startseite","item":"https:\/\/nuevo-renacer.com\/"},{"@type":"ListItem","position":2,"name":"Eur\u00edpedes Barsanulfo"}]},{"@type":"WebSite","@id":"https:\/\/nuevo-renacer.com\/#website","url":"https:\/\/nuevo-renacer.com\/","name":"Uni\u00f3n Esp\u00edrita","description":"Nuevo Renacer","publisher":{"@id":"https:\/\/nuevo-renacer.com\/#organization"},"potentialAction":[{"@type":"SearchAction","target":{"@type":"EntryPoint","urlTemplate":"https:\/\/nuevo-renacer.com\/?s={search_term_string}"},"query-input":{"@type":"PropertyValueSpecification","valueRequired":true,"valueName":"search_term_string"}}],"inLanguage":"tr"},{"@type":"Organization","@id":"https:\/\/nuevo-renacer.com\/#organization","name":"UFEC","url":"https:\/\/nuevo-renacer.com\/","logo":{"@type":"ImageObject","inLanguage":"tr","@id":"https:\/\/nuevo-renacer.com\/#\/schema\/logo\/image\/","url":"https:\/\/nuevo-renacer.com\/wp-content\/uploads\/2024\/05\/cropped-LOGO-TERMINADO1-3-3.png","contentUrl":"https:\/\/nuevo-renacer.com\/wp-content\/uploads\/2024\/05\/cropped-LOGO-TERMINADO1-3-3.png","width":512,"height":512,"caption":"UFEC"},"image":{"@id":"https:\/\/nuevo-renacer.com\/#\/schema\/logo\/image\/"},"sameAs":["https:\/\/www.facebook.com\/groups\/3431398063740829"]}]}},"uagb_featured_image_src":{"full":false,"thumbnail":false,"medium":false,"medium_large":false,"large":false,"1536x1536":false,"2048x2048":false,"trp-custom-language-flag":false},"uagb_author_info":{"display_name":"adbv0","author_link":"https:\/\/nuevo-renacer.com\/tr\/author\/adbv0\/"},"uagb_comment_info":0,"uagb_excerpt":"Eur\u00edpedes Barsanulfo Eur\u00edpides Barsanulfo naci\u00f3 en la ciudad de Sacramento (Minas Gerais) el 1 de mayo de 1880 y muri\u00f3 all\u00ed el 1 de noviembre de 1918. Sus padres fueron Herm\u00f3genes Ernesto de Ara\u00fajo y D. Jer\u00f4nima Pereira de Almeida, ambos pobres en bienes materiales al principio, pero ricos en virtudes cristianas, que llenaban de&hellip;","jetpack_sharing_enabled":true,"_links":{"self":[{"href":"https:\/\/nuevo-renacer.com\/tr\/wp-json\/wp\/v2\/pages\/3404","targetHints":{"allow":["GET"]}}],"collection":[{"href":"https:\/\/nuevo-renacer.com\/tr\/wp-json\/wp\/v2\/pages"}],"about":[{"href":"https:\/\/nuevo-renacer.com\/tr\/wp-json\/wp\/v2\/types\/page"}],"author":[{"embeddable":true,"href":"https:\/\/nuevo-renacer.com\/tr\/wp-json\/wp\/v2\/users\/1"}],"replies":[{"embeddable":true,"href":"https:\/\/nuevo-renacer.com\/tr\/wp-json\/wp\/v2\/comments?post=3404"}],"version-history":[{"count":1,"href":"https:\/\/nuevo-renacer.com\/tr\/wp-json\/wp\/v2\/pages\/3404\/revisions"}],"predecessor-version":[{"id":3406,"href":"https:\/\/nuevo-renacer.com\/tr\/wp-json\/wp\/v2\/pages\/3404\/revisions\/3406"}],"wp:attachment":[{"href":"https:\/\/nuevo-renacer.com\/tr\/wp-json\/wp\/v2\/media?parent=3404"}],"curies":[{"name":"wp","href":"https:\/\/api.w.org\/{rel}","templated":true}]}}