{"id":3392,"date":"2024-07-08T10:40:28","date_gmt":"2024-07-08T10:40:28","guid":{"rendered":"https:\/\/ufec-mundial.com\/?page_id=3392"},"modified":"2024-07-08T10:40:30","modified_gmt":"2024-07-08T10:40:30","slug":"analia-franco","status":"publish","type":"page","link":"https:\/\/nuevo-renacer.com\/tr\/analia-franco\/","title":{"rendered":"An\u00e1lia Franco"},"content":{"rendered":"<div class=\"wp-block-uagb-container uagb-block-a369d7b2 alignfull uagb-is-root-container\"><div class=\"uagb-container-inner-blocks-wrap\">\n<div class=\"wp-block-uagb-container uagb-block-91ef1f0b\">\n<p class=\"has-black-color has-text-color has-link-color has-medium-font-size wp-elements-b796ebe692064911ab26e08a668aeab1\"><strong>An\u00e1lia Franco<\/strong><\/p>\n<\/div>\n<\/div><\/div>\n\n\n\n<div class=\"wp-block-uagb-container uagb-block-9cdc9149 alignfull uagb-is-root-container\"><div class=\"uagb-container-inner-blocks-wrap\">\n<figure class=\"wp-block-image size-full is-resized\"><img fetchpriority=\"high\" decoding=\"async\" width=\"640\" height=\"800\" src=\"https:\/\/ufec-mundial.com\/wp-content\/uploads\/2024\/07\/analia-franco.webp\" alt=\"\" class=\"wp-image-3393\" style=\"width:226px;height:auto\" srcset=\"https:\/\/nuevo-renacer.com\/wp-content\/uploads\/2024\/07\/analia-franco.webp 640w, https:\/\/nuevo-renacer.com\/wp-content\/uploads\/2024\/07\/analia-franco-240x300.webp 240w, https:\/\/nuevo-renacer.com\/wp-content\/uploads\/2024\/07\/analia-franco-10x12.webp 10w\" sizes=\"(max-width: 640px) 100vw, 640px\" \/><\/figure>\n<\/div><\/div>\n\n\n\n<div class=\"wp-block-uagb-container uagb-block-3eeda19a alignfull uagb-is-root-container\"><div class=\"uagb-container-inner-blocks-wrap\">\n<p class=\"has-black-color has-text-color has-link-color has-small-font-size wp-elements-149830a29213e2bcb3545920f6534993\">Daha \u00e7ok An\u00e1lia Franco olarak bilinen An\u00e1lia Em\u00edlia Franco Bastos, 1 \u015eubat 1853&#039;te Rio de Janeiro eyaletindeki Resende \u015fehrinde do\u011fdu ve 20 Ocak 1919&#039;da S\u00e3o Paulo \u015fehrinde \u00f6ld\u00fc. Gazeteci, yazar, \u015fair ve e\u011fitimci uzman\u0131yd\u0131, ba\u015fkalar\u0131na sevgi miras\u0131 ve kuyuda yorulmak bilmeyen bir \u00e7al\u0131\u015fma b\u0131rakt\u0131, \u00f6zverili ve ger\u00e7ek bir hay\u0131r kurumu \u00f6rne\u011fi.<\/p>\n\n\n\n<p class=\"has-black-color has-text-color has-link-color has-small-font-size wp-elements-33d498a64137dcf326728220e66af6d4\">Kariyerine 15 ya\u015f\u0131nda, magisterium&#039;a kat\u0131ld\u0131\u011f\u0131nda ve ayn\u0131 zamanda \u00f6\u011fretmen olan annesine yard\u0131m etti\u011finde e\u011fitime ba\u015flad\u0131. \u015eirketin siyah insanlar taraf\u0131ndan i\u015fletildi\u011fi ve kad\u0131nlar\u0131n sesinin \u00e7\u0131kmad\u0131\u011f\u0131 bir d\u00f6nemde ya\u015f\u0131yordu.<\/p>\n\n\n\n<p class=\"has-black-color has-text-color has-link-color has-small-font-size wp-elements-cf9001d20e7cf5aac7a43e26582f08d7\">1871&#039;de h\u00fck\u00fcmet, anne k\u00f6lelerinden do\u011fan \u00e7ocuklara \u00f6zg\u00fcrl\u00fc\u011f\u00fc \u00f6nerdi\u011fim Rahim \u00d6zg\u00fcrl\u00fc\u011f\u00fc Yasas\u0131n\u0131 onaylad\u0131, ancak bunlar 8 ya\u015f\u0131na kadar k\u00f6le efendilerinin vesayeti alt\u0131nda olacakt\u0131, bu da suistimallere ve k\u00f6t\u00fc muameleye neden oldu ve sonra \u00e7ocuklar ihmal edildi ve \u00e7ocuklar\u0131na b\u0131rak\u0131ld\u0131. kader. Bu durumdan etkilenen An\u00e1lia Franco, sosyal \u00e7al\u0131\u015fmalar\u0131na \u00f6nce \u00e7ift\u00e7ilerin e\u015fleri olan kad\u0131nlara mektuplar yazarak, onlardan yard\u0131m ve destek isteyerek ba\u015flad\u0131. Ve sonra bu \u00e7ocuklar\u0131 bar\u0131nd\u0131racak bir yer yaratt\u0131n, Ev Anne olarak adland\u0131r\u0131ld\u0131.<\/p>\n\n\n\n<p class=\"has-black-color has-text-color has-link-color has-small-font-size wp-elements-aeb59dbf508851e353a861907452947e\">Bu birincilik, An\u00e1lia&#039;n\u0131n yard\u0131m istemek i\u00e7in temas kurdu\u011fu kad\u0131nlardan biri taraf\u0131ndan \u00fccretsiz olarak \u00f6d\u00fcllendirildi. Bununla birlikte, bunun dayatt\u0131\u011f\u0131 ko\u015ful, siyahlar\u0131n ve beyazlar\u0131n kar\u0131\u015fmamas\u0131yd\u0131. Teklif An\u00e1lia reddetti ve buran\u0131n hi\u00e7bir \u0131rk ayr\u0131m\u0131 yapmadan imtiyazs\u0131z \u00e7ocuklarla bulu\u015fmas\u0131 i\u00e7in kira \u00f6demeye devam etti. An\u00e1lia&#039;n\u0131n karar\u0131ndan memnun olmayan \u00e7ift\u00e7inin kar\u0131s\u0131, sahip oldu\u011fu kaynaklar\u0131 ve kocas\u0131n\u0131n etkisini An\u00e1lia&#039;y\u0131 sahadan kovmak i\u00e7in kulland\u0131.<\/p>\n\n\n\n<p class=\"has-black-color has-text-color has-link-color has-small-font-size wp-elements-edfc46878c953c6bc1f5aa46607bb02f\">Bu durumda An\u00e1lia, \u00f6\u011fretmen olarak maa\u015f\u0131n\u0131n yar\u0131s\u0131na tekab\u00fcl eden kendi paras\u0131yla bir ev kiralad\u0131\u011f\u0131 S\u00e3o Paulo \u015fehrine gitti. Ve \u00e7ocuklar\u0131 beslemek i\u00e7in yeterli kayna\u011f\u0131n\u0131z olmad\u0131\u011f\u0131nda, yard\u0131m istemek i\u00e7in sokaklara \u00e7\u0131kt\u0131.<\/p>\n\n\n\n<p class=\"has-black-color has-text-color has-link-color has-small-font-size wp-elements-d57c64920328c6107fb7acc2e4214c35\">An\u00e1lia Franco hayat\u0131n\u0131n \u00e7o\u011funu, ba\u015fta siyah olmak \u00fczere k\u00f6le \u00e7ocuklar\u0131 olmak \u00fczere \u00e7ocuklar i\u00e7in sosyo-e\u011fitici faaliyetlere harcad\u0131. Bununla birlikte, sosyal projelerini geni\u015fletti ve ayn\u0131 zamanda \u00e7al\u0131\u015fan kad\u0131nlara, yoksullara, marjinalle\u015ftirilenlere, yetimlere ve muhta\u00e7lara yard\u0131m etti. \u00d6zg\u00fcrle\u015ftirici, yetersiz hizmetlileri g\u00fc\u00e7lendirmeye, mesleki e\u011fitim vermeye ve onlarla birlikte kendi ya\u015famlar\u0131n\u0131n \u00f6\u011frenilmesini, b\u00fcy\u00fcmesini ve (yeniden)in\u015fas\u0131n\u0131 geli\u015ftirmeye \u00e7al\u0131\u015ft\u0131\u011f\u0131 ve daha sonra aktif olarak kat\u0131lmak i\u00e7in geri d\u00f6nebilecekleri bir e\u011fitime inan\u0131yordu.toplumda.<\/p>\n\n\n\n<p class=\"has-black-color has-text-color has-link-color has-small-font-size wp-elements-7fe25f781e377bb1f3f8444b2af95804\">An\u00e1lia Franco, Portekiz&#039;in yan\u0131 s\u0131ra \u00e7e\u015fitli \u015fehirlerden \u00e7e\u015fitli gazete ve dergilerle i\u015fbirli\u011fi yapt\u0131. Ve 30 Nisan 1898&#039;de ayl\u0131k olarak yay\u0131nlanan \u201cK\u0131zlar\u0131n alb\u00fcm\u00fc\u201d adl\u0131 kendi dergisini yaratt\u0131 ve i\u00e7eri\u011finin \u00e7o\u011funu kendi An\u00e1lia taraf\u0131ndan \u00fcretilen ve ayn\u0131 zamanda di\u011fer ortaklar\u0131n da yard\u0131m\u0131n\u0131 alan brezilyal\u0131, karakterli edebi ve e\u011fitici gen\u00e7 kad\u0131nlara y\u00f6neliktir.<\/p>\n\n\n\n<p class=\"has-black-color has-text-color has-link-color has-small-font-size wp-elements-286fb4316099dbd5a5f0794cf7f2f204\">Dergi 1901&#039;e kadar s\u00fcrd\u00fc ve An\u00e1lia bu arac\u0131 ebeveynlere ve kad\u0131n e\u011fitimi derne\u011fi&#039;ne \u00e7a\u011fr\u0131 yapmak i\u00e7in kulland\u0131\u011f\u0131 i\u00e7in k\u0131zlar\u0131n e\u011fitimini te\u015fvik etmenin bir yoluydu, sadece okuma yazma \u00f6\u011frenmekle s\u0131n\u0131rl\u0131 de\u011fil, ayn\u0131 zamanda halk e\u011fitiminden destek almakla da s\u0131n\u0131rl\u0131 de\u011fil.<\/p>\n\n\n\n<p class=\"has-black-color has-text-color has-link-color has-small-font-size wp-elements-ab4e0a2f066e7b6603791241b4010106\">17 Kas\u0131m 1901&#039;de An\u00e1lia Franco, yoksul \u00e7ocuklara yard\u0131m etmek, \u00f6\u011fretmek ve e\u011fitmek, okuma yazma bilmeyenleri, yoksullu\u011fu ve daha az \u015fansl\u0131 olanlar\u0131n cehaletini ortadan kald\u0131rmaya \u00e7al\u0131\u015fmak i\u00e7in \u201cS\u00e3o Paulo Eyaleti Kad\u0131n Derne\u011fi Hay\u0131r Kurumu ve \u00d6\u011freticisi&#039;nin\u201c a\u00e7\u0131l\u0131\u015f\u0131n\u0131 yapt\u0131. Derne\u011fin kendi s\u00f6zleriyle &#034; imtiyazs\u0131zlar\u0131 korumak ve e\u011fitmek i\u00e7in tek bir amac\u0131 yoktur; zekan\u0131n ve iyi niyetin t\u00fcm han\u0131mlar\u0131na bir Noel baba fikri etraf\u0131nda toplanmak, sosyal refahta ortak bir anla\u015fma \u00fczerinde \u00e7al\u0131\u015fmak olan daha y\u00fcksek bir amac\u0131 vard\u0131r\u201d.<\/p>\n\n\n\n<p class=\"has-black-color has-text-color has-link-color has-small-font-size wp-elements-42a5265ac11ad630cf87ec35c2115f7c\">Bir ruh\u00e7u olan An\u00e1lia, \u00e7al\u0131\u015fmalar\u0131n\u0131zda ve projelerinizde bu tonu asla g\u00f6stermek istemedi, \u00e7\u00fcnk\u00fc farkl\u0131 dinlerden \u00e7ocuklar\u0131 a\u011f\u0131rlad\u0131 ve herhangi bir dinin temel ger\u00e7eklerinin ana \u00f6\u011fretisinin Tanr\u0131&#039;n\u0131n varl\u0131\u011f\u0131 ve ba\u015fkalar\u0131na sevgi oldu\u011funa inan\u0131yordu.<\/p>\n\n\n\n<p class=\"has-black-color has-text-color has-link-color has-small-font-size wp-elements-54e2ec9ef8cc2a4633cd45022b191fd2\">An\u00e1lia bir \u00f6zveri \u00f6rne\u011fiydi ve e\u011fitimin g\u00fcc\u00fcne g\u00fc\u00e7l\u00fc bir \u015fekilde inan\u0131yordu. Konu\u015fmalar\u0131yla Brezilya ulusunun di\u011fer insanlar\u0131n\u0131, \u00f6zellikle de kad\u0131nlar\u0131 ancak \u00e7ocuklar\u0131n e\u011fitimi yoluyla iyi bir gelece\u011fe sahip olaca\u011f\u0131na ikna etmeye \u00e7al\u0131\u015ft\u0131 ve \u015f\u00f6yle dedi: &#034;Yard\u0131m\u0131m\u0131za ihtiyac\u0131 olan fakir \u00e7ocuklar\u0131 e\u011fitiyor ve destekliyoruz: onlar\u0131 kusurlar\u0131n yollar\u0131ndan \u00e7\u0131kararak faydal\u0131 k\u0131l\u0131yoruz vatanda\u015flar ve Anavatan\u0131m\u0131z\u0131n b\u00fcy\u00fckl\u00fc\u011f\u00fcne lay\u0131k&#034;.<\/p>\n\n\n\n<p class=\"has-black-color has-text-color has-link-color has-small-font-size wp-elements-4ab988c242933afc12ce4d61d05eb875\">G\u00f6zetiminde S\u00e3o Paulo&#039;da otuz Okulu, di\u011fer 24 \u015fehirde huzurevleri, anaokullar\u0131 ve di\u011fer okullar\u0131 vard\u0131, toplamda yakla\u015f\u0131k 70 kurum vard\u0131 ve An\u00e1lia bu koruyucu evlerde ge\u00e7imini ve i\u015f kalitesini korumak i\u00e7in hayat\u0131n\u0131 verdi.ve a\u015fk.<\/p>\n\n\n\n<p class=\"has-black-color has-text-color has-link-color has-small-font-size wp-elements-79223ef6ecf16077f15d0ac1da21c0db\">I\u0131.D\u00fcnya Sava\u015f\u0131 nedeniyle kaynaklar k\u0131t oldu\u011funda bir\u00e7ok zorlu\u011fun \u00fcstesinden gelmek zorunda kald\u0131 ve burada H\u00fck\u00fcmetin yard\u0131m\u0131yla pek s\u00f6yleyemedi. Birka\u00e7 etkinlik ger\u00e7ekle\u015ftirdi ve bir s\u00fcre arkada\u015flar\u0131n\u0131n ve i\u015fbirlik\u00e7ilerinin yard\u0131m\u0131yla oldu. Daha sonra Kad\u0131n Grup \u201cRegente Feij\u00f3\u201d ve Grubun her ikisi de kendisi taraf\u0131ndan kurulan Koloni Yenileyici \u201cDom Romualdo\u201d Dramatik M\u00fczikali ile Derne\u011fe ba\u011f\u0131\u015f almak i\u00e7in \u015fehirleri gezdi ve elbette kocas\u0131n\u0131n yard\u0131m ve deste\u011fini sa\u011flad\u0131.<\/p>\n\n\n\n<p class=\"has-black-color has-text-color has-link-color has-small-font-size wp-elements-f265bc7c0531baff9ed505ca4b9c10e0\">T\u00fcm bu \u00e7abalara ra\u011fmen, ba\u015fka bir felaket yarat\u0131n ve Brezilya sizin eri\u015femeyece\u011finiz bir yer olmayacakt\u0131r. Avrupa&#039;da \u201cispanyol gribi\u201d olarak bilinen bir salg\u0131n ba\u015flad\u0131 ve 1918&#039;de S\u00e3o Paulo&#039;da \u00e7ok say\u0131da \u00f6l\u00fcm oldu.<\/p>\n\n\n\n<p class=\"has-black-color has-text-color has-link-color has-small-font-size wp-elements-e8919ad9a35cdd43abad5a1813d784ed\">Zaten ilerlemek i\u00e7in fiziksel g\u00fc\u00e7leri olmayan, sevgili \u00e7ocuklar\u0131na bakmak i\u00e7in t\u00fcm \u00e7abalar ve s\u0131k\u0131nt\u0131lar desteklendikten sonra, An\u00e1lia 20 Ocak 1919&#039;u S\u00e3o Paulo&#039;da bedeninden \u00e7\u0131kar\u0131yor.<\/p>\n\n\n\n<p class=\"has-black-color has-text-color has-link-color has-small-font-size wp-elements-cdfe2bd9c31b92d51f11e48d7e5b06d7\">Ruh narin, kalbi temiz, kendini adam\u0131\u015f, al\u00e7akg\u00f6n\u00fcll\u00fc, sab\u0131rl\u0131, sevgi dolu, \u0130sa&#039;n\u0131n sad\u0131k bir hizmetkar\u0131yd\u0131 ve geni\u015f bir ruhani aile kurdu. Biyolojik \u00e7ocuklar\u0131 yoktu, ama kalbin y\u00fczlerce \u00e7ocu\u011fu vard\u0131. Buna anne deniyordu ve t\u00fcm \u00e7al\u0131\u015fmalar\u0131 Sonsuz Merhametin Babas\u0131na adanm\u0131\u015ft\u0131.<\/p>\n\n\n\n<p class=\"has-black-color has-text-color has-link-color has-small-font-size wp-elements-932e834b6be8fcb43dd249e0b8b995bf\">Geride bir sevgi miras\u0131 ve e\u011fitimci kopyas\u0131 b\u0131rakt\u0131. Birka\u00e7 roman yazd\u0131, birka\u00e7 dergi ve gazeteyle i\u015fbirli\u011fi yapt\u0131 ve binlerce ruha ilham verdi ve bug\u00fcne kadar bir ki\u015filik unutulmaz kald\u0131.<\/p>\n\n\n\n<p class=\"has-black-color has-text-color has-link-color has-small-font-size wp-elements-c90daae3c00486bafda669c7dc6fe62b\">An\u00e1lia Franco i\u00e7in, &#034; d\u00fc\u015f\u00fcnceden ve Tanr\u0131&#039;n\u0131n s\u00f6z\u00fcnden sonra, hi\u00e7bir \u015fey \u00e7ocuklar\u0131n ger\u00e7ek bir e\u011fitimcisinin misyonundan daha g\u00fczel ve asil olamaz.\u201d<\/p>\n<\/div><\/div>","protected":false},"excerpt":{"rendered":"<p>An\u00e1lia Franco An\u00e1lia Em\u00edlia Franco Bastos, m\u00e1s conocida como An\u00e1lia Franco, naci\u00f3 el 1 de febrero de 1853, en la ciudad de Resende, en el estado de R\u00edo de Janeiro, y muri\u00f3 el 20 de enero de 1919, en la ciudad de S\u00e3o Paulo. Fue periodista, escritora, poeta y educadora experta, que dej\u00f3 un legado [&hellip;]<\/p>","protected":false},"author":1,"featured_media":0,"parent":0,"menu_order":0,"comment_status":"closed","ping_status":"closed","template":"","meta":{"_uag_custom_page_level_css":"","site-sidebar-layout":"default","site-content-layout":"","ast-site-content-layout":"default","site-content-style":"default","site-sidebar-style":"default","ast-global-header-display":"","ast-banner-title-visibility":"","ast-main-header-display":"","ast-hfb-above-header-display":"","ast-hfb-below-header-display":"","ast-hfb-mobile-header-display":"","site-post-title":"disabled","ast-breadcrumbs-content":"","ast-featured-img":"","footer-sml-layout":"","theme-transparent-header-meta":"","adv-header-id-meta":"","stick-header-meta":"","header-above-stick-meta":"","header-main-stick-meta":"","header-below-stick-meta":"","astra-migrate-meta-layouts":"set","ast-page-background-enabled":"default","ast-page-background-meta":{"desktop":{"background-color":"var(--ast-global-color-4)","background-image":"","background-repeat":"repeat","background-position":"center center","background-size":"auto","background-attachment":"scroll","background-type":"","background-media":"","overlay-type":"","overlay-color":"","overlay-opacity":"","overlay-gradient":""},"tablet":{"background-color":"","background-image":"","background-repeat":"repeat","background-position":"center center","background-size":"auto","background-attachment":"scroll","background-type":"","background-media":"","overlay-type":"","overlay-color":"","overlay-opacity":"","overlay-gradient":""},"mobile":{"background-color":"","background-image":"","background-repeat":"repeat","background-position":"center center","background-size":"auto","background-attachment":"scroll","background-type":"","background-media":"","overlay-type":"","overlay-color":"","overlay-opacity":"","overlay-gradient":""}},"ast-content-background-meta":{"desktop":{"background-color":"var(--ast-global-color-5)","background-image":"","background-repeat":"repeat","background-position":"center center","background-size":"auto","background-attachment":"scroll","background-type":"","background-media":"","overlay-type":"","overlay-color":"","overlay-opacity":"","overlay-gradient":""},"tablet":{"background-color":"var(--ast-global-color-5)","background-image":"","background-repeat":"repeat","background-position":"center center","background-size":"auto","background-attachment":"scroll","background-type":"","background-media":"","overlay-type":"","overlay-color":"","overlay-opacity":"","overlay-gradient":""},"mobile":{"background-color":"var(--ast-global-color-5)","background-image":"","background-repeat":"repeat","background-position":"center center","background-size":"auto","background-attachment":"scroll","background-type":"","background-media":"","overlay-type":"","overlay-color":"","overlay-opacity":"","overlay-gradient":""}},"footnotes":""},"class_list":["post-3392","page","type-page","status-publish","hentry"],"yoast_head":"<!-- This site is optimized with the Yoast SEO Premium plugin v24.2 (Yoast SEO v24.6) - https:\/\/yoast.com\/wordpress\/plugins\/seo\/ -->\n<title>An\u00e1lia Franco - Uni\u00f3n Esp\u00edrita<\/title>\n<meta name=\"robots\" content=\"index, follow, max-snippet:-1, max-image-preview:large, max-video-preview:-1\" \/>\n<link rel=\"canonical\" href=\"https:\/\/nuevo-renacer.com\/tr\/analia-franco\/\" \/>\n<meta property=\"og:locale\" content=\"tr_TR\" \/>\n<meta property=\"og:type\" content=\"article\" \/>\n<meta property=\"og:title\" content=\"An\u00e1lia Franco\" \/>\n<meta property=\"og:description\" content=\"An\u00e1lia Franco An\u00e1lia Em\u00edlia Franco Bastos, m\u00e1s conocida como An\u00e1lia Franco, naci\u00f3 el 1 de febrero de 1853, en la ciudad de Resende, en el estado de R\u00edo de Janeiro, y muri\u00f3 el 20 de enero de 1919, en la ciudad de S\u00e3o Paulo. Fue periodista, escritora, poeta y educadora experta, que dej\u00f3 un legado [&hellip;]\" \/>\n<meta property=\"og:url\" content=\"https:\/\/nuevo-renacer.com\/tr\/analia-franco\/\" \/>\n<meta property=\"og:site_name\" content=\"Uni\u00f3n Esp\u00edrita\" \/>\n<meta property=\"article:publisher\" content=\"https:\/\/www.facebook.com\/groups\/3431398063740829\" \/>\n<meta property=\"article:modified_time\" content=\"2024-07-08T10:40:30+00:00\" \/>\n<meta property=\"og:image\" content=\"https:\/\/ufec-mundial.com\/wp-content\/uploads\/2024\/07\/analia-franco.webp\" \/>\n<meta name=\"twitter:card\" content=\"summary_large_image\" \/>\n<meta name=\"twitter:label1\" content=\"Tahmini okuma s\u00fcresi\" \/>\n\t<meta name=\"twitter:data1\" content=\"6 dakika\" \/>\n<script type=\"application\/ld+json\" class=\"yoast-schema-graph\">{\"@context\":\"https:\/\/schema.org\",\"@graph\":[{\"@type\":\"WebPage\",\"@id\":\"https:\/\/nuevo-renacer.com\/analia-franco\/\",\"url\":\"https:\/\/nuevo-renacer.com\/analia-franco\/\",\"name\":\"An\u00e1lia Franco - Uni\u00f3n Esp\u00edrita\",\"isPartOf\":{\"@id\":\"https:\/\/nuevo-renacer.com\/#website\"},\"primaryImageOfPage\":{\"@id\":\"https:\/\/nuevo-renacer.com\/analia-franco\/#primaryimage\"},\"image\":{\"@id\":\"https:\/\/nuevo-renacer.com\/analia-franco\/#primaryimage\"},\"thumbnailUrl\":\"https:\/\/ufec-mundial.com\/wp-content\/uploads\/2024\/07\/analia-franco.webp\",\"datePublished\":\"2024-07-08T10:40:28+00:00\",\"dateModified\":\"2024-07-08T10:40:30+00:00\",\"breadcrumb\":{\"@id\":\"https:\/\/nuevo-renacer.com\/analia-franco\/#breadcrumb\"},\"inLanguage\":\"tr\",\"potentialAction\":[{\"@type\":\"ReadAction\",\"target\":[\"https:\/\/nuevo-renacer.com\/analia-franco\/\"]}]},{\"@type\":\"ImageObject\",\"inLanguage\":\"tr\",\"@id\":\"https:\/\/nuevo-renacer.com\/analia-franco\/#primaryimage\",\"url\":\"https:\/\/ufec-mundial.com\/wp-content\/uploads\/2024\/07\/analia-franco.webp\",\"contentUrl\":\"https:\/\/ufec-mundial.com\/wp-content\/uploads\/2024\/07\/analia-franco.webp\"},{\"@type\":\"BreadcrumbList\",\"@id\":\"https:\/\/nuevo-renacer.com\/analia-franco\/#breadcrumb\",\"itemListElement\":[{\"@type\":\"ListItem\",\"position\":1,\"name\":\"Startseite\",\"item\":\"https:\/\/nuevo-renacer.com\/\"},{\"@type\":\"ListItem\",\"position\":2,\"name\":\"An\u00e1lia Franco\"}]},{\"@type\":\"WebSite\",\"@id\":\"https:\/\/nuevo-renacer.com\/#website\",\"url\":\"https:\/\/nuevo-renacer.com\/\",\"name\":\"Uni\u00f3n Esp\u00edrita\",\"description\":\"Nuevo Renacer\",\"publisher\":{\"@id\":\"https:\/\/nuevo-renacer.com\/#organization\"},\"potentialAction\":[{\"@type\":\"SearchAction\",\"target\":{\"@type\":\"EntryPoint\",\"urlTemplate\":\"https:\/\/nuevo-renacer.com\/?s={search_term_string}\"},\"query-input\":{\"@type\":\"PropertyValueSpecification\",\"valueRequired\":true,\"valueName\":\"search_term_string\"}}],\"inLanguage\":\"tr\"},{\"@type\":\"Organization\",\"@id\":\"https:\/\/nuevo-renacer.com\/#organization\",\"name\":\"UFEC\",\"url\":\"https:\/\/nuevo-renacer.com\/\",\"logo\":{\"@type\":\"ImageObject\",\"inLanguage\":\"tr\",\"@id\":\"https:\/\/nuevo-renacer.com\/#\/schema\/logo\/image\/\",\"url\":\"https:\/\/nuevo-renacer.com\/wp-content\/uploads\/2024\/05\/cropped-LOGO-TERMINADO1-3-3.png\",\"contentUrl\":\"https:\/\/nuevo-renacer.com\/wp-content\/uploads\/2024\/05\/cropped-LOGO-TERMINADO1-3-3.png\",\"width\":512,\"height\":512,\"caption\":\"UFEC\"},\"image\":{\"@id\":\"https:\/\/nuevo-renacer.com\/#\/schema\/logo\/image\/\"},\"sameAs\":[\"https:\/\/www.facebook.com\/groups\/3431398063740829\"]}]}<\/script>\n<!-- \/ Yoast SEO Premium plugin. -->","yoast_head_json":{"title":"An\u00e1lia Franco - Uni\u00f3n Esp\u00edrita","robots":{"index":"index","follow":"follow","max-snippet":"max-snippet:-1","max-image-preview":"max-image-preview:large","max-video-preview":"max-video-preview:-1"},"canonical":"https:\/\/nuevo-renacer.com\/tr\/analia-franco\/","og_locale":"tr_TR","og_type":"article","og_title":"An\u00e1lia Franco","og_description":"An\u00e1lia Franco An\u00e1lia Em\u00edlia Franco Bastos, m\u00e1s conocida como An\u00e1lia Franco, naci\u00f3 el 1 de febrero de 1853, en la ciudad de Resende, en el estado de R\u00edo de Janeiro, y muri\u00f3 el 20 de enero de 1919, en la ciudad de S\u00e3o Paulo. Fue periodista, escritora, poeta y educadora experta, que dej\u00f3 un legado [&hellip;]","og_url":"https:\/\/nuevo-renacer.com\/tr\/analia-franco\/","og_site_name":"Uni\u00f3n Esp\u00edrita","article_publisher":"https:\/\/www.facebook.com\/groups\/3431398063740829","article_modified_time":"2024-07-08T10:40:30+00:00","og_image":[{"url":"https:\/\/ufec-mundial.com\/wp-content\/uploads\/2024\/07\/analia-franco.webp","type":"","width":"","height":""}],"twitter_card":"summary_large_image","twitter_misc":{"Tahmini okuma s\u00fcresi":"6 dakika"},"schema":{"@context":"https:\/\/schema.org","@graph":[{"@type":"WebPage","@id":"https:\/\/nuevo-renacer.com\/analia-franco\/","url":"https:\/\/nuevo-renacer.com\/analia-franco\/","name":"An\u00e1lia Franco - Uni\u00f3n Esp\u00edrita","isPartOf":{"@id":"https:\/\/nuevo-renacer.com\/#website"},"primaryImageOfPage":{"@id":"https:\/\/nuevo-renacer.com\/analia-franco\/#primaryimage"},"image":{"@id":"https:\/\/nuevo-renacer.com\/analia-franco\/#primaryimage"},"thumbnailUrl":"https:\/\/ufec-mundial.com\/wp-content\/uploads\/2024\/07\/analia-franco.webp","datePublished":"2024-07-08T10:40:28+00:00","dateModified":"2024-07-08T10:40:30+00:00","breadcrumb":{"@id":"https:\/\/nuevo-renacer.com\/analia-franco\/#breadcrumb"},"inLanguage":"tr","potentialAction":[{"@type":"ReadAction","target":["https:\/\/nuevo-renacer.com\/analia-franco\/"]}]},{"@type":"ImageObject","inLanguage":"tr","@id":"https:\/\/nuevo-renacer.com\/analia-franco\/#primaryimage","url":"https:\/\/ufec-mundial.com\/wp-content\/uploads\/2024\/07\/analia-franco.webp","contentUrl":"https:\/\/ufec-mundial.com\/wp-content\/uploads\/2024\/07\/analia-franco.webp"},{"@type":"BreadcrumbList","@id":"https:\/\/nuevo-renacer.com\/analia-franco\/#breadcrumb","itemListElement":[{"@type":"ListItem","position":1,"name":"Startseite","item":"https:\/\/nuevo-renacer.com\/"},{"@type":"ListItem","position":2,"name":"An\u00e1lia Franco"}]},{"@type":"WebSite","@id":"https:\/\/nuevo-renacer.com\/#website","url":"https:\/\/nuevo-renacer.com\/","name":"Uni\u00f3n Esp\u00edrita","description":"Nuevo Renacer","publisher":{"@id":"https:\/\/nuevo-renacer.com\/#organization"},"potentialAction":[{"@type":"SearchAction","target":{"@type":"EntryPoint","urlTemplate":"https:\/\/nuevo-renacer.com\/?s={search_term_string}"},"query-input":{"@type":"PropertyValueSpecification","valueRequired":true,"valueName":"search_term_string"}}],"inLanguage":"tr"},{"@type":"Organization","@id":"https:\/\/nuevo-renacer.com\/#organization","name":"UFEC","url":"https:\/\/nuevo-renacer.com\/","logo":{"@type":"ImageObject","inLanguage":"tr","@id":"https:\/\/nuevo-renacer.com\/#\/schema\/logo\/image\/","url":"https:\/\/nuevo-renacer.com\/wp-content\/uploads\/2024\/05\/cropped-LOGO-TERMINADO1-3-3.png","contentUrl":"https:\/\/nuevo-renacer.com\/wp-content\/uploads\/2024\/05\/cropped-LOGO-TERMINADO1-3-3.png","width":512,"height":512,"caption":"UFEC"},"image":{"@id":"https:\/\/nuevo-renacer.com\/#\/schema\/logo\/image\/"},"sameAs":["https:\/\/www.facebook.com\/groups\/3431398063740829"]}]}},"uagb_featured_image_src":{"full":false,"thumbnail":false,"medium":false,"medium_large":false,"large":false,"1536x1536":false,"2048x2048":false,"trp-custom-language-flag":false},"uagb_author_info":{"display_name":"adbv0","author_link":"https:\/\/nuevo-renacer.com\/tr\/author\/adbv0\/"},"uagb_comment_info":0,"uagb_excerpt":"An\u00e1lia Franco An\u00e1lia Em\u00edlia Franco Bastos, m\u00e1s conocida como An\u00e1lia Franco, naci\u00f3 el 1 de febrero de 1853, en la ciudad de Resende, en el estado de R\u00edo de Janeiro, y muri\u00f3 el 20 de enero de 1919, en la ciudad de S\u00e3o Paulo. Fue periodista, escritora, poeta y educadora experta, que dej\u00f3 un legado&hellip;","jetpack_sharing_enabled":true,"_links":{"self":[{"href":"https:\/\/nuevo-renacer.com\/tr\/wp-json\/wp\/v2\/pages\/3392","targetHints":{"allow":["GET"]}}],"collection":[{"href":"https:\/\/nuevo-renacer.com\/tr\/wp-json\/wp\/v2\/pages"}],"about":[{"href":"https:\/\/nuevo-renacer.com\/tr\/wp-json\/wp\/v2\/types\/page"}],"author":[{"embeddable":true,"href":"https:\/\/nuevo-renacer.com\/tr\/wp-json\/wp\/v2\/users\/1"}],"replies":[{"embeddable":true,"href":"https:\/\/nuevo-renacer.com\/tr\/wp-json\/wp\/v2\/comments?post=3392"}],"version-history":[{"count":1,"href":"https:\/\/nuevo-renacer.com\/tr\/wp-json\/wp\/v2\/pages\/3392\/revisions"}],"predecessor-version":[{"id":3394,"href":"https:\/\/nuevo-renacer.com\/tr\/wp-json\/wp\/v2\/pages\/3392\/revisions\/3394"}],"wp:attachment":[{"href":"https:\/\/nuevo-renacer.com\/tr\/wp-json\/wp\/v2\/media?parent=3392"}],"curies":[{"name":"wp","href":"https:\/\/api.w.org\/{rel}","templated":true}]}}