{"id":3330,"date":"2024-07-08T07:34:43","date_gmt":"2024-07-08T07:34:43","guid":{"rendered":"https:\/\/ufec-mundial.com\/?page_id=3330"},"modified":"2025-06-21T11:59:25","modified_gmt":"2025-06-21T11:59:25","slug":"centro-el-peregrino","status":"publish","type":"page","link":"https:\/\/nuevo-renacer.com\/tr\/centro-el-peregrino\/","title":{"rendered":"Merkez El Peregrino"},"content":{"rendered":"<div class=\"wp-block-uagb-container uagb-block-d1f4b6ae alignfull uagb-is-root-container\"><div class=\"uagb-container-inner-blocks-wrap\">\n<p class=\"has-black-color has-text-color has-link-color has-medium-font-size wp-elements-055c04bf1d37484914b16225942b6e45\"><strong>Merkez El Peregrino<\/strong><\/p>\n<\/div><\/div>\n\n\n\n<div class=\"wp-block-uagb-container uagb-block-f6157057 alignfull uagb-is-root-container\"><div class=\"uagb-container-inner-blocks-wrap\">\n<figure class=\"wp-block-image size-large is-resized\"><img fetchpriority=\"high\" decoding=\"async\" width=\"473\" height=\"1024\" src=\"https:\/\/nuevo-renacer.com\/wp-content\/uploads\/2024\/09\/457444666_408859052223301_3441290597169073594_n-473x1024.jpg\" alt=\"\" class=\"wp-image-4641\" style=\"width:236px;height:auto\" srcset=\"https:\/\/nuevo-renacer.com\/wp-content\/uploads\/2024\/09\/457444666_408859052223301_3441290597169073594_n-473x1024.jpg 473w, https:\/\/nuevo-renacer.com\/wp-content\/uploads\/2024\/09\/457444666_408859052223301_3441290597169073594_n-138x300.jpg 138w, https:\/\/nuevo-renacer.com\/wp-content\/uploads\/2024\/09\/457444666_408859052223301_3441290597169073594_n-6x12.jpg 6w, https:\/\/nuevo-renacer.com\/wp-content\/uploads\/2024\/09\/457444666_408859052223301_3441290597169073594_n.jpg 480w\" sizes=\"(max-width: 473px) 100vw, 473px\" \/><\/figure>\n<\/div><\/div>\n\n\n\n<div class=\"wp-block-uagb-container uagb-block-486ab848 alignfull uagb-is-root-container\"><div class=\"uagb-container-inner-blocks-wrap\">\n<p class=\"has-black-color has-text-color has-link-color has-small-font-size wp-elements-7eefcd8958a265c4808bd2c767111e77\">Ram\u00f3n Mej\u00edas Jim\u00e9nez Havana'daki \u201cEl Peregrino\u201d ruhani merkezini y\u00f6netmektedir. Ruhani geli\u015fimine 9 ya\u015f\u0131nda ba\u015flad\u0131. Annesinin sa\u011fl\u0131k sorunlar\u0131 nedeniyle neredeyse bir y\u0131l boyunca Camag\u00fcey \u015fehrinde ya\u015famak zorunda kald\u0131 ve burada Celsa Rodr\u00edguez'in \u201cColegio apost\u00f3lico sociedad Esp\u00edrita de Camag\u00fcey\u201d merkezini tan\u0131d\u0131. Orada ruhani olarak y\u00f6nlendirildi, \u00e7\u00fcnk\u00fc ruhlar\u0131 hissetti ve g\u00f6rd\u00fc ve ruhani bir transa girdi. \u00c7ocuklu\u011fundan beri insanlara olacak olaylar hakk\u0131nda kehanetlerde bulunurdu. Camag\u00fcey'de ge\u00e7irdi\u011fi bir y\u0131l\u0131n ard\u0131ndan iyile\u015fen annesiyle birlikte Havana'ya d\u00f6nd\u00fc. Celsa Rodr\u00edguez Merkezi'nin y\u00f6netiminin rehberli\u011finde, annesiyle birlikte, \u015fu anda rahmetli olan ba\u015fkan\u0131 Alfredo Dur\u00e1n taraf\u0131ndan y\u00f6netilen Ulusal Ruh\u00e7u Y\u00fcksek Konseyi'nin Ruh\u00e7u Toplulu\u011fu'nda ruhsal olarak \u00e7al\u0131\u015fmaya ba\u015flad\u0131. Orada birka\u00e7 y\u0131l boyunca ayn\u0131 merkezin ba\u015fkanl\u0131\u011f\u0131n\u0131 yapt\u0131, ta ki Dur\u00e1n'la olan anla\u015fmazl\u0131klar\u0131 nedeniyle s\u00f6z konusu Spiritualist cemiyetten \u00e7ekilene kadar ve Camag\u00fcey'deki y\u00f6neticisi ve rehberinin rehberli\u011finde ilk ruhani \u00e7al\u0131\u015fmas\u0131na \u00f6zel bir evde ba\u015flad\u0131. Bir s\u00fcre i\u00e7in, ger\u00e7ek ruhani rehber olan \u201cHac\u0131\u201d, t\u00fcm insanl\u0131\u011f\u0131n yarar\u0131na ruhani bir misyonu yerine getirmek i\u00e7in ona kendini g\u00f6sterene kadar. Hac\u0131 ad\u0131, zaman\u0131nda bir ke\u015fi\u015f olarak bir yerden di\u011ferine hacca giden ve muhta\u00e7 insanl\u0131\u011fa yard\u0131m eden, kehanette bulunan ve tavsiyelerde bulunan Bartolito adl\u0131 Fransisken ruhunun bir \u00fcr\u00fcn\u00fcd\u00fcr.<\/p>\n\n\n\n<p class=\"has-vivid-cyan-blue-color has-text-color has-link-color has-medium-font-size wp-elements-85868814d3da7482839ab4110197a723\"><strong>En y\u00fcce Tanr\u0131'ya \u015f\u00fck\u00fcrler olsun ve iyi niyetli insanlara yery\u00fcz\u00fcnde bar\u0131\u015f olsun.<\/strong>.<\/p>\n<\/div><\/div>\n\n\n\n<div class=\"wp-block-uagb-container uagb-block-0da9a02b alignfull uagb-is-root-container\"><div class=\"uagb-container-inner-blocks-wrap\">\t\t\t\t\t<div\n\t\t\t\t\t\tclass=\"wp-block-uagb-image-gallery uagb-block-ade96e00\"\n\t\t\t\t\t\tstyle=\"\"\n\t\t\t\t\t>\n\t\t\t\t\t\t\t\t\t\t\t<div class=\"spectra-image-gallery spectra-image-gallery__layout--grid spectra-image-gallery__layout--grid-col-3 spectra-image-gallery__layout--grid-col-tab-3 spectra-image-gallery__layout--grid-col-mob-2\">\n\t\t\t\t\t\t\t\t\t\t\t<div class='spectra-image-gallery__media-wrapper' data-spectra-gallery-image-id='2305' tabindex=\"0\">\n\t\t\t\t\t\t\t<div class=\"spectra-image-gallery__media spectra-image-gallery__media--grid\">\n\t\t\t\t<picture>\n\t\t\t\t\t<source media=\"(min-width: 1024px)\" srcset=\"https:\/\/nuevo-renacer.com\/wp-content\/uploads\/2024\/05\/438083651_824121466276677_3058946350225952941_n.jpg\">\n\t\t\t\t\t<source media=\"(min-width: 768px)\" srcset=\"https:\/\/nuevo-renacer.com\/wp-content\/uploads\/2024\/05\/438083651_824121466276677_3058946350225952941_n.jpg\">\n\t\t\t\t\t<img decoding=\"async\" class=\"spectra-image-gallery__media-thumbnail spectra-image-gallery__media-thumbnail--grid\" src=\"https:\/\/nuevo-renacer.com\/wp-content\/uploads\/2024\/05\/438083651_824121466276677_3058946350225952941_n-265x300.jpg\" alt=\"\" loading=\"lazy\" \/>\n\t\t\t\t<\/picture>\n\t\t\t\t<div class=\"spectra-image-gallery__media-thumbnail-blurrer\"><\/div>\n\t\t\t\t\t\t\t\t\t\t\t<div class=\"spectra-image-gallery__media-thumbnail-caption-wrapper spectra-image-gallery__media-thumbnail-caption-wrapper--overlay\"><\/div>\n\t\t\t\t\t\t\t\t<\/div>\n\t\t\t\t\t\t<\/div>\n\t\t\t\t\t\t<div class='spectra-image-gallery__media-wrapper' data-spectra-gallery-image-id='2303' tabindex=\"0\">\n\t\t\t\t\t\t\t<div class=\"spectra-image-gallery__media spectra-image-gallery__media--grid\">\n\t\t\t\t<picture>\n\t\t\t\t\t<source media=\"(min-width: 1024px)\" srcset=\"https:\/\/nuevo-renacer.com\/wp-content\/uploads\/2024\/05\/438101955_416008131393107_6313973266251352319_n.jpg\">\n\t\t\t\t\t<source media=\"(min-width: 768px)\" srcset=\"https:\/\/nuevo-renacer.com\/wp-content\/uploads\/2024\/05\/438101955_416008131393107_6313973266251352319_n.jpg\">\n\t\t\t\t\t<img decoding=\"async\" class=\"spectra-image-gallery__media-thumbnail spectra-image-gallery__media-thumbnail--grid\" src=\"https:\/\/nuevo-renacer.com\/wp-content\/uploads\/2024\/05\/438101955_416008131393107_6313973266251352319_n-169x300.jpg\" alt=\"\" loading=\"lazy\" \/>\n\t\t\t\t<\/picture>\n\t\t\t\t<div class=\"spectra-image-gallery__media-thumbnail-blurrer\"><\/div>\n\t\t\t\t\t\t\t\t\t\t\t<div class=\"spectra-image-gallery__media-thumbnail-caption-wrapper spectra-image-gallery__media-thumbnail-caption-wrapper--overlay\"><\/div>\n\t\t\t\t\t\t\t\t<\/div>\n\t\t\t\t\t\t<\/div>\n\t\t\t\t\t\t<div class='spectra-image-gallery__media-wrapper' data-spectra-gallery-image-id='2304' tabindex=\"0\">\n\t\t\t\t\t\t\t<div class=\"spectra-image-gallery__media spectra-image-gallery__media--grid\">\n\t\t\t\t<picture>\n\t\t\t\t\t<source media=\"(min-width: 1024px)\" srcset=\"https:\/\/nuevo-renacer.com\/wp-content\/uploads\/2024\/05\/438154350_348351111231379_8429786502761954332_n.jpg\">\n\t\t\t\t\t<source media=\"(min-width: 768px)\" srcset=\"https:\/\/nuevo-renacer.com\/wp-content\/uploads\/2024\/05\/438154350_348351111231379_8429786502761954332_n.jpg\">\n\t\t\t\t\t<img decoding=\"async\" class=\"spectra-image-gallery__media-thumbnail spectra-image-gallery__media-thumbnail--grid\" src=\"https:\/\/nuevo-renacer.com\/wp-content\/uploads\/2024\/05\/438154350_348351111231379_8429786502761954332_n-169x300.jpg\" alt=\"\" loading=\"lazy\" \/>\n\t\t\t\t<\/picture>\n\t\t\t\t<div class=\"spectra-image-gallery__media-thumbnail-blurrer\"><\/div>\n\t\t\t\t\t\t\t\t\t\t\t<div class=\"spectra-image-gallery__media-thumbnail-caption-wrapper spectra-image-gallery__media-thumbnail-caption-wrapper--overlay\"><\/div>\n\t\t\t\t\t\t\t\t<\/div>\n\t\t\t\t\t\t<\/div>\n\t\t\t\t\t\t<div class='spectra-image-gallery__media-wrapper' data-spectra-gallery-image-id='2302' tabindex=\"0\">\n\t\t\t\t\t\t\t<div class=\"spectra-image-gallery__media spectra-image-gallery__media--grid\">\n\t\t\t\t<picture>\n\t\t\t\t\t<source media=\"(min-width: 1024px)\" srcset=\"https:\/\/nuevo-renacer.com\/wp-content\/uploads\/2024\/05\/438069672_1145657386633826_6217032095255561654_n.jpg\">\n\t\t\t\t\t<source media=\"(min-width: 768px)\" srcset=\"https:\/\/nuevo-renacer.com\/wp-content\/uploads\/2024\/05\/438069672_1145657386633826_6217032095255561654_n.jpg\">\n\t\t\t\t\t<img decoding=\"async\" class=\"spectra-image-gallery__media-thumbnail spectra-image-gallery__media-thumbnail--grid\" src=\"https:\/\/nuevo-renacer.com\/wp-content\/uploads\/2024\/05\/438069672_1145657386633826_6217032095255561654_n-169x300.jpg\" alt=\"\" loading=\"lazy\" \/>\n\t\t\t\t<\/picture>\n\t\t\t\t<div class=\"spectra-image-gallery__media-thumbnail-blurrer\"><\/div>\n\t\t\t\t\t\t\t\t\t\t\t<div class=\"spectra-image-gallery__media-thumbnail-caption-wrapper spectra-image-gallery__media-thumbnail-caption-wrapper--overlay\"><\/div>\n\t\t\t\t\t\t\t\t<\/div>\n\t\t\t\t\t\t<\/div>\n\t\t\t\t\t\t\t\t\t\t<\/div>\n\t\t\t\t\t\t\t\t\t\t\t\t\t\t\t\t\t\t<\/div>\n\t\t\t\t\t\t\t\t\t\t\t<div class='spectra-image-gallery__control-lightbox' tabindex='0'>\n\t\t\t\t\t\t\t\t\t\t\t<div class=\"swiper spectra-image-gallery__control-lightbox--main\" dir=\"\">\n\t\t\t\t\t<div class=\"swiper-wrapper\">\n\t\t\t\t\t\t\t\t\t\t\t\t\t\n\t\t\t\t\t\t\t<div class=\"swiper-slide\">\n\t\t\t\t\t\t\t\t<img class=\"swiper-lazy\" data-src=\"https:\/\/nuevo-renacer.com\/wp-content\/uploads\/2024\/05\/438083651_824121466276677_3058946350225952941_n.jpg\" alt=\"\"\/>\n\t\t\t\t\t\t\t\t<div class=\"swiper-lazy-preloader swiper-lazy-preloader-white\"><\/div>\n\t\t\t\t\t\t\t\t\t\t\t\t\t\t\t<\/div>\n\t\t\t\t\t\t\t\t\t\t\t\t\t\n\t\t\t\t\t\t\t<div class=\"swiper-slide\">\n\t\t\t\t\t\t\t\t<img class=\"swiper-lazy\" data-src=\"https:\/\/nuevo-renacer.com\/wp-content\/uploads\/2024\/05\/438101955_416008131393107_6313973266251352319_n.jpg\" alt=\"\"\/>\n\t\t\t\t\t\t\t\t<div class=\"swiper-lazy-preloader swiper-lazy-preloader-white\"><\/div>\n\t\t\t\t\t\t\t\t\t\t\t\t\t\t\t<\/div>\n\t\t\t\t\t\t\t\t\t\t\t\t\t\n\t\t\t\t\t\t\t<div class=\"swiper-slide\">\n\t\t\t\t\t\t\t\t<img class=\"swiper-lazy\" data-src=\"https:\/\/nuevo-renacer.com\/wp-content\/uploads\/2024\/05\/438154350_348351111231379_8429786502761954332_n.jpg\" alt=\"\"\/>\n\t\t\t\t\t\t\t\t<div class=\"swiper-lazy-preloader swiper-lazy-preloader-white\"><\/div>\n\t\t\t\t\t\t\t\t\t\t\t\t\t\t\t<\/div>\n\t\t\t\t\t\t\t\t\t\t\t\t\t\n\t\t\t\t\t\t\t<div class=\"swiper-slide\">\n\t\t\t\t\t\t\t\t<img class=\"swiper-lazy\" data-src=\"https:\/\/nuevo-renacer.com\/wp-content\/uploads\/2024\/05\/438069672_1145657386633826_6217032095255561654_n.jpg\" alt=\"\"\/>\n\t\t\t\t\t\t\t\t<div class=\"swiper-lazy-preloader swiper-lazy-preloader-white\"><\/div>\n\t\t\t\t\t\t\t\t\t\t\t\t\t\t\t<\/div>\n\t\t\t\t\t\t\t\t\t\t\t<\/div>\n\t\t\t\t\t<div class=\"swiper-button-next\"><\/div>\n\t\t\t\t\t<div class=\"swiper-button-prev\"><\/div>\n\t\t\t\t<\/div>\t\t\t\n\t\t\t\t\t\t\t\t\t\t\t\t\t\t\t\t\t\t\t\t\t\t\t\t\t\t\t\t\t\t\t\t<button class='spectra-image-gallery__control-lightbox--close' aria-label=\"Kapatma\">\n\t\t\t\t\t\t\t\t\t\t\t\t\t<svg xmlns=\"https:\/\/www.w3.org\/2000\/svg\" viewbox= \"0 0 320 512\"><path d=\"M310.6 361.4c12.5 12.5 12.5 32.75 0 45.25C304.4 412.9 296.2 416 288 416s-16.38-3.125-22.62-9.375L160 301.3L54.63 406.6C48.38 412.9 40.19 416 32 416S15.63 412.9 9.375 406.6c-12.5-12.5-12.5-32.75 0-45.25l105.4-105.4L9.375 150.6c-12.5-12.5-12.5-32.75 0-45.25s32.75-12.5 45.25 0L160 210.8l105.4-105.4c12.5-12.5 32.75-12.5 45.25 0s12.5 32.75 0 45.25l-105.4 105.4L310.6 361.4z\"><\/path><\/svg>\n\t\t\t\t\t\t\t\t\t\t\t\t<\/button>\n\t\t\t\t\t\t\t\t\t\t\t\t\t<\/div>\n\t\t\t\t\t\t\t\t\t<\/div><\/div>\n\n\n\n<div class=\"wp-block-uagb-container uagb-block-7b65e560 alignfull uagb-is-root-container\"><div class=\"uagb-container-inner-blocks-wrap\"><\/div><\/div>\n\n\n\n<div class=\"wp-block-uagb-container uagb-block-e884322a alignfull uagb-is-root-container\"><div class=\"uagb-container-inner-blocks-wrap\"><\/div><\/div>","protected":false},"excerpt":{"rendered":"<p>Centro El Peregrino Ram\u00f3n Mej\u00edas Jim\u00e9nez dirige el Centro espiritual El Peregrino en la ciudad de la Habana. Comenzo\u00b4 su desarrollo espiritual con la edad de 9 a\u00f1os. Tuvo por problemas de salud de su madre que vivir casi un a\u00f1o en la ciudad de Camag\u00fcey d\u00f3nde conoci\u00f3 el Centro de Celsa Rodr\u00edguez, Colegio apost\u00f3lico [&hellip;]<\/p>","protected":false},"author":1,"featured_media":4641,"parent":0,"menu_order":0,"comment_status":"closed","ping_status":"closed","template":"","meta":{"_uag_custom_page_level_css":"","site-sidebar-layout":"default","site-content-layout":"","ast-site-content-layout":"default","site-content-style":"default","site-sidebar-style":"default","ast-global-header-display":"","ast-banner-title-visibility":"","ast-main-header-display":"","ast-hfb-above-header-display":"","ast-hfb-below-header-display":"","ast-hfb-mobile-header-display":"","site-post-title":"disabled","ast-breadcrumbs-content":"","ast-featured-img":"","footer-sml-layout":"","theme-transparent-header-meta":"","adv-header-id-meta":"","stick-header-meta":"","header-above-stick-meta":"","header-main-stick-meta":"","header-below-stick-meta":"","astra-migrate-meta-layouts":"set","ast-page-background-enabled":"default","ast-page-background-meta":{"desktop":{"background-color":"var(--ast-global-color-4)","background-image":"","background-repeat":"repeat","background-position":"center center","background-size":"auto","background-attachment":"scroll","background-type":"","background-media":"","overlay-type":"","overlay-color":"","overlay-opacity":"","overlay-gradient":""},"tablet":{"background-color":"","background-image":"","background-repeat":"repeat","background-position":"center center","background-size":"auto","background-attachment":"scroll","background-type":"","background-media":"","overlay-type":"","overlay-color":"","overlay-opacity":"","overlay-gradient":""},"mobile":{"background-color":"","background-image":"","background-repeat":"repeat","background-position":"center center","background-size":"auto","background-attachment":"scroll","background-type":"","background-media":"","overlay-type":"","overlay-color":"","overlay-opacity":"","overlay-gradient":""}},"ast-content-background-meta":{"desktop":{"background-color":"var(--ast-global-color-5)","background-image":"","background-repeat":"repeat","background-position":"center center","background-size":"auto","background-attachment":"scroll","background-type":"","background-media":"","overlay-type":"","overlay-color":"","overlay-opacity":"","overlay-gradient":""},"tablet":{"background-color":"var(--ast-global-color-5)","background-image":"","background-repeat":"repeat","background-position":"center center","background-size":"auto","background-attachment":"scroll","background-type":"","background-media":"","overlay-type":"","overlay-color":"","overlay-opacity":"","overlay-gradient":""},"mobile":{"background-color":"var(--ast-global-color-5)","background-image":"","background-repeat":"repeat","background-position":"center center","background-size":"auto","background-attachment":"scroll","background-type":"","background-media":"","overlay-type":"","overlay-color":"","overlay-opacity":"","overlay-gradient":""}},"footnotes":""},"class_list":["post-3330","page","type-page","status-publish","has-post-thumbnail","hentry"],"yoast_head":"<!-- This site is optimized with the Yoast SEO Premium plugin v24.2 (Yoast SEO v24.6) - https:\/\/yoast.com\/wordpress\/plugins\/seo\/ -->\n<title>Centro El Peregrino - Uni\u00f3n Esp\u00edrita<\/title>\n<meta name=\"robots\" content=\"index, follow, max-snippet:-1, max-image-preview:large, max-video-preview:-1\" \/>\n<link rel=\"canonical\" href=\"https:\/\/nuevo-renacer.com\/tr\/centro-el-peregrino\/\" \/>\n<meta property=\"og:locale\" content=\"tr_TR\" \/>\n<meta property=\"og:type\" content=\"article\" \/>\n<meta property=\"og:title\" content=\"Centro El Peregrino\" \/>\n<meta property=\"og:description\" content=\"Centro El Peregrino Ram\u00f3n Mej\u00edas Jim\u00e9nez dirige el Centro espiritual El Peregrino en la ciudad de la Habana. Comenzo\u00b4 su desarrollo espiritual con la edad de 9 a\u00f1os. Tuvo por problemas de salud de su madre que vivir casi un a\u00f1o en la ciudad de Camag\u00fcey d\u00f3nde conoci\u00f3 el Centro de Celsa Rodr\u00edguez, Colegio apost\u00f3lico [&hellip;]\" \/>\n<meta property=\"og:url\" content=\"https:\/\/nuevo-renacer.com\/tr\/centro-el-peregrino\/\" \/>\n<meta property=\"og:site_name\" content=\"Uni\u00f3n Esp\u00edrita\" \/>\n<meta property=\"article:publisher\" content=\"https:\/\/www.facebook.com\/groups\/3431398063740829\" \/>\n<meta property=\"article:modified_time\" content=\"2025-06-21T11:59:25+00:00\" \/>\n<meta property=\"og:image\" content=\"https:\/\/nuevo-renacer.com\/wp-content\/uploads\/2024\/09\/457444666_408859052223301_3441290597169073594_n.jpg\" \/>\n\t<meta property=\"og:image:width\" content=\"480\" \/>\n\t<meta property=\"og:image:height\" content=\"1040\" \/>\n\t<meta property=\"og:image:type\" content=\"image\/jpeg\" \/>\n<meta name=\"twitter:card\" content=\"summary_large_image\" \/>\n<meta name=\"twitter:label1\" content=\"Tahmini okuma s\u00fcresi\" \/>\n\t<meta name=\"twitter:data1\" content=\"2 dakika\" \/>\n<script type=\"application\/ld+json\" class=\"yoast-schema-graph\">{\"@context\":\"https:\/\/schema.org\",\"@graph\":[{\"@type\":\"WebPage\",\"@id\":\"https:\/\/nuevo-renacer.com\/centro-el-peregrino\/\",\"url\":\"https:\/\/nuevo-renacer.com\/centro-el-peregrino\/\",\"name\":\"Centro El Peregrino - Uni\u00f3n Esp\u00edrita\",\"isPartOf\":{\"@id\":\"https:\/\/nuevo-renacer.com\/#website\"},\"primaryImageOfPage\":{\"@id\":\"https:\/\/nuevo-renacer.com\/centro-el-peregrino\/#primaryimage\"},\"image\":{\"@id\":\"https:\/\/nuevo-renacer.com\/centro-el-peregrino\/#primaryimage\"},\"thumbnailUrl\":\"https:\/\/nuevo-renacer.com\/wp-content\/uploads\/2024\/09\/457444666_408859052223301_3441290597169073594_n.jpg\",\"datePublished\":\"2024-07-08T07:34:43+00:00\",\"dateModified\":\"2025-06-21T11:59:25+00:00\",\"breadcrumb\":{\"@id\":\"https:\/\/nuevo-renacer.com\/centro-el-peregrino\/#breadcrumb\"},\"inLanguage\":\"tr\",\"potentialAction\":[{\"@type\":\"ReadAction\",\"target\":[\"https:\/\/nuevo-renacer.com\/centro-el-peregrino\/\"]}]},{\"@type\":\"ImageObject\",\"inLanguage\":\"tr\",\"@id\":\"https:\/\/nuevo-renacer.com\/centro-el-peregrino\/#primaryimage\",\"url\":\"https:\/\/nuevo-renacer.com\/wp-content\/uploads\/2024\/09\/457444666_408859052223301_3441290597169073594_n.jpg\",\"contentUrl\":\"https:\/\/nuevo-renacer.com\/wp-content\/uploads\/2024\/09\/457444666_408859052223301_3441290597169073594_n.jpg\",\"width\":480,\"height\":1040},{\"@type\":\"BreadcrumbList\",\"@id\":\"https:\/\/nuevo-renacer.com\/centro-el-peregrino\/#breadcrumb\",\"itemListElement\":[{\"@type\":\"ListItem\",\"position\":1,\"name\":\"Startseite\",\"item\":\"https:\/\/nuevo-renacer.com\/\"},{\"@type\":\"ListItem\",\"position\":2,\"name\":\"Centro El Peregrino\"}]},{\"@type\":\"WebSite\",\"@id\":\"https:\/\/nuevo-renacer.com\/#website\",\"url\":\"https:\/\/nuevo-renacer.com\/\",\"name\":\"Uni\u00f3n Esp\u00edrita\",\"description\":\"Nuevo Renacer\",\"publisher\":{\"@id\":\"https:\/\/nuevo-renacer.com\/#organization\"},\"potentialAction\":[{\"@type\":\"SearchAction\",\"target\":{\"@type\":\"EntryPoint\",\"urlTemplate\":\"https:\/\/nuevo-renacer.com\/?s={search_term_string}\"},\"query-input\":{\"@type\":\"PropertyValueSpecification\",\"valueRequired\":true,\"valueName\":\"search_term_string\"}}],\"inLanguage\":\"tr\"},{\"@type\":\"Organization\",\"@id\":\"https:\/\/nuevo-renacer.com\/#organization\",\"name\":\"UFEC\",\"url\":\"https:\/\/nuevo-renacer.com\/\",\"logo\":{\"@type\":\"ImageObject\",\"inLanguage\":\"tr\",\"@id\":\"https:\/\/nuevo-renacer.com\/#\/schema\/logo\/image\/\",\"url\":\"https:\/\/nuevo-renacer.com\/wp-content\/uploads\/2024\/05\/cropped-LOGO-TERMINADO1-3-3.png\",\"contentUrl\":\"https:\/\/nuevo-renacer.com\/wp-content\/uploads\/2024\/05\/cropped-LOGO-TERMINADO1-3-3.png\",\"width\":512,\"height\":512,\"caption\":\"UFEC\"},\"image\":{\"@id\":\"https:\/\/nuevo-renacer.com\/#\/schema\/logo\/image\/\"},\"sameAs\":[\"https:\/\/www.facebook.com\/groups\/3431398063740829\"]}]}<\/script>\n<!-- \/ Yoast SEO Premium plugin. -->","yoast_head_json":{"title":"Centro El Peregrino - Uni\u00f3n Esp\u00edrita","robots":{"index":"index","follow":"follow","max-snippet":"max-snippet:-1","max-image-preview":"max-image-preview:large","max-video-preview":"max-video-preview:-1"},"canonical":"https:\/\/nuevo-renacer.com\/tr\/centro-el-peregrino\/","og_locale":"tr_TR","og_type":"article","og_title":"Centro El Peregrino","og_description":"Centro El Peregrino Ram\u00f3n Mej\u00edas Jim\u00e9nez dirige el Centro espiritual El Peregrino en la ciudad de la Habana. Comenzo\u00b4 su desarrollo espiritual con la edad de 9 a\u00f1os. Tuvo por problemas de salud de su madre que vivir casi un a\u00f1o en la ciudad de Camag\u00fcey d\u00f3nde conoci\u00f3 el Centro de Celsa Rodr\u00edguez, Colegio apost\u00f3lico [&hellip;]","og_url":"https:\/\/nuevo-renacer.com\/tr\/centro-el-peregrino\/","og_site_name":"Uni\u00f3n Esp\u00edrita","article_publisher":"https:\/\/www.facebook.com\/groups\/3431398063740829","article_modified_time":"2025-06-21T11:59:25+00:00","og_image":[{"width":480,"height":1040,"url":"https:\/\/nuevo-renacer.com\/wp-content\/uploads\/2024\/09\/457444666_408859052223301_3441290597169073594_n.jpg","type":"image\/jpeg"}],"twitter_card":"summary_large_image","twitter_misc":{"Tahmini okuma s\u00fcresi":"2 dakika"},"schema":{"@context":"https:\/\/schema.org","@graph":[{"@type":"WebPage","@id":"https:\/\/nuevo-renacer.com\/centro-el-peregrino\/","url":"https:\/\/nuevo-renacer.com\/centro-el-peregrino\/","name":"Centro El Peregrino - Uni\u00f3n Esp\u00edrita","isPartOf":{"@id":"https:\/\/nuevo-renacer.com\/#website"},"primaryImageOfPage":{"@id":"https:\/\/nuevo-renacer.com\/centro-el-peregrino\/#primaryimage"},"image":{"@id":"https:\/\/nuevo-renacer.com\/centro-el-peregrino\/#primaryimage"},"thumbnailUrl":"https:\/\/nuevo-renacer.com\/wp-content\/uploads\/2024\/09\/457444666_408859052223301_3441290597169073594_n.jpg","datePublished":"2024-07-08T07:34:43+00:00","dateModified":"2025-06-21T11:59:25+00:00","breadcrumb":{"@id":"https:\/\/nuevo-renacer.com\/centro-el-peregrino\/#breadcrumb"},"inLanguage":"tr","potentialAction":[{"@type":"ReadAction","target":["https:\/\/nuevo-renacer.com\/centro-el-peregrino\/"]}]},{"@type":"ImageObject","inLanguage":"tr","@id":"https:\/\/nuevo-renacer.com\/centro-el-peregrino\/#primaryimage","url":"https:\/\/nuevo-renacer.com\/wp-content\/uploads\/2024\/09\/457444666_408859052223301_3441290597169073594_n.jpg","contentUrl":"https:\/\/nuevo-renacer.com\/wp-content\/uploads\/2024\/09\/457444666_408859052223301_3441290597169073594_n.jpg","width":480,"height":1040},{"@type":"BreadcrumbList","@id":"https:\/\/nuevo-renacer.com\/centro-el-peregrino\/#breadcrumb","itemListElement":[{"@type":"ListItem","position":1,"name":"Startseite","item":"https:\/\/nuevo-renacer.com\/"},{"@type":"ListItem","position":2,"name":"Centro El Peregrino"}]},{"@type":"WebSite","@id":"https:\/\/nuevo-renacer.com\/#website","url":"https:\/\/nuevo-renacer.com\/","name":"Uni\u00f3n Esp\u00edrita","description":"Nuevo Renacer","publisher":{"@id":"https:\/\/nuevo-renacer.com\/#organization"},"potentialAction":[{"@type":"SearchAction","target":{"@type":"EntryPoint","urlTemplate":"https:\/\/nuevo-renacer.com\/?s={search_term_string}"},"query-input":{"@type":"PropertyValueSpecification","valueRequired":true,"valueName":"search_term_string"}}],"inLanguage":"tr"},{"@type":"Organization","@id":"https:\/\/nuevo-renacer.com\/#organization","name":"UFEC","url":"https:\/\/nuevo-renacer.com\/","logo":{"@type":"ImageObject","inLanguage":"tr","@id":"https:\/\/nuevo-renacer.com\/#\/schema\/logo\/image\/","url":"https:\/\/nuevo-renacer.com\/wp-content\/uploads\/2024\/05\/cropped-LOGO-TERMINADO1-3-3.png","contentUrl":"https:\/\/nuevo-renacer.com\/wp-content\/uploads\/2024\/05\/cropped-LOGO-TERMINADO1-3-3.png","width":512,"height":512,"caption":"UFEC"},"image":{"@id":"https:\/\/nuevo-renacer.com\/#\/schema\/logo\/image\/"},"sameAs":["https:\/\/www.facebook.com\/groups\/3431398063740829"]}]}},"uagb_featured_image_src":{"full":["https:\/\/nuevo-renacer.com\/wp-content\/uploads\/2024\/09\/457444666_408859052223301_3441290597169073594_n.jpg",480,1040,false],"thumbnail":["https:\/\/nuevo-renacer.com\/wp-content\/uploads\/2024\/09\/457444666_408859052223301_3441290597169073594_n-150x150.jpg",150,150,true],"medium":["https:\/\/nuevo-renacer.com\/wp-content\/uploads\/2024\/09\/457444666_408859052223301_3441290597169073594_n-138x300.jpg",138,300,true],"medium_large":["https:\/\/nuevo-renacer.com\/wp-content\/uploads\/2024\/09\/457444666_408859052223301_3441290597169073594_n.jpg",480,1040,false],"large":["https:\/\/nuevo-renacer.com\/wp-content\/uploads\/2024\/09\/457444666_408859052223301_3441290597169073594_n-473x1024.jpg",473,1024,true],"1536x1536":["https:\/\/nuevo-renacer.com\/wp-content\/uploads\/2024\/09\/457444666_408859052223301_3441290597169073594_n.jpg",480,1040,false],"2048x2048":["https:\/\/nuevo-renacer.com\/wp-content\/uploads\/2024\/09\/457444666_408859052223301_3441290597169073594_n.jpg",480,1040,false],"trp-custom-language-flag":["https:\/\/nuevo-renacer.com\/wp-content\/uploads\/2024\/09\/457444666_408859052223301_3441290597169073594_n-6x12.jpg",6,12,true]},"uagb_author_info":{"display_name":"adbv0","author_link":"https:\/\/nuevo-renacer.com\/tr\/author\/adbv0\/"},"uagb_comment_info":0,"uagb_excerpt":"Centro El Peregrino Ram\u00f3n Mej\u00edas Jim\u00e9nez dirige el Centro espiritual El Peregrino en la ciudad de la Habana. Comenzo\u00b4 su desarrollo espiritual con la edad de 9 a\u00f1os. Tuvo por problemas de salud de su madre que vivir casi un a\u00f1o en la ciudad de Camag\u00fcey d\u00f3nde conoci\u00f3 el Centro de Celsa Rodr\u00edguez, Colegio apost\u00f3lico&hellip;","jetpack_sharing_enabled":true,"_links":{"self":[{"href":"https:\/\/nuevo-renacer.com\/tr\/wp-json\/wp\/v2\/pages\/3330","targetHints":{"allow":["GET"]}}],"collection":[{"href":"https:\/\/nuevo-renacer.com\/tr\/wp-json\/wp\/v2\/pages"}],"about":[{"href":"https:\/\/nuevo-renacer.com\/tr\/wp-json\/wp\/v2\/types\/page"}],"author":[{"embeddable":true,"href":"https:\/\/nuevo-renacer.com\/tr\/wp-json\/wp\/v2\/users\/1"}],"replies":[{"embeddable":true,"href":"https:\/\/nuevo-renacer.com\/tr\/wp-json\/wp\/v2\/comments?post=3330"}],"version-history":[{"count":4,"href":"https:\/\/nuevo-renacer.com\/tr\/wp-json\/wp\/v2\/pages\/3330\/revisions"}],"predecessor-version":[{"id":8378,"href":"https:\/\/nuevo-renacer.com\/tr\/wp-json\/wp\/v2\/pages\/3330\/revisions\/8378"}],"wp:featuredmedia":[{"embeddable":true,"href":"https:\/\/nuevo-renacer.com\/tr\/wp-json\/wp\/v2\/media\/4641"}],"wp:attachment":[{"href":"https:\/\/nuevo-renacer.com\/tr\/wp-json\/wp\/v2\/media?parent=3330"}],"curies":[{"name":"wp","href":"https:\/\/api.w.org\/{rel}","templated":true}]}}