{"id":3173,"date":"2024-07-07T08:16:02","date_gmt":"2024-07-07T08:16:02","guid":{"rendered":"https:\/\/ufec-mundial.com\/?page_id=3173"},"modified":"2025-03-14T13:49:02","modified_gmt":"2025-03-14T13:49:02","slug":"pedro-ramon-portales-rodriguez","status":"publish","type":"page","link":"https:\/\/nuevo-renacer.com\/tr\/pedro-ramon-portales-rodriguez\/","title":{"rendered":"Pedro Ram\u00f3n Portales Rodr\u00edguez"},"content":{"rendered":"<div class=\"wp-block-uagb-container uagb-block-41fe3892 alignfull uagb-is-root-container\"><div class=\"uagb-container-inner-blocks-wrap\">\n<p class=\"has-black-color has-text-color has-link-color has-medium-font-size wp-elements-8fb1142175789c038e0ee2a8586a9f7d\"><strong>Pedro Ram\u00f3n Portales Rodr\u00edguez<\/strong><\/p>\n<\/div><\/div>\n\n\n\n<div class=\"wp-block-uagb-container uagb-block-32c5e7dc alignfull uagb-is-root-container\"><div class=\"uagb-container-inner-blocks-wrap\">\n<figure class=\"wp-block-image size-large is-resized\"><img fetchpriority=\"high\" decoding=\"async\" width=\"516\" height=\"1024\" src=\"https:\/\/ufec-mundial.com\/wp-content\/uploads\/2024\/06\/449347648_354026154381151_3810387248803676133_n-516x1024.jpg\" alt=\"\" class=\"wp-image-2888\" style=\"width:211px\" srcset=\"https:\/\/nuevo-renacer.com\/wp-content\/uploads\/2024\/06\/449347648_354026154381151_3810387248803676133_n-516x1024.jpg 516w, https:\/\/nuevo-renacer.com\/wp-content\/uploads\/2024\/06\/449347648_354026154381151_3810387248803676133_n-151x300.jpg 151w, https:\/\/nuevo-renacer.com\/wp-content\/uploads\/2024\/06\/449347648_354026154381151_3810387248803676133_n-6x12.jpg 6w, https:\/\/nuevo-renacer.com\/wp-content\/uploads\/2024\/06\/449347648_354026154381151_3810387248803676133_n.jpg 540w\" sizes=\"(max-width: 516px) 100vw, 516px\" \/><\/figure>\n<\/div><\/div>\n\n\n\n<div class=\"wp-block-uagb-container uagb-block-ff87d234 alignfull uagb-is-root-container\"><div class=\"uagb-container-inner-blocks-wrap\">\n<p class=\"has-black-color has-text-color has-link-color has-small-font-size wp-elements-fb6ebad9e317af92a03f09a5ae433c2e\">Anavatan\u0131: K\u00fcba<br>Do\u011fum tarihi: 9.06.1992<br>Medyumluk: M\u00fczisyen<\/p>\n\n\n\n<p class=\"has-black-color has-text-color has-link-color has-small-font-size wp-elements-720844f89b80577c296e796ba5b07693\">Ben Pedro Ram\u00f3n Portales Rodr\u00edguez , 9 Haziran 1992'de Veguitas \u2013 Banes belediyesi mahallesinde do\u011fdum. 4 Ya\u015f\u0131nda erken ya\u015fta b\u00fcy\u00fckannem beni y\u00f6netmeni Thomas Prat olan Su Teresi mahallesinde bulunan antik bir Tap\u0131na\u011fa g\u00f6t\u00fcrd\u00fc. M\u00fcd\u00fcr\u00fc \u00f6lene kadar s\u0131k s\u0131k vard\u0131. Bir gen\u00e7 olarak ruhsal s\u00fcrecime ba\u015flad\u0131m ve ruhlar\u0131n varl\u0131\u011f\u0131n\u0131 hissetmeye ve vizyonlar\u0131ma sahip olmaya ba\u015flad\u0131m. Protesto eden ve esas olarak beni onlara yazd\u0131\u011f\u0131m bu bestelere yeti\u015ftiren ruhlar ve yaz\u0131 yaz\u0131l\u0131rken zihnime ve kalemime rehberlik edenin g\u00fc\u00e7l\u00fc bir maneviyat eseri oldu\u011funu biliyorum. Ben k\u00fc\u00e7\u00fck bir \u00fcyesiyim, ama \u015fu anda d\u00f6rt Guardalavaca Yolunda ya\u015fad\u0131\u011f\u0131m yere yerle\u015fmek i\u00e7in bir tap\u0131nak ay\u0131rd\u0131m. Alberto Morales ad\u0131nda gen\u00e7 bir adam\u0131n y\u00f6netiminde \u201cRuhun I\u015f\u0131\u011f\u0131\u201d ad\u0131 verilen bu harika Tap\u0131na\u011f\u0131n \u00fcyesi olan e\u015fim de dahil olmak \u00fczere karde\u015flerin neredeyse tamam\u0131n\u0131n gen\u00e7 insanlar oldu\u011fu bir tap\u0131nak. Mesle\u011fim gere\u011fi \u015fark\u0131c\u0131y\u0131m ama ruhun ilham\u0131yla baz\u0131 tap\u0131naklara manevi \u015fark\u0131lar ve ilahiler yazmaya ba\u015flad\u0131m. Tanr\u0131m, bu i\u015fe o kadar g\u00fczel devam etmek i\u00e7in zihnimi ayd\u0131nlatmaya devam etmenizi rica ediyorum ki, bu maneviyatt\u0131r.<\/p>\n\n\n\n<p class=\"has-vivid-cyan-blue-color has-text-color has-link-color has-medium-font-size wp-elements-578538d294a07653eab4fe5ff948f2cb\"><strong>O \u015fark\u0131n\u0131n m\u00fczi\u011fi sevgi ve berrakl\u0131kla, herkesin ve t\u00fcm insanl\u0131\u011f\u0131n kalbine inanc\u0131, umudu ve sadakati d\u00f6\u015feyen i\u011fnedir.<\/strong><\/p>\n\n\n\n<figure class=\"wp-block-audio\"><audio controls src=\"https:\/\/nuevo-renacer.com\/wp-content\/uploads\/2024\/06\/AUDIO-2024-06-28-21-42-48.mp3\"><\/audio><\/figure>\n<\/div><\/div>","protected":false},"excerpt":{"rendered":"<p>Pedro Ram\u00f3n Portales Rodr\u00edguez Pa\u00eds natal: CubaFecha de nacimiento: 9.06.1992Mediumnidad: M\u00fasico Yo, Pedro Ram\u00f3n Portales Rodr\u00edguez nac\u00ed el 9 de junio del 1992 en el barrio de Veguitas &#8211; municipio Banes. A la temprana edad de 4 a\u00f1os mi abuelita me llevaba a un antiguo Templo situado en el barrio de Los Berros, cuyo director [&hellip;]<\/p>","protected":false},"author":1,"featured_media":0,"parent":0,"menu_order":0,"comment_status":"closed","ping_status":"closed","template":"","meta":{"_uag_custom_page_level_css":"","site-sidebar-layout":"default","site-content-layout":"","ast-site-content-layout":"default","site-content-style":"default","site-sidebar-style":"default","ast-global-header-display":"","ast-banner-title-visibility":"","ast-main-header-display":"","ast-hfb-above-header-display":"","ast-hfb-below-header-display":"","ast-hfb-mobile-header-display":"","site-post-title":"disabled","ast-breadcrumbs-content":"","ast-featured-img":"","footer-sml-layout":"","theme-transparent-header-meta":"","adv-header-id-meta":"","stick-header-meta":"","header-above-stick-meta":"","header-main-stick-meta":"","header-below-stick-meta":"","astra-migrate-meta-layouts":"set","ast-page-background-enabled":"default","ast-page-background-meta":{"desktop":{"background-color":"var(--ast-global-color-4)","background-image":"","background-repeat":"repeat","background-position":"center center","background-size":"auto","background-attachment":"scroll","background-type":"","background-media":"","overlay-type":"","overlay-color":"","overlay-opacity":"","overlay-gradient":""},"tablet":{"background-color":"","background-image":"","background-repeat":"repeat","background-position":"center center","background-size":"auto","background-attachment":"scroll","background-type":"","background-media":"","overlay-type":"","overlay-color":"","overlay-opacity":"","overlay-gradient":""},"mobile":{"background-color":"","background-image":"","background-repeat":"repeat","background-position":"center center","background-size":"auto","background-attachment":"scroll","background-type":"","background-media":"","overlay-type":"","overlay-color":"","overlay-opacity":"","overlay-gradient":""}},"ast-content-background-meta":{"desktop":{"background-color":"var(--ast-global-color-5)","background-image":"","background-repeat":"repeat","background-position":"center center","background-size":"auto","background-attachment":"scroll","background-type":"","background-media":"","overlay-type":"","overlay-color":"","overlay-opacity":"","overlay-gradient":""},"tablet":{"background-color":"var(--ast-global-color-5)","background-image":"","background-repeat":"repeat","background-position":"center center","background-size":"auto","background-attachment":"scroll","background-type":"","background-media":"","overlay-type":"","overlay-color":"","overlay-opacity":"","overlay-gradient":""},"mobile":{"background-color":"var(--ast-global-color-5)","background-image":"","background-repeat":"repeat","background-position":"center center","background-size":"auto","background-attachment":"scroll","background-type":"","background-media":"","overlay-type":"","overlay-color":"","overlay-opacity":"","overlay-gradient":""}},"footnotes":""},"class_list":["post-3173","page","type-page","status-publish","hentry"],"yoast_head":"<!-- This site is optimized with the Yoast SEO Premium plugin v24.2 (Yoast SEO v24.6) - https:\/\/yoast.com\/wordpress\/plugins\/seo\/ -->\n<title>Pedro Ram\u00f3n Portales Rodr\u00edguez - Uni\u00f3n Esp\u00edrita<\/title>\n<meta name=\"robots\" content=\"index, follow, max-snippet:-1, max-image-preview:large, max-video-preview:-1\" \/>\n<link rel=\"canonical\" href=\"https:\/\/nuevo-renacer.com\/tr\/pedro-ramon-portales-rodriguez\/\" \/>\n<meta property=\"og:locale\" content=\"tr_TR\" \/>\n<meta property=\"og:type\" content=\"article\" \/>\n<meta property=\"og:title\" content=\"Pedro Ram\u00f3n Portales Rodr\u00edguez\" \/>\n<meta property=\"og:description\" content=\"Pedro Ram\u00f3n Portales Rodr\u00edguez Pa\u00eds natal: CubaFecha de nacimiento: 9.06.1992Mediumnidad: M\u00fasico Yo, Pedro Ram\u00f3n Portales Rodr\u00edguez nac\u00ed el 9 de junio del 1992 en el barrio de Veguitas &#8211; municipio Banes. A la temprana edad de 4 a\u00f1os mi abuelita me llevaba a un antiguo Templo situado en el barrio de Los Berros, cuyo director [&hellip;]\" \/>\n<meta property=\"og:url\" content=\"https:\/\/nuevo-renacer.com\/tr\/pedro-ramon-portales-rodriguez\/\" \/>\n<meta property=\"og:site_name\" content=\"Uni\u00f3n Esp\u00edrita\" \/>\n<meta property=\"article:publisher\" content=\"https:\/\/www.facebook.com\/groups\/3431398063740829\" \/>\n<meta property=\"article:modified_time\" content=\"2025-03-14T13:49:02+00:00\" \/>\n<meta property=\"og:image\" content=\"https:\/\/nuevo-renacer.com\/wp-content\/uploads\/2024\/06\/449347648_354026154381151_3810387248803676133_n.jpg\" \/>\n\t<meta property=\"og:image:width\" content=\"540\" \/>\n\t<meta property=\"og:image:height\" content=\"1072\" \/>\n\t<meta property=\"og:image:type\" content=\"image\/jpeg\" \/>\n<meta name=\"twitter:card\" content=\"summary_large_image\" \/>\n<meta name=\"twitter:label1\" content=\"Tahmini okuma s\u00fcresi\" \/>\n\t<meta name=\"twitter:data1\" content=\"2 dakika\" \/>\n<script type=\"application\/ld+json\" class=\"yoast-schema-graph\">{\"@context\":\"https:\/\/schema.org\",\"@graph\":[{\"@type\":\"WebPage\",\"@id\":\"https:\/\/nuevo-renacer.com\/pedro-ramon-portales-rodriguez\/\",\"url\":\"https:\/\/nuevo-renacer.com\/pedro-ramon-portales-rodriguez\/\",\"name\":\"Pedro Ram\u00f3n Portales Rodr\u00edguez - Uni\u00f3n Esp\u00edrita\",\"isPartOf\":{\"@id\":\"https:\/\/nuevo-renacer.com\/#website\"},\"primaryImageOfPage\":{\"@id\":\"https:\/\/nuevo-renacer.com\/pedro-ramon-portales-rodriguez\/#primaryimage\"},\"image\":{\"@id\":\"https:\/\/nuevo-renacer.com\/pedro-ramon-portales-rodriguez\/#primaryimage\"},\"thumbnailUrl\":\"https:\/\/ufec-mundial.com\/wp-content\/uploads\/2024\/06\/449347648_354026154381151_3810387248803676133_n-516x1024.jpg\",\"datePublished\":\"2024-07-07T08:16:02+00:00\",\"dateModified\":\"2025-03-14T13:49:02+00:00\",\"breadcrumb\":{\"@id\":\"https:\/\/nuevo-renacer.com\/pedro-ramon-portales-rodriguez\/#breadcrumb\"},\"inLanguage\":\"tr\",\"potentialAction\":[{\"@type\":\"ReadAction\",\"target\":[\"https:\/\/nuevo-renacer.com\/pedro-ramon-portales-rodriguez\/\"]}]},{\"@type\":\"ImageObject\",\"inLanguage\":\"tr\",\"@id\":\"https:\/\/nuevo-renacer.com\/pedro-ramon-portales-rodriguez\/#primaryimage\",\"url\":\"https:\/\/ufec-mundial.com\/wp-content\/uploads\/2024\/06\/449347648_354026154381151_3810387248803676133_n-516x1024.jpg\",\"contentUrl\":\"https:\/\/ufec-mundial.com\/wp-content\/uploads\/2024\/06\/449347648_354026154381151_3810387248803676133_n-516x1024.jpg\"},{\"@type\":\"BreadcrumbList\",\"@id\":\"https:\/\/nuevo-renacer.com\/pedro-ramon-portales-rodriguez\/#breadcrumb\",\"itemListElement\":[{\"@type\":\"ListItem\",\"position\":1,\"name\":\"Startseite\",\"item\":\"https:\/\/nuevo-renacer.com\/\"},{\"@type\":\"ListItem\",\"position\":2,\"name\":\"Pedro Ram\u00f3n Portales Rodr\u00edguez\"}]},{\"@type\":\"WebSite\",\"@id\":\"https:\/\/nuevo-renacer.com\/#website\",\"url\":\"https:\/\/nuevo-renacer.com\/\",\"name\":\"Uni\u00f3n Esp\u00edrita\",\"description\":\"Nuevo Renacer\",\"publisher\":{\"@id\":\"https:\/\/nuevo-renacer.com\/#organization\"},\"potentialAction\":[{\"@type\":\"SearchAction\",\"target\":{\"@type\":\"EntryPoint\",\"urlTemplate\":\"https:\/\/nuevo-renacer.com\/?s={search_term_string}\"},\"query-input\":{\"@type\":\"PropertyValueSpecification\",\"valueRequired\":true,\"valueName\":\"search_term_string\"}}],\"inLanguage\":\"tr\"},{\"@type\":\"Organization\",\"@id\":\"https:\/\/nuevo-renacer.com\/#organization\",\"name\":\"UFEC\",\"url\":\"https:\/\/nuevo-renacer.com\/\",\"logo\":{\"@type\":\"ImageObject\",\"inLanguage\":\"tr\",\"@id\":\"https:\/\/nuevo-renacer.com\/#\/schema\/logo\/image\/\",\"url\":\"https:\/\/nuevo-renacer.com\/wp-content\/uploads\/2024\/05\/cropped-LOGO-TERMINADO1-3-3.png\",\"contentUrl\":\"https:\/\/nuevo-renacer.com\/wp-content\/uploads\/2024\/05\/cropped-LOGO-TERMINADO1-3-3.png\",\"width\":512,\"height\":512,\"caption\":\"UFEC\"},\"image\":{\"@id\":\"https:\/\/nuevo-renacer.com\/#\/schema\/logo\/image\/\"},\"sameAs\":[\"https:\/\/www.facebook.com\/groups\/3431398063740829\"]}]}<\/script>\n<!-- \/ Yoast SEO Premium plugin. -->","yoast_head_json":{"title":"Pedro Ram\u00f3n Portales Rodr\u00edguez - Uni\u00f3n Esp\u00edrita","robots":{"index":"index","follow":"follow","max-snippet":"max-snippet:-1","max-image-preview":"max-image-preview:large","max-video-preview":"max-video-preview:-1"},"canonical":"https:\/\/nuevo-renacer.com\/tr\/pedro-ramon-portales-rodriguez\/","og_locale":"tr_TR","og_type":"article","og_title":"Pedro Ram\u00f3n Portales Rodr\u00edguez","og_description":"Pedro Ram\u00f3n Portales Rodr\u00edguez Pa\u00eds natal: CubaFecha de nacimiento: 9.06.1992Mediumnidad: M\u00fasico Yo, Pedro Ram\u00f3n Portales Rodr\u00edguez nac\u00ed el 9 de junio del 1992 en el barrio de Veguitas &#8211; municipio Banes. A la temprana edad de 4 a\u00f1os mi abuelita me llevaba a un antiguo Templo situado en el barrio de Los Berros, cuyo director [&hellip;]","og_url":"https:\/\/nuevo-renacer.com\/tr\/pedro-ramon-portales-rodriguez\/","og_site_name":"Uni\u00f3n Esp\u00edrita","article_publisher":"https:\/\/www.facebook.com\/groups\/3431398063740829","article_modified_time":"2025-03-14T13:49:02+00:00","og_image":[{"width":540,"height":1072,"url":"https:\/\/nuevo-renacer.com\/wp-content\/uploads\/2024\/06\/449347648_354026154381151_3810387248803676133_n.jpg","type":"image\/jpeg"}],"twitter_card":"summary_large_image","twitter_misc":{"Tahmini okuma s\u00fcresi":"2 dakika"},"schema":{"@context":"https:\/\/schema.org","@graph":[{"@type":"WebPage","@id":"https:\/\/nuevo-renacer.com\/pedro-ramon-portales-rodriguez\/","url":"https:\/\/nuevo-renacer.com\/pedro-ramon-portales-rodriguez\/","name":"Pedro Ram\u00f3n Portales Rodr\u00edguez - Uni\u00f3n Esp\u00edrita","isPartOf":{"@id":"https:\/\/nuevo-renacer.com\/#website"},"primaryImageOfPage":{"@id":"https:\/\/nuevo-renacer.com\/pedro-ramon-portales-rodriguez\/#primaryimage"},"image":{"@id":"https:\/\/nuevo-renacer.com\/pedro-ramon-portales-rodriguez\/#primaryimage"},"thumbnailUrl":"https:\/\/ufec-mundial.com\/wp-content\/uploads\/2024\/06\/449347648_354026154381151_3810387248803676133_n-516x1024.jpg","datePublished":"2024-07-07T08:16:02+00:00","dateModified":"2025-03-14T13:49:02+00:00","breadcrumb":{"@id":"https:\/\/nuevo-renacer.com\/pedro-ramon-portales-rodriguez\/#breadcrumb"},"inLanguage":"tr","potentialAction":[{"@type":"ReadAction","target":["https:\/\/nuevo-renacer.com\/pedro-ramon-portales-rodriguez\/"]}]},{"@type":"ImageObject","inLanguage":"tr","@id":"https:\/\/nuevo-renacer.com\/pedro-ramon-portales-rodriguez\/#primaryimage","url":"https:\/\/ufec-mundial.com\/wp-content\/uploads\/2024\/06\/449347648_354026154381151_3810387248803676133_n-516x1024.jpg","contentUrl":"https:\/\/ufec-mundial.com\/wp-content\/uploads\/2024\/06\/449347648_354026154381151_3810387248803676133_n-516x1024.jpg"},{"@type":"BreadcrumbList","@id":"https:\/\/nuevo-renacer.com\/pedro-ramon-portales-rodriguez\/#breadcrumb","itemListElement":[{"@type":"ListItem","position":1,"name":"Startseite","item":"https:\/\/nuevo-renacer.com\/"},{"@type":"ListItem","position":2,"name":"Pedro Ram\u00f3n Portales Rodr\u00edguez"}]},{"@type":"WebSite","@id":"https:\/\/nuevo-renacer.com\/#website","url":"https:\/\/nuevo-renacer.com\/","name":"Uni\u00f3n Esp\u00edrita","description":"Nuevo Renacer","publisher":{"@id":"https:\/\/nuevo-renacer.com\/#organization"},"potentialAction":[{"@type":"SearchAction","target":{"@type":"EntryPoint","urlTemplate":"https:\/\/nuevo-renacer.com\/?s={search_term_string}"},"query-input":{"@type":"PropertyValueSpecification","valueRequired":true,"valueName":"search_term_string"}}],"inLanguage":"tr"},{"@type":"Organization","@id":"https:\/\/nuevo-renacer.com\/#organization","name":"UFEC","url":"https:\/\/nuevo-renacer.com\/","logo":{"@type":"ImageObject","inLanguage":"tr","@id":"https:\/\/nuevo-renacer.com\/#\/schema\/logo\/image\/","url":"https:\/\/nuevo-renacer.com\/wp-content\/uploads\/2024\/05\/cropped-LOGO-TERMINADO1-3-3.png","contentUrl":"https:\/\/nuevo-renacer.com\/wp-content\/uploads\/2024\/05\/cropped-LOGO-TERMINADO1-3-3.png","width":512,"height":512,"caption":"UFEC"},"image":{"@id":"https:\/\/nuevo-renacer.com\/#\/schema\/logo\/image\/"},"sameAs":["https:\/\/www.facebook.com\/groups\/3431398063740829"]}]}},"uagb_featured_image_src":{"full":false,"thumbnail":false,"medium":false,"medium_large":false,"large":false,"1536x1536":false,"2048x2048":false,"trp-custom-language-flag":false},"uagb_author_info":{"display_name":"adbv0","author_link":"https:\/\/nuevo-renacer.com\/tr\/author\/adbv0\/"},"uagb_comment_info":0,"uagb_excerpt":"Pedro Ram\u00f3n Portales Rodr\u00edguez Pa\u00eds natal: CubaFecha de nacimiento: 9.06.1992Mediumnidad: M\u00fasico Yo, Pedro Ram\u00f3n Portales Rodr\u00edguez nac\u00ed el 9 de junio del 1992 en el barrio de Veguitas &#8211; municipio Banes. A la temprana edad de 4 a\u00f1os mi abuelita me llevaba a un antiguo Templo situado en el barrio de Los Berros, cuyo director&hellip;","jetpack_sharing_enabled":true,"_links":{"self":[{"href":"https:\/\/nuevo-renacer.com\/tr\/wp-json\/wp\/v2\/pages\/3173","targetHints":{"allow":["GET"]}}],"collection":[{"href":"https:\/\/nuevo-renacer.com\/tr\/wp-json\/wp\/v2\/pages"}],"about":[{"href":"https:\/\/nuevo-renacer.com\/tr\/wp-json\/wp\/v2\/types\/page"}],"author":[{"embeddable":true,"href":"https:\/\/nuevo-renacer.com\/tr\/wp-json\/wp\/v2\/users\/1"}],"replies":[{"embeddable":true,"href":"https:\/\/nuevo-renacer.com\/tr\/wp-json\/wp\/v2\/comments?post=3173"}],"version-history":[{"count":4,"href":"https:\/\/nuevo-renacer.com\/tr\/wp-json\/wp\/v2\/pages\/3173\/revisions"}],"predecessor-version":[{"id":7009,"href":"https:\/\/nuevo-renacer.com\/tr\/wp-json\/wp\/v2\/pages\/3173\/revisions\/7009"}],"wp:attachment":[{"href":"https:\/\/nuevo-renacer.com\/tr\/wp-json\/wp\/v2\/media?parent=3173"}],"curies":[{"name":"wp","href":"https:\/\/api.w.org\/{rel}","templated":true}]}}