{"id":3124,"date":"2024-07-06T12:34:57","date_gmt":"2024-07-06T12:34:57","guid":{"rendered":"https:\/\/ufec-mundial.com\/?page_id=3124"},"modified":"2025-11-03T20:54:30","modified_gmt":"2025-11-03T20:54:30","slug":"salustiano-olivera-3","status":"publish","type":"page","link":"https:\/\/nuevo-renacer.com\/tr\/salustiano-olivera-3\/","title":{"rendered":"Salustiano Olivera"},"content":{"rendered":"<div class=\"wp-block-uagb-container uagb-block-c71be27a alignfull uagb-is-root-container\"><div class=\"uagb-container-inner-blocks-wrap\">\n<p class=\"has-black-color has-text-color has-link-color has-medium-font-size wp-elements-89e72c217b001067abca236e2a4b57fe\"><strong>Salustiano Olivera<\/strong><\/p>\n<\/div><\/div>\n\n\n\n<div class=\"wp-block-uagb-container uagb-block-6566831b alignfull uagb-is-root-container\"><div class=\"uagb-container-inner-blocks-wrap\">\n<div class=\"wp-block-uagb-image alignleft uagb-block-64c82359 wp-block-uagb-image--layout-default wp-block-uagb-image--effect-static wp-block-uagb-image--align-left\"><figure class=\"wp-block-uagb-image__figure\"><img loading=\"lazy\" decoding=\"async\" srcset=\"https:\/\/nuevo-renacer.com\/wp-content\/uploads\/2024\/06\/438095049_1013065210401077_1435620381054408563_n-1.jpg ,https:\/\/nuevo-renacer.com\/wp-content\/uploads\/2024\/06\/438095049_1013065210401077_1435620381054408563_n-1.jpg 780w, https:\/\/nuevo-renacer.com\/wp-content\/uploads\/2024\/06\/438095049_1013065210401077_1435620381054408563_n-1.jpg 360w\" sizes=\"auto, (max-width: 480px) 150px\" src=\"https:\/\/nuevo-renacer.com\/wp-content\/uploads\/2024\/06\/438095049_1013065210401077_1435620381054408563_n-1.jpg\" alt=\"\" class=\"uag-image-2556\" width=\"216\" height=\"232\" title=\"Salustiano Olivera\" role=\"img\"\/><\/figure><\/div>\n<\/div><\/div>\n\n\n\n<div class=\"wp-block-uagb-container uagb-block-47a0fba1 alignfull uagb-is-root-container\"><div class=\"uagb-container-inner-blocks-wrap\">\n<p class=\"has-black-color has-text-color has-link-color has-small-font-size wp-elements-4e13037550af897100c0fada987aa9e5\">M\u00fctevaz\u0131 bir at arabas\u0131 s\u00fcr\u00fcc\u00fcs\u00fc, \u00e7ift\u00e7i, spirit\u00fcalist, \u015fifac\u0131 ve Kurtulu\u015f Ordusu'nda askerdi. 24 \u015eubat 1895'te, havarimiz Jos\u00e9 Mart\u00ed taraf\u0131ndan \u00f6rg\u00fctlenen son ba\u011f\u0131ms\u0131zl\u0131k m\u00fccadelesi s\u0131ras\u0131nda ayakland\u0131.<\/p>\n\n\n\n<p class=\"has-text-align-left has-black-color has-text-color has-link-color has-small-font-size wp-elements-f90c5504327d2351168bac488cb0e35c\">K\u00fcba'n\u0131n do\u011fusunda, bug\u00fcn Granma eyaletinde 1869 y\u0131l\u0131nda do\u011fdu. Luis \u00c1ngel Fonseca Olivera'ya g\u00f6re, b\u00fcy\u00fck b\u00fcy\u00fckbabas\u0131 bohem bir ya\u015fam s\u00fcr\u00fcyordu, ta ki b\u00fcy\u00fck k\u0131z\u0131 tedavisi yokmu\u015f gibi g\u00f6r\u00fcnen bir ak\u0131l hastal\u0131\u011f\u0131na yakalanana kadar. Babas\u0131n\u0131n onu Santiago de Cuba'dan, Bayamo City, Figueredo ve Lora aras\u0131ndaki 373 P\u00edo Rosado Soka\u011f\u0131'nda bulunan Mas Luz Ruhani Merkezi'nin kurucusu Caridad Villal\u00f3n adl\u0131 bir ruhaniye g\u00f6t\u00fcrd\u00fc\u011f\u00fcn\u00fc ve Salustiano'nun b\u00fcy\u00fck bir yetene\u011fi ve ba\u015farmas\u0131 gereken b\u00fcy\u00fck bir misyonu oldu\u011funu ke\u015ffetti\u011fini anlat\u0131yor. Luis \u00c1ngel, Salustiano'nun yava\u015f yava\u015f g\u00fc\u00e7l\u00fc bir manyetik ak\u0131\u015fkan elde edene kadar kendisini ahlakl\u0131 hale getirmesinin yolunu a\u00e7t\u0131, diye ekliyor. Cachita'n\u0131n ye\u011feni Yiya Villalon ile yap\u0131lan bir r\u00f6portajda, teyzesi ve Salustiano'nun tan\u0131\u015ft\u0131\u011f\u0131n\u0131 ve ruhunun ona bir merkez kurmas\u0131 gerekti\u011fini s\u00f6yledi\u011fini itiraf ediyor.<\/p>\n\n\n\n<p class=\"has-text-align-left has-black-color has-text-color has-link-color has-small-font-size wp-elements-6ceee7d37d7b2747f8eaebc418940991\">91 ya\u015f\u0131ndaki ruh\u00e7u ayr\u0131ca Salustiano'nun M\u00e1s Luz ruh\u00e7u merkezine kat\u0131ld\u0131\u011f\u0131n\u0131 ve bu merkezde geli\u015fti\u011fini anlat\u0131yor. Bu ahlaki ve doktriner e\u011fitim ve Agust\u00edn S\u00e1nchez de dahil olmak \u00fczere do\u011fu b\u00f6lgesindeki di\u011fer ruh\u00e7ular\u0131n deste\u011fiyle Salustiano sadece kendi k\u0131z\u0131n\u0131n de\u011fil, Monte Oscuro'nun birka\u00e7 kom\u015fusunun ifadesine g\u00f6re \u00fclkenin bir\u00e7ok yerinden merkezine gelen y\u00fczlerce ak\u0131l hastas\u0131 ve di\u011fer rahats\u0131zl\u0131klar\u0131 olan ki\u015filerin de \u015fifac\u0131s\u0131 oldu. Luis \u00c1ngel, onlar\u0131 iyile\u015ftirdikten sonra baz\u0131lar\u0131na kendi ruhani merkezlerini kurmalar\u0131n\u0131 tavsiye etti\u011fini s\u00f6yl\u00fcyor. Bayamo \u015fehrinden birka\u00e7 kilometre uzakl\u0131ktaki Monte Oscuro toplulu\u011funda \u201cLuz y verdad\u201d adl\u0131 ruhani merkezde kordon ruh\u00e7ulu\u011fu uygulamas\u0131na 1910 y\u0131l\u0131nda ba\u015flad\u0131. Agust\u00edn S\u00e1nchez ve Francisco Salgado ile birlikte K\u00fcba'da kordon ruh\u00e7ulu\u011funun kurucular\u0131ndan biriydi. Luz y Verdad adl\u0131 ruh\u00e7u merkez 1918 y\u0131l\u0131nda K\u00fcba Cumhuriyeti'nin dernekler siciline kaydedilmi\u015f olsa da, uygulamalar\u0131 neredeyse on y\u0131l \u00f6ncesine, yukar\u0131da bahsedilen tarihe dayanmaktad\u0131r. Bu merkez 1948 y\u0131l\u0131nda Don Fernando Ortiz taraf\u0131ndan ziyaret edilmi\u015f ve ara\u015ft\u0131rmac\u0131 Rodr\u00edguez Lora'n\u0131n beyanlar\u0131na g\u00f6re bilge adam buray\u0131 K\u00fcba'daki Ruh\u00e7uluk Katedrali olarak adland\u0131rm\u0131\u015ft\u0131r. 1952 y\u0131l\u0131nda Bohemia gibi periyodik bas\u0131na yans\u0131yan beyan ve \u00e7al\u0131\u015fmalar. <\/p>\n\n\n\n<p class=\"has-text-align-left has-black-color has-text-color has-link-color has-small-font-size wp-elements-a4e6552a94c9c91ed69442313f3c783f\">Ortiz'e g\u00f6re bu uygulamalar cordoneros de Oril\u00e9 olarak adland\u0131r\u0131l\u0131r ve ger\u00e7ek anlamda K\u00fcbal\u0131d\u0131r ve Bayamo'nun milliyetin be\u015fi\u011fi oldu\u011funu belirtmi\u015ftir. Bu uygulamalar onlar\u0131n soyundan gelenler ve binlerce Ruh\u00e7uluk takip\u00e7isi taraf\u0131ndan g\u00fcn\u00fcm\u00fcze kadar kesintisiz olarak s\u00fcrd\u00fcr\u00fclmektedir. 1912 y\u0131l\u0131ndan beri ana lideri Salustiano Olivera'd\u0131r. Kendisi ayn\u0131 zamanda 1915-1929 y\u0131llar\u0131 aras\u0131nda El Horno mahallesinin belediye ba\u015fkanl\u0131\u011f\u0131n\u0131 da yapm\u0131\u015ft\u0131r. Bu Spirit\u00fcalist merkez, daha \u00e7ok Monte Oscuro'nun Ruh\u00e7u merkezi, bulundu\u011fu topluluk, \u201cI\u015f\u0131k ve Ger\u00e7ek\u201d Ruh\u00e7u Merkezi olarak bilinir, Yerel Miras ilan edildi. Bayamo tarih\u00e7isi ve entelekt\u00fceli Carlos Rodr\u00edguez Lora, Bayamo b\u00f6lgesini ve \u00fclkenin do\u011fusunu ay\u0131ran bu dini k\u00fclt\u00fcrel tezah\u00fcr\u00fcn uygulay\u0131c\u0131lar\u0131n\u0131 sevin\u00e7le dolduran haberin ayr\u0131nt\u0131lar\u0131n\u0131 sundu. Ulusal K\u00fclt\u00fcrel Miras M\u00fcd\u00fcrl\u00fc\u011f\u00fc'ne ba\u011fl\u0131 Ulusal An\u0131tlar ve Tarihi Alanlar Komisyonu, Granma'dan sayg\u0131n ara\u015ft\u0131rmac\u0131lar taraf\u0131ndan sunulan dosyay\u0131, K\u00fcba tarihi ve k\u00fclt\u00fcr\u00fc i\u00e7in \u00e7ok \u00f6nemli bir merkez olmas\u0131, zaman ve co\u011frafi mekan\u0131 a\u015fmas\u0131 ve gelenekleri \u00fclkenin di\u011fer b\u00f6lgelerine yaymas\u0131 nedeniyle onaylad\u0131.<\/p>\n\n\n\n<p class=\"has-black-color has-text-color has-link-color has-small-font-size wp-elements-43e4ab18805e3e9e35bb7468a23b8fce\">Salustiano Olivera 1950 y\u0131l\u0131nda 81 ya\u015f\u0131nda Granma eyaletinin Monte Oscuro b\u00f6lgesinde \u00f6ld\u00fc.<\/p>\n<\/div><\/div>\n\n\n\n<div class=\"wp-block-uagb-container uagb-block-eea028d5 alignfull uagb-is-root-container\"><div class=\"uagb-container-inner-blocks-wrap\"><\/div><\/div>\n\n\n\n<div class=\"wp-block-uagb-container uagb-block-ebf0728e alignfull uagb-is-root-container\"><div class=\"uagb-container-inner-blocks-wrap\"><\/div><\/div>","protected":false},"excerpt":{"rendered":"<p>Salustiano Olivera Fue un humilde carretonero, agricultor, espiritista sanador y soldado del Ej\u00e9rcito Libertador; donde se alza el 24 de febrero de 1895, durante la \u00faltima gesta independentista organizada por nuestro ap\u00f3stol Jos\u00e9 Mart\u00ed. Naci\u00f3 en el Oriente de Cuba en la actual provincia de Granma en el a\u00f1o 1869. Seg\u00fan Luis \u00c1ngel Fonseca Olivera, [&hellip;]<\/p>","protected":false},"author":1,"featured_media":0,"parent":0,"menu_order":0,"comment_status":"closed","ping_status":"closed","template":"","meta":{"_uag_custom_page_level_css":"","site-sidebar-layout":"default","site-content-layout":"","ast-site-content-layout":"default","site-content-style":"default","site-sidebar-style":"default","ast-global-header-display":"","ast-banner-title-visibility":"","ast-main-header-display":"","ast-hfb-above-header-display":"","ast-hfb-below-header-display":"","ast-hfb-mobile-header-display":"","site-post-title":"disabled","ast-breadcrumbs-content":"","ast-featured-img":"","footer-sml-layout":"","theme-transparent-header-meta":"","adv-header-id-meta":"","stick-header-meta":"","header-above-stick-meta":"","header-main-stick-meta":"","header-below-stick-meta":"","astra-migrate-meta-layouts":"set","ast-page-background-enabled":"default","ast-page-background-meta":{"desktop":{"background-color":"var(--ast-global-color-4)","background-image":"","background-repeat":"repeat","background-position":"center center","background-size":"auto","background-attachment":"scroll","background-type":"","background-media":"","overlay-type":"","overlay-color":"","overlay-opacity":"","overlay-gradient":""},"tablet":{"background-color":"","background-image":"","background-repeat":"repeat","background-position":"center center","background-size":"auto","background-attachment":"scroll","background-type":"","background-media":"","overlay-type":"","overlay-color":"","overlay-opacity":"","overlay-gradient":""},"mobile":{"background-color":"","background-image":"","background-repeat":"repeat","background-position":"center center","background-size":"auto","background-attachment":"scroll","background-type":"","background-media":"","overlay-type":"","overlay-color":"","overlay-opacity":"","overlay-gradient":""}},"ast-content-background-meta":{"desktop":{"background-color":"var(--ast-global-color-5)","background-image":"","background-repeat":"repeat","background-position":"center center","background-size":"auto","background-attachment":"scroll","background-type":"","background-media":"","overlay-type":"","overlay-color":"","overlay-opacity":"","overlay-gradient":""},"tablet":{"background-color":"var(--ast-global-color-5)","background-image":"","background-repeat":"repeat","background-position":"center center","background-size":"auto","background-attachment":"scroll","background-type":"","background-media":"","overlay-type":"","overlay-color":"","overlay-opacity":"","overlay-gradient":""},"mobile":{"background-color":"var(--ast-global-color-5)","background-image":"","background-repeat":"repeat","background-position":"center center","background-size":"auto","background-attachment":"scroll","background-type":"","background-media":"","overlay-type":"","overlay-color":"","overlay-opacity":"","overlay-gradient":""}},"footnotes":""},"class_list":["post-3124","page","type-page","status-publish","hentry"],"yoast_head":"<!-- This site is optimized with the Yoast SEO Premium plugin v24.2 (Yoast SEO v24.6) - https:\/\/yoast.com\/wordpress\/plugins\/seo\/ -->\n<title>Salustiano Olivera - Uni\u00f3n Esp\u00edrita<\/title>\n<meta name=\"robots\" content=\"index, follow, max-snippet:-1, max-image-preview:large, max-video-preview:-1\" \/>\n<link rel=\"canonical\" href=\"https:\/\/nuevo-renacer.com\/tr\/salustiano-olivera-3\/\" \/>\n<meta property=\"og:locale\" content=\"tr_TR\" \/>\n<meta property=\"og:type\" content=\"article\" \/>\n<meta property=\"og:title\" content=\"Salustiano Olivera\" \/>\n<meta property=\"og:description\" content=\"Salustiano Olivera Fue un humilde carretonero, agricultor, espiritista sanador y soldado del Ej\u00e9rcito Libertador; donde se alza el 24 de febrero de 1895, durante la \u00faltima gesta independentista organizada por nuestro ap\u00f3stol Jos\u00e9 Mart\u00ed. Naci\u00f3 en el Oriente de Cuba en la actual provincia de Granma en el a\u00f1o 1869. Seg\u00fan Luis \u00c1ngel Fonseca Olivera, [&hellip;]\" \/>\n<meta property=\"og:url\" content=\"https:\/\/nuevo-renacer.com\/tr\/salustiano-olivera-3\/\" \/>\n<meta property=\"og:site_name\" content=\"Uni\u00f3n Esp\u00edrita\" \/>\n<meta property=\"article:publisher\" content=\"https:\/\/www.facebook.com\/groups\/3431398063740829\" \/>\n<meta property=\"article:modified_time\" content=\"2025-11-03T20:54:30+00:00\" \/>\n<meta property=\"og:image\" content=\"https:\/\/nuevo-renacer.com\/wp-content\/uploads\/2024\/06\/438095049_1013065210401077_1435620381054408563_n-1.jpg\" \/>\n<meta name=\"twitter:card\" content=\"summary_large_image\" \/>\n<meta name=\"twitter:label1\" content=\"Tahmini okuma s\u00fcresi\" \/>\n\t<meta name=\"twitter:data1\" content=\"4 dakika\" \/>\n<script type=\"application\/ld+json\" class=\"yoast-schema-graph\">{\"@context\":\"https:\/\/schema.org\",\"@graph\":[{\"@type\":\"WebPage\",\"@id\":\"https:\/\/nuevo-renacer.com\/salustiano-olivera-3\/\",\"url\":\"https:\/\/nuevo-renacer.com\/salustiano-olivera-3\/\",\"name\":\"Salustiano Olivera - Uni\u00f3n Esp\u00edrita\",\"isPartOf\":{\"@id\":\"https:\/\/nuevo-renacer.com\/#website\"},\"primaryImageOfPage\":{\"@id\":\"https:\/\/nuevo-renacer.com\/salustiano-olivera-3\/#primaryimage\"},\"image\":{\"@id\":\"https:\/\/nuevo-renacer.com\/salustiano-olivera-3\/#primaryimage\"},\"thumbnailUrl\":\"https:\/\/nuevo-renacer.com\/wp-content\/uploads\/2024\/06\/438095049_1013065210401077_1435620381054408563_n-1.jpg\",\"datePublished\":\"2024-07-06T12:34:57+00:00\",\"dateModified\":\"2025-11-03T20:54:30+00:00\",\"breadcrumb\":{\"@id\":\"https:\/\/nuevo-renacer.com\/salustiano-olivera-3\/#breadcrumb\"},\"inLanguage\":\"tr\",\"potentialAction\":[{\"@type\":\"ReadAction\",\"target\":[\"https:\/\/nuevo-renacer.com\/salustiano-olivera-3\/\"]}]},{\"@type\":\"ImageObject\",\"inLanguage\":\"tr\",\"@id\":\"https:\/\/nuevo-renacer.com\/salustiano-olivera-3\/#primaryimage\",\"url\":\"https:\/\/nuevo-renacer.com\/wp-content\/uploads\/2024\/06\/438095049_1013065210401077_1435620381054408563_n-1.jpg\",\"contentUrl\":\"https:\/\/nuevo-renacer.com\/wp-content\/uploads\/2024\/06\/438095049_1013065210401077_1435620381054408563_n-1.jpg\"},{\"@type\":\"BreadcrumbList\",\"@id\":\"https:\/\/nuevo-renacer.com\/salustiano-olivera-3\/#breadcrumb\",\"itemListElement\":[{\"@type\":\"ListItem\",\"position\":1,\"name\":\"Startseite\",\"item\":\"https:\/\/nuevo-renacer.com\/\"},{\"@type\":\"ListItem\",\"position\":2,\"name\":\"Salustiano Olivera\"}]},{\"@type\":\"WebSite\",\"@id\":\"https:\/\/nuevo-renacer.com\/#website\",\"url\":\"https:\/\/nuevo-renacer.com\/\",\"name\":\"Uni\u00f3n Esp\u00edrita\",\"description\":\"Nuevo Renacer\",\"publisher\":{\"@id\":\"https:\/\/nuevo-renacer.com\/#organization\"},\"potentialAction\":[{\"@type\":\"SearchAction\",\"target\":{\"@type\":\"EntryPoint\",\"urlTemplate\":\"https:\/\/nuevo-renacer.com\/?s={search_term_string}\"},\"query-input\":{\"@type\":\"PropertyValueSpecification\",\"valueRequired\":true,\"valueName\":\"search_term_string\"}}],\"inLanguage\":\"tr\"},{\"@type\":\"Organization\",\"@id\":\"https:\/\/nuevo-renacer.com\/#organization\",\"name\":\"UFEC\",\"url\":\"https:\/\/nuevo-renacer.com\/\",\"logo\":{\"@type\":\"ImageObject\",\"inLanguage\":\"tr\",\"@id\":\"https:\/\/nuevo-renacer.com\/#\/schema\/logo\/image\/\",\"url\":\"https:\/\/nuevo-renacer.com\/wp-content\/uploads\/2024\/05\/cropped-LOGO-TERMINADO1-3-3.png\",\"contentUrl\":\"https:\/\/nuevo-renacer.com\/wp-content\/uploads\/2024\/05\/cropped-LOGO-TERMINADO1-3-3.png\",\"width\":512,\"height\":512,\"caption\":\"UFEC\"},\"image\":{\"@id\":\"https:\/\/nuevo-renacer.com\/#\/schema\/logo\/image\/\"},\"sameAs\":[\"https:\/\/www.facebook.com\/groups\/3431398063740829\"]}]}<\/script>\n<!-- \/ Yoast SEO Premium plugin. -->","yoast_head_json":{"title":"Salustiano Olivera - Uni\u00f3n Esp\u00edrita","robots":{"index":"index","follow":"follow","max-snippet":"max-snippet:-1","max-image-preview":"max-image-preview:large","max-video-preview":"max-video-preview:-1"},"canonical":"https:\/\/nuevo-renacer.com\/tr\/salustiano-olivera-3\/","og_locale":"tr_TR","og_type":"article","og_title":"Salustiano Olivera","og_description":"Salustiano Olivera Fue un humilde carretonero, agricultor, espiritista sanador y soldado del Ej\u00e9rcito Libertador; donde se alza el 24 de febrero de 1895, durante la \u00faltima gesta independentista organizada por nuestro ap\u00f3stol Jos\u00e9 Mart\u00ed. Naci\u00f3 en el Oriente de Cuba en la actual provincia de Granma en el a\u00f1o 1869. Seg\u00fan Luis \u00c1ngel Fonseca Olivera, [&hellip;]","og_url":"https:\/\/nuevo-renacer.com\/tr\/salustiano-olivera-3\/","og_site_name":"Uni\u00f3n Esp\u00edrita","article_publisher":"https:\/\/www.facebook.com\/groups\/3431398063740829","article_modified_time":"2025-11-03T20:54:30+00:00","og_image":[{"url":"https:\/\/nuevo-renacer.com\/wp-content\/uploads\/2024\/06\/438095049_1013065210401077_1435620381054408563_n-1.jpg","type":"","width":"","height":""}],"twitter_card":"summary_large_image","twitter_misc":{"Tahmini okuma s\u00fcresi":"4 dakika"},"schema":{"@context":"https:\/\/schema.org","@graph":[{"@type":"WebPage","@id":"https:\/\/nuevo-renacer.com\/salustiano-olivera-3\/","url":"https:\/\/nuevo-renacer.com\/salustiano-olivera-3\/","name":"Salustiano Olivera - Uni\u00f3n Esp\u00edrita","isPartOf":{"@id":"https:\/\/nuevo-renacer.com\/#website"},"primaryImageOfPage":{"@id":"https:\/\/nuevo-renacer.com\/salustiano-olivera-3\/#primaryimage"},"image":{"@id":"https:\/\/nuevo-renacer.com\/salustiano-olivera-3\/#primaryimage"},"thumbnailUrl":"https:\/\/nuevo-renacer.com\/wp-content\/uploads\/2024\/06\/438095049_1013065210401077_1435620381054408563_n-1.jpg","datePublished":"2024-07-06T12:34:57+00:00","dateModified":"2025-11-03T20:54:30+00:00","breadcrumb":{"@id":"https:\/\/nuevo-renacer.com\/salustiano-olivera-3\/#breadcrumb"},"inLanguage":"tr","potentialAction":[{"@type":"ReadAction","target":["https:\/\/nuevo-renacer.com\/salustiano-olivera-3\/"]}]},{"@type":"ImageObject","inLanguage":"tr","@id":"https:\/\/nuevo-renacer.com\/salustiano-olivera-3\/#primaryimage","url":"https:\/\/nuevo-renacer.com\/wp-content\/uploads\/2024\/06\/438095049_1013065210401077_1435620381054408563_n-1.jpg","contentUrl":"https:\/\/nuevo-renacer.com\/wp-content\/uploads\/2024\/06\/438095049_1013065210401077_1435620381054408563_n-1.jpg"},{"@type":"BreadcrumbList","@id":"https:\/\/nuevo-renacer.com\/salustiano-olivera-3\/#breadcrumb","itemListElement":[{"@type":"ListItem","position":1,"name":"Startseite","item":"https:\/\/nuevo-renacer.com\/"},{"@type":"ListItem","position":2,"name":"Salustiano Olivera"}]},{"@type":"WebSite","@id":"https:\/\/nuevo-renacer.com\/#website","url":"https:\/\/nuevo-renacer.com\/","name":"Uni\u00f3n Esp\u00edrita","description":"Nuevo Renacer","publisher":{"@id":"https:\/\/nuevo-renacer.com\/#organization"},"potentialAction":[{"@type":"SearchAction","target":{"@type":"EntryPoint","urlTemplate":"https:\/\/nuevo-renacer.com\/?s={search_term_string}"},"query-input":{"@type":"PropertyValueSpecification","valueRequired":true,"valueName":"search_term_string"}}],"inLanguage":"tr"},{"@type":"Organization","@id":"https:\/\/nuevo-renacer.com\/#organization","name":"UFEC","url":"https:\/\/nuevo-renacer.com\/","logo":{"@type":"ImageObject","inLanguage":"tr","@id":"https:\/\/nuevo-renacer.com\/#\/schema\/logo\/image\/","url":"https:\/\/nuevo-renacer.com\/wp-content\/uploads\/2024\/05\/cropped-LOGO-TERMINADO1-3-3.png","contentUrl":"https:\/\/nuevo-renacer.com\/wp-content\/uploads\/2024\/05\/cropped-LOGO-TERMINADO1-3-3.png","width":512,"height":512,"caption":"UFEC"},"image":{"@id":"https:\/\/nuevo-renacer.com\/#\/schema\/logo\/image\/"},"sameAs":["https:\/\/www.facebook.com\/groups\/3431398063740829"]}]}},"uagb_featured_image_src":{"full":false,"thumbnail":false,"medium":false,"medium_large":false,"large":false,"1536x1536":false,"2048x2048":false,"trp-custom-language-flag":false},"uagb_author_info":{"display_name":"adbv0","author_link":"https:\/\/nuevo-renacer.com\/tr\/author\/adbv0\/"},"uagb_comment_info":0,"uagb_excerpt":"Salustiano Olivera Fue un humilde carretonero, agricultor, espiritista sanador y soldado del Ej\u00e9rcito Libertador; donde se alza el 24 de febrero de 1895, durante la \u00faltima gesta independentista organizada por nuestro ap\u00f3stol Jos\u00e9 Mart\u00ed. Naci\u00f3 en el Oriente de Cuba en la actual provincia de Granma en el a\u00f1o 1869. Seg\u00fan Luis \u00c1ngel Fonseca Olivera,&hellip;","jetpack_sharing_enabled":true,"_links":{"self":[{"href":"https:\/\/nuevo-renacer.com\/tr\/wp-json\/wp\/v2\/pages\/3124","targetHints":{"allow":["GET"]}}],"collection":[{"href":"https:\/\/nuevo-renacer.com\/tr\/wp-json\/wp\/v2\/pages"}],"about":[{"href":"https:\/\/nuevo-renacer.com\/tr\/wp-json\/wp\/v2\/types\/page"}],"author":[{"embeddable":true,"href":"https:\/\/nuevo-renacer.com\/tr\/wp-json\/wp\/v2\/users\/1"}],"replies":[{"embeddable":true,"href":"https:\/\/nuevo-renacer.com\/tr\/wp-json\/wp\/v2\/comments?post=3124"}],"version-history":[{"count":11,"href":"https:\/\/nuevo-renacer.com\/tr\/wp-json\/wp\/v2\/pages\/3124\/revisions"}],"predecessor-version":[{"id":8620,"href":"https:\/\/nuevo-renacer.com\/tr\/wp-json\/wp\/v2\/pages\/3124\/revisions\/8620"}],"wp:attachment":[{"href":"https:\/\/nuevo-renacer.com\/tr\/wp-json\/wp\/v2\/media?parent=3124"}],"curies":[{"name":"wp","href":"https:\/\/api.w.org\/{rel}","templated":true}]}}