{"id":3111,"date":"2024-07-06T12:17:31","date_gmt":"2024-07-06T12:17:31","guid":{"rendered":"https:\/\/ufec-mundial.com\/?page_id=3111"},"modified":"2025-11-24T11:24:48","modified_gmt":"2025-11-24T11:24:48","slug":"leon-denis","status":"publish","type":"page","link":"https:\/\/nuevo-renacer.com\/tr\/leon-denis\/","title":{"rendered":"L\u00e9on Denis"},"content":{"rendered":"<div class=\"wp-block-uagb-container uagb-block-9bcee35b alignfull uagb-is-root-container\"><div class=\"uagb-container-inner-blocks-wrap\">\n<p class=\"has-black-color has-text-color has-link-color has-medium-font-size wp-elements-dc941b056051222bde2f23ceb5a30eac\"><strong>L\u00e9on Denis \u2013 Allan Kardec\u2019in halefi<\/strong>\u00a0<\/p>\n<\/div><\/div>\n\n\n\n<div class=\"wp-block-uagb-container uagb-block-5ede90d5 alignfull uagb-is-root-container\"><div class=\"uagb-container-inner-blocks-wrap\">\n<div class=\"wp-block-uagb-image alignleft uagb-block-14e438f2 wp-block-uagb-image--layout-default wp-block-uagb-image--effect-static wp-block-uagb-image--align-left\"><figure class=\"wp-block-uagb-image__figure\"><img loading=\"lazy\" decoding=\"async\" srcset=\"https:\/\/nuevo-renacer.com\/wp-content\/uploads\/2024\/07\/images-1.jpg ,https:\/\/nuevo-renacer.com\/wp-content\/uploads\/2024\/07\/images-1.jpg 780w, https:\/\/nuevo-renacer.com\/wp-content\/uploads\/2024\/07\/images-1.jpg 360w\" sizes=\"auto, (max-width: 480px) 150px\" src=\"https:\/\/nuevo-renacer.com\/wp-content\/uploads\/2024\/07\/images-1.jpg\" alt=\"\" class=\"uag-image-3112\" width=\"204\" height=\"246\" title=\"\" role=\"img\"\/><\/figure><\/div>\n<\/div><\/div>\n\n\n\n<div class=\"wp-block-uagb-container uagb-block-55ee173a alignfull uagb-is-root-container\"><div class=\"uagb-container-inner-blocks-wrap\">\n<p class=\"has-black-color has-text-color has-link-color has-small-font-size wp-elements-3583efbd2b780b298ce04aa9a9a4f26b\">L\u00e9on Denis, Allan Kardec'in \u00e7al\u0131\u015fmalar\u0131n\u0131n tart\u0131\u015fmas\u0131z halefi ve Ruh\u00e7u \u00d6\u011fretinin yorulmak bilmeyen bir yay\u0131c\u0131s\u0131yd\u0131. Fransa'n\u0131n Toul kasabas\u0131 yak\u0131nlar\u0131nda 1 Ocak 1846'da do\u011fdu. Ailesi al\u00e7akg\u00f6n\u00fcll\u00fc ama \u00e7ok ruhani insanlard\u0131, \u00f6zellikle de annesi Dona Ana Lucia Denis, ona Tanr\u0131 sevgisini ve ba\u015fkalar\u0131na sayg\u0131y\u0131 aktaran inan\u0131lmaz niteliklere sahip bir kad\u0131nd\u0131.&nbsp;<\/p>\n\n\n\n<p class=\"has-black-color has-text-color has-link-color has-small-font-size wp-elements-4440c64aba3058dbadf13acbdd5cab9a\">\u00c7ok k\u00fc\u00e7\u00fck ya\u015flardan itibaren m\u00fctevaz\u0131 evin bak\u0131m\u0131na katk\u0131da bulunmak i\u00e7in \u00e7ok \u00e7al\u0131\u015fmak zorunda kald\u0131. Ayr\u0131ca k\u00fc\u00e7\u00fck ya\u015flardan itibaren zorluklara yard\u0131mc\u0131 olan ve onu asla terk etmeyen g\u00f6r\u00fcnmez arkada\u015flar\u0131n \u015firketini hissetti. Entelekt\u00fcel olarak \u00e7ok az erkek alan, kendi kendine \u00f6\u011fretilen bir \u015feydi. Okumak ve \u00f6\u011frenmek, \u00e7al\u0131\u015fmak ve ger\u00e7ek bir bilgelik i\u015ftah\u0131yla bilgi aramak i\u00e7in her bo\u015f dakikadan yararland\u0131. \u00c7al\u0131\u015fma ve a\u011f\u0131r okuma aras\u0131ndaki s\u00fcreyi b\u00f6l\u00fc\u015ft\u00fcrd\u00fc. Gen\u00e7, sessiz, utanga\u00e7 ve \u00e7ok \u00e7ekingendi. \u00c7ok erken ya\u015flardan itibaren, daha sonra ac\u0131 dolu anlar\u0131n\u0131 alaca\u011f\u0131 g\u00f6r\u00fc\u015f\u00fcyle ilgili sorunlar ya\u015fad\u0131. M\u00fczi\u011fe ve sanata hayrand\u0131 ve \u00e7ok duyarl\u0131yd\u0131, her zaman Daha B\u00fcy\u00fck D\u00fcnyan\u0131n g\u00fcc\u00fcyle ba\u011flant\u0131l\u0131yd\u0131.&nbsp;<\/p>\n\n\n\n<p class=\"has-black-color has-text-color has-link-color has-small-font-size wp-elements-36c84154d2748a594aa9353c0f5b2bbb\">Bir g\u00fcn, on sekiz ya\u015f\u0131nda bir kitap\u00e7\u0131da Kardec kitab\u0131 olan \u201cRuhlar Kitab\u0131\u201d n\u0131 buldu ve bundan, Ruhanili\u011fi yaymak i\u00e7in reenkarne olmadan \u00f6nce edinilen manevi taahh\u00fctleri \u00fcstlenerek hayat\u0131n\u0131 tan\u0131mlad\u0131.bize \u00dcstat \u0130sa&#039;y\u0131 g\u00f6nderdi\u011fi iyi haber. Kendini i\u015fe att\u0131 ve hi\u00e7 dinlenmedi. 1880&#039;de memleketini ziyaret etti\u011finde Allan Kardec bulunur, konferanslar s\u00f6yler ve Doktrinin sistematik \u00e7al\u0131\u015fmas\u0131n\u0131 te\u015fvik etmek i\u00e7in okuma \u00e7evreleri a\u00e7ar. Bu toplant\u0131 hayat\u0131n\u0131zda ve i\u015finizde hayati \u00f6nem ta\u015f\u0131yordu.&nbsp;<\/p>\n\n\n\n<p class=\"has-black-color has-text-color has-link-color has-small-font-size wp-elements-fe4611d9d5ba6e5d00e5abcbbee85976\">1882&#039;de Spirit\u00fcalizmin ama\u00e7lar\u0131n\u0131 sadelikle a\u00e7\u0131klayan, ayn\u0131 zamanda Doktrinin lideri haline gelen, Fransa&#039;n\u0131n t\u00fcm halklar\u0131 taraf\u0131ndan konferanslar ve konu\u015fmalar yapan harika metinler yazmaya ba\u015flar. O zamanlar Katolik Kilisesi ve gruplar taraf\u0131ndan ac\u0131mas\u0131z zul\u00fcmle kar\u015f\u0131 kar\u015f\u0131ya materyalistler ve pozitivistler, o zamanki moda felsefeleri. Birincisi ona \u015feytan\u0131n o\u011flu demekle sava\u015ft\u0131 ve onu sonsuz cehennemle tehdit etti ve ikincisi, ruhun hayatta kalmas\u0131 ve Manevi D\u00fcnyadaki ya\u015fam hakk\u0131ndaki yeni fikirlerle alay ettiler. Leon Denis her zaman g\u00fcvenlikle ve s\u00fckunetle kar\u015f\u0131l\u0131k verdi, biz ensa\u00f1ara \u0130sa gibi al\u0131nan su\u00e7lar\u0131 asla iade etmedi.&nbsp;<\/p>\n\n\n\n<p class=\"has-black-color has-text-color has-link-color has-small-font-size wp-elements-b0271d40c5b53bc6e22743f390fada3d\">L\u00e9on Denis, hepsi spirit\u00fcalist karakterde, aralar\u0131nda bahsedece\u011fimiz bir\u00e7ok harika kitap yazd\u0131:&nbsp;<\/p>\n\n\n\n<div class=\"wp-block-group is-layout-constrained wp-block-group-is-layout-constrained\">\n<p class=\"has-black-color has-text-color has-link-color has-small-font-size wp-elements-70076c693cdeea27a83251656f93cd45\">* \u201d Hayat Y\u00fcz\u00fcnden &#034; (1884)&nbsp;<\/p>\n\n\n\n<p class=\"has-black-color has-text-color has-link-color has-small-font-size wp-elements-d49b93f603734cb3f0a6d46a03270a6f\">\u2022 \u00ab\u00d6l\u00fcmden sonra (1890)\u201d&nbsp;<\/p>\n\n\n\n<p class=\"has-black-color has-text-color has-link-color has-small-font-size wp-elements-227fe05bf5655ee402156c331e6b997d\">* \u201d Varl\u0131k Sorunu, Var\u0131\u015f Noktas\u0131 ve Ac\u0131 &#034; (1905)&nbsp;<\/p>\n\n\n\n<p class=\"has-black-color has-text-color has-link-color has-small-font-size wp-elements-07ff3dee0576116f419af23b4032847a\">* &#034;H\u0131ristiyanl\u0131k ve Maneviyat\u201d (1898)&nbsp;<\/p>\n\n\n\n<p class=\"has-black-color has-text-color has-link-color has-small-font-size wp-elements-603dbe6684a3fb13f4cc3d9883e1c5e9\">* \u201d G\u00f6r\u00fcnmez D\u00fcnya &#034; (1903)&nbsp;<\/p>\n\n\n\n<p class=\"has-black-color has-text-color has-link-color has-small-font-size wp-elements-e038dfc681c0608f0dfe8d696d73c344\">* &#034;B\u00fcy\u00fck Muamma: Tanr\u0131 ve Evren\u201d (1911)&nbsp;<\/p>\n\n\n\n<p class=\"has-black-color has-text-color has-link-color has-small-font-size wp-elements-4f794554bd5205b12b8820c83f3fa00d\">* \u201d Kelt Dehas\u0131 ve G\u00f6r\u00fcnmez D\u00fcnya &#034; (1927)&nbsp;<\/p>\n<\/div>\n\n\n\n<p class=\"has-black-color has-text-color has-link-color has-small-font-size wp-elements-5098919070ffa3f4484270f2ae61fccc\">Ayr\u0131ca yazar, gazeteci, \u00f6\u011fretim g\u00f6revlisi ve \u00e7al\u0131\u015fma gruplar\u0131n\u0131n y\u00f6neticisi, derginin zaman\u0131n\u0131n en \u00fcnl\u00fcs\u00fc olan \u201cRevue Spirite\u201d (Spiritist Dergisi) muhabiri \u201cUnion Spiritist French\u201d in ba\u015fkan\u0131yd\u0131. Spirit\u00fcalizm \u00fczerine say\u0131s\u0131z makale yazd\u0131; aktif olarak kat\u0131ld\u0131 t\u00fcm toplant\u0131larda o anda Avrupa esp\u00edritalar\u0131 d\u00fczenlenmeye ba\u015fland\u0131. 1910&#039;dan itibaren g\u00f6r\u00fc\u015f\u00fc \u00f6nemli \u00f6l\u00e7\u00fcde k\u00f6t\u00fcle\u015fti ve neredeyse k\u00f6rl\u00fc\u011fe ula\u015ft\u0131. Cesaretiniz k\u0131r\u0131lmas\u0131n ve b\u00fcy\u00fck ruhlar gibi, stoac\u0131l\u0131\u011f\u0131n zorlu\u011funa ve bizim taraf\u0131m\u0131zdan g\u00f6rmezden gelinen \u015fekillerde hareket eden Manevi D\u00fcnyaya olan inanc\u0131n dolulu\u011funa katlanmay\u0131n, tek amac\u0131 onlar\u0131 Mesih \u0131\u015f\u0131\u011f\u0131n\u0131n fenerlerine d\u00f6n\u00fc\u015ft\u00fcrmek i\u00e7in ruhlar\u0131m\u0131z\u0131 b\u00fcy\u00fctmemizi ve oymam\u0131z\u0131 sa\u011flamakt\u0131r.&nbsp;<\/p>\n\n\n\n<p class=\"has-black-color has-text-color has-link-color has-small-font-size wp-elements-7a361fd2aef6bcaeb08f9e2020db88ca\">Arkada\u015flar\u0131n\u0131n yard\u0131m\u0131yla yazmaya devam etti ve Braille yazma sistemini (k\u00f6rler i\u00e7in y\u00f6ntem) \u00f6\u011frendi. B\u00f6ylece, iyi haberin umut s\u00f6zlerini gezegenin her k\u00f6\u015fesine yazarak ve alarak eserlerini d\u00fczeltmeye devam edebilirdi. Do\u011fas\u0131 ve ilahi enerjisi ile \u00e7ok ilgiliydi. Adam\u0131n, onunla ileti\u015fim kurarken, hayati g\u00fc\u00e7leri de\u011fi\u015f toku\u015f ederken, hepimizin Baba&#039;dan gelen devasa bir enerji a\u011f\u0131n\u0131n par\u00e7as\u0131 oldu\u011fumuz ve hepimizin bir par\u00e7am\u0131z oldu\u011fu anlay\u0131\u015f\u0131yla k\u00f6klerine d\u00f6nmesi gerekti\u011fini s\u00f6yledi. bilge bilgiye kat\u0131lan bu ilahi ruhun bir par\u00e7as\u0131 evrensel sevginin. 1927&#039;de 81 ya\u015f\u0131ndayken \u201cKelt Dehas\u0131 ve G\u00f6r\u00fcnmez D\u00fcnya &#034; adl\u0131 el yazmas\u0131 sona erdi. Neredeyse k\u00f6rd\u00fcm. Bu g\u00fczel tema Paris&#039;in \u201cRevue Spirite\u201d dergisi taraf\u0131ndan yay\u0131nland\u0131. Sonra, o y\u0131l\u0131n mart ay\u0131n\u0131n sonlar\u0131nda, 1927, bedensizle\u015fir. B\u00fcy\u00fck bir adam, Anavatana Daha fazla yolculuk yapm\u0131\u015ft\u0131.&nbsp;<\/p>\n\n\n\n<p class=\"has-black-color has-text-color has-link-color has-small-font-size wp-elements-ef0596f7c17679b924dada72143510b0\">Spirit\u00fcalizmin savunucusu ve savunucusu olan bu b\u00fcy\u00fck adam, Doktrinin temellerinin birka\u00e7\u0131 olarak d\u00fc\u015f\u00fcnceyi reenkarnasyonun nedenlerini anlamaya g\u00f6t\u00fcrd\u00fc\u011f\u00fcn\u00fc, Tanr\u0131&#039;n\u0131n adaletini, \u00e7ok say\u0131da hisse senedini ve ya\u015fad\u0131\u011f\u0131 d\u00fcnyalar\u0131 a\u00e7\u0131klad\u0131\u011f\u0131n\u0131, insanl\u0131k, y\u0131ld\u0131zlar ve do\u011fa aras\u0131ndaki ba\u011flant\u0131 hakk\u0131nda fark\u0131ndal\u0131k yaratt\u0131\u011f\u0131n\u0131 ve sevgi ve ba\u011f\u0131\u015flama bayra\u011f\u0131n\u0131 bir bayrak olarak ta\u015f\u0131d\u0131. Hayat\u0131n anlam\u0131ndan ve Manevi D\u00fcnyan\u0131n sorumlulu\u011fundan birka\u00e7\u0131 olarak a\u00e7\u0131klanm\u0131\u015ft\u0131r.&nbsp;<\/p>\n\n\n\n<div class=\"wp-block-group is-layout-constrained wp-block-group-is-layout-constrained\">\n<p class=\"has-black-color has-text-color has-link-color has-small-font-size wp-elements-8dfb9c6774a530003a7b885ac63818f8\">Onun s\u00f6zleriyle:&nbsp;<\/p>\n\n\n\n<p class=\"has-black-color has-text-color has-link-color has-small-font-size wp-elements-107245911239a3761d48555fa675fbb0\"><em>&#034;\u0130nan\u00e7 ruh\u00e7usu, \u015f\u00fcphesiz a\u015fkla biter, ancak her \u015feyden \u00f6nce ruhun, kaderin ve Tanr\u0131&#039;n\u0131n bilgisini \u00f6ne s\u00fcrer. Bu sadece inan\u00e7 de\u011fil, bir \u00f6\u011fretidir, \u00e7eli\u015fkiye meydan okuyan bir kriterdir.\u201d&nbsp;<\/em>&nbsp;<\/p>\n<\/div>\n\n\n\n<p class=\"has-black-color has-text-color has-link-color has-small-font-size wp-elements-b4b52165f5e93b64886cb7b8e7f0a0af\"><em>...&#034;Tanr\u0131&#039;y\u0131 ta\u015ftan veya mermerden yap\u0131lm\u0131\u015f tap\u0131naklarda arama, Ah! Seninle tan\u0131\u015fmak isteyen adam! Onu Do\u011fan\u0131n ebedi tap\u0131na\u011f\u0131nda aray\u0131n; sonsuzlar\u0131 kateden d\u00fcnyalar\u0131n manzaras\u0131; y\u00fczeyinde patlayan ya\u015fam\u0131n ihti\u015fam\u0131nda; ufuklar\u0131n tefekk\u00fcr\u00fcnde \u00e7e\u015fitlilik g\u00f6sterdi: ovalar, vadiler, da\u011flar ve denizler size konutunuzu veren karasal. (...) sizi almay\u0131 biliyorsan\u0131z, Do\u011fan\u0131n seslerini, geri \u00e7ekilmelerine kat\u0131lanlar\u0131n kula\u011f\u0131na f\u0131s\u0131ldad\u0131\u011f\u0131 ve gizemlerini inceleyen ince \u00f6\u011fretileri duyacaks\u0131n\u0131z (... Tanr\u0131 her birimizin i\u00e7indedir, vicdan\u0131n ya\u015fayan tap\u0131na\u011f\u0131d\u0131r. Kutsal yer, ilahi k\u0131v\u0131lc\u0131m\u0131 saklad\u0131\u011f\u0131 kutsal alan var.\u201d<\/em>&nbsp;<\/p>\n<\/div><\/div>\n\n\n\n<div class=\"wp-block-uagb-container uagb-block-65060c69 alignfull uagb-is-root-container\"><div class=\"uagb-container-inner-blocks-wrap\"><\/div><\/div>\n\n\n\n<div class=\"wp-block-uagb-container uagb-block-a78b40e6 alignfull uagb-is-root-container\"><div class=\"uagb-container-inner-blocks-wrap\"><\/div><\/div>","protected":false},"excerpt":{"rendered":"<p>L\u00e9on Denis \u2013 el successor de Kardec\u00a0 L\u00e9on Denis fue el incuestionable sucesor de la obra de Allan kardec e incansable divulgador de la Doctrina Esp\u00edrita. Naci\u00f3 cerca de la ciudad de Toul, en Francia, el 1\u00ba de enero de 1846. Sus padres eran personas humildes pero muy espiritualizadas, sobre todo su madre, Do\u00f1a Ana [&hellip;]<\/p>","protected":false},"author":1,"featured_media":0,"parent":0,"menu_order":0,"comment_status":"closed","ping_status":"closed","template":"","meta":{"_uag_custom_page_level_css":"","site-sidebar-layout":"default","site-content-layout":"","ast-site-content-layout":"default","site-content-style":"default","site-sidebar-style":"default","ast-global-header-display":"","ast-banner-title-visibility":"","ast-main-header-display":"","ast-hfb-above-header-display":"","ast-hfb-below-header-display":"","ast-hfb-mobile-header-display":"","site-post-title":"disabled","ast-breadcrumbs-content":"","ast-featured-img":"","footer-sml-layout":"","theme-transparent-header-meta":"","adv-header-id-meta":"","stick-header-meta":"","header-above-stick-meta":"","header-main-stick-meta":"","header-below-stick-meta":"","astra-migrate-meta-layouts":"set","ast-page-background-enabled":"default","ast-page-background-meta":{"desktop":{"background-color":"var(--ast-global-color-4)","background-image":"","background-repeat":"repeat","background-position":"center center","background-size":"auto","background-attachment":"scroll","background-type":"","background-media":"","overlay-type":"","overlay-color":"","overlay-opacity":"","overlay-gradient":""},"tablet":{"background-color":"","background-image":"","background-repeat":"repeat","background-position":"center center","background-size":"auto","background-attachment":"scroll","background-type":"","background-media":"","overlay-type":"","overlay-color":"","overlay-opacity":"","overlay-gradient":""},"mobile":{"background-color":"","background-image":"","background-repeat":"repeat","background-position":"center center","background-size":"auto","background-attachment":"scroll","background-type":"","background-media":"","overlay-type":"","overlay-color":"","overlay-opacity":"","overlay-gradient":""}},"ast-content-background-meta":{"desktop":{"background-color":"var(--ast-global-color-5)","background-image":"","background-repeat":"repeat","background-position":"center center","background-size":"auto","background-attachment":"scroll","background-type":"","background-media":"","overlay-type":"","overlay-color":"","overlay-opacity":"","overlay-gradient":""},"tablet":{"background-color":"var(--ast-global-color-5)","background-image":"","background-repeat":"repeat","background-position":"center center","background-size":"auto","background-attachment":"scroll","background-type":"","background-media":"","overlay-type":"","overlay-color":"","overlay-opacity":"","overlay-gradient":""},"mobile":{"background-color":"var(--ast-global-color-5)","background-image":"","background-repeat":"repeat","background-position":"center center","background-size":"auto","background-attachment":"scroll","background-type":"","background-media":"","overlay-type":"","overlay-color":"","overlay-opacity":"","overlay-gradient":""}},"footnotes":""},"class_list":["post-3111","page","type-page","status-publish","hentry"],"yoast_head":"<!-- This site is optimized with the Yoast SEO Premium plugin v24.2 (Yoast SEO v24.6) - https:\/\/yoast.com\/wordpress\/plugins\/seo\/ -->\n<title>L\u00e9on Denis - Uni\u00f3n Esp\u00edrita<\/title>\n<meta name=\"robots\" content=\"index, follow, max-snippet:-1, max-image-preview:large, max-video-preview:-1\" \/>\n<link rel=\"canonical\" href=\"https:\/\/nuevo-renacer.com\/tr\/leon-denis\/\" \/>\n<meta property=\"og:locale\" content=\"tr_TR\" \/>\n<meta property=\"og:type\" content=\"article\" \/>\n<meta property=\"og:title\" content=\"L\u00e9on Denis\" \/>\n<meta property=\"og:description\" content=\"L\u00e9on Denis \u2013 el successor de Kardec\u00a0 L\u00e9on Denis fue el incuestionable sucesor de la obra de Allan kardec e incansable divulgador de la Doctrina Esp\u00edrita. Naci\u00f3 cerca de la ciudad de Toul, en Francia, el 1\u00ba de enero de 1846. Sus padres eran personas humildes pero muy espiritualizadas, sobre todo su madre, Do\u00f1a Ana [&hellip;]\" \/>\n<meta property=\"og:url\" content=\"https:\/\/nuevo-renacer.com\/tr\/leon-denis\/\" \/>\n<meta property=\"og:site_name\" content=\"Uni\u00f3n Esp\u00edrita\" \/>\n<meta property=\"article:publisher\" content=\"https:\/\/www.facebook.com\/groups\/3431398063740829\" \/>\n<meta property=\"article:modified_time\" content=\"2025-11-24T11:24:48+00:00\" \/>\n<meta property=\"og:image\" content=\"https:\/\/nuevo-renacer.com\/wp-content\/uploads\/2024\/07\/images-1.jpg\" \/>\n<meta name=\"twitter:card\" content=\"summary_large_image\" \/>\n<meta name=\"twitter:label1\" content=\"Tahmini okuma s\u00fcresi\" \/>\n\t<meta name=\"twitter:data1\" content=\"6 dakika\" \/>\n<script type=\"application\/ld+json\" class=\"yoast-schema-graph\">{\"@context\":\"https:\/\/schema.org\",\"@graph\":[{\"@type\":\"WebPage\",\"@id\":\"https:\/\/nuevo-renacer.com\/leon-denis\/\",\"url\":\"https:\/\/nuevo-renacer.com\/leon-denis\/\",\"name\":\"L\u00e9on Denis - Uni\u00f3n Esp\u00edrita\",\"isPartOf\":{\"@id\":\"https:\/\/nuevo-renacer.com\/#website\"},\"primaryImageOfPage\":{\"@id\":\"https:\/\/nuevo-renacer.com\/leon-denis\/#primaryimage\"},\"image\":{\"@id\":\"https:\/\/nuevo-renacer.com\/leon-denis\/#primaryimage\"},\"thumbnailUrl\":\"https:\/\/nuevo-renacer.com\/wp-content\/uploads\/2024\/07\/images-1.jpg\",\"datePublished\":\"2024-07-06T12:17:31+00:00\",\"dateModified\":\"2025-11-24T11:24:48+00:00\",\"breadcrumb\":{\"@id\":\"https:\/\/nuevo-renacer.com\/leon-denis\/#breadcrumb\"},\"inLanguage\":\"tr\",\"potentialAction\":[{\"@type\":\"ReadAction\",\"target\":[\"https:\/\/nuevo-renacer.com\/leon-denis\/\"]}]},{\"@type\":\"ImageObject\",\"inLanguage\":\"tr\",\"@id\":\"https:\/\/nuevo-renacer.com\/leon-denis\/#primaryimage\",\"url\":\"https:\/\/nuevo-renacer.com\/wp-content\/uploads\/2024\/07\/images-1.jpg\",\"contentUrl\":\"https:\/\/nuevo-renacer.com\/wp-content\/uploads\/2024\/07\/images-1.jpg\"},{\"@type\":\"BreadcrumbList\",\"@id\":\"https:\/\/nuevo-renacer.com\/leon-denis\/#breadcrumb\",\"itemListElement\":[{\"@type\":\"ListItem\",\"position\":1,\"name\":\"Startseite\",\"item\":\"https:\/\/nuevo-renacer.com\/\"},{\"@type\":\"ListItem\",\"position\":2,\"name\":\"L\u00e9on Denis\"}]},{\"@type\":\"WebSite\",\"@id\":\"https:\/\/nuevo-renacer.com\/#website\",\"url\":\"https:\/\/nuevo-renacer.com\/\",\"name\":\"Uni\u00f3n Esp\u00edrita\",\"description\":\"Nuevo Renacer\",\"publisher\":{\"@id\":\"https:\/\/nuevo-renacer.com\/#organization\"},\"potentialAction\":[{\"@type\":\"SearchAction\",\"target\":{\"@type\":\"EntryPoint\",\"urlTemplate\":\"https:\/\/nuevo-renacer.com\/?s={search_term_string}\"},\"query-input\":{\"@type\":\"PropertyValueSpecification\",\"valueRequired\":true,\"valueName\":\"search_term_string\"}}],\"inLanguage\":\"tr\"},{\"@type\":\"Organization\",\"@id\":\"https:\/\/nuevo-renacer.com\/#organization\",\"name\":\"UFEC\",\"url\":\"https:\/\/nuevo-renacer.com\/\",\"logo\":{\"@type\":\"ImageObject\",\"inLanguage\":\"tr\",\"@id\":\"https:\/\/nuevo-renacer.com\/#\/schema\/logo\/image\/\",\"url\":\"https:\/\/nuevo-renacer.com\/wp-content\/uploads\/2024\/05\/cropped-LOGO-TERMINADO1-3-3.png\",\"contentUrl\":\"https:\/\/nuevo-renacer.com\/wp-content\/uploads\/2024\/05\/cropped-LOGO-TERMINADO1-3-3.png\",\"width\":512,\"height\":512,\"caption\":\"UFEC\"},\"image\":{\"@id\":\"https:\/\/nuevo-renacer.com\/#\/schema\/logo\/image\/\"},\"sameAs\":[\"https:\/\/www.facebook.com\/groups\/3431398063740829\"]}]}<\/script>\n<!-- \/ Yoast SEO Premium plugin. -->","yoast_head_json":{"title":"L\u00e9on Denis - Uni\u00f3n Esp\u00edrita","robots":{"index":"index","follow":"follow","max-snippet":"max-snippet:-1","max-image-preview":"max-image-preview:large","max-video-preview":"max-video-preview:-1"},"canonical":"https:\/\/nuevo-renacer.com\/tr\/leon-denis\/","og_locale":"tr_TR","og_type":"article","og_title":"L\u00e9on Denis","og_description":"L\u00e9on Denis \u2013 el successor de Kardec\u00a0 L\u00e9on Denis fue el incuestionable sucesor de la obra de Allan kardec e incansable divulgador de la Doctrina Esp\u00edrita. Naci\u00f3 cerca de la ciudad de Toul, en Francia, el 1\u00ba de enero de 1846. Sus padres eran personas humildes pero muy espiritualizadas, sobre todo su madre, Do\u00f1a Ana [&hellip;]","og_url":"https:\/\/nuevo-renacer.com\/tr\/leon-denis\/","og_site_name":"Uni\u00f3n Esp\u00edrita","article_publisher":"https:\/\/www.facebook.com\/groups\/3431398063740829","article_modified_time":"2025-11-24T11:24:48+00:00","og_image":[{"url":"https:\/\/nuevo-renacer.com\/wp-content\/uploads\/2024\/07\/images-1.jpg","type":"","width":"","height":""}],"twitter_card":"summary_large_image","twitter_misc":{"Tahmini okuma s\u00fcresi":"6 dakika"},"schema":{"@context":"https:\/\/schema.org","@graph":[{"@type":"WebPage","@id":"https:\/\/nuevo-renacer.com\/leon-denis\/","url":"https:\/\/nuevo-renacer.com\/leon-denis\/","name":"L\u00e9on Denis - Uni\u00f3n Esp\u00edrita","isPartOf":{"@id":"https:\/\/nuevo-renacer.com\/#website"},"primaryImageOfPage":{"@id":"https:\/\/nuevo-renacer.com\/leon-denis\/#primaryimage"},"image":{"@id":"https:\/\/nuevo-renacer.com\/leon-denis\/#primaryimage"},"thumbnailUrl":"https:\/\/nuevo-renacer.com\/wp-content\/uploads\/2024\/07\/images-1.jpg","datePublished":"2024-07-06T12:17:31+00:00","dateModified":"2025-11-24T11:24:48+00:00","breadcrumb":{"@id":"https:\/\/nuevo-renacer.com\/leon-denis\/#breadcrumb"},"inLanguage":"tr","potentialAction":[{"@type":"ReadAction","target":["https:\/\/nuevo-renacer.com\/leon-denis\/"]}]},{"@type":"ImageObject","inLanguage":"tr","@id":"https:\/\/nuevo-renacer.com\/leon-denis\/#primaryimage","url":"https:\/\/nuevo-renacer.com\/wp-content\/uploads\/2024\/07\/images-1.jpg","contentUrl":"https:\/\/nuevo-renacer.com\/wp-content\/uploads\/2024\/07\/images-1.jpg"},{"@type":"BreadcrumbList","@id":"https:\/\/nuevo-renacer.com\/leon-denis\/#breadcrumb","itemListElement":[{"@type":"ListItem","position":1,"name":"Startseite","item":"https:\/\/nuevo-renacer.com\/"},{"@type":"ListItem","position":2,"name":"L\u00e9on Denis"}]},{"@type":"WebSite","@id":"https:\/\/nuevo-renacer.com\/#website","url":"https:\/\/nuevo-renacer.com\/","name":"Uni\u00f3n Esp\u00edrita","description":"Nuevo Renacer","publisher":{"@id":"https:\/\/nuevo-renacer.com\/#organization"},"potentialAction":[{"@type":"SearchAction","target":{"@type":"EntryPoint","urlTemplate":"https:\/\/nuevo-renacer.com\/?s={search_term_string}"},"query-input":{"@type":"PropertyValueSpecification","valueRequired":true,"valueName":"search_term_string"}}],"inLanguage":"tr"},{"@type":"Organization","@id":"https:\/\/nuevo-renacer.com\/#organization","name":"UFEC","url":"https:\/\/nuevo-renacer.com\/","logo":{"@type":"ImageObject","inLanguage":"tr","@id":"https:\/\/nuevo-renacer.com\/#\/schema\/logo\/image\/","url":"https:\/\/nuevo-renacer.com\/wp-content\/uploads\/2024\/05\/cropped-LOGO-TERMINADO1-3-3.png","contentUrl":"https:\/\/nuevo-renacer.com\/wp-content\/uploads\/2024\/05\/cropped-LOGO-TERMINADO1-3-3.png","width":512,"height":512,"caption":"UFEC"},"image":{"@id":"https:\/\/nuevo-renacer.com\/#\/schema\/logo\/image\/"},"sameAs":["https:\/\/www.facebook.com\/groups\/3431398063740829"]}]}},"uagb_featured_image_src":{"full":false,"thumbnail":false,"medium":false,"medium_large":false,"large":false,"1536x1536":false,"2048x2048":false,"trp-custom-language-flag":false},"uagb_author_info":{"display_name":"adbv0","author_link":"https:\/\/nuevo-renacer.com\/tr\/author\/adbv0\/"},"uagb_comment_info":0,"uagb_excerpt":"L\u00e9on Denis \u2013 el successor de Kardec\u00a0 L\u00e9on Denis fue el incuestionable sucesor de la obra de Allan kardec e incansable divulgador de la Doctrina Esp\u00edrita. Naci\u00f3 cerca de la ciudad de Toul, en Francia, el 1\u00ba de enero de 1846. Sus padres eran personas humildes pero muy espiritualizadas, sobre todo su madre, Do\u00f1a Ana&hellip;","jetpack_sharing_enabled":true,"_links":{"self":[{"href":"https:\/\/nuevo-renacer.com\/tr\/wp-json\/wp\/v2\/pages\/3111","targetHints":{"allow":["GET"]}}],"collection":[{"href":"https:\/\/nuevo-renacer.com\/tr\/wp-json\/wp\/v2\/pages"}],"about":[{"href":"https:\/\/nuevo-renacer.com\/tr\/wp-json\/wp\/v2\/types\/page"}],"author":[{"embeddable":true,"href":"https:\/\/nuevo-renacer.com\/tr\/wp-json\/wp\/v2\/users\/1"}],"replies":[{"embeddable":true,"href":"https:\/\/nuevo-renacer.com\/tr\/wp-json\/wp\/v2\/comments?post=3111"}],"version-history":[{"count":6,"href":"https:\/\/nuevo-renacer.com\/tr\/wp-json\/wp\/v2\/pages\/3111\/revisions"}],"predecessor-version":[{"id":8719,"href":"https:\/\/nuevo-renacer.com\/tr\/wp-json\/wp\/v2\/pages\/3111\/revisions\/8719"}],"wp:attachment":[{"href":"https:\/\/nuevo-renacer.com\/tr\/wp-json\/wp\/v2\/media?parent=3111"}],"curies":[{"name":"wp","href":"https:\/\/api.w.org\/{rel}","templated":true}]}}