{"id":3088,"date":"2024-07-06T11:51:16","date_gmt":"2024-07-06T11:51:16","guid":{"rendered":"https:\/\/ufec-mundial.com\/?page_id=3088"},"modified":"2025-06-13T10:16:27","modified_gmt":"2025-06-13T10:16:27","slug":"jaime-galte","status":"publish","type":"page","link":"https:\/\/nuevo-renacer.com\/tr\/jaime-galte\/","title":{"rendered":"Jaime Galt\u00e9"},"content":{"rendered":"<div class=\"wp-block-uagb-container uagb-block-395ecf87 alignfull uagb-is-root-container\"><div class=\"uagb-container-inner-blocks-wrap\">\n<p class=\"has-black-color has-text-color has-link-color has-medium-font-size wp-elements-5726bbcd3ee41b1344ef38e32fd5bcc7\"><strong>Jaime Galt\u00e9 \u2013 medyan\u0131n en \u00fcnl\u00fc \u015eili&#039;si<\/strong>&nbsp;<\/p>\n<\/div><\/div>\n\n\n\n<div class=\"wp-block-uagb-container uagb-block-deb1d4ec alignfull uagb-is-root-container\"><div class=\"uagb-container-inner-blocks-wrap\">\n<div class=\"wp-block-uagb-image alignleft uagb-block-59e0a893 wp-block-uagb-image--layout-default wp-block-uagb-image--effect-static wp-block-uagb-image--align-left\"><figure class=\"wp-block-uagb-image__figure\"><img loading=\"lazy\" decoding=\"async\" srcset=\"https:\/\/nuevo-renacer.com\/wp-content\/uploads\/2024\/07\/Jaime-Galte-1.jpg ,https:\/\/ufec-mundial.com\/wp-content\/uploads\/2024\/07\/Jaime-Galte-1.jpg 780w, https:\/\/nuevo-renacer.com\/wp-content\/uploads\/2024\/07\/Jaime-Galte-1.jpg 360w\" sizes=\"auto, (max-width: 480px) 150px\" src=\"https:\/\/nuevo-renacer.com\/wp-content\/uploads\/2024\/07\/Jaime-Galte-1.jpg\" alt=\"\" class=\"uag-image-3091\" width=\"510\" height=\"383\" title=\"Jaime-Galte&#039;nin\" role=\"img\"\/><\/figure><\/div>\n<\/div><\/div>\n\n\n\n<div class=\"wp-block-uagb-container uagb-block-a9af9baf alignfull uagb-is-root-container\"><div class=\"uagb-container-inner-blocks-wrap\">\n<p class=\"has-black-color has-text-color has-link-color has-small-font-size wp-elements-4ac89399d59b3395e08e98a6bc73ac7b\">Jaime Galt\u00e9, 24 May\u0131s 1903&#039;te Santiago de Chile&#039;de do\u011fdu ve 1965&#039;te 62 ya\u015f\u0131nda \u00f6ld\u00fc. M\u00fckemmel bir avukat ve m\u00fckemmel bir ebeveyndi. Aralar\u0131nda \u00f6nemli g\u00f6revlerde bulundu: Usul Hukuku profes\u00f6r\u00fc, Hukuk Fak\u00fcltesi M\u00fcd\u00fcr\u00fc Valparaiso, haber \u015firketinin avukat\u0131, \u00dclkenin avukat\u0131 ve \u015eili Cumhuriyeti Genel M\u00fcfetti\u015fli\u011fi ofisi.&nbsp;<\/p>\n\n\n\n<p class=\"has-black-color has-text-color has-link-color has-small-font-size wp-elements-df583e86182b8375cfa6892e68f1c154\">Bir medyum olarak tarihi, gen\u00e7 bir adamken bir g\u00fcn ba\u015flad\u0131. Baz\u0131 aile sorunlar\u0131n\u0131 \u00e7\u00f6zmek i\u00e7in bilinmeyen bir \u015fehir olan Valparaiso&#039;ya trenle seyahat etmek. Babas\u0131 daha \u00f6nce \u00e7ok az zaman bedensiz kalm\u0131\u015ft\u0131, aileyi maddi bir durumda b\u0131rakmak \u00e7ok takdir ediliyordu. Galt\u00e9 uykuya dalar ve Valparaiso&#039;ya geldi\u011fini hayal eder, bir plazay\u0131 ge\u00e7er, kararl\u0131 bir otele gelir ve sahibiyle konu\u015fur. Babas\u0131 taraf\u0131ndan sorgulay\u0131n ve yirmi alt\u0131 numaral\u0131 par\u00e7aya yerle\u015ftirildi\u011fini ona bildirin. Yukar\u0131 \u00e7\u0131k ve onu bul. \u015ea\u015f\u0131rm\u0131\u015f, uzun bir g\u00f6m\u00fclme s\u00fcrerse orada olmas\u0131n\u0131n nas\u0131l m\u00fcmk\u00fcn oldu\u011funu sorar. Baba, tabutun i\u00e7inde sadece bir ceset oldu\u011funu s\u00f6yler ve size belirli ba\u015fl\u0131klar\u0131 olan bir avukat\u0131n ad\u0131n\u0131 ve ailenin miras\u0131na ili\u015fkin talimatlar\u0131 s\u00f6yler.&nbsp;<\/p>\n\n\n\n<p class=\"has-black-color has-text-color has-link-color has-small-font-size wp-elements-3fa7b433f5071e4747a3ed669dde2627\">Galt\u00e9 Valparaiso&#039;ya geldi\u011finde r\u00fcyadan al\u0131nan bilgileri takip etti ve oteli bulabildi. Meydan ve avukat ona baba miras\u0131n\u0131n belgelerini uzatt\u0131. \u015ea\u015f\u0131rd\u0131m ama cevaplar\u0131 aramad\u0131m.&nbsp;<\/p>\n\n\n\n<p class=\"has-black-color has-text-color has-link-color has-small-font-size wp-elements-78c59b11885612141727245f52faae5e\">Bir s\u00fcre sonra arkada\u015f\u0131 Ricardo Prat (\u015eili kahraman\u0131n\u0131n karde\u015fi), bunun geli\u015ftirmem ve ba\u015fkalar\u0131n\u0131n hizmetine sunmam gereken bir hediye oldu\u011funa ikna eder ve sizi bir toplant\u0131ya davet eder. Bu ilk g\u00f6r\u00fc\u015fmede Galt\u00e9, batmakta olan Itata gemisinin \u201ct\u0131k\u201d mutfa\u011f\u0131n\u0131n g\u00f6nderdi\u011fi mesaj\u0131 transa ge\u00e7irir ve psikografiye girerek ondan sevdi\u011fi kad\u0131na ve annesine biraz para vermesini ister. Dost Prat, Denizcilik h\u00fck\u00fcmeti ile g\u00fcvence alt\u0131na al\u0131nd\u0131, ancak geminin \u015fili sular\u0131nda normal \u015fekilde gezinmeye devam etti\u011fi konusunda bilgilendirildi. Toplant\u0131n\u0131n sonunda, iki arkada\u015f geri \u00e7ekilir, al\u0131nan mesajla me\u015fgul olur ve orta aktivitede bariz bir ba\u015far\u0131s\u0131zl\u0131k olur. Ancak El Mercurio de Valpara\u00edso gazetesinin \u00f6n\u00fcnden ge\u00e7erken \u015fa\u015fk\u0131nl\u0131kla \u015fu haberi okuyun: &#034;Sadece Itata gemisini bat\u0131r\u0131r&#034;\u201d&nbsp;<\/p>\n\n\n\n<p class=\"has-black-color has-text-color has-link-color has-small-font-size wp-elements-4e395b62d156525f40abf221c21b8f05\">Denizcinin varl\u0131\u011f\u0131n\u0131n kendilerine mesaj oldu\u011funu kan\u0131tlad\u0131ktan k\u0131sa bir s\u00fcre sonra, onun belirtti\u011fi evi buldular ve paray\u0131 iki kad\u0131n aras\u0131nda da\u011f\u0131tma emrinizden memnun kald\u0131lar. O g\u00fcnden itibaren Galt\u00e9 kendini Ruhani D\u00fcnyaya adam\u0131\u015ft\u0131r ve kendini okumaya, \u00e7al\u0131\u015fmaya ve gruplara kat\u0131lmaya adam\u0131\u015ft\u0131r. Santiago&#039;da bulunan Bilim Derne\u011fi&#039;ne kat\u0131ld\u0131 ve \u015eili Parapsikoloji Derne\u011fi&#039;nin kurucular\u0131ndan biriydi. Sonraki y\u0131llarda Galt\u00e9, tan\u0131nm\u0131\u015f filozof ve dan\u0131\u015fman Bay Lowe olarak g\u00fczel ve bilge sayfalar olan birka\u00e7 ruh ald\u0131. Ne yaz\u0131k ki, bu yaz\u0131lar t\u00fckendi\u011finiz anda yay\u0131nlan\u0131r ve bulunmas\u0131 \u00e7ok zordur. Belki de Galt\u00e9&#039;nin dahil etti\u011fi ruhlar\u0131n en \u00fcnl\u00fcs\u00fc, bir medyum yard\u0131m\u0131yla say\u0131s\u0131z \u015fifa veren Dr. Eric Halfanne&#039;di.&nbsp;&nbsp;<\/p>\n\n\n\n<p class=\"has-black-color has-text-color has-link-color has-small-font-size wp-elements-82b3396909eafc98d5f508b070c0987c\">Eric Halfanne, 1906&#039;da Amerika&#039;da ve Bolivya&#039;da desencarn\u00f3&#039;da \u00e7al\u0131\u015fan \u0130svi\u00e7reli Alman bir doktorun d\u00fcnyevi hayat\u0131ndayd\u0131. Galt\u00e9&#039;nin k\u0131z\u0131 Sonia&#039;ya g\u00f6re, ilk kez sunuldu\u011fu gibi ilgin\u00e7 bir yol. Bir g\u00fcn, medyan\u0131n arkada\u015flar\u0131 olan Bachelet evlili\u011finin k\u0131z\u0131 \u00e7ok ciddiydim ve ailesi ondan birka\u00e7 ay \u00f6nce bedensiz olan \u00e7ocuk doktorunun ruhunu \u00e7a\u011f\u0131ran Galt\u00e9&#039;yi istedi. Medyum, manevi d\u00fcnyadaki ba\u015fka i\u015flerle me\u015fgul olduklar\u0131 i\u00e7in doktorun gelemeyece\u011fini, ancak ba\u015fka bir doktorun yard\u0131ma gelece\u011fini s\u00f6yleyen bir transa girdi\u011finde. Sonra Dr.&#039;yi sunar. Eric Halfanne. Onlar\u0131n iyile\u015fmeleri d\u00fczine taraf\u0131ndan say\u0131l\u0131r. Kesin olarak te\u015fhis edildi ve tamamlay\u0131c\u0131 homeopatik ila\u00e7lar re\u00e7ete etti.&nbsp;<\/p>\n\n\n\n<p class=\"has-black-color has-text-color has-link-color has-small-font-size wp-elements-72d42022fdd33c979ef987c6910c36dc\">Galt\u00e9 bir sandalyede otururken transa ge\u00e7ti ve hastal\u0131klar\u0131 te\u015fhis etmeye ve ila\u00e7lar\u0131 re\u00e7ete etmeye ba\u015flad\u0131. Ailesi, bu zamanlar\u0131n bir\u00e7ok yaz\u0131 psikografisini kurtard\u0131. Galt\u00e9, iyi bir H\u0131ristiyan olarak sevgi ve \u00f6zveriyle hizmet talep edenlere \u00fccretsiz hizmet etti. G\u00fcnlerinin sonunda a\u011f\u0131r hasta oldu\u011fu zamanlarda bile yard\u0131m\u0131n\u0131 asla reddetmedi. O, ba\u015fkalar\u0131na hizmet eden bir el\u00e7iydi.&nbsp;<\/p>\n\n\n\n<p class=\"has-black-color has-text-color has-link-color has-small-font-size wp-elements-463b207033328483ae868ac3b034a267\">Birka\u00e7 y\u0131l sonra Galt\u00e9 orta mesafeden \u00e7al\u0131\u015fabilirdi. Hasta ki\u015finin ad\u0131n\u0131 ve semptomlar\u0131n\u0131 ald\u0131. Hastan\u0131n evine, belli ki tedavileri yapan ki\u015fi olan Dr. Eric e\u015fli\u011finde bestelenmek ve ruhu. Galt\u00e9 orta, basiret, psikograf, \u015fifa ve birle\u015fmeydi. Ayn\u0131 zamanda g\u00fczel resimler \u00e7izebilir ve trans halindeyken piyanoyu ilahi olarak \u00e7alabilir, \u015fahsen bu sanatlardan habersizdim. Gelece\u011fe dair net vizyonlar\u0131 vard\u0131 ve s\u00f6z\u00fc arkada\u015f\u0131 ve yorgan\u0131 herkese e\u015fit olarak geldi.&nbsp;<\/p>\n\n\n\n<p class=\"has-black-color has-text-color has-link-color has-small-font-size wp-elements-c6fc632c80f96f0007e6f23a89ba1d0f\">Jaime Galt\u00e9, \u015eili halk\u0131nda manevi bilgiye olan ihtiyac\u0131 ve manevi d\u00fcnyaya yakla\u015f\u0131m\u0131 uyand\u0131rd\u0131. Tanr\u0131, O&#039;nu hat\u0131rlayan ve o&#039;nun nezaket ve hizmet \u00f6rne\u011fini takip eden bir\u00e7ok ki\u015fi olman\u0131z\u0131 ister.&nbsp;<\/p>\n<\/div><\/div>\n\n\n\n<div class=\"wp-block-uagb-container uagb-block-a58ab44d alignfull uagb-is-root-container\"><div class=\"uagb-container-inner-blocks-wrap\"><\/div><\/div>\n\n\n\n<div class=\"wp-block-uagb-container uagb-block-212610c4 alignfull uagb-is-root-container\"><div class=\"uagb-container-inner-blocks-wrap\"><\/div><\/div>","protected":false},"excerpt":{"rendered":"<p>Jaime Galt\u00e9 \u2013 el medium m\u00e1s famoso de Chile&nbsp; Jaime Galt\u00e9 naci\u00f3 el 24 de mayo de 1903 en Santiago de Chile y falleci\u00f3 a los 62 a\u00f1os de edad, en 1965. Fue un brillante abogado y excelente padre de familia. Ocup\u00f3 cargos importantes, entre ellos: profesor de Derecho Procesal, Director de la Escuela de [&hellip;]<\/p>","protected":false},"author":1,"featured_media":0,"parent":0,"menu_order":0,"comment_status":"closed","ping_status":"closed","template":"","meta":{"_uag_custom_page_level_css":"","site-sidebar-layout":"default","site-content-layout":"","ast-site-content-layout":"default","site-content-style":"default","site-sidebar-style":"default","ast-global-header-display":"","ast-banner-title-visibility":"","ast-main-header-display":"","ast-hfb-above-header-display":"","ast-hfb-below-header-display":"","ast-hfb-mobile-header-display":"","site-post-title":"disabled","ast-breadcrumbs-content":"","ast-featured-img":"","footer-sml-layout":"","theme-transparent-header-meta":"","adv-header-id-meta":"","stick-header-meta":"","header-above-stick-meta":"","header-main-stick-meta":"","header-below-stick-meta":"","astra-migrate-meta-layouts":"set","ast-page-background-enabled":"default","ast-page-background-meta":{"desktop":{"background-color":"var(--ast-global-color-4)","background-image":"","background-repeat":"repeat","background-position":"center center","background-size":"auto","background-attachment":"scroll","background-type":"","background-media":"","overlay-type":"","overlay-color":"","overlay-opacity":"","overlay-gradient":""},"tablet":{"background-color":"","background-image":"","background-repeat":"repeat","background-position":"center center","background-size":"auto","background-attachment":"scroll","background-type":"","background-media":"","overlay-type":"","overlay-color":"","overlay-opacity":"","overlay-gradient":""},"mobile":{"background-color":"","background-image":"","background-repeat":"repeat","background-position":"center center","background-size":"auto","background-attachment":"scroll","background-type":"","background-media":"","overlay-type":"","overlay-color":"","overlay-opacity":"","overlay-gradient":""}},"ast-content-background-meta":{"desktop":{"background-color":"var(--ast-global-color-5)","background-image":"","background-repeat":"repeat","background-position":"center center","background-size":"auto","background-attachment":"scroll","background-type":"","background-media":"","overlay-type":"","overlay-color":"","overlay-opacity":"","overlay-gradient":""},"tablet":{"background-color":"var(--ast-global-color-5)","background-image":"","background-repeat":"repeat","background-position":"center center","background-size":"auto","background-attachment":"scroll","background-type":"","background-media":"","overlay-type":"","overlay-color":"","overlay-opacity":"","overlay-gradient":""},"mobile":{"background-color":"var(--ast-global-color-5)","background-image":"","background-repeat":"repeat","background-position":"center center","background-size":"auto","background-attachment":"scroll","background-type":"","background-media":"","overlay-type":"","overlay-color":"","overlay-opacity":"","overlay-gradient":""}},"footnotes":""},"class_list":["post-3088","page","type-page","status-publish","hentry"],"yoast_head":"<!-- This site is optimized with the Yoast SEO Premium plugin v24.2 (Yoast SEO v24.6) - https:\/\/yoast.com\/wordpress\/plugins\/seo\/ -->\n<title>Jaime Galt\u00e9 - Uni\u00f3n Esp\u00edrita<\/title>\n<meta name=\"robots\" content=\"index, follow, max-snippet:-1, max-image-preview:large, max-video-preview:-1\" \/>\n<link rel=\"canonical\" href=\"https:\/\/nuevo-renacer.com\/tr\/jaime-galte\/\" \/>\n<meta property=\"og:locale\" content=\"tr_TR\" \/>\n<meta property=\"og:type\" content=\"article\" \/>\n<meta property=\"og:title\" content=\"Jaime Galt\u00e9\" \/>\n<meta property=\"og:description\" content=\"Jaime Galt\u00e9 \u2013 el medium m\u00e1s famoso de Chile&nbsp; Jaime Galt\u00e9 naci\u00f3 el 24 de mayo de 1903 en Santiago de Chile y falleci\u00f3 a los 62 a\u00f1os de edad, en 1965. Fue un brillante abogado y excelente padre de familia. Ocup\u00f3 cargos importantes, entre ellos: profesor de Derecho Procesal, Director de la Escuela de [&hellip;]\" \/>\n<meta property=\"og:url\" content=\"https:\/\/nuevo-renacer.com\/tr\/jaime-galte\/\" \/>\n<meta property=\"og:site_name\" content=\"Uni\u00f3n Esp\u00edrita\" \/>\n<meta property=\"article:publisher\" content=\"https:\/\/www.facebook.com\/groups\/3431398063740829\" \/>\n<meta property=\"article:modified_time\" content=\"2025-06-13T10:16:27+00:00\" \/>\n<meta property=\"og:image\" content=\"https:\/\/nuevo-renacer.com\/wp-content\/uploads\/2024\/07\/Jaime-Galte-1.jpg\" \/>\n<meta name=\"twitter:card\" content=\"summary_large_image\" \/>\n<meta name=\"twitter:label1\" content=\"Tahmini okuma s\u00fcresi\" \/>\n\t<meta name=\"twitter:data1\" content=\"5 dakika\" \/>\n<script type=\"application\/ld+json\" class=\"yoast-schema-graph\">{\"@context\":\"https:\/\/schema.org\",\"@graph\":[{\"@type\":\"WebPage\",\"@id\":\"https:\/\/nuevo-renacer.com\/jaime-galte\/\",\"url\":\"https:\/\/nuevo-renacer.com\/jaime-galte\/\",\"name\":\"Jaime Galt\u00e9 - Uni\u00f3n Esp\u00edrita\",\"isPartOf\":{\"@id\":\"https:\/\/nuevo-renacer.com\/#website\"},\"primaryImageOfPage\":{\"@id\":\"https:\/\/nuevo-renacer.com\/jaime-galte\/#primaryimage\"},\"image\":{\"@id\":\"https:\/\/nuevo-renacer.com\/jaime-galte\/#primaryimage\"},\"thumbnailUrl\":\"https:\/\/nuevo-renacer.com\/wp-content\/uploads\/2024\/07\/Jaime-Galte-1.jpg\",\"datePublished\":\"2024-07-06T11:51:16+00:00\",\"dateModified\":\"2025-06-13T10:16:27+00:00\",\"breadcrumb\":{\"@id\":\"https:\/\/nuevo-renacer.com\/jaime-galte\/#breadcrumb\"},\"inLanguage\":\"tr\",\"potentialAction\":[{\"@type\":\"ReadAction\",\"target\":[\"https:\/\/nuevo-renacer.com\/jaime-galte\/\"]}]},{\"@type\":\"ImageObject\",\"inLanguage\":\"tr\",\"@id\":\"https:\/\/nuevo-renacer.com\/jaime-galte\/#primaryimage\",\"url\":\"https:\/\/nuevo-renacer.com\/wp-content\/uploads\/2024\/07\/Jaime-Galte-1.jpg\",\"contentUrl\":\"https:\/\/nuevo-renacer.com\/wp-content\/uploads\/2024\/07\/Jaime-Galte-1.jpg\"},{\"@type\":\"BreadcrumbList\",\"@id\":\"https:\/\/nuevo-renacer.com\/jaime-galte\/#breadcrumb\",\"itemListElement\":[{\"@type\":\"ListItem\",\"position\":1,\"name\":\"Startseite\",\"item\":\"https:\/\/nuevo-renacer.com\/\"},{\"@type\":\"ListItem\",\"position\":2,\"name\":\"Jaime Galt\u00e9\"}]},{\"@type\":\"WebSite\",\"@id\":\"https:\/\/nuevo-renacer.com\/#website\",\"url\":\"https:\/\/nuevo-renacer.com\/\",\"name\":\"Uni\u00f3n Esp\u00edrita\",\"description\":\"Nuevo Renacer\",\"publisher\":{\"@id\":\"https:\/\/nuevo-renacer.com\/#organization\"},\"potentialAction\":[{\"@type\":\"SearchAction\",\"target\":{\"@type\":\"EntryPoint\",\"urlTemplate\":\"https:\/\/nuevo-renacer.com\/?s={search_term_string}\"},\"query-input\":{\"@type\":\"PropertyValueSpecification\",\"valueRequired\":true,\"valueName\":\"search_term_string\"}}],\"inLanguage\":\"tr\"},{\"@type\":\"Organization\",\"@id\":\"https:\/\/nuevo-renacer.com\/#organization\",\"name\":\"UFEC\",\"url\":\"https:\/\/nuevo-renacer.com\/\",\"logo\":{\"@type\":\"ImageObject\",\"inLanguage\":\"tr\",\"@id\":\"https:\/\/nuevo-renacer.com\/#\/schema\/logo\/image\/\",\"url\":\"https:\/\/nuevo-renacer.com\/wp-content\/uploads\/2024\/05\/cropped-LOGO-TERMINADO1-3-3.png\",\"contentUrl\":\"https:\/\/nuevo-renacer.com\/wp-content\/uploads\/2024\/05\/cropped-LOGO-TERMINADO1-3-3.png\",\"width\":512,\"height\":512,\"caption\":\"UFEC\"},\"image\":{\"@id\":\"https:\/\/nuevo-renacer.com\/#\/schema\/logo\/image\/\"},\"sameAs\":[\"https:\/\/www.facebook.com\/groups\/3431398063740829\"]}]}<\/script>\n<!-- \/ Yoast SEO Premium plugin. -->","yoast_head_json":{"title":"Jaime Galt\u00e9 - Uni\u00f3n Esp\u00edrita","robots":{"index":"index","follow":"follow","max-snippet":"max-snippet:-1","max-image-preview":"max-image-preview:large","max-video-preview":"max-video-preview:-1"},"canonical":"https:\/\/nuevo-renacer.com\/tr\/jaime-galte\/","og_locale":"tr_TR","og_type":"article","og_title":"Jaime Galt\u00e9","og_description":"Jaime Galt\u00e9 \u2013 el medium m\u00e1s famoso de Chile&nbsp; Jaime Galt\u00e9 naci\u00f3 el 24 de mayo de 1903 en Santiago de Chile y falleci\u00f3 a los 62 a\u00f1os de edad, en 1965. Fue un brillante abogado y excelente padre de familia. Ocup\u00f3 cargos importantes, entre ellos: profesor de Derecho Procesal, Director de la Escuela de [&hellip;]","og_url":"https:\/\/nuevo-renacer.com\/tr\/jaime-galte\/","og_site_name":"Uni\u00f3n Esp\u00edrita","article_publisher":"https:\/\/www.facebook.com\/groups\/3431398063740829","article_modified_time":"2025-06-13T10:16:27+00:00","og_image":[{"url":"https:\/\/nuevo-renacer.com\/wp-content\/uploads\/2024\/07\/Jaime-Galte-1.jpg","type":"","width":"","height":""}],"twitter_card":"summary_large_image","twitter_misc":{"Tahmini okuma s\u00fcresi":"5 dakika"},"schema":{"@context":"https:\/\/schema.org","@graph":[{"@type":"WebPage","@id":"https:\/\/nuevo-renacer.com\/jaime-galte\/","url":"https:\/\/nuevo-renacer.com\/jaime-galte\/","name":"Jaime Galt\u00e9 - Uni\u00f3n Esp\u00edrita","isPartOf":{"@id":"https:\/\/nuevo-renacer.com\/#website"},"primaryImageOfPage":{"@id":"https:\/\/nuevo-renacer.com\/jaime-galte\/#primaryimage"},"image":{"@id":"https:\/\/nuevo-renacer.com\/jaime-galte\/#primaryimage"},"thumbnailUrl":"https:\/\/nuevo-renacer.com\/wp-content\/uploads\/2024\/07\/Jaime-Galte-1.jpg","datePublished":"2024-07-06T11:51:16+00:00","dateModified":"2025-06-13T10:16:27+00:00","breadcrumb":{"@id":"https:\/\/nuevo-renacer.com\/jaime-galte\/#breadcrumb"},"inLanguage":"tr","potentialAction":[{"@type":"ReadAction","target":["https:\/\/nuevo-renacer.com\/jaime-galte\/"]}]},{"@type":"ImageObject","inLanguage":"tr","@id":"https:\/\/nuevo-renacer.com\/jaime-galte\/#primaryimage","url":"https:\/\/nuevo-renacer.com\/wp-content\/uploads\/2024\/07\/Jaime-Galte-1.jpg","contentUrl":"https:\/\/nuevo-renacer.com\/wp-content\/uploads\/2024\/07\/Jaime-Galte-1.jpg"},{"@type":"BreadcrumbList","@id":"https:\/\/nuevo-renacer.com\/jaime-galte\/#breadcrumb","itemListElement":[{"@type":"ListItem","position":1,"name":"Startseite","item":"https:\/\/nuevo-renacer.com\/"},{"@type":"ListItem","position":2,"name":"Jaime Galt\u00e9"}]},{"@type":"WebSite","@id":"https:\/\/nuevo-renacer.com\/#website","url":"https:\/\/nuevo-renacer.com\/","name":"Uni\u00f3n Esp\u00edrita","description":"Nuevo Renacer","publisher":{"@id":"https:\/\/nuevo-renacer.com\/#organization"},"potentialAction":[{"@type":"SearchAction","target":{"@type":"EntryPoint","urlTemplate":"https:\/\/nuevo-renacer.com\/?s={search_term_string}"},"query-input":{"@type":"PropertyValueSpecification","valueRequired":true,"valueName":"search_term_string"}}],"inLanguage":"tr"},{"@type":"Organization","@id":"https:\/\/nuevo-renacer.com\/#organization","name":"UFEC","url":"https:\/\/nuevo-renacer.com\/","logo":{"@type":"ImageObject","inLanguage":"tr","@id":"https:\/\/nuevo-renacer.com\/#\/schema\/logo\/image\/","url":"https:\/\/nuevo-renacer.com\/wp-content\/uploads\/2024\/05\/cropped-LOGO-TERMINADO1-3-3.png","contentUrl":"https:\/\/nuevo-renacer.com\/wp-content\/uploads\/2024\/05\/cropped-LOGO-TERMINADO1-3-3.png","width":512,"height":512,"caption":"UFEC"},"image":{"@id":"https:\/\/nuevo-renacer.com\/#\/schema\/logo\/image\/"},"sameAs":["https:\/\/www.facebook.com\/groups\/3431398063740829"]}]}},"uagb_featured_image_src":{"full":false,"thumbnail":false,"medium":false,"medium_large":false,"large":false,"1536x1536":false,"2048x2048":false,"trp-custom-language-flag":false},"uagb_author_info":{"display_name":"adbv0","author_link":"https:\/\/nuevo-renacer.com\/tr\/author\/adbv0\/"},"uagb_comment_info":0,"uagb_excerpt":"Jaime Galt\u00e9 \u2013 el medium m\u00e1s famoso de Chile&nbsp; Jaime Galt\u00e9 naci\u00f3 el 24 de mayo de 1903 en Santiago de Chile y falleci\u00f3 a los 62 a\u00f1os de edad, en 1965. Fue un brillante abogado y excelente padre de familia. Ocup\u00f3 cargos importantes, entre ellos: profesor de Derecho Procesal, Director de la Escuela de&hellip;","jetpack_sharing_enabled":true,"_links":{"self":[{"href":"https:\/\/nuevo-renacer.com\/tr\/wp-json\/wp\/v2\/pages\/3088","targetHints":{"allow":["GET"]}}],"collection":[{"href":"https:\/\/nuevo-renacer.com\/tr\/wp-json\/wp\/v2\/pages"}],"about":[{"href":"https:\/\/nuevo-renacer.com\/tr\/wp-json\/wp\/v2\/types\/page"}],"author":[{"embeddable":true,"href":"https:\/\/nuevo-renacer.com\/tr\/wp-json\/wp\/v2\/users\/1"}],"replies":[{"embeddable":true,"href":"https:\/\/nuevo-renacer.com\/tr\/wp-json\/wp\/v2\/comments?post=3088"}],"version-history":[{"count":3,"href":"https:\/\/nuevo-renacer.com\/tr\/wp-json\/wp\/v2\/pages\/3088\/revisions"}],"predecessor-version":[{"id":8335,"href":"https:\/\/nuevo-renacer.com\/tr\/wp-json\/wp\/v2\/pages\/3088\/revisions\/8335"}],"wp:attachment":[{"href":"https:\/\/nuevo-renacer.com\/tr\/wp-json\/wp\/v2\/media?parent=3088"}],"curies":[{"name":"wp","href":"https:\/\/api.w.org\/{rel}","templated":true}]}}