{"id":3083,"date":"2024-07-06T11:45:06","date_gmt":"2024-07-06T11:45:06","guid":{"rendered":"https:\/\/ufec-mundial.com\/?page_id=3083"},"modified":"2025-06-13T10:14:57","modified_gmt":"2025-06-13T10:14:57","slug":"ines-maria-fresno-basulto","status":"publish","type":"page","link":"https:\/\/nuevo-renacer.com\/tr\/ines-maria-fresno-basulto\/","title":{"rendered":"In\u00e9s Mar\u00eda Fresno Basulto"},"content":{"rendered":"<div class=\"wp-block-uagb-container uagb-block-4941b2b2 alignfull uagb-is-root-container\"><div class=\"uagb-container-inner-blocks-wrap\">\n<p class=\"has-black-color has-text-color has-link-color has-medium-font-size wp-elements-a638549be2b15ca0d18641918c75f40e\"><strong>In\u00e9s Mar\u00eda Fresno Basulto<\/strong><\/p>\n<\/div><\/div>\n\n\n\n<div class=\"wp-block-uagb-container uagb-block-f3daf188 alignfull uagb-is-root-container\"><div class=\"uagb-container-inner-blocks-wrap\">\n<div class=\"wp-block-uagb-image alignleft uagb-block-c63533ff wp-block-uagb-image--layout-default wp-block-uagb-image--effect-static wp-block-uagb-image--align-left\"><figure class=\"wp-block-uagb-image__figure\"><img loading=\"lazy\" decoding=\"async\" srcset=\"https:\/\/nuevo-renacer.com\/wp-content\/uploads\/2024\/07\/414933336_350714811236664_2535563550656942028_n-1-edited.jpg ,https:\/\/ufec-mundial.com\/wp-content\/uploads\/2024\/07\/414933336_350714811236664_2535563550656942028_n-1-edited.jpg 780w, https:\/\/nuevo-renacer.com\/wp-content\/uploads\/2024\/07\/414933336_350714811236664_2535563550656942028_n-1-edited.jpg 360w\" sizes=\"auto, (max-width: 480px) 150px\" src=\"https:\/\/nuevo-renacer.com\/wp-content\/uploads\/2024\/07\/414933336_350714811236664_2535563550656942028_n-1-edited.jpg\" alt=\"\" class=\"uag-image-3085\" width=\"226\" height=\"301\" title=\"414933336_350714811236664_2535563550656942028_n-1\" role=\"img\"\/><\/figure><\/div>\n<\/div><\/div>\n\n\n\n<div class=\"wp-block-uagb-container uagb-block-8a540e41 alignfull uagb-is-root-container\"><div class=\"uagb-container-inner-blocks-wrap\">\n<p class=\"has-black-color has-text-color has-link-color has-small-font-size wp-elements-f916ed96327d46073ac41164221e9c97\">Ruh\u00e7u medyum In\u00e9s Mar\u00eda Fresno Basulto, Mamb\u00ed Don Lorenzo Cruz'un 1903 y\u0131l\u0131nda kurdu\u011fu ve halen faaliyette olan Amalia Domingo Soler Ruh\u00e7u Cemiyeti'nin \u00e7al\u0131\u015fmalar\u0131n\u0131 devam ettiren ve 2011 y\u0131l\u0131ndaki \u00f6l\u00fcm\u00fcne kadar bu cemiyetin y\u00f6netimini \u00fcstlenen ki\u015fidir. Ocak 1948'de, Santiago de Cuba'daki Do\u011fu Ruh\u00e7u Sosyal Birli\u011fi'nin o zamanki ba\u015fkan\u0131n\u0131n iste\u011fi \u00fczerine, aralar\u0131nda a\u015fa\u011f\u0131dakilerin \u00f6ne \u00e7\u0131kt\u0131\u011f\u0131 bir dizi medyumluk \u00e7al\u0131\u015fmas\u0131 yay\u0131nlad\u0131:<\/p>\n\n\n\n<p class=\"has-black-color has-text-color has-link-color has-small-font-size wp-elements-898698984cd1635f448e31918f2a669d\">\u201cGen\u00e7 \u0130ntihar Julia Hernandez'in Hikayesi\u201d Uzaydan gelen bir varl\u0131k taraf\u0131ndan dikte edilen di\u011fer varolu\u015flar\u0131n if\u015falar\u0131. Orada \u015f\u00f6yle diyor: \u201cRuh\u00e7ulu\u011fu vaaz etme ve uygulama g\u00f6revini kabul ettim. O zamandan beri kendimi, insanl\u0131ktan uzak olmayan, ancak ya\u015famlar\u0131m\u0131z\u0131n ve m\u00fccadelelerimizin s\u00fcrekli ba\u011flant\u0131s\u0131 olan bir d\u00fcnyan\u0131n sakinlerinin tezah\u00fcrlerini d\u0131\u015fsalla\u015ft\u0131rmaya adad\u0131m (...) Kendimi, ayn\u0131 bi\u00e7imde yay\u0131nlayaca\u011f\u0131m bir serinin ilki olan bu k\u00fc\u00e7\u00fck ciltte yer alan her \u015feyin dikte edildi\u011fi bir Ruh\u00e7u ve ayn\u0131 zamanda medyumistik bir ara\u00e7 olarak ilan ediyorum\u201d. <\/p>\n\n\n\n<p class=\"has-black-color has-text-color has-link-color has-small-font-size wp-elements-508e5f8a2c4930e44b31ae39650a97a4\">Yay\u0131nlanm\u0131\u015f di\u011fer eserleri: \u201cGe\u00e7mi\u015fin ger\u00e7ekleri bize bug\u00fcn\u00fc g\u00f6sterir\u201d. \u201cD\u00fcn anne babas\u0131n\u0131n dilenci o\u011flu olan bug\u00fcn kimdir?\u201d Periodico Espiritista Uni\u00f3n Social'\u0131n direkt\u00f6r\u00fc Enrique Rosell Carbo, ruh\u00e7u e\u011fitiminin kan\u0131tlar\u0131 ve medyumluk \u00fcretimlerinin ger\u00e7ekli\u011fi temelinde onu onaylad\u0131: <\/p>\n\n\n\n<p class=\"has-black-color has-text-color has-link-color has-small-font-size wp-elements-adb0439d4aa55cf4b18c318e350496ae\">\u201c\u015eimdi, uzun y\u0131llard\u0131r azimle \u00e7al\u0131\u015fan \"Uni\u00f3n Social Espiritista de Oriente\", K\u00fcba'n\u0131n ve d\u00fcnyan\u0131n ruhanilerine, kat etti\u011fi yolda \u00e7ok az ki\u015finin ba\u015farabildi\u011fini ba\u015faran Doktrin'in pozitif de\u011ferlerini sunmaya ba\u015fl\u0131yor.<\/p>\n<\/div><\/div>\n\n\n\t\t\t\t\t<div\n\t\t\t\t\t\tclass=\"wp-block-uagb-image-gallery uagb-block-dcfe3b74\"\n\t\t\t\t\t\tstyle=\"\"\n\t\t\t\t\t>\n\t\t\t\t\t\t\t\t\t\t\t<div class=\"spectra-image-gallery spectra-image-gallery__layout--grid spectra-image-gallery__layout--grid-col-2 spectra-image-gallery__layout--grid-col-tab-2 spectra-image-gallery__layout--grid-col-mob-2\">\n\t\t\t\t\t\t\t\t\t\t\t<div class='spectra-image-gallery__media-wrapper' data-spectra-gallery-image-id='2810' tabindex=\"0\">\n\t\t\t\t\t\t\t<div class=\"spectra-image-gallery__media spectra-image-gallery__media--grid\">\n\t\t\t\t<picture>\n\t\t\t\t\t<source media=\"(min-width: 1024px)\" srcset=\"https:\/\/nuevo-renacer.com\/wp-content\/uploads\/2024\/06\/416133729_350714904569988_5413494164462572334_n-768x1024.jpg\">\n\t\t\t\t\t<source media=\"(min-width: 768px)\" srcset=\"https:\/\/nuevo-renacer.com\/wp-content\/uploads\/2024\/06\/416133729_350714904569988_5413494164462572334_n-768x1024.jpg\">\n\t\t\t\t\t<img decoding=\"async\" class=\"spectra-image-gallery__media-thumbnail spectra-image-gallery__media-thumbnail--grid\" src=\"https:\/\/nuevo-renacer.com\/wp-content\/uploads\/2024\/06\/416133729_350714904569988_5413494164462572334_n-225x300.jpg\" alt=\"\" loading=\"lazy\" \/>\n\t\t\t\t<\/picture>\n\t\t\t\t<div class=\"spectra-image-gallery__media-thumbnail-blurrer\"><\/div>\n\t\t\t\t\t\t\t\t\t\t\t<div class=\"spectra-image-gallery__media-thumbnail-caption-wrapper spectra-image-gallery__media-thumbnail-caption-wrapper--overlay\"><\/div>\n\t\t\t\t\t\t\t\t<\/div>\n\t\t\t\t\t\t<\/div>\n\t\t\t\t\t\t<div class='spectra-image-gallery__media-wrapper' data-spectra-gallery-image-id='2809' tabindex=\"0\">\n\t\t\t\t\t\t\t<div class=\"spectra-image-gallery__media spectra-image-gallery__media--grid\">\n\t\t\t\t<picture>\n\t\t\t\t\t<source media=\"(min-width: 1024px)\" srcset=\"https:\/\/nuevo-renacer.com\/wp-content\/uploads\/2024\/06\/414946855_350714877903324_8008959222200556694_n-768x1024.jpg\">\n\t\t\t\t\t<source media=\"(min-width: 768px)\" srcset=\"https:\/\/nuevo-renacer.com\/wp-content\/uploads\/2024\/06\/414946855_350714877903324_8008959222200556694_n-768x1024.jpg\">\n\t\t\t\t\t<img decoding=\"async\" class=\"spectra-image-gallery__media-thumbnail spectra-image-gallery__media-thumbnail--grid\" src=\"https:\/\/nuevo-renacer.com\/wp-content\/uploads\/2024\/06\/414946855_350714877903324_8008959222200556694_n-225x300.jpg\" alt=\"\" loading=\"lazy\" \/>\n\t\t\t\t<\/picture>\n\t\t\t\t<div class=\"spectra-image-gallery__media-thumbnail-blurrer\"><\/div>\n\t\t\t\t\t\t\t\t\t\t\t<div class=\"spectra-image-gallery__media-thumbnail-caption-wrapper spectra-image-gallery__media-thumbnail-caption-wrapper--overlay\"><\/div>\n\t\t\t\t\t\t\t\t<\/div>\n\t\t\t\t\t\t<\/div>\n\t\t\t\t\t\t\t\t\t\t<\/div>\n\t\t\t\t\t\t\t\t\t\t\t\t\t\t\t\t\t\t<\/div>\n\t\t\t\t\t\t\t\t\t\t\t<div class='spectra-image-gallery__control-lightbox' tabindex='0'>\n\t\t\t\t\t\t\t\t\t\t\t<div class=\"swiper spectra-image-gallery__control-lightbox--main\" dir=\"\">\n\t\t\t\t\t<div class=\"swiper-wrapper\">\n\t\t\t\t\t\t\t\t\t\t\t\t\t\n\t\t\t\t\t\t\t<div class=\"swiper-slide\">\n\t\t\t\t\t\t\t\t<img class=\"swiper-lazy\" data-src=\"https:\/\/nuevo-renacer.com\/wp-content\/uploads\/2024\/06\/416133729_350714904569988_5413494164462572334_n.jpg\" alt=\"\"\/>\n\t\t\t\t\t\t\t\t<div class=\"swiper-lazy-preloader swiper-lazy-preloader-white\"><\/div>\n\t\t\t\t\t\t\t\t\t\t\t\t\t\t\t<\/div>\n\t\t\t\t\t\t\t\t\t\t\t\t\t\n\t\t\t\t\t\t\t<div class=\"swiper-slide\">\n\t\t\t\t\t\t\t\t<img class=\"swiper-lazy\" data-src=\"https:\/\/nuevo-renacer.com\/wp-content\/uploads\/2024\/06\/414946855_350714877903324_8008959222200556694_n.jpg\" alt=\"\"\/>\n\t\t\t\t\t\t\t\t<div class=\"swiper-lazy-preloader swiper-lazy-preloader-white\"><\/div>\n\t\t\t\t\t\t\t\t\t\t\t\t\t\t\t<\/div>\n\t\t\t\t\t\t\t\t\t\t\t<\/div>\n\t\t\t\t\t<div class=\"swiper-button-next\"><\/div>\n\t\t\t\t\t<div class=\"swiper-button-prev\"><\/div>\n\t\t\t\t<\/div>\t\t\t\n\t\t\t\t\t\t\t\t\t\t\t\t\t\t\t\t\t\t\t\t\t\t\t\t\t\t\t\t\t\t\t\t<button class='spectra-image-gallery__control-lightbox--close' aria-label=\"Kapatma\">\n\t\t\t\t\t\t\t\t\t\t\t\t\t<svg xmlns=\"https:\/\/www.w3.org\/2000\/svg\" viewbox= \"0 0 320 512\"><path d=\"M310.6 361.4c12.5 12.5 12.5 32.75 0 45.25C304.4 412.9 296.2 416 288 416s-16.38-3.125-22.62-9.375L160 301.3L54.63 406.6C48.38 412.9 40.19 416 32 416S15.63 412.9 9.375 406.6c-12.5-12.5-12.5-32.75 0-45.25l105.4-105.4L9.375 150.6c-12.5-12.5-12.5-32.75 0-45.25s32.75-12.5 45.25 0L160 210.8l105.4-105.4c12.5-12.5 32.75-12.5 45.25 0s12.5 32.75 0 45.25l-105.4 105.4L310.6 361.4z\"><\/path><\/svg>\n\t\t\t\t\t\t\t\t\t\t\t\t<\/button>\n\t\t\t\t\t\t\t\t\t\t\t\t\t<\/div>","protected":false},"excerpt":{"rendered":"<p>In\u00e9s Mar\u00eda Fresno Basulto La m\u00e9dium espiritista In\u00e9s Mar\u00eda Fresno Basulto fue quien ha dado continuidad a la labor desempe\u00f1ada por el mamb\u00ed Don Lorenzo Cruz al fundar la Sociedad Esp\u00edrita Amalia Domingo Soler en 1903, aun en funcionamiento, asumiera la direcci\u00f3n de la misma hasta su desencarnaci\u00f3n en el a\u00f1o 2011. En enero de [&hellip;]<\/p>","protected":false},"author":1,"featured_media":0,"parent":0,"menu_order":0,"comment_status":"closed","ping_status":"closed","template":"","meta":{"_uag_custom_page_level_css":"","site-sidebar-layout":"default","site-content-layout":"","ast-site-content-layout":"default","site-content-style":"default","site-sidebar-style":"default","ast-global-header-display":"","ast-banner-title-visibility":"","ast-main-header-display":"","ast-hfb-above-header-display":"","ast-hfb-below-header-display":"","ast-hfb-mobile-header-display":"","site-post-title":"disabled","ast-breadcrumbs-content":"","ast-featured-img":"","footer-sml-layout":"","theme-transparent-header-meta":"","adv-header-id-meta":"","stick-header-meta":"","header-above-stick-meta":"","header-main-stick-meta":"","header-below-stick-meta":"","astra-migrate-meta-layouts":"set","ast-page-background-enabled":"default","ast-page-background-meta":{"desktop":{"background-color":"var(--ast-global-color-4)","background-image":"","background-repeat":"repeat","background-position":"center center","background-size":"auto","background-attachment":"scroll","background-type":"","background-media":"","overlay-type":"","overlay-color":"","overlay-opacity":"","overlay-gradient":""},"tablet":{"background-color":"","background-image":"","background-repeat":"repeat","background-position":"center center","background-size":"auto","background-attachment":"scroll","background-type":"","background-media":"","overlay-type":"","overlay-color":"","overlay-opacity":"","overlay-gradient":""},"mobile":{"background-color":"","background-image":"","background-repeat":"repeat","background-position":"center center","background-size":"auto","background-attachment":"scroll","background-type":"","background-media":"","overlay-type":"","overlay-color":"","overlay-opacity":"","overlay-gradient":""}},"ast-content-background-meta":{"desktop":{"background-color":"var(--ast-global-color-5)","background-image":"","background-repeat":"repeat","background-position":"center center","background-size":"auto","background-attachment":"scroll","background-type":"","background-media":"","overlay-type":"","overlay-color":"","overlay-opacity":"","overlay-gradient":""},"tablet":{"background-color":"var(--ast-global-color-5)","background-image":"","background-repeat":"repeat","background-position":"center center","background-size":"auto","background-attachment":"scroll","background-type":"","background-media":"","overlay-type":"","overlay-color":"","overlay-opacity":"","overlay-gradient":""},"mobile":{"background-color":"var(--ast-global-color-5)","background-image":"","background-repeat":"repeat","background-position":"center center","background-size":"auto","background-attachment":"scroll","background-type":"","background-media":"","overlay-type":"","overlay-color":"","overlay-opacity":"","overlay-gradient":""}},"footnotes":""},"class_list":["post-3083","page","type-page","status-publish","hentry"],"yoast_head":"<!-- This site is optimized with the Yoast SEO Premium plugin v24.2 (Yoast SEO v24.6) - https:\/\/yoast.com\/wordpress\/plugins\/seo\/ -->\n<title>In\u00e9s Mar\u00eda Fresno Basulto - Uni\u00f3n Esp\u00edrita<\/title>\n<meta name=\"robots\" content=\"index, follow, max-snippet:-1, max-image-preview:large, max-video-preview:-1\" \/>\n<link rel=\"canonical\" href=\"https:\/\/nuevo-renacer.com\/tr\/ines-maria-fresno-basulto\/\" \/>\n<meta property=\"og:locale\" content=\"tr_TR\" \/>\n<meta property=\"og:type\" content=\"article\" \/>\n<meta property=\"og:title\" content=\"In\u00e9s Mar\u00eda Fresno Basulto\" \/>\n<meta property=\"og:description\" content=\"In\u00e9s Mar\u00eda Fresno Basulto La m\u00e9dium espiritista In\u00e9s Mar\u00eda Fresno Basulto fue quien ha dado continuidad a la labor desempe\u00f1ada por el mamb\u00ed Don Lorenzo Cruz al fundar la Sociedad Esp\u00edrita Amalia Domingo Soler en 1903, aun en funcionamiento, asumiera la direcci\u00f3n de la misma hasta su desencarnaci\u00f3n en el a\u00f1o 2011. En enero de [&hellip;]\" \/>\n<meta property=\"og:url\" content=\"https:\/\/nuevo-renacer.com\/tr\/ines-maria-fresno-basulto\/\" \/>\n<meta property=\"og:site_name\" content=\"Uni\u00f3n Esp\u00edrita\" \/>\n<meta property=\"article:publisher\" content=\"https:\/\/www.facebook.com\/groups\/3431398063740829\" \/>\n<meta property=\"article:modified_time\" content=\"2025-06-13T10:14:57+00:00\" \/>\n<meta property=\"og:image\" content=\"https:\/\/nuevo-renacer.com\/wp-content\/uploads\/2024\/07\/414933336_350714811236664_2535563550656942028_n-1-edited.jpg\" \/>\n<meta name=\"twitter:card\" content=\"summary_large_image\" \/>\n<meta name=\"twitter:label1\" content=\"Tahmini okuma s\u00fcresi\" \/>\n\t<meta name=\"twitter:data1\" content=\"2 dakika\" \/>\n<script type=\"application\/ld+json\" class=\"yoast-schema-graph\">{\"@context\":\"https:\/\/schema.org\",\"@graph\":[{\"@type\":\"WebPage\",\"@id\":\"https:\/\/nuevo-renacer.com\/ines-maria-fresno-basulto\/\",\"url\":\"https:\/\/nuevo-renacer.com\/ines-maria-fresno-basulto\/\",\"name\":\"In\u00e9s Mar\u00eda Fresno Basulto - Uni\u00f3n Esp\u00edrita\",\"isPartOf\":{\"@id\":\"https:\/\/nuevo-renacer.com\/#website\"},\"primaryImageOfPage\":{\"@id\":\"https:\/\/nuevo-renacer.com\/ines-maria-fresno-basulto\/#primaryimage\"},\"image\":{\"@id\":\"https:\/\/nuevo-renacer.com\/ines-maria-fresno-basulto\/#primaryimage\"},\"thumbnailUrl\":\"https:\/\/nuevo-renacer.com\/wp-content\/uploads\/2024\/07\/414933336_350714811236664_2535563550656942028_n-1-edited.jpg\",\"datePublished\":\"2024-07-06T11:45:06+00:00\",\"dateModified\":\"2025-06-13T10:14:57+00:00\",\"breadcrumb\":{\"@id\":\"https:\/\/nuevo-renacer.com\/ines-maria-fresno-basulto\/#breadcrumb\"},\"inLanguage\":\"tr\",\"potentialAction\":[{\"@type\":\"ReadAction\",\"target\":[\"https:\/\/nuevo-renacer.com\/ines-maria-fresno-basulto\/\"]}]},{\"@type\":\"ImageObject\",\"inLanguage\":\"tr\",\"@id\":\"https:\/\/nuevo-renacer.com\/ines-maria-fresno-basulto\/#primaryimage\",\"url\":\"https:\/\/nuevo-renacer.com\/wp-content\/uploads\/2024\/07\/414933336_350714811236664_2535563550656942028_n-1-edited.jpg\",\"contentUrl\":\"https:\/\/nuevo-renacer.com\/wp-content\/uploads\/2024\/07\/414933336_350714811236664_2535563550656942028_n-1-edited.jpg\"},{\"@type\":\"BreadcrumbList\",\"@id\":\"https:\/\/nuevo-renacer.com\/ines-maria-fresno-basulto\/#breadcrumb\",\"itemListElement\":[{\"@type\":\"ListItem\",\"position\":1,\"name\":\"Startseite\",\"item\":\"https:\/\/nuevo-renacer.com\/\"},{\"@type\":\"ListItem\",\"position\":2,\"name\":\"In\u00e9s Mar\u00eda Fresno Basulto\"}]},{\"@type\":\"WebSite\",\"@id\":\"https:\/\/nuevo-renacer.com\/#website\",\"url\":\"https:\/\/nuevo-renacer.com\/\",\"name\":\"Uni\u00f3n Esp\u00edrita\",\"description\":\"Nuevo Renacer\",\"publisher\":{\"@id\":\"https:\/\/nuevo-renacer.com\/#organization\"},\"potentialAction\":[{\"@type\":\"SearchAction\",\"target\":{\"@type\":\"EntryPoint\",\"urlTemplate\":\"https:\/\/nuevo-renacer.com\/?s={search_term_string}\"},\"query-input\":{\"@type\":\"PropertyValueSpecification\",\"valueRequired\":true,\"valueName\":\"search_term_string\"}}],\"inLanguage\":\"tr\"},{\"@type\":\"Organization\",\"@id\":\"https:\/\/nuevo-renacer.com\/#organization\",\"name\":\"UFEC\",\"url\":\"https:\/\/nuevo-renacer.com\/\",\"logo\":{\"@type\":\"ImageObject\",\"inLanguage\":\"tr\",\"@id\":\"https:\/\/nuevo-renacer.com\/#\/schema\/logo\/image\/\",\"url\":\"https:\/\/nuevo-renacer.com\/wp-content\/uploads\/2024\/05\/cropped-LOGO-TERMINADO1-3-3.png\",\"contentUrl\":\"https:\/\/nuevo-renacer.com\/wp-content\/uploads\/2024\/05\/cropped-LOGO-TERMINADO1-3-3.png\",\"width\":512,\"height\":512,\"caption\":\"UFEC\"},\"image\":{\"@id\":\"https:\/\/nuevo-renacer.com\/#\/schema\/logo\/image\/\"},\"sameAs\":[\"https:\/\/www.facebook.com\/groups\/3431398063740829\"]}]}<\/script>\n<!-- \/ Yoast SEO Premium plugin. -->","yoast_head_json":{"title":"In\u00e9s Mar\u00eda Fresno Basulto - Uni\u00f3n Esp\u00edrita","robots":{"index":"index","follow":"follow","max-snippet":"max-snippet:-1","max-image-preview":"max-image-preview:large","max-video-preview":"max-video-preview:-1"},"canonical":"https:\/\/nuevo-renacer.com\/tr\/ines-maria-fresno-basulto\/","og_locale":"tr_TR","og_type":"article","og_title":"In\u00e9s Mar\u00eda Fresno Basulto","og_description":"In\u00e9s Mar\u00eda Fresno Basulto La m\u00e9dium espiritista In\u00e9s Mar\u00eda Fresno Basulto fue quien ha dado continuidad a la labor desempe\u00f1ada por el mamb\u00ed Don Lorenzo Cruz al fundar la Sociedad Esp\u00edrita Amalia Domingo Soler en 1903, aun en funcionamiento, asumiera la direcci\u00f3n de la misma hasta su desencarnaci\u00f3n en el a\u00f1o 2011. En enero de [&hellip;]","og_url":"https:\/\/nuevo-renacer.com\/tr\/ines-maria-fresno-basulto\/","og_site_name":"Uni\u00f3n Esp\u00edrita","article_publisher":"https:\/\/www.facebook.com\/groups\/3431398063740829","article_modified_time":"2025-06-13T10:14:57+00:00","og_image":[{"url":"https:\/\/nuevo-renacer.com\/wp-content\/uploads\/2024\/07\/414933336_350714811236664_2535563550656942028_n-1-edited.jpg","type":"","width":"","height":""}],"twitter_card":"summary_large_image","twitter_misc":{"Tahmini okuma s\u00fcresi":"2 dakika"},"schema":{"@context":"https:\/\/schema.org","@graph":[{"@type":"WebPage","@id":"https:\/\/nuevo-renacer.com\/ines-maria-fresno-basulto\/","url":"https:\/\/nuevo-renacer.com\/ines-maria-fresno-basulto\/","name":"In\u00e9s Mar\u00eda Fresno Basulto - Uni\u00f3n Esp\u00edrita","isPartOf":{"@id":"https:\/\/nuevo-renacer.com\/#website"},"primaryImageOfPage":{"@id":"https:\/\/nuevo-renacer.com\/ines-maria-fresno-basulto\/#primaryimage"},"image":{"@id":"https:\/\/nuevo-renacer.com\/ines-maria-fresno-basulto\/#primaryimage"},"thumbnailUrl":"https:\/\/nuevo-renacer.com\/wp-content\/uploads\/2024\/07\/414933336_350714811236664_2535563550656942028_n-1-edited.jpg","datePublished":"2024-07-06T11:45:06+00:00","dateModified":"2025-06-13T10:14:57+00:00","breadcrumb":{"@id":"https:\/\/nuevo-renacer.com\/ines-maria-fresno-basulto\/#breadcrumb"},"inLanguage":"tr","potentialAction":[{"@type":"ReadAction","target":["https:\/\/nuevo-renacer.com\/ines-maria-fresno-basulto\/"]}]},{"@type":"ImageObject","inLanguage":"tr","@id":"https:\/\/nuevo-renacer.com\/ines-maria-fresno-basulto\/#primaryimage","url":"https:\/\/nuevo-renacer.com\/wp-content\/uploads\/2024\/07\/414933336_350714811236664_2535563550656942028_n-1-edited.jpg","contentUrl":"https:\/\/nuevo-renacer.com\/wp-content\/uploads\/2024\/07\/414933336_350714811236664_2535563550656942028_n-1-edited.jpg"},{"@type":"BreadcrumbList","@id":"https:\/\/nuevo-renacer.com\/ines-maria-fresno-basulto\/#breadcrumb","itemListElement":[{"@type":"ListItem","position":1,"name":"Startseite","item":"https:\/\/nuevo-renacer.com\/"},{"@type":"ListItem","position":2,"name":"In\u00e9s Mar\u00eda Fresno Basulto"}]},{"@type":"WebSite","@id":"https:\/\/nuevo-renacer.com\/#website","url":"https:\/\/nuevo-renacer.com\/","name":"Uni\u00f3n Esp\u00edrita","description":"Nuevo Renacer","publisher":{"@id":"https:\/\/nuevo-renacer.com\/#organization"},"potentialAction":[{"@type":"SearchAction","target":{"@type":"EntryPoint","urlTemplate":"https:\/\/nuevo-renacer.com\/?s={search_term_string}"},"query-input":{"@type":"PropertyValueSpecification","valueRequired":true,"valueName":"search_term_string"}}],"inLanguage":"tr"},{"@type":"Organization","@id":"https:\/\/nuevo-renacer.com\/#organization","name":"UFEC","url":"https:\/\/nuevo-renacer.com\/","logo":{"@type":"ImageObject","inLanguage":"tr","@id":"https:\/\/nuevo-renacer.com\/#\/schema\/logo\/image\/","url":"https:\/\/nuevo-renacer.com\/wp-content\/uploads\/2024\/05\/cropped-LOGO-TERMINADO1-3-3.png","contentUrl":"https:\/\/nuevo-renacer.com\/wp-content\/uploads\/2024\/05\/cropped-LOGO-TERMINADO1-3-3.png","width":512,"height":512,"caption":"UFEC"},"image":{"@id":"https:\/\/nuevo-renacer.com\/#\/schema\/logo\/image\/"},"sameAs":["https:\/\/www.facebook.com\/groups\/3431398063740829"]}]}},"uagb_featured_image_src":{"full":false,"thumbnail":false,"medium":false,"medium_large":false,"large":false,"1536x1536":false,"2048x2048":false,"trp-custom-language-flag":false},"uagb_author_info":{"display_name":"adbv0","author_link":"https:\/\/nuevo-renacer.com\/tr\/author\/adbv0\/"},"uagb_comment_info":0,"uagb_excerpt":"In\u00e9s Mar\u00eda Fresno Basulto La m\u00e9dium espiritista In\u00e9s Mar\u00eda Fresno Basulto fue quien ha dado continuidad a la labor desempe\u00f1ada por el mamb\u00ed Don Lorenzo Cruz al fundar la Sociedad Esp\u00edrita Amalia Domingo Soler en 1903, aun en funcionamiento, asumiera la direcci\u00f3n de la misma hasta su desencarnaci\u00f3n en el a\u00f1o 2011. En enero de&hellip;","jetpack_sharing_enabled":true,"_links":{"self":[{"href":"https:\/\/nuevo-renacer.com\/tr\/wp-json\/wp\/v2\/pages\/3083","targetHints":{"allow":["GET"]}}],"collection":[{"href":"https:\/\/nuevo-renacer.com\/tr\/wp-json\/wp\/v2\/pages"}],"about":[{"href":"https:\/\/nuevo-renacer.com\/tr\/wp-json\/wp\/v2\/types\/page"}],"author":[{"embeddable":true,"href":"https:\/\/nuevo-renacer.com\/tr\/wp-json\/wp\/v2\/users\/1"}],"replies":[{"embeddable":true,"href":"https:\/\/nuevo-renacer.com\/tr\/wp-json\/wp\/v2\/comments?post=3083"}],"version-history":[{"count":3,"href":"https:\/\/nuevo-renacer.com\/tr\/wp-json\/wp\/v2\/pages\/3083\/revisions"}],"predecessor-version":[{"id":8334,"href":"https:\/\/nuevo-renacer.com\/tr\/wp-json\/wp\/v2\/pages\/3083\/revisions\/8334"}],"wp:attachment":[{"href":"https:\/\/nuevo-renacer.com\/tr\/wp-json\/wp\/v2\/media?parent=3083"}],"curies":[{"name":"wp","href":"https:\/\/api.w.org\/{rel}","templated":true}]}}