{"id":3070,"date":"2024-07-06T11:32:18","date_gmt":"2024-07-06T11:32:18","guid":{"rendered":"https:\/\/ufec-mundial.com\/?page_id=3070"},"modified":"2025-06-13T10:10:20","modified_gmt":"2025-06-13T10:10:20","slug":"francisco-peixoto-lins","status":"publish","type":"page","link":"https:\/\/nuevo-renacer.com\/tr\/francisco-peixoto-lins\/","title":{"rendered":"Francisco Peixoto Lins"},"content":{"rendered":"<div class=\"wp-block-uagb-container uagb-block-93c301d2 alignfull uagb-is-root-container\"><div class=\"uagb-container-inner-blocks-wrap\">\n<p class=\"has-black-color has-text-color has-link-color has-medium-font-size wp-elements-55c713e62e0a139389aa2ea37f972aa5\"><strong>Francisco Peixoto Lins<\/strong>&nbsp;<\/p>\n<\/div><\/div>\n\n\n\n<div class=\"wp-block-uagb-container uagb-block-69efe0f9 alignfull uagb-is-root-container\"><div class=\"uagb-container-inner-blocks-wrap\">\n<div class=\"wp-block-uagb-image alignleft uagb-block-9840d3e4 wp-block-uagb-image--layout-default wp-block-uagb-image--effect-static wp-block-uagb-image--align-left\"><figure class=\"wp-block-uagb-image__figure\"><img loading=\"lazy\" decoding=\"async\" srcset=\"https:\/\/nuevo-renacer.com\/wp-content\/uploads\/2024\/07\/peixotinho_1-1.jpg ,https:\/\/ufec-mundial.com\/wp-content\/uploads\/2024\/07\/peixotinho_1-1.jpg 780w, https:\/\/nuevo-renacer.com\/wp-content\/uploads\/2024\/07\/peixotinho_1-1.jpg 360w\" sizes=\"auto, (max-width: 480px) 150px\" src=\"https:\/\/nuevo-renacer.com\/wp-content\/uploads\/2024\/07\/peixotinho_1-1.jpg\" alt=\"\" class=\"uag-image-3073\" width=\"300\" height=\"360\" title=\"peixotinho_1-1\" role=\"img\"\/><\/figure><\/div>\n<\/div><\/div>\n\n\n\n<div class=\"wp-block-uagb-container uagb-block-5c923011 alignfull uagb-is-root-container\"><div class=\"uagb-container-inner-blocks-wrap\">\n<p class=\"has-black-color has-text-color has-link-color has-small-font-size wp-elements-74ffe7d6e56c869171d71325d554602a\">Peixotinho, ona sevgiyle hitap etti\u011fimiz gibi, \u00f6zellikle fiziksel etkilerin bir arac\u0131 olarak Brezilya&#039;n\u0131n en \u00fcnl\u00fc ortamlar\u0131ndan biriydi. Tam ad\u0131 Francisco Peixoto Lins. 1 \u015eubat 1905&#039;te Cear\u00e1 eyaleti (sevilen Bezerra de Menezes&#039;in ayn\u0131s\u0131) Pacatuba \u015fehrinde ve 16 Haziran 1966&#039;da Brezilya&#039;n\u0131n Rio de Janeiro eyaletindeki Tarlalarda desencarn\u00f3&#039;da do\u011fdu.&nbsp;<\/p>\n\n\n\n<p class=\"has-black-color has-text-color has-link-color has-small-font-size wp-elements-4b553512f6c1981a624b07e77dda7938\">Hayat\u0131, t\u00fcm b\u00fcy\u00fck adamlar\u0131nki gibi, zorluklarla \u00e7evriliydi. Ya\u015fam\u0131n rahats\u0131zl\u0131klar\u0131n\u0131n, ruh D\u00fcnyas\u0131n\u0131n bizi Ruhlar\u0131m\u0131z\u0131 iyile\u015ftirmeye, g\u00fc\u00e7lendirmeye ve inanc\u0131m\u0131z\u0131 test etmeye g\u00f6nderdi\u011finin kan\u0131t\u0131 oldu\u011funu hat\u0131rlay\u0131n. \u00c7ocuklu\u011funu, annesinin \u00e7ocukken bedeninden ayr\u0131ld\u0131\u011f\u0131 gibi, amcalar\u0131n\u0131n sevgisiyle \u00e7evrili Fortaleza \u015fehrinde ge\u00e7irdi. On d\u00f6rt ya\u015f\u0131ndayken a\u011fa\u00e7lardan kau\u00e7uk toplay\u0131c\u0131s\u0131 olarak i\u015f aramak i\u00e7in Amazon&#039;a ta\u015f\u0131nd\u0131. Lastik ve plastik gibi yeni e\u015fyalar\u0131n yap\u0131m\u0131nda bu malzemenin doruk noktas\u0131yd\u0131. Bu d\u00f6nemde servet Brezilya&#039;ya yay\u0131lm\u0131\u015ft\u0131r.&nbsp;<\/p>\n\n\n\n<p class=\"has-black-color has-text-color has-link-color has-small-font-size wp-elements-9acbf2290720e9a9535b7feab210128c\">Orada, ormanda, \u00e7ok \u00e7al\u0131\u015ft\u0131\u011f\u0131 i\u00e7in, karaktere damgas\u0131n\u0131 vuran hem fiziksel hem de duygusal dezavantajlar ya\u015fad\u0131. Birka\u00e7 y\u0131l sonra memleketi Cear\u00e1&#039;ya d\u00f6nd\u00fc ve g\u00f6r\u00fcn\u00fc\u015fe g\u00f6re uykuda olan medyumlu\u011fu geldi. \u0130lk ba\u015fta korktu, ona ne oldu\u011funu bilmiyordu. Kendilerini takip eden Ruhlar taraf\u0131ndan ku\u015fat\u0131lm\u0131\u015f hissetti. Delirmekten korkuyor. Bu ac\u0131 seslerine ve \u015fekillerin vizyonuna ek olarak, alt ekstremitelerde ani bir fel\u00e7 ge\u00e7irdi.&nbsp;<\/p>\n\n\n\n<p class=\"has-black-color has-text-color has-link-color has-small-font-size wp-elements-325c4c014ca03be98f556305da6c8ed1\">\u00c7ok katolik olan ailesi, her seferinde daha ciddi Peixotinho olan sa\u011fl\u0131k sorunlar\u0131n\u0131 \u00e7\u00f6zmek i\u00e7in Maneviyata ba\u015fvurmak istemedi. Durumu her ge\u00e7en g\u00fcn daha da k\u00f6t\u00fcle\u015ferek kendisinden ve ailesinden umutsuzlu\u011fa kap\u0131ld\u0131. Ancak bir g\u00fcn evine, zorluklar\u0131n\u0131 bilen bir grup i\u015f\u00e7i esp\u00edritas geldi. Onlar &#034;Cear\u00e1 eyaleti Federasyon Ruh\u00e7usu&#034; na aitti\u201d Ge\u00e7i\u015fler, dualar ve akan su ile onu i\u015fkence g\u00f6ren Ruh hastalar\u0131ndan kurtard\u0131lar. Bu a\u00e7\u0131k bir saplant\u0131 vakas\u0131yd\u0131.&nbsp;<\/p>\n\n\n\n<p class=\"has-black-color has-text-color has-link-color has-small-font-size wp-elements-d2e7267186bb728a6e69348426131c9e\">O zamanlar Peixotinho Maneviyat\u0131 biliyordu ve \u0130yi haber Doktrinini incelemeye ba\u015flad\u0131. Ayr\u0131ca bu reenkarnasyonu getiren medyumlu\u011fu \u00f6\u011frenir ve onu hak etti\u011fi onurla kullanmak i\u00e7in \u00e7al\u0131\u015fmaya ba\u015flar. 1926&#039;da \u00fclkenin ba\u015fkenti olan Rio de Janeiro&#039;ya ta\u015f\u0131nd\u0131 ve orduya kat\u0131ld\u0131. Ordudaki yeni kariyeriniz nedeniyle Brezilya&#039;n\u0131n farkl\u0131 yerlerinde ya\u015fayarak birka\u00e7 kez transfer edildi.&nbsp;<\/p>\n\n\n\n<p class=\"has-black-color has-text-color has-link-color has-small-font-size wp-elements-af14c7861b81125fcb60f0b5820c2d08\">1933&#039;te Benedita (Bebek) Vieira ile evlendi ve g\u00fczel bir H\u0131ristiyan aile olu\u015fturan 9 \u00e7ocu\u011fu oldu. Gitti\u011fi \u015fehirlerin her birinde, sevgili \u00fcstat \u0130sa&#039;n\u0131n rehberli\u011finde Kardec Doktrini \u00fczerine \u00e7al\u0131\u015fma gruplar\u0131 a\u00e7t\u0131.&nbsp;<\/p>\n\n\n\n<div class=\"wp-block-group is-layout-constrained wp-block-group-is-layout-constrained\">\n<p class=\"has-black-color has-text-color has-link-color has-small-font-size wp-elements-2c30194e143e6fb43e6e5a7add014fdf\">Macae&#039;de &#034; Spiritist Peter Grubunu kurdu.\u201d&nbsp;<\/p>\n\n\n\n<p class=\"has-black-color has-text-color has-link-color has-small-font-size wp-elements-1beae96f65dfac805b293ce180c51b50\">Rio de Janeiro eyaletinde (S\u00e3o Jo\u00e3o) her Pazar evinde bulu\u015fan \u201cGrup Ruh\u00e7usu Andr\u00e9 Luiz\u201d i kurdu.&nbsp;<\/p>\n\n\n\n<p class=\"has-black-color has-text-color has-link-color has-small-font-size wp-elements-3149a7d8fb0a19a2e07804d592f3437d\">Santos \u015fehrinde &#034;\u0130sa&#039;n\u0131n Ruh\u00e7u \u0130smenia Merkezi&#034; ni kurdu.&nbsp;<\/p>\n\n\n\n<p class=\"has-black-color has-text-color has-link-color has-small-font-size wp-elements-b15a6b398bd799c28659b864476bb634\">Tarlalarda \u201cGrup Spiritist Aracy\u201d yi (manevi rehberlerinin ad\u0131) kurdu ve ayr\u0131ca \u201cGrup Spiritist Joanna of Arc\u201dda \u00e7al\u0131\u015ft\u0131.&nbsp;<\/p>\n<\/div>\n\n\n\n<p class=\"has-black-color has-text-color has-link-color has-small-font-size wp-elements-b130b4fb916e500603b478034ecc51f0\">1948&#039;de sevgili Chico Xavier ile kar\u015f\u0131la\u015fmay\u0131 hayal etmi\u015f ve \u00f6zlemi\u015fti. Birlikte, \u00f6zellikle somutla\u015fman\u0131n bir\u00e7ok fiziksel etki toplant\u0131s\u0131na kat\u0131ld\u0131lar. Peixotinho, g\u00f6r\u00fcn\u00fc\u015fl\u00fc, minyon, neredeyse \u00e7ocuksu ama g\u00fc\u00e7l\u00fc iradesi, a\u00e7\u0131k zihni ve \u00f6zellikle medyumlu\u011fun uygulanmas\u0131yla ilgili b\u00fcy\u00fck bir sorumluluk duygusu olan bir adamd\u0131. Hizmetlerini talep edenlere kat\u0131lmaktan asla vazge\u00e7medi ve bunun i\u00e7in hi\u00e7bir zaman iyi bir ruh\u00e7u olarak para almad\u0131.&nbsp;<\/p>\n\n\n\n<p class=\"has-black-color has-text-color has-link-color has-small-font-size wp-elements-69d99bea0ca7c9e55b640952c22157f9\">Kurdu\u011fu veya kat\u0131ld\u0131\u011f\u0131 t\u00fcm Merkezlerde her \u015feyden \u00f6nce Kardek ve \u0130sa Doktrininin temelleri her zaman kald\u0131. Hayat\u0131, kendini inkar etme, \u00f6zveri, sorumluluk ve kom\u015fu sevgisinin bir \u00f6rne\u011fiydi. Bilim adamlar\u0131 taraf\u0131ndan incelenen ve inanmayan ve Peixotinho&#039;nun elini aya\u011f\u0131n\u0131 ba\u011flad\u0131\u011f\u0131, ektoplazmay\u0131 \u00f6yle bir miktarda kald\u0131rd\u0131\u011f\u0131, bedensiz Ruhlar\u0131 somutla\u015ft\u0131ran, toplant\u0131larda bulunanlarla ileti\u015fim kuran, hareket eden ve zaman zaman konu\u015fan \u00fcnl\u00fc vakalar var. Ayr\u0131ca \u00e7i\u00e7ekler, bitkiler ve di\u011fer elementler de ger\u00e7ekle\u015fti.&nbsp;<\/p>\n\n\n\n<p class=\"has-black-color has-text-color has-link-color has-small-font-size wp-elements-f579890bf0291395f7fa18a3b7d9dc89\">Kud\u00fcs&#039;\u00fcn tatl\u0131 Haham\u0131n\u0131n M\u00fcjdesine olan sevgi ve ba\u011fl\u0131l\u0131k \u00f6rne\u011finin verdi\u011fi bu Ruhu takdir ediyoruz.&nbsp;<\/p>\n<\/div><\/div>\n\n\n\n<div class=\"wp-block-uagb-container uagb-block-f40e4d39 alignfull uagb-is-root-container\"><div class=\"uagb-container-inner-blocks-wrap\"><\/div><\/div>\n\n\n\n<div class=\"wp-block-uagb-container uagb-block-8b792c05 alignfull uagb-is-root-container\"><div class=\"uagb-container-inner-blocks-wrap\"><\/div><\/div>","protected":false},"excerpt":{"rendered":"<p>Francisco Peixoto Lins&nbsp; Peixotinho, como cari\u00f1osamente se lo llamaba, fue uno de los m\u00e9diums m\u00e1s famosos de Brasil, especialmente como m\u00e9dium de efectos f\u00edsicos. Su nombre completo es Francisco Peixoto Lins.&nbsp;Naci\u00f3 en la ciudad de Pacatuba, estado de Cear\u00e1 (el mismo del querido Bezerra de Menezes), el 1\u00ba de febrero de 1905 y desencarn\u00f3 el [&hellip;]<\/p>","protected":false},"author":1,"featured_media":0,"parent":0,"menu_order":0,"comment_status":"closed","ping_status":"closed","template":"","meta":{"_uag_custom_page_level_css":"","site-sidebar-layout":"default","site-content-layout":"","ast-site-content-layout":"default","site-content-style":"default","site-sidebar-style":"default","ast-global-header-display":"","ast-banner-title-visibility":"","ast-main-header-display":"","ast-hfb-above-header-display":"","ast-hfb-below-header-display":"","ast-hfb-mobile-header-display":"","site-post-title":"disabled","ast-breadcrumbs-content":"","ast-featured-img":"","footer-sml-layout":"","theme-transparent-header-meta":"","adv-header-id-meta":"","stick-header-meta":"","header-above-stick-meta":"","header-main-stick-meta":"","header-below-stick-meta":"","astra-migrate-meta-layouts":"set","ast-page-background-enabled":"default","ast-page-background-meta":{"desktop":{"background-color":"var(--ast-global-color-4)","background-image":"","background-repeat":"repeat","background-position":"center center","background-size":"auto","background-attachment":"scroll","background-type":"","background-media":"","overlay-type":"","overlay-color":"","overlay-opacity":"","overlay-gradient":""},"tablet":{"background-color":"","background-image":"","background-repeat":"repeat","background-position":"center center","background-size":"auto","background-attachment":"scroll","background-type":"","background-media":"","overlay-type":"","overlay-color":"","overlay-opacity":"","overlay-gradient":""},"mobile":{"background-color":"","background-image":"","background-repeat":"repeat","background-position":"center center","background-size":"auto","background-attachment":"scroll","background-type":"","background-media":"","overlay-type":"","overlay-color":"","overlay-opacity":"","overlay-gradient":""}},"ast-content-background-meta":{"desktop":{"background-color":"var(--ast-global-color-5)","background-image":"","background-repeat":"repeat","background-position":"center center","background-size":"auto","background-attachment":"scroll","background-type":"","background-media":"","overlay-type":"","overlay-color":"","overlay-opacity":"","overlay-gradient":""},"tablet":{"background-color":"var(--ast-global-color-5)","background-image":"","background-repeat":"repeat","background-position":"center center","background-size":"auto","background-attachment":"scroll","background-type":"","background-media":"","overlay-type":"","overlay-color":"","overlay-opacity":"","overlay-gradient":""},"mobile":{"background-color":"var(--ast-global-color-5)","background-image":"","background-repeat":"repeat","background-position":"center center","background-size":"auto","background-attachment":"scroll","background-type":"","background-media":"","overlay-type":"","overlay-color":"","overlay-opacity":"","overlay-gradient":""}},"footnotes":""},"class_list":["post-3070","page","type-page","status-publish","hentry"],"yoast_head":"<!-- This site is optimized with the Yoast SEO Premium plugin v24.2 (Yoast SEO v24.6) - https:\/\/yoast.com\/wordpress\/plugins\/seo\/ -->\n<title>Francisco Peixoto Lins - Uni\u00f3n Esp\u00edrita<\/title>\n<meta name=\"robots\" content=\"index, follow, max-snippet:-1, max-image-preview:large, max-video-preview:-1\" \/>\n<link rel=\"canonical\" href=\"https:\/\/nuevo-renacer.com\/tr\/francisco-peixoto-lins\/\" \/>\n<meta property=\"og:locale\" content=\"tr_TR\" \/>\n<meta property=\"og:type\" content=\"article\" \/>\n<meta property=\"og:title\" content=\"Francisco Peixoto Lins\" \/>\n<meta property=\"og:description\" content=\"Francisco Peixoto Lins&nbsp; Peixotinho, como cari\u00f1osamente se lo llamaba, fue uno de los m\u00e9diums m\u00e1s famosos de Brasil, especialmente como m\u00e9dium de efectos f\u00edsicos. Su nombre completo es Francisco Peixoto Lins.&nbsp;Naci\u00f3 en la ciudad de Pacatuba, estado de Cear\u00e1 (el mismo del querido Bezerra de Menezes), el 1\u00ba de febrero de 1905 y desencarn\u00f3 el [&hellip;]\" \/>\n<meta property=\"og:url\" content=\"https:\/\/nuevo-renacer.com\/tr\/francisco-peixoto-lins\/\" \/>\n<meta property=\"og:site_name\" content=\"Uni\u00f3n Esp\u00edrita\" \/>\n<meta property=\"article:publisher\" content=\"https:\/\/www.facebook.com\/groups\/3431398063740829\" \/>\n<meta property=\"article:modified_time\" content=\"2025-06-13T10:10:20+00:00\" \/>\n<meta property=\"og:image\" content=\"https:\/\/nuevo-renacer.com\/wp-content\/uploads\/2024\/07\/peixotinho_1-1.jpg\" \/>\n<meta name=\"twitter:card\" content=\"summary_large_image\" \/>\n<meta name=\"twitter:label1\" content=\"Tahmini okuma s\u00fcresi\" \/>\n\t<meta name=\"twitter:data1\" content=\"5 dakika\" \/>\n<script type=\"application\/ld+json\" class=\"yoast-schema-graph\">{\"@context\":\"https:\/\/schema.org\",\"@graph\":[{\"@type\":\"WebPage\",\"@id\":\"https:\/\/nuevo-renacer.com\/francisco-peixoto-lins\/\",\"url\":\"https:\/\/nuevo-renacer.com\/francisco-peixoto-lins\/\",\"name\":\"Francisco Peixoto Lins - Uni\u00f3n Esp\u00edrita\",\"isPartOf\":{\"@id\":\"https:\/\/nuevo-renacer.com\/#website\"},\"primaryImageOfPage\":{\"@id\":\"https:\/\/nuevo-renacer.com\/francisco-peixoto-lins\/#primaryimage\"},\"image\":{\"@id\":\"https:\/\/nuevo-renacer.com\/francisco-peixoto-lins\/#primaryimage\"},\"thumbnailUrl\":\"https:\/\/nuevo-renacer.com\/wp-content\/uploads\/2024\/07\/peixotinho_1-1.jpg\",\"datePublished\":\"2024-07-06T11:32:18+00:00\",\"dateModified\":\"2025-06-13T10:10:20+00:00\",\"breadcrumb\":{\"@id\":\"https:\/\/nuevo-renacer.com\/francisco-peixoto-lins\/#breadcrumb\"},\"inLanguage\":\"tr\",\"potentialAction\":[{\"@type\":\"ReadAction\",\"target\":[\"https:\/\/nuevo-renacer.com\/francisco-peixoto-lins\/\"]}]},{\"@type\":\"ImageObject\",\"inLanguage\":\"tr\",\"@id\":\"https:\/\/nuevo-renacer.com\/francisco-peixoto-lins\/#primaryimage\",\"url\":\"https:\/\/nuevo-renacer.com\/wp-content\/uploads\/2024\/07\/peixotinho_1-1.jpg\",\"contentUrl\":\"https:\/\/nuevo-renacer.com\/wp-content\/uploads\/2024\/07\/peixotinho_1-1.jpg\"},{\"@type\":\"BreadcrumbList\",\"@id\":\"https:\/\/nuevo-renacer.com\/francisco-peixoto-lins\/#breadcrumb\",\"itemListElement\":[{\"@type\":\"ListItem\",\"position\":1,\"name\":\"Startseite\",\"item\":\"https:\/\/nuevo-renacer.com\/\"},{\"@type\":\"ListItem\",\"position\":2,\"name\":\"Francisco Peixoto Lins\"}]},{\"@type\":\"WebSite\",\"@id\":\"https:\/\/nuevo-renacer.com\/#website\",\"url\":\"https:\/\/nuevo-renacer.com\/\",\"name\":\"Uni\u00f3n Esp\u00edrita\",\"description\":\"Nuevo Renacer\",\"publisher\":{\"@id\":\"https:\/\/nuevo-renacer.com\/#organization\"},\"potentialAction\":[{\"@type\":\"SearchAction\",\"target\":{\"@type\":\"EntryPoint\",\"urlTemplate\":\"https:\/\/nuevo-renacer.com\/?s={search_term_string}\"},\"query-input\":{\"@type\":\"PropertyValueSpecification\",\"valueRequired\":true,\"valueName\":\"search_term_string\"}}],\"inLanguage\":\"tr\"},{\"@type\":\"Organization\",\"@id\":\"https:\/\/nuevo-renacer.com\/#organization\",\"name\":\"UFEC\",\"url\":\"https:\/\/nuevo-renacer.com\/\",\"logo\":{\"@type\":\"ImageObject\",\"inLanguage\":\"tr\",\"@id\":\"https:\/\/nuevo-renacer.com\/#\/schema\/logo\/image\/\",\"url\":\"https:\/\/nuevo-renacer.com\/wp-content\/uploads\/2024\/05\/cropped-LOGO-TERMINADO1-3-3.png\",\"contentUrl\":\"https:\/\/nuevo-renacer.com\/wp-content\/uploads\/2024\/05\/cropped-LOGO-TERMINADO1-3-3.png\",\"width\":512,\"height\":512,\"caption\":\"UFEC\"},\"image\":{\"@id\":\"https:\/\/nuevo-renacer.com\/#\/schema\/logo\/image\/\"},\"sameAs\":[\"https:\/\/www.facebook.com\/groups\/3431398063740829\"]}]}<\/script>\n<!-- \/ Yoast SEO Premium plugin. -->","yoast_head_json":{"title":"Francisco Peixoto Lins - Uni\u00f3n Esp\u00edrita","robots":{"index":"index","follow":"follow","max-snippet":"max-snippet:-1","max-image-preview":"max-image-preview:large","max-video-preview":"max-video-preview:-1"},"canonical":"https:\/\/nuevo-renacer.com\/tr\/francisco-peixoto-lins\/","og_locale":"tr_TR","og_type":"article","og_title":"Francisco Peixoto Lins","og_description":"Francisco Peixoto Lins&nbsp; Peixotinho, como cari\u00f1osamente se lo llamaba, fue uno de los m\u00e9diums m\u00e1s famosos de Brasil, especialmente como m\u00e9dium de efectos f\u00edsicos. Su nombre completo es Francisco Peixoto Lins.&nbsp;Naci\u00f3 en la ciudad de Pacatuba, estado de Cear\u00e1 (el mismo del querido Bezerra de Menezes), el 1\u00ba de febrero de 1905 y desencarn\u00f3 el [&hellip;]","og_url":"https:\/\/nuevo-renacer.com\/tr\/francisco-peixoto-lins\/","og_site_name":"Uni\u00f3n Esp\u00edrita","article_publisher":"https:\/\/www.facebook.com\/groups\/3431398063740829","article_modified_time":"2025-06-13T10:10:20+00:00","og_image":[{"url":"https:\/\/nuevo-renacer.com\/wp-content\/uploads\/2024\/07\/peixotinho_1-1.jpg","type":"","width":"","height":""}],"twitter_card":"summary_large_image","twitter_misc":{"Tahmini okuma s\u00fcresi":"5 dakika"},"schema":{"@context":"https:\/\/schema.org","@graph":[{"@type":"WebPage","@id":"https:\/\/nuevo-renacer.com\/francisco-peixoto-lins\/","url":"https:\/\/nuevo-renacer.com\/francisco-peixoto-lins\/","name":"Francisco Peixoto Lins - Uni\u00f3n Esp\u00edrita","isPartOf":{"@id":"https:\/\/nuevo-renacer.com\/#website"},"primaryImageOfPage":{"@id":"https:\/\/nuevo-renacer.com\/francisco-peixoto-lins\/#primaryimage"},"image":{"@id":"https:\/\/nuevo-renacer.com\/francisco-peixoto-lins\/#primaryimage"},"thumbnailUrl":"https:\/\/nuevo-renacer.com\/wp-content\/uploads\/2024\/07\/peixotinho_1-1.jpg","datePublished":"2024-07-06T11:32:18+00:00","dateModified":"2025-06-13T10:10:20+00:00","breadcrumb":{"@id":"https:\/\/nuevo-renacer.com\/francisco-peixoto-lins\/#breadcrumb"},"inLanguage":"tr","potentialAction":[{"@type":"ReadAction","target":["https:\/\/nuevo-renacer.com\/francisco-peixoto-lins\/"]}]},{"@type":"ImageObject","inLanguage":"tr","@id":"https:\/\/nuevo-renacer.com\/francisco-peixoto-lins\/#primaryimage","url":"https:\/\/nuevo-renacer.com\/wp-content\/uploads\/2024\/07\/peixotinho_1-1.jpg","contentUrl":"https:\/\/nuevo-renacer.com\/wp-content\/uploads\/2024\/07\/peixotinho_1-1.jpg"},{"@type":"BreadcrumbList","@id":"https:\/\/nuevo-renacer.com\/francisco-peixoto-lins\/#breadcrumb","itemListElement":[{"@type":"ListItem","position":1,"name":"Startseite","item":"https:\/\/nuevo-renacer.com\/"},{"@type":"ListItem","position":2,"name":"Francisco Peixoto Lins"}]},{"@type":"WebSite","@id":"https:\/\/nuevo-renacer.com\/#website","url":"https:\/\/nuevo-renacer.com\/","name":"Uni\u00f3n Esp\u00edrita","description":"Nuevo Renacer","publisher":{"@id":"https:\/\/nuevo-renacer.com\/#organization"},"potentialAction":[{"@type":"SearchAction","target":{"@type":"EntryPoint","urlTemplate":"https:\/\/nuevo-renacer.com\/?s={search_term_string}"},"query-input":{"@type":"PropertyValueSpecification","valueRequired":true,"valueName":"search_term_string"}}],"inLanguage":"tr"},{"@type":"Organization","@id":"https:\/\/nuevo-renacer.com\/#organization","name":"UFEC","url":"https:\/\/nuevo-renacer.com\/","logo":{"@type":"ImageObject","inLanguage":"tr","@id":"https:\/\/nuevo-renacer.com\/#\/schema\/logo\/image\/","url":"https:\/\/nuevo-renacer.com\/wp-content\/uploads\/2024\/05\/cropped-LOGO-TERMINADO1-3-3.png","contentUrl":"https:\/\/nuevo-renacer.com\/wp-content\/uploads\/2024\/05\/cropped-LOGO-TERMINADO1-3-3.png","width":512,"height":512,"caption":"UFEC"},"image":{"@id":"https:\/\/nuevo-renacer.com\/#\/schema\/logo\/image\/"},"sameAs":["https:\/\/www.facebook.com\/groups\/3431398063740829"]}]}},"uagb_featured_image_src":{"full":false,"thumbnail":false,"medium":false,"medium_large":false,"large":false,"1536x1536":false,"2048x2048":false,"trp-custom-language-flag":false},"uagb_author_info":{"display_name":"adbv0","author_link":"https:\/\/nuevo-renacer.com\/tr\/author\/adbv0\/"},"uagb_comment_info":0,"uagb_excerpt":"Francisco Peixoto Lins&nbsp; Peixotinho, como cari\u00f1osamente se lo llamaba, fue uno de los m\u00e9diums m\u00e1s famosos de Brasil, especialmente como m\u00e9dium de efectos f\u00edsicos. Su nombre completo es Francisco Peixoto Lins.&nbsp;Naci\u00f3 en la ciudad de Pacatuba, estado de Cear\u00e1 (el mismo del querido Bezerra de Menezes), el 1\u00ba de febrero de 1905 y desencarn\u00f3 el&hellip;","jetpack_sharing_enabled":true,"_links":{"self":[{"href":"https:\/\/nuevo-renacer.com\/tr\/wp-json\/wp\/v2\/pages\/3070","targetHints":{"allow":["GET"]}}],"collection":[{"href":"https:\/\/nuevo-renacer.com\/tr\/wp-json\/wp\/v2\/pages"}],"about":[{"href":"https:\/\/nuevo-renacer.com\/tr\/wp-json\/wp\/v2\/types\/page"}],"author":[{"embeddable":true,"href":"https:\/\/nuevo-renacer.com\/tr\/wp-json\/wp\/v2\/users\/1"}],"replies":[{"embeddable":true,"href":"https:\/\/nuevo-renacer.com\/tr\/wp-json\/wp\/v2\/comments?post=3070"}],"version-history":[{"count":3,"href":"https:\/\/nuevo-renacer.com\/tr\/wp-json\/wp\/v2\/pages\/3070\/revisions"}],"predecessor-version":[{"id":8331,"href":"https:\/\/nuevo-renacer.com\/tr\/wp-json\/wp\/v2\/pages\/3070\/revisions\/8331"}],"wp:attachment":[{"href":"https:\/\/nuevo-renacer.com\/tr\/wp-json\/wp\/v2\/media?parent=3070"}],"curies":[{"name":"wp","href":"https:\/\/api.w.org\/{rel}","templated":true}]}}