{"id":3047,"date":"2024-07-06T11:02:39","date_gmt":"2024-07-06T11:02:39","guid":{"rendered":"https:\/\/ufec-mundial.com\/?page_id=3047"},"modified":"2025-06-13T10:00:24","modified_gmt":"2025-06-13T10:00:24","slug":"colombia-montoya-de-martinez","status":"publish","type":"page","link":"https:\/\/nuevo-renacer.com\/tr\/colombia-montoya-de-martinez\/","title":{"rendered":"Colombia Montoya de Martinez"},"content":{"rendered":"<div class=\"wp-block-uagb-container uagb-block-9ef09f9b alignfull uagb-is-root-container\"><div class=\"uagb-container-inner-blocks-wrap\">\n<p class=\"has-black-color has-text-color has-link-color has-medium-font-size wp-elements-2b4a66791fd76f5764e2ed4156ad54c6\"><strong>Colombia Montoya de Martinez<\/strong>&nbsp;&nbsp;<\/p>\n<\/div><\/div>\n\n\n\n<div class=\"wp-block-uagb-container uagb-block-85b31f4c alignfull uagb-is-root-container\"><div class=\"uagb-container-inner-blocks-wrap\">\n<div class=\"wp-block-uagb-image alignleft uagb-block-a19666d3 wp-block-uagb-image--layout-default wp-block-uagb-image--effect-static wp-block-uagb-image--align-left\"><figure class=\"wp-block-uagb-image__figure\"><img loading=\"lazy\" decoding=\"async\" srcset=\"https:\/\/nuevo-renacer.com\/wp-content\/uploads\/2024\/07\/colombia_montoya-1.jpg ,https:\/\/nuevo-renacer.com\/wp-content\/uploads\/2024\/07\/colombia_montoya-1.jpg 780w, https:\/\/nuevo-renacer.com\/wp-content\/uploads\/2024\/07\/colombia_montoya-1.jpg 360w\" sizes=\"auto, (max-width: 480px) 150px\" src=\"https:\/\/nuevo-renacer.com\/wp-content\/uploads\/2024\/07\/colombia_montoya-1.jpg\" alt=\"\" class=\"uag-image-3222\" width=\"184\" height=\"234\" title=\"\" role=\"img\"\/><\/figure><\/div>\n<\/div><\/div>\n\n\n\n<div class=\"wp-block-uagb-container uagb-block-3b8c0191 alignfull uagb-is-root-container\"><div class=\"uagb-container-inner-blocks-wrap\">\n<p class=\"has-black-color has-text-color has-link-color has-small-font-size wp-elements-09ca7ed90dc091502bb773faad2b1714\">Colombia Montoya de Martinez 23 Temmuz 1925'te Siquirres, Kosta Rika'da do\u011fdu ve 25 May\u0131s 2012'de Bogot\u00e1, Kolombiya'da hayata g\u00f6zlerini yumdu.&nbsp;<\/p>\n\n\n\n<p class=\"has-black-color has-text-color has-link-color has-small-font-size wp-elements-949f15529440743829e83ddf5b503087\">Kolombiya Ruh\u00e7uluk hareketinin \u00f6nc\u00fcs\u00fc, lideri ve yorulmak bilmez \u00e7al\u0131\u015fan\u0131. Do\u00f1a Colombia, 50 y\u0131l\u0131 a\u015fk\u0131n bir s\u00fcredir Kolombiya'da Spiritizmin \u00f6rg\u00fctlenmesi, b\u00fcy\u00fcmesi ve geli\u015fmesi i\u00e7in \u00f6vg\u00fcye de\u011fer ve azimli bir faaliyet geli\u015ftirmi\u015f, ayn\u0131 zamanda \u00e7e\u015fitli medya arac\u0131l\u0131\u011f\u0131yla yay\u0131lmas\u0131na katk\u0131da bulunmu\u015f, Spiritist kurumu \u201cC\u00edrculo de Fuerzas Amigas\u201d, Kolombiya \u0130li\u015fkileri Spiritist Konseyi CERCOL ve son y\u0131llarda Cundinamarca Spiritist Federasyonu'ndan y\u00fcr\u00fctt\u00fc\u011f\u00fc \u00e7al\u0131\u015fmalar.&nbsp;<\/p>\n\n\n\n<p class=\"has-black-color has-text-color has-link-color has-small-font-size wp-elements-bb4b4563cb520acf9df66558408bcadf\">Bir Spiritist olarak, say\u0131s\u0131z ulusal ve uluslararas\u0131 Spiritist medyada y\u00f6nlendirici ve zenginle\u015ftirici yaz\u0131lar\u0131 yay\u0131nlanan bir \u00f6\u011fretim g\u00f6revlisi ve ilham verici konu\u015fmac\u0131, psi\u015fik ve psikofonik medyum, yazar ve s\u00fcrekli k\u00f6\u015fe yazar\u0131 olarak \u00f6ne \u00e7\u0131kt\u0131. Uzun y\u0131llar boyunca Kolombiya Spiritist \u0130li\u015fkiler Konseyi'nin genel sekreteri s\u0131fat\u0131yla ulusal Spiritist hareketin ve uluslararas\u0131 ili\u015fkilerin koordinat\u00f6r\u00fc olmu\u015f, Brezilya, Arjantin, Venezuela, \u0130spanya, Meksika, ABD, Porto Riko, Dominik Cumhuriyeti ve di\u011fer \u00fclkelerdeki Spiritist liderler ve \u00f6rg\u00fctlerle yaz\u0131\u015fmalar ve karde\u015flik ba\u011flar\u0131 kurmu\u015f, Divaldo Pereira Franco, Juan Durante, Pedro A. Barboza de la Torre, Jon Jonaldo Pereira Franco, Juan Durante, Pedro A. Barboza de la Torre, Jonaldo Pereira de la Torre, Juan A. Barboza de la Torre, Juan A. Barboza de la Torre, Juan A. Barboza de la Torre ve Juan A. Barboza de la Torre gibi uluslararas\u0131 \u00fcne sahip se\u00e7kin konu\u015fmac\u0131, yazar ve medyumlar\u0131n \u00fclkemizi ziyaret etmeleri i\u00e7in ilk temaslar\u0131 kurmu\u015ftur. Barboza de la Torre, Jon Aizp\u00farua, Hermas Culzoni, Humberto Mariotti, Natalio Ceccarini, Benjam\u00edn Rodr\u00edguez ve o zamanlar b\u00fcy\u00fcmekte olan Kolombiya ruh\u00e7u hareketinin y\u00f6nlendirilmesine katk\u0131da bulunan di\u011fer bir\u00e7ok ki\u015fi.&nbsp;<\/p>\n\n\n\n<p class=\"has-black-color has-text-color has-link-color has-small-font-size wp-elements-a9715511da5e3f1c2008b8a47ca608c5\">\u201cKolombiya'da Ruh\u00e7ulu\u011fun Tarihi\u201d adl\u0131 kitab\u0131n yazar\u0131 olan Do\u00f1a Colombia, CERCOL'\u00fcn himayesi ve koordinasyonu alt\u0131nda d\u00fczenlenen ilk yerel, b\u00f6lgesel ve ulusal ruh\u00e7u etkinliklere i\u015faret ederek, Kolombiya'da ruh\u00e7ulu\u011fun bu ilk y\u00f6nelim ve b\u00fcy\u00fcme s\u00fcrecindeki tarihleri, ko\u015fullar\u0131, olaylar\u0131 ve en g\u00f6ze \u00e7arpan ve belirleyici akt\u00f6rleri kaydetmi\u015f, y\u0131llar i\u00e7inde \u00fclkenin farkl\u0131 \u015fehirlerinde ve b\u00f6lgelerinde ortaya \u00e7\u0131kan ve \u015fekillenen ulusal ruh\u00e7u liderlerin ve i\u015f\u00e7ilerin kat\u0131l\u0131m\u0131na ek olarak, di\u011ferlerinin yan\u0131 s\u0131ra yukar\u0131da bahsedilen yabanc\u0131 ruh\u00e7u i\u015f\u00e7ilerin de\u011ferli varl\u0131\u011f\u0131yla birlikte. Gelece\u011fe bakan Do\u00f1a Colombia, \u00f6zellikle Spiritist gen\u00e7li\u011fin te\u015fvik edilmesine kendini adam\u0131\u015f ve bir\u00e7ok genci Kolombiya'n\u0131n farkl\u0131 b\u00f6lgelerinde i\u015f\u00e7i, lider ve konu\u015fmac\u0131 olarak e\u011fitim almalar\u0131 i\u00e7in te\u015fvik etmi\u015ftir. Cartagena'n\u0131n iyi hat\u0131rlanan lideri ve ruh\u00e7u \u00e7al\u0131\u015fan\u0131 Do\u00f1a Ana Fuentes de Cardona ile olan ba\u011flant\u0131lar\u0131 ve g\u00f6r\u00fc\u015fmeleri de ayn\u0131 derecede \u00f6nemliydi ve bu ili\u015fkilerden Atlantik K\u0131y\u0131s\u0131'nda ve \u00fclkede ruh\u00e7uluk lehine \u00f6nemli y\u00f6nergeler ve ba\u015far\u0131lar ortaya \u00e7\u0131kt\u0131.&nbsp;<\/p>\n\n\n\n<p class=\"has-black-color has-text-color has-link-color has-small-font-size wp-elements-d99d35caae9aadf81e64b8e6d43381c1\">\u00c7ok say\u0131daki Spiritist faaliyetlerinde, CERCOL \u00fcyesi olan ve birka\u00e7 y\u0131l boyunca Pan-Amerikan Spiritist Konfederasyonu CEPA'n\u0131n Kolombiya delegesi olan e\u015fi emekli Binba\u015f\u0131 Jos\u00e9 Joaqu\u00edn Mart\u00ednez'in her zaman sa\u011flam ve ko\u015fulsuz deste\u011fine sahipti; bu kurulu\u015fla ba\u011flar\u0131 vard\u0131 ve liderleri say\u0131s\u0131z kez \u00fclkemizi ziyaret etti.&nbsp;<\/p>\n\n\n\n<p class=\"has-black-color has-text-color has-link-color has-small-font-size wp-elements-b545eb83c0454c99e9ff65e77864be9c\">Bu ruh\u00e7u i\u015f\u00e7inin Kolombiyal\u0131 ruh\u00e7u hareket i\u00e7in temsil etti\u011fi \u015fey, kendi isminde daha iyi belirtilemezdi: \u201cKolombiya\u201d, kesinlikle bir tesad\u00fcften \u00f6te, programlanan ve Kolombiya'da fiilen y\u00fcr\u00fctt\u00fc\u011f\u00fc \u00e7al\u0131\u015fmalarla ilgili olarak ruhsal d\u00fcnyan\u0131n bir \u00f6ng\u00f6r\u00fcs\u00fcne uyacakt\u0131.&nbsp;<\/p>\n\n\n\n<p class=\"has-black-color has-text-color has-link-color has-small-font-size wp-elements-06789bcdb21f31862f2252405265c6e5\">Do\u00f1a Colombia'n\u0131n t\u00fcm kariyeri boyunca yapt\u0131\u011f\u0131 kapsaml\u0131 ruh\u00e7uluk \u00e7al\u0131\u015fmalar\u0131n\u0131 kaydetmek i\u00e7in say\u0131s\u0131z sayfa yaz\u0131labilirdi, bu derleme ve yazma i\u015fi hala beklemede; Ruhani Vatan'a iyi bir \u015fekilde d\u00f6nmesi ve yerle\u015fmesi i\u00e7in dua edelim, ona en iyi sevgi ve bar\u0131\u015f titre\u015fimlerimizi g\u00f6nderelim ve dostlu\u011fu ve Kolombiya'da ruh\u00e7ulu\u011fun hizmetindeki \u00f6vg\u00fcye de\u011fer \u00e7al\u0131\u015fmalar\u0131 i\u00e7in en i\u00e7ten te\u015fekk\u00fcrlerimizi sunal\u0131m.&nbsp;<\/p>\n<\/div><\/div>\n\n\n\n<div class=\"wp-block-uagb-container uagb-block-df419b3c alignfull uagb-is-root-container\"><div class=\"uagb-container-inner-blocks-wrap\"><\/div><\/div>\n\n\n\n<div class=\"wp-block-uagb-container uagb-block-f599ad28 alignfull uagb-is-root-container\"><div class=\"uagb-container-inner-blocks-wrap\"><\/div><\/div>","protected":false},"excerpt":{"rendered":"<p>Colombia Montoya de Martinez&nbsp;&nbsp; Colombia Montoya de Martinez naci\u00f3 en Siquirres, Costa Rica, el 23 de julio de 1925 y desencarn\u00f3 en Bogot\u00e1, Colombia, el 25 de mayo de 2012.&nbsp; Pionera, l\u00edder e incansable trabajadora del movimiento esp\u00edrita colombiano. Do\u00f1a Colombia quien durante m\u00e1s de 50 a\u00f1os desarroll\u00f3 en el pa\u00eds una encomiable y tesonera [&hellip;]<\/p>","protected":false},"author":1,"featured_media":0,"parent":0,"menu_order":0,"comment_status":"closed","ping_status":"closed","template":"","meta":{"_uag_custom_page_level_css":"","site-sidebar-layout":"default","site-content-layout":"","ast-site-content-layout":"default","site-content-style":"default","site-sidebar-style":"default","ast-global-header-display":"","ast-banner-title-visibility":"","ast-main-header-display":"","ast-hfb-above-header-display":"","ast-hfb-below-header-display":"","ast-hfb-mobile-header-display":"","site-post-title":"disabled","ast-breadcrumbs-content":"","ast-featured-img":"","footer-sml-layout":"","theme-transparent-header-meta":"","adv-header-id-meta":"","stick-header-meta":"","header-above-stick-meta":"","header-main-stick-meta":"","header-below-stick-meta":"","astra-migrate-meta-layouts":"set","ast-page-background-enabled":"default","ast-page-background-meta":{"desktop":{"background-color":"var(--ast-global-color-4)","background-image":"","background-repeat":"repeat","background-position":"center center","background-size":"auto","background-attachment":"scroll","background-type":"","background-media":"","overlay-type":"","overlay-color":"","overlay-opacity":"","overlay-gradient":""},"tablet":{"background-color":"","background-image":"","background-repeat":"repeat","background-position":"center center","background-size":"auto","background-attachment":"scroll","background-type":"","background-media":"","overlay-type":"","overlay-color":"","overlay-opacity":"","overlay-gradient":""},"mobile":{"background-color":"","background-image":"","background-repeat":"repeat","background-position":"center center","background-size":"auto","background-attachment":"scroll","background-type":"","background-media":"","overlay-type":"","overlay-color":"","overlay-opacity":"","overlay-gradient":""}},"ast-content-background-meta":{"desktop":{"background-color":"var(--ast-global-color-5)","background-image":"","background-repeat":"repeat","background-position":"center center","background-size":"auto","background-attachment":"scroll","background-type":"","background-media":"","overlay-type":"","overlay-color":"","overlay-opacity":"","overlay-gradient":""},"tablet":{"background-color":"var(--ast-global-color-5)","background-image":"","background-repeat":"repeat","background-position":"center center","background-size":"auto","background-attachment":"scroll","background-type":"","background-media":"","overlay-type":"","overlay-color":"","overlay-opacity":"","overlay-gradient":""},"mobile":{"background-color":"var(--ast-global-color-5)","background-image":"","background-repeat":"repeat","background-position":"center center","background-size":"auto","background-attachment":"scroll","background-type":"","background-media":"","overlay-type":"","overlay-color":"","overlay-opacity":"","overlay-gradient":""}},"footnotes":""},"class_list":["post-3047","page","type-page","status-publish","hentry"],"yoast_head":"<!-- This site is optimized with the Yoast SEO Premium plugin v24.2 (Yoast SEO v24.6) - https:\/\/yoast.com\/wordpress\/plugins\/seo\/ -->\n<title>Colombia Montoya de Martinez - Uni\u00f3n Esp\u00edrita<\/title>\n<meta name=\"robots\" content=\"index, follow, max-snippet:-1, max-image-preview:large, max-video-preview:-1\" \/>\n<link rel=\"canonical\" href=\"https:\/\/nuevo-renacer.com\/tr\/colombia-montoya-de-martinez\/\" \/>\n<meta property=\"og:locale\" content=\"tr_TR\" \/>\n<meta property=\"og:type\" content=\"article\" \/>\n<meta property=\"og:title\" content=\"Colombia Montoya de Martinez\" \/>\n<meta property=\"og:description\" content=\"Colombia Montoya de Martinez&nbsp;&nbsp; Colombia Montoya de Martinez naci\u00f3 en Siquirres, Costa Rica, el 23 de julio de 1925 y desencarn\u00f3 en Bogot\u00e1, Colombia, el 25 de mayo de 2012.&nbsp; Pionera, l\u00edder e incansable trabajadora del movimiento esp\u00edrita colombiano. Do\u00f1a Colombia quien durante m\u00e1s de 50 a\u00f1os desarroll\u00f3 en el pa\u00eds una encomiable y tesonera [&hellip;]\" \/>\n<meta property=\"og:url\" content=\"https:\/\/nuevo-renacer.com\/tr\/colombia-montoya-de-martinez\/\" \/>\n<meta property=\"og:site_name\" content=\"Uni\u00f3n Esp\u00edrita\" \/>\n<meta property=\"article:publisher\" content=\"https:\/\/www.facebook.com\/groups\/3431398063740829\" \/>\n<meta property=\"article:modified_time\" content=\"2025-06-13T10:00:24+00:00\" \/>\n<meta property=\"og:image\" content=\"https:\/\/nuevo-renacer.com\/wp-content\/uploads\/2024\/07\/colombia_montoya-1.jpg\" \/>\n<meta name=\"twitter:card\" content=\"summary_large_image\" \/>\n<meta name=\"twitter:label1\" content=\"Tahmini okuma s\u00fcresi\" \/>\n\t<meta name=\"twitter:data1\" content=\"4 dakika\" \/>\n<script type=\"application\/ld+json\" class=\"yoast-schema-graph\">{\"@context\":\"https:\/\/schema.org\",\"@graph\":[{\"@type\":\"WebPage\",\"@id\":\"https:\/\/nuevo-renacer.com\/colombia-montoya-de-martinez\/\",\"url\":\"https:\/\/nuevo-renacer.com\/colombia-montoya-de-martinez\/\",\"name\":\"Colombia Montoya de Martinez - Uni\u00f3n Esp\u00edrita\",\"isPartOf\":{\"@id\":\"https:\/\/nuevo-renacer.com\/#website\"},\"primaryImageOfPage\":{\"@id\":\"https:\/\/nuevo-renacer.com\/colombia-montoya-de-martinez\/#primaryimage\"},\"image\":{\"@id\":\"https:\/\/nuevo-renacer.com\/colombia-montoya-de-martinez\/#primaryimage\"},\"thumbnailUrl\":\"https:\/\/nuevo-renacer.com\/wp-content\/uploads\/2024\/07\/colombia_montoya-1.jpg\",\"datePublished\":\"2024-07-06T11:02:39+00:00\",\"dateModified\":\"2025-06-13T10:00:24+00:00\",\"breadcrumb\":{\"@id\":\"https:\/\/nuevo-renacer.com\/colombia-montoya-de-martinez\/#breadcrumb\"},\"inLanguage\":\"tr\",\"potentialAction\":[{\"@type\":\"ReadAction\",\"target\":[\"https:\/\/nuevo-renacer.com\/colombia-montoya-de-martinez\/\"]}]},{\"@type\":\"ImageObject\",\"inLanguage\":\"tr\",\"@id\":\"https:\/\/nuevo-renacer.com\/colombia-montoya-de-martinez\/#primaryimage\",\"url\":\"https:\/\/nuevo-renacer.com\/wp-content\/uploads\/2024\/07\/colombia_montoya-1.jpg\",\"contentUrl\":\"https:\/\/nuevo-renacer.com\/wp-content\/uploads\/2024\/07\/colombia_montoya-1.jpg\"},{\"@type\":\"BreadcrumbList\",\"@id\":\"https:\/\/nuevo-renacer.com\/colombia-montoya-de-martinez\/#breadcrumb\",\"itemListElement\":[{\"@type\":\"ListItem\",\"position\":1,\"name\":\"Startseite\",\"item\":\"https:\/\/nuevo-renacer.com\/\"},{\"@type\":\"ListItem\",\"position\":2,\"name\":\"Colombia Montoya de Martinez\"}]},{\"@type\":\"WebSite\",\"@id\":\"https:\/\/nuevo-renacer.com\/#website\",\"url\":\"https:\/\/nuevo-renacer.com\/\",\"name\":\"Uni\u00f3n Esp\u00edrita\",\"description\":\"Nuevo Renacer\",\"publisher\":{\"@id\":\"https:\/\/nuevo-renacer.com\/#organization\"},\"potentialAction\":[{\"@type\":\"SearchAction\",\"target\":{\"@type\":\"EntryPoint\",\"urlTemplate\":\"https:\/\/nuevo-renacer.com\/?s={search_term_string}\"},\"query-input\":{\"@type\":\"PropertyValueSpecification\",\"valueRequired\":true,\"valueName\":\"search_term_string\"}}],\"inLanguage\":\"tr\"},{\"@type\":\"Organization\",\"@id\":\"https:\/\/nuevo-renacer.com\/#organization\",\"name\":\"UFEC\",\"url\":\"https:\/\/nuevo-renacer.com\/\",\"logo\":{\"@type\":\"ImageObject\",\"inLanguage\":\"tr\",\"@id\":\"https:\/\/nuevo-renacer.com\/#\/schema\/logo\/image\/\",\"url\":\"https:\/\/nuevo-renacer.com\/wp-content\/uploads\/2024\/05\/cropped-LOGO-TERMINADO1-3-3.png\",\"contentUrl\":\"https:\/\/nuevo-renacer.com\/wp-content\/uploads\/2024\/05\/cropped-LOGO-TERMINADO1-3-3.png\",\"width\":512,\"height\":512,\"caption\":\"UFEC\"},\"image\":{\"@id\":\"https:\/\/nuevo-renacer.com\/#\/schema\/logo\/image\/\"},\"sameAs\":[\"https:\/\/www.facebook.com\/groups\/3431398063740829\"]}]}<\/script>\n<!-- \/ Yoast SEO Premium plugin. -->","yoast_head_json":{"title":"Colombia Montoya de Martinez - Uni\u00f3n Esp\u00edrita","robots":{"index":"index","follow":"follow","max-snippet":"max-snippet:-1","max-image-preview":"max-image-preview:large","max-video-preview":"max-video-preview:-1"},"canonical":"https:\/\/nuevo-renacer.com\/tr\/colombia-montoya-de-martinez\/","og_locale":"tr_TR","og_type":"article","og_title":"Colombia Montoya de Martinez","og_description":"Colombia Montoya de Martinez&nbsp;&nbsp; Colombia Montoya de Martinez naci\u00f3 en Siquirres, Costa Rica, el 23 de julio de 1925 y desencarn\u00f3 en Bogot\u00e1, Colombia, el 25 de mayo de 2012.&nbsp; Pionera, l\u00edder e incansable trabajadora del movimiento esp\u00edrita colombiano. Do\u00f1a Colombia quien durante m\u00e1s de 50 a\u00f1os desarroll\u00f3 en el pa\u00eds una encomiable y tesonera [&hellip;]","og_url":"https:\/\/nuevo-renacer.com\/tr\/colombia-montoya-de-martinez\/","og_site_name":"Uni\u00f3n Esp\u00edrita","article_publisher":"https:\/\/www.facebook.com\/groups\/3431398063740829","article_modified_time":"2025-06-13T10:00:24+00:00","og_image":[{"url":"https:\/\/nuevo-renacer.com\/wp-content\/uploads\/2024\/07\/colombia_montoya-1.jpg","type":"","width":"","height":""}],"twitter_card":"summary_large_image","twitter_misc":{"Tahmini okuma s\u00fcresi":"4 dakika"},"schema":{"@context":"https:\/\/schema.org","@graph":[{"@type":"WebPage","@id":"https:\/\/nuevo-renacer.com\/colombia-montoya-de-martinez\/","url":"https:\/\/nuevo-renacer.com\/colombia-montoya-de-martinez\/","name":"Colombia Montoya de Martinez - Uni\u00f3n Esp\u00edrita","isPartOf":{"@id":"https:\/\/nuevo-renacer.com\/#website"},"primaryImageOfPage":{"@id":"https:\/\/nuevo-renacer.com\/colombia-montoya-de-martinez\/#primaryimage"},"image":{"@id":"https:\/\/nuevo-renacer.com\/colombia-montoya-de-martinez\/#primaryimage"},"thumbnailUrl":"https:\/\/nuevo-renacer.com\/wp-content\/uploads\/2024\/07\/colombia_montoya-1.jpg","datePublished":"2024-07-06T11:02:39+00:00","dateModified":"2025-06-13T10:00:24+00:00","breadcrumb":{"@id":"https:\/\/nuevo-renacer.com\/colombia-montoya-de-martinez\/#breadcrumb"},"inLanguage":"tr","potentialAction":[{"@type":"ReadAction","target":["https:\/\/nuevo-renacer.com\/colombia-montoya-de-martinez\/"]}]},{"@type":"ImageObject","inLanguage":"tr","@id":"https:\/\/nuevo-renacer.com\/colombia-montoya-de-martinez\/#primaryimage","url":"https:\/\/nuevo-renacer.com\/wp-content\/uploads\/2024\/07\/colombia_montoya-1.jpg","contentUrl":"https:\/\/nuevo-renacer.com\/wp-content\/uploads\/2024\/07\/colombia_montoya-1.jpg"},{"@type":"BreadcrumbList","@id":"https:\/\/nuevo-renacer.com\/colombia-montoya-de-martinez\/#breadcrumb","itemListElement":[{"@type":"ListItem","position":1,"name":"Startseite","item":"https:\/\/nuevo-renacer.com\/"},{"@type":"ListItem","position":2,"name":"Colombia Montoya de Martinez"}]},{"@type":"WebSite","@id":"https:\/\/nuevo-renacer.com\/#website","url":"https:\/\/nuevo-renacer.com\/","name":"Uni\u00f3n Esp\u00edrita","description":"Nuevo Renacer","publisher":{"@id":"https:\/\/nuevo-renacer.com\/#organization"},"potentialAction":[{"@type":"SearchAction","target":{"@type":"EntryPoint","urlTemplate":"https:\/\/nuevo-renacer.com\/?s={search_term_string}"},"query-input":{"@type":"PropertyValueSpecification","valueRequired":true,"valueName":"search_term_string"}}],"inLanguage":"tr"},{"@type":"Organization","@id":"https:\/\/nuevo-renacer.com\/#organization","name":"UFEC","url":"https:\/\/nuevo-renacer.com\/","logo":{"@type":"ImageObject","inLanguage":"tr","@id":"https:\/\/nuevo-renacer.com\/#\/schema\/logo\/image\/","url":"https:\/\/nuevo-renacer.com\/wp-content\/uploads\/2024\/05\/cropped-LOGO-TERMINADO1-3-3.png","contentUrl":"https:\/\/nuevo-renacer.com\/wp-content\/uploads\/2024\/05\/cropped-LOGO-TERMINADO1-3-3.png","width":512,"height":512,"caption":"UFEC"},"image":{"@id":"https:\/\/nuevo-renacer.com\/#\/schema\/logo\/image\/"},"sameAs":["https:\/\/www.facebook.com\/groups\/3431398063740829"]}]}},"uagb_featured_image_src":{"full":false,"thumbnail":false,"medium":false,"medium_large":false,"large":false,"1536x1536":false,"2048x2048":false,"trp-custom-language-flag":false},"uagb_author_info":{"display_name":"adbv0","author_link":"https:\/\/nuevo-renacer.com\/tr\/author\/adbv0\/"},"uagb_comment_info":0,"uagb_excerpt":"Colombia Montoya de Martinez&nbsp;&nbsp; Colombia Montoya de Martinez naci\u00f3 en Siquirres, Costa Rica, el 23 de julio de 1925 y desencarn\u00f3 en Bogot\u00e1, Colombia, el 25 de mayo de 2012.&nbsp; Pionera, l\u00edder e incansable trabajadora del movimiento esp\u00edrita colombiano. Do\u00f1a Colombia quien durante m\u00e1s de 50 a\u00f1os desarroll\u00f3 en el pa\u00eds una encomiable y tesonera&hellip;","jetpack_sharing_enabled":true,"_links":{"self":[{"href":"https:\/\/nuevo-renacer.com\/tr\/wp-json\/wp\/v2\/pages\/3047","targetHints":{"allow":["GET"]}}],"collection":[{"href":"https:\/\/nuevo-renacer.com\/tr\/wp-json\/wp\/v2\/pages"}],"about":[{"href":"https:\/\/nuevo-renacer.com\/tr\/wp-json\/wp\/v2\/types\/page"}],"author":[{"embeddable":true,"href":"https:\/\/nuevo-renacer.com\/tr\/wp-json\/wp\/v2\/users\/1"}],"replies":[{"embeddable":true,"href":"https:\/\/nuevo-renacer.com\/tr\/wp-json\/wp\/v2\/comments?post=3047"}],"version-history":[{"count":3,"href":"https:\/\/nuevo-renacer.com\/tr\/wp-json\/wp\/v2\/pages\/3047\/revisions"}],"predecessor-version":[{"id":8324,"href":"https:\/\/nuevo-renacer.com\/tr\/wp-json\/wp\/v2\/pages\/3047\/revisions\/8324"}],"wp:attachment":[{"href":"https:\/\/nuevo-renacer.com\/tr\/wp-json\/wp\/v2\/media?parent=3047"}],"curies":[{"name":"wp","href":"https:\/\/api.w.org\/{rel}","templated":true}]}}