{"id":3034,"date":"2024-07-06T10:39:05","date_gmt":"2024-07-06T10:39:05","guid":{"rendered":"https:\/\/ufec-mundial.com\/?page_id=3034"},"modified":"2025-06-13T09:55:10","modified_gmt":"2025-06-13T09:55:10","slug":"camille-flammarion","status":"publish","type":"page","link":"https:\/\/nuevo-renacer.com\/tr\/camille-flammarion\/","title":{"rendered":"Camille Flammarion"},"content":{"rendered":"<div class=\"wp-block-uagb-container uagb-block-ed145b7a alignfull uagb-is-root-container\"><div class=\"uagb-container-inner-blocks-wrap\">\n<p class=\"has-black-color has-text-color has-link-color has-medium-font-size wp-elements-81b9299fa164e2b4699a623a8d4aa5cf\"><strong>Camille Flammarion<\/strong><\/p>\n<\/div><\/div>\n\n\n\n<div class=\"wp-block-uagb-container uagb-block-b55db49f alignfull uagb-is-root-container\"><div class=\"uagb-container-inner-blocks-wrap\">\n<div class=\"wp-block-uagb-image alignleft uagb-block-8c1a57b1 wp-block-uagb-image--layout-default wp-block-uagb-image--effect-static wp-block-uagb-image--align-left\"><figure class=\"wp-block-uagb-image__figure\"><img loading=\"lazy\" decoding=\"async\" srcset=\"https:\/\/nuevo-renacer.com\/wp-content\/uploads\/2024\/07\/Camille_Flammarion_by_Eugene_Pirou.jpg ,https:\/\/nuevo-renacer.com\/wp-content\/uploads\/2024\/07\/Camille_Flammarion_by_Eugene_Pirou.jpg 780w, https:\/\/nuevo-renacer.com\/wp-content\/uploads\/2024\/07\/Camille_Flammarion_by_Eugene_Pirou.jpg 360w\" sizes=\"auto, (max-width: 480px) 150px\" src=\"https:\/\/nuevo-renacer.com\/wp-content\/uploads\/2024\/07\/Camille_Flammarion_by_Eugene_Pirou.jpg\" alt=\"\" class=\"uag-image-3035\" width=\"199\" height=\"267\" title=\"\" role=\"img\"\/><\/figure><\/div>\n<\/div><\/div>\n\n\n\n<div class=\"wp-block-uagb-container uagb-block-6aee1f21 alignfull uagb-is-root-container\"><div class=\"uagb-container-inner-blocks-wrap\">\n<p class=\"has-black-color has-text-color has-link-color has-small-font-size wp-elements-37c1c533435b782faf38048f08c8c177\">Cammille Flammarion, \u00fcnl\u00fc Frans\u0131z astronom. 21 \u015eubat 1842&#039;de Fransa&#039;n\u0131n Montigny kentinde ve Haziran 1925&#039;te desencarn\u00f3&#039;da do\u011fdu.&nbsp;<\/p>\n\n\n\n<p class=\"has-black-color has-text-color has-link-color has-small-font-size wp-elements-6cc1dcdc8331f1c438bd52752a108f13\">1862&#039;den itibaren Spirit\u00fcalizm alimi oldu. Allan Kardec ile tan\u0131\u015ft\u0131 ve onunla yak\u0131n bir dostluk kurdu.&nbsp;<\/p>\n\n\n\n<p class=\"has-black-color has-text-color has-link-color has-small-font-size wp-elements-7f40cdc7deca17a667c895b1f221593d\">Allan Kardec, Leon Denis, Gabrielle Delanne ve di\u011ferleri olan bir grup ruhun par\u00e7as\u0131 oldu\u011funu biliyoruz. Ruhsal olarak b\u00fcy\u00fcmeye istekli zihinlere \u0131\u015f\u0131k ve bilgi getirmek i\u00e7in bilinci uyand\u0131rma ve Spiritist Doktrinin geli\u015ftirilmesi misyonuyla geldiler. Onlar, \u00dcstat \u0130sa&#039;y\u0131 yenileyen kelimeleri getiren \u00dc\u00e7\u00fcnc\u00fc Vahiy&#039;in ekip \u00fcyeleriydi.&nbsp;<\/p>\n\n\n\n<p class=\"has-black-color has-text-color has-link-color has-small-font-size wp-elements-8e51f642c279ea5d4eb19c46b785d7fb\">Camille Flammarion, bu bilimde \u00f6nc\u00fc olarak \u00f6ne \u00e7\u0131karak Avrupa&#039;da astronomiyi pop\u00fcler hale getirdi. Frans\u0131z Akademisi Hareket \u00d6d\u00fcl\u00fc&#039;n\u00fc ald\u0131 ve eserleri neredeyse t\u00fcm dillere \u00e7evrildi.&nbsp;<\/p>\n\n\n\n<p class=\"has-black-color has-text-color has-link-color has-small-font-size wp-elements-2912e31aac795dbe505b3472e415d225\">Erken ya\u015fta bir \u00e7ocuktu, d\u00f6rt ya\u015f\u0131nda okurdu ve be\u015fe yazard\u0131. Bilgiye olan ilgisinin s\u0131n\u0131r\u0131 yoktu. Astronomi, Felsefe ve Yeni Ahit \u00e7al\u0131\u015fmas\u0131nda ba\u015far\u0131l\u0131 oldu. \u00c7ok gen\u00e7 olmak, ebeveyn evinin bak\u0131m\u0131na katk\u0131da bulunmak i\u00e7in hala \u00e7ok \u00e7al\u0131\u015fmak zorunda kald\u0131. Metallerde \u00e7\u0131rak oymac\u0131 olarak ba\u015flad\u0131 ve kar\u015f\u0131l\u0131\u011f\u0131nda ev ve yiyecek ald\u0131. K\u00f6t\u00fc yedim ve az uyudum. Buldu\u011fum her \u015feyi okumak ve okumak i\u00e7in kulland\u0131\u011f\u0131m bo\u015f zaman. Mumun \u0131\u015f\u0131\u011f\u0131nda ve bazen sadece ay\u0131n par\u0131lt\u0131s\u0131yla okuyun.&nbsp;<\/p>\n\n\n\n<p class=\"has-black-color has-text-color has-link-color has-small-font-size wp-elements-d0e8c7295768055ba75da6271782493c\">On alt\u0131 ya\u015f\u0131nda, bilim adamlar\u0131 aras\u0131nda b\u00fcy\u00fck hayranl\u0131k uyand\u0131ran ilk eseri \u201c\u0130nsan\u0131n ortaya \u00e7\u0131kmas\u0131ndan \u00f6nceki d\u00fcnya\u201d y\u0131 yay\u0131nlad\u0131.&nbsp;<\/p>\n\n\n\n<p class=\"has-black-color has-text-color has-link-color has-small-font-size wp-elements-602ed050185794e3e54aa4944d046430\">Astronomiye olan ilgisini geli\u015ftirdi\u011fi Paris G\u00f6zlemevi&#039;ne girdikten k\u0131sa bir s\u00fcre sonra, ancak onlardan daha \u00e7ok tan\u0131d\u0131\u011f\u0131m gen\u00e7 bir adama tahamm\u00fcl edemeyen daha ya\u015fl\u0131 bilim adamlar\u0131n\u0131n k\u0131skan\u00e7l\u0131\u011f\u0131na maruz kald\u0131.&nbsp;<\/p>\n\n\n\n<p class=\"has-black-color has-text-color has-link-color has-small-font-size wp-elements-6771fd0904a11a08e34cae7d0c6a85ad\">Astronomi ve Felsefe \u00fczerine ba\u015fka eserler yay\u0131nlad\u0131. Kardec&#039;in ki\u015fisel bir arkada\u015f\u0131yd\u0131. Dergide Spiritist s\u0131k s\u0131k Kardec Flammarion&#039;dan ve g\u00fcc\u00fcn\u00fcn bir ortam olarak geli\u015fimindeki deneyimlerinden bahsetti. psikogr\u00e1fico.&nbsp;<\/p>\n\n\n\n<p class=\"has-black-color has-text-color has-link-color has-small-font-size wp-elements-6fa478d01f1fc9e271b4b293b2781563\">Hipnoz uygulayan ilk ki\u015filerden biriydi ve bunu \u00f6\u011fretti. \u00d6zellikle son y\u0131llar\u0131nda ate\u015fli bir spirit\u00fcalistti; fenomen spirit\u00fcalistlerin hen\u00fcz ke\u015ffedilmemi\u015f bilimsel ilkelerle y\u00f6netildi\u011fini belirtti. Mezar\u0131nda y\u00fcrekten bir konu\u015fma yapt\u0131\u011f\u0131 arkada\u015f\u0131 Kardec&#039;in \u00f6l\u00fcm\u00fc \u00fczerine Paris Soci\u00e9t\u00e9 Spirite&#039;in ba\u015fkanl\u0131\u011f\u0131n\u0131 reddetti.&nbsp;<\/p>\n\n\n\n<p class=\"has-black-color has-text-color has-link-color has-small-font-size wp-elements-f5e3c4d0ef7696f711b47d0a42888475\">En \u00fcnl\u00fc eserleri aras\u0131nda \u015funlar\u0131 belirtmeliyiz:&nbsp;<\/p>\n\n\n\n<p class=\"has-black-color has-text-color has-link-color has-small-font-size wp-elements-c40b045dd1c132a050c4d9e3d11757d2\">&#034;Hayali d\u00fcnyalar ve ger\u00e7ek D\u00fcnyalar\u201d&nbsp;<br>&#034;G\u00f6ksel harikalar\u201d&nbsp;<br>&#034;Do\u011fada Tanr\u0131\u201d&nbsp;<br>&#034;Bilimsel Tefekk\u00fcrler\u201d&nbsp;<br>\u201dAtmosfer&#034;&nbsp;<br>&#034;Perili ev\u201d&nbsp;<br>\u201dUrania&#034;&nbsp;<br>&#034;\u00d6l\u00fcm ve gizemleri\u201d&nbsp;<br>&#034;D\u00fcnyan\u0131n sonu\u201d&nbsp;<br>&#034;\u00c7ok say\u0131da yerle\u015fik d\u00fcnya\u201d&nbsp;<\/p>\n\n\n\n<p class=\"has-black-color has-text-color has-link-color has-small-font-size wp-elements-48b5f95fc43b34b9fca1e592c6f2f9d1\">Flammarion, Gabrielle Delanne&#039;in deyimiyle, bir filozoftu, bilim sanat\u0131na ve sanat bilimine sahip \u00e7ok bilge bir adamd\u0131.&nbsp;<\/p>\n\n\n\n<p class=\"has-black-color has-text-color has-link-color has-small-font-size wp-elements-968726e3f978824add7ccf7901cb8d80\">Doktrinin yorulmak bilmeyen yazar\u0131 ve destek\u00e7isi, sosyal yard\u0131m \u00e7abalar\u0131nda ve \u00e7al\u0131\u015fmalar\u0131nda Kardec&#039;in e\u015flik etti\u011fi \u0130yi haber bayra\u011f\u0131n\u0131 ta\u015f\u0131d\u0131.&nbsp;<\/p>\n\n\n\n<p class=\"has-black-color has-text-color has-link-color has-small-font-size wp-elements-0a99a5073dbee7e9c74df81eec989038\">Bu b\u00fcy\u00fck adama sahibiz, reenkarnasyon, yerle\u015fik d\u00fcnyalar\u0131n \u00e7oklu\u011fu, ruhun evrimi, Ruhlarla ileti\u015fim ve di\u011ferleri gibi konularda \u00f6nemli \u00e7al\u0131\u015fmalar. Her \u015feyden \u00f6nce, size bilime, yarat\u0131lan her \u015feyin varl\u0131\u011f\u0131n\u0131n maneviyat\u0131na i\u015faret eden yeni bir yakla\u015f\u0131m bor\u00e7luyuz.&nbsp;<\/p>\n\n\n\n<p class=\"has-black-color has-text-color has-link-color has-small-font-size wp-elements-f6e42e4f6a70c7c1ee9a6dd3f311cd0d\">Ad\u0131n\u0131z her zaman insanl\u0131\u011f\u0131n ruhsal geli\u015fimini memnun etmek i\u00e7in her \u015feyi veren b\u00fcy\u00fck adamlar\u0131n yan\u0131nda olacakt\u0131r.&nbsp;&nbsp;<\/p>\n<\/div><\/div>\n\n\n\n<div class=\"wp-block-uagb-container uagb-block-d80be9f6 alignfull uagb-is-root-container\"><div class=\"uagb-container-inner-blocks-wrap\"><\/div><\/div>\n\n\n\n<div class=\"wp-block-uagb-container uagb-block-3c3de97c alignfull uagb-is-root-container\"><div class=\"uagb-container-inner-blocks-wrap\"><\/div><\/div>","protected":false},"excerpt":{"rendered":"<p>Camille Flammarion Cammille Flammarion, famoso astr\u00f3nomo franc\u00e9s. Naci\u00f3 en Montigny, Francia, el 21 de febrero de 1842 y desencarn\u00f3 en junio de 1925.&nbsp; Desde 1862 se convirti\u00f3 en un estudioso del Espiritismo. Conoci\u00f3 a Allan Kardec y entabl\u00f3 una estrecha amistad con \u00e9l.&nbsp; Sabemos que \u00e9l formaba parte de un grupo de esp\u00edritus en los [&hellip;]<\/p>","protected":false},"author":1,"featured_media":0,"parent":0,"menu_order":0,"comment_status":"closed","ping_status":"closed","template":"","meta":{"_uag_custom_page_level_css":"","site-sidebar-layout":"default","site-content-layout":"","ast-site-content-layout":"default","site-content-style":"default","site-sidebar-style":"default","ast-global-header-display":"","ast-banner-title-visibility":"","ast-main-header-display":"","ast-hfb-above-header-display":"","ast-hfb-below-header-display":"","ast-hfb-mobile-header-display":"","site-post-title":"disabled","ast-breadcrumbs-content":"","ast-featured-img":"","footer-sml-layout":"","theme-transparent-header-meta":"","adv-header-id-meta":"","stick-header-meta":"","header-above-stick-meta":"","header-main-stick-meta":"","header-below-stick-meta":"","astra-migrate-meta-layouts":"set","ast-page-background-enabled":"default","ast-page-background-meta":{"desktop":{"background-color":"var(--ast-global-color-4)","background-image":"","background-repeat":"repeat","background-position":"center center","background-size":"auto","background-attachment":"scroll","background-type":"","background-media":"","overlay-type":"","overlay-color":"","overlay-opacity":"","overlay-gradient":""},"tablet":{"background-color":"","background-image":"","background-repeat":"repeat","background-position":"center center","background-size":"auto","background-attachment":"scroll","background-type":"","background-media":"","overlay-type":"","overlay-color":"","overlay-opacity":"","overlay-gradient":""},"mobile":{"background-color":"","background-image":"","background-repeat":"repeat","background-position":"center center","background-size":"auto","background-attachment":"scroll","background-type":"","background-media":"","overlay-type":"","overlay-color":"","overlay-opacity":"","overlay-gradient":""}},"ast-content-background-meta":{"desktop":{"background-color":"var(--ast-global-color-5)","background-image":"","background-repeat":"repeat","background-position":"center center","background-size":"auto","background-attachment":"scroll","background-type":"","background-media":"","overlay-type":"","overlay-color":"","overlay-opacity":"","overlay-gradient":""},"tablet":{"background-color":"var(--ast-global-color-5)","background-image":"","background-repeat":"repeat","background-position":"center center","background-size":"auto","background-attachment":"scroll","background-type":"","background-media":"","overlay-type":"","overlay-color":"","overlay-opacity":"","overlay-gradient":""},"mobile":{"background-color":"var(--ast-global-color-5)","background-image":"","background-repeat":"repeat","background-position":"center center","background-size":"auto","background-attachment":"scroll","background-type":"","background-media":"","overlay-type":"","overlay-color":"","overlay-opacity":"","overlay-gradient":""}},"footnotes":""},"class_list":["post-3034","page","type-page","status-publish","hentry"],"yoast_head":"<!-- This site is optimized with the Yoast SEO Premium plugin v24.2 (Yoast SEO v24.6) - https:\/\/yoast.com\/wordpress\/plugins\/seo\/ -->\n<title>Camille Flammarion - Uni\u00f3n Esp\u00edrita<\/title>\n<meta name=\"robots\" content=\"index, follow, max-snippet:-1, max-image-preview:large, max-video-preview:-1\" \/>\n<link rel=\"canonical\" href=\"https:\/\/nuevo-renacer.com\/tr\/camille-flammarion\/\" \/>\n<meta property=\"og:locale\" content=\"tr_TR\" \/>\n<meta property=\"og:type\" content=\"article\" \/>\n<meta property=\"og:title\" content=\"Camille Flammarion\" \/>\n<meta property=\"og:description\" content=\"Camille Flammarion Cammille Flammarion, famoso astr\u00f3nomo franc\u00e9s. Naci\u00f3 en Montigny, Francia, el 21 de febrero de 1842 y desencarn\u00f3 en junio de 1925.&nbsp; Desde 1862 se convirti\u00f3 en un estudioso del Espiritismo. Conoci\u00f3 a Allan Kardec y entabl\u00f3 una estrecha amistad con \u00e9l.&nbsp; Sabemos que \u00e9l formaba parte de un grupo de esp\u00edritus en los [&hellip;]\" \/>\n<meta property=\"og:url\" content=\"https:\/\/nuevo-renacer.com\/tr\/camille-flammarion\/\" \/>\n<meta property=\"og:site_name\" content=\"Uni\u00f3n Esp\u00edrita\" \/>\n<meta property=\"article:publisher\" content=\"https:\/\/www.facebook.com\/groups\/3431398063740829\" \/>\n<meta property=\"article:modified_time\" content=\"2025-06-13T09:55:10+00:00\" \/>\n<meta property=\"og:image\" content=\"https:\/\/nuevo-renacer.com\/wp-content\/uploads\/2024\/07\/Camille_Flammarion_by_Eugene_Pirou.jpg\" \/>\n<meta name=\"twitter:card\" content=\"summary_large_image\" \/>\n<meta name=\"twitter:label1\" content=\"Tahmini okuma s\u00fcresi\" \/>\n\t<meta name=\"twitter:data1\" content=\"4 dakika\" \/>\n<script type=\"application\/ld+json\" class=\"yoast-schema-graph\">{\"@context\":\"https:\/\/schema.org\",\"@graph\":[{\"@type\":\"WebPage\",\"@id\":\"https:\/\/nuevo-renacer.com\/camille-flammarion\/\",\"url\":\"https:\/\/nuevo-renacer.com\/camille-flammarion\/\",\"name\":\"Camille Flammarion - Uni\u00f3n Esp\u00edrita\",\"isPartOf\":{\"@id\":\"https:\/\/nuevo-renacer.com\/#website\"},\"primaryImageOfPage\":{\"@id\":\"https:\/\/nuevo-renacer.com\/camille-flammarion\/#primaryimage\"},\"image\":{\"@id\":\"https:\/\/nuevo-renacer.com\/camille-flammarion\/#primaryimage\"},\"thumbnailUrl\":\"https:\/\/nuevo-renacer.com\/wp-content\/uploads\/2024\/07\/Camille_Flammarion_by_Eugene_Pirou.jpg\",\"datePublished\":\"2024-07-06T10:39:05+00:00\",\"dateModified\":\"2025-06-13T09:55:10+00:00\",\"breadcrumb\":{\"@id\":\"https:\/\/nuevo-renacer.com\/camille-flammarion\/#breadcrumb\"},\"inLanguage\":\"tr\",\"potentialAction\":[{\"@type\":\"ReadAction\",\"target\":[\"https:\/\/nuevo-renacer.com\/camille-flammarion\/\"]}]},{\"@type\":\"ImageObject\",\"inLanguage\":\"tr\",\"@id\":\"https:\/\/nuevo-renacer.com\/camille-flammarion\/#primaryimage\",\"url\":\"https:\/\/nuevo-renacer.com\/wp-content\/uploads\/2024\/07\/Camille_Flammarion_by_Eugene_Pirou.jpg\",\"contentUrl\":\"https:\/\/nuevo-renacer.com\/wp-content\/uploads\/2024\/07\/Camille_Flammarion_by_Eugene_Pirou.jpg\"},{\"@type\":\"BreadcrumbList\",\"@id\":\"https:\/\/nuevo-renacer.com\/camille-flammarion\/#breadcrumb\",\"itemListElement\":[{\"@type\":\"ListItem\",\"position\":1,\"name\":\"Startseite\",\"item\":\"https:\/\/nuevo-renacer.com\/\"},{\"@type\":\"ListItem\",\"position\":2,\"name\":\"Camille Flammarion\"}]},{\"@type\":\"WebSite\",\"@id\":\"https:\/\/nuevo-renacer.com\/#website\",\"url\":\"https:\/\/nuevo-renacer.com\/\",\"name\":\"Uni\u00f3n Esp\u00edrita\",\"description\":\"Nuevo Renacer\",\"publisher\":{\"@id\":\"https:\/\/nuevo-renacer.com\/#organization\"},\"potentialAction\":[{\"@type\":\"SearchAction\",\"target\":{\"@type\":\"EntryPoint\",\"urlTemplate\":\"https:\/\/nuevo-renacer.com\/?s={search_term_string}\"},\"query-input\":{\"@type\":\"PropertyValueSpecification\",\"valueRequired\":true,\"valueName\":\"search_term_string\"}}],\"inLanguage\":\"tr\"},{\"@type\":\"Organization\",\"@id\":\"https:\/\/nuevo-renacer.com\/#organization\",\"name\":\"UFEC\",\"url\":\"https:\/\/nuevo-renacer.com\/\",\"logo\":{\"@type\":\"ImageObject\",\"inLanguage\":\"tr\",\"@id\":\"https:\/\/nuevo-renacer.com\/#\/schema\/logo\/image\/\",\"url\":\"https:\/\/nuevo-renacer.com\/wp-content\/uploads\/2024\/05\/cropped-LOGO-TERMINADO1-3-3.png\",\"contentUrl\":\"https:\/\/nuevo-renacer.com\/wp-content\/uploads\/2024\/05\/cropped-LOGO-TERMINADO1-3-3.png\",\"width\":512,\"height\":512,\"caption\":\"UFEC\"},\"image\":{\"@id\":\"https:\/\/nuevo-renacer.com\/#\/schema\/logo\/image\/\"},\"sameAs\":[\"https:\/\/www.facebook.com\/groups\/3431398063740829\"]}]}<\/script>\n<!-- \/ Yoast SEO Premium plugin. -->","yoast_head_json":{"title":"Camille Flammarion - Uni\u00f3n Esp\u00edrita","robots":{"index":"index","follow":"follow","max-snippet":"max-snippet:-1","max-image-preview":"max-image-preview:large","max-video-preview":"max-video-preview:-1"},"canonical":"https:\/\/nuevo-renacer.com\/tr\/camille-flammarion\/","og_locale":"tr_TR","og_type":"article","og_title":"Camille Flammarion","og_description":"Camille Flammarion Cammille Flammarion, famoso astr\u00f3nomo franc\u00e9s. Naci\u00f3 en Montigny, Francia, el 21 de febrero de 1842 y desencarn\u00f3 en junio de 1925.&nbsp; Desde 1862 se convirti\u00f3 en un estudioso del Espiritismo. Conoci\u00f3 a Allan Kardec y entabl\u00f3 una estrecha amistad con \u00e9l.&nbsp; Sabemos que \u00e9l formaba parte de un grupo de esp\u00edritus en los [&hellip;]","og_url":"https:\/\/nuevo-renacer.com\/tr\/camille-flammarion\/","og_site_name":"Uni\u00f3n Esp\u00edrita","article_publisher":"https:\/\/www.facebook.com\/groups\/3431398063740829","article_modified_time":"2025-06-13T09:55:10+00:00","og_image":[{"url":"https:\/\/nuevo-renacer.com\/wp-content\/uploads\/2024\/07\/Camille_Flammarion_by_Eugene_Pirou.jpg","type":"","width":"","height":""}],"twitter_card":"summary_large_image","twitter_misc":{"Tahmini okuma s\u00fcresi":"4 dakika"},"schema":{"@context":"https:\/\/schema.org","@graph":[{"@type":"WebPage","@id":"https:\/\/nuevo-renacer.com\/camille-flammarion\/","url":"https:\/\/nuevo-renacer.com\/camille-flammarion\/","name":"Camille Flammarion - Uni\u00f3n Esp\u00edrita","isPartOf":{"@id":"https:\/\/nuevo-renacer.com\/#website"},"primaryImageOfPage":{"@id":"https:\/\/nuevo-renacer.com\/camille-flammarion\/#primaryimage"},"image":{"@id":"https:\/\/nuevo-renacer.com\/camille-flammarion\/#primaryimage"},"thumbnailUrl":"https:\/\/nuevo-renacer.com\/wp-content\/uploads\/2024\/07\/Camille_Flammarion_by_Eugene_Pirou.jpg","datePublished":"2024-07-06T10:39:05+00:00","dateModified":"2025-06-13T09:55:10+00:00","breadcrumb":{"@id":"https:\/\/nuevo-renacer.com\/camille-flammarion\/#breadcrumb"},"inLanguage":"tr","potentialAction":[{"@type":"ReadAction","target":["https:\/\/nuevo-renacer.com\/camille-flammarion\/"]}]},{"@type":"ImageObject","inLanguage":"tr","@id":"https:\/\/nuevo-renacer.com\/camille-flammarion\/#primaryimage","url":"https:\/\/nuevo-renacer.com\/wp-content\/uploads\/2024\/07\/Camille_Flammarion_by_Eugene_Pirou.jpg","contentUrl":"https:\/\/nuevo-renacer.com\/wp-content\/uploads\/2024\/07\/Camille_Flammarion_by_Eugene_Pirou.jpg"},{"@type":"BreadcrumbList","@id":"https:\/\/nuevo-renacer.com\/camille-flammarion\/#breadcrumb","itemListElement":[{"@type":"ListItem","position":1,"name":"Startseite","item":"https:\/\/nuevo-renacer.com\/"},{"@type":"ListItem","position":2,"name":"Camille Flammarion"}]},{"@type":"WebSite","@id":"https:\/\/nuevo-renacer.com\/#website","url":"https:\/\/nuevo-renacer.com\/","name":"Uni\u00f3n Esp\u00edrita","description":"Nuevo Renacer","publisher":{"@id":"https:\/\/nuevo-renacer.com\/#organization"},"potentialAction":[{"@type":"SearchAction","target":{"@type":"EntryPoint","urlTemplate":"https:\/\/nuevo-renacer.com\/?s={search_term_string}"},"query-input":{"@type":"PropertyValueSpecification","valueRequired":true,"valueName":"search_term_string"}}],"inLanguage":"tr"},{"@type":"Organization","@id":"https:\/\/nuevo-renacer.com\/#organization","name":"UFEC","url":"https:\/\/nuevo-renacer.com\/","logo":{"@type":"ImageObject","inLanguage":"tr","@id":"https:\/\/nuevo-renacer.com\/#\/schema\/logo\/image\/","url":"https:\/\/nuevo-renacer.com\/wp-content\/uploads\/2024\/05\/cropped-LOGO-TERMINADO1-3-3.png","contentUrl":"https:\/\/nuevo-renacer.com\/wp-content\/uploads\/2024\/05\/cropped-LOGO-TERMINADO1-3-3.png","width":512,"height":512,"caption":"UFEC"},"image":{"@id":"https:\/\/nuevo-renacer.com\/#\/schema\/logo\/image\/"},"sameAs":["https:\/\/www.facebook.com\/groups\/3431398063740829"]}]}},"uagb_featured_image_src":{"full":false,"thumbnail":false,"medium":false,"medium_large":false,"large":false,"1536x1536":false,"2048x2048":false,"trp-custom-language-flag":false},"uagb_author_info":{"display_name":"adbv0","author_link":"https:\/\/nuevo-renacer.com\/tr\/author\/adbv0\/"},"uagb_comment_info":0,"uagb_excerpt":"Camille Flammarion Cammille Flammarion, famoso astr\u00f3nomo franc\u00e9s. Naci\u00f3 en Montigny, Francia, el 21 de febrero de 1842 y desencarn\u00f3 en junio de 1925.&nbsp; Desde 1862 se convirti\u00f3 en un estudioso del Espiritismo. Conoci\u00f3 a Allan Kardec y entabl\u00f3 una estrecha amistad con \u00e9l.&nbsp; Sabemos que \u00e9l formaba parte de un grupo de esp\u00edritus en los&hellip;","jetpack_sharing_enabled":true,"_links":{"self":[{"href":"https:\/\/nuevo-renacer.com\/tr\/wp-json\/wp\/v2\/pages\/3034","targetHints":{"allow":["GET"]}}],"collection":[{"href":"https:\/\/nuevo-renacer.com\/tr\/wp-json\/wp\/v2\/pages"}],"about":[{"href":"https:\/\/nuevo-renacer.com\/tr\/wp-json\/wp\/v2\/types\/page"}],"author":[{"embeddable":true,"href":"https:\/\/nuevo-renacer.com\/tr\/wp-json\/wp\/v2\/users\/1"}],"replies":[{"embeddable":true,"href":"https:\/\/nuevo-renacer.com\/tr\/wp-json\/wp\/v2\/comments?post=3034"}],"version-history":[{"count":4,"href":"https:\/\/nuevo-renacer.com\/tr\/wp-json\/wp\/v2\/pages\/3034\/revisions"}],"predecessor-version":[{"id":8318,"href":"https:\/\/nuevo-renacer.com\/tr\/wp-json\/wp\/v2\/pages\/3034\/revisions\/8318"}],"wp:attachment":[{"href":"https:\/\/nuevo-renacer.com\/tr\/wp-json\/wp\/v2\/media?parent=3034"}],"curies":[{"name":"wp","href":"https:\/\/api.w.org\/{rel}","templated":true}]}}