{"id":3012,"date":"2024-07-06T10:13:55","date_gmt":"2024-07-06T10:13:55","guid":{"rendered":"https:\/\/ufec-mundial.com\/?page_id=3012"},"modified":"2025-07-02T06:39:40","modified_gmt":"2025-07-02T06:39:40","slug":"aurora-de-los-santos","status":"publish","type":"page","link":"https:\/\/nuevo-renacer.com\/tr\/aurora-de-los-santos\/","title":{"rendered":"Aurora de los Santos"},"content":{"rendered":"<div class=\"wp-block-uagb-container uagb-block-a686c4cb alignfull uagb-is-root-container\"><div class=\"uagb-container-inner-blocks-wrap\">\n<p class=\"has-black-color has-text-color has-link-color has-medium-font-size wp-elements-66a757b447cba53b14f83bfb3c175f37\"><strong>Aurora de los Santos<\/strong> ( 1890-1969 )<\/p>\n<\/div><\/div>\n\n\n\n<div class=\"wp-block-uagb-container uagb-block-1e58a78a alignfull uagb-is-root-container\"><div class=\"uagb-container-inner-blocks-wrap\">\n<div class=\"wp-block-uagb-image alignleft uagb-block-178eb020 wp-block-uagb-image--layout-default wp-block-uagb-image--effect-static wp-block-uagb-image--align-left\"><figure class=\"wp-block-uagb-image__figure\"><img loading=\"lazy\" decoding=\"async\" srcset=\"https:\/\/nuevo-renacer.com\/wp-content\/uploads\/2024\/07\/aurora-1.jpg ,https:\/\/nuevo-renacer.com\/wp-content\/uploads\/2024\/07\/aurora-1.jpg 780w, https:\/\/nuevo-renacer.com\/wp-content\/uploads\/2024\/07\/aurora-1.jpg 360w\" sizes=\"auto, (max-width: 480px) 150px\" src=\"https:\/\/nuevo-renacer.com\/wp-content\/uploads\/2024\/07\/aurora-1.jpg\" alt=\"\" class=\"uag-image-3013\" width=\"235\" height=\"181\" title=\"aurora-1\" role=\"img\"\/><\/figure><\/div>\n<\/div><\/div>\n\n\n\n<div class=\"wp-block-uagb-container uagb-block-7650cf6b alignfull uagb-is-root-container\"><div class=\"uagb-container-inner-blocks-wrap\">\n<p class=\"has-black-color has-text-color has-link-color has-small-font-size wp-elements-8a719a725b7a02d349954a6242f883d7\">Spirit\u00fcalizm uruguayl\u0131, \u00f6rne\u011fi ve ba\u011fl\u0131l\u0131\u011f\u0131yla Kardec&#039;in fikirlerini Rio de la Plata&#039;n\u0131n di\u011fer taraf\u0131ndan pop\u00fclerle\u015ftirmeye yard\u0131mc\u0131 olan bu kad\u0131na \u00e7ok \u015fey bor\u00e7ludur.&nbsp;<\/p>\n\n\n\n<p class=\"has-black-color has-text-color has-link-color has-small-font-size wp-elements-b2f6d11cc302070d288ebd850647c35e\">Uruguay&#039;\u0131n ilk Spiritist Kurumunu kurdu.&nbsp;<\/p>\n\n\n\n<p class=\"has-black-color has-text-color has-link-color has-small-font-size wp-elements-8a27664d02df320fb039e4943b5fa2c8\">Brezilyal\u0131 Jos\u00e9 Fabr\u00edcio dos Santos ve ispanyol Petrona Tejera&#039;n\u0131n k\u0131z\u0131yd\u0131. Brezilya s\u0131n\u0131r\u0131ndaki Rivera b\u00f6l\u00fcm\u00fcnde ya\u015f\u0131yordu. Okulun sadece ilk y\u0131llar\u0131na kat\u0131labildi. Hayat\u0131 zorluklar ve fedakarl\u0131klarla doluydu. Onlar topra\u011f\u0131n \u00e7ift\u00e7ileriydi. \u0130\u00e7inde \u00e7ok az fenomen ortaya \u00e7\u0131kt\u0131\u011f\u0131 i\u00e7in basiret medyumlar\u0131ebeveynlerinin onlar\u0131 bast\u0131rmaya \u00e7al\u0131\u015ft\u0131klar\u0131n\u0131, \u00e7\u00fcnk\u00fc ger\u00e7ek nedenlerinin fark\u0131nda olmad\u0131klar\u0131n\u0131.&nbsp;<\/p>\n\n\n\n<p class=\"has-black-color has-text-color has-link-color has-small-font-size wp-elements-c7bd4eb2bc594fae2dbc5878b60e6d41\">\u0130ki evlilikten yedi \u00e7ocuk annesiydi. 1933&#039;te ilk kocas\u0131n\u0131 terk etti ve onu sefalet i\u00e7inde ve kaynaks\u0131z b\u0131rakt\u0131. O s\u0131k\u0131nt\u0131l\u0131 anlarda, ona Maneviyat \u00fczerine baz\u0131 bro\u015f\u00fcrler veren Valentina ad\u0131nda bir bayanla tan\u0131\u015ft\u0131. Okumak ruhunu huzur ve anlay\u0131\u015fla doldurdu. \u0130nan\u00e7 dolu olarak, \u00e7ocuklar\u0131yla birlikte Rivera ve Livramento s\u0131n\u0131r \u015fehirlerinde bulunan baz\u0131 esp\u00edritas merkezlerine kat\u0131lmaya ba\u015flad\u0131.&nbsp;<\/p>\n\n\n\n<p class=\"has-black-color has-text-color has-link-color has-small-font-size wp-elements-6494cdb60625fa1719f2414d2cb8d3ab\">Kendisini kitab\u0131n okunmas\u0131na adad\u0131 \u0130ncil Ruh\u00e7ulu\u011fa g\u00f6re, Allan Kardec.&nbsp;<\/p>\n\n\n\n<p class=\"has-black-color has-text-color has-link-color has-small-font-size wp-elements-aa3278bd514a41f82bc8589871dbb274\">1935&#039;te daha iyi \u00fccretler aramak i\u00e7in Montevideo&#039;ya ta\u015f\u0131nd\u0131. Terziydi.&nbsp;<\/p>\n\n\n\n<p class=\"has-black-color has-text-color has-link-color has-small-font-size wp-elements-d0a45b441a4cf79cd5e359b43b6bf659\">Bir g\u00fcn Montevideo&#039;da \u00e7ok yorgundu ve tek \u015fiir kitab\u0131 olan \u0130ncil&#039;i okuyan \u00e7ocuklar\u0131ndan birine sordu. Bu vesileyle, onlara korkmamalar\u0131 gerekti\u011fini s\u00f6yleyen, sadece yard\u0131ma gelen gen\u00e7 adam\u0131n \u015fa\u015fk\u0131nl\u0131\u011f\u0131na bir Ruh g\u00f6sterdi. \u00dc\u00e7 ya da d\u00f6rt ki\u015fiyi bir araya getirmesini istedi ve sonra geri d\u00f6necekti. \u00d6yle yapt\u0131lar ve ertesi g\u00fcn medyumluk yoluna ba\u015flamak i\u00e7in tan\u0131\u015ft\u0131k.&nbsp;<\/p>\n\n\n\n<p class=\"has-black-color has-text-color has-link-color has-small-font-size wp-elements-539c6b28f6b74f005b6ae1f87779f6eb\">Aurora, k\u00f6rlerin, topallar\u0131n, kanser hastalar\u0131n\u0131n ve d\u00fcnya&#039;da t\u0131ptan umudu olmayan insanlar\u0131n mucizevi tedavilerini elde ederek \u00f6zellikle medyumluk tedavisi geli\u015ftirdi. K\u0131sa s\u00fcrede \u00fcnleri b\u00f6lgeye yay\u0131ld\u0131 ve y\u00fczlerce ki\u015fiden b\u0131kt\u0131.&nbsp;<\/p>\n\n\n\n<p class=\"has-black-color has-text-color has-link-color has-small-font-size wp-elements-1dbba69f87037ea9916ce825f4b76064\">O zamanlar Uruguay&#039;da Maneviyat neredeyse bilinmiyordu. Aurora yasad\u0131\u015f\u0131 t\u0131p uygulamalar\u0131yla su\u00e7land\u0131. Birka\u00e7 ayd\u0131r avd\u0131. Yoksul \u00e7ocuklar\u0131 farkl\u0131 yerlere, hatta huzurevlerine g\u00f6nderildi.&nbsp;<\/p>\n\n\n\n<p class=\"has-black-color has-text-color has-link-color has-small-font-size wp-elements-3d9e6180043088cda9afe917d25e8888\">Tekrar hapisten \u00e7\u0131kt\u0131\u011f\u0131nda, hemen, medyumlu\u011funu \u00e7al\u0131\u015fmak, muhta\u00e7 karde\u015flerine ruhun ve bedenin karde\u015flerine yard\u0131m etmek.&nbsp;<\/p>\n\n\n\n<p class=\"has-black-color has-text-color has-link-color has-small-font-size wp-elements-e818548cf33fcbe82d1b2b64bff04493\">Y\u0131llarca s\u00fcren m\u00fccadele, zul\u00fcm ve sald\u0131r\u0131lardan sonra, 31 May\u0131s 1944&#039;te a\u00e7\u0131lan Uruguay&#039;\u0131n ilk merkez ruh\u00e7usu: \u201cGer\u00e7e\u011fe M\u00fcjde Merkezi\u201d i\u00e7in yasal stat\u00fc kazanmay\u0131 ba\u015fard\u0131. Onun sars\u0131lmaz inanc\u0131 ve H\u0131ristiyan ger\u00e7e\u011finin if\u015fa edilmesinden yana \u00e7al\u0131\u015fmas\u0131yla ba\u015far\u0131. O g\u00fcn s\u00f6ylenen Ruh arkada\u015f\u0131, size yard\u0131m etmek ve yard\u0131m etmek i\u00e7in asla durmad\u0131.&nbsp;<\/p>\n\n\n\n<p class=\"has-black-color has-text-color has-link-color has-small-font-size wp-elements-61b02e9ee31586016fd75b317184fd13\">Yazar ve konu\u015fmac\u0131 brezilyal\u0131 Newton Boechat, 1966&#039;da bunun hakk\u0131nda yazd\u0131:&nbsp;<\/p>\n\n\n\n<p class=\"has-black-color has-text-color has-link-color has-small-font-size wp-elements-00491acdb179d8a0a24e8f6baecb4d89\"><em>&#034;Hareket Ruh\u00e7usu Uruguayl\u0131 ola\u011fan\u00fcst\u00fc ortam ve yay\u0131c\u0131n\u0131n \u00f6nc\u00fcs\u00fc olan Do\u00f1a Aurora, bug\u00fcn bedeninin g\u00fc\u00e7l\u00fc ve g\u00fc\u00e7l\u00fc oldu\u011fu ge\u00e7mi\u015f y\u0131llar\u0131n m\u00fccadelelerine dayan\u0131yor. Spiritist mesaj\u0131n\u0131 kan\u0131tlayabilmek i\u00e7in bir\u00e7ok kez hapishaneyle, zul\u00fcmle, korkun\u00e7 d\u00fc\u015fmanlar\u0131n sald\u0131r\u0131lar\u0131yla kar\u015f\u0131 kar\u015f\u0131ya kald\u0131. Ger\u00e7e\u011fin Merkezi, 1944&#039;ten beri t\u00fczel ki\u015filik kazanarak, iyilikteki eme\u011finizin meyvesidir&#034;.<\/em>&nbsp;<\/p>\n\n\n\n<p class=\"has-black-color has-text-color has-link-color has-small-font-size wp-elements-be81f3ffa6078ded137aed791386440f\">Bug\u00fcn bu Merkez Ruh\u00e7u hareket etmeye devam ediyor ve g\u00fczel bir k\u00fct\u00fcphanesi var.&nbsp;<\/p>\n<\/div><\/div>\n\n\n\n<div class=\"wp-block-uagb-container uagb-block-32d8b0fe alignfull uagb-is-root-container\"><div class=\"uagb-container-inner-blocks-wrap\"><\/div><\/div>\n\n\n\n<div class=\"wp-block-uagb-container uagb-block-c8fb160c alignfull uagb-is-root-container\"><div class=\"uagb-container-inner-blocks-wrap\"><\/div><\/div>","protected":false},"excerpt":{"rendered":"<p>Aurora de los Santos ( 1890-1969 ) El Espiritismo uruguayo le debe mucho a esta mujer, quien con su ejemplo y devoci\u00f3n contribuy\u00f3 a divulgar las ideas de Kardec, del otro lado del R\u00edo de la Plata.&nbsp; Fund\u00f3 la primera Instituci\u00f3n Esp\u00edrita del Uruguay.&nbsp; Era hija de Jos\u00e9 Fabr\u00edcio dos Santos, brasile\u00f1o, y de Petrona [&hellip;]<\/p>","protected":false},"author":1,"featured_media":0,"parent":0,"menu_order":0,"comment_status":"closed","ping_status":"closed","template":"","meta":{"_uag_custom_page_level_css":"","site-sidebar-layout":"default","site-content-layout":"","ast-site-content-layout":"default","site-content-style":"default","site-sidebar-style":"default","ast-global-header-display":"","ast-banner-title-visibility":"","ast-main-header-display":"","ast-hfb-above-header-display":"","ast-hfb-below-header-display":"","ast-hfb-mobile-header-display":"","site-post-title":"disabled","ast-breadcrumbs-content":"","ast-featured-img":"","footer-sml-layout":"","theme-transparent-header-meta":"","adv-header-id-meta":"","stick-header-meta":"","header-above-stick-meta":"","header-main-stick-meta":"","header-below-stick-meta":"","astra-migrate-meta-layouts":"set","ast-page-background-enabled":"default","ast-page-background-meta":{"desktop":{"background-color":"var(--ast-global-color-4)","background-image":"","background-repeat":"repeat","background-position":"center center","background-size":"auto","background-attachment":"scroll","background-type":"","background-media":"","overlay-type":"","overlay-color":"","overlay-opacity":"","overlay-gradient":""},"tablet":{"background-color":"","background-image":"","background-repeat":"repeat","background-position":"center center","background-size":"auto","background-attachment":"scroll","background-type":"","background-media":"","overlay-type":"","overlay-color":"","overlay-opacity":"","overlay-gradient":""},"mobile":{"background-color":"","background-image":"","background-repeat":"repeat","background-position":"center center","background-size":"auto","background-attachment":"scroll","background-type":"","background-media":"","overlay-type":"","overlay-color":"","overlay-opacity":"","overlay-gradient":""}},"ast-content-background-meta":{"desktop":{"background-color":"var(--ast-global-color-5)","background-image":"","background-repeat":"repeat","background-position":"center center","background-size":"auto","background-attachment":"scroll","background-type":"","background-media":"","overlay-type":"","overlay-color":"","overlay-opacity":"","overlay-gradient":""},"tablet":{"background-color":"var(--ast-global-color-5)","background-image":"","background-repeat":"repeat","background-position":"center center","background-size":"auto","background-attachment":"scroll","background-type":"","background-media":"","overlay-type":"","overlay-color":"","overlay-opacity":"","overlay-gradient":""},"mobile":{"background-color":"var(--ast-global-color-5)","background-image":"","background-repeat":"repeat","background-position":"center center","background-size":"auto","background-attachment":"scroll","background-type":"","background-media":"","overlay-type":"","overlay-color":"","overlay-opacity":"","overlay-gradient":""}},"footnotes":""},"class_list":["post-3012","page","type-page","status-publish","hentry"],"yoast_head":"<!-- This site is optimized with the Yoast SEO Premium plugin v24.2 (Yoast SEO v24.6) - https:\/\/yoast.com\/wordpress\/plugins\/seo\/ -->\n<title>Aurora de los Santos - Uni\u00f3n Esp\u00edrita<\/title>\n<meta name=\"robots\" content=\"index, follow, max-snippet:-1, max-image-preview:large, max-video-preview:-1\" \/>\n<link rel=\"canonical\" href=\"https:\/\/nuevo-renacer.com\/tr\/aurora-de-los-santos\/\" \/>\n<meta property=\"og:locale\" content=\"tr_TR\" \/>\n<meta property=\"og:type\" content=\"article\" \/>\n<meta property=\"og:title\" content=\"Aurora de los Santos\" \/>\n<meta property=\"og:description\" content=\"Aurora de los Santos ( 1890-1969 ) El Espiritismo uruguayo le debe mucho a esta mujer, quien con su ejemplo y devoci\u00f3n contribuy\u00f3 a divulgar las ideas de Kardec, del otro lado del R\u00edo de la Plata.&nbsp; Fund\u00f3 la primera Instituci\u00f3n Esp\u00edrita del Uruguay.&nbsp; Era hija de Jos\u00e9 Fabr\u00edcio dos Santos, brasile\u00f1o, y de Petrona [&hellip;]\" \/>\n<meta property=\"og:url\" content=\"https:\/\/nuevo-renacer.com\/tr\/aurora-de-los-santos\/\" \/>\n<meta property=\"og:site_name\" content=\"Uni\u00f3n Esp\u00edrita\" \/>\n<meta property=\"article:publisher\" content=\"https:\/\/www.facebook.com\/groups\/3431398063740829\" \/>\n<meta property=\"article:modified_time\" content=\"2025-07-02T06:39:40+00:00\" \/>\n<meta property=\"og:image\" content=\"https:\/\/nuevo-renacer.com\/wp-content\/uploads\/2024\/07\/aurora-1.jpg\" \/>\n<meta name=\"twitter:card\" content=\"summary_large_image\" \/>\n<meta name=\"twitter:label1\" content=\"Tahmini okuma s\u00fcresi\" \/>\n\t<meta name=\"twitter:data1\" content=\"4 dakika\" \/>\n<script type=\"application\/ld+json\" class=\"yoast-schema-graph\">{\"@context\":\"https:\/\/schema.org\",\"@graph\":[{\"@type\":\"WebPage\",\"@id\":\"https:\/\/nuevo-renacer.com\/aurora-de-los-santos\/\",\"url\":\"https:\/\/nuevo-renacer.com\/aurora-de-los-santos\/\",\"name\":\"Aurora de los Santos - Uni\u00f3n Esp\u00edrita\",\"isPartOf\":{\"@id\":\"https:\/\/nuevo-renacer.com\/#website\"},\"primaryImageOfPage\":{\"@id\":\"https:\/\/nuevo-renacer.com\/aurora-de-los-santos\/#primaryimage\"},\"image\":{\"@id\":\"https:\/\/nuevo-renacer.com\/aurora-de-los-santos\/#primaryimage\"},\"thumbnailUrl\":\"https:\/\/nuevo-renacer.com\/wp-content\/uploads\/2024\/07\/aurora-1.jpg\",\"datePublished\":\"2024-07-06T10:13:55+00:00\",\"dateModified\":\"2025-07-02T06:39:40+00:00\",\"breadcrumb\":{\"@id\":\"https:\/\/nuevo-renacer.com\/aurora-de-los-santos\/#breadcrumb\"},\"inLanguage\":\"tr\",\"potentialAction\":[{\"@type\":\"ReadAction\",\"target\":[\"https:\/\/nuevo-renacer.com\/aurora-de-los-santos\/\"]}]},{\"@type\":\"ImageObject\",\"inLanguage\":\"tr\",\"@id\":\"https:\/\/nuevo-renacer.com\/aurora-de-los-santos\/#primaryimage\",\"url\":\"https:\/\/nuevo-renacer.com\/wp-content\/uploads\/2024\/07\/aurora-1.jpg\",\"contentUrl\":\"https:\/\/nuevo-renacer.com\/wp-content\/uploads\/2024\/07\/aurora-1.jpg\"},{\"@type\":\"BreadcrumbList\",\"@id\":\"https:\/\/nuevo-renacer.com\/aurora-de-los-santos\/#breadcrumb\",\"itemListElement\":[{\"@type\":\"ListItem\",\"position\":1,\"name\":\"Startseite\",\"item\":\"https:\/\/nuevo-renacer.com\/\"},{\"@type\":\"ListItem\",\"position\":2,\"name\":\"Aurora de los Santos\"}]},{\"@type\":\"WebSite\",\"@id\":\"https:\/\/nuevo-renacer.com\/#website\",\"url\":\"https:\/\/nuevo-renacer.com\/\",\"name\":\"Uni\u00f3n Esp\u00edrita\",\"description\":\"Nuevo Renacer\",\"publisher\":{\"@id\":\"https:\/\/nuevo-renacer.com\/#organization\"},\"potentialAction\":[{\"@type\":\"SearchAction\",\"target\":{\"@type\":\"EntryPoint\",\"urlTemplate\":\"https:\/\/nuevo-renacer.com\/?s={search_term_string}\"},\"query-input\":{\"@type\":\"PropertyValueSpecification\",\"valueRequired\":true,\"valueName\":\"search_term_string\"}}],\"inLanguage\":\"tr\"},{\"@type\":\"Organization\",\"@id\":\"https:\/\/nuevo-renacer.com\/#organization\",\"name\":\"UFEC\",\"url\":\"https:\/\/nuevo-renacer.com\/\",\"logo\":{\"@type\":\"ImageObject\",\"inLanguage\":\"tr\",\"@id\":\"https:\/\/nuevo-renacer.com\/#\/schema\/logo\/image\/\",\"url\":\"https:\/\/nuevo-renacer.com\/wp-content\/uploads\/2024\/05\/cropped-LOGO-TERMINADO1-3-3.png\",\"contentUrl\":\"https:\/\/nuevo-renacer.com\/wp-content\/uploads\/2024\/05\/cropped-LOGO-TERMINADO1-3-3.png\",\"width\":512,\"height\":512,\"caption\":\"UFEC\"},\"image\":{\"@id\":\"https:\/\/nuevo-renacer.com\/#\/schema\/logo\/image\/\"},\"sameAs\":[\"https:\/\/www.facebook.com\/groups\/3431398063740829\"]}]}<\/script>\n<!-- \/ Yoast SEO Premium plugin. -->","yoast_head_json":{"title":"Aurora de los Santos - Uni\u00f3n Esp\u00edrita","robots":{"index":"index","follow":"follow","max-snippet":"max-snippet:-1","max-image-preview":"max-image-preview:large","max-video-preview":"max-video-preview:-1"},"canonical":"https:\/\/nuevo-renacer.com\/tr\/aurora-de-los-santos\/","og_locale":"tr_TR","og_type":"article","og_title":"Aurora de los Santos","og_description":"Aurora de los Santos ( 1890-1969 ) El Espiritismo uruguayo le debe mucho a esta mujer, quien con su ejemplo y devoci\u00f3n contribuy\u00f3 a divulgar las ideas de Kardec, del otro lado del R\u00edo de la Plata.&nbsp; Fund\u00f3 la primera Instituci\u00f3n Esp\u00edrita del Uruguay.&nbsp; Era hija de Jos\u00e9 Fabr\u00edcio dos Santos, brasile\u00f1o, y de Petrona [&hellip;]","og_url":"https:\/\/nuevo-renacer.com\/tr\/aurora-de-los-santos\/","og_site_name":"Uni\u00f3n Esp\u00edrita","article_publisher":"https:\/\/www.facebook.com\/groups\/3431398063740829","article_modified_time":"2025-07-02T06:39:40+00:00","og_image":[{"url":"https:\/\/nuevo-renacer.com\/wp-content\/uploads\/2024\/07\/aurora-1.jpg","type":"","width":"","height":""}],"twitter_card":"summary_large_image","twitter_misc":{"Tahmini okuma s\u00fcresi":"4 dakika"},"schema":{"@context":"https:\/\/schema.org","@graph":[{"@type":"WebPage","@id":"https:\/\/nuevo-renacer.com\/aurora-de-los-santos\/","url":"https:\/\/nuevo-renacer.com\/aurora-de-los-santos\/","name":"Aurora de los Santos - Uni\u00f3n Esp\u00edrita","isPartOf":{"@id":"https:\/\/nuevo-renacer.com\/#website"},"primaryImageOfPage":{"@id":"https:\/\/nuevo-renacer.com\/aurora-de-los-santos\/#primaryimage"},"image":{"@id":"https:\/\/nuevo-renacer.com\/aurora-de-los-santos\/#primaryimage"},"thumbnailUrl":"https:\/\/nuevo-renacer.com\/wp-content\/uploads\/2024\/07\/aurora-1.jpg","datePublished":"2024-07-06T10:13:55+00:00","dateModified":"2025-07-02T06:39:40+00:00","breadcrumb":{"@id":"https:\/\/nuevo-renacer.com\/aurora-de-los-santos\/#breadcrumb"},"inLanguage":"tr","potentialAction":[{"@type":"ReadAction","target":["https:\/\/nuevo-renacer.com\/aurora-de-los-santos\/"]}]},{"@type":"ImageObject","inLanguage":"tr","@id":"https:\/\/nuevo-renacer.com\/aurora-de-los-santos\/#primaryimage","url":"https:\/\/nuevo-renacer.com\/wp-content\/uploads\/2024\/07\/aurora-1.jpg","contentUrl":"https:\/\/nuevo-renacer.com\/wp-content\/uploads\/2024\/07\/aurora-1.jpg"},{"@type":"BreadcrumbList","@id":"https:\/\/nuevo-renacer.com\/aurora-de-los-santos\/#breadcrumb","itemListElement":[{"@type":"ListItem","position":1,"name":"Startseite","item":"https:\/\/nuevo-renacer.com\/"},{"@type":"ListItem","position":2,"name":"Aurora de los Santos"}]},{"@type":"WebSite","@id":"https:\/\/nuevo-renacer.com\/#website","url":"https:\/\/nuevo-renacer.com\/","name":"Uni\u00f3n Esp\u00edrita","description":"Nuevo Renacer","publisher":{"@id":"https:\/\/nuevo-renacer.com\/#organization"},"potentialAction":[{"@type":"SearchAction","target":{"@type":"EntryPoint","urlTemplate":"https:\/\/nuevo-renacer.com\/?s={search_term_string}"},"query-input":{"@type":"PropertyValueSpecification","valueRequired":true,"valueName":"search_term_string"}}],"inLanguage":"tr"},{"@type":"Organization","@id":"https:\/\/nuevo-renacer.com\/#organization","name":"UFEC","url":"https:\/\/nuevo-renacer.com\/","logo":{"@type":"ImageObject","inLanguage":"tr","@id":"https:\/\/nuevo-renacer.com\/#\/schema\/logo\/image\/","url":"https:\/\/nuevo-renacer.com\/wp-content\/uploads\/2024\/05\/cropped-LOGO-TERMINADO1-3-3.png","contentUrl":"https:\/\/nuevo-renacer.com\/wp-content\/uploads\/2024\/05\/cropped-LOGO-TERMINADO1-3-3.png","width":512,"height":512,"caption":"UFEC"},"image":{"@id":"https:\/\/nuevo-renacer.com\/#\/schema\/logo\/image\/"},"sameAs":["https:\/\/www.facebook.com\/groups\/3431398063740829"]}]}},"uagb_featured_image_src":{"full":false,"thumbnail":false,"medium":false,"medium_large":false,"large":false,"1536x1536":false,"2048x2048":false,"trp-custom-language-flag":false},"uagb_author_info":{"display_name":"adbv0","author_link":"https:\/\/nuevo-renacer.com\/tr\/author\/adbv0\/"},"uagb_comment_info":0,"uagb_excerpt":"Aurora de los Santos ( 1890-1969 ) El Espiritismo uruguayo le debe mucho a esta mujer, quien con su ejemplo y devoci\u00f3n contribuy\u00f3 a divulgar las ideas de Kardec, del otro lado del R\u00edo de la Plata.&nbsp; Fund\u00f3 la primera Instituci\u00f3n Esp\u00edrita del Uruguay.&nbsp; Era hija de Jos\u00e9 Fabr\u00edcio dos Santos, brasile\u00f1o, y de Petrona&hellip;","jetpack_sharing_enabled":true,"_links":{"self":[{"href":"https:\/\/nuevo-renacer.com\/tr\/wp-json\/wp\/v2\/pages\/3012","targetHints":{"allow":["GET"]}}],"collection":[{"href":"https:\/\/nuevo-renacer.com\/tr\/wp-json\/wp\/v2\/pages"}],"about":[{"href":"https:\/\/nuevo-renacer.com\/tr\/wp-json\/wp\/v2\/types\/page"}],"author":[{"embeddable":true,"href":"https:\/\/nuevo-renacer.com\/tr\/wp-json\/wp\/v2\/users\/1"}],"replies":[{"embeddable":true,"href":"https:\/\/nuevo-renacer.com\/tr\/wp-json\/wp\/v2\/comments?post=3012"}],"version-history":[{"count":3,"href":"https:\/\/nuevo-renacer.com\/tr\/wp-json\/wp\/v2\/pages\/3012\/revisions"}],"predecessor-version":[{"id":8395,"href":"https:\/\/nuevo-renacer.com\/tr\/wp-json\/wp\/v2\/pages\/3012\/revisions\/8395"}],"wp:attachment":[{"href":"https:\/\/nuevo-renacer.com\/tr\/wp-json\/wp\/v2\/media?parent=3012"}],"curies":[{"name":"wp","href":"https:\/\/api.w.org\/{rel}","templated":true}]}}