{"id":8775,"date":"2026-01-26T12:47:32","date_gmt":"2026-01-26T12:47:32","guid":{"rendered":"https:\/\/nuevo-renacer.com\/?page_id=8775"},"modified":"2026-01-26T12:47:35","modified_gmt":"2026-01-26T12:47:35","slug":"celebrando-86-anos-de-la-sociedad-espirita-nueva-vida","status":"publish","type":"page","link":"https:\/\/nuevo-renacer.com\/ru\/celebrando-86-anos-de-la-sociedad-espirita-nueva-vida\/","title":{"rendered":"\u0422\u043e\u0440\u0436\u0435\u0441\u0442\u0432\u043e \u043f\u043e \u0441\u043b\u0443\u0447\u0430\u044e 86-\u043b\u0435\u0442\u0438\u044f \u0421\u043f\u0438\u0440\u0438\u0442\u0438\u0447\u0435\u0441\u043a\u043e\u0433\u043e \u041e\u0431\u0449\u0435\u0441\u0442\u0432\u0430 \u00abNueva Vida\u00bb"},"content":{"rendered":"<div class=\"wp-block-uagb-container uagb-block-8bdc4174 alignfull uagb-is-root-container\"><div class=\"uagb-container-inner-blocks-wrap\">\n<p class=\"has-black-color has-text-color has-link-color has-medium-font-size wp-elements-d09069d70727b3078c3f9eae0100966e\"><strong>\u0422\u043e\u0440\u0436\u0435\u0441\u0442\u0432\u043e \u043f\u043e \u0441\u043b\u0443\u0447\u0430\u044e 86-\u043b\u0435\u0442\u0438\u044f \u0421\u043f\u0438\u0440\u0438\u0442\u0438\u0447\u0435\u0441\u043a\u043e\u0433\u043e \u041e\u0431\u0449\u0435\u0441\u0442\u0432\u0430 \u00abNueva Vida\u00bb<\/strong><\/p>\n<\/div><\/div>\n\n\n\n<div class=\"wp-block-uagb-container uagb-block-32480d63 alignfull uagb-is-root-container\"><div class=\"uagb-container-inner-blocks-wrap\">\n<figure class=\"wp-block-image size-full is-resized\"><img fetchpriority=\"high\" decoding=\"async\" width=\"1020\" height=\"765\" src=\"https:\/\/nuevo-renacer.com\/wp-content\/uploads\/2026\/01\/234.jpg\" alt=\"\" class=\"wp-image-8776\" style=\"width:641px;height:auto\" srcset=\"https:\/\/nuevo-renacer.com\/wp-content\/uploads\/2026\/01\/234.jpg 1020w, https:\/\/nuevo-renacer.com\/wp-content\/uploads\/2026\/01\/234-300x225.jpg 300w, https:\/\/nuevo-renacer.com\/wp-content\/uploads\/2026\/01\/234-768x576.jpg 768w, https:\/\/nuevo-renacer.com\/wp-content\/uploads\/2026\/01\/234-16x12.jpg 16w\" sizes=\"(max-width: 1020px) 100vw, 1020px\" \/><\/figure>\n<\/div><\/div>\n\n\n\n<div class=\"wp-block-uagb-container uagb-block-5ec8d7a5 alignfull uagb-is-root-container\"><div class=\"uagb-container-inner-blocks-wrap\">\n<p class=\"has-black-color has-text-color has-link-color has-small-font-size wp-elements-f088d0d884afc749007de64dd442484c\">\u0412 \u0432\u043e\u0441\u043a\u0440\u0435\u0441\u043d\u043e\u0435 \u0443\u0442\u0440\u043e, 25 \u044f\u043d\u0432\u0430\u0440\u044f 2026 \u0433\u043e\u0434\u0430, \u0441\u043f\u0438\u0440\u0438\u0442\u0438\u0447\u0435\u0441\u043a\u043e\u0435 \u043e\u0431\u0449\u0435\u0441\u0442\u0432\u043e \u00abNueva Vida\u00bb \u043e\u0442\u043c\u0435\u0442\u0438\u043b\u043e \u0441\u0432\u043e\u0451 86-\u043b\u0435\u0442\u0438\u0435. \u041e\u043d\u043e \u043d\u0430\u0445\u043e\u0434\u0438\u0442\u0441\u044f \u0432 \u043c\u0435\u0441\u0442\u0435\u0447\u043a\u0435 \u041c\u0435\u043b\u043e\u043d\u0435\u0441, \u0432 \u043c\u0443\u043d\u0438\u0446\u0438\u043f\u0430\u043b\u0438\u0442\u0435\u0442\u0435 \u0420\u0430\u0444\u0430\u044d\u043b\u044c-\u0424\u0440\u0435\u0439\u0440\u0435, \u0438 \u0432\u043e\u0437\u0433\u043b\u0430\u0432\u043b\u044f\u0435\u0442\u0441\u044f \u042d\u0434\u0438\u043b\u044c\u0431\u0435\u0440\u0442\u043e \u0421\u0430\u043d\u0447\u0435\u0441\u043e\u043c. \u042d\u0442\u043e \u0431\u044b\u043b\u043e \u0443\u0442\u0440\u043e, \u043d\u0430\u043f\u043e\u043b\u043d\u0435\u043d\u043d\u043e\u0435 \u0434\u0443\u0445\u043e\u0432\u043d\u043e\u0441\u0442\u044c\u044e \u0438 \u043f\u0440\u0438\u0432\u0435\u0440\u0436\u0435\u043d\u043d\u043e\u0441\u0442\u044c\u044e \u0441\u043e \u0441\u0442\u043e\u0440\u043e\u043d\u044b \u043f\u0440\u0438\u0441\u0443\u0442\u0441\u0442\u0432\u0443\u044e\u0449\u0438\u0445, \u043f\u043e\u0434\u0447\u0435\u0440\u043a\u0438\u0432\u0430\u044e\u0449\u0435\u0435 \u043d\u0435\u043e\u0431\u0445\u043e\u0434\u0438\u043c\u043e\u0441\u0442\u044c \u0434\u0435\u043b\u0430\u0442\u044c \u0431\u043e\u043b\u044c\u0448\u0435 \u0434\u043b\u044f \u0440\u0430\u0441\u043f\u0440\u043e\u0441\u0442\u0440\u0430\u043d\u0435\u043d\u0438\u044f \u0441\u043f\u0438\u0440\u0438\u0442\u0438\u0447\u0435\u0441\u043a\u0438\u0445 \u0443\u0447\u0435\u043d\u0438\u0439, \u043a\u043e\u0442\u043e\u0440\u044b\u0435 \u0441\u043f\u0438\u0440\u0438\u0442\u0438\u0437\u043c \u043f\u0440\u0435\u0434\u043b\u0430\u0433\u0430\u0435\u0442 \u043d\u0430\u043c \u043a\u0430\u043a \u043d\u0430\u0434\u0435\u0436\u043d\u044b\u0439 \u043e\u0440\u0438\u0435\u043d\u0442\u0438\u0440 \u0434\u043b\u044f \u0447\u0435\u043b\u043e\u0432\u0435\u0447\u0435\u0441\u0442\u0432\u0430. \u041d\u0430 \u0444\u043e\u0442\u043e\u0433\u0440\u0430\u0444\u0438\u0438 \u043c\u043e\u0436\u043d\u043e \u0443\u0432\u0438\u0434\u0435\u0442\u044c \u043c\u043d\u043e\u0433\u0438\u0445 \u0443\u0447\u0430\u0441\u0442\u043d\u0438\u043a\u043e\u0432.<\/p>\n<\/div><\/div>\n\n\n\n<div class=\"wp-block-uagb-container uagb-block-6de6c0e8 alignfull uagb-is-root-container\"><div class=\"uagb-container-inner-blocks-wrap\"><\/div><\/div>\n\n\n\n<div class=\"wp-block-uagb-container uagb-block-e5dfd932 alignfull uagb-is-root-container\"><div class=\"uagb-container-inner-blocks-wrap\"><\/div><\/div>","protected":false},"excerpt":{"rendered":"<p>Celebrando 86 a\u00f1os de la Sociedad Esp\u00edrita \u2018Nueva Vida\u2019 El domingo por la ma\u00f1ana, 25 de enero de 2026, la Sociedad Esp\u00edrita \u201cNueva Vida\u201d celebr\u00f3 su 86\u00ba aniversario. Esta se encuentra en la localidad de Melones, en el municipio de Rafael Freyre, y est\u00e1 dirigida por Edilberto S\u00e1nchez. Fue una ma\u00f1ana llena de espiritualidad y [&hellip;]<\/p>","protected":false},"author":1,"featured_media":0,"parent":0,"menu_order":0,"comment_status":"closed","ping_status":"closed","template":"","meta":{"_uag_custom_page_level_css":"","site-sidebar-layout":"default","site-content-layout":"","ast-site-content-layout":"default","site-content-style":"default","site-sidebar-style":"default","ast-global-header-display":"","ast-banner-title-visibility":"","ast-main-header-display":"","ast-hfb-above-header-display":"","ast-hfb-below-header-display":"","ast-hfb-mobile-header-display":"","site-post-title":"disabled","ast-breadcrumbs-content":"","ast-featured-img":"","footer-sml-layout":"","theme-transparent-header-meta":"","adv-header-id-meta":"","stick-header-meta":"","header-above-stick-meta":"","header-main-stick-meta":"","header-below-stick-meta":"","astra-migrate-meta-layouts":"set","ast-page-background-enabled":"default","ast-page-background-meta":{"desktop":{"background-color":"var(--ast-global-color-4)","background-image":"","background-repeat":"repeat","background-position":"center center","background-size":"auto","background-attachment":"scroll","background-type":"","background-media":"","overlay-type":"","overlay-color":"","overlay-opacity":"","overlay-gradient":""},"tablet":{"background-color":"","background-image":"","background-repeat":"repeat","background-position":"center center","background-size":"auto","background-attachment":"scroll","background-type":"","background-media":"","overlay-type":"","overlay-color":"","overlay-opacity":"","overlay-gradient":""},"mobile":{"background-color":"","background-image":"","background-repeat":"repeat","background-position":"center center","background-size":"auto","background-attachment":"scroll","background-type":"","background-media":"","overlay-type":"","overlay-color":"","overlay-opacity":"","overlay-gradient":""}},"ast-content-background-meta":{"desktop":{"background-color":"var(--ast-global-color-5)","background-image":"","background-repeat":"repeat","background-position":"center center","background-size":"auto","background-attachment":"scroll","background-type":"","background-media":"","overlay-type":"","overlay-color":"","overlay-opacity":"","overlay-gradient":""},"tablet":{"background-color":"var(--ast-global-color-5)","background-image":"","background-repeat":"repeat","background-position":"center center","background-size":"auto","background-attachment":"scroll","background-type":"","background-media":"","overlay-type":"","overlay-color":"","overlay-opacity":"","overlay-gradient":""},"mobile":{"background-color":"var(--ast-global-color-5)","background-image":"","background-repeat":"repeat","background-position":"center center","background-size":"auto","background-attachment":"scroll","background-type":"","background-media":"","overlay-type":"","overlay-color":"","overlay-opacity":"","overlay-gradient":""}},"footnotes":""},"class_list":["post-8775","page","type-page","status-publish","hentry"],"yoast_head":"<!-- This site is optimized with the Yoast SEO Premium plugin v24.2 (Yoast SEO v24.6) - https:\/\/yoast.com\/wordpress\/plugins\/seo\/ -->\n<title>Celebrando 86 a\u00f1os de la Sociedad Esp\u00edrita \u2018Nueva Vida\u2019 - Uni\u00f3n Esp\u00edrita<\/title>\n<meta name=\"robots\" content=\"index, follow, max-snippet:-1, max-image-preview:large, max-video-preview:-1\" \/>\n<link rel=\"canonical\" href=\"https:\/\/nuevo-renacer.com\/ru\/celebrando-86-anos-de-la-sociedad-espirita-nueva-vida\/\" \/>\n<meta property=\"og:locale\" content=\"ru_RU\" \/>\n<meta property=\"og:type\" content=\"article\" \/>\n<meta property=\"og:title\" content=\"Celebrando 86 a\u00f1os de la Sociedad Esp\u00edrita \u2018Nueva Vida\u2019\" \/>\n<meta property=\"og:description\" content=\"Celebrando 86 a\u00f1os de la Sociedad Esp\u00edrita \u2018Nueva Vida\u2019 El domingo por la ma\u00f1ana, 25 de enero de 2026, la Sociedad Esp\u00edrita \u201cNueva Vida\u201d celebr\u00f3 su 86\u00ba aniversario. Esta se encuentra en la localidad de Melones, en el municipio de Rafael Freyre, y est\u00e1 dirigida por Edilberto S\u00e1nchez. Fue una ma\u00f1ana llena de espiritualidad y [&hellip;]\" \/>\n<meta property=\"og:url\" content=\"https:\/\/nuevo-renacer.com\/ru\/celebrando-86-anos-de-la-sociedad-espirita-nueva-vida\/\" \/>\n<meta property=\"og:site_name\" content=\"Uni\u00f3n Esp\u00edrita\" \/>\n<meta property=\"article:publisher\" content=\"https:\/\/www.facebook.com\/groups\/3431398063740829\" \/>\n<meta property=\"article:modified_time\" content=\"2026-01-26T12:47:35+00:00\" \/>\n<meta property=\"og:image\" content=\"https:\/\/nuevo-renacer.com\/wp-content\/uploads\/2026\/01\/234.jpg\" \/>\n\t<meta property=\"og:image:width\" content=\"1020\" \/>\n\t<meta property=\"og:image:height\" content=\"765\" \/>\n\t<meta property=\"og:image:type\" content=\"image\/jpeg\" \/>\n<meta name=\"twitter:card\" content=\"summary_large_image\" \/>\n<meta name=\"twitter:label1\" content=\"\u041f\u0440\u0438\u043c\u0435\u0440\u043d\u043e\u0435 \u0432\u0440\u0435\u043c\u044f \u0434\u043b\u044f \u0447\u0442\u0435\u043d\u0438\u044f\" \/>\n\t<meta name=\"twitter:data1\" content=\"1 \u043c\u0438\u043d\u0443\u0442\u0430\" \/>\n<script type=\"application\/ld+json\" class=\"yoast-schema-graph\">{\"@context\":\"https:\/\/schema.org\",\"@graph\":[{\"@type\":\"WebPage\",\"@id\":\"https:\/\/nuevo-renacer.com\/celebrando-86-anos-de-la-sociedad-espirita-nueva-vida\/\",\"url\":\"https:\/\/nuevo-renacer.com\/celebrando-86-anos-de-la-sociedad-espirita-nueva-vida\/\",\"name\":\"Celebrando 86 a\u00f1os de la Sociedad Esp\u00edrita \u2018Nueva Vida\u2019 - Uni\u00f3n Esp\u00edrita\",\"isPartOf\":{\"@id\":\"https:\/\/nuevo-renacer.com\/#website\"},\"primaryImageOfPage\":{\"@id\":\"https:\/\/nuevo-renacer.com\/celebrando-86-anos-de-la-sociedad-espirita-nueva-vida\/#primaryimage\"},\"image\":{\"@id\":\"https:\/\/nuevo-renacer.com\/celebrando-86-anos-de-la-sociedad-espirita-nueva-vida\/#primaryimage\"},\"thumbnailUrl\":\"https:\/\/nuevo-renacer.com\/wp-content\/uploads\/2026\/01\/234.jpg\",\"datePublished\":\"2026-01-26T12:47:32+00:00\",\"dateModified\":\"2026-01-26T12:47:35+00:00\",\"breadcrumb\":{\"@id\":\"https:\/\/nuevo-renacer.com\/celebrando-86-anos-de-la-sociedad-espirita-nueva-vida\/#breadcrumb\"},\"inLanguage\":\"ru-RU\",\"potentialAction\":[{\"@type\":\"ReadAction\",\"target\":[\"https:\/\/nuevo-renacer.com\/celebrando-86-anos-de-la-sociedad-espirita-nueva-vida\/\"]}]},{\"@type\":\"ImageObject\",\"inLanguage\":\"ru-RU\",\"@id\":\"https:\/\/nuevo-renacer.com\/celebrando-86-anos-de-la-sociedad-espirita-nueva-vida\/#primaryimage\",\"url\":\"https:\/\/nuevo-renacer.com\/wp-content\/uploads\/2026\/01\/234.jpg\",\"contentUrl\":\"https:\/\/nuevo-renacer.com\/wp-content\/uploads\/2026\/01\/234.jpg\"},{\"@type\":\"BreadcrumbList\",\"@id\":\"https:\/\/nuevo-renacer.com\/celebrando-86-anos-de-la-sociedad-espirita-nueva-vida\/#breadcrumb\",\"itemListElement\":[{\"@type\":\"ListItem\",\"position\":1,\"name\":\"Startseite\",\"item\":\"https:\/\/nuevo-renacer.com\/\"},{\"@type\":\"ListItem\",\"position\":2,\"name\":\"Celebrando 86 a\u00f1os de la Sociedad Esp\u00edrita \u2018Nueva Vida\u2019\"}]},{\"@type\":\"WebSite\",\"@id\":\"https:\/\/nuevo-renacer.com\/#website\",\"url\":\"https:\/\/nuevo-renacer.com\/\",\"name\":\"Uni\u00f3n Esp\u00edrita\",\"description\":\"Nuevo Renacer\",\"publisher\":{\"@id\":\"https:\/\/nuevo-renacer.com\/#organization\"},\"potentialAction\":[{\"@type\":\"SearchAction\",\"target\":{\"@type\":\"EntryPoint\",\"urlTemplate\":\"https:\/\/nuevo-renacer.com\/?s={search_term_string}\"},\"query-input\":{\"@type\":\"PropertyValueSpecification\",\"valueRequired\":true,\"valueName\":\"search_term_string\"}}],\"inLanguage\":\"ru-RU\"},{\"@type\":\"Organization\",\"@id\":\"https:\/\/nuevo-renacer.com\/#organization\",\"name\":\"UFEC\",\"url\":\"https:\/\/nuevo-renacer.com\/\",\"logo\":{\"@type\":\"ImageObject\",\"inLanguage\":\"ru-RU\",\"@id\":\"https:\/\/nuevo-renacer.com\/#\/schema\/logo\/image\/\",\"url\":\"https:\/\/nuevo-renacer.com\/wp-content\/uploads\/2024\/05\/cropped-LOGO-TERMINADO1-3-3.png\",\"contentUrl\":\"https:\/\/nuevo-renacer.com\/wp-content\/uploads\/2024\/05\/cropped-LOGO-TERMINADO1-3-3.png\",\"width\":512,\"height\":512,\"caption\":\"UFEC\"},\"image\":{\"@id\":\"https:\/\/nuevo-renacer.com\/#\/schema\/logo\/image\/\"},\"sameAs\":[\"https:\/\/www.facebook.com\/groups\/3431398063740829\"]}]}<\/script>\n<!-- \/ Yoast SEO Premium plugin. -->","yoast_head_json":{"title":"Celebrando 86 a\u00f1os de la Sociedad Esp\u00edrita \u2018Nueva Vida\u2019 - Uni\u00f3n Esp\u00edrita","robots":{"index":"index","follow":"follow","max-snippet":"max-snippet:-1","max-image-preview":"max-image-preview:large","max-video-preview":"max-video-preview:-1"},"canonical":"https:\/\/nuevo-renacer.com\/ru\/celebrando-86-anos-de-la-sociedad-espirita-nueva-vida\/","og_locale":"ru_RU","og_type":"article","og_title":"Celebrando 86 a\u00f1os de la Sociedad Esp\u00edrita \u2018Nueva Vida\u2019","og_description":"Celebrando 86 a\u00f1os de la Sociedad Esp\u00edrita \u2018Nueva Vida\u2019 El domingo por la ma\u00f1ana, 25 de enero de 2026, la Sociedad Esp\u00edrita \u201cNueva Vida\u201d celebr\u00f3 su 86\u00ba aniversario. Esta se encuentra en la localidad de Melones, en el municipio de Rafael Freyre, y est\u00e1 dirigida por Edilberto S\u00e1nchez. Fue una ma\u00f1ana llena de espiritualidad y [&hellip;]","og_url":"https:\/\/nuevo-renacer.com\/ru\/celebrando-86-anos-de-la-sociedad-espirita-nueva-vida\/","og_site_name":"Uni\u00f3n Esp\u00edrita","article_publisher":"https:\/\/www.facebook.com\/groups\/3431398063740829","article_modified_time":"2026-01-26T12:47:35+00:00","og_image":[{"width":1020,"height":765,"url":"https:\/\/nuevo-renacer.com\/wp-content\/uploads\/2026\/01\/234.jpg","type":"image\/jpeg"}],"twitter_card":"summary_large_image","twitter_misc":{"\u041f\u0440\u0438\u043c\u0435\u0440\u043d\u043e\u0435 \u0432\u0440\u0435\u043c\u044f \u0434\u043b\u044f \u0447\u0442\u0435\u043d\u0438\u044f":"1 \u043c\u0438\u043d\u0443\u0442\u0430"},"schema":{"@context":"https:\/\/schema.org","@graph":[{"@type":"WebPage","@id":"https:\/\/nuevo-renacer.com\/celebrando-86-anos-de-la-sociedad-espirita-nueva-vida\/","url":"https:\/\/nuevo-renacer.com\/celebrando-86-anos-de-la-sociedad-espirita-nueva-vida\/","name":"Celebrando 86 a\u00f1os de la Sociedad Esp\u00edrita \u2018Nueva Vida\u2019 - Uni\u00f3n Esp\u00edrita","isPartOf":{"@id":"https:\/\/nuevo-renacer.com\/#website"},"primaryImageOfPage":{"@id":"https:\/\/nuevo-renacer.com\/celebrando-86-anos-de-la-sociedad-espirita-nueva-vida\/#primaryimage"},"image":{"@id":"https:\/\/nuevo-renacer.com\/celebrando-86-anos-de-la-sociedad-espirita-nueva-vida\/#primaryimage"},"thumbnailUrl":"https:\/\/nuevo-renacer.com\/wp-content\/uploads\/2026\/01\/234.jpg","datePublished":"2026-01-26T12:47:32+00:00","dateModified":"2026-01-26T12:47:35+00:00","breadcrumb":{"@id":"https:\/\/nuevo-renacer.com\/celebrando-86-anos-de-la-sociedad-espirita-nueva-vida\/#breadcrumb"},"inLanguage":"ru-RU","potentialAction":[{"@type":"ReadAction","target":["https:\/\/nuevo-renacer.com\/celebrando-86-anos-de-la-sociedad-espirita-nueva-vida\/"]}]},{"@type":"ImageObject","inLanguage":"ru-RU","@id":"https:\/\/nuevo-renacer.com\/celebrando-86-anos-de-la-sociedad-espirita-nueva-vida\/#primaryimage","url":"https:\/\/nuevo-renacer.com\/wp-content\/uploads\/2026\/01\/234.jpg","contentUrl":"https:\/\/nuevo-renacer.com\/wp-content\/uploads\/2026\/01\/234.jpg"},{"@type":"BreadcrumbList","@id":"https:\/\/nuevo-renacer.com\/celebrando-86-anos-de-la-sociedad-espirita-nueva-vida\/#breadcrumb","itemListElement":[{"@type":"ListItem","position":1,"name":"Startseite","item":"https:\/\/nuevo-renacer.com\/"},{"@type":"ListItem","position":2,"name":"Celebrando 86 a\u00f1os de la Sociedad Esp\u00edrita \u2018Nueva Vida\u2019"}]},{"@type":"WebSite","@id":"https:\/\/nuevo-renacer.com\/#website","url":"https:\/\/nuevo-renacer.com\/","name":"Uni\u00f3n Esp\u00edrita","description":"Nuevo Renacer","publisher":{"@id":"https:\/\/nuevo-renacer.com\/#organization"},"potentialAction":[{"@type":"SearchAction","target":{"@type":"EntryPoint","urlTemplate":"https:\/\/nuevo-renacer.com\/?s={search_term_string}"},"query-input":{"@type":"PropertyValueSpecification","valueRequired":true,"valueName":"search_term_string"}}],"inLanguage":"ru-RU"},{"@type":"Organization","@id":"https:\/\/nuevo-renacer.com\/#organization","name":"UFEC","url":"https:\/\/nuevo-renacer.com\/","logo":{"@type":"ImageObject","inLanguage":"ru-RU","@id":"https:\/\/nuevo-renacer.com\/#\/schema\/logo\/image\/","url":"https:\/\/nuevo-renacer.com\/wp-content\/uploads\/2024\/05\/cropped-LOGO-TERMINADO1-3-3.png","contentUrl":"https:\/\/nuevo-renacer.com\/wp-content\/uploads\/2024\/05\/cropped-LOGO-TERMINADO1-3-3.png","width":512,"height":512,"caption":"UFEC"},"image":{"@id":"https:\/\/nuevo-renacer.com\/#\/schema\/logo\/image\/"},"sameAs":["https:\/\/www.facebook.com\/groups\/3431398063740829"]}]}},"uagb_featured_image_src":{"full":false,"thumbnail":false,"medium":false,"medium_large":false,"large":false,"1536x1536":false,"2048x2048":false,"trp-custom-language-flag":false},"uagb_author_info":{"display_name":"adbv0","author_link":"https:\/\/nuevo-renacer.com\/ru\/author\/adbv0\/"},"uagb_comment_info":0,"uagb_excerpt":"Celebrando 86 a\u00f1os de la Sociedad Esp\u00edrita \u2018Nueva Vida\u2019 El domingo por la ma\u00f1ana, 25 de enero de 2026, la Sociedad Esp\u00edrita \u201cNueva Vida\u201d celebr\u00f3 su 86\u00ba aniversario. Esta se encuentra en la localidad de Melones, en el municipio de Rafael Freyre, y est\u00e1 dirigida por Edilberto S\u00e1nchez. Fue una ma\u00f1ana llena de espiritualidad y&hellip;","jetpack_sharing_enabled":true,"_links":{"self":[{"href":"https:\/\/nuevo-renacer.com\/ru\/wp-json\/wp\/v2\/pages\/8775","targetHints":{"allow":["GET"]}}],"collection":[{"href":"https:\/\/nuevo-renacer.com\/ru\/wp-json\/wp\/v2\/pages"}],"about":[{"href":"https:\/\/nuevo-renacer.com\/ru\/wp-json\/wp\/v2\/types\/page"}],"author":[{"embeddable":true,"href":"https:\/\/nuevo-renacer.com\/ru\/wp-json\/wp\/v2\/users\/1"}],"replies":[{"embeddable":true,"href":"https:\/\/nuevo-renacer.com\/ru\/wp-json\/wp\/v2\/comments?post=8775"}],"version-history":[{"count":1,"href":"https:\/\/nuevo-renacer.com\/ru\/wp-json\/wp\/v2\/pages\/8775\/revisions"}],"predecessor-version":[{"id":8777,"href":"https:\/\/nuevo-renacer.com\/ru\/wp-json\/wp\/v2\/pages\/8775\/revisions\/8777"}],"wp:attachment":[{"href":"https:\/\/nuevo-renacer.com\/ru\/wp-json\/wp\/v2\/media?parent=8775"}],"curies":[{"name":"wp","href":"https:\/\/api.w.org\/{rel}","templated":true}]}}