{"id":8489,"date":"2025-09-03T10:50:58","date_gmt":"2025-09-03T10:50:58","guid":{"rendered":"https:\/\/nuevo-renacer.com\/?page_id=8489"},"modified":"2025-09-03T10:53:45","modified_gmt":"2025-09-03T10:53:45","slug":"maya-storms","status":"publish","type":"page","link":"https:\/\/nuevo-renacer.com\/ru\/maya-storms\/","title":{"rendered":"Maya Storms"},"content":{"rendered":"<div class=\"wp-block-uagb-container uagb-block-ae12c14a alignfull uagb-is-root-container\"><div class=\"uagb-container-inner-blocks-wrap\">\n<p class=\"has-black-color has-text-color has-link-color has-medium-font-size wp-elements-46ba465ed0836e09f4ac7cde72aff7fa\"><strong>Maya Storms<\/strong><\/p>\n<\/div><\/div>\n\n\n\n<div class=\"wp-block-uagb-container uagb-block-0564c413 alignfull uagb-is-root-container\"><div class=\"uagb-container-inner-blocks-wrap\">\n<figure class=\"wp-block-image alignleft size-full\"><img fetchpriority=\"high\" decoding=\"async\" width=\"240\" height=\"315\" src=\"https:\/\/nuevo-renacer.com\/wp-content\/uploads\/2025\/09\/Maya-Storms.jpeg\" alt=\"\" class=\"wp-image-8490\" srcset=\"https:\/\/nuevo-renacer.com\/wp-content\/uploads\/2025\/09\/Maya-Storms.jpeg 240w, https:\/\/nuevo-renacer.com\/wp-content\/uploads\/2025\/09\/Maya-Storms-229x300.jpeg 229w, https:\/\/nuevo-renacer.com\/wp-content\/uploads\/2025\/09\/Maya-Storms-9x12.jpeg 9w\" sizes=\"(max-width: 240px) 100vw, 240px\" \/><\/figure>\n<\/div><\/div>\n\n\n\n<div class=\"wp-block-uagb-container uagb-block-70114b99 alignfull uagb-is-root-container\"><div class=\"uagb-container-inner-blocks-wrap\">\n<p class=\"has-text-align-left has-black-color has-text-color has-link-color has-small-font-size wp-elements-93d8b03cf14ca249d716492ff6a1489e\">\u041c\u0430\u0439\u044f \u0421\u0442\u043e\u0440\u043c\u0441 \u0440\u043e\u0434\u0438\u043b\u0430\u0441\u044c 9 \u043e\u043a\u0442\u044f\u0431\u0440\u044f \u0432 \u0414\u043e\u0440\u0434\u0440\u0435\u0445\u0442\u0435 (\u041d\u0438\u0434\u0435\u0440\u043b\u0430\u043d\u0434\u044b) \u0438 \u0432\u044b\u0440\u043e\u0441\u043b\u0430 \u0432 \u0413\u0430\u0430\u0433\u0435. \u0412\u043e \u0432\u0440\u0435\u043c\u044f \u0432\u043e\u0439\u043d\u044b \u043e\u043d\u0430 \u0443\u0447\u0430\u0441\u0442\u0432\u043e\u0432\u0430\u043b\u0430 \u0432 \u0441\u043e\u043f\u0440\u043e\u0442\u0438\u0432\u043b\u0435\u043d\u0438\u0438, \u0430 \u043f\u043e\u0441\u043b\u0435 \u044d\u0442\u043e\u0433\u043e \u043d\u0435\u0441\u043a\u043e\u043b\u044c\u043a\u043e \u043b\u0435\u0442 \u043f\u0440\u043e\u0436\u0438\u043b\u0430 \u0432 \u0418\u043d\u0434\u043e\u043d\u0435\u0437\u0438\u0438. \u0417\u0430 \u044d\u0442\u043e \u0432\u0440\u0435\u043c\u044f \u041c\u0430\u0439\u044f \u043d\u0435\u0441\u043a\u043e\u043b\u044c\u043a\u043e \u0440\u0430\u0437 \u0447\u0443\u0434\u043e\u043c \u0438\u0437\u0431\u0435\u0436\u0430\u043b\u0430 \u0441\u043c\u0435\u0440\u0442\u0438. \u0412 \u0434\u0435\u0442\u0441\u0442\u0432\u0435 \u0435\u0439 \u0441\u043d\u0438\u043b\u0438\u0441\u044c \u0432\u0438\u0434\u0435\u043d\u0438\u044f \u043e \u0441\u0432\u043e\u0438\u0445 \u043f\u0440\u043e\u0448\u043b\u044b\u0445 \u0436\u0438\u0437\u043d\u044f\u0445 \u0438 \u043e \u0441\u0432\u043e\u0435\u043c \u00ab\u043d\u0430\u0441\u0442\u043e\u044f\u0449\u0435\u043c \u0434\u043e\u043c\u0435\u00bb. \u0412 1974 \u0433\u043e\u0434\u0443 \u0441\u0443\u0449\u0435\u0441\u0442\u0432\u043e \u0441\u0432\u0435\u0442\u0430 \u043d\u0435\u043e\u0436\u0438\u0434\u0430\u043d\u043d\u043e \u043f\u043e\u043f\u0440\u043e\u0441\u0438\u043b\u043e \u0435\u0435 \u0441\u043b\u0443\u0436\u0438\u0442\u044c \u0411\u043e\u0433\u0443. \u0421 \u0442\u0435\u0445 \u043f\u043e\u0440 \u041c\u0430\u0439\u044f \u0440\u0430\u0431\u043e\u0442\u0430\u043b\u0430 \u043c\u0435\u0434\u0438\u0443\u043c\u043e\u043c \u0438 \u0446\u0435\u043b\u0438\u0442\u0435\u043b\u044c\u043d\u0438\u0446\u0435\u0439 \u0432 \u041d\u0438\u0434\u0435\u0440\u043b\u0430\u043d\u0434\u0430\u0445, \u0413\u0435\u0440\u043c\u0430\u043d\u0438\u0438, \u0418\u0442\u0430\u043b\u0438\u0438 \u0438 \u0428\u0432\u0435\u0439\u0446\u0430\u0440\u0438\u0438, \u0433\u0434\u0435 \u043c\u043d\u043e\u0433\u0438\u0435 \u0437\u043d\u0430\u044e\u0442 \u0435\u0435 \u043a\u0430\u043a \u00ab\u0432\u0435\u0441\u0435\u043b\u043e\u0433\u043e \u044d\u043d\u0435\u0440\u0433\u0435\u0442\u0438\u0447\u0435\u0441\u043a\u043e\u0433\u043e \u0447\u0435\u043b\u043e\u0432\u0435\u043a\u0430\u00bb. \u0420\u0430\u0431\u043e\u0442\u0430 \u041c\u0430\u0439\u0438 \u0421\u0442\u043e\u0440\u043c\u0441 \u0431\u044b\u043b\u0430 \u043d\u0430\u043f\u0440\u0430\u0432\u043b\u0435\u043d\u0430 \u0432 \u043f\u0435\u0440\u0432\u0443\u044e \u043e\u0447\u0435\u0440\u0435\u0434\u044c \u043d\u0430 \u0434\u0443\u0448\u0435\u0432\u043d\u044b\u0439 \u0443\u0440\u043e\u0432\u0435\u043d\u044c \u0447\u0435\u043b\u043e\u0432\u0435\u043a\u0430. \u041e\u043d\u0430 \u0443\u043c\u0435\u043b\u0430 \u043d\u0430\u043f\u0440\u044f\u043c\u0443\u044e \u0443\u0441\u0438\u043b\u0438\u0432\u0430\u0442\u044c \u0441\u0432\u0435\u0442 \u0432 \u0434\u0443\u0448\u0435 \u0447\u0435\u043b\u043e\u0432\u0435\u043a\u0430 \u0438 \u043f\u043e\u043c\u043e\u0433\u0430\u043b\u0430 \u043b\u044e\u0434\u044f\u043c \u0443\u0432\u0435\u043b\u0438\u0447\u0438\u0442\u044c \u0441\u0432\u043e\u0439 \u0441\u043e\u0431\u0441\u0442\u0432\u0435\u043d\u043d\u044b\u0439 \u0441\u0432\u0435\u0442 \u0447\u0435\u0440\u0435\u0437 \u043f\u0440\u043e\u0449\u0435\u043d\u0438\u0435 \u0432 \u043b\u044e\u0431\u0432\u0438. \u0411\u043b\u0430\u0433\u043e\u0434\u0430\u0440\u044f \u044d\u0442\u043e\u043c\u0443 \u0447\u0435\u043b\u043e\u0432\u0435\u043a \u043e\u0431\u0440\u0435\u0442\u0430\u043b \u0433\u043e\u0440\u0430\u0437\u0434\u043e \u0431\u043e\u043b\u044c\u0448\u0435 \u0432\u043d\u0443\u0442\u0440\u0435\u043d\u043d\u0435\u0433\u043e \u043f\u043e\u043a\u043e\u044f. \u041c\u0430\u0439\u044f \u0443\u043c\u0435\u043b\u0430 \u0432\u043e\u0441\u043f\u0440\u0438\u043d\u0438\u043c\u0430\u0442\u044c \u043e\u0441\u043d\u043e\u0432\u043d\u044b\u0435 \u043e\u0431\u0440\u0430\u0437\u044b \u0438\u0437 \u043f\u0440\u043e\u0448\u043b\u043e\u0439 \u0436\u0438\u0437\u043d\u0438 \u0447\u0435\u043b\u043e\u0432\u0435\u043a\u0430. \u041c\u0430\u0439\u044f \u0421\u0442\u043e\u0440\u043c\u0441 \u043e\u0442\u043a\u0440\u044b\u0432\u0430\u043b\u0430 \u043b\u044e\u0434\u044f\u043c \u0434\u0432\u0435\u0440\u0438 \u0438 \u043f\u0443\u0442\u0438 \u043a \u0411\u043e\u0433\u0443, \u0432 \u0442\u043e\u043c \u0447\u0438\u0441\u043b\u0435 \u0440\u0430\u0437 \u0432 \u043c\u0435\u0441\u044f\u0446 \u043f\u0435\u0440\u0435\u0434\u0430\u0432\u0430\u044f \u00ab\u0417\u043d\u0430\u043d\u0438\u0435\u00bb \u043d\u0435\u0431\u043e\u043b\u044c\u0448\u043e\u0439 \u0433\u0440\u0443\u043f\u043f\u0435 \u043b\u044e\u0434\u0435\u0439. \u0421\u0432\u043e\u0435\u0439 \u043a\u043d\u0438\u0433\u043e\u0439 \u00abDas letzte Siegel\u00bb (\u041f\u043e\u0441\u043b\u0435\u0434\u043d\u0438\u0439 \u043f\u0435\u0447\u0430\u0442\u044c) \u043e\u043d\u0430 \u0434\u0430\u043b\u0430 \u043c\u043d\u043e\u0433\u0438\u043c \u043b\u044e\u0434\u044f\u043c \u0433\u043b\u0443\u0431\u043e\u043a\u043e\u0435 \u043f\u043e\u043d\u0438\u043c\u0430\u043d\u0438\u0435 \u043d\u0435 \u0442\u043e\u043b\u044c\u043a\u043e \u0441\u0432\u043e\u0435\u0433\u043e \u0441\u043e\u0431\u0441\u0442\u0432\u0435\u043d\u043d\u043e\u0433\u043e \u043f\u0443\u0442\u0438, \u043d\u043e \u0438 \u0434\u0443\u0445\u043e\u0432\u043d\u043e\u0433\u043e \u043c\u0438\u0440\u0430. \u041c\u0430\u0439\u044f \u0421\u0442\u043e\u0440\u043c\u0441 \u0443\u0448\u043b\u0430 \u0438\u0437 \u0436\u0438\u0437\u043d\u0438 22 \u0444\u0435\u0432\u0440\u0430\u043b\u044f 2016 \u0433\u043e\u0434\u0430.<\/p>\n<\/div><\/div>\n\n\n\n<div class=\"wp-block-uagb-container uagb-block-9a641f18 alignfull uagb-is-root-container\"><div class=\"uagb-container-inner-blocks-wrap\"><\/div><\/div>\n\n\n\n<div class=\"wp-block-uagb-container uagb-block-8ab89231 alignfull uagb-is-root-container\"><div class=\"uagb-container-inner-blocks-wrap\"><\/div><\/div>","protected":false},"excerpt":{"rendered":"<p>Maya Storms Maya Storms naci\u00f3 el 9 de octubre de 1924 en Dordrecht (Pa\u00edses Bajos) y creci\u00f3 en La Haya. Durante la guerra form\u00f3 parte de la resistencia y despu\u00e9s vivi\u00f3 varios a\u00f1os en Indonesia. Durante ese tiempo, Maya escap\u00f3 varias veces por poco de la muerte. De ni\u00f1a ten\u00eda visiones de sus vidas anteriores [&hellip;]<\/p>","protected":false},"author":1,"featured_media":0,"parent":0,"menu_order":0,"comment_status":"closed","ping_status":"closed","template":"","meta":{"_uag_custom_page_level_css":"","site-sidebar-layout":"default","site-content-layout":"","ast-site-content-layout":"default","site-content-style":"default","site-sidebar-style":"default","ast-global-header-display":"","ast-banner-title-visibility":"","ast-main-header-display":"","ast-hfb-above-header-display":"","ast-hfb-below-header-display":"","ast-hfb-mobile-header-display":"","site-post-title":"disabled","ast-breadcrumbs-content":"","ast-featured-img":"","footer-sml-layout":"","theme-transparent-header-meta":"","adv-header-id-meta":"","stick-header-meta":"","header-above-stick-meta":"","header-main-stick-meta":"","header-below-stick-meta":"","astra-migrate-meta-layouts":"set","ast-page-background-enabled":"default","ast-page-background-meta":{"desktop":{"background-color":"var(--ast-global-color-4)","background-image":"","background-repeat":"repeat","background-position":"center center","background-size":"auto","background-attachment":"scroll","background-type":"","background-media":"","overlay-type":"","overlay-color":"","overlay-opacity":"","overlay-gradient":""},"tablet":{"background-color":"","background-image":"","background-repeat":"repeat","background-position":"center center","background-size":"auto","background-attachment":"scroll","background-type":"","background-media":"","overlay-type":"","overlay-color":"","overlay-opacity":"","overlay-gradient":""},"mobile":{"background-color":"","background-image":"","background-repeat":"repeat","background-position":"center center","background-size":"auto","background-attachment":"scroll","background-type":"","background-media":"","overlay-type":"","overlay-color":"","overlay-opacity":"","overlay-gradient":""}},"ast-content-background-meta":{"desktop":{"background-color":"var(--ast-global-color-5)","background-image":"","background-repeat":"repeat","background-position":"center center","background-size":"auto","background-attachment":"scroll","background-type":"","background-media":"","overlay-type":"","overlay-color":"","overlay-opacity":"","overlay-gradient":""},"tablet":{"background-color":"var(--ast-global-color-5)","background-image":"","background-repeat":"repeat","background-position":"center center","background-size":"auto","background-attachment":"scroll","background-type":"","background-media":"","overlay-type":"","overlay-color":"","overlay-opacity":"","overlay-gradient":""},"mobile":{"background-color":"var(--ast-global-color-5)","background-image":"","background-repeat":"repeat","background-position":"center center","background-size":"auto","background-attachment":"scroll","background-type":"","background-media":"","overlay-type":"","overlay-color":"","overlay-opacity":"","overlay-gradient":""}},"footnotes":""},"class_list":["post-8489","page","type-page","status-publish","hentry"],"yoast_head":"<!-- This site is optimized with the Yoast SEO Premium plugin v24.2 (Yoast SEO v24.6) - https:\/\/yoast.com\/wordpress\/plugins\/seo\/ -->\n<title>Maya Storms - Uni\u00f3n Esp\u00edrita<\/title>\n<meta name=\"robots\" content=\"index, follow, max-snippet:-1, max-image-preview:large, max-video-preview:-1\" \/>\n<link rel=\"canonical\" href=\"https:\/\/nuevo-renacer.com\/ru\/maya-storms\/\" \/>\n<meta property=\"og:locale\" content=\"ru_RU\" \/>\n<meta property=\"og:type\" content=\"article\" \/>\n<meta property=\"og:title\" content=\"Maya Storms\" \/>\n<meta property=\"og:description\" content=\"Maya Storms Maya Storms naci\u00f3 el 9 de octubre de 1924 en Dordrecht (Pa\u00edses Bajos) y creci\u00f3 en La Haya. Durante la guerra form\u00f3 parte de la resistencia y despu\u00e9s vivi\u00f3 varios a\u00f1os en Indonesia. Durante ese tiempo, Maya escap\u00f3 varias veces por poco de la muerte. De ni\u00f1a ten\u00eda visiones de sus vidas anteriores [&hellip;]\" \/>\n<meta property=\"og:url\" content=\"https:\/\/nuevo-renacer.com\/ru\/maya-storms\/\" \/>\n<meta property=\"og:site_name\" content=\"Uni\u00f3n Esp\u00edrita\" \/>\n<meta property=\"article:publisher\" content=\"https:\/\/www.facebook.com\/groups\/3431398063740829\" \/>\n<meta property=\"article:modified_time\" content=\"2025-09-03T10:53:45+00:00\" \/>\n<meta property=\"og:image\" content=\"https:\/\/nuevo-renacer.com\/wp-content\/uploads\/2025\/09\/Maya-Storms.jpeg\" \/>\n\t<meta property=\"og:image:width\" content=\"240\" \/>\n\t<meta property=\"og:image:height\" content=\"315\" \/>\n\t<meta property=\"og:image:type\" content=\"image\/jpeg\" \/>\n<meta name=\"twitter:card\" content=\"summary_large_image\" \/>\n<meta name=\"twitter:label1\" content=\"\u041f\u0440\u0438\u043c\u0435\u0440\u043d\u043e\u0435 \u0432\u0440\u0435\u043c\u044f \u0434\u043b\u044f \u0447\u0442\u0435\u043d\u0438\u044f\" \/>\n\t<meta name=\"twitter:data1\" content=\"2 \u043c\u0438\u043d\u0443\u0442\u044b\" \/>\n<script type=\"application\/ld+json\" class=\"yoast-schema-graph\">{\"@context\":\"https:\/\/schema.org\",\"@graph\":[{\"@type\":\"WebPage\",\"@id\":\"https:\/\/nuevo-renacer.com\/maya-storms\/\",\"url\":\"https:\/\/nuevo-renacer.com\/maya-storms\/\",\"name\":\"Maya Storms - Uni\u00f3n Esp\u00edrita\",\"isPartOf\":{\"@id\":\"https:\/\/nuevo-renacer.com\/#website\"},\"primaryImageOfPage\":{\"@id\":\"https:\/\/nuevo-renacer.com\/maya-storms\/#primaryimage\"},\"image\":{\"@id\":\"https:\/\/nuevo-renacer.com\/maya-storms\/#primaryimage\"},\"thumbnailUrl\":\"https:\/\/nuevo-renacer.com\/wp-content\/uploads\/2025\/09\/Maya-Storms.jpeg\",\"datePublished\":\"2025-09-03T10:50:58+00:00\",\"dateModified\":\"2025-09-03T10:53:45+00:00\",\"breadcrumb\":{\"@id\":\"https:\/\/nuevo-renacer.com\/maya-storms\/#breadcrumb\"},\"inLanguage\":\"ru-RU\",\"potentialAction\":[{\"@type\":\"ReadAction\",\"target\":[\"https:\/\/nuevo-renacer.com\/maya-storms\/\"]}]},{\"@type\":\"ImageObject\",\"inLanguage\":\"ru-RU\",\"@id\":\"https:\/\/nuevo-renacer.com\/maya-storms\/#primaryimage\",\"url\":\"https:\/\/nuevo-renacer.com\/wp-content\/uploads\/2025\/09\/Maya-Storms.jpeg\",\"contentUrl\":\"https:\/\/nuevo-renacer.com\/wp-content\/uploads\/2025\/09\/Maya-Storms.jpeg\"},{\"@type\":\"BreadcrumbList\",\"@id\":\"https:\/\/nuevo-renacer.com\/maya-storms\/#breadcrumb\",\"itemListElement\":[{\"@type\":\"ListItem\",\"position\":1,\"name\":\"Startseite\",\"item\":\"https:\/\/nuevo-renacer.com\/\"},{\"@type\":\"ListItem\",\"position\":2,\"name\":\"Maya Storms\"}]},{\"@type\":\"WebSite\",\"@id\":\"https:\/\/nuevo-renacer.com\/#website\",\"url\":\"https:\/\/nuevo-renacer.com\/\",\"name\":\"Uni\u00f3n Esp\u00edrita\",\"description\":\"Nuevo Renacer\",\"publisher\":{\"@id\":\"https:\/\/nuevo-renacer.com\/#organization\"},\"potentialAction\":[{\"@type\":\"SearchAction\",\"target\":{\"@type\":\"EntryPoint\",\"urlTemplate\":\"https:\/\/nuevo-renacer.com\/?s={search_term_string}\"},\"query-input\":{\"@type\":\"PropertyValueSpecification\",\"valueRequired\":true,\"valueName\":\"search_term_string\"}}],\"inLanguage\":\"ru-RU\"},{\"@type\":\"Organization\",\"@id\":\"https:\/\/nuevo-renacer.com\/#organization\",\"name\":\"UFEC\",\"url\":\"https:\/\/nuevo-renacer.com\/\",\"logo\":{\"@type\":\"ImageObject\",\"inLanguage\":\"ru-RU\",\"@id\":\"https:\/\/nuevo-renacer.com\/#\/schema\/logo\/image\/\",\"url\":\"https:\/\/nuevo-renacer.com\/wp-content\/uploads\/2024\/05\/cropped-LOGO-TERMINADO1-3-3.png\",\"contentUrl\":\"https:\/\/nuevo-renacer.com\/wp-content\/uploads\/2024\/05\/cropped-LOGO-TERMINADO1-3-3.png\",\"width\":512,\"height\":512,\"caption\":\"UFEC\"},\"image\":{\"@id\":\"https:\/\/nuevo-renacer.com\/#\/schema\/logo\/image\/\"},\"sameAs\":[\"https:\/\/www.facebook.com\/groups\/3431398063740829\"]}]}<\/script>\n<!-- \/ Yoast SEO Premium plugin. -->","yoast_head_json":{"title":"Maya Storms - Uni\u00f3n Esp\u00edrita","robots":{"index":"index","follow":"follow","max-snippet":"max-snippet:-1","max-image-preview":"max-image-preview:large","max-video-preview":"max-video-preview:-1"},"canonical":"https:\/\/nuevo-renacer.com\/ru\/maya-storms\/","og_locale":"ru_RU","og_type":"article","og_title":"Maya Storms","og_description":"Maya Storms Maya Storms naci\u00f3 el 9 de octubre de 1924 en Dordrecht (Pa\u00edses Bajos) y creci\u00f3 en La Haya. Durante la guerra form\u00f3 parte de la resistencia y despu\u00e9s vivi\u00f3 varios a\u00f1os en Indonesia. Durante ese tiempo, Maya escap\u00f3 varias veces por poco de la muerte. De ni\u00f1a ten\u00eda visiones de sus vidas anteriores [&hellip;]","og_url":"https:\/\/nuevo-renacer.com\/ru\/maya-storms\/","og_site_name":"Uni\u00f3n Esp\u00edrita","article_publisher":"https:\/\/www.facebook.com\/groups\/3431398063740829","article_modified_time":"2025-09-03T10:53:45+00:00","og_image":[{"width":240,"height":315,"url":"https:\/\/nuevo-renacer.com\/wp-content\/uploads\/2025\/09\/Maya-Storms.jpeg","type":"image\/jpeg"}],"twitter_card":"summary_large_image","twitter_misc":{"\u041f\u0440\u0438\u043c\u0435\u0440\u043d\u043e\u0435 \u0432\u0440\u0435\u043c\u044f \u0434\u043b\u044f \u0447\u0442\u0435\u043d\u0438\u044f":"2 \u043c\u0438\u043d\u0443\u0442\u044b"},"schema":{"@context":"https:\/\/schema.org","@graph":[{"@type":"WebPage","@id":"https:\/\/nuevo-renacer.com\/maya-storms\/","url":"https:\/\/nuevo-renacer.com\/maya-storms\/","name":"Maya Storms - Uni\u00f3n Esp\u00edrita","isPartOf":{"@id":"https:\/\/nuevo-renacer.com\/#website"},"primaryImageOfPage":{"@id":"https:\/\/nuevo-renacer.com\/maya-storms\/#primaryimage"},"image":{"@id":"https:\/\/nuevo-renacer.com\/maya-storms\/#primaryimage"},"thumbnailUrl":"https:\/\/nuevo-renacer.com\/wp-content\/uploads\/2025\/09\/Maya-Storms.jpeg","datePublished":"2025-09-03T10:50:58+00:00","dateModified":"2025-09-03T10:53:45+00:00","breadcrumb":{"@id":"https:\/\/nuevo-renacer.com\/maya-storms\/#breadcrumb"},"inLanguage":"ru-RU","potentialAction":[{"@type":"ReadAction","target":["https:\/\/nuevo-renacer.com\/maya-storms\/"]}]},{"@type":"ImageObject","inLanguage":"ru-RU","@id":"https:\/\/nuevo-renacer.com\/maya-storms\/#primaryimage","url":"https:\/\/nuevo-renacer.com\/wp-content\/uploads\/2025\/09\/Maya-Storms.jpeg","contentUrl":"https:\/\/nuevo-renacer.com\/wp-content\/uploads\/2025\/09\/Maya-Storms.jpeg"},{"@type":"BreadcrumbList","@id":"https:\/\/nuevo-renacer.com\/maya-storms\/#breadcrumb","itemListElement":[{"@type":"ListItem","position":1,"name":"Startseite","item":"https:\/\/nuevo-renacer.com\/"},{"@type":"ListItem","position":2,"name":"Maya Storms"}]},{"@type":"WebSite","@id":"https:\/\/nuevo-renacer.com\/#website","url":"https:\/\/nuevo-renacer.com\/","name":"Uni\u00f3n Esp\u00edrita","description":"Nuevo Renacer","publisher":{"@id":"https:\/\/nuevo-renacer.com\/#organization"},"potentialAction":[{"@type":"SearchAction","target":{"@type":"EntryPoint","urlTemplate":"https:\/\/nuevo-renacer.com\/?s={search_term_string}"},"query-input":{"@type":"PropertyValueSpecification","valueRequired":true,"valueName":"search_term_string"}}],"inLanguage":"ru-RU"},{"@type":"Organization","@id":"https:\/\/nuevo-renacer.com\/#organization","name":"UFEC","url":"https:\/\/nuevo-renacer.com\/","logo":{"@type":"ImageObject","inLanguage":"ru-RU","@id":"https:\/\/nuevo-renacer.com\/#\/schema\/logo\/image\/","url":"https:\/\/nuevo-renacer.com\/wp-content\/uploads\/2024\/05\/cropped-LOGO-TERMINADO1-3-3.png","contentUrl":"https:\/\/nuevo-renacer.com\/wp-content\/uploads\/2024\/05\/cropped-LOGO-TERMINADO1-3-3.png","width":512,"height":512,"caption":"UFEC"},"image":{"@id":"https:\/\/nuevo-renacer.com\/#\/schema\/logo\/image\/"},"sameAs":["https:\/\/www.facebook.com\/groups\/3431398063740829"]}]}},"uagb_featured_image_src":{"full":false,"thumbnail":false,"medium":false,"medium_large":false,"large":false,"1536x1536":false,"2048x2048":false,"trp-custom-language-flag":false},"uagb_author_info":{"display_name":"adbv0","author_link":"https:\/\/nuevo-renacer.com\/ru\/author\/adbv0\/"},"uagb_comment_info":0,"uagb_excerpt":"Maya Storms Maya Storms naci\u00f3 el 9 de octubre de 1924 en Dordrecht (Pa\u00edses Bajos) y creci\u00f3 en La Haya. Durante la guerra form\u00f3 parte de la resistencia y despu\u00e9s vivi\u00f3 varios a\u00f1os en Indonesia. Durante ese tiempo, Maya escap\u00f3 varias veces por poco de la muerte. De ni\u00f1a ten\u00eda visiones de sus vidas anteriores&hellip;","jetpack_sharing_enabled":true,"_links":{"self":[{"href":"https:\/\/nuevo-renacer.com\/ru\/wp-json\/wp\/v2\/pages\/8489","targetHints":{"allow":["GET"]}}],"collection":[{"href":"https:\/\/nuevo-renacer.com\/ru\/wp-json\/wp\/v2\/pages"}],"about":[{"href":"https:\/\/nuevo-renacer.com\/ru\/wp-json\/wp\/v2\/types\/page"}],"author":[{"embeddable":true,"href":"https:\/\/nuevo-renacer.com\/ru\/wp-json\/wp\/v2\/users\/1"}],"replies":[{"embeddable":true,"href":"https:\/\/nuevo-renacer.com\/ru\/wp-json\/wp\/v2\/comments?post=8489"}],"version-history":[{"count":2,"href":"https:\/\/nuevo-renacer.com\/ru\/wp-json\/wp\/v2\/pages\/8489\/revisions"}],"predecessor-version":[{"id":8493,"href":"https:\/\/nuevo-renacer.com\/ru\/wp-json\/wp\/v2\/pages\/8489\/revisions\/8493"}],"wp:attachment":[{"href":"https:\/\/nuevo-renacer.com\/ru\/wp-json\/wp\/v2\/media?parent=8489"}],"curies":[{"name":"wp","href":"https:\/\/api.w.org\/{rel}","templated":true}]}}