{"id":8444,"date":"2025-08-25T08:16:04","date_gmt":"2025-08-25T08:16:04","guid":{"rendered":"https:\/\/nuevo-renacer.com\/?page_id=8444"},"modified":"2025-08-25T08:16:07","modified_gmt":"2025-08-25T08:16:07","slug":"novedades-11-de-enero-de-2025","status":"publish","type":"page","link":"https:\/\/nuevo-renacer.com\/ru\/novedades-11-de-enero-de-2025\/","title":{"rendered":"11 \u044f\u043d\u0432\u0430\u0440\u044f 2025 \u0433\u043e\u0434\u0430"},"content":{"rendered":"<div class=\"wp-block-uagb-container uagb-block-31ab4782 alignfull uagb-is-root-container\"><div class=\"uagb-container-inner-blocks-wrap\">\n<p class=\"has-black-color has-text-color has-link-color has-medium-font-size wp-elements-114cc64abfe40cdfa6843d6d03a3c950\"><strong> 11 \u044f\u043d\u0432\u0430\u0440\u044f 2025 \u0433\u043e\u0434\u0430<\/strong><\/p>\n<\/div><\/div>\n\n\n\n<div class=\"wp-block-uagb-container uagb-block-ffc97b7a alignfull uagb-is-root-container\"><div class=\"uagb-container-inner-blocks-wrap\">\n<figure class=\"wp-block-image size-full is-resized\"><img fetchpriority=\"high\" decoding=\"async\" width=\"1020\" height=\"765\" src=\"https:\/\/nuevo-renacer.com\/wp-content\/uploads\/2025\/08\/26476620-4f3e-46f1-bd0b-8c3b6b0b92ef-1.jpg\" alt=\"\" class=\"wp-image-8445\" style=\"width:476px;height:auto\" srcset=\"https:\/\/nuevo-renacer.com\/wp-content\/uploads\/2025\/08\/26476620-4f3e-46f1-bd0b-8c3b6b0b92ef-1.jpg 1020w, https:\/\/nuevo-renacer.com\/wp-content\/uploads\/2025\/08\/26476620-4f3e-46f1-bd0b-8c3b6b0b92ef-1-300x225.jpg 300w, https:\/\/nuevo-renacer.com\/wp-content\/uploads\/2025\/08\/26476620-4f3e-46f1-bd0b-8c3b6b0b92ef-1-768x576.jpg 768w, https:\/\/nuevo-renacer.com\/wp-content\/uploads\/2025\/08\/26476620-4f3e-46f1-bd0b-8c3b6b0b92ef-1-16x12.jpg 16w\" sizes=\"(max-width: 1020px) 100vw, 1020px\" \/><\/figure>\n<\/div><\/div>\n\n\n\n<div class=\"wp-block-uagb-container uagb-block-becb9baa alignfull uagb-is-root-container\"><div class=\"uagb-container-inner-blocks-wrap\">\n<p class=\"has-black-color has-text-color has-link-color has-small-font-size wp-elements-d079fc17bff9ca9109cede8736e8fb2d\">11 \u044f\u043d\u0432\u0430\u0440\u044f 2025 \u0433\u043e\u0434\u0430 \u0441\u043e\u0441\u0442\u043e\u044f\u043b\u0430\u0441\u044c \u0432\u0441\u0442\u0440\u0435\u0447\u0430 \u0440\u0443\u043a\u043e\u0432\u043e\u0434\u0438\u0442\u0435\u043b\u0435\u0439 \u0426\u0435\u043d\u0442\u0440\u043e\u0432 \u042d\u0441\u043f\u0438\u0440\u0438\u0442\u0441\u043a\u043e\u0433\u043e \u0441\u043e\u0432\u0435\u0442\u0430, \u043f\u0440\u0438\u043d\u0430\u0434\u043b\u0435\u0436\u0430\u0449\u0438\u0445 \u043c\u0443\u043d\u0438\u0446\u0438\u043f\u0430\u043b\u0438\u0442\u0435\u0442\u0443 \u041a\u0430\u043a\u043e\u043a\u0443\u043c . \u0411\u044b\u043b \u0438\u0437\u0431\u0440\u0430\u043d \u043d\u043e\u0432\u044b\u0439 \u043a\u043e\u043e\u0440\u0434\u0438\u043d\u0430\u0442\u043e\u0440, \u0438 \u043f\u043e\u0434\u0433\u043e\u0442\u043e\u0432\u043a\u0430 \u043a \u043c\u0435\u0436\u0444\u0435\u0434\u0435\u0440\u0430\u0442\u0438\u0432\u043d\u043e\u0439 \u0432\u0441\u0442\u0440\u0435\u0447\u0435 \u0432 \u043c\u0430\u0440\u0442\u0435 \u0431\u044b\u043b\u0430 \u043f\u0440\u043e\u0434\u043e\u043b\u0436\u0435\u043d\u0430, \u0433\u0434\u0435 \u0431\u044b\u043b\u043e \u043c\u043d\u043e\u0433\u043e \u043e\u043f\u0442\u0438\u043c\u0438\u0437\u043c\u0430, \u044d\u043d\u0442\u0443\u0437\u0438\u0430\u0437\u043c\u0430 \u0438 \u0436\u0435\u043b\u0430\u043d\u0438\u044f \u0441\u043e\u0442\u0440\u0443\u0434\u043d\u0438\u0447\u0430\u0442\u044c, \u0447\u0442\u043e\u0431\u044b \u0434\u043e\u0441\u0442\u043e\u0439\u043d\u043e \u043f\u0440\u043e\u0432\u0435\u0441\u0442\u0438 \u0441\u0430\u043c\u0443\u044e \u0432\u0430\u0436\u043d\u0443\u044e \u0432\u0441\u0442\u0440\u0435\u0447\u0443 \u043f\u043e \u0432\u043e\u043f\u0440\u043e\u0441\u0430\u043c \u0441\u043f\u0438\u0440\u0438\u0442\u0438\u0437\u043c\u0430 \u043d\u0430 \u041a\u0443\u0431\u0435 \u0432 \u044d\u0442\u043e\u043c \u0433\u043e\u0434\u0443. \u0412\u0441\u0435 \u043e\u0441\u0442\u0430\u043b\u0438\u0441\u044c \u0434\u043e\u0432\u043e\u043b\u044c\u043d\u044b \u0440\u0435\u0437\u0443\u043b\u044c\u0442\u0430\u0442\u043e\u043c \u0432\u0441\u0442\u0440\u0435\u0447\u0438.<\/p>\n<\/div><\/div>\n\n\n\n<div class=\"wp-block-uagb-container uagb-block-730584a2 alignfull uagb-is-root-container\"><div class=\"uagb-container-inner-blocks-wrap\"><\/div><\/div>\n\n\n\n<div class=\"wp-block-uagb-container uagb-block-06ad1bbd alignfull uagb-is-root-container\"><div class=\"uagb-container-inner-blocks-wrap\"><\/div><\/div>","protected":false},"excerpt":{"rendered":"<p>11 de Enero de 2025 El 11 de Enero de 2025\u00a0 los directivos de Centros del Consejo Esp\u00edrita pertenecientes al municipio de Cacoc\u00fam tuvieron un encuentro . Se eligi\u00f3 un nuevo coordinador y se continu\u00f3 con los preparativos para el encuentro interfederativo del mes de marzo, donde hubo mucho optimismo,\u00a0 entusiasmo y deseos de colaborar [&hellip;]<\/p>","protected":false},"author":1,"featured_media":0,"parent":0,"menu_order":0,"comment_status":"closed","ping_status":"closed","template":"","meta":{"_uag_custom_page_level_css":"","site-sidebar-layout":"default","site-content-layout":"","ast-site-content-layout":"default","site-content-style":"default","site-sidebar-style":"default","ast-global-header-display":"","ast-banner-title-visibility":"","ast-main-header-display":"","ast-hfb-above-header-display":"","ast-hfb-below-header-display":"","ast-hfb-mobile-header-display":"","site-post-title":"disabled","ast-breadcrumbs-content":"","ast-featured-img":"","footer-sml-layout":"","theme-transparent-header-meta":"","adv-header-id-meta":"","stick-header-meta":"","header-above-stick-meta":"","header-main-stick-meta":"","header-below-stick-meta":"","astra-migrate-meta-layouts":"set","ast-page-background-enabled":"default","ast-page-background-meta":{"desktop":{"background-color":"var(--ast-global-color-4)","background-image":"","background-repeat":"repeat","background-position":"center center","background-size":"auto","background-attachment":"scroll","background-type":"","background-media":"","overlay-type":"","overlay-color":"","overlay-opacity":"","overlay-gradient":""},"tablet":{"background-color":"","background-image":"","background-repeat":"repeat","background-position":"center center","background-size":"auto","background-attachment":"scroll","background-type":"","background-media":"","overlay-type":"","overlay-color":"","overlay-opacity":"","overlay-gradient":""},"mobile":{"background-color":"","background-image":"","background-repeat":"repeat","background-position":"center center","background-size":"auto","background-attachment":"scroll","background-type":"","background-media":"","overlay-type":"","overlay-color":"","overlay-opacity":"","overlay-gradient":""}},"ast-content-background-meta":{"desktop":{"background-color":"var(--ast-global-color-5)","background-image":"","background-repeat":"repeat","background-position":"center center","background-size":"auto","background-attachment":"scroll","background-type":"","background-media":"","overlay-type":"","overlay-color":"","overlay-opacity":"","overlay-gradient":""},"tablet":{"background-color":"var(--ast-global-color-5)","background-image":"","background-repeat":"repeat","background-position":"center center","background-size":"auto","background-attachment":"scroll","background-type":"","background-media":"","overlay-type":"","overlay-color":"","overlay-opacity":"","overlay-gradient":""},"mobile":{"background-color":"var(--ast-global-color-5)","background-image":"","background-repeat":"repeat","background-position":"center center","background-size":"auto","background-attachment":"scroll","background-type":"","background-media":"","overlay-type":"","overlay-color":"","overlay-opacity":"","overlay-gradient":""}},"footnotes":""},"class_list":["post-8444","page","type-page","status-publish","hentry"],"yoast_head":"<!-- This site is optimized with the Yoast SEO Premium plugin v24.2 (Yoast SEO v24.6) - https:\/\/yoast.com\/wordpress\/plugins\/seo\/ -->\n<title>11 de Enero de 2025 - Uni\u00f3n Esp\u00edrita<\/title>\n<meta name=\"robots\" content=\"index, follow, max-snippet:-1, max-image-preview:large, max-video-preview:-1\" \/>\n<link rel=\"canonical\" href=\"https:\/\/nuevo-renacer.com\/ru\/novedades-11-de-enero-de-2025\/\" \/>\n<meta property=\"og:locale\" content=\"ru_RU\" \/>\n<meta property=\"og:type\" content=\"article\" \/>\n<meta property=\"og:title\" content=\"11 de Enero de 2025\" \/>\n<meta property=\"og:description\" content=\"11 de Enero de 2025 El 11 de Enero de 2025\u00a0 los directivos de Centros del Consejo Esp\u00edrita pertenecientes al municipio de Cacoc\u00fam tuvieron un encuentro . Se eligi\u00f3 un nuevo coordinador y se continu\u00f3 con los preparativos para el encuentro interfederativo del mes de marzo, donde hubo mucho optimismo,\u00a0 entusiasmo y deseos de colaborar [&hellip;]\" \/>\n<meta property=\"og:url\" content=\"https:\/\/nuevo-renacer.com\/ru\/novedades-11-de-enero-de-2025\/\" \/>\n<meta property=\"og:site_name\" content=\"Uni\u00f3n Esp\u00edrita\" \/>\n<meta property=\"article:publisher\" content=\"https:\/\/www.facebook.com\/groups\/3431398063740829\" \/>\n<meta property=\"article:modified_time\" content=\"2025-08-25T08:16:07+00:00\" \/>\n<meta property=\"og:image\" content=\"https:\/\/nuevo-renacer.com\/wp-content\/uploads\/2025\/08\/26476620-4f3e-46f1-bd0b-8c3b6b0b92ef-1.jpg\" \/>\n\t<meta property=\"og:image:width\" content=\"1020\" \/>\n\t<meta property=\"og:image:height\" content=\"765\" \/>\n\t<meta property=\"og:image:type\" content=\"image\/jpeg\" \/>\n<meta name=\"twitter:card\" content=\"summary_large_image\" \/>\n<meta name=\"twitter:label1\" content=\"\u041f\u0440\u0438\u043c\u0435\u0440\u043d\u043e\u0435 \u0432\u0440\u0435\u043c\u044f \u0434\u043b\u044f \u0447\u0442\u0435\u043d\u0438\u044f\" \/>\n\t<meta name=\"twitter:data1\" content=\"1 \u043c\u0438\u043d\u0443\u0442\u0430\" \/>\n<script type=\"application\/ld+json\" class=\"yoast-schema-graph\">{\"@context\":\"https:\/\/schema.org\",\"@graph\":[{\"@type\":\"WebPage\",\"@id\":\"https:\/\/nuevo-renacer.com\/novedades-11-de-enero-de-2025\/\",\"url\":\"https:\/\/nuevo-renacer.com\/novedades-11-de-enero-de-2025\/\",\"name\":\"11 de Enero de 2025 - Uni\u00f3n Esp\u00edrita\",\"isPartOf\":{\"@id\":\"https:\/\/nuevo-renacer.com\/#website\"},\"primaryImageOfPage\":{\"@id\":\"https:\/\/nuevo-renacer.com\/novedades-11-de-enero-de-2025\/#primaryimage\"},\"image\":{\"@id\":\"https:\/\/nuevo-renacer.com\/novedades-11-de-enero-de-2025\/#primaryimage\"},\"thumbnailUrl\":\"https:\/\/nuevo-renacer.com\/wp-content\/uploads\/2025\/08\/26476620-4f3e-46f1-bd0b-8c3b6b0b92ef-1.jpg\",\"datePublished\":\"2025-08-25T08:16:04+00:00\",\"dateModified\":\"2025-08-25T08:16:07+00:00\",\"breadcrumb\":{\"@id\":\"https:\/\/nuevo-renacer.com\/novedades-11-de-enero-de-2025\/#breadcrumb\"},\"inLanguage\":\"ru-RU\",\"potentialAction\":[{\"@type\":\"ReadAction\",\"target\":[\"https:\/\/nuevo-renacer.com\/novedades-11-de-enero-de-2025\/\"]}]},{\"@type\":\"ImageObject\",\"inLanguage\":\"ru-RU\",\"@id\":\"https:\/\/nuevo-renacer.com\/novedades-11-de-enero-de-2025\/#primaryimage\",\"url\":\"https:\/\/nuevo-renacer.com\/wp-content\/uploads\/2025\/08\/26476620-4f3e-46f1-bd0b-8c3b6b0b92ef-1.jpg\",\"contentUrl\":\"https:\/\/nuevo-renacer.com\/wp-content\/uploads\/2025\/08\/26476620-4f3e-46f1-bd0b-8c3b6b0b92ef-1.jpg\"},{\"@type\":\"BreadcrumbList\",\"@id\":\"https:\/\/nuevo-renacer.com\/novedades-11-de-enero-de-2025\/#breadcrumb\",\"itemListElement\":[{\"@type\":\"ListItem\",\"position\":1,\"name\":\"Startseite\",\"item\":\"https:\/\/nuevo-renacer.com\/\"},{\"@type\":\"ListItem\",\"position\":2,\"name\":\"11 de Enero de 2025\"}]},{\"@type\":\"WebSite\",\"@id\":\"https:\/\/nuevo-renacer.com\/#website\",\"url\":\"https:\/\/nuevo-renacer.com\/\",\"name\":\"Uni\u00f3n Esp\u00edrita\",\"description\":\"Nuevo Renacer\",\"publisher\":{\"@id\":\"https:\/\/nuevo-renacer.com\/#organization\"},\"potentialAction\":[{\"@type\":\"SearchAction\",\"target\":{\"@type\":\"EntryPoint\",\"urlTemplate\":\"https:\/\/nuevo-renacer.com\/?s={search_term_string}\"},\"query-input\":{\"@type\":\"PropertyValueSpecification\",\"valueRequired\":true,\"valueName\":\"search_term_string\"}}],\"inLanguage\":\"ru-RU\"},{\"@type\":\"Organization\",\"@id\":\"https:\/\/nuevo-renacer.com\/#organization\",\"name\":\"UFEC\",\"url\":\"https:\/\/nuevo-renacer.com\/\",\"logo\":{\"@type\":\"ImageObject\",\"inLanguage\":\"ru-RU\",\"@id\":\"https:\/\/nuevo-renacer.com\/#\/schema\/logo\/image\/\",\"url\":\"https:\/\/nuevo-renacer.com\/wp-content\/uploads\/2024\/05\/cropped-LOGO-TERMINADO1-3-3.png\",\"contentUrl\":\"https:\/\/nuevo-renacer.com\/wp-content\/uploads\/2024\/05\/cropped-LOGO-TERMINADO1-3-3.png\",\"width\":512,\"height\":512,\"caption\":\"UFEC\"},\"image\":{\"@id\":\"https:\/\/nuevo-renacer.com\/#\/schema\/logo\/image\/\"},\"sameAs\":[\"https:\/\/www.facebook.com\/groups\/3431398063740829\"]}]}<\/script>\n<!-- \/ Yoast SEO Premium plugin. -->","yoast_head_json":{"title":"11 de Enero de 2025 - Uni\u00f3n Esp\u00edrita","robots":{"index":"index","follow":"follow","max-snippet":"max-snippet:-1","max-image-preview":"max-image-preview:large","max-video-preview":"max-video-preview:-1"},"canonical":"https:\/\/nuevo-renacer.com\/ru\/novedades-11-de-enero-de-2025\/","og_locale":"ru_RU","og_type":"article","og_title":"11 de Enero de 2025","og_description":"11 de Enero de 2025 El 11 de Enero de 2025\u00a0 los directivos de Centros del Consejo Esp\u00edrita pertenecientes al municipio de Cacoc\u00fam tuvieron un encuentro . Se eligi\u00f3 un nuevo coordinador y se continu\u00f3 con los preparativos para el encuentro interfederativo del mes de marzo, donde hubo mucho optimismo,\u00a0 entusiasmo y deseos de colaborar [&hellip;]","og_url":"https:\/\/nuevo-renacer.com\/ru\/novedades-11-de-enero-de-2025\/","og_site_name":"Uni\u00f3n Esp\u00edrita","article_publisher":"https:\/\/www.facebook.com\/groups\/3431398063740829","article_modified_time":"2025-08-25T08:16:07+00:00","og_image":[{"width":1020,"height":765,"url":"https:\/\/nuevo-renacer.com\/wp-content\/uploads\/2025\/08\/26476620-4f3e-46f1-bd0b-8c3b6b0b92ef-1.jpg","type":"image\/jpeg"}],"twitter_card":"summary_large_image","twitter_misc":{"\u041f\u0440\u0438\u043c\u0435\u0440\u043d\u043e\u0435 \u0432\u0440\u0435\u043c\u044f \u0434\u043b\u044f \u0447\u0442\u0435\u043d\u0438\u044f":"1 \u043c\u0438\u043d\u0443\u0442\u0430"},"schema":{"@context":"https:\/\/schema.org","@graph":[{"@type":"WebPage","@id":"https:\/\/nuevo-renacer.com\/novedades-11-de-enero-de-2025\/","url":"https:\/\/nuevo-renacer.com\/novedades-11-de-enero-de-2025\/","name":"11 de Enero de 2025 - Uni\u00f3n Esp\u00edrita","isPartOf":{"@id":"https:\/\/nuevo-renacer.com\/#website"},"primaryImageOfPage":{"@id":"https:\/\/nuevo-renacer.com\/novedades-11-de-enero-de-2025\/#primaryimage"},"image":{"@id":"https:\/\/nuevo-renacer.com\/novedades-11-de-enero-de-2025\/#primaryimage"},"thumbnailUrl":"https:\/\/nuevo-renacer.com\/wp-content\/uploads\/2025\/08\/26476620-4f3e-46f1-bd0b-8c3b6b0b92ef-1.jpg","datePublished":"2025-08-25T08:16:04+00:00","dateModified":"2025-08-25T08:16:07+00:00","breadcrumb":{"@id":"https:\/\/nuevo-renacer.com\/novedades-11-de-enero-de-2025\/#breadcrumb"},"inLanguage":"ru-RU","potentialAction":[{"@type":"ReadAction","target":["https:\/\/nuevo-renacer.com\/novedades-11-de-enero-de-2025\/"]}]},{"@type":"ImageObject","inLanguage":"ru-RU","@id":"https:\/\/nuevo-renacer.com\/novedades-11-de-enero-de-2025\/#primaryimage","url":"https:\/\/nuevo-renacer.com\/wp-content\/uploads\/2025\/08\/26476620-4f3e-46f1-bd0b-8c3b6b0b92ef-1.jpg","contentUrl":"https:\/\/nuevo-renacer.com\/wp-content\/uploads\/2025\/08\/26476620-4f3e-46f1-bd0b-8c3b6b0b92ef-1.jpg"},{"@type":"BreadcrumbList","@id":"https:\/\/nuevo-renacer.com\/novedades-11-de-enero-de-2025\/#breadcrumb","itemListElement":[{"@type":"ListItem","position":1,"name":"Startseite","item":"https:\/\/nuevo-renacer.com\/"},{"@type":"ListItem","position":2,"name":"11 de Enero de 2025"}]},{"@type":"WebSite","@id":"https:\/\/nuevo-renacer.com\/#website","url":"https:\/\/nuevo-renacer.com\/","name":"Uni\u00f3n Esp\u00edrita","description":"Nuevo Renacer","publisher":{"@id":"https:\/\/nuevo-renacer.com\/#organization"},"potentialAction":[{"@type":"SearchAction","target":{"@type":"EntryPoint","urlTemplate":"https:\/\/nuevo-renacer.com\/?s={search_term_string}"},"query-input":{"@type":"PropertyValueSpecification","valueRequired":true,"valueName":"search_term_string"}}],"inLanguage":"ru-RU"},{"@type":"Organization","@id":"https:\/\/nuevo-renacer.com\/#organization","name":"UFEC","url":"https:\/\/nuevo-renacer.com\/","logo":{"@type":"ImageObject","inLanguage":"ru-RU","@id":"https:\/\/nuevo-renacer.com\/#\/schema\/logo\/image\/","url":"https:\/\/nuevo-renacer.com\/wp-content\/uploads\/2024\/05\/cropped-LOGO-TERMINADO1-3-3.png","contentUrl":"https:\/\/nuevo-renacer.com\/wp-content\/uploads\/2024\/05\/cropped-LOGO-TERMINADO1-3-3.png","width":512,"height":512,"caption":"UFEC"},"image":{"@id":"https:\/\/nuevo-renacer.com\/#\/schema\/logo\/image\/"},"sameAs":["https:\/\/www.facebook.com\/groups\/3431398063740829"]}]}},"uagb_featured_image_src":{"full":false,"thumbnail":false,"medium":false,"medium_large":false,"large":false,"1536x1536":false,"2048x2048":false,"trp-custom-language-flag":false},"uagb_author_info":{"display_name":"adbv0","author_link":"https:\/\/nuevo-renacer.com\/ru\/author\/adbv0\/"},"uagb_comment_info":0,"uagb_excerpt":"11 de Enero de 2025 El 11 de Enero de 2025\u00a0 los directivos de Centros del Consejo Esp\u00edrita pertenecientes al municipio de Cacoc\u00fam tuvieron un encuentro . Se eligi\u00f3 un nuevo coordinador y se continu\u00f3 con los preparativos para el encuentro interfederativo del mes de marzo, donde hubo mucho optimismo,\u00a0 entusiasmo y deseos de colaborar&hellip;","jetpack_sharing_enabled":true,"_links":{"self":[{"href":"https:\/\/nuevo-renacer.com\/ru\/wp-json\/wp\/v2\/pages\/8444","targetHints":{"allow":["GET"]}}],"collection":[{"href":"https:\/\/nuevo-renacer.com\/ru\/wp-json\/wp\/v2\/pages"}],"about":[{"href":"https:\/\/nuevo-renacer.com\/ru\/wp-json\/wp\/v2\/types\/page"}],"author":[{"embeddable":true,"href":"https:\/\/nuevo-renacer.com\/ru\/wp-json\/wp\/v2\/users\/1"}],"replies":[{"embeddable":true,"href":"https:\/\/nuevo-renacer.com\/ru\/wp-json\/wp\/v2\/comments?post=8444"}],"version-history":[{"count":1,"href":"https:\/\/nuevo-renacer.com\/ru\/wp-json\/wp\/v2\/pages\/8444\/revisions"}],"predecessor-version":[{"id":8446,"href":"https:\/\/nuevo-renacer.com\/ru\/wp-json\/wp\/v2\/pages\/8444\/revisions\/8446"}],"wp:attachment":[{"href":"https:\/\/nuevo-renacer.com\/ru\/wp-json\/wp\/v2\/media?parent=8444"}],"curies":[{"name":"wp","href":"https:\/\/api.w.org\/{rel}","templated":true}]}}