{"id":8004,"date":"2025-04-29T09:15:06","date_gmt":"2025-04-29T09:15:06","guid":{"rendered":"https:\/\/nuevo-renacer.com\/?page_id=8004"},"modified":"2025-04-29T09:39:02","modified_gmt":"2025-04-29T09:39:02","slug":"elisabeth-d-esperance","status":"publish","type":"page","link":"https:\/\/nuevo-renacer.com\/ru\/elisabeth-d-esperance\/","title":{"rendered":"Elisabeth D&#8217;Esp\u00e9rance"},"content":{"rendered":"<div class=\"wp-block-uagb-container uagb-block-d9088863 alignfull uagb-is-root-container\"><div class=\"uagb-container-inner-blocks-wrap\">\n<p class=\"has-black-color has-text-color has-link-color has-medium-font-size wp-elements-b5bfd1e63863f96d655833d941e02cac\"><strong>Elisabeth D&#8217;Esp\u00e9rance<\/strong><\/p>\n<\/div><\/div>\n\n\n\n<div class=\"wp-block-uagb-container uagb-block-2adc85bb alignfull uagb-is-root-container\"><div class=\"uagb-container-inner-blocks-wrap\">\n<figure class=\"wp-block-image size-full is-resized\"><img fetchpriority=\"high\" decoding=\"async\" width=\"400\" height=\"442\" src=\"https:\/\/nuevo-renacer.com\/wp-content\/uploads\/2025\/04\/esperance-7133589.jpg\" alt=\"\" class=\"wp-image-8005\" style=\"width:255px;height:auto\" srcset=\"https:\/\/nuevo-renacer.com\/wp-content\/uploads\/2025\/04\/esperance-7133589.jpg 400w, https:\/\/nuevo-renacer.com\/wp-content\/uploads\/2025\/04\/esperance-7133589-271x300.jpg 271w, https:\/\/nuevo-renacer.com\/wp-content\/uploads\/2025\/04\/esperance-7133589-11x12.jpg 11w\" sizes=\"(max-width: 400px) 100vw, 400px\" \/><\/figure>\n<\/div><\/div>\n\n\n\n<div class=\"wp-block-uagb-container uagb-block-b434ab73 alignfull uagb-is-root-container\"><div class=\"uagb-container-inner-blocks-wrap\">\n<p class=\"has-black-color has-text-color has-link-color has-small-font-size wp-elements-fa143b0569b3878be53b74067a1fed6d\">Elisabeth D&#8217;Esp\u00e9rance naci\u00f3 en 1848 en Londres (Reino Unido)  y desencarn\u00f3 en 1919 en Copenhague (Dinamarca). Fue m\u00e9dium de gran proyecci\u00f3n, habiendo servido como instrumento para las investigaciones iniciadas por muchos sabios de la \u00e9poca.<\/p>\n\n\n\n<p class=\"has-black-color has-text-color has-link-color has-small-font-size wp-elements-a6db6c3b5fecd4478994433f253ba8d2\">Elisabeth D&#8217;Esper\u00e9rance, o Madame D&#8217;Esp\u00e9rance, cuyo verdadero nombre era Mrs. Hope, fue m\u00e9dium de gran proyecci\u00f3n, habiendo servido como instrumento para las investigaciones iniciadas por muchos sabios de su \u00e9poca.<\/p>\n\n\n\n<p class=\"has-black-color has-text-color has-link-color has-small-font-size wp-elements-ad323ee4b7eff1d51a8488f2865154fe\">Su carrera en el campo medi\u00fanico ha alcanzado gran notoriedad, abarcando el continente europeo y principalmente Inglaterra.<\/p>\n\n\n\n<p class=\"has-black-color has-text-color has-link-color has-small-font-size wp-elements-46c40ed8a5b1debaf4f20a4a13ad91f9\">Apareci\u00f3 en p\u00fablico por primera vez, gracias a la interferencia de T. P. Barkas, ciudadano muy relacionado en la ciudad de New Castle. En esa \u00e9poca la m\u00e9dium era una joven de educaci\u00f3n media, sin embargo, cuando en trance medi\u00fanico, demostraba bastante discernimiento de las cosas, revelando un elevado grado de sabidur\u00eda, muy por encima del consenso general.<\/p>\n\n\n\n<p class=\"has-black-color has-text-color has-link-color has-small-font-size wp-elements-21023093b25e7cfdbd2f903d729b1702\">Extensas listas de preguntas fueron elaboradas por Barkas, abarcando varios aspectos de la ciencia, y las respuestas se obten\u00edan con incre\u00edble rapidez, y generalmente en ingl\u00e9s, pero a veces en alem\u00e1n o lat\u00edn.<\/p>\n\n\n\n<p class=\"has-black-color has-text-color has-link-color has-small-font-size wp-elements-5fef2ef778706441150019cbdf2b4886\">La m\u00e9dium vivi\u00f3 en medio de los casos m\u00e1s extra\u00f1os, desde muy temprana edad, pues, en sus memorias, describe sus aventuras con esp\u00edritus de apariencia infantil, que jugaban con ella, se alteraban y poco despu\u00e9s se reconciliaban.<\/p>\n\n\n\n<p class=\"has-black-color has-text-color has-link-color has-small-font-size wp-elements-6765a00dc72cb7e23a6c1f642e175a69\">Sus facultades ps\u00edquicas han sido de las m\u00e1s portentosas y se han intensificado con el paso de los a\u00f1os, especialmente en el campo de las materializaciones, donde ha logrado resultados verdaderamente impresionantes.<\/p>\n\n\n\n<p class=\"has-black-color has-text-color has-link-color has-small-font-size wp-elements-fe4f7dfcd028a93dc5fad4228432868a\">En la oscuridad escrib\u00eda las respuestas m\u00e1s sofisticadas a las preguntas formuladas por personas que las buscaban en una biblioteca entera. Tales preguntas se formulaban de forma aleatoria, en ingl\u00e9s, alem\u00e1n o lat\u00edn y merec\u00edan respuestas en el mismo idioma, sin ning\u00fan tipo de error de estilo o de gram\u00e1tica.<\/p>\n\n\n\n<p class=\"has-black-color has-text-color has-link-color has-small-font-size wp-elements-fe4109cfa81adb82efa0e24a7f918045\">A trav\u00e9s de \u00e9l se iniciaron varias y frecuentes experiencias con el Esp\u00edritu de bella joven \u00e1rabe, de cabello negro y ondulado, de piel morena y muy graciosa.<\/p>\n\n\n\n<p class=\"has-black-color has-text-color has-link-color has-small-font-size wp-elements-88303dae198f8bec245f84eafb36b347\">Demostr\u00f3 notable capacidad en los fen\u00f3menos de materializaciones, principalmente en la formaci\u00f3n de plantas que pasaron a tener prolongada duraci\u00f3n y que fueron colocadas en jardines.<\/p>\n\n\n\n<p class=\"has-black-color has-text-color has-link-color has-small-font-size wp-elements-1318a4ad71cdba69463ef2d03d6575db\">El Dr. William Oxley afirm\u00f3 que logr\u00f3, a trav\u00e9s de la m\u00e9dium, la materializaci\u00f3n de 27 rosas y otras plantas en una sola sesi\u00f3n. Entre estas plantas se destacaba una cuyo nombre cient\u00edfico era \u00abIxora Crocata\u00bb, que fue colocada en un invernadero, y all\u00ed vivi\u00f3 unos tres meses, cuando entonces se sec\u00f3.<\/p>\n\n\n\n<p class=\"has-black-color has-text-color has-link-color has-small-font-size wp-elements-390cb1f159476274c1e9c70b871b918f\">Oxley tambi\u00e9n presenci\u00f3 la materializaci\u00f3n, con gran nitidez, de una joven de rara belleza, la cual, despu\u00e9s de presentarse en toda su magnitud comenz\u00f3 a desmaterializarse, comenzando por los pies, como si fuera una estatua de cera colocada sobre una placa caliente. Varios otros comentarios de Oxley est\u00e1n contenidos en su obra \u00abRevelaciones Evang\u00e9licas\u00bb.<\/p>\n\n\n\n<p class=\"has-black-color has-text-color has-link-color has-small-font-size wp-elements-fce0827c909c6f7488cee30a5762ff6f\">El Conde Alexander Aksakof tambi\u00e9n realiz\u00f3 varias investigaciones con la famosa m\u00e9dium, obteniendo los resultados m\u00e1s positivos, lo mismo sucedi\u00f3 con el profesor Butlerof, catedr\u00e1tico de Qu\u00edmica de la Universidad de Petersburgo.<\/p>\n\n\n\n<p class=\"has-black-color has-text-color has-link-color has-small-font-size wp-elements-804815239bf9fa6dbfa6480056ef156b\">Una ma\u00f1ana, la m\u00e9dium, estando ocupada en escribir algunas cartas comerciales, en un momento observ\u00f3, con asombro, que su mano hab\u00eda escrito autom\u00e1ticamente el nombre \u00abSwen Stromberg\u00bb. Nadie pudo explicar de qui\u00e9n se trataba.<\/p>\n\n\n\n<p class=\"has-black-color has-text-color has-link-color has-small-font-size wp-elements-d998a5658df15c251d63f7a3297d226f\">Alg\u00fan tiempo despu\u00e9s, cuando Aksakof y Buttlerof hac\u00edan experimentos en el sentido de fotografiar esp\u00edritus materializados, detr\u00e1s del m\u00e9dium apareci\u00f3 tambi\u00e9n la figura de un hombre. Consultado, el mentor espiritual explic\u00f3 que se trataba de un personaje cuyo nombre era exactamente Swen Stromberg, quien hab\u00eda desencarnado el 13 de marzo de ese a\u00f1o, en New Stockholm, y ped\u00eda que sus padres fueran advertidos sobre su fallecimiento.<\/p>\n\n\n\n<p class=\"has-black-color has-text-color has-link-color has-small-font-size wp-elements-5f95f21087d664a5e5cf83b30e8438b5\">Los padres, cuando vieron la fotograf\u00eda reconocieron de inmediato al hijo que hab\u00eda desencarnado, dejando esposa, hijos y siendo lamentado por mucha gente.<\/p>\n\n\n\n<p class=\"has-black-color has-text-color has-link-color has-small-font-size wp-elements-2dd4b6349fd1b8913c25b9906310c7c9\">Como la mayor\u00eda de los m\u00e9diums de prueba, Madame D&#8217;Esp\u00e9rance tambi\u00e9n sufri\u00f3 mucho durante el cumplimiento de su espinosa misi\u00f3n.<\/p>\n\n\n\n<p class=\"has-black-color has-text-color has-link-color has-small-font-size wp-elements-39a1f066e550b6e9f5d9470927402aa9\">En uno de los trabajos de materializaci\u00f3n realizado en Escandinavia, el Esp\u00edritu Yolanda fue agarrado por un investigador menos avisado, con la intenci\u00f3n de desenmascarar, al haber sufrido el m\u00e9dium gran shock traum\u00e1tico que le produjo grave desequilibrio org\u00e1nico, postr\u00e1ndose de cama.<\/p>\n\n\n\n<p class=\"has-black-color has-text-color has-link-color has-small-font-size wp-elements-b429e3e294633afd9ae777d469edfa17\">No \u00faltimo cap\u00edtulo do seu livro no No Pa\u00eds das Sombras diz: &#8211; \u00abOs que vierem depois de mim talvez venham a sofrer quanto eu tenho sofrido pela ignor\u00e2ncia das leis de Deus. Quando o mundo for mais s\u00e1bio do que no passado, \u00e9 poss\u00edvel que os que tomarem as tarefas na nova gera\u00e7\u00e3o n\u00e3o tenham que lutar, como lutei, contra o fanatismo estreito e os julgamentos duros dos advers\u00e1rios.\u00bb<\/p>\n<\/div><\/div>\n\n\n\n<div class=\"wp-block-uagb-container uagb-block-ae6d2cae alignfull uagb-is-root-container\"><div class=\"uagb-container-inner-blocks-wrap\"><\/div><\/div>\n\n\n\n<div class=\"wp-block-uagb-container uagb-block-0cce999b alignfull uagb-is-root-container\"><div class=\"uagb-container-inner-blocks-wrap\"><\/div><\/div>","protected":false},"excerpt":{"rendered":"<p>Elisabeth D&#8217;Esp\u00e9rance Elisabeth D&#8217;Esp\u00e9rance naci\u00f3 en 1848 en Londres (Reino Unido) y desencarn\u00f3 en 1919 en Copenhague (Dinamarca). Fue m\u00e9dium de gran proyecci\u00f3n, habiendo servido como instrumento para las investigaciones iniciadas por muchos sabios de la \u00e9poca. Elisabeth D&#8217;Esper\u00e9rance, o Madame D&#8217;Esp\u00e9rance, cuyo verdadero nombre era Mrs. Hope, fue m\u00e9dium de gran proyecci\u00f3n, habiendo servido [&hellip;]<\/p>","protected":false},"author":1,"featured_media":0,"parent":0,"menu_order":0,"comment_status":"closed","ping_status":"closed","template":"","meta":{"_uag_custom_page_level_css":"","site-sidebar-layout":"default","site-content-layout":"","ast-site-content-layout":"default","site-content-style":"default","site-sidebar-style":"default","ast-global-header-display":"","ast-banner-title-visibility":"","ast-main-header-display":"","ast-hfb-above-header-display":"","ast-hfb-below-header-display":"","ast-hfb-mobile-header-display":"","site-post-title":"disabled","ast-breadcrumbs-content":"","ast-featured-img":"","footer-sml-layout":"","theme-transparent-header-meta":"","adv-header-id-meta":"","stick-header-meta":"","header-above-stick-meta":"","header-main-stick-meta":"","header-below-stick-meta":"","astra-migrate-meta-layouts":"set","ast-page-background-enabled":"default","ast-page-background-meta":{"desktop":{"background-color":"var(--ast-global-color-4)","background-image":"","background-repeat":"repeat","background-position":"center center","background-size":"auto","background-attachment":"scroll","background-type":"","background-media":"","overlay-type":"","overlay-color":"","overlay-opacity":"","overlay-gradient":""},"tablet":{"background-color":"","background-image":"","background-repeat":"repeat","background-position":"center center","background-size":"auto","background-attachment":"scroll","background-type":"","background-media":"","overlay-type":"","overlay-color":"","overlay-opacity":"","overlay-gradient":""},"mobile":{"background-color":"","background-image":"","background-repeat":"repeat","background-position":"center center","background-size":"auto","background-attachment":"scroll","background-type":"","background-media":"","overlay-type":"","overlay-color":"","overlay-opacity":"","overlay-gradient":""}},"ast-content-background-meta":{"desktop":{"background-color":"var(--ast-global-color-5)","background-image":"","background-repeat":"repeat","background-position":"center center","background-size":"auto","background-attachment":"scroll","background-type":"","background-media":"","overlay-type":"","overlay-color":"","overlay-opacity":"","overlay-gradient":""},"tablet":{"background-color":"var(--ast-global-color-5)","background-image":"","background-repeat":"repeat","background-position":"center center","background-size":"auto","background-attachment":"scroll","background-type":"","background-media":"","overlay-type":"","overlay-color":"","overlay-opacity":"","overlay-gradient":""},"mobile":{"background-color":"var(--ast-global-color-5)","background-image":"","background-repeat":"repeat","background-position":"center center","background-size":"auto","background-attachment":"scroll","background-type":"","background-media":"","overlay-type":"","overlay-color":"","overlay-opacity":"","overlay-gradient":""}},"footnotes":""},"class_list":["post-8004","page","type-page","status-publish","hentry"],"yoast_head":"<!-- This site is optimized with the Yoast SEO Premium plugin v24.2 (Yoast SEO v24.6) - https:\/\/yoast.com\/wordpress\/plugins\/seo\/ -->\n<title>Elisabeth D&#039;Esp\u00e9rance - Uni\u00f3n Esp\u00edrita<\/title>\n<meta name=\"robots\" content=\"index, follow, max-snippet:-1, max-image-preview:large, max-video-preview:-1\" \/>\n<link rel=\"canonical\" href=\"https:\/\/nuevo-renacer.com\/ru\/elisabeth-d-esperance\/\" \/>\n<meta property=\"og:locale\" content=\"ru_RU\" \/>\n<meta property=\"og:type\" content=\"article\" \/>\n<meta property=\"og:title\" content=\"Elisabeth D&#039;Esp\u00e9rance\" \/>\n<meta property=\"og:description\" content=\"Elisabeth D&#8217;Esp\u00e9rance Elisabeth D&#8217;Esp\u00e9rance naci\u00f3 en 1848 en Londres (Reino Unido) y desencarn\u00f3 en 1919 en Copenhague (Dinamarca). Fue m\u00e9dium de gran proyecci\u00f3n, habiendo servido como instrumento para las investigaciones iniciadas por muchos sabios de la \u00e9poca. Elisabeth D&#8217;Esper\u00e9rance, o Madame D&#8217;Esp\u00e9rance, cuyo verdadero nombre era Mrs. Hope, fue m\u00e9dium de gran proyecci\u00f3n, habiendo servido [&hellip;]\" \/>\n<meta property=\"og:url\" content=\"https:\/\/nuevo-renacer.com\/ru\/elisabeth-d-esperance\/\" \/>\n<meta property=\"og:site_name\" content=\"Uni\u00f3n Esp\u00edrita\" \/>\n<meta property=\"article:publisher\" content=\"https:\/\/www.facebook.com\/groups\/3431398063740829\" \/>\n<meta property=\"article:modified_time\" content=\"2025-04-29T09:39:02+00:00\" \/>\n<meta property=\"og:image\" content=\"https:\/\/nuevo-renacer.com\/wp-content\/uploads\/2025\/04\/esperance-7133589.jpg\" \/>\n\t<meta property=\"og:image:width\" content=\"400\" \/>\n\t<meta property=\"og:image:height\" content=\"442\" \/>\n\t<meta property=\"og:image:type\" content=\"image\/jpeg\" \/>\n<meta name=\"twitter:card\" content=\"summary_large_image\" \/>\n<meta name=\"twitter:label1\" content=\"\u041f\u0440\u0438\u043c\u0435\u0440\u043d\u043e\u0435 \u0432\u0440\u0435\u043c\u044f \u0434\u043b\u044f \u0447\u0442\u0435\u043d\u0438\u044f\" \/>\n\t<meta name=\"twitter:data1\" content=\"5 \u043c\u0438\u043d\u0443\u0442\" \/>\n<script type=\"application\/ld+json\" class=\"yoast-schema-graph\">{\"@context\":\"https:\/\/schema.org\",\"@graph\":[{\"@type\":\"WebPage\",\"@id\":\"https:\/\/nuevo-renacer.com\/elisabeth-d-esperance\/\",\"url\":\"https:\/\/nuevo-renacer.com\/elisabeth-d-esperance\/\",\"name\":\"Elisabeth D'Esp\u00e9rance - Uni\u00f3n Esp\u00edrita\",\"isPartOf\":{\"@id\":\"https:\/\/nuevo-renacer.com\/#website\"},\"primaryImageOfPage\":{\"@id\":\"https:\/\/nuevo-renacer.com\/elisabeth-d-esperance\/#primaryimage\"},\"image\":{\"@id\":\"https:\/\/nuevo-renacer.com\/elisabeth-d-esperance\/#primaryimage\"},\"thumbnailUrl\":\"https:\/\/nuevo-renacer.com\/wp-content\/uploads\/2025\/04\/esperance-7133589.jpg\",\"datePublished\":\"2025-04-29T09:15:06+00:00\",\"dateModified\":\"2025-04-29T09:39:02+00:00\",\"breadcrumb\":{\"@id\":\"https:\/\/nuevo-renacer.com\/elisabeth-d-esperance\/#breadcrumb\"},\"inLanguage\":\"ru-RU\",\"potentialAction\":[{\"@type\":\"ReadAction\",\"target\":[\"https:\/\/nuevo-renacer.com\/elisabeth-d-esperance\/\"]}]},{\"@type\":\"ImageObject\",\"inLanguage\":\"ru-RU\",\"@id\":\"https:\/\/nuevo-renacer.com\/elisabeth-d-esperance\/#primaryimage\",\"url\":\"https:\/\/nuevo-renacer.com\/wp-content\/uploads\/2025\/04\/esperance-7133589.jpg\",\"contentUrl\":\"https:\/\/nuevo-renacer.com\/wp-content\/uploads\/2025\/04\/esperance-7133589.jpg\"},{\"@type\":\"BreadcrumbList\",\"@id\":\"https:\/\/nuevo-renacer.com\/elisabeth-d-esperance\/#breadcrumb\",\"itemListElement\":[{\"@type\":\"ListItem\",\"position\":1,\"name\":\"Startseite\",\"item\":\"https:\/\/nuevo-renacer.com\/\"},{\"@type\":\"ListItem\",\"position\":2,\"name\":\"Elisabeth D&#8217;Esp\u00e9rance\"}]},{\"@type\":\"WebSite\",\"@id\":\"https:\/\/nuevo-renacer.com\/#website\",\"url\":\"https:\/\/nuevo-renacer.com\/\",\"name\":\"Uni\u00f3n Esp\u00edrita\",\"description\":\"Nuevo Renacer\",\"publisher\":{\"@id\":\"https:\/\/nuevo-renacer.com\/#organization\"},\"potentialAction\":[{\"@type\":\"SearchAction\",\"target\":{\"@type\":\"EntryPoint\",\"urlTemplate\":\"https:\/\/nuevo-renacer.com\/?s={search_term_string}\"},\"query-input\":{\"@type\":\"PropertyValueSpecification\",\"valueRequired\":true,\"valueName\":\"search_term_string\"}}],\"inLanguage\":\"ru-RU\"},{\"@type\":\"Organization\",\"@id\":\"https:\/\/nuevo-renacer.com\/#organization\",\"name\":\"UFEC\",\"url\":\"https:\/\/nuevo-renacer.com\/\",\"logo\":{\"@type\":\"ImageObject\",\"inLanguage\":\"ru-RU\",\"@id\":\"https:\/\/nuevo-renacer.com\/#\/schema\/logo\/image\/\",\"url\":\"https:\/\/nuevo-renacer.com\/wp-content\/uploads\/2024\/05\/cropped-LOGO-TERMINADO1-3-3.png\",\"contentUrl\":\"https:\/\/nuevo-renacer.com\/wp-content\/uploads\/2024\/05\/cropped-LOGO-TERMINADO1-3-3.png\",\"width\":512,\"height\":512,\"caption\":\"UFEC\"},\"image\":{\"@id\":\"https:\/\/nuevo-renacer.com\/#\/schema\/logo\/image\/\"},\"sameAs\":[\"https:\/\/www.facebook.com\/groups\/3431398063740829\"]}]}<\/script>\n<!-- \/ Yoast SEO Premium plugin. -->","yoast_head_json":{"title":"Elisabeth D'Esp\u00e9rance - Uni\u00f3n Esp\u00edrita","robots":{"index":"index","follow":"follow","max-snippet":"max-snippet:-1","max-image-preview":"max-image-preview:large","max-video-preview":"max-video-preview:-1"},"canonical":"https:\/\/nuevo-renacer.com\/ru\/elisabeth-d-esperance\/","og_locale":"ru_RU","og_type":"article","og_title":"Elisabeth D'Esp\u00e9rance","og_description":"Elisabeth D&#8217;Esp\u00e9rance Elisabeth D&#8217;Esp\u00e9rance naci\u00f3 en 1848 en Londres (Reino Unido) y desencarn\u00f3 en 1919 en Copenhague (Dinamarca). Fue m\u00e9dium de gran proyecci\u00f3n, habiendo servido como instrumento para las investigaciones iniciadas por muchos sabios de la \u00e9poca. Elisabeth D&#8217;Esper\u00e9rance, o Madame D&#8217;Esp\u00e9rance, cuyo verdadero nombre era Mrs. Hope, fue m\u00e9dium de gran proyecci\u00f3n, habiendo servido [&hellip;]","og_url":"https:\/\/nuevo-renacer.com\/ru\/elisabeth-d-esperance\/","og_site_name":"Uni\u00f3n Esp\u00edrita","article_publisher":"https:\/\/www.facebook.com\/groups\/3431398063740829","article_modified_time":"2025-04-29T09:39:02+00:00","og_image":[{"width":400,"height":442,"url":"https:\/\/nuevo-renacer.com\/wp-content\/uploads\/2025\/04\/esperance-7133589.jpg","type":"image\/jpeg"}],"twitter_card":"summary_large_image","twitter_misc":{"\u041f\u0440\u0438\u043c\u0435\u0440\u043d\u043e\u0435 \u0432\u0440\u0435\u043c\u044f \u0434\u043b\u044f \u0447\u0442\u0435\u043d\u0438\u044f":"5 \u043c\u0438\u043d\u0443\u0442"},"schema":{"@context":"https:\/\/schema.org","@graph":[{"@type":"WebPage","@id":"https:\/\/nuevo-renacer.com\/elisabeth-d-esperance\/","url":"https:\/\/nuevo-renacer.com\/elisabeth-d-esperance\/","name":"Elisabeth D'Esp\u00e9rance - Uni\u00f3n Esp\u00edrita","isPartOf":{"@id":"https:\/\/nuevo-renacer.com\/#website"},"primaryImageOfPage":{"@id":"https:\/\/nuevo-renacer.com\/elisabeth-d-esperance\/#primaryimage"},"image":{"@id":"https:\/\/nuevo-renacer.com\/elisabeth-d-esperance\/#primaryimage"},"thumbnailUrl":"https:\/\/nuevo-renacer.com\/wp-content\/uploads\/2025\/04\/esperance-7133589.jpg","datePublished":"2025-04-29T09:15:06+00:00","dateModified":"2025-04-29T09:39:02+00:00","breadcrumb":{"@id":"https:\/\/nuevo-renacer.com\/elisabeth-d-esperance\/#breadcrumb"},"inLanguage":"ru-RU","potentialAction":[{"@type":"ReadAction","target":["https:\/\/nuevo-renacer.com\/elisabeth-d-esperance\/"]}]},{"@type":"ImageObject","inLanguage":"ru-RU","@id":"https:\/\/nuevo-renacer.com\/elisabeth-d-esperance\/#primaryimage","url":"https:\/\/nuevo-renacer.com\/wp-content\/uploads\/2025\/04\/esperance-7133589.jpg","contentUrl":"https:\/\/nuevo-renacer.com\/wp-content\/uploads\/2025\/04\/esperance-7133589.jpg"},{"@type":"BreadcrumbList","@id":"https:\/\/nuevo-renacer.com\/elisabeth-d-esperance\/#breadcrumb","itemListElement":[{"@type":"ListItem","position":1,"name":"Startseite","item":"https:\/\/nuevo-renacer.com\/"},{"@type":"ListItem","position":2,"name":"Elisabeth D&#8217;Esp\u00e9rance"}]},{"@type":"WebSite","@id":"https:\/\/nuevo-renacer.com\/#website","url":"https:\/\/nuevo-renacer.com\/","name":"Uni\u00f3n Esp\u00edrita","description":"Nuevo Renacer","publisher":{"@id":"https:\/\/nuevo-renacer.com\/#organization"},"potentialAction":[{"@type":"SearchAction","target":{"@type":"EntryPoint","urlTemplate":"https:\/\/nuevo-renacer.com\/?s={search_term_string}"},"query-input":{"@type":"PropertyValueSpecification","valueRequired":true,"valueName":"search_term_string"}}],"inLanguage":"ru-RU"},{"@type":"Organization","@id":"https:\/\/nuevo-renacer.com\/#organization","name":"UFEC","url":"https:\/\/nuevo-renacer.com\/","logo":{"@type":"ImageObject","inLanguage":"ru-RU","@id":"https:\/\/nuevo-renacer.com\/#\/schema\/logo\/image\/","url":"https:\/\/nuevo-renacer.com\/wp-content\/uploads\/2024\/05\/cropped-LOGO-TERMINADO1-3-3.png","contentUrl":"https:\/\/nuevo-renacer.com\/wp-content\/uploads\/2024\/05\/cropped-LOGO-TERMINADO1-3-3.png","width":512,"height":512,"caption":"UFEC"},"image":{"@id":"https:\/\/nuevo-renacer.com\/#\/schema\/logo\/image\/"},"sameAs":["https:\/\/www.facebook.com\/groups\/3431398063740829"]}]}},"uagb_featured_image_src":{"full":false,"thumbnail":false,"medium":false,"medium_large":false,"large":false,"1536x1536":false,"2048x2048":false,"trp-custom-language-flag":false},"uagb_author_info":{"display_name":"adbv0","author_link":"https:\/\/nuevo-renacer.com\/ru\/author\/adbv0\/"},"uagb_comment_info":0,"uagb_excerpt":"Elisabeth D&#8217;Esp\u00e9rance Elisabeth D&#8217;Esp\u00e9rance naci\u00f3 en 1848 en Londres (Reino Unido) y desencarn\u00f3 en 1919 en Copenhague (Dinamarca). Fue m\u00e9dium de gran proyecci\u00f3n, habiendo servido como instrumento para las investigaciones iniciadas por muchos sabios de la \u00e9poca. Elisabeth D&#8217;Esper\u00e9rance, o Madame D&#8217;Esp\u00e9rance, cuyo verdadero nombre era Mrs. Hope, fue m\u00e9dium de gran proyecci\u00f3n, habiendo servido&hellip;","jetpack_sharing_enabled":true,"_links":{"self":[{"href":"https:\/\/nuevo-renacer.com\/ru\/wp-json\/wp\/v2\/pages\/8004","targetHints":{"allow":["GET"]}}],"collection":[{"href":"https:\/\/nuevo-renacer.com\/ru\/wp-json\/wp\/v2\/pages"}],"about":[{"href":"https:\/\/nuevo-renacer.com\/ru\/wp-json\/wp\/v2\/types\/page"}],"author":[{"embeddable":true,"href":"https:\/\/nuevo-renacer.com\/ru\/wp-json\/wp\/v2\/users\/1"}],"replies":[{"embeddable":true,"href":"https:\/\/nuevo-renacer.com\/ru\/wp-json\/wp\/v2\/comments?post=8004"}],"version-history":[{"count":2,"href":"https:\/\/nuevo-renacer.com\/ru\/wp-json\/wp\/v2\/pages\/8004\/revisions"}],"predecessor-version":[{"id":8010,"href":"https:\/\/nuevo-renacer.com\/ru\/wp-json\/wp\/v2\/pages\/8004\/revisions\/8010"}],"wp:attachment":[{"href":"https:\/\/nuevo-renacer.com\/ru\/wp-json\/wp\/v2\/media?parent=8004"}],"curies":[{"name":"wp","href":"https:\/\/api.w.org\/{rel}","templated":true}]}}