{"id":5213,"date":"2024-10-07T05:51:02","date_gmt":"2024-10-07T05:51:02","guid":{"rendered":"https:\/\/nuevo-renacer.com\/?page_id=5213"},"modified":"2024-10-10T14:33:12","modified_gmt":"2024-10-10T14:33:12","slug":"daniela-m-el-libre-albedrio","status":"publish","type":"page","link":"https:\/\/nuevo-renacer.com\/ru\/daniela-m-el-libre-albedrio\/","title":{"rendered":"Libre albedr\u00edo."},"content":{"rendered":"<div class=\"wp-block-uagb-container uagb-block-7a38a26e alignfull uagb-is-root-container\"><div class=\"uagb-container-inner-blocks-wrap\">\n<p class=\"has-black-color has-text-color has-link-color has-medium-font-size wp-elements-e59aefe511fc8ad8253bf0c46e4d5cf1\"><strong>\u0421\u0432\u043e\u0431\u043e\u0434\u0430 \u0432\u043e\u043b\u0438<\/strong><\/p>\n<\/div><\/div>\n\n\n\n<div class=\"wp-block-uagb-container uagb-block-d80ef81c alignfull uagb-is-root-container\"><div class=\"uagb-container-inner-blocks-wrap\">\n<figure class=\"wp-block-image size-full is-resized\"><img fetchpriority=\"high\" decoding=\"async\" width=\"700\" height=\"538\" src=\"https:\/\/nuevo-renacer.com\/wp-content\/uploads\/2024\/10\/libre-albedrio.jpg\" alt=\"\" class=\"wp-image-5214\" style=\"width:384px;height:auto\" srcset=\"https:\/\/nuevo-renacer.com\/wp-content\/uploads\/2024\/10\/libre-albedrio.jpg 700w, https:\/\/nuevo-renacer.com\/wp-content\/uploads\/2024\/10\/libre-albedrio-300x231.jpg 300w, https:\/\/nuevo-renacer.com\/wp-content\/uploads\/2024\/10\/libre-albedrio-16x12.jpg 16w\" sizes=\"(max-width: 700px) 100vw, 700px\" \/><\/figure>\n<\/div><\/div>\n\n\n\n<div class=\"wp-block-uagb-container uagb-block-6d7f88bf alignfull uagb-is-root-container\"><div class=\"uagb-container-inner-blocks-wrap\">\n<p class=\"has-black-color has-text-color has-link-color has-small-font-size wp-elements-43c28ec7883c8ae94df3045abdc65a34\">Llevo varios d\u00edas escuchando una y otra vez este tema del libre albedr\u00edo.<\/p>\n\n\n\n<p class=\"has-black-color has-text-color has-link-color has-small-font-size wp-elements-6758856e12e876b21ec9d7f5295ff0fe\">Es cierto que Dios te dio el don del libre albedr\u00edo por una buena raz\u00f3n. Los buenos padres protegen a sus hijos, pero les dan la libertad de adquirir sus propias experiencias, cometer sus propios errores y seguir su propio camino. S\u00f3lo as\u00ed pueden convertirse en adultos independientes, responsables y maduros, con los pies en la tierra. Esta es tambi\u00e9n la raz\u00f3n por la que Dios, nuestro Padre celestial, nos dio a los humanos el libre albedr\u00edo. Esto nos permite cometer experiencias y errores de los que podemos aprender y, en \u00faltima instancia, crecer y madurar.<\/p>\n\n\n\n<p class=\"has-black-color has-text-color has-link-color has-small-font-size wp-elements-f253ea7c616e131ebfceb31423713a3c\">Esto nos permite darnos cuenta de nuestra verdadera naturaleza celestial y de la naturaleza de Dios. Pero el uso m\u00e1s elevado y noble de nuestro libre albedr\u00edo llega al final de la realizaci\u00f3n. Es cuando decidimos libre y conscientemente dejar de lado todos nuestros deseos personales, necesidades, miedos y todo nuestro ego y someternos por completo a la voluntad de Dios. Porque cuando estemos dispuestos a hacerlo, tambi\u00e9n nos daremos cuenta de que no tenemos que temer a nada ni a nadie si nos confiamos completamente a Dios. Tambi\u00e9n nos daremos cuenta de que, aunque casi nunca obtenemos lo que queremos e imaginamos, siempre obtenemos exactamente lo que es realmente bueno para nosotros. Nuestro peque\u00f1o ego s\u00f3lo cree saber lo que es bueno para nosotros y lo que necesitamos, pero Dios realmente lo sabe.<\/p>\n\n\n\n<p class=\"has-black-color has-text-color has-link-color has-small-font-size wp-elements-1df192271b3155a3e6887f0135c1483e\">\u0415\u0441\u043b\u0438 \u043c\u044b \u0434\u043e\u0432\u0435\u0440\u044f\u0435\u043c \u0411\u043e\u0433\u0443, \u043d\u0430\u0448\u0435\u043c\u0443 \u041d\u0435\u0431\u0435\u0441\u043d\u043e\u043c\u0443 \u041e\u0442\u0446\u0443, \u0442\u043e \u043d\u0438\u043a\u043e\u0433\u0434\u0430 \u0431\u043e\u043b\u044c\u0448\u0435 \u043d\u0435 \u043e\u0448\u0438\u0431\u0435\u043c\u0441\u044f. \u041a\u0430\u043a\u0438\u043c \u0431\u044b \u0442\u0440\u0443\u0434\u043d\u044b\u043c \u0438 \u043a\u0430\u043c\u0435\u043d\u0438\u0441\u0442\u044b\u043c \u043d\u0438 \u0431\u044b\u043b \u043f\u0443\u0442\u044c, \u043a\u043e\u0442\u043e\u0440\u044b\u0439 \u041e\u043d \u043d\u0430\u043c \u0443\u043a\u0430\u0437\u044b\u0432\u0430\u0435\u0442, \u043a\u0430\u043a\u0438\u043c\u0438 \u0431\u044b \u0442\u044f\u0436\u0435\u043b\u044b\u043c\u0438 \u0438 \u043d\u0435\u0441\u043f\u0440\u0430\u0432\u0435\u0434\u043b\u0438\u0432\u044b\u043c\u0438 \u043d\u0438 \u043a\u0430\u0437\u0430\u043b\u0438\u0441\u044c \u0443\u0440\u043e\u043a\u0438 \u0438 \u0438\u0441\u043f\u044b\u0442\u0430\u043d\u0438\u044f, \u043a\u043e\u0442\u043e\u0440\u044b\u0435 \u041e\u043d \u043d\u0430 \u043d\u0430\u0441 \u0432\u043e\u0437\u043b\u0430\u0433\u0430\u0435\u0442, \u041e\u043d \u0434\u0435\u043b\u0430\u0435\u0442 \u0432\u0441\u0435 \u0434\u043b\u044f \u043d\u0430\u0448\u0435\u0433\u043e \u0431\u043b\u0430\u0433\u0430. \u0411\u043e\u0433 \u0432\u0438\u0434\u0438\u0442 \u0432\u0441\u044e \u043a\u0430\u0440\u0442\u0438\u043d\u0443 \u0446\u0435\u043b\u0438\u043a\u043e\u043c, \u043c\u044b \u0436\u0435 \u0432\u0438\u0434\u0438\u043c \u043b\u0438\u0448\u044c \u0435\u0435 \u043c\u0430\u043b\u0443\u044e \u0447\u0430\u0441\u0442\u044c. \u0418 \u0432 \u043a\u043e\u043d\u0446\u0435 \u043f\u0443\u0442\u0438 \u043a\u0430\u0436\u0434\u044b\u0439 \u0438\u0437 \u043d\u0430\u0441 \u0441\u043c\u043e\u0436\u0435\u0442 \u0441\u0432\u043e\u0431\u043e\u0434\u043d\u043e \u0432\u0441\u0442\u0430\u0442\u044c \u043d\u0430 \u043a\u043e\u043b\u0435\u043d\u0438 \u0438 \u0441\u043a\u0430\u0437\u0430\u0442\u044c: \u00ab\u0421\u043f\u0430\u0441\u0438\u0431\u043e \u0442\u0435\u0431\u0435, \u041e\u0442\u0435\u0446, \u0437\u0430 \u0432\u0441\u0435, \u0447\u0442\u043e \u0442\u044b \u0434\u043b\u044f \u043c\u0435\u043d\u044f \u0441\u0434\u0435\u043b\u0430\u043b. \u0421\u043f\u0430\u0441\u0438\u0431\u043e, \u0447\u0442\u043e \u043d\u0438\u043a\u043e\u0433\u0434\u0430 \u043d\u0435 \u043f\u043e\u0434\u0432\u043e\u0434\u0438\u043b \u043c\u0435\u043d\u044f\u00bb. \u0412 \u0431\u0443\u0440\u043d\u044b\u0435 \u0432\u0440\u0435\u043c\u0435\u043d\u0430 \u0438 \u0442\u044f\u0436\u0435\u043b\u044b\u0435 \u0438\u0441\u043f\u044b\u0442\u0430\u043d\u0438\u044f, \u043a\u043e\u0433\u0434\u0430 \u044f \u0442\u043e\u0436\u0435 \u043d\u0430\u0447\u0438\u043d\u0430\u043b \u043e\u0441\u043a\u043e\u0440\u0431\u043b\u044f\u0442\u044c \u0422\u0435\u0431\u044f, \u043f\u0440\u043e\u043a\u043b\u0438\u043d\u0430\u0442\u044c, \u0438\u0433\u043d\u043e\u0440\u0438\u0440\u043e\u0432\u0430\u0442\u044c \u0422\u0432\u043e\u0435 \u0441\u0443\u0449\u0435\u0441\u0442\u0432\u043e\u0432\u0430\u043d\u0438\u0435, \u0422\u044b \u043d\u0438\u043a\u043e\u0433\u0434\u0430 \u043d\u0435 \u043e\u0442\u043f\u0443\u0441\u043a\u0430\u043b \u043c\u043e\u044e \u0440\u0443\u043a\u0443. \u0418 \u0434\u0430\u0436\u0435 \u043a\u043e\u0433\u0434\u0430 \u044f \u043f\u043e\u043a\u0438\u043d\u0443\u043b \u0442\u0435\u0431\u044f, \u0442\u044b \u0442\u0432\u0435\u0440\u0434\u043e \u0441\u0442\u043e\u044f\u043b \u0440\u044f\u0434\u043e\u043c \u0441\u043e \u043c\u043d\u043e\u0439 \u0438 \u0437\u0430\u0449\u0438\u0449\u0430\u043b \u043c\u0435\u043d\u044f \u0434\u0430\u0436\u0435 \u043e\u0442 \u0441\u0430\u043c\u043e\u0433\u043e \u0441\u0435\u0431\u044f. \u0412\u043e\u0438\u0441\u0442\u0438\u043d\u0443, \u0442\u0435\u043f\u0435\u0440\u044c \u044f \u043f\u043e\u0437\u043d\u0430\u043b \u0422\u0432\u043e\u044e \u0434\u043e\u0431\u0440\u043e\u0442\u0443 \u0438 \u043c\u0438\u043b\u043e\u0441\u0435\u0440\u0434\u0438\u0435 \u0438 \u0442\u043e, \u043a\u0430\u043a \u0431\u0435\u0441\u043a\u043e\u043d\u0435\u0447\u043d\u043e \u0432\u0435\u043b\u0438\u043a\u0430 \u0422\u0432\u043e\u044f \u043b\u044e\u0431\u043e\u0432\u044c \u043a\u043e \u043c\u043d\u0435 \u0438 \u043a\u043e \u0432\u0441\u0435\u043c \u0422\u0432\u043e\u0438\u043c \u0441\u043e\u0437\u0434\u0430\u043d\u0438\u044f\u043c. \u041f\u0443\u0441\u0442\u044c \u043e\u0442\u043d\u044b\u043d\u0435 \u0432\u043e\u043b\u044f \u0422\u0432\u043e\u044f, \u0430 \u043d\u0435 \u043c\u043e\u044f, \u0431\u0443\u0434\u0435\u0442 \u0438\u0441\u043f\u043e\u043b\u043d\u0435\u043d\u0430 \u0440\u0430\u0434\u0438 \u0432\u0441\u0435\u0445 \u0441\u0443\u0449\u0435\u0441\u0442\u0432 \u0432\u043e \u0412\u0441\u0435\u043b\u0435\u043d\u043d\u043e\u0439!<\/p>\n\n\n\n<p><em>\u0414\u0430\u043d\u0438\u044d\u043b\u0430 \u041c.<\/em><\/p>\n<\/div><\/div>\n\n\n\n<div class=\"wp-block-uagb-container uagb-block-4cd81c12 alignfull uagb-is-root-container\"><div class=\"uagb-container-inner-blocks-wrap\"><\/div><\/div>\n\n\n\n<div class=\"wp-block-uagb-container uagb-block-24c0c04c alignfull uagb-is-root-container\"><div class=\"uagb-container-inner-blocks-wrap\"><\/div><\/div>","protected":false},"excerpt":{"rendered":"<p>Libre albedr\u00edo Llevo varios d\u00edas escuchando una y otra vez este tema del libre albedr\u00edo. Es cierto que Dios te dio el don del libre albedr\u00edo por una buena raz\u00f3n. Los buenos padres protegen a sus hijos, pero les dan la libertad de adquirir sus propias experiencias, cometer sus propios errores y seguir su propio [&hellip;]<\/p>","protected":false},"author":1,"featured_media":0,"parent":0,"menu_order":0,"comment_status":"closed","ping_status":"closed","template":"","meta":{"_uag_custom_page_level_css":"","site-sidebar-layout":"default","site-content-layout":"","ast-site-content-layout":"default","site-content-style":"default","site-sidebar-style":"default","ast-global-header-display":"","ast-banner-title-visibility":"","ast-main-header-display":"","ast-hfb-above-header-display":"","ast-hfb-below-header-display":"","ast-hfb-mobile-header-display":"","site-post-title":"disabled","ast-breadcrumbs-content":"","ast-featured-img":"","footer-sml-layout":"","theme-transparent-header-meta":"","adv-header-id-meta":"","stick-header-meta":"","header-above-stick-meta":"","header-main-stick-meta":"","header-below-stick-meta":"","astra-migrate-meta-layouts":"set","ast-page-background-enabled":"default","ast-page-background-meta":{"desktop":{"background-color":"var(--ast-global-color-4)","background-image":"","background-repeat":"repeat","background-position":"center center","background-size":"auto","background-attachment":"scroll","background-type":"","background-media":"","overlay-type":"","overlay-color":"","overlay-opacity":"","overlay-gradient":""},"tablet":{"background-color":"","background-image":"","background-repeat":"repeat","background-position":"center center","background-size":"auto","background-attachment":"scroll","background-type":"","background-media":"","overlay-type":"","overlay-color":"","overlay-opacity":"","overlay-gradient":""},"mobile":{"background-color":"","background-image":"","background-repeat":"repeat","background-position":"center center","background-size":"auto","background-attachment":"scroll","background-type":"","background-media":"","overlay-type":"","overlay-color":"","overlay-opacity":"","overlay-gradient":""}},"ast-content-background-meta":{"desktop":{"background-color":"var(--ast-global-color-5)","background-image":"","background-repeat":"repeat","background-position":"center center","background-size":"auto","background-attachment":"scroll","background-type":"","background-media":"","overlay-type":"","overlay-color":"","overlay-opacity":"","overlay-gradient":""},"tablet":{"background-color":"var(--ast-global-color-5)","background-image":"","background-repeat":"repeat","background-position":"center center","background-size":"auto","background-attachment":"scroll","background-type":"","background-media":"","overlay-type":"","overlay-color":"","overlay-opacity":"","overlay-gradient":""},"mobile":{"background-color":"var(--ast-global-color-5)","background-image":"","background-repeat":"repeat","background-position":"center center","background-size":"auto","background-attachment":"scroll","background-type":"","background-media":"","overlay-type":"","overlay-color":"","overlay-opacity":"","overlay-gradient":""}},"footnotes":""},"class_list":["post-5213","page","type-page","status-publish","hentry"],"yoast_head":"<!-- This site is optimized with the Yoast SEO Premium plugin v24.2 (Yoast SEO v24.6) - https:\/\/yoast.com\/wordpress\/plugins\/seo\/ -->\n<title>Libre albedr\u00edo. - Uni\u00f3n Esp\u00edrita<\/title>\n<meta name=\"robots\" content=\"index, follow, max-snippet:-1, max-image-preview:large, max-video-preview:-1\" \/>\n<link rel=\"canonical\" href=\"https:\/\/nuevo-renacer.com\/ru\/daniela-m-el-libre-albedrio\/\" \/>\n<meta property=\"og:locale\" content=\"ru_RU\" \/>\n<meta property=\"og:type\" content=\"article\" \/>\n<meta property=\"og:title\" content=\"Libre albedr\u00edo.\" \/>\n<meta property=\"og:description\" content=\"Libre albedr\u00edo Llevo varios d\u00edas escuchando una y otra vez este tema del libre albedr\u00edo. Es cierto que Dios te dio el don del libre albedr\u00edo por una buena raz\u00f3n. Los buenos padres protegen a sus hijos, pero les dan la libertad de adquirir sus propias experiencias, cometer sus propios errores y seguir su propio [&hellip;]\" \/>\n<meta property=\"og:url\" content=\"https:\/\/nuevo-renacer.com\/ru\/daniela-m-el-libre-albedrio\/\" \/>\n<meta property=\"og:site_name\" content=\"Uni\u00f3n Esp\u00edrita\" \/>\n<meta property=\"article:publisher\" content=\"https:\/\/www.facebook.com\/groups\/3431398063740829\" \/>\n<meta property=\"article:modified_time\" content=\"2024-10-10T14:33:12+00:00\" \/>\n<meta property=\"og:image\" content=\"https:\/\/nuevo-renacer.com\/wp-content\/uploads\/2024\/10\/libre-albedrio.jpg\" \/>\n<meta name=\"twitter:card\" content=\"summary_large_image\" \/>\n<meta name=\"twitter:label1\" content=\"\u041f\u0440\u0438\u043c\u0435\u0440\u043d\u043e\u0435 \u0432\u0440\u0435\u043c\u044f \u0434\u043b\u044f \u0447\u0442\u0435\u043d\u0438\u044f\" \/>\n\t<meta name=\"twitter:data1\" content=\"3 \u043c\u0438\u043d\u0443\u0442\u044b\" \/>\n<script type=\"application\/ld+json\" class=\"yoast-schema-graph\">{\"@context\":\"https:\/\/schema.org\",\"@graph\":[{\"@type\":\"WebPage\",\"@id\":\"https:\/\/nuevo-renacer.com\/daniela-m-el-libre-albedrio\/\",\"url\":\"https:\/\/nuevo-renacer.com\/daniela-m-el-libre-albedrio\/\",\"name\":\"Libre albedr\u00edo. - Uni\u00f3n Esp\u00edrita\",\"isPartOf\":{\"@id\":\"https:\/\/nuevo-renacer.com\/#website\"},\"primaryImageOfPage\":{\"@id\":\"https:\/\/nuevo-renacer.com\/daniela-m-el-libre-albedrio\/#primaryimage\"},\"image\":{\"@id\":\"https:\/\/nuevo-renacer.com\/daniela-m-el-libre-albedrio\/#primaryimage\"},\"thumbnailUrl\":\"https:\/\/nuevo-renacer.com\/wp-content\/uploads\/2024\/10\/libre-albedrio.jpg\",\"datePublished\":\"2024-10-07T05:51:02+00:00\",\"dateModified\":\"2024-10-10T14:33:12+00:00\",\"breadcrumb\":{\"@id\":\"https:\/\/nuevo-renacer.com\/daniela-m-el-libre-albedrio\/#breadcrumb\"},\"inLanguage\":\"ru-RU\",\"potentialAction\":[{\"@type\":\"ReadAction\",\"target\":[\"https:\/\/nuevo-renacer.com\/daniela-m-el-libre-albedrio\/\"]}]},{\"@type\":\"ImageObject\",\"inLanguage\":\"ru-RU\",\"@id\":\"https:\/\/nuevo-renacer.com\/daniela-m-el-libre-albedrio\/#primaryimage\",\"url\":\"https:\/\/nuevo-renacer.com\/wp-content\/uploads\/2024\/10\/libre-albedrio.jpg\",\"contentUrl\":\"https:\/\/nuevo-renacer.com\/wp-content\/uploads\/2024\/10\/libre-albedrio.jpg\"},{\"@type\":\"BreadcrumbList\",\"@id\":\"https:\/\/nuevo-renacer.com\/daniela-m-el-libre-albedrio\/#breadcrumb\",\"itemListElement\":[{\"@type\":\"ListItem\",\"position\":1,\"name\":\"Startseite\",\"item\":\"https:\/\/nuevo-renacer.com\/\"},{\"@type\":\"ListItem\",\"position\":2,\"name\":\"Libre albedr\u00edo.\"}]},{\"@type\":\"WebSite\",\"@id\":\"https:\/\/nuevo-renacer.com\/#website\",\"url\":\"https:\/\/nuevo-renacer.com\/\",\"name\":\"Uni\u00f3n Esp\u00edrita\",\"description\":\"Nuevo Renacer\",\"publisher\":{\"@id\":\"https:\/\/nuevo-renacer.com\/#organization\"},\"potentialAction\":[{\"@type\":\"SearchAction\",\"target\":{\"@type\":\"EntryPoint\",\"urlTemplate\":\"https:\/\/nuevo-renacer.com\/?s={search_term_string}\"},\"query-input\":{\"@type\":\"PropertyValueSpecification\",\"valueRequired\":true,\"valueName\":\"search_term_string\"}}],\"inLanguage\":\"ru-RU\"},{\"@type\":\"Organization\",\"@id\":\"https:\/\/nuevo-renacer.com\/#organization\",\"name\":\"UFEC\",\"url\":\"https:\/\/nuevo-renacer.com\/\",\"logo\":{\"@type\":\"ImageObject\",\"inLanguage\":\"ru-RU\",\"@id\":\"https:\/\/nuevo-renacer.com\/#\/schema\/logo\/image\/\",\"url\":\"https:\/\/nuevo-renacer.com\/wp-content\/uploads\/2024\/05\/cropped-LOGO-TERMINADO1-3-3.png\",\"contentUrl\":\"https:\/\/nuevo-renacer.com\/wp-content\/uploads\/2024\/05\/cropped-LOGO-TERMINADO1-3-3.png\",\"width\":512,\"height\":512,\"caption\":\"UFEC\"},\"image\":{\"@id\":\"https:\/\/nuevo-renacer.com\/#\/schema\/logo\/image\/\"},\"sameAs\":[\"https:\/\/www.facebook.com\/groups\/3431398063740829\"]}]}<\/script>\n<!-- \/ Yoast SEO Premium plugin. -->","yoast_head_json":{"title":"Libre albedr\u00edo. - Uni\u00f3n Esp\u00edrita","robots":{"index":"index","follow":"follow","max-snippet":"max-snippet:-1","max-image-preview":"max-image-preview:large","max-video-preview":"max-video-preview:-1"},"canonical":"https:\/\/nuevo-renacer.com\/ru\/daniela-m-el-libre-albedrio\/","og_locale":"ru_RU","og_type":"article","og_title":"Libre albedr\u00edo.","og_description":"Libre albedr\u00edo Llevo varios d\u00edas escuchando una y otra vez este tema del libre albedr\u00edo. Es cierto que Dios te dio el don del libre albedr\u00edo por una buena raz\u00f3n. Los buenos padres protegen a sus hijos, pero les dan la libertad de adquirir sus propias experiencias, cometer sus propios errores y seguir su propio [&hellip;]","og_url":"https:\/\/nuevo-renacer.com\/ru\/daniela-m-el-libre-albedrio\/","og_site_name":"Uni\u00f3n Esp\u00edrita","article_publisher":"https:\/\/www.facebook.com\/groups\/3431398063740829","article_modified_time":"2024-10-10T14:33:12+00:00","og_image":[{"url":"https:\/\/nuevo-renacer.com\/wp-content\/uploads\/2024\/10\/libre-albedrio.jpg","type":"","width":"","height":""}],"twitter_card":"summary_large_image","twitter_misc":{"\u041f\u0440\u0438\u043c\u0435\u0440\u043d\u043e\u0435 \u0432\u0440\u0435\u043c\u044f \u0434\u043b\u044f \u0447\u0442\u0435\u043d\u0438\u044f":"3 \u043c\u0438\u043d\u0443\u0442\u044b"},"schema":{"@context":"https:\/\/schema.org","@graph":[{"@type":"WebPage","@id":"https:\/\/nuevo-renacer.com\/daniela-m-el-libre-albedrio\/","url":"https:\/\/nuevo-renacer.com\/daniela-m-el-libre-albedrio\/","name":"Libre albedr\u00edo. - Uni\u00f3n Esp\u00edrita","isPartOf":{"@id":"https:\/\/nuevo-renacer.com\/#website"},"primaryImageOfPage":{"@id":"https:\/\/nuevo-renacer.com\/daniela-m-el-libre-albedrio\/#primaryimage"},"image":{"@id":"https:\/\/nuevo-renacer.com\/daniela-m-el-libre-albedrio\/#primaryimage"},"thumbnailUrl":"https:\/\/nuevo-renacer.com\/wp-content\/uploads\/2024\/10\/libre-albedrio.jpg","datePublished":"2024-10-07T05:51:02+00:00","dateModified":"2024-10-10T14:33:12+00:00","breadcrumb":{"@id":"https:\/\/nuevo-renacer.com\/daniela-m-el-libre-albedrio\/#breadcrumb"},"inLanguage":"ru-RU","potentialAction":[{"@type":"ReadAction","target":["https:\/\/nuevo-renacer.com\/daniela-m-el-libre-albedrio\/"]}]},{"@type":"ImageObject","inLanguage":"ru-RU","@id":"https:\/\/nuevo-renacer.com\/daniela-m-el-libre-albedrio\/#primaryimage","url":"https:\/\/nuevo-renacer.com\/wp-content\/uploads\/2024\/10\/libre-albedrio.jpg","contentUrl":"https:\/\/nuevo-renacer.com\/wp-content\/uploads\/2024\/10\/libre-albedrio.jpg"},{"@type":"BreadcrumbList","@id":"https:\/\/nuevo-renacer.com\/daniela-m-el-libre-albedrio\/#breadcrumb","itemListElement":[{"@type":"ListItem","position":1,"name":"Startseite","item":"https:\/\/nuevo-renacer.com\/"},{"@type":"ListItem","position":2,"name":"Libre albedr\u00edo."}]},{"@type":"WebSite","@id":"https:\/\/nuevo-renacer.com\/#website","url":"https:\/\/nuevo-renacer.com\/","name":"Uni\u00f3n Esp\u00edrita","description":"Nuevo Renacer","publisher":{"@id":"https:\/\/nuevo-renacer.com\/#organization"},"potentialAction":[{"@type":"SearchAction","target":{"@type":"EntryPoint","urlTemplate":"https:\/\/nuevo-renacer.com\/?s={search_term_string}"},"query-input":{"@type":"PropertyValueSpecification","valueRequired":true,"valueName":"search_term_string"}}],"inLanguage":"ru-RU"},{"@type":"Organization","@id":"https:\/\/nuevo-renacer.com\/#organization","name":"UFEC","url":"https:\/\/nuevo-renacer.com\/","logo":{"@type":"ImageObject","inLanguage":"ru-RU","@id":"https:\/\/nuevo-renacer.com\/#\/schema\/logo\/image\/","url":"https:\/\/nuevo-renacer.com\/wp-content\/uploads\/2024\/05\/cropped-LOGO-TERMINADO1-3-3.png","contentUrl":"https:\/\/nuevo-renacer.com\/wp-content\/uploads\/2024\/05\/cropped-LOGO-TERMINADO1-3-3.png","width":512,"height":512,"caption":"UFEC"},"image":{"@id":"https:\/\/nuevo-renacer.com\/#\/schema\/logo\/image\/"},"sameAs":["https:\/\/www.facebook.com\/groups\/3431398063740829"]}]}},"uagb_featured_image_src":{"full":false,"thumbnail":false,"medium":false,"medium_large":false,"large":false,"1536x1536":false,"2048x2048":false,"trp-custom-language-flag":false},"uagb_author_info":{"display_name":"adbv0","author_link":"https:\/\/nuevo-renacer.com\/ru\/author\/adbv0\/"},"uagb_comment_info":0,"uagb_excerpt":"Libre albedr\u00edo Llevo varios d\u00edas escuchando una y otra vez este tema del libre albedr\u00edo. Es cierto que Dios te dio el don del libre albedr\u00edo por una buena raz\u00f3n. Los buenos padres protegen a sus hijos, pero les dan la libertad de adquirir sus propias experiencias, cometer sus propios errores y seguir su propio&hellip;","jetpack_sharing_enabled":true,"_links":{"self":[{"href":"https:\/\/nuevo-renacer.com\/ru\/wp-json\/wp\/v2\/pages\/5213","targetHints":{"allow":["GET"]}}],"collection":[{"href":"https:\/\/nuevo-renacer.com\/ru\/wp-json\/wp\/v2\/pages"}],"about":[{"href":"https:\/\/nuevo-renacer.com\/ru\/wp-json\/wp\/v2\/types\/page"}],"author":[{"embeddable":true,"href":"https:\/\/nuevo-renacer.com\/ru\/wp-json\/wp\/v2\/users\/1"}],"replies":[{"embeddable":true,"href":"https:\/\/nuevo-renacer.com\/ru\/wp-json\/wp\/v2\/comments?post=5213"}],"version-history":[{"count":5,"href":"https:\/\/nuevo-renacer.com\/ru\/wp-json\/wp\/v2\/pages\/5213\/revisions"}],"predecessor-version":[{"id":5508,"href":"https:\/\/nuevo-renacer.com\/ru\/wp-json\/wp\/v2\/pages\/5213\/revisions\/5508"}],"wp:attachment":[{"href":"https:\/\/nuevo-renacer.com\/ru\/wp-json\/wp\/v2\/media?parent=5213"}],"curies":[{"name":"wp","href":"https:\/\/api.w.org\/{rel}","templated":true}]}}