{"id":5113,"date":"2024-09-17T09:42:58","date_gmt":"2024-09-17T09:42:58","guid":{"rendered":"https:\/\/nuevo-renacer.com\/?page_id=5113"},"modified":"2024-09-17T09:43:59","modified_gmt":"2024-09-17T09:43:59","slug":"amor-verdadero-teresa-de-jesus","status":"publish","type":"page","link":"https:\/\/nuevo-renacer.com\/ru\/amor-verdadero-teresa-de-jesus\/","title":{"rendered":"\u041d\u0430\u0441\u0442\u043e\u044f\u0449\u0430\u044f \u043b\u044e\u0431\u043e\u0432\u044c"},"content":{"rendered":"<div class=\"wp-block-uagb-container uagb-block-346a8ee3 alignfull uagb-is-root-container\"><div class=\"uagb-container-inner-blocks-wrap\">\n<p class=\"has-black-color has-text-color has-link-color has-medium-font-size wp-elements-f7c1d18b74b3f8e0cd44a48d8305834a\"><strong>\u041d\u0430\u0441\u0442\u043e\u044f\u0449\u0430\u044f \u043b\u044e\u0431\u043e\u0432\u044c<\/strong><\/p>\n<\/div><\/div>\n\n\n\n<div class=\"wp-block-uagb-container uagb-block-9b12af0b alignfull uagb-is-root-container\"><div class=\"uagb-container-inner-blocks-wrap\">\n<figure class=\"wp-block-image size-full is-resized\"><img fetchpriority=\"high\" decoding=\"async\" width=\"612\" height=\"408\" src=\"https:\/\/nuevo-renacer.com\/wp-content\/uploads\/2024\/09\/istockphoto-1367357589-612x612-1.jpg\" alt=\"\" class=\"wp-image-5115\" style=\"width:444px;height:auto\" srcset=\"https:\/\/nuevo-renacer.com\/wp-content\/uploads\/2024\/09\/istockphoto-1367357589-612x612-1.jpg 612w, https:\/\/nuevo-renacer.com\/wp-content\/uploads\/2024\/09\/istockphoto-1367357589-612x612-1-300x200.jpg 300w, https:\/\/nuevo-renacer.com\/wp-content\/uploads\/2024\/09\/istockphoto-1367357589-612x612-1-18x12.jpg 18w\" sizes=\"(max-width: 612px) 100vw, 612px\" \/><\/figure>\n<\/div><\/div>\n\n\n\n<div class=\"wp-block-uagb-container uagb-block-c205f492 alignfull uagb-is-root-container\"><div class=\"uagb-container-inner-blocks-wrap\">\n<p class=\"has-black-color has-text-color has-link-color has-small-font-size wp-elements-7ace758822b84c8d9e35b990c61bb7b1\">Tristeza es lo que habita en un coraz\u00f3n sensible, cuando de hecho convive inmerso en un gran dolor, pues si alegr\u00eda da el amor, ausente no est\u00e1 la pena, aunque con esfuerzo sue\u00f1a descubrir la soluci\u00f3n que en fortaleza y tes\u00f3n le aparte de las quimeras, que ensombrecen las ideas que le procura tal don.<\/p>\n\n\n\n<p class=\"has-black-color has-text-color has-link-color has-small-font-size wp-elements-10477ef70c90c88e43732966bfc6615b\">\u00bfQui\u00e9n no lucha por amor?, \u00bfqui\u00e9n por llevarlo a su vida?, aunque a veces el dolor mensajero de ese amor, abre m\u00e1s que cierra heridas. cuando no es correspondido toda esperanza se pierde, y se aferra a cualquier suerte crey\u00e9ndose sostenido, pues con tal de ser querido se convierte en un fantoche, acabando malherido, con su vida sin sentido y extraviado en negra noche.<\/p>\n\n\n\n<p class=\"has-black-color has-text-color has-link-color has-small-font-size wp-elements-733487da7afd6a237207c05f25272beb\">Por encima del humano yo conozco de otro amor, que te llena el coraz\u00f3n de emoci\u00f3n y de alegr\u00eda, este nunca causa heridas y sublima la raz\u00f3n, solo con poner tes\u00f3n la ganancia est\u00e1 servida y a tu esp\u00edritu convida a su acercamiento a dios. A \u00e9l hermanos queridos, es al que yo represento en este instante y momento de dicha tan placentera, donde mi alma mensajera testimonio viene a dar de los goces de su gloria: mi soberano y se\u00f1or, es el amor que da vida, del que yo qued\u00e9 prendida, embriagada en su luz viva, cual pura esencia de amor.<\/p>\n\n\n\n<p class=\"has-black-color has-text-color has-link-color has-small-font-size wp-elements-5ab13770ea7b306b95fc1db49e373b8a\">Guardad pues en la memoria, las palabras que os trae mi esp\u00edritu enamorado, que por amor ya qued\u00f3 de este mundo y su dolor, para siempre liberado.<\/p>\n\n\n\n<p><\/p>\n\n\n\n<p><strong>\u0422\u0435\u0440\u0435\u0437\u0430 \u0434\u0435 \u0425\u0435\u0441\u0443\u0441<\/strong><\/p>\n\n\n\n<p><em>Psicografiado por Antonio Hern\u00e1ndez Lozano<\/em><\/p>\n<\/div><\/div>","protected":false},"excerpt":{"rendered":"<p>Amor verdadero Tristeza es lo que habita en un coraz\u00f3n sensible, cuando de hecho convive inmerso en un gran dolor, pues si alegr\u00eda da el amor, ausente no est\u00e1 la pena, aunque con esfuerzo sue\u00f1a descubrir la soluci\u00f3n que en fortaleza y tes\u00f3n le aparte de las quimeras, que ensombrecen las ideas que le procura [&hellip;]<\/p>","protected":false},"author":1,"featured_media":0,"parent":0,"menu_order":0,"comment_status":"closed","ping_status":"closed","template":"","meta":{"_uag_custom_page_level_css":"","site-sidebar-layout":"default","site-content-layout":"","ast-site-content-layout":"default","site-content-style":"default","site-sidebar-style":"default","ast-global-header-display":"","ast-banner-title-visibility":"","ast-main-header-display":"","ast-hfb-above-header-display":"","ast-hfb-below-header-display":"","ast-hfb-mobile-header-display":"","site-post-title":"","ast-breadcrumbs-content":"","ast-featured-img":"","footer-sml-layout":"","theme-transparent-header-meta":"","adv-header-id-meta":"","stick-header-meta":"","header-above-stick-meta":"","header-main-stick-meta":"","header-below-stick-meta":"","astra-migrate-meta-layouts":"set","ast-page-background-enabled":"default","ast-page-background-meta":{"desktop":{"background-color":"var(--ast-global-color-4)","background-image":"","background-repeat":"repeat","background-position":"center center","background-size":"auto","background-attachment":"scroll","background-type":"","background-media":"","overlay-type":"","overlay-color":"","overlay-opacity":"","overlay-gradient":""},"tablet":{"background-color":"","background-image":"","background-repeat":"repeat","background-position":"center center","background-size":"auto","background-attachment":"scroll","background-type":"","background-media":"","overlay-type":"","overlay-color":"","overlay-opacity":"","overlay-gradient":""},"mobile":{"background-color":"","background-image":"","background-repeat":"repeat","background-position":"center center","background-size":"auto","background-attachment":"scroll","background-type":"","background-media":"","overlay-type":"","overlay-color":"","overlay-opacity":"","overlay-gradient":""}},"ast-content-background-meta":{"desktop":{"background-color":"var(--ast-global-color-5)","background-image":"","background-repeat":"repeat","background-position":"center center","background-size":"auto","background-attachment":"scroll","background-type":"","background-media":"","overlay-type":"","overlay-color":"","overlay-opacity":"","overlay-gradient":""},"tablet":{"background-color":"var(--ast-global-color-5)","background-image":"","background-repeat":"repeat","background-position":"center center","background-size":"auto","background-attachment":"scroll","background-type":"","background-media":"","overlay-type":"","overlay-color":"","overlay-opacity":"","overlay-gradient":""},"mobile":{"background-color":"var(--ast-global-color-5)","background-image":"","background-repeat":"repeat","background-position":"center center","background-size":"auto","background-attachment":"scroll","background-type":"","background-media":"","overlay-type":"","overlay-color":"","overlay-opacity":"","overlay-gradient":""}},"footnotes":""},"class_list":["post-5113","page","type-page","status-publish","hentry"],"yoast_head":"<!-- This site is optimized with the Yoast SEO Premium plugin v24.2 (Yoast SEO v24.6) - https:\/\/yoast.com\/wordpress\/plugins\/seo\/ -->\n<title>Amor verdadero - Uni\u00f3n Esp\u00edrita<\/title>\n<meta name=\"robots\" content=\"index, follow, max-snippet:-1, max-image-preview:large, max-video-preview:-1\" \/>\n<link rel=\"canonical\" href=\"https:\/\/nuevo-renacer.com\/ru\/amor-verdadero-teresa-de-jesus\/\" \/>\n<meta property=\"og:locale\" content=\"ru_RU\" \/>\n<meta property=\"og:type\" content=\"article\" \/>\n<meta property=\"og:title\" content=\"Amor verdadero\" \/>\n<meta property=\"og:description\" content=\"Amor verdadero Tristeza es lo que habita en un coraz\u00f3n sensible, cuando de hecho convive inmerso en un gran dolor, pues si alegr\u00eda da el amor, ausente no est\u00e1 la pena, aunque con esfuerzo sue\u00f1a descubrir la soluci\u00f3n que en fortaleza y tes\u00f3n le aparte de las quimeras, que ensombrecen las ideas que le procura [&hellip;]\" \/>\n<meta property=\"og:url\" content=\"https:\/\/nuevo-renacer.com\/ru\/amor-verdadero-teresa-de-jesus\/\" \/>\n<meta property=\"og:site_name\" content=\"Uni\u00f3n Esp\u00edrita\" \/>\n<meta property=\"article:publisher\" content=\"https:\/\/www.facebook.com\/groups\/3431398063740829\" \/>\n<meta property=\"article:modified_time\" content=\"2024-09-17T09:43:59+00:00\" \/>\n<meta property=\"og:image\" content=\"https:\/\/nuevo-renacer.com\/wp-content\/uploads\/2024\/09\/istockphoto-1367357589-612x612-1.jpg\" \/>\n<meta name=\"twitter:card\" content=\"summary_large_image\" \/>\n<meta name=\"twitter:label1\" content=\"\u041f\u0440\u0438\u043c\u0435\u0440\u043d\u043e\u0435 \u0432\u0440\u0435\u043c\u044f \u0434\u043b\u044f \u0447\u0442\u0435\u043d\u0438\u044f\" \/>\n\t<meta name=\"twitter:data1\" content=\"1 \u043c\u0438\u043d\u0443\u0442\u0430\" \/>\n<script type=\"application\/ld+json\" class=\"yoast-schema-graph\">{\"@context\":\"https:\/\/schema.org\",\"@graph\":[{\"@type\":\"WebPage\",\"@id\":\"https:\/\/nuevo-renacer.com\/amor-verdadero-teresa-de-jesus\/\",\"url\":\"https:\/\/nuevo-renacer.com\/amor-verdadero-teresa-de-jesus\/\",\"name\":\"Amor verdadero - Uni\u00f3n Esp\u00edrita\",\"isPartOf\":{\"@id\":\"https:\/\/nuevo-renacer.com\/#website\"},\"primaryImageOfPage\":{\"@id\":\"https:\/\/nuevo-renacer.com\/amor-verdadero-teresa-de-jesus\/#primaryimage\"},\"image\":{\"@id\":\"https:\/\/nuevo-renacer.com\/amor-verdadero-teresa-de-jesus\/#primaryimage\"},\"thumbnailUrl\":\"https:\/\/nuevo-renacer.com\/wp-content\/uploads\/2024\/09\/istockphoto-1367357589-612x612-1.jpg\",\"datePublished\":\"2024-09-17T09:42:58+00:00\",\"dateModified\":\"2024-09-17T09:43:59+00:00\",\"breadcrumb\":{\"@id\":\"https:\/\/nuevo-renacer.com\/amor-verdadero-teresa-de-jesus\/#breadcrumb\"},\"inLanguage\":\"ru-RU\",\"potentialAction\":[{\"@type\":\"ReadAction\",\"target\":[\"https:\/\/nuevo-renacer.com\/amor-verdadero-teresa-de-jesus\/\"]}]},{\"@type\":\"ImageObject\",\"inLanguage\":\"ru-RU\",\"@id\":\"https:\/\/nuevo-renacer.com\/amor-verdadero-teresa-de-jesus\/#primaryimage\",\"url\":\"https:\/\/nuevo-renacer.com\/wp-content\/uploads\/2024\/09\/istockphoto-1367357589-612x612-1.jpg\",\"contentUrl\":\"https:\/\/nuevo-renacer.com\/wp-content\/uploads\/2024\/09\/istockphoto-1367357589-612x612-1.jpg\"},{\"@type\":\"BreadcrumbList\",\"@id\":\"https:\/\/nuevo-renacer.com\/amor-verdadero-teresa-de-jesus\/#breadcrumb\",\"itemListElement\":[{\"@type\":\"ListItem\",\"position\":1,\"name\":\"Startseite\",\"item\":\"https:\/\/nuevo-renacer.com\/\"},{\"@type\":\"ListItem\",\"position\":2,\"name\":\"Amor verdadero\"}]},{\"@type\":\"WebSite\",\"@id\":\"https:\/\/nuevo-renacer.com\/#website\",\"url\":\"https:\/\/nuevo-renacer.com\/\",\"name\":\"Uni\u00f3n Esp\u00edrita\",\"description\":\"Nuevo Renacer\",\"publisher\":{\"@id\":\"https:\/\/nuevo-renacer.com\/#organization\"},\"potentialAction\":[{\"@type\":\"SearchAction\",\"target\":{\"@type\":\"EntryPoint\",\"urlTemplate\":\"https:\/\/nuevo-renacer.com\/?s={search_term_string}\"},\"query-input\":{\"@type\":\"PropertyValueSpecification\",\"valueRequired\":true,\"valueName\":\"search_term_string\"}}],\"inLanguage\":\"ru-RU\"},{\"@type\":\"Organization\",\"@id\":\"https:\/\/nuevo-renacer.com\/#organization\",\"name\":\"UFEC\",\"url\":\"https:\/\/nuevo-renacer.com\/\",\"logo\":{\"@type\":\"ImageObject\",\"inLanguage\":\"ru-RU\",\"@id\":\"https:\/\/nuevo-renacer.com\/#\/schema\/logo\/image\/\",\"url\":\"https:\/\/nuevo-renacer.com\/wp-content\/uploads\/2024\/05\/cropped-LOGO-TERMINADO1-3-3.png\",\"contentUrl\":\"https:\/\/nuevo-renacer.com\/wp-content\/uploads\/2024\/05\/cropped-LOGO-TERMINADO1-3-3.png\",\"width\":512,\"height\":512,\"caption\":\"UFEC\"},\"image\":{\"@id\":\"https:\/\/nuevo-renacer.com\/#\/schema\/logo\/image\/\"},\"sameAs\":[\"https:\/\/www.facebook.com\/groups\/3431398063740829\"]}]}<\/script>\n<!-- \/ Yoast SEO Premium plugin. -->","yoast_head_json":{"title":"Amor verdadero - Uni\u00f3n Esp\u00edrita","robots":{"index":"index","follow":"follow","max-snippet":"max-snippet:-1","max-image-preview":"max-image-preview:large","max-video-preview":"max-video-preview:-1"},"canonical":"https:\/\/nuevo-renacer.com\/ru\/amor-verdadero-teresa-de-jesus\/","og_locale":"ru_RU","og_type":"article","og_title":"Amor verdadero","og_description":"Amor verdadero Tristeza es lo que habita en un coraz\u00f3n sensible, cuando de hecho convive inmerso en un gran dolor, pues si alegr\u00eda da el amor, ausente no est\u00e1 la pena, aunque con esfuerzo sue\u00f1a descubrir la soluci\u00f3n que en fortaleza y tes\u00f3n le aparte de las quimeras, que ensombrecen las ideas que le procura [&hellip;]","og_url":"https:\/\/nuevo-renacer.com\/ru\/amor-verdadero-teresa-de-jesus\/","og_site_name":"Uni\u00f3n Esp\u00edrita","article_publisher":"https:\/\/www.facebook.com\/groups\/3431398063740829","article_modified_time":"2024-09-17T09:43:59+00:00","og_image":[{"url":"https:\/\/nuevo-renacer.com\/wp-content\/uploads\/2024\/09\/istockphoto-1367357589-612x612-1.jpg","type":"","width":"","height":""}],"twitter_card":"summary_large_image","twitter_misc":{"\u041f\u0440\u0438\u043c\u0435\u0440\u043d\u043e\u0435 \u0432\u0440\u0435\u043c\u044f \u0434\u043b\u044f \u0447\u0442\u0435\u043d\u0438\u044f":"1 \u043c\u0438\u043d\u0443\u0442\u0430"},"schema":{"@context":"https:\/\/schema.org","@graph":[{"@type":"WebPage","@id":"https:\/\/nuevo-renacer.com\/amor-verdadero-teresa-de-jesus\/","url":"https:\/\/nuevo-renacer.com\/amor-verdadero-teresa-de-jesus\/","name":"Amor verdadero - Uni\u00f3n Esp\u00edrita","isPartOf":{"@id":"https:\/\/nuevo-renacer.com\/#website"},"primaryImageOfPage":{"@id":"https:\/\/nuevo-renacer.com\/amor-verdadero-teresa-de-jesus\/#primaryimage"},"image":{"@id":"https:\/\/nuevo-renacer.com\/amor-verdadero-teresa-de-jesus\/#primaryimage"},"thumbnailUrl":"https:\/\/nuevo-renacer.com\/wp-content\/uploads\/2024\/09\/istockphoto-1367357589-612x612-1.jpg","datePublished":"2024-09-17T09:42:58+00:00","dateModified":"2024-09-17T09:43:59+00:00","breadcrumb":{"@id":"https:\/\/nuevo-renacer.com\/amor-verdadero-teresa-de-jesus\/#breadcrumb"},"inLanguage":"ru-RU","potentialAction":[{"@type":"ReadAction","target":["https:\/\/nuevo-renacer.com\/amor-verdadero-teresa-de-jesus\/"]}]},{"@type":"ImageObject","inLanguage":"ru-RU","@id":"https:\/\/nuevo-renacer.com\/amor-verdadero-teresa-de-jesus\/#primaryimage","url":"https:\/\/nuevo-renacer.com\/wp-content\/uploads\/2024\/09\/istockphoto-1367357589-612x612-1.jpg","contentUrl":"https:\/\/nuevo-renacer.com\/wp-content\/uploads\/2024\/09\/istockphoto-1367357589-612x612-1.jpg"},{"@type":"BreadcrumbList","@id":"https:\/\/nuevo-renacer.com\/amor-verdadero-teresa-de-jesus\/#breadcrumb","itemListElement":[{"@type":"ListItem","position":1,"name":"Startseite","item":"https:\/\/nuevo-renacer.com\/"},{"@type":"ListItem","position":2,"name":"Amor verdadero"}]},{"@type":"WebSite","@id":"https:\/\/nuevo-renacer.com\/#website","url":"https:\/\/nuevo-renacer.com\/","name":"Uni\u00f3n Esp\u00edrita","description":"Nuevo Renacer","publisher":{"@id":"https:\/\/nuevo-renacer.com\/#organization"},"potentialAction":[{"@type":"SearchAction","target":{"@type":"EntryPoint","urlTemplate":"https:\/\/nuevo-renacer.com\/?s={search_term_string}"},"query-input":{"@type":"PropertyValueSpecification","valueRequired":true,"valueName":"search_term_string"}}],"inLanguage":"ru-RU"},{"@type":"Organization","@id":"https:\/\/nuevo-renacer.com\/#organization","name":"UFEC","url":"https:\/\/nuevo-renacer.com\/","logo":{"@type":"ImageObject","inLanguage":"ru-RU","@id":"https:\/\/nuevo-renacer.com\/#\/schema\/logo\/image\/","url":"https:\/\/nuevo-renacer.com\/wp-content\/uploads\/2024\/05\/cropped-LOGO-TERMINADO1-3-3.png","contentUrl":"https:\/\/nuevo-renacer.com\/wp-content\/uploads\/2024\/05\/cropped-LOGO-TERMINADO1-3-3.png","width":512,"height":512,"caption":"UFEC"},"image":{"@id":"https:\/\/nuevo-renacer.com\/#\/schema\/logo\/image\/"},"sameAs":["https:\/\/www.facebook.com\/groups\/3431398063740829"]}]}},"uagb_featured_image_src":{"full":false,"thumbnail":false,"medium":false,"medium_large":false,"large":false,"1536x1536":false,"2048x2048":false,"trp-custom-language-flag":false},"uagb_author_info":{"display_name":"adbv0","author_link":"https:\/\/nuevo-renacer.com\/ru\/author\/adbv0\/"},"uagb_comment_info":0,"uagb_excerpt":"Amor verdadero Tristeza es lo que habita en un coraz\u00f3n sensible, cuando de hecho convive inmerso en un gran dolor, pues si alegr\u00eda da el amor, ausente no est\u00e1 la pena, aunque con esfuerzo sue\u00f1a descubrir la soluci\u00f3n que en fortaleza y tes\u00f3n le aparte de las quimeras, que ensombrecen las ideas que le procura&hellip;","jetpack_sharing_enabled":true,"_links":{"self":[{"href":"https:\/\/nuevo-renacer.com\/ru\/wp-json\/wp\/v2\/pages\/5113","targetHints":{"allow":["GET"]}}],"collection":[{"href":"https:\/\/nuevo-renacer.com\/ru\/wp-json\/wp\/v2\/pages"}],"about":[{"href":"https:\/\/nuevo-renacer.com\/ru\/wp-json\/wp\/v2\/types\/page"}],"author":[{"embeddable":true,"href":"https:\/\/nuevo-renacer.com\/ru\/wp-json\/wp\/v2\/users\/1"}],"replies":[{"embeddable":true,"href":"https:\/\/nuevo-renacer.com\/ru\/wp-json\/wp\/v2\/comments?post=5113"}],"version-history":[{"count":3,"href":"https:\/\/nuevo-renacer.com\/ru\/wp-json\/wp\/v2\/pages\/5113\/revisions"}],"predecessor-version":[{"id":5117,"href":"https:\/\/nuevo-renacer.com\/ru\/wp-json\/wp\/v2\/pages\/5113\/revisions\/5117"}],"wp:attachment":[{"href":"https:\/\/nuevo-renacer.com\/ru\/wp-json\/wp\/v2\/media?parent=5113"}],"curies":[{"name":"wp","href":"https:\/\/api.w.org\/{rel}","templated":true}]}}