{"id":5049,"date":"2024-09-15T08:34:14","date_gmt":"2024-09-15T08:34:14","guid":{"rendered":"https:\/\/nuevo-renacer.com\/?page_id=5049"},"modified":"2024-09-15T08:57:59","modified_gmt":"2024-09-15T08:57:59","slug":"alianza-con-dios-teresa-de-jesus","status":"publish","type":"page","link":"https:\/\/nuevo-renacer.com\/ru\/alianza-con-dios-teresa-de-jesus\/","title":{"rendered":"Alianza con Dios &#8211; Teresa de Jes\u00fas"},"content":{"rendered":"<div class=\"wp-block-uagb-container uagb-block-9f66cb0c alignfull uagb-is-root-container\"><div class=\"uagb-container-inner-blocks-wrap\">\n<p class=\"has-black-color has-text-color has-link-color has-medium-font-size wp-elements-86ebac3e87c4c65938afd16060635008\"><strong>\u0417\u0430\u0432\u0435\u0442 \u0441 \u0411\u043e\u0433\u043e\u043c<\/strong><\/p>\n<\/div><\/div>\n\n\n\n<div class=\"wp-block-uagb-container uagb-block-ab07a1b4 alignfull uagb-is-root-container\"><div class=\"uagb-container-inner-blocks-wrap\">\n<figure class=\"wp-block-image size-full is-resized\"><img fetchpriority=\"high\" decoding=\"async\" width=\"540\" height=\"360\" src=\"https:\/\/nuevo-renacer.com\/wp-content\/uploads\/2024\/09\/alianza.jpg\" alt=\"\" class=\"wp-image-5052\" style=\"width:494px;height:auto\" srcset=\"https:\/\/nuevo-renacer.com\/wp-content\/uploads\/2024\/09\/alianza.jpg 540w, https:\/\/nuevo-renacer.com\/wp-content\/uploads\/2024\/09\/alianza-300x200.jpg 300w, https:\/\/nuevo-renacer.com\/wp-content\/uploads\/2024\/09\/alianza-18x12.jpg 18w\" sizes=\"(max-width: 540px) 100vw, 540px\" \/><\/figure>\n<\/div><\/div>\n\n\n\n<div class=\"wp-block-uagb-container uagb-block-3396aba3 alignfull uagb-is-root-container\"><div class=\"uagb-container-inner-blocks-wrap\">\n<p class=\"has-black-color has-text-color has-link-color has-small-font-size wp-elements-ad27756215943f38acdb64aec7bfcaa0\">Solo el hombre qu\u00e9 en bravura, cual peregrino en el tiempo, se afianza en el portento de buscar su salvaci\u00f3n, se abraza fuerte a mi Dios y calma su calentura, siendo tierna criatura entre sus brazos de amor.<\/p>\n\n\n\n<p class=\"has-black-color has-text-color has-link-color has-small-font-size wp-elements-26302604b1a42fc264519cf1637349a6\">De noches y amaneceres, prolija qued\u00f3 su alma, buscando siempre en la calma, un motivo que aportara nueva ilusi\u00f3n a su vida, como puerta de salida, que en la sinraz\u00f3n sintiera, en una absurda quimera que le hac\u00eda sangrar su herida.<\/p>\n\n\n\n<p class=\"has-black-color has-text-color has-link-color has-small-font-size wp-elements-77f49cd9839f92812a2b6b54d5a23c0c\">Alcanzando as\u00ed en el tiempo, pese a los tristes pesares, entre pruebas y avatares adquiri\u00f3 el conocimiento, redimiendo as\u00ed el tormento que vivi\u00f3 en sus soledades, por las que llen\u00f3, cual mares, de l\u00e1grimas y lamentos.<\/p>\n\n\n\n<p class=\"has-black-color has-text-color has-link-color has-small-font-size wp-elements-efc7a218321908593430aa991b2d62cd\">Pobre se hace el ser humano cuando vive en la ignorancia, d\u00e1ndole al mundo prestancia sin hacer caso a su hermano; cuando este tiende sus manos buscando en \u00e9l la alianza, en esa interna a\u00f1oranza de un parentesco lejano.<\/p>\n\n\n\n<p class=\"has-black-color has-text-color has-link-color has-small-font-size wp-elements-5caa91deb08a4ec2887d75c33bf5b95a\">Pero nueva amanecida le espera en la Gloria cierta, haciendo de su alma \u201cmuerta\u201d, que resurgiera a la vida, por un amor sin medida, que solo en Dios conociera. Luch\u00f3 y levant\u00f3 bandera contra viento y tempestades, se hizo siembra en mil lugares, \u201chijo de Dios\u201d, se erigiera, no hallando jam\u00e1s frontera que deshiciera sus planes.<\/p>\n\n\n\n<p class=\"has-black-color has-text-color has-link-color has-small-font-size wp-elements-e148f590b27726b10b6642cf984fe316\">Y el Cielo le hizo llegar, por dem\u00e1s su gran ayuda, forjando as\u00ed la ventura en un consentido amar; siendo sin mesura el dar cuanto de Dios recib\u00eda, sembrando paz y alegr\u00eda a cuantos consegu\u00eda hablar. Y a sus almas encauzar, logrando de noche y d\u00eda, que en una dulce armon\u00eda compartieran la Verdad.<\/p>\n\n\n\n<p class=\"has-black-color has-text-color has-link-color has-small-font-size wp-elements-2f2aeabfe8dfd5e01756b971507c9121\">M\u00e1s llegando un d\u00eda a su fin, fue su materia postrada, pues ya ni aliento quedaba que le alentara a seguir. Y el portento se hizo all\u00ed, por ese amor que sintiera, y Dios su casa le abriera para su eterno vivir.<\/p>\n\n\n\n<p><\/p>\n\n\n\n<p><strong>\u0422\u0435\u0440\u0435\u0437\u0430 \u0434\u0435 \u0425\u0435\u0441\u0443\u0441<\/strong><\/p>\n\n\n\n<p><em>Psicografiado por Antonio Hern\u00e1ndez Lozano<\/em><\/p>\n\n\n\n<p><\/p>\n\n\n\n<p><\/p>\n\n\n\n<p><\/p>\n<\/div><\/div>","protected":false},"excerpt":{"rendered":"<p>Alianza con Dios Solo el hombre qu\u00e9 en bravura, cual peregrino en el tiempo, se afianza en el portento de buscar su salvaci\u00f3n, se abraza fuerte a mi Dios y calma su calentura, siendo tierna criatura entre sus brazos de amor. De noches y amaneceres, prolija qued\u00f3 su alma, buscando siempre en la calma, un [&hellip;]<\/p>","protected":false},"author":1,"featured_media":5052,"parent":0,"menu_order":0,"comment_status":"closed","ping_status":"closed","template":"","meta":{"_uag_custom_page_level_css":"","site-sidebar-layout":"default","site-content-layout":"","ast-site-content-layout":"default","site-content-style":"default","site-sidebar-style":"default","ast-global-header-display":"","ast-banner-title-visibility":"","ast-main-header-display":"","ast-hfb-above-header-display":"","ast-hfb-below-header-display":"","ast-hfb-mobile-header-display":"","site-post-title":"","ast-breadcrumbs-content":"","ast-featured-img":"","footer-sml-layout":"","theme-transparent-header-meta":"","adv-header-id-meta":"","stick-header-meta":"","header-above-stick-meta":"","header-main-stick-meta":"","header-below-stick-meta":"","astra-migrate-meta-layouts":"set","ast-page-background-enabled":"default","ast-page-background-meta":{"desktop":{"background-color":"var(--ast-global-color-4)","background-image":"","background-repeat":"repeat","background-position":"center center","background-size":"auto","background-attachment":"scroll","background-type":"","background-media":"","overlay-type":"","overlay-color":"","overlay-opacity":"","overlay-gradient":""},"tablet":{"background-color":"","background-image":"","background-repeat":"repeat","background-position":"center center","background-size":"auto","background-attachment":"scroll","background-type":"","background-media":"","overlay-type":"","overlay-color":"","overlay-opacity":"","overlay-gradient":""},"mobile":{"background-color":"","background-image":"","background-repeat":"repeat","background-position":"center center","background-size":"auto","background-attachment":"scroll","background-type":"","background-media":"","overlay-type":"","overlay-color":"","overlay-opacity":"","overlay-gradient":""}},"ast-content-background-meta":{"desktop":{"background-color":"var(--ast-global-color-5)","background-image":"","background-repeat":"repeat","background-position":"center center","background-size":"auto","background-attachment":"scroll","background-type":"","background-media":"","overlay-type":"","overlay-color":"","overlay-opacity":"","overlay-gradient":""},"tablet":{"background-color":"var(--ast-global-color-5)","background-image":"","background-repeat":"repeat","background-position":"center center","background-size":"auto","background-attachment":"scroll","background-type":"","background-media":"","overlay-type":"","overlay-color":"","overlay-opacity":"","overlay-gradient":""},"mobile":{"background-color":"var(--ast-global-color-5)","background-image":"","background-repeat":"repeat","background-position":"center center","background-size":"auto","background-attachment":"scroll","background-type":"","background-media":"","overlay-type":"","overlay-color":"","overlay-opacity":"","overlay-gradient":""}},"footnotes":""},"class_list":["post-5049","page","type-page","status-publish","has-post-thumbnail","hentry"],"yoast_head":"<!-- This site is optimized with the Yoast SEO Premium plugin v24.2 (Yoast SEO v24.6) - https:\/\/yoast.com\/wordpress\/plugins\/seo\/ -->\n<title>Alianza con Dios - Teresa de Jes\u00fas - Uni\u00f3n Esp\u00edrita<\/title>\n<meta name=\"robots\" content=\"index, follow, max-snippet:-1, max-image-preview:large, max-video-preview:-1\" \/>\n<link rel=\"canonical\" href=\"https:\/\/nuevo-renacer.com\/ru\/alianza-con-dios-teresa-de-jesus\/\" \/>\n<meta property=\"og:locale\" content=\"ru_RU\" \/>\n<meta property=\"og:type\" content=\"article\" \/>\n<meta property=\"og:title\" content=\"Alianza con Dios - Teresa de Jes\u00fas\" \/>\n<meta property=\"og:description\" content=\"Alianza con Dios Solo el hombre qu\u00e9 en bravura, cual peregrino en el tiempo, se afianza en el portento de buscar su salvaci\u00f3n, se abraza fuerte a mi Dios y calma su calentura, siendo tierna criatura entre sus brazos de amor. De noches y amaneceres, prolija qued\u00f3 su alma, buscando siempre en la calma, un [&hellip;]\" \/>\n<meta property=\"og:url\" content=\"https:\/\/nuevo-renacer.com\/ru\/alianza-con-dios-teresa-de-jesus\/\" \/>\n<meta property=\"og:site_name\" content=\"Uni\u00f3n Esp\u00edrita\" \/>\n<meta property=\"article:publisher\" content=\"https:\/\/www.facebook.com\/groups\/3431398063740829\" \/>\n<meta property=\"article:modified_time\" content=\"2024-09-15T08:57:59+00:00\" \/>\n<meta property=\"og:image\" content=\"https:\/\/nuevo-renacer.com\/wp-content\/uploads\/2024\/09\/alianza.jpg\" \/>\n\t<meta property=\"og:image:width\" content=\"540\" \/>\n\t<meta property=\"og:image:height\" content=\"360\" \/>\n\t<meta property=\"og:image:type\" content=\"image\/jpeg\" \/>\n<meta name=\"twitter:card\" content=\"summary_large_image\" \/>\n<meta name=\"twitter:label1\" content=\"\u041f\u0440\u0438\u043c\u0435\u0440\u043d\u043e\u0435 \u0432\u0440\u0435\u043c\u044f \u0434\u043b\u044f \u0447\u0442\u0435\u043d\u0438\u044f\" \/>\n\t<meta name=\"twitter:data1\" content=\"2 \u043c\u0438\u043d\u0443\u0442\u044b\" \/>\n<script type=\"application\/ld+json\" class=\"yoast-schema-graph\">{\"@context\":\"https:\/\/schema.org\",\"@graph\":[{\"@type\":\"WebPage\",\"@id\":\"https:\/\/nuevo-renacer.com\/alianza-con-dios-teresa-de-jesus\/\",\"url\":\"https:\/\/nuevo-renacer.com\/alianza-con-dios-teresa-de-jesus\/\",\"name\":\"Alianza con Dios - Teresa de Jes\u00fas - Uni\u00f3n Esp\u00edrita\",\"isPartOf\":{\"@id\":\"https:\/\/nuevo-renacer.com\/#website\"},\"primaryImageOfPage\":{\"@id\":\"https:\/\/nuevo-renacer.com\/alianza-con-dios-teresa-de-jesus\/#primaryimage\"},\"image\":{\"@id\":\"https:\/\/nuevo-renacer.com\/alianza-con-dios-teresa-de-jesus\/#primaryimage\"},\"thumbnailUrl\":\"https:\/\/nuevo-renacer.com\/wp-content\/uploads\/2024\/09\/alianza.jpg\",\"datePublished\":\"2024-09-15T08:34:14+00:00\",\"dateModified\":\"2024-09-15T08:57:59+00:00\",\"breadcrumb\":{\"@id\":\"https:\/\/nuevo-renacer.com\/alianza-con-dios-teresa-de-jesus\/#breadcrumb\"},\"inLanguage\":\"ru-RU\",\"potentialAction\":[{\"@type\":\"ReadAction\",\"target\":[\"https:\/\/nuevo-renacer.com\/alianza-con-dios-teresa-de-jesus\/\"]}]},{\"@type\":\"ImageObject\",\"inLanguage\":\"ru-RU\",\"@id\":\"https:\/\/nuevo-renacer.com\/alianza-con-dios-teresa-de-jesus\/#primaryimage\",\"url\":\"https:\/\/nuevo-renacer.com\/wp-content\/uploads\/2024\/09\/alianza.jpg\",\"contentUrl\":\"https:\/\/nuevo-renacer.com\/wp-content\/uploads\/2024\/09\/alianza.jpg\",\"width\":540,\"height\":360},{\"@type\":\"BreadcrumbList\",\"@id\":\"https:\/\/nuevo-renacer.com\/alianza-con-dios-teresa-de-jesus\/#breadcrumb\",\"itemListElement\":[{\"@type\":\"ListItem\",\"position\":1,\"name\":\"Startseite\",\"item\":\"https:\/\/nuevo-renacer.com\/\"},{\"@type\":\"ListItem\",\"position\":2,\"name\":\"Alianza con Dios &#8211; Teresa de Jes\u00fas\"}]},{\"@type\":\"WebSite\",\"@id\":\"https:\/\/nuevo-renacer.com\/#website\",\"url\":\"https:\/\/nuevo-renacer.com\/\",\"name\":\"Uni\u00f3n Esp\u00edrita\",\"description\":\"Nuevo Renacer\",\"publisher\":{\"@id\":\"https:\/\/nuevo-renacer.com\/#organization\"},\"potentialAction\":[{\"@type\":\"SearchAction\",\"target\":{\"@type\":\"EntryPoint\",\"urlTemplate\":\"https:\/\/nuevo-renacer.com\/?s={search_term_string}\"},\"query-input\":{\"@type\":\"PropertyValueSpecification\",\"valueRequired\":true,\"valueName\":\"search_term_string\"}}],\"inLanguage\":\"ru-RU\"},{\"@type\":\"Organization\",\"@id\":\"https:\/\/nuevo-renacer.com\/#organization\",\"name\":\"UFEC\",\"url\":\"https:\/\/nuevo-renacer.com\/\",\"logo\":{\"@type\":\"ImageObject\",\"inLanguage\":\"ru-RU\",\"@id\":\"https:\/\/nuevo-renacer.com\/#\/schema\/logo\/image\/\",\"url\":\"https:\/\/nuevo-renacer.com\/wp-content\/uploads\/2024\/05\/cropped-LOGO-TERMINADO1-3-3.png\",\"contentUrl\":\"https:\/\/nuevo-renacer.com\/wp-content\/uploads\/2024\/05\/cropped-LOGO-TERMINADO1-3-3.png\",\"width\":512,\"height\":512,\"caption\":\"UFEC\"},\"image\":{\"@id\":\"https:\/\/nuevo-renacer.com\/#\/schema\/logo\/image\/\"},\"sameAs\":[\"https:\/\/www.facebook.com\/groups\/3431398063740829\"]}]}<\/script>\n<!-- \/ Yoast SEO Premium plugin. -->","yoast_head_json":{"title":"Alianza con Dios - Teresa de Jes\u00fas - Uni\u00f3n Esp\u00edrita","robots":{"index":"index","follow":"follow","max-snippet":"max-snippet:-1","max-image-preview":"max-image-preview:large","max-video-preview":"max-video-preview:-1"},"canonical":"https:\/\/nuevo-renacer.com\/ru\/alianza-con-dios-teresa-de-jesus\/","og_locale":"ru_RU","og_type":"article","og_title":"Alianza con Dios - Teresa de Jes\u00fas","og_description":"Alianza con Dios Solo el hombre qu\u00e9 en bravura, cual peregrino en el tiempo, se afianza en el portento de buscar su salvaci\u00f3n, se abraza fuerte a mi Dios y calma su calentura, siendo tierna criatura entre sus brazos de amor. De noches y amaneceres, prolija qued\u00f3 su alma, buscando siempre en la calma, un [&hellip;]","og_url":"https:\/\/nuevo-renacer.com\/ru\/alianza-con-dios-teresa-de-jesus\/","og_site_name":"Uni\u00f3n Esp\u00edrita","article_publisher":"https:\/\/www.facebook.com\/groups\/3431398063740829","article_modified_time":"2024-09-15T08:57:59+00:00","og_image":[{"width":540,"height":360,"url":"https:\/\/nuevo-renacer.com\/wp-content\/uploads\/2024\/09\/alianza.jpg","type":"image\/jpeg"}],"twitter_card":"summary_large_image","twitter_misc":{"\u041f\u0440\u0438\u043c\u0435\u0440\u043d\u043e\u0435 \u0432\u0440\u0435\u043c\u044f \u0434\u043b\u044f \u0447\u0442\u0435\u043d\u0438\u044f":"2 \u043c\u0438\u043d\u0443\u0442\u044b"},"schema":{"@context":"https:\/\/schema.org","@graph":[{"@type":"WebPage","@id":"https:\/\/nuevo-renacer.com\/alianza-con-dios-teresa-de-jesus\/","url":"https:\/\/nuevo-renacer.com\/alianza-con-dios-teresa-de-jesus\/","name":"Alianza con Dios - Teresa de Jes\u00fas - Uni\u00f3n Esp\u00edrita","isPartOf":{"@id":"https:\/\/nuevo-renacer.com\/#website"},"primaryImageOfPage":{"@id":"https:\/\/nuevo-renacer.com\/alianza-con-dios-teresa-de-jesus\/#primaryimage"},"image":{"@id":"https:\/\/nuevo-renacer.com\/alianza-con-dios-teresa-de-jesus\/#primaryimage"},"thumbnailUrl":"https:\/\/nuevo-renacer.com\/wp-content\/uploads\/2024\/09\/alianza.jpg","datePublished":"2024-09-15T08:34:14+00:00","dateModified":"2024-09-15T08:57:59+00:00","breadcrumb":{"@id":"https:\/\/nuevo-renacer.com\/alianza-con-dios-teresa-de-jesus\/#breadcrumb"},"inLanguage":"ru-RU","potentialAction":[{"@type":"ReadAction","target":["https:\/\/nuevo-renacer.com\/alianza-con-dios-teresa-de-jesus\/"]}]},{"@type":"ImageObject","inLanguage":"ru-RU","@id":"https:\/\/nuevo-renacer.com\/alianza-con-dios-teresa-de-jesus\/#primaryimage","url":"https:\/\/nuevo-renacer.com\/wp-content\/uploads\/2024\/09\/alianza.jpg","contentUrl":"https:\/\/nuevo-renacer.com\/wp-content\/uploads\/2024\/09\/alianza.jpg","width":540,"height":360},{"@type":"BreadcrumbList","@id":"https:\/\/nuevo-renacer.com\/alianza-con-dios-teresa-de-jesus\/#breadcrumb","itemListElement":[{"@type":"ListItem","position":1,"name":"Startseite","item":"https:\/\/nuevo-renacer.com\/"},{"@type":"ListItem","position":2,"name":"Alianza con Dios &#8211; Teresa de Jes\u00fas"}]},{"@type":"WebSite","@id":"https:\/\/nuevo-renacer.com\/#website","url":"https:\/\/nuevo-renacer.com\/","name":"Uni\u00f3n Esp\u00edrita","description":"Nuevo Renacer","publisher":{"@id":"https:\/\/nuevo-renacer.com\/#organization"},"potentialAction":[{"@type":"SearchAction","target":{"@type":"EntryPoint","urlTemplate":"https:\/\/nuevo-renacer.com\/?s={search_term_string}"},"query-input":{"@type":"PropertyValueSpecification","valueRequired":true,"valueName":"search_term_string"}}],"inLanguage":"ru-RU"},{"@type":"Organization","@id":"https:\/\/nuevo-renacer.com\/#organization","name":"UFEC","url":"https:\/\/nuevo-renacer.com\/","logo":{"@type":"ImageObject","inLanguage":"ru-RU","@id":"https:\/\/nuevo-renacer.com\/#\/schema\/logo\/image\/","url":"https:\/\/nuevo-renacer.com\/wp-content\/uploads\/2024\/05\/cropped-LOGO-TERMINADO1-3-3.png","contentUrl":"https:\/\/nuevo-renacer.com\/wp-content\/uploads\/2024\/05\/cropped-LOGO-TERMINADO1-3-3.png","width":512,"height":512,"caption":"UFEC"},"image":{"@id":"https:\/\/nuevo-renacer.com\/#\/schema\/logo\/image\/"},"sameAs":["https:\/\/www.facebook.com\/groups\/3431398063740829"]}]}},"uagb_featured_image_src":{"full":["https:\/\/nuevo-renacer.com\/wp-content\/uploads\/2024\/09\/alianza.jpg",540,360,false],"thumbnail":["https:\/\/nuevo-renacer.com\/wp-content\/uploads\/2024\/09\/alianza-150x150.jpg",150,150,true],"medium":["https:\/\/nuevo-renacer.com\/wp-content\/uploads\/2024\/09\/alianza-300x200.jpg",300,200,true],"medium_large":["https:\/\/nuevo-renacer.com\/wp-content\/uploads\/2024\/09\/alianza.jpg",540,360,false],"large":["https:\/\/nuevo-renacer.com\/wp-content\/uploads\/2024\/09\/alianza.jpg",540,360,false],"1536x1536":["https:\/\/nuevo-renacer.com\/wp-content\/uploads\/2024\/09\/alianza.jpg",540,360,false],"2048x2048":["https:\/\/nuevo-renacer.com\/wp-content\/uploads\/2024\/09\/alianza.jpg",540,360,false],"trp-custom-language-flag":["https:\/\/nuevo-renacer.com\/wp-content\/uploads\/2024\/09\/alianza-18x12.jpg",18,12,true]},"uagb_author_info":{"display_name":"adbv0","author_link":"https:\/\/nuevo-renacer.com\/ru\/author\/adbv0\/"},"uagb_comment_info":0,"uagb_excerpt":"Alianza con Dios Solo el hombre qu\u00e9 en bravura, cual peregrino en el tiempo, se afianza en el portento de buscar su salvaci\u00f3n, se abraza fuerte a mi Dios y calma su calentura, siendo tierna criatura entre sus brazos de amor. De noches y amaneceres, prolija qued\u00f3 su alma, buscando siempre en la calma, un&hellip;","jetpack_sharing_enabled":true,"_links":{"self":[{"href":"https:\/\/nuevo-renacer.com\/ru\/wp-json\/wp\/v2\/pages\/5049","targetHints":{"allow":["GET"]}}],"collection":[{"href":"https:\/\/nuevo-renacer.com\/ru\/wp-json\/wp\/v2\/pages"}],"about":[{"href":"https:\/\/nuevo-renacer.com\/ru\/wp-json\/wp\/v2\/types\/page"}],"author":[{"embeddable":true,"href":"https:\/\/nuevo-renacer.com\/ru\/wp-json\/wp\/v2\/users\/1"}],"replies":[{"embeddable":true,"href":"https:\/\/nuevo-renacer.com\/ru\/wp-json\/wp\/v2\/comments?post=5049"}],"version-history":[{"count":6,"href":"https:\/\/nuevo-renacer.com\/ru\/wp-json\/wp\/v2\/pages\/5049\/revisions"}],"predecessor-version":[{"id":5072,"href":"https:\/\/nuevo-renacer.com\/ru\/wp-json\/wp\/v2\/pages\/5049\/revisions\/5072"}],"wp:featuredmedia":[{"embeddable":true,"href":"https:\/\/nuevo-renacer.com\/ru\/wp-json\/wp\/v2\/media\/5052"}],"wp:attachment":[{"href":"https:\/\/nuevo-renacer.com\/ru\/wp-json\/wp\/v2\/media?parent=5049"}],"curies":[{"name":"wp","href":"https:\/\/api.w.org\/{rel}","templated":true}]}}