{"id":4996,"date":"2024-09-14T18:10:22","date_gmt":"2024-09-14T18:10:22","guid":{"rendered":"https:\/\/nuevo-renacer.com\/?page_id=4996"},"modified":"2024-09-15T08:55:25","modified_gmt":"2024-09-15T08:55:25","slug":"adelante-teresa-de-jesus","status":"publish","type":"page","link":"https:\/\/nuevo-renacer.com\/ru\/adelante-teresa-de-jesus\/","title":{"rendered":"\u00a1Adelante!"},"content":{"rendered":"<div class=\"wp-block-uagb-container uagb-block-eaa03f2e alignfull uagb-is-root-container\"><div class=\"uagb-container-inner-blocks-wrap\">\n<p class=\"has-black-color has-text-color has-link-color has-medium-font-size wp-elements-a4efcd216c8d425f8d8092b055f59389\">\u00a1<strong>\u0414\u0430\u0432\u0430\u0439, \u0434\u0430\u0432\u0430\u0439!<\/strong><\/p>\n<\/div><\/div>\n\n\n\n<div class=\"wp-block-uagb-container uagb-block-231034bc alignfull uagb-is-root-container\"><div class=\"uagb-container-inner-blocks-wrap\">\n<figure class=\"wp-block-image size-full is-resized\"><img fetchpriority=\"high\" decoding=\"async\" width=\"1024\" height=\"666\" src=\"https:\/\/nuevo-renacer.com\/wp-content\/uploads\/2024\/09\/adelante.jpg\" alt=\"\" class=\"wp-image-4999\" style=\"width:404px;height:auto\" srcset=\"https:\/\/nuevo-renacer.com\/wp-content\/uploads\/2024\/09\/adelante.jpg 1024w, https:\/\/nuevo-renacer.com\/wp-content\/uploads\/2024\/09\/adelante-300x195.jpg 300w, https:\/\/nuevo-renacer.com\/wp-content\/uploads\/2024\/09\/adelante-768x500.jpg 768w, https:\/\/nuevo-renacer.com\/wp-content\/uploads\/2024\/09\/adelante-18x12.jpg 18w\" sizes=\"(max-width: 1024px) 100vw, 1024px\" \/><\/figure>\n<\/div><\/div>\n\n\n\n<div class=\"wp-block-uagb-container uagb-block-f06aa08f alignfull uagb-is-root-container\"><div class=\"uagb-container-inner-blocks-wrap\">\n<p class=\"has-black-color has-text-color has-link-color has-small-font-size wp-elements-0c0e8dd13d1418a4bb3ef383500aa5ae\">Eleva en esta ma\u00f1ana tu pensamiento de amor y en \u00e9l invoca a mi Dios. Portento de mil razones, que al hombre dan soluciones cuando se trata de amar. \u00bfQu\u00e9 podr\u00e1s pedir tu m\u00e1s si tu alma se perfuma y es de mi Dios la ventura que alienta tu caminar? \u00bfNo viste en ese pesar que la vida te presenta, las pruebas que como riendas deber\u00e1s de dominar? Pues cual potro corre ya tu mundo en feroz carrera, pero equivoc\u00f3 la meta que le conduce al final.<\/p>\n\n\n\n<p class=\"has-black-color has-text-color has-link-color has-small-font-size wp-elements-af0e7c032153e7514ddbd5cdced3faf7\">Por eso t\u00fa ten presente, que el amor nunca es ausente ni del alma postergado, es sentimiento plasmado que las entra\u00f1as conmueve, y es m\u00e1s puro que la nieve, si es en Dios enamorado.<\/p>\n\n\n\n<p class=\"has-black-color has-text-color has-link-color has-small-font-size wp-elements-69747b920877cf995e3cfd5461be95e7\">Vu\u00e9lcate en raz\u00f3n sentida de un compromiso sellado, que en el amor fue pactado entre almas de val\u00eda, por eso de noche y d\u00eda es tu dolor consolado y en tu esp\u00edritu plasmado, el por qu\u00e9 est\u00e1s en la vida.<\/p>\n\n\n\n<p class=\"has-black-color has-text-color has-link-color has-small-font-size wp-elements-e7c5072d581d7a38590ae0fe983e0b74\">Cicatrizar\u00e1 tu herida dando luz a tu semblante, \u00bfno te parece bastante recuperar la alegr\u00eda? Pues eleva ya a porf\u00eda, como las aves al cielo, que para ti no es misterio lo que mi alma sent\u00eda, y por lo que ayer mor\u00eda, hoy te lo mando en mi anhelo.<\/p>\n\n\n\n<p class=\"has-black-color has-text-color has-link-color has-small-font-size wp-elements-6202df1265b7f0d7eb97724e838e36c1\">Dios es Padre, Luz y Vida, siendo en sus hijos presente, pobre del alma que ausente en la ignorancia camina, y en sinraz\u00f3n desvar\u00eda perdi\u00e9ndose en una muerte, pues muerte llamo a la vida de aqu\u00e9l que a mi Dios olvida, siendo un paria en su suerte.<\/p>\n\n\n\n<p class=\"has-black-color has-text-color has-link-color has-small-font-size wp-elements-0b1beb9c7970eed044342e25d13c7148\">Es trabajo y calentura lo que t\u00fa mundo provoca, \u00a1adelante!, \u00a1lucha ahora!, que en un ma\u00f1ana ver\u00e1s, la gloria que te ha de dar Aqu\u00e9l que me env\u00eda ahora, a mostrarte en nueva aurora lo que un d\u00eda alcanzar\u00e1s.<\/p>\n\n\n\n<p><\/p>\n\n\n\n<p><strong>\u0422\u0435\u0440\u0435\u0437\u0430 \u0434\u0435 \u0425\u0435\u0441\u0443\u0441<\/strong><\/p>\n\n\n\n<p><em>Psicografiado por Antonio Hern\u00e1ndez Lozano<\/em><\/p>\n\n\n\n<p><\/p>\n\n\n\n<p><\/p>\n\n\n\n<p><\/p>\n<\/div><\/div>","protected":false},"excerpt":{"rendered":"<p>\u00a1Adelante! Eleva en esta ma\u00f1ana tu pensamiento de amor y en \u00e9l invoca a mi Dios. Portento de mil razones, que al hombre dan soluciones cuando se trata de amar. \u00bfQu\u00e9 podr\u00e1s pedir tu m\u00e1s si tu alma se perfuma y es de mi Dios la ventura que alienta tu caminar? \u00bfNo viste en ese [&hellip;]<\/p>","protected":false},"author":1,"featured_media":4999,"parent":0,"menu_order":0,"comment_status":"closed","ping_status":"closed","template":"","meta":{"_uag_custom_page_level_css":"","site-sidebar-layout":"default","site-content-layout":"","ast-site-content-layout":"default","site-content-style":"default","site-sidebar-style":"default","ast-global-header-display":"","ast-banner-title-visibility":"","ast-main-header-display":"","ast-hfb-above-header-display":"","ast-hfb-below-header-display":"","ast-hfb-mobile-header-display":"","site-post-title":"","ast-breadcrumbs-content":"","ast-featured-img":"","footer-sml-layout":"","theme-transparent-header-meta":"","adv-header-id-meta":"","stick-header-meta":"","header-above-stick-meta":"","header-main-stick-meta":"","header-below-stick-meta":"","astra-migrate-meta-layouts":"set","ast-page-background-enabled":"default","ast-page-background-meta":{"desktop":{"background-color":"var(--ast-global-color-4)","background-image":"","background-repeat":"repeat","background-position":"center center","background-size":"auto","background-attachment":"scroll","background-type":"","background-media":"","overlay-type":"","overlay-color":"","overlay-opacity":"","overlay-gradient":""},"tablet":{"background-color":"","background-image":"","background-repeat":"repeat","background-position":"center center","background-size":"auto","background-attachment":"scroll","background-type":"","background-media":"","overlay-type":"","overlay-color":"","overlay-opacity":"","overlay-gradient":""},"mobile":{"background-color":"","background-image":"","background-repeat":"repeat","background-position":"center center","background-size":"auto","background-attachment":"scroll","background-type":"","background-media":"","overlay-type":"","overlay-color":"","overlay-opacity":"","overlay-gradient":""}},"ast-content-background-meta":{"desktop":{"background-color":"var(--ast-global-color-5)","background-image":"","background-repeat":"repeat","background-position":"center center","background-size":"auto","background-attachment":"scroll","background-type":"","background-media":"","overlay-type":"","overlay-color":"","overlay-opacity":"","overlay-gradient":""},"tablet":{"background-color":"var(--ast-global-color-5)","background-image":"","background-repeat":"repeat","background-position":"center center","background-size":"auto","background-attachment":"scroll","background-type":"","background-media":"","overlay-type":"","overlay-color":"","overlay-opacity":"","overlay-gradient":""},"mobile":{"background-color":"var(--ast-global-color-5)","background-image":"","background-repeat":"repeat","background-position":"center center","background-size":"auto","background-attachment":"scroll","background-type":"","background-media":"","overlay-type":"","overlay-color":"","overlay-opacity":"","overlay-gradient":""}},"footnotes":""},"class_list":["post-4996","page","type-page","status-publish","has-post-thumbnail","hentry"],"yoast_head":"<!-- This site is optimized with the Yoast SEO Premium plugin v24.2 (Yoast SEO v24.6) - https:\/\/yoast.com\/wordpress\/plugins\/seo\/ -->\n<title>\u00a1Adelante! - Uni\u00f3n Esp\u00edrita<\/title>\n<meta name=\"robots\" content=\"index, follow, max-snippet:-1, max-image-preview:large, max-video-preview:-1\" \/>\n<link rel=\"canonical\" href=\"https:\/\/nuevo-renacer.com\/ru\/adelante-teresa-de-jesus\/\" \/>\n<meta property=\"og:locale\" content=\"ru_RU\" \/>\n<meta property=\"og:type\" content=\"article\" \/>\n<meta property=\"og:title\" content=\"\u00a1Adelante!\" \/>\n<meta property=\"og:description\" content=\"\u00a1Adelante! Eleva en esta ma\u00f1ana tu pensamiento de amor y en \u00e9l invoca a mi Dios. Portento de mil razones, que al hombre dan soluciones cuando se trata de amar. \u00bfQu\u00e9 podr\u00e1s pedir tu m\u00e1s si tu alma se perfuma y es de mi Dios la ventura que alienta tu caminar? \u00bfNo viste en ese [&hellip;]\" \/>\n<meta property=\"og:url\" content=\"https:\/\/nuevo-renacer.com\/ru\/adelante-teresa-de-jesus\/\" \/>\n<meta property=\"og:site_name\" content=\"Uni\u00f3n Esp\u00edrita\" \/>\n<meta property=\"article:publisher\" content=\"https:\/\/www.facebook.com\/groups\/3431398063740829\" \/>\n<meta property=\"article:modified_time\" content=\"2024-09-15T08:55:25+00:00\" \/>\n<meta property=\"og:image\" content=\"https:\/\/nuevo-renacer.com\/wp-content\/uploads\/2024\/09\/adelante.jpg\" \/>\n\t<meta property=\"og:image:width\" content=\"1024\" \/>\n\t<meta property=\"og:image:height\" content=\"666\" \/>\n\t<meta property=\"og:image:type\" content=\"image\/jpeg\" \/>\n<meta name=\"twitter:card\" content=\"summary_large_image\" \/>\n<meta name=\"twitter:label1\" content=\"\u041f\u0440\u0438\u043c\u0435\u0440\u043d\u043e\u0435 \u0432\u0440\u0435\u043c\u044f \u0434\u043b\u044f \u0447\u0442\u0435\u043d\u0438\u044f\" \/>\n\t<meta name=\"twitter:data1\" content=\"2 \u043c\u0438\u043d\u0443\u0442\u044b\" \/>\n<script type=\"application\/ld+json\" class=\"yoast-schema-graph\">{\"@context\":\"https:\/\/schema.org\",\"@graph\":[{\"@type\":\"WebPage\",\"@id\":\"https:\/\/nuevo-renacer.com\/adelante-teresa-de-jesus\/\",\"url\":\"https:\/\/nuevo-renacer.com\/adelante-teresa-de-jesus\/\",\"name\":\"\u00a1Adelante! - Uni\u00f3n Esp\u00edrita\",\"isPartOf\":{\"@id\":\"https:\/\/nuevo-renacer.com\/#website\"},\"primaryImageOfPage\":{\"@id\":\"https:\/\/nuevo-renacer.com\/adelante-teresa-de-jesus\/#primaryimage\"},\"image\":{\"@id\":\"https:\/\/nuevo-renacer.com\/adelante-teresa-de-jesus\/#primaryimage\"},\"thumbnailUrl\":\"https:\/\/nuevo-renacer.com\/wp-content\/uploads\/2024\/09\/adelante.jpg\",\"datePublished\":\"2024-09-14T18:10:22+00:00\",\"dateModified\":\"2024-09-15T08:55:25+00:00\",\"breadcrumb\":{\"@id\":\"https:\/\/nuevo-renacer.com\/adelante-teresa-de-jesus\/#breadcrumb\"},\"inLanguage\":\"ru-RU\",\"potentialAction\":[{\"@type\":\"ReadAction\",\"target\":[\"https:\/\/nuevo-renacer.com\/adelante-teresa-de-jesus\/\"]}]},{\"@type\":\"ImageObject\",\"inLanguage\":\"ru-RU\",\"@id\":\"https:\/\/nuevo-renacer.com\/adelante-teresa-de-jesus\/#primaryimage\",\"url\":\"https:\/\/nuevo-renacer.com\/wp-content\/uploads\/2024\/09\/adelante.jpg\",\"contentUrl\":\"https:\/\/nuevo-renacer.com\/wp-content\/uploads\/2024\/09\/adelante.jpg\",\"width\":1024,\"height\":666},{\"@type\":\"BreadcrumbList\",\"@id\":\"https:\/\/nuevo-renacer.com\/adelante-teresa-de-jesus\/#breadcrumb\",\"itemListElement\":[{\"@type\":\"ListItem\",\"position\":1,\"name\":\"Startseite\",\"item\":\"https:\/\/nuevo-renacer.com\/\"},{\"@type\":\"ListItem\",\"position\":2,\"name\":\"\u00a1Adelante!\"}]},{\"@type\":\"WebSite\",\"@id\":\"https:\/\/nuevo-renacer.com\/#website\",\"url\":\"https:\/\/nuevo-renacer.com\/\",\"name\":\"Uni\u00f3n Esp\u00edrita\",\"description\":\"Nuevo Renacer\",\"publisher\":{\"@id\":\"https:\/\/nuevo-renacer.com\/#organization\"},\"potentialAction\":[{\"@type\":\"SearchAction\",\"target\":{\"@type\":\"EntryPoint\",\"urlTemplate\":\"https:\/\/nuevo-renacer.com\/?s={search_term_string}\"},\"query-input\":{\"@type\":\"PropertyValueSpecification\",\"valueRequired\":true,\"valueName\":\"search_term_string\"}}],\"inLanguage\":\"ru-RU\"},{\"@type\":\"Organization\",\"@id\":\"https:\/\/nuevo-renacer.com\/#organization\",\"name\":\"UFEC\",\"url\":\"https:\/\/nuevo-renacer.com\/\",\"logo\":{\"@type\":\"ImageObject\",\"inLanguage\":\"ru-RU\",\"@id\":\"https:\/\/nuevo-renacer.com\/#\/schema\/logo\/image\/\",\"url\":\"https:\/\/nuevo-renacer.com\/wp-content\/uploads\/2024\/05\/cropped-LOGO-TERMINADO1-3-3.png\",\"contentUrl\":\"https:\/\/nuevo-renacer.com\/wp-content\/uploads\/2024\/05\/cropped-LOGO-TERMINADO1-3-3.png\",\"width\":512,\"height\":512,\"caption\":\"UFEC\"},\"image\":{\"@id\":\"https:\/\/nuevo-renacer.com\/#\/schema\/logo\/image\/\"},\"sameAs\":[\"https:\/\/www.facebook.com\/groups\/3431398063740829\"]}]}<\/script>\n<!-- \/ Yoast SEO Premium plugin. -->","yoast_head_json":{"title":"\u00a1Adelante! - Uni\u00f3n Esp\u00edrita","robots":{"index":"index","follow":"follow","max-snippet":"max-snippet:-1","max-image-preview":"max-image-preview:large","max-video-preview":"max-video-preview:-1"},"canonical":"https:\/\/nuevo-renacer.com\/ru\/adelante-teresa-de-jesus\/","og_locale":"ru_RU","og_type":"article","og_title":"\u00a1Adelante!","og_description":"\u00a1Adelante! Eleva en esta ma\u00f1ana tu pensamiento de amor y en \u00e9l invoca a mi Dios. Portento de mil razones, que al hombre dan soluciones cuando se trata de amar. \u00bfQu\u00e9 podr\u00e1s pedir tu m\u00e1s si tu alma se perfuma y es de mi Dios la ventura que alienta tu caminar? \u00bfNo viste en ese [&hellip;]","og_url":"https:\/\/nuevo-renacer.com\/ru\/adelante-teresa-de-jesus\/","og_site_name":"Uni\u00f3n Esp\u00edrita","article_publisher":"https:\/\/www.facebook.com\/groups\/3431398063740829","article_modified_time":"2024-09-15T08:55:25+00:00","og_image":[{"width":1024,"height":666,"url":"https:\/\/nuevo-renacer.com\/wp-content\/uploads\/2024\/09\/adelante.jpg","type":"image\/jpeg"}],"twitter_card":"summary_large_image","twitter_misc":{"\u041f\u0440\u0438\u043c\u0435\u0440\u043d\u043e\u0435 \u0432\u0440\u0435\u043c\u044f \u0434\u043b\u044f \u0447\u0442\u0435\u043d\u0438\u044f":"2 \u043c\u0438\u043d\u0443\u0442\u044b"},"schema":{"@context":"https:\/\/schema.org","@graph":[{"@type":"WebPage","@id":"https:\/\/nuevo-renacer.com\/adelante-teresa-de-jesus\/","url":"https:\/\/nuevo-renacer.com\/adelante-teresa-de-jesus\/","name":"\u00a1Adelante! - Uni\u00f3n Esp\u00edrita","isPartOf":{"@id":"https:\/\/nuevo-renacer.com\/#website"},"primaryImageOfPage":{"@id":"https:\/\/nuevo-renacer.com\/adelante-teresa-de-jesus\/#primaryimage"},"image":{"@id":"https:\/\/nuevo-renacer.com\/adelante-teresa-de-jesus\/#primaryimage"},"thumbnailUrl":"https:\/\/nuevo-renacer.com\/wp-content\/uploads\/2024\/09\/adelante.jpg","datePublished":"2024-09-14T18:10:22+00:00","dateModified":"2024-09-15T08:55:25+00:00","breadcrumb":{"@id":"https:\/\/nuevo-renacer.com\/adelante-teresa-de-jesus\/#breadcrumb"},"inLanguage":"ru-RU","potentialAction":[{"@type":"ReadAction","target":["https:\/\/nuevo-renacer.com\/adelante-teresa-de-jesus\/"]}]},{"@type":"ImageObject","inLanguage":"ru-RU","@id":"https:\/\/nuevo-renacer.com\/adelante-teresa-de-jesus\/#primaryimage","url":"https:\/\/nuevo-renacer.com\/wp-content\/uploads\/2024\/09\/adelante.jpg","contentUrl":"https:\/\/nuevo-renacer.com\/wp-content\/uploads\/2024\/09\/adelante.jpg","width":1024,"height":666},{"@type":"BreadcrumbList","@id":"https:\/\/nuevo-renacer.com\/adelante-teresa-de-jesus\/#breadcrumb","itemListElement":[{"@type":"ListItem","position":1,"name":"Startseite","item":"https:\/\/nuevo-renacer.com\/"},{"@type":"ListItem","position":2,"name":"\u00a1Adelante!"}]},{"@type":"WebSite","@id":"https:\/\/nuevo-renacer.com\/#website","url":"https:\/\/nuevo-renacer.com\/","name":"Uni\u00f3n Esp\u00edrita","description":"Nuevo Renacer","publisher":{"@id":"https:\/\/nuevo-renacer.com\/#organization"},"potentialAction":[{"@type":"SearchAction","target":{"@type":"EntryPoint","urlTemplate":"https:\/\/nuevo-renacer.com\/?s={search_term_string}"},"query-input":{"@type":"PropertyValueSpecification","valueRequired":true,"valueName":"search_term_string"}}],"inLanguage":"ru-RU"},{"@type":"Organization","@id":"https:\/\/nuevo-renacer.com\/#organization","name":"UFEC","url":"https:\/\/nuevo-renacer.com\/","logo":{"@type":"ImageObject","inLanguage":"ru-RU","@id":"https:\/\/nuevo-renacer.com\/#\/schema\/logo\/image\/","url":"https:\/\/nuevo-renacer.com\/wp-content\/uploads\/2024\/05\/cropped-LOGO-TERMINADO1-3-3.png","contentUrl":"https:\/\/nuevo-renacer.com\/wp-content\/uploads\/2024\/05\/cropped-LOGO-TERMINADO1-3-3.png","width":512,"height":512,"caption":"UFEC"},"image":{"@id":"https:\/\/nuevo-renacer.com\/#\/schema\/logo\/image\/"},"sameAs":["https:\/\/www.facebook.com\/groups\/3431398063740829"]}]}},"uagb_featured_image_src":{"full":["https:\/\/nuevo-renacer.com\/wp-content\/uploads\/2024\/09\/adelante.jpg",1024,666,false],"thumbnail":["https:\/\/nuevo-renacer.com\/wp-content\/uploads\/2024\/09\/adelante-150x150.jpg",150,150,true],"medium":["https:\/\/nuevo-renacer.com\/wp-content\/uploads\/2024\/09\/adelante-300x195.jpg",300,195,true],"medium_large":["https:\/\/nuevo-renacer.com\/wp-content\/uploads\/2024\/09\/adelante-768x500.jpg",768,500,true],"large":["https:\/\/nuevo-renacer.com\/wp-content\/uploads\/2024\/09\/adelante.jpg",1024,666,false],"1536x1536":["https:\/\/nuevo-renacer.com\/wp-content\/uploads\/2024\/09\/adelante.jpg",1024,666,false],"2048x2048":["https:\/\/nuevo-renacer.com\/wp-content\/uploads\/2024\/09\/adelante.jpg",1024,666,false],"trp-custom-language-flag":["https:\/\/nuevo-renacer.com\/wp-content\/uploads\/2024\/09\/adelante-18x12.jpg",18,12,true]},"uagb_author_info":{"display_name":"adbv0","author_link":"https:\/\/nuevo-renacer.com\/ru\/author\/adbv0\/"},"uagb_comment_info":0,"uagb_excerpt":"\u00a1Adelante! Eleva en esta ma\u00f1ana tu pensamiento de amor y en \u00e9l invoca a mi Dios. Portento de mil razones, que al hombre dan soluciones cuando se trata de amar. \u00bfQu\u00e9 podr\u00e1s pedir tu m\u00e1s si tu alma se perfuma y es de mi Dios la ventura que alienta tu caminar? \u00bfNo viste en ese&hellip;","jetpack_sharing_enabled":true,"_links":{"self":[{"href":"https:\/\/nuevo-renacer.com\/ru\/wp-json\/wp\/v2\/pages\/4996","targetHints":{"allow":["GET"]}}],"collection":[{"href":"https:\/\/nuevo-renacer.com\/ru\/wp-json\/wp\/v2\/pages"}],"about":[{"href":"https:\/\/nuevo-renacer.com\/ru\/wp-json\/wp\/v2\/types\/page"}],"author":[{"embeddable":true,"href":"https:\/\/nuevo-renacer.com\/ru\/wp-json\/wp\/v2\/users\/1"}],"replies":[{"embeddable":true,"href":"https:\/\/nuevo-renacer.com\/ru\/wp-json\/wp\/v2\/comments?post=4996"}],"version-history":[{"count":5,"href":"https:\/\/nuevo-renacer.com\/ru\/wp-json\/wp\/v2\/pages\/4996\/revisions"}],"predecessor-version":[{"id":5067,"href":"https:\/\/nuevo-renacer.com\/ru\/wp-json\/wp\/v2\/pages\/4996\/revisions\/5067"}],"wp:featuredmedia":[{"embeddable":true,"href":"https:\/\/nuevo-renacer.com\/ru\/wp-json\/wp\/v2\/media\/4999"}],"wp:attachment":[{"href":"https:\/\/nuevo-renacer.com\/ru\/wp-json\/wp\/v2\/media?parent=4996"}],"curies":[{"name":"wp","href":"https:\/\/api.w.org\/{rel}","templated":true}]}}