{"id":3980,"date":"2024-07-18T06:14:01","date_gmt":"2024-07-18T06:14:01","guid":{"rendered":"https:\/\/ufec-mundial.com\/?page_id=3980"},"modified":"2024-07-18T06:15:53","modified_gmt":"2024-07-18T06:15:53","slug":"por-que-no-recordamos-nuestras-vidas-pasadas","status":"publish","type":"page","link":"https:\/\/nuevo-renacer.com\/ru\/por-que-no-recordamos-nuestras-vidas-pasadas\/","title":{"rendered":"\u041f\u043e\u0447\u0435\u043c\u0443 \u043c\u044b \u043d\u0435 \u043f\u043e\u043c\u043d\u0438\u043c \u043d\u0430\u0448\u0438 \u043f\u0440\u043e\u0448\u043b\u044b\u0435 \u0436\u0438\u0437\u043d\u0438?"},"content":{"rendered":"<div class=\"wp-block-uagb-container uagb-block-ec69ee4d alignfull uagb-is-root-container\"><div class=\"uagb-container-inner-blocks-wrap\">\n<p class=\"has-black-color has-text-color has-link-color has-medium-font-size wp-elements-ebf775aa2bb44041f3b2fc4939ba54f3\"><strong>\u041f\u043e\u0447\u0435\u043c\u0443 \u043c\u044b \u043d\u0435 \u043f\u043e\u043c\u043d\u0438\u043c \u043d\u0430\u0448\u0438 \u043f\u0440\u043e\u0448\u043b\u044b\u0435 \u0436\u0438\u0437\u043d\u0438?<\/strong><\/p>\n<\/div><\/div>\n\n\n\n<div class=\"wp-block-uagb-container uagb-block-4ed2f70d alignfull uagb-is-root-container\"><div class=\"uagb-container-inner-blocks-wrap\">\n<figure class=\"wp-block-image size-full is-resized\"><img fetchpriority=\"high\" decoding=\"async\" width=\"736\" height=\"414\" src=\"https:\/\/ufec-mundial.com\/wp-content\/uploads\/2024\/07\/7ef8dfc8471d1481b1a578e723d75237.jpg\" alt=\"\" class=\"wp-image-3983\" style=\"width:489px;height:auto\" srcset=\"https:\/\/nuevo-renacer.com\/wp-content\/uploads\/2024\/07\/7ef8dfc8471d1481b1a578e723d75237.jpg 736w, https:\/\/nuevo-renacer.com\/wp-content\/uploads\/2024\/07\/7ef8dfc8471d1481b1a578e723d75237-300x169.jpg 300w, https:\/\/nuevo-renacer.com\/wp-content\/uploads\/2024\/07\/7ef8dfc8471d1481b1a578e723d75237-18x10.jpg 18w\" sizes=\"(max-width: 736px) 100vw, 736px\" \/><\/figure>\n<\/div><\/div>\n\n\n\n<div class=\"wp-block-uagb-container uagb-block-d0588c2a alignfull uagb-is-root-container\"><div class=\"uagb-container-inner-blocks-wrap\">\n<p class=\"has-black-color has-text-color has-link-color has-small-font-size wp-elements-ee3da2df5ddcef638fd6035cc9b1ad7a\">\u041c\u044b \u043d\u0435 \u043f\u043e\u043c\u043d\u0438\u043c \u043f\u0440\u043e\u0448\u043b\u044b\u0445 \u0436\u0438\u0437\u043d\u0435\u0439, \u0438 \u0432 \u044d\u0442\u043e\u043c \u0437\u0430\u043a\u043b\u044e\u0447\u0430\u0435\u0442\u0441\u044f \u043c\u0443\u0434\u0440\u043e\u0441\u0442\u044c \u0411\u043e\u0433\u0430. \u0415\u0441\u043b\u0438 \u0431\u044b \u043c\u044b \u043f\u043e\u043c\u043d\u0438\u043b\u0438 \u0437\u043b\u043e, \u043a\u043e\u0442\u043e\u0440\u043e\u0435 \u043c\u044b \u043f\u0440\u0438\u0447\u0438\u043d\u0438\u043b\u0438 \u0434\u0440\u0443\u0433\u0438\u043c, \u0438\u043b\u0438 \u0441\u0442\u0440\u0430\u0434\u0430\u043d\u0438\u044f, \u0447\u0435\u0440\u0435\u0437 \u043a\u043e\u0442\u043e\u0440\u044b\u0435 \u043c\u044b \u043f\u0440\u043e\u0448\u043b\u0438, \u0432\u0440\u0430\u0433\u043e\u0432, \u043a\u043e\u0442\u043e\u0440\u044b\u0435 \u043f\u0440\u0438\u0447\u0438\u043d\u0438\u043b\u0438 \u043d\u0430\u043c \u0432\u0440\u0435\u0434 \u0438\u043b\u0438 \u043a\u043e\u0442\u043e\u0440\u044b\u043c \u043c\u044b \u043f\u0440\u0438\u0447\u0438\u043d\u0438\u043b\u0438 \u0432\u0440\u0435\u0434, \u0441\u0435\u0433\u043e\u0434\u043d\u044f \u043c\u044b \u043d\u0435 \u0441\u043c\u043e\u0433\u043b\u0438 \u0431\u044b \u0436\u0438\u0442\u044c \u0441\u0440\u0435\u0434\u0438 \u043d\u0438\u0445. \u041f\u043e\u0442\u043e\u043c\u0443 \u0447\u0442\u043e \u0447\u0430\u0441\u0442\u043e \u0432\u0440\u0430\u0433\u0430\u043c\u0438 \u043f\u0440\u043e\u0448\u043b\u043e\u0433\u043e \u0441\u0435\u0433\u043e\u0434\u043d\u044f \u044f\u0432\u043b\u044f\u044e\u0442\u0441\u044f \u043d\u0430\u0448\u0438 \u0434\u0435\u0442\u0438, \u043d\u0430\u0448\u0438 \u0431\u0440\u0430\u0442\u044c\u044f, \u043d\u0430\u0448\u0438 \u0440\u043e\u0434\u0438\u0442\u0435\u043b\u0438, \u043d\u0430\u0448\u0438 \u0434\u0440\u0443\u0437\u044c\u044f, \u043a\u043e\u0442\u043e\u0440\u044b\u0435 \u0441\u0435\u0439\u0447\u0430\u0441 \u0441 \u043d\u0430\u043c\u0438, \u0447\u0442\u043e\u0431\u044b \u043f\u0440\u0438\u043c\u0438\u0440\u0438\u0442\u044c\u0441\u044f \u0441 \u043d\u0430\u043c\u0438.<\/p>\n\n\n\n<p class=\"has-black-color has-text-color has-link-color has-small-font-size wp-elements-d6bd17873322338018e2d6a23e59eb21\">\u0412\u043e\u0442 \u043f\u043e\u0447\u0435\u043c\u0443 \u0441\u0443\u0449\u0435\u0441\u0442\u0432\u0443\u0435\u0442 \u0440\u0435\u0438\u043d\u043a\u0430\u0440\u043d\u0430\u0446\u0438\u044f. \u041a\u043e\u043d\u0435\u0447\u043d\u043e, \u0441\u0435\u0433\u043e\u0434\u043d\u044f \u043c\u044b \u0438\u0441\u043f\u0440\u0430\u0432\u043b\u044f\u0435\u043c \u043e\u0448\u0438\u0431\u043a\u0438, \u043a\u043e\u0442\u043e\u0440\u044b\u0435 \u043c\u044b \u0441\u043e\u0432\u0435\u0440\u0448\u0438\u043b\u0438 \u043f\u043e \u043e\u0442\u043d\u043e\u0448\u0435\u043d\u0438\u044e \u043a \u043a\u043e\u043c\u0443-\u0442\u043e, \u0441\u0442\u0440\u0430\u0434\u0430\u0435\u043c \u043e\u0442 \u043f\u043e\u0441\u043b\u0435\u0434\u0441\u0442\u0432\u0438\u0439 \u0441\u043e\u0432\u0435\u0440\u0448\u0435\u043d\u043d\u044b\u0445 \u043f\u0440\u0435\u0441\u0442\u0443\u043f\u043b\u0435\u043d\u0438\u0439 \u0438\u043b\u0438 \u0434\u0430\u0436\u0435 \u043f\u043e\u043b\u0443\u0447\u0430\u0435\u043c \u043f\u043e\u0434\u0434\u0435\u0440\u0436\u043a\u0443 \u043e\u0442 \u0442\u0435\u0445, \u043a\u0442\u043e \u043f\u0440\u0438\u0447\u0438\u043d\u044f\u043b \u043d\u0430\u043c \u0432\u0440\u0435\u0434 \u0432 \u043f\u0440\u043e\u0448\u043b\u043e\u043c. \u041e\u0442\u0441\u044e\u0434\u0430 \u0432\u0430\u0436\u043d\u043e\u0441\u0442\u044c \u0441\u0435\u043c\u044c\u0438, \u0433\u0434\u0435 \u0447\u0430\u0441\u0442\u043e \u0432\u043e\u0437\u043e\u0431\u043d\u043e\u0432\u043b\u044f\u044e\u0442\u0441\u044f \u0441\u0432\u044f\u0437\u0438, \u0440\u0430\u0437\u043e\u0440\u0432\u0430\u043d\u043d\u044b\u0435 \u0432 \u043f\u0440\u0435\u0434\u044b\u0434\u0443\u0449\u0438\u0445 \u0436\u0438\u0437\u043d\u044f\u0445.<\/p>\n\n\n\n<p class=\"has-black-color has-text-color has-link-color has-small-font-size wp-elements-878223caa3dcdb46ca47601ba18c156c\">\u0422\u0430\u043a\u0438\u043c \u043e\u0431\u0440\u0430\u0437\u043e\u043c, \u0440\u0435\u0438\u043d\u043a\u0430\u0440\u043d\u0430\u0446\u0438\u044f - \u044d\u0442\u043e \u0432\u043e\u0437\u043c\u043e\u0436\u043d\u043e\u0441\u0442\u044c \u0438\u0441\u043f\u0440\u0430\u0432\u0438\u0442\u044c \u043e\u0448\u0438\u0431\u043a\u0438, \u0430 \u0442\u0430\u043a\u0436\u0435 \u0440\u0430\u0431\u043e\u0442\u0430\u0442\u044c \u043d\u0430 \u0431\u043b\u0430\u0433\u043e \u0434\u0440\u0443\u0433\u0438\u0445 \u0438 \u0443\u0441\u043a\u043e\u0440\u0438\u0442\u044c \u043d\u0430\u0448\u0435 \u0434\u0443\u0445\u043e\u0432\u043d\u043e\u0435 \u0440\u0430\u0437\u0432\u0438\u0442\u0438\u0435. \u041a\u043e\u0433\u0434\u0430 \u043c\u044b \u043f\u0435\u0440\u0435\u0432\u043e\u043f\u043b\u043e\u0449\u0430\u0435\u043c\u0441\u044f, \u043c\u044b \u043f\u0440\u0438\u043d\u043e\u0441\u0438\u043c \u0441 \u0441\u043e\u0431\u043e\u0439 \u00ab\u0436\u0438\u0437\u043d\u0435\u043d\u043d\u044b\u0439 \u043f\u043b\u0430\u043d\u00bb, \u043f\u0440\u0438\u0432\u0435\u0440\u0436\u0435\u043d\u043d\u043e\u0441\u0442\u044c \u0434\u0443\u0445\u043e\u0432\u043d\u043e\u0441\u0442\u0438 \u0438 \u0441\u0430\u043c\u0438\u043c \u0441\u0435\u0431\u0435, \u0441\u0432\u044f\u0437\u0430\u043d\u043d\u044b\u0435 \u0441 \u0438\u0441\u043f\u0440\u0430\u0432\u043b\u0435\u043d\u0438\u0435\u043c \u0434\u043e\u043f\u0443\u0449\u0435\u043d\u043d\u044b\u0445 \u043e\u0448\u0438\u0431\u043e\u043a \u0438 \u0441\u043e\u0432\u0435\u0440\u0448\u0435\u043d\u0438\u0435\u043c \u043a\u0430\u043a \u043c\u043e\u0436\u043d\u043e \u0431\u043e\u043b\u044c\u0448\u0435\u0433\u043e \u0434\u043e\u0431\u0440\u0430.<\/p>\n\n\n\n<p class=\"has-black-color has-text-color has-link-color has-small-font-size wp-elements-47ea142ebb6f99a34d719d3f66e00e67\">\u201c\u041a\u043e\u0433\u0434\u0430 \u0438\u0441\u043f\u044b\u0442\u0430\u043d\u0438\u044f \u043e\u0431\u0440\u0443\u0448\u0430\u0442\u0441\u044f \u043d\u0430 \u0442\u0435\u0431\u044f, \u043f\u0443\u0441\u0442\u044c \u0411\u043e\u0433 \u0434\u0430\u0441\u0442 \u0442\u0435\u0431\u0435 \u043c\u0438\u0440. \u041a\u043e\u0433\u0434\u0430 \u0442\u0435\u0431\u044f \u043e\u0434\u043e\u043b\u0435\u0432\u0430\u0435\u0442 \u0443\u0441\u0442\u0430\u043b\u043e\u0441\u0442\u044c, \u0434\u0430 \u0445\u0440\u0430\u043d\u0438\u0442 \u0442\u0435\u0431\u044f \u0411\u043e\u0433 \u0432 \u043f\u043e\u043a\u043e\u0435. \u041a\u043e\u0433\u0434\u0430 \u0443 \u0442\u0435\u0431\u044f \u043d\u0435\u0442 \u043d\u0430\u0434\u0435\u0436\u0434\u044b, \u043f\u0443\u0441\u0442\u044c \u0411\u043e\u0433 \u0434\u0430\u0441\u0442 \u0442\u0435\u0431\u0435 \u043c\u0438\u0440. \u041a\u043e\u0433\u0434\u0430 \u043a\u0442\u043e-\u0442\u043e \u043e\u0441\u043a\u043e\u0440\u0431\u043b\u044f\u0435\u0442 \u0438\u043b\u0438 \u043f\u0440\u0438\u0447\u0438\u043d\u044f\u0435\u0442 \u0432\u0430\u043c \u0431\u043e\u043b\u044c, \u043f\u0443\u0441\u0442\u044c \u0411\u043e\u0433 \u043e\u0431\u043d\u043e\u0432\u0438\u0442 \u0432\u0430\u0441 \u043c\u0438\u0440\u043e\u043c. \u041d\u0430\u0434 \u0442\u044c\u043c\u043e\u0439 \u043d\u043e\u0447\u0438 \u043f\u0443\u0441\u0442\u044c \u043d\u0435\u0431\u043e \u0441\u0438\u044f\u0435\u0442 \u0432 \u043c\u0438\u0440\u0435. \u041b\u044e\u0431\u0438, \u0441\u043b\u0443\u0436\u0438 \u0438 \u0434\u043e\u0432\u0435\u0440\u044f\u0439.\u201c<\/p>\n\n\n\n<p class=\"has-black-color has-text-color has-link-color has-small-font-size wp-elements-c111c422733b8bbfd19dfef998ada031\">\u0414\u0430 \u0445\u0440\u0430\u043d\u0438\u0442 \u0442\u0435\u0431\u044f \u0411\u043e\u0433 \u0432 \u043c\u0438\u0440\u0435.<\/p>\n\n\n\n<p class=\"has-black-color has-text-color has-link-color has-small-font-size wp-elements-9b4d20ce254e201ba920d42ab0a116df\"><em>\u0414\u0443\u0445 \u042d\u043c\u0430\u043d\u0443\u044d\u043b\u044f<\/em><\/p>\n<\/div><\/div>","protected":false},"excerpt":{"rendered":"<p>\u00bfPor qu\u00e9 no recordamos nuestras vidas pasadas? No recordamos las vidas pasadas, y ah\u00ed reside la sabidur\u00eda de Dios. Si record\u00e1ramos el mal que hemos hecho a los dem\u00e1s, o el sufrimiento por el que hemos pasado, los enemigos que nos han hecho da\u00f1o o a los que hemos hecho da\u00f1o, hoy no podr\u00edamos vivir [&hellip;]<\/p>","protected":false},"author":1,"featured_media":3983,"parent":0,"menu_order":0,"comment_status":"closed","ping_status":"closed","template":"","meta":{"_uag_custom_page_level_css":"","site-sidebar-layout":"default","site-content-layout":"","ast-site-content-layout":"default","site-content-style":"default","site-sidebar-style":"default","ast-global-header-display":"","ast-banner-title-visibility":"","ast-main-header-display":"","ast-hfb-above-header-display":"","ast-hfb-below-header-display":"","ast-hfb-mobile-header-display":"","site-post-title":"","ast-breadcrumbs-content":"","ast-featured-img":"","footer-sml-layout":"","theme-transparent-header-meta":"","adv-header-id-meta":"","stick-header-meta":"","header-above-stick-meta":"","header-main-stick-meta":"","header-below-stick-meta":"","astra-migrate-meta-layouts":"set","ast-page-background-enabled":"default","ast-page-background-meta":{"desktop":{"background-color":"var(--ast-global-color-4)","background-image":"","background-repeat":"repeat","background-position":"center center","background-size":"auto","background-attachment":"scroll","background-type":"","background-media":"","overlay-type":"","overlay-color":"","overlay-opacity":"","overlay-gradient":""},"tablet":{"background-color":"","background-image":"","background-repeat":"repeat","background-position":"center center","background-size":"auto","background-attachment":"scroll","background-type":"","background-media":"","overlay-type":"","overlay-color":"","overlay-opacity":"","overlay-gradient":""},"mobile":{"background-color":"","background-image":"","background-repeat":"repeat","background-position":"center center","background-size":"auto","background-attachment":"scroll","background-type":"","background-media":"","overlay-type":"","overlay-color":"","overlay-opacity":"","overlay-gradient":""}},"ast-content-background-meta":{"desktop":{"background-color":"var(--ast-global-color-5)","background-image":"","background-repeat":"repeat","background-position":"center center","background-size":"auto","background-attachment":"scroll","background-type":"","background-media":"","overlay-type":"","overlay-color":"","overlay-opacity":"","overlay-gradient":""},"tablet":{"background-color":"var(--ast-global-color-5)","background-image":"","background-repeat":"repeat","background-position":"center center","background-size":"auto","background-attachment":"scroll","background-type":"","background-media":"","overlay-type":"","overlay-color":"","overlay-opacity":"","overlay-gradient":""},"mobile":{"background-color":"var(--ast-global-color-5)","background-image":"","background-repeat":"repeat","background-position":"center center","background-size":"auto","background-attachment":"scroll","background-type":"","background-media":"","overlay-type":"","overlay-color":"","overlay-opacity":"","overlay-gradient":""}},"footnotes":""},"class_list":["post-3980","page","type-page","status-publish","has-post-thumbnail","hentry"],"yoast_head":"<!-- This site is optimized with the Yoast SEO Premium plugin v24.2 (Yoast SEO v24.6) - https:\/\/yoast.com\/wordpress\/plugins\/seo\/ -->\n<title>\u00bfPor qu\u00e9 no recordamos nuestras vidas pasadas? - Uni\u00f3n Esp\u00edrita<\/title>\n<meta name=\"robots\" content=\"index, follow, max-snippet:-1, max-image-preview:large, max-video-preview:-1\" \/>\n<link rel=\"canonical\" href=\"https:\/\/nuevo-renacer.com\/ru\/por-que-no-recordamos-nuestras-vidas-pasadas\/\" \/>\n<meta property=\"og:locale\" content=\"ru_RU\" \/>\n<meta property=\"og:type\" content=\"article\" \/>\n<meta property=\"og:title\" content=\"\u00bfPor qu\u00e9 no recordamos nuestras vidas pasadas?\" \/>\n<meta property=\"og:description\" content=\"\u00bfPor qu\u00e9 no recordamos nuestras vidas pasadas? No recordamos las vidas pasadas, y ah\u00ed reside la sabidur\u00eda de Dios. Si record\u00e1ramos el mal que hemos hecho a los dem\u00e1s, o el sufrimiento por el que hemos pasado, los enemigos que nos han hecho da\u00f1o o a los que hemos hecho da\u00f1o, hoy no podr\u00edamos vivir [&hellip;]\" \/>\n<meta property=\"og:url\" content=\"https:\/\/nuevo-renacer.com\/ru\/por-que-no-recordamos-nuestras-vidas-pasadas\/\" \/>\n<meta property=\"og:site_name\" content=\"Uni\u00f3n Esp\u00edrita\" \/>\n<meta property=\"article:publisher\" content=\"https:\/\/www.facebook.com\/groups\/3431398063740829\" \/>\n<meta property=\"article:modified_time\" content=\"2024-07-18T06:15:53+00:00\" \/>\n<meta property=\"og:image\" content=\"https:\/\/nuevo-renacer.com\/wp-content\/uploads\/2024\/07\/7ef8dfc8471d1481b1a578e723d75237.jpg\" \/>\n\t<meta property=\"og:image:width\" content=\"736\" \/>\n\t<meta property=\"og:image:height\" content=\"414\" \/>\n\t<meta property=\"og:image:type\" content=\"image\/jpeg\" \/>\n<meta name=\"twitter:card\" content=\"summary_large_image\" \/>\n<meta name=\"twitter:label1\" content=\"\u041f\u0440\u0438\u043c\u0435\u0440\u043d\u043e\u0435 \u0432\u0440\u0435\u043c\u044f \u0434\u043b\u044f \u0447\u0442\u0435\u043d\u0438\u044f\" \/>\n\t<meta name=\"twitter:data1\" content=\"1 \u043c\u0438\u043d\u0443\u0442\u0430\" \/>\n<script type=\"application\/ld+json\" class=\"yoast-schema-graph\">{\"@context\":\"https:\/\/schema.org\",\"@graph\":[{\"@type\":\"WebPage\",\"@id\":\"https:\/\/nuevo-renacer.com\/por-que-no-recordamos-nuestras-vidas-pasadas\/\",\"url\":\"https:\/\/nuevo-renacer.com\/por-que-no-recordamos-nuestras-vidas-pasadas\/\",\"name\":\"\u00bfPor qu\u00e9 no recordamos nuestras vidas pasadas? - Uni\u00f3n Esp\u00edrita\",\"isPartOf\":{\"@id\":\"https:\/\/nuevo-renacer.com\/#website\"},\"primaryImageOfPage\":{\"@id\":\"https:\/\/nuevo-renacer.com\/por-que-no-recordamos-nuestras-vidas-pasadas\/#primaryimage\"},\"image\":{\"@id\":\"https:\/\/nuevo-renacer.com\/por-que-no-recordamos-nuestras-vidas-pasadas\/#primaryimage\"},\"thumbnailUrl\":\"https:\/\/nuevo-renacer.com\/wp-content\/uploads\/2024\/07\/7ef8dfc8471d1481b1a578e723d75237.jpg\",\"datePublished\":\"2024-07-18T06:14:01+00:00\",\"dateModified\":\"2024-07-18T06:15:53+00:00\",\"breadcrumb\":{\"@id\":\"https:\/\/nuevo-renacer.com\/por-que-no-recordamos-nuestras-vidas-pasadas\/#breadcrumb\"},\"inLanguage\":\"ru-RU\",\"potentialAction\":[{\"@type\":\"ReadAction\",\"target\":[\"https:\/\/nuevo-renacer.com\/por-que-no-recordamos-nuestras-vidas-pasadas\/\"]}]},{\"@type\":\"ImageObject\",\"inLanguage\":\"ru-RU\",\"@id\":\"https:\/\/nuevo-renacer.com\/por-que-no-recordamos-nuestras-vidas-pasadas\/#primaryimage\",\"url\":\"https:\/\/nuevo-renacer.com\/wp-content\/uploads\/2024\/07\/7ef8dfc8471d1481b1a578e723d75237.jpg\",\"contentUrl\":\"https:\/\/nuevo-renacer.com\/wp-content\/uploads\/2024\/07\/7ef8dfc8471d1481b1a578e723d75237.jpg\",\"width\":736,\"height\":414},{\"@type\":\"BreadcrumbList\",\"@id\":\"https:\/\/nuevo-renacer.com\/por-que-no-recordamos-nuestras-vidas-pasadas\/#breadcrumb\",\"itemListElement\":[{\"@type\":\"ListItem\",\"position\":1,\"name\":\"Startseite\",\"item\":\"https:\/\/nuevo-renacer.com\/\"},{\"@type\":\"ListItem\",\"position\":2,\"name\":\"\u00bfPor qu\u00e9 no recordamos nuestras vidas pasadas?\"}]},{\"@type\":\"WebSite\",\"@id\":\"https:\/\/nuevo-renacer.com\/#website\",\"url\":\"https:\/\/nuevo-renacer.com\/\",\"name\":\"Uni\u00f3n Esp\u00edrita\",\"description\":\"Nuevo Renacer\",\"publisher\":{\"@id\":\"https:\/\/nuevo-renacer.com\/#organization\"},\"potentialAction\":[{\"@type\":\"SearchAction\",\"target\":{\"@type\":\"EntryPoint\",\"urlTemplate\":\"https:\/\/nuevo-renacer.com\/?s={search_term_string}\"},\"query-input\":{\"@type\":\"PropertyValueSpecification\",\"valueRequired\":true,\"valueName\":\"search_term_string\"}}],\"inLanguage\":\"ru-RU\"},{\"@type\":\"Organization\",\"@id\":\"https:\/\/nuevo-renacer.com\/#organization\",\"name\":\"UFEC\",\"url\":\"https:\/\/nuevo-renacer.com\/\",\"logo\":{\"@type\":\"ImageObject\",\"inLanguage\":\"ru-RU\",\"@id\":\"https:\/\/nuevo-renacer.com\/#\/schema\/logo\/image\/\",\"url\":\"https:\/\/nuevo-renacer.com\/wp-content\/uploads\/2024\/05\/cropped-LOGO-TERMINADO1-3-3.png\",\"contentUrl\":\"https:\/\/nuevo-renacer.com\/wp-content\/uploads\/2024\/05\/cropped-LOGO-TERMINADO1-3-3.png\",\"width\":512,\"height\":512,\"caption\":\"UFEC\"},\"image\":{\"@id\":\"https:\/\/nuevo-renacer.com\/#\/schema\/logo\/image\/\"},\"sameAs\":[\"https:\/\/www.facebook.com\/groups\/3431398063740829\"]}]}<\/script>\n<!-- \/ Yoast SEO Premium plugin. -->","yoast_head_json":{"title":"\u00bfPor qu\u00e9 no recordamos nuestras vidas pasadas? - Uni\u00f3n Esp\u00edrita","robots":{"index":"index","follow":"follow","max-snippet":"max-snippet:-1","max-image-preview":"max-image-preview:large","max-video-preview":"max-video-preview:-1"},"canonical":"https:\/\/nuevo-renacer.com\/ru\/por-que-no-recordamos-nuestras-vidas-pasadas\/","og_locale":"ru_RU","og_type":"article","og_title":"\u00bfPor qu\u00e9 no recordamos nuestras vidas pasadas?","og_description":"\u00bfPor qu\u00e9 no recordamos nuestras vidas pasadas? No recordamos las vidas pasadas, y ah\u00ed reside la sabidur\u00eda de Dios. Si record\u00e1ramos el mal que hemos hecho a los dem\u00e1s, o el sufrimiento por el que hemos pasado, los enemigos que nos han hecho da\u00f1o o a los que hemos hecho da\u00f1o, hoy no podr\u00edamos vivir [&hellip;]","og_url":"https:\/\/nuevo-renacer.com\/ru\/por-que-no-recordamos-nuestras-vidas-pasadas\/","og_site_name":"Uni\u00f3n Esp\u00edrita","article_publisher":"https:\/\/www.facebook.com\/groups\/3431398063740829","article_modified_time":"2024-07-18T06:15:53+00:00","og_image":[{"width":736,"height":414,"url":"https:\/\/nuevo-renacer.com\/wp-content\/uploads\/2024\/07\/7ef8dfc8471d1481b1a578e723d75237.jpg","type":"image\/jpeg"}],"twitter_card":"summary_large_image","twitter_misc":{"\u041f\u0440\u0438\u043c\u0435\u0440\u043d\u043e\u0435 \u0432\u0440\u0435\u043c\u044f \u0434\u043b\u044f \u0447\u0442\u0435\u043d\u0438\u044f":"1 \u043c\u0438\u043d\u0443\u0442\u0430"},"schema":{"@context":"https:\/\/schema.org","@graph":[{"@type":"WebPage","@id":"https:\/\/nuevo-renacer.com\/por-que-no-recordamos-nuestras-vidas-pasadas\/","url":"https:\/\/nuevo-renacer.com\/por-que-no-recordamos-nuestras-vidas-pasadas\/","name":"\u00bfPor qu\u00e9 no recordamos nuestras vidas pasadas? - Uni\u00f3n Esp\u00edrita","isPartOf":{"@id":"https:\/\/nuevo-renacer.com\/#website"},"primaryImageOfPage":{"@id":"https:\/\/nuevo-renacer.com\/por-que-no-recordamos-nuestras-vidas-pasadas\/#primaryimage"},"image":{"@id":"https:\/\/nuevo-renacer.com\/por-que-no-recordamos-nuestras-vidas-pasadas\/#primaryimage"},"thumbnailUrl":"https:\/\/nuevo-renacer.com\/wp-content\/uploads\/2024\/07\/7ef8dfc8471d1481b1a578e723d75237.jpg","datePublished":"2024-07-18T06:14:01+00:00","dateModified":"2024-07-18T06:15:53+00:00","breadcrumb":{"@id":"https:\/\/nuevo-renacer.com\/por-que-no-recordamos-nuestras-vidas-pasadas\/#breadcrumb"},"inLanguage":"ru-RU","potentialAction":[{"@type":"ReadAction","target":["https:\/\/nuevo-renacer.com\/por-que-no-recordamos-nuestras-vidas-pasadas\/"]}]},{"@type":"ImageObject","inLanguage":"ru-RU","@id":"https:\/\/nuevo-renacer.com\/por-que-no-recordamos-nuestras-vidas-pasadas\/#primaryimage","url":"https:\/\/nuevo-renacer.com\/wp-content\/uploads\/2024\/07\/7ef8dfc8471d1481b1a578e723d75237.jpg","contentUrl":"https:\/\/nuevo-renacer.com\/wp-content\/uploads\/2024\/07\/7ef8dfc8471d1481b1a578e723d75237.jpg","width":736,"height":414},{"@type":"BreadcrumbList","@id":"https:\/\/nuevo-renacer.com\/por-que-no-recordamos-nuestras-vidas-pasadas\/#breadcrumb","itemListElement":[{"@type":"ListItem","position":1,"name":"Startseite","item":"https:\/\/nuevo-renacer.com\/"},{"@type":"ListItem","position":2,"name":"\u00bfPor qu\u00e9 no recordamos nuestras vidas pasadas?"}]},{"@type":"WebSite","@id":"https:\/\/nuevo-renacer.com\/#website","url":"https:\/\/nuevo-renacer.com\/","name":"Uni\u00f3n Esp\u00edrita","description":"Nuevo Renacer","publisher":{"@id":"https:\/\/nuevo-renacer.com\/#organization"},"potentialAction":[{"@type":"SearchAction","target":{"@type":"EntryPoint","urlTemplate":"https:\/\/nuevo-renacer.com\/?s={search_term_string}"},"query-input":{"@type":"PropertyValueSpecification","valueRequired":true,"valueName":"search_term_string"}}],"inLanguage":"ru-RU"},{"@type":"Organization","@id":"https:\/\/nuevo-renacer.com\/#organization","name":"UFEC","url":"https:\/\/nuevo-renacer.com\/","logo":{"@type":"ImageObject","inLanguage":"ru-RU","@id":"https:\/\/nuevo-renacer.com\/#\/schema\/logo\/image\/","url":"https:\/\/nuevo-renacer.com\/wp-content\/uploads\/2024\/05\/cropped-LOGO-TERMINADO1-3-3.png","contentUrl":"https:\/\/nuevo-renacer.com\/wp-content\/uploads\/2024\/05\/cropped-LOGO-TERMINADO1-3-3.png","width":512,"height":512,"caption":"UFEC"},"image":{"@id":"https:\/\/nuevo-renacer.com\/#\/schema\/logo\/image\/"},"sameAs":["https:\/\/www.facebook.com\/groups\/3431398063740829"]}]}},"uagb_featured_image_src":{"full":["https:\/\/nuevo-renacer.com\/wp-content\/uploads\/2024\/07\/7ef8dfc8471d1481b1a578e723d75237.jpg",736,414,false],"thumbnail":["https:\/\/nuevo-renacer.com\/wp-content\/uploads\/2024\/07\/7ef8dfc8471d1481b1a578e723d75237-150x150.jpg",150,150,true],"medium":["https:\/\/nuevo-renacer.com\/wp-content\/uploads\/2024\/07\/7ef8dfc8471d1481b1a578e723d75237-300x169.jpg",300,169,true],"medium_large":["https:\/\/nuevo-renacer.com\/wp-content\/uploads\/2024\/07\/7ef8dfc8471d1481b1a578e723d75237.jpg",736,414,false],"large":["https:\/\/nuevo-renacer.com\/wp-content\/uploads\/2024\/07\/7ef8dfc8471d1481b1a578e723d75237.jpg",736,414,false],"1536x1536":["https:\/\/nuevo-renacer.com\/wp-content\/uploads\/2024\/07\/7ef8dfc8471d1481b1a578e723d75237.jpg",736,414,false],"2048x2048":["https:\/\/nuevo-renacer.com\/wp-content\/uploads\/2024\/07\/7ef8dfc8471d1481b1a578e723d75237.jpg",736,414,false],"trp-custom-language-flag":["https:\/\/nuevo-renacer.com\/wp-content\/uploads\/2024\/07\/7ef8dfc8471d1481b1a578e723d75237-18x10.jpg",18,10,true]},"uagb_author_info":{"display_name":"adbv0","author_link":"https:\/\/nuevo-renacer.com\/ru\/author\/adbv0\/"},"uagb_comment_info":0,"uagb_excerpt":"\u00bfPor qu\u00e9 no recordamos nuestras vidas pasadas? No recordamos las vidas pasadas, y ah\u00ed reside la sabidur\u00eda de Dios. Si record\u00e1ramos el mal que hemos hecho a los dem\u00e1s, o el sufrimiento por el que hemos pasado, los enemigos que nos han hecho da\u00f1o o a los que hemos hecho da\u00f1o, hoy no podr\u00edamos vivir&hellip;","jetpack_sharing_enabled":true,"_links":{"self":[{"href":"https:\/\/nuevo-renacer.com\/ru\/wp-json\/wp\/v2\/pages\/3980","targetHints":{"allow":["GET"]}}],"collection":[{"href":"https:\/\/nuevo-renacer.com\/ru\/wp-json\/wp\/v2\/pages"}],"about":[{"href":"https:\/\/nuevo-renacer.com\/ru\/wp-json\/wp\/v2\/types\/page"}],"author":[{"embeddable":true,"href":"https:\/\/nuevo-renacer.com\/ru\/wp-json\/wp\/v2\/users\/1"}],"replies":[{"embeddable":true,"href":"https:\/\/nuevo-renacer.com\/ru\/wp-json\/wp\/v2\/comments?post=3980"}],"version-history":[{"count":3,"href":"https:\/\/nuevo-renacer.com\/ru\/wp-json\/wp\/v2\/pages\/3980\/revisions"}],"predecessor-version":[{"id":3985,"href":"https:\/\/nuevo-renacer.com\/ru\/wp-json\/wp\/v2\/pages\/3980\/revisions\/3985"}],"wp:featuredmedia":[{"embeddable":true,"href":"https:\/\/nuevo-renacer.com\/ru\/wp-json\/wp\/v2\/media\/3983"}],"wp:attachment":[{"href":"https:\/\/nuevo-renacer.com\/ru\/wp-json\/wp\/v2\/media?parent=3980"}],"curies":[{"name":"wp","href":"https:\/\/api.w.org\/{rel}","templated":true}]}}