{"id":3955,"date":"2024-07-17T09:45:22","date_gmt":"2024-07-17T09:45:22","guid":{"rendered":"https:\/\/ufec-mundial.com\/?page_id=3955"},"modified":"2025-01-03T13:17:28","modified_gmt":"2025-01-03T13:17:28","slug":"rufina-noeggerath","status":"publish","type":"page","link":"https:\/\/nuevo-renacer.com\/ru\/rufina-noeggerath\/","title":{"rendered":"Rufina Noeggerath"},"content":{"rendered":"<div class=\"wp-block-uagb-container uagb-block-b473ac0a alignfull uagb-is-root-container\"><div class=\"uagb-container-inner-blocks-wrap\">\n<p class=\"has-black-color has-text-color has-link-color has-medium-font-size wp-elements-9ee01b450ef5c565f987446f7276bd8b\"><strong>Rufina Noeggerath (\u0414\u043e\u0431\u0440\u0430\u044f \u043c\u0430\u0442\u044c)<\/strong><\/p>\n<\/div><\/div>\n\n\n\n<div class=\"wp-block-uagb-container uagb-block-b913fdef alignfull uagb-is-root-container\"><div class=\"uagb-container-inner-blocks-wrap\">\n<figure class=\"wp-block-image size-full is-resized\"><img fetchpriority=\"high\" decoding=\"async\" width=\"640\" height=\"735\" src=\"https:\/\/ufec-mundial.com\/wp-content\/uploads\/2024\/07\/Rufina_Noeggerath.tif.png\" alt=\"\" class=\"wp-image-3957\" style=\"width:317px;height:auto\" srcset=\"https:\/\/nuevo-renacer.com\/wp-content\/uploads\/2024\/07\/Rufina_Noeggerath.tif.png 640w, https:\/\/nuevo-renacer.com\/wp-content\/uploads\/2024\/07\/Rufina_Noeggerath.tif-261x300.png 261w, https:\/\/nuevo-renacer.com\/wp-content\/uploads\/2024\/07\/Rufina_Noeggerath.tif-10x12.png 10w\" sizes=\"(max-width: 640px) 100vw, 640px\" \/><\/figure>\n<\/div><\/div>\n\n\n\n<div class=\"wp-block-uagb-container uagb-block-e5636570 alignfull uagb-is-root-container\"><div class=\"uagb-container-inner-blocks-wrap\">\n<p class=\"has-black-color has-text-color has-link-color has-small-font-size wp-elements-13e58ce6d1f5f1f04d047c71090affb3\">\u0420\u0443\u0444\u0438\u043d\u0430 \u041d\u043e\u0433\u0433\u0435\u0440\u0430\u0442 \u0440\u043e\u0434\u0438\u043b\u0430\u0441\u044c \u0432 \u0411\u0440\u044e\u0441\u0441\u0435\u043b\u0435 10 \u043e\u043a\u0442\u044f\u0431\u0440\u044f 1821 \u0433\u043e\u0434\u0430.<\/p>\n\n\n\n<p class=\"has-black-color has-text-color has-link-color has-small-font-size wp-elements-9b0786dbb68f643d6186bb65c496ec16\">\u041e\u043d\u0430 \u0431\u044b\u043b\u0430 \u0437\u0430\u043c\u0443\u0436\u0435\u043c \u0437\u0430 \u0432\u0440\u0430\u0447\u043e\u043c \u0438 \u0433\u0438\u043f\u043d\u043e\u0442\u0438\u0437\u0435\u0440\u043e\u043c, \u0438 \u043f\u0440\u0435\u0434\u043f\u043e\u043b\u0430\u0433\u0430\u0435\u0442\u0441\u044f, \u0447\u0442\u043e \u043e\u043d \u043f\u043e\u0437\u043d\u0430\u043a\u043e\u043c\u0438\u043b \u0435\u0435 \u0441 \u043f\u043e\u0437\u043d\u0430\u043d\u0438\u0435\u043c \u0436\u0438\u0432\u043e\u0442\u043d\u043e\u0433\u043e \u043c\u0430\u0433\u043d\u0435\u0442\u0438\u0437\u043c\u0430 \u0438 \u043c\u0430\u0433\u043d\u0438\u0442\u043d\u043e\u0433\u043e \u043b\u0443\u043d\u0430\u0442\u0438\u0437\u043c\u0430. \u041f\u043e\u0441\u043b\u0435 \u0441\u043c\u0435\u0440\u0442\u0438 \u043c\u0443\u0436\u0430 \u0432 1852 \u0433\u043e\u0434\u0443 \u043e\u043d\u0430 \u043f\u043e\u043f\u044b\u0442\u0430\u043b\u0430\u0441\u044c \u0441\u0432\u044f\u0437\u0430\u0442\u044c\u0441\u044f \u0441 \u043d\u0438\u043c, \u0447\u0442\u043e \u043f\u0440\u0438\u0432\u0435\u043b\u043e \u0435\u0435 \u043a \u0441\u043f\u0438\u0440\u0438\u0442\u0438\u0437\u043c\u0443 \u0432 \u043a\u043e\u043d\u0446\u0435 \u0412\u0442\u043e\u0440\u043e\u0439 \u0438\u043c\u043f\u0435\u0440\u0438\u0438 (\u0438\u0441\u0442\u043e\u0440\u0438\u0447\u0435\u0441\u043a\u0438\u0439 \u043f\u0435\u0440\u0438\u043e\u0434 \u0441 1852 \u043f\u043e 1870 \u0433\u043e\u0434). \u041f\u043e\u043c\u0438\u043c\u043e \u044d\u0442\u043e\u0439 \u043c\u043e\u0442\u0438\u0432\u0430\u0446\u0438\u0438, \u043e\u043d \u0431\u044b\u043b \u0437\u0430\u0438\u043d\u0442\u0435\u0440\u0435\u0441\u043e\u0432\u0430\u043d \u0432 \u0434\u0435\u043c\u043e\u043d\u0441\u0442\u0440\u0430\u0446\u0438\u0438 \u0432\u044b\u0436\u0438\u0432\u0430\u043d\u0438\u044f \u043f\u043e\u0441\u043b\u0435 \u0441\u043c\u0435\u0440\u0442\u0438, \u0441\u043b\u0435\u0434\u0443\u044f \u043d\u0430\u0443\u0447\u043d\u043e\u043c\u0443 \u043f\u043e\u0434\u0445\u043e\u0434\u0443.<\/p>\n\n\n\n<p class=\"has-black-color has-text-color has-link-color has-small-font-size wp-elements-291255564b19fcc12288d44d0b808d9b\">\u041a\u0430\u043a \u043c\u0435\u0434\u0438\u0443\u043c, \u043e\u043d \u043e\u0441\u043d\u043e\u0432\u0430\u043b \u0441\u0432\u043e\u044e \u0441\u043e\u0431\u0441\u0442\u0432\u0435\u043d\u043d\u0443\u044e \u0441\u043f\u0438\u0440\u0438\u0442\u0438\u0447\u0435\u0441\u043a\u0443\u044e \u0433\u0440\u0443\u043f\u043f\u0443, \u043a\u043e\u0442\u043e\u0440\u0430\u044f \u0441\u043e\u0431\u0438\u0440\u0430\u043b\u0430\u0441\u044c \u043a\u0430\u0436\u0434\u0443\u044e \u0441\u0440\u0435\u0434\u0443 \u0438 \u0432 \u043a\u043e\u0442\u043e\u0440\u043e\u0439 \u0430\u043a\u0442\u0438\u0432\u043d\u043e \u0443\u0447\u0430\u0441\u0442\u0432\u043e\u0432\u0430\u043b\u0438 \u0432\u0435\u043b\u0438\u043a\u0438\u0435 \u0434\u0435\u044f\u0442\u0435\u043b\u0438 \u0438\u0441\u043a\u0443\u0441\u0441\u0442\u0432\u0430 \u0438 \u043b\u0438\u0442\u0435\u0440\u0430\u0442\u0443\u0440\u044b \u0424\u0440\u0430\u043d\u0446\u0438\u0438 \u0442\u043e\u0433\u043e \u0432\u0440\u0435\u043c\u0435\u043d\u0438 \u0438\u043b\u0438 \u0431\u043b\u0438\u0436\u0430\u0439\u0448\u0438\u0435 \u043f\u043e\u0441\u043b\u0435\u0434\u043e\u0432\u0430\u0442\u0435\u043b\u0438 \u0441\u043f\u0438\u0440\u0438\u0442\u0438\u0437\u043c\u0430. \u0415\u0433\u043e \u0433\u043b\u0430\u0432\u043d\u0430\u044f \u0446\u0435\u043b\u044c \u0441\u043e\u0441\u0442\u043e\u044f\u043b\u0430 \u0432 \u0442\u043e\u043c, \u0447\u0442\u043e\u0431\u044b \u043f\u043e\u043c\u043e\u0447\u044c \u0432\u0441\u0435\u043c \u0442\u0435\u043c, \u043a\u0442\u043e \u0445\u043e\u0442\u0435\u043b \u0431\u044b \u0433\u043b\u0443\u0431\u0436\u0435 \u043f\u043e\u0433\u0440\u0443\u0437\u0438\u0442\u044c\u0441\u044f \u0432 \u0441\u0432\u043e\u044e \u0441\u0442\u0440\u0430\u0441\u0442\u044c \u043a \u0441\u043f\u0438\u0440\u0438\u0442\u0438\u0447\u0435\u0441\u043a\u0438\u043c \u043d\u0430\u0443\u043a\u0430\u043c. \u0415\u0435 \u043c\u043e\u0440\u0430\u043b\u044c\u043d\u044b\u0435 \u043a\u0430\u0447\u0435\u0441\u0442\u0432\u0430, \u043f\u0440\u0438\u0440\u043e\u0434\u043d\u0430\u044f \u0434\u043e\u0431\u0440\u043e\u0442\u0430 \u0438 \u043d\u0435\u0438\u0441\u0441\u044f\u043a\u0430\u0435\u043c\u043e\u0435 \u043c\u0438\u043b\u043e\u0441\u0435\u0440\u0434\u0438\u0435 \u043f\u0440\u0438\u043d\u0435\u0441\u043b\u0438 \u0435\u0439 \u043f\u0440\u043e\u0437\u0432\u0438\u0449\u0435 Bonne Maman (\u0425\u043e\u0440\u043e\u0448\u0430\u044f \u043c\u0430\u0442\u044c).<\/p>\n\n\n\n<p class=\"has-black-color has-text-color has-link-color has-small-font-size wp-elements-aae25a023e01a67a46e43a48b7d0ad5e\">\u0412 1897 \u0433\u043e\u0434\u0443, \u0432 \u0432\u043e\u0437\u0440\u0430\u0441\u0442\u0435 76 \u043b\u0435\u0442, \u043e\u043d \u043e\u043f\u0443\u0431\u043b\u0438\u043a\u043e\u0432\u0430\u043b \u0441\u0432\u043e\u0439 \u0433\u043b\u0430\u0432\u043d\u044b\u0439 \u0441\u043f\u0438\u0440\u0438\u0442\u0438\u0447\u0435\u0441\u043a\u0438\u0439 \u0442\u0440\u0443\u0434 (&#034;\u0412\u044b\u0436\u0438\u0432\u0430\u043d\u0438\u0435&#034;) \u0441 \u043f\u0440\u0435\u0434\u0438\u0441\u043b\u043e\u0432\u0438\u0435\u043c \u041a\u0430\u043c\u0438\u043b\u043b\u044b \u0424\u043b\u0430\u043c\u043c\u0430\u0440\u0438\u043e\u043d.<\/p>\n\n\n\n<p class=\"has-black-color has-text-color has-link-color has-small-font-size wp-elements-0d0ac9360708aebd41c61b94a15cc9e3\">\u0420\u0443\u0444\u0438\u043d\u0430 \u041d\u043e\u0433\u0433\u0435\u0440\u0430\u0442 \u0443\u043c\u0435\u0440\u043b\u0430 \u0432 1908 \u0433\u043e\u0434\u0443 \u0432 \u0432\u043e\u0437\u0440\u0430\u0441\u0442\u0435 87 \u043b\u0435\u0442. \u0415\u0433\u043e \u043c\u043e\u0433\u0438\u043b\u0430 \u043d\u0430\u0445\u043e\u0434\u0438\u0442\u0441\u044f \u0432 \u041f\u0435\u0440-\u041b\u0430\u0448\u0435\u0437 \u0432 \u041f\u0430\u0440\u0438\u0436\u0435 (\u0424\u0440\u0430\u043d\u0446\u0438\u044f).<\/p>\n<\/div><\/div>\n\n\n\n<div class=\"wp-block-uagb-container uagb-block-4b2c605c alignfull uagb-is-root-container\"><div class=\"uagb-container-inner-blocks-wrap\"><\/div><\/div>\n\n\n\n<div class=\"wp-block-uagb-container uagb-block-3165ec87 alignfull uagb-is-root-container\"><div class=\"uagb-container-inner-blocks-wrap\"><\/div><\/div>","protected":false},"excerpt":{"rendered":"<p>Rufina Noeggerath (Buena Madre) Rufina Noeggerath naci\u00f3 en Bruselas el 10 de octubre de 1821. Estaba casada con un m\u00e9dico e hipnotizador y se supone que \u00e9l la inici\u00f3 en el conocimiento del magnetismo animal y el sonambulismo magn\u00e9tico. A la muerte de su marido, en 1852, intent\u00f3 comunicarse con \u00e9l, lo que la condujo [&hellip;]<\/p>","protected":false},"author":1,"featured_media":3957,"parent":0,"menu_order":0,"comment_status":"closed","ping_status":"closed","template":"","meta":{"_uag_custom_page_level_css":"","site-sidebar-layout":"default","site-content-layout":"","ast-site-content-layout":"default","site-content-style":"default","site-sidebar-style":"default","ast-global-header-display":"","ast-banner-title-visibility":"","ast-main-header-display":"","ast-hfb-above-header-display":"","ast-hfb-below-header-display":"","ast-hfb-mobile-header-display":"","site-post-title":"","ast-breadcrumbs-content":"","ast-featured-img":"","footer-sml-layout":"","theme-transparent-header-meta":"","adv-header-id-meta":"","stick-header-meta":"","header-above-stick-meta":"","header-main-stick-meta":"","header-below-stick-meta":"","astra-migrate-meta-layouts":"set","ast-page-background-enabled":"default","ast-page-background-meta":{"desktop":{"background-color":"var(--ast-global-color-4)","background-image":"","background-repeat":"repeat","background-position":"center center","background-size":"auto","background-attachment":"scroll","background-type":"","background-media":"","overlay-type":"","overlay-color":"","overlay-opacity":"","overlay-gradient":""},"tablet":{"background-color":"","background-image":"","background-repeat":"repeat","background-position":"center center","background-size":"auto","background-attachment":"scroll","background-type":"","background-media":"","overlay-type":"","overlay-color":"","overlay-opacity":"","overlay-gradient":""},"mobile":{"background-color":"","background-image":"","background-repeat":"repeat","background-position":"center center","background-size":"auto","background-attachment":"scroll","background-type":"","background-media":"","overlay-type":"","overlay-color":"","overlay-opacity":"","overlay-gradient":""}},"ast-content-background-meta":{"desktop":{"background-color":"var(--ast-global-color-5)","background-image":"","background-repeat":"repeat","background-position":"center center","background-size":"auto","background-attachment":"scroll","background-type":"","background-media":"","overlay-type":"","overlay-color":"","overlay-opacity":"","overlay-gradient":""},"tablet":{"background-color":"var(--ast-global-color-5)","background-image":"","background-repeat":"repeat","background-position":"center center","background-size":"auto","background-attachment":"scroll","background-type":"","background-media":"","overlay-type":"","overlay-color":"","overlay-opacity":"","overlay-gradient":""},"mobile":{"background-color":"var(--ast-global-color-5)","background-image":"","background-repeat":"repeat","background-position":"center center","background-size":"auto","background-attachment":"scroll","background-type":"","background-media":"","overlay-type":"","overlay-color":"","overlay-opacity":"","overlay-gradient":""}},"footnotes":""},"class_list":["post-3955","page","type-page","status-publish","has-post-thumbnail","hentry"],"yoast_head":"<!-- This site is optimized with the Yoast SEO Premium plugin v24.2 (Yoast SEO v24.6) - https:\/\/yoast.com\/wordpress\/plugins\/seo\/ -->\n<title>Rufina Noeggerath - Uni\u00f3n Esp\u00edrita<\/title>\n<meta name=\"robots\" content=\"index, follow, max-snippet:-1, max-image-preview:large, max-video-preview:-1\" \/>\n<link rel=\"canonical\" href=\"https:\/\/nuevo-renacer.com\/ru\/rufina-noeggerath\/\" \/>\n<meta property=\"og:locale\" content=\"ru_RU\" \/>\n<meta property=\"og:type\" content=\"article\" \/>\n<meta property=\"og:title\" content=\"Rufina Noeggerath\" \/>\n<meta property=\"og:description\" content=\"Rufina Noeggerath (Buena Madre) Rufina Noeggerath naci\u00f3 en Bruselas el 10 de octubre de 1821. Estaba casada con un m\u00e9dico e hipnotizador y se supone que \u00e9l la inici\u00f3 en el conocimiento del magnetismo animal y el sonambulismo magn\u00e9tico. A la muerte de su marido, en 1852, intent\u00f3 comunicarse con \u00e9l, lo que la condujo [&hellip;]\" \/>\n<meta property=\"og:url\" content=\"https:\/\/nuevo-renacer.com\/ru\/rufina-noeggerath\/\" \/>\n<meta property=\"og:site_name\" content=\"Uni\u00f3n Esp\u00edrita\" \/>\n<meta property=\"article:publisher\" content=\"https:\/\/www.facebook.com\/groups\/3431398063740829\" \/>\n<meta property=\"article:modified_time\" content=\"2025-01-03T13:17:28+00:00\" \/>\n<meta property=\"og:image\" content=\"https:\/\/nuevo-renacer.com\/wp-content\/uploads\/2024\/07\/Rufina_Noeggerath.tif.png\" \/>\n\t<meta property=\"og:image:width\" content=\"640\" \/>\n\t<meta property=\"og:image:height\" content=\"735\" \/>\n\t<meta property=\"og:image:type\" content=\"image\/png\" \/>\n<meta name=\"twitter:card\" content=\"summary_large_image\" \/>\n<meta name=\"twitter:label1\" content=\"\u041f\u0440\u0438\u043c\u0435\u0440\u043d\u043e\u0435 \u0432\u0440\u0435\u043c\u044f \u0434\u043b\u044f \u0447\u0442\u0435\u043d\u0438\u044f\" \/>\n\t<meta name=\"twitter:data1\" content=\"1 \u043c\u0438\u043d\u0443\u0442\u0430\" \/>\n<script type=\"application\/ld+json\" class=\"yoast-schema-graph\">{\"@context\":\"https:\/\/schema.org\",\"@graph\":[{\"@type\":\"WebPage\",\"@id\":\"https:\/\/nuevo-renacer.com\/rufina-noeggerath\/\",\"url\":\"https:\/\/nuevo-renacer.com\/rufina-noeggerath\/\",\"name\":\"Rufina Noeggerath - Uni\u00f3n Esp\u00edrita\",\"isPartOf\":{\"@id\":\"https:\/\/nuevo-renacer.com\/#website\"},\"primaryImageOfPage\":{\"@id\":\"https:\/\/nuevo-renacer.com\/rufina-noeggerath\/#primaryimage\"},\"image\":{\"@id\":\"https:\/\/nuevo-renacer.com\/rufina-noeggerath\/#primaryimage\"},\"thumbnailUrl\":\"https:\/\/nuevo-renacer.com\/wp-content\/uploads\/2024\/07\/Rufina_Noeggerath.tif.png\",\"datePublished\":\"2024-07-17T09:45:22+00:00\",\"dateModified\":\"2025-01-03T13:17:28+00:00\",\"breadcrumb\":{\"@id\":\"https:\/\/nuevo-renacer.com\/rufina-noeggerath\/#breadcrumb\"},\"inLanguage\":\"ru-RU\",\"potentialAction\":[{\"@type\":\"ReadAction\",\"target\":[\"https:\/\/nuevo-renacer.com\/rufina-noeggerath\/\"]}]},{\"@type\":\"ImageObject\",\"inLanguage\":\"ru-RU\",\"@id\":\"https:\/\/nuevo-renacer.com\/rufina-noeggerath\/#primaryimage\",\"url\":\"https:\/\/nuevo-renacer.com\/wp-content\/uploads\/2024\/07\/Rufina_Noeggerath.tif.png\",\"contentUrl\":\"https:\/\/nuevo-renacer.com\/wp-content\/uploads\/2024\/07\/Rufina_Noeggerath.tif.png\",\"width\":640,\"height\":735},{\"@type\":\"BreadcrumbList\",\"@id\":\"https:\/\/nuevo-renacer.com\/rufina-noeggerath\/#breadcrumb\",\"itemListElement\":[{\"@type\":\"ListItem\",\"position\":1,\"name\":\"Startseite\",\"item\":\"https:\/\/nuevo-renacer.com\/\"},{\"@type\":\"ListItem\",\"position\":2,\"name\":\"Rufina Noeggerath\"}]},{\"@type\":\"WebSite\",\"@id\":\"https:\/\/nuevo-renacer.com\/#website\",\"url\":\"https:\/\/nuevo-renacer.com\/\",\"name\":\"Uni\u00f3n Esp\u00edrita\",\"description\":\"Nuevo Renacer\",\"publisher\":{\"@id\":\"https:\/\/nuevo-renacer.com\/#organization\"},\"potentialAction\":[{\"@type\":\"SearchAction\",\"target\":{\"@type\":\"EntryPoint\",\"urlTemplate\":\"https:\/\/nuevo-renacer.com\/?s={search_term_string}\"},\"query-input\":{\"@type\":\"PropertyValueSpecification\",\"valueRequired\":true,\"valueName\":\"search_term_string\"}}],\"inLanguage\":\"ru-RU\"},{\"@type\":\"Organization\",\"@id\":\"https:\/\/nuevo-renacer.com\/#organization\",\"name\":\"UFEC\",\"url\":\"https:\/\/nuevo-renacer.com\/\",\"logo\":{\"@type\":\"ImageObject\",\"inLanguage\":\"ru-RU\",\"@id\":\"https:\/\/nuevo-renacer.com\/#\/schema\/logo\/image\/\",\"url\":\"https:\/\/nuevo-renacer.com\/wp-content\/uploads\/2024\/05\/cropped-LOGO-TERMINADO1-3-3.png\",\"contentUrl\":\"https:\/\/nuevo-renacer.com\/wp-content\/uploads\/2024\/05\/cropped-LOGO-TERMINADO1-3-3.png\",\"width\":512,\"height\":512,\"caption\":\"UFEC\"},\"image\":{\"@id\":\"https:\/\/nuevo-renacer.com\/#\/schema\/logo\/image\/\"},\"sameAs\":[\"https:\/\/www.facebook.com\/groups\/3431398063740829\"]}]}<\/script>\n<!-- \/ Yoast SEO Premium plugin. -->","yoast_head_json":{"title":"Rufina Noeggerath - Uni\u00f3n Esp\u00edrita","robots":{"index":"index","follow":"follow","max-snippet":"max-snippet:-1","max-image-preview":"max-image-preview:large","max-video-preview":"max-video-preview:-1"},"canonical":"https:\/\/nuevo-renacer.com\/ru\/rufina-noeggerath\/","og_locale":"ru_RU","og_type":"article","og_title":"Rufina Noeggerath","og_description":"Rufina Noeggerath (Buena Madre) Rufina Noeggerath naci\u00f3 en Bruselas el 10 de octubre de 1821. Estaba casada con un m\u00e9dico e hipnotizador y se supone que \u00e9l la inici\u00f3 en el conocimiento del magnetismo animal y el sonambulismo magn\u00e9tico. A la muerte de su marido, en 1852, intent\u00f3 comunicarse con \u00e9l, lo que la condujo [&hellip;]","og_url":"https:\/\/nuevo-renacer.com\/ru\/rufina-noeggerath\/","og_site_name":"Uni\u00f3n Esp\u00edrita","article_publisher":"https:\/\/www.facebook.com\/groups\/3431398063740829","article_modified_time":"2025-01-03T13:17:28+00:00","og_image":[{"width":640,"height":735,"url":"https:\/\/nuevo-renacer.com\/wp-content\/uploads\/2024\/07\/Rufina_Noeggerath.tif.png","type":"image\/png"}],"twitter_card":"summary_large_image","twitter_misc":{"\u041f\u0440\u0438\u043c\u0435\u0440\u043d\u043e\u0435 \u0432\u0440\u0435\u043c\u044f \u0434\u043b\u044f \u0447\u0442\u0435\u043d\u0438\u044f":"1 \u043c\u0438\u043d\u0443\u0442\u0430"},"schema":{"@context":"https:\/\/schema.org","@graph":[{"@type":"WebPage","@id":"https:\/\/nuevo-renacer.com\/rufina-noeggerath\/","url":"https:\/\/nuevo-renacer.com\/rufina-noeggerath\/","name":"Rufina Noeggerath - Uni\u00f3n Esp\u00edrita","isPartOf":{"@id":"https:\/\/nuevo-renacer.com\/#website"},"primaryImageOfPage":{"@id":"https:\/\/nuevo-renacer.com\/rufina-noeggerath\/#primaryimage"},"image":{"@id":"https:\/\/nuevo-renacer.com\/rufina-noeggerath\/#primaryimage"},"thumbnailUrl":"https:\/\/nuevo-renacer.com\/wp-content\/uploads\/2024\/07\/Rufina_Noeggerath.tif.png","datePublished":"2024-07-17T09:45:22+00:00","dateModified":"2025-01-03T13:17:28+00:00","breadcrumb":{"@id":"https:\/\/nuevo-renacer.com\/rufina-noeggerath\/#breadcrumb"},"inLanguage":"ru-RU","potentialAction":[{"@type":"ReadAction","target":["https:\/\/nuevo-renacer.com\/rufina-noeggerath\/"]}]},{"@type":"ImageObject","inLanguage":"ru-RU","@id":"https:\/\/nuevo-renacer.com\/rufina-noeggerath\/#primaryimage","url":"https:\/\/nuevo-renacer.com\/wp-content\/uploads\/2024\/07\/Rufina_Noeggerath.tif.png","contentUrl":"https:\/\/nuevo-renacer.com\/wp-content\/uploads\/2024\/07\/Rufina_Noeggerath.tif.png","width":640,"height":735},{"@type":"BreadcrumbList","@id":"https:\/\/nuevo-renacer.com\/rufina-noeggerath\/#breadcrumb","itemListElement":[{"@type":"ListItem","position":1,"name":"Startseite","item":"https:\/\/nuevo-renacer.com\/"},{"@type":"ListItem","position":2,"name":"Rufina Noeggerath"}]},{"@type":"WebSite","@id":"https:\/\/nuevo-renacer.com\/#website","url":"https:\/\/nuevo-renacer.com\/","name":"Uni\u00f3n Esp\u00edrita","description":"Nuevo Renacer","publisher":{"@id":"https:\/\/nuevo-renacer.com\/#organization"},"potentialAction":[{"@type":"SearchAction","target":{"@type":"EntryPoint","urlTemplate":"https:\/\/nuevo-renacer.com\/?s={search_term_string}"},"query-input":{"@type":"PropertyValueSpecification","valueRequired":true,"valueName":"search_term_string"}}],"inLanguage":"ru-RU"},{"@type":"Organization","@id":"https:\/\/nuevo-renacer.com\/#organization","name":"UFEC","url":"https:\/\/nuevo-renacer.com\/","logo":{"@type":"ImageObject","inLanguage":"ru-RU","@id":"https:\/\/nuevo-renacer.com\/#\/schema\/logo\/image\/","url":"https:\/\/nuevo-renacer.com\/wp-content\/uploads\/2024\/05\/cropped-LOGO-TERMINADO1-3-3.png","contentUrl":"https:\/\/nuevo-renacer.com\/wp-content\/uploads\/2024\/05\/cropped-LOGO-TERMINADO1-3-3.png","width":512,"height":512,"caption":"UFEC"},"image":{"@id":"https:\/\/nuevo-renacer.com\/#\/schema\/logo\/image\/"},"sameAs":["https:\/\/www.facebook.com\/groups\/3431398063740829"]}]}},"uagb_featured_image_src":{"full":["https:\/\/nuevo-renacer.com\/wp-content\/uploads\/2024\/07\/Rufina_Noeggerath.tif.png",640,735,false],"thumbnail":["https:\/\/nuevo-renacer.com\/wp-content\/uploads\/2024\/07\/Rufina_Noeggerath.tif-150x150.png",150,150,true],"medium":["https:\/\/nuevo-renacer.com\/wp-content\/uploads\/2024\/07\/Rufina_Noeggerath.tif-261x300.png",261,300,true],"medium_large":["https:\/\/nuevo-renacer.com\/wp-content\/uploads\/2024\/07\/Rufina_Noeggerath.tif.png",640,735,false],"large":["https:\/\/nuevo-renacer.com\/wp-content\/uploads\/2024\/07\/Rufina_Noeggerath.tif.png",640,735,false],"1536x1536":["https:\/\/nuevo-renacer.com\/wp-content\/uploads\/2024\/07\/Rufina_Noeggerath.tif.png",640,735,false],"2048x2048":["https:\/\/nuevo-renacer.com\/wp-content\/uploads\/2024\/07\/Rufina_Noeggerath.tif.png",640,735,false],"trp-custom-language-flag":["https:\/\/nuevo-renacer.com\/wp-content\/uploads\/2024\/07\/Rufina_Noeggerath.tif-10x12.png",10,12,true]},"uagb_author_info":{"display_name":"adbv0","author_link":"https:\/\/nuevo-renacer.com\/ru\/author\/adbv0\/"},"uagb_comment_info":0,"uagb_excerpt":"Rufina Noeggerath (Buena Madre) Rufina Noeggerath naci\u00f3 en Bruselas el 10 de octubre de 1821. Estaba casada con un m\u00e9dico e hipnotizador y se supone que \u00e9l la inici\u00f3 en el conocimiento del magnetismo animal y el sonambulismo magn\u00e9tico. A la muerte de su marido, en 1852, intent\u00f3 comunicarse con \u00e9l, lo que la condujo&hellip;","jetpack_sharing_enabled":true,"_links":{"self":[{"href":"https:\/\/nuevo-renacer.com\/ru\/wp-json\/wp\/v2\/pages\/3955","targetHints":{"allow":["GET"]}}],"collection":[{"href":"https:\/\/nuevo-renacer.com\/ru\/wp-json\/wp\/v2\/pages"}],"about":[{"href":"https:\/\/nuevo-renacer.com\/ru\/wp-json\/wp\/v2\/types\/page"}],"author":[{"embeddable":true,"href":"https:\/\/nuevo-renacer.com\/ru\/wp-json\/wp\/v2\/users\/1"}],"replies":[{"embeddable":true,"href":"https:\/\/nuevo-renacer.com\/ru\/wp-json\/wp\/v2\/comments?post=3955"}],"version-history":[{"count":3,"href":"https:\/\/nuevo-renacer.com\/ru\/wp-json\/wp\/v2\/pages\/3955\/revisions"}],"predecessor-version":[{"id":6661,"href":"https:\/\/nuevo-renacer.com\/ru\/wp-json\/wp\/v2\/pages\/3955\/revisions\/6661"}],"wp:featuredmedia":[{"embeddable":true,"href":"https:\/\/nuevo-renacer.com\/ru\/wp-json\/wp\/v2\/media\/3957"}],"wp:attachment":[{"href":"https:\/\/nuevo-renacer.com\/ru\/wp-json\/wp\/v2\/media?parent=3955"}],"curies":[{"name":"wp","href":"https:\/\/api.w.org\/{rel}","templated":true}]}}