{"id":3877,"date":"2024-07-16T13:00:04","date_gmt":"2024-07-16T13:00:04","guid":{"rendered":"https:\/\/ufec-mundial.com\/?page_id=3877"},"modified":"2024-07-16T13:00:26","modified_gmt":"2024-07-16T13:00:26","slug":"identificacion-espirita","status":"publish","type":"page","link":"https:\/\/nuevo-renacer.com\/ru\/identificacion-espirita\/","title":{"rendered":"\u0418\u0434\u0435\u043d\u0442\u0438\u0444\u0438\u043a\u0430\u0446\u0438\u044f \u0441\u043f\u0438\u0440\u0438\u0442\u0438\u0441\u0442\u0430"},"content":{"rendered":"<div class=\"wp-block-uagb-container uagb-block-67dfe8d4 alignfull uagb-is-root-container\"><div class=\"uagb-container-inner-blocks-wrap\">\n<p class=\"has-black-color has-text-color has-link-color has-medium-font-size wp-elements-d738c0cd6c053f3129ca8dbc77ff7e1f\"><strong>\u0418\u0434\u0435\u043d\u0442\u0438\u0444\u0438\u043a\u0430\u0446\u0438\u044f \u0441\u043f\u0438\u0440\u0438\u0442\u0438\u0441\u0442\u0430<\/strong><\/p>\n<\/div><\/div>\n\n\n\n<div class=\"wp-block-uagb-container uagb-block-9cbf68f8 alignfull uagb-is-root-container\"><div class=\"uagb-container-inner-blocks-wrap\">\n<figure class=\"wp-block-image size-full\"><img fetchpriority=\"high\" decoding=\"async\" width=\"452\" height=\"258\" src=\"https:\/\/ufec-mundial.com\/wp-content\/uploads\/2024\/07\/human-hand-holding-digital-identification-260nw-2166069807.jpg\" alt=\"\" class=\"wp-image-3879\" srcset=\"https:\/\/nuevo-renacer.com\/wp-content\/uploads\/2024\/07\/human-hand-holding-digital-identification-260nw-2166069807.jpg 452w, https:\/\/nuevo-renacer.com\/wp-content\/uploads\/2024\/07\/human-hand-holding-digital-identification-260nw-2166069807-300x171.jpg 300w, https:\/\/nuevo-renacer.com\/wp-content\/uploads\/2024\/07\/human-hand-holding-digital-identification-260nw-2166069807-18x10.jpg 18w\" sizes=\"(max-width: 452px) 100vw, 452px\" \/><\/figure>\n<\/div><\/div>\n\n\n\n<div class=\"wp-block-uagb-container uagb-block-de5e37a1 alignfull uagb-is-root-container\"><div class=\"uagb-container-inner-blocks-wrap\">\n<p class=\"has-black-color has-text-color has-link-color has-small-font-size wp-elements-5fefffe7010587d98b27abe99b4e0d6b\"><strong>\u0421\u043f\u0438\u0440\u0438\u0442\u0443\u0430\u043b\u0438\u0441\u0442 - \u044d\u0442\u043e \u0441\u043b\u0443\u0436\u0438\u0442\u0435\u043b\u044c \u0415\u0432\u0430\u043d\u0433\u0435\u043b\u0438\u044f, \u043a\u043e\u0442\u043e\u0440\u044b\u0439 \u0432 \u043e\u0431\u043b\u0430\u0441\u0442\u0438 \u043d\u0430\u0431\u043b\u044e\u0434\u0435\u043d\u0438\u044f:<\/strong><\/p>\n\n\n\n<p class=\"has-black-color has-text-color has-link-color has-small-font-size wp-elements-1386eaf71934612ea0841ab476cca5d4\">\u2013 \u043f\u0440\u043e\u0447\u0438\u0442\u0430\u0439 \u0432\u0441\u0435<\/p>\n\n\n\n<p class=\"has-black-color has-text-color has-link-color has-small-font-size wp-elements-1573a4666a4959969b836278aee9340d\">\u2013 \u043e\u043d \u0432\u0441\u0435 \u0441\u043b\u044b\u0448\u0438\u0442.<\/p>\n\n\n\n<p class=\"has-black-color has-text-color has-link-color has-small-font-size wp-elements-6277616df50f76d0f61e57a7e7cc846a\">\u2013 \u043e\u043d \u0432\u0441\u0435 \u0432\u0438\u0434\u0438\u0442<\/p>\n\n\n\n<p class=\"has-black-color has-text-color has-link-color has-small-font-size wp-elements-d8ab3dbc885bded7c1fd7c59b9e42855\">\u2013 \u0438 \u043e\u043d \u0430\u043d\u0430\u043b\u0438\u0437\u0438\u0440\u0443\u0435\u0442 \u0432\u0441\u0435, \u043d\u043e \u0441\u043e\u0445\u0440\u0430\u043d\u044f\u0435\u0442 \u0442\u043e\u043b\u044c\u043a\u043e \u0442\u043e \u0432\u0435\u0449\u0435\u0441\u0442\u0432\u043e, \u043a\u043e\u0442\u043e\u0440\u043e\u0435 \u0434\u0435\u0439\u0441\u0442\u0432\u0438\u0442\u0435\u043b\u044c\u043d\u043e \u043f\u043e\u043b\u0435\u0437\u043d\u043e \u0434\u043b\u044f \u043d\u0435\u0433\u043e;<\/p>\n\n\n\n<p class=\"has-black-color has-text-color has-link-color has-small-font-size wp-elements-d8e61b1a728b38ddab245a77afc4cd94\"><strong>\u0412 \u0441\u0444\u0435\u0440\u0435 \u0436\u0438\u0437\u043d\u0435\u043d\u043d\u043e\u0433\u043e \u043e\u043f\u044b\u0442\u0430<\/strong><\/p>\n\n\n\n<p class=\"has-black-color has-text-color has-link-color has-small-font-size wp-elements-b0f690585e3a27430a1757e732874380\">\u2013 \u0443\u0432\u0430\u0436\u0430\u0439 \u0432\u0441\u0435\u0445<\/p>\n\n\n\n<p class=\"has-black-color has-text-color has-link-color has-small-font-size wp-elements-69ac119eedc4c0fd27eb1b7ca1293031\">\u2013 \u043e\u0431\u0441\u043b\u0443\u0436\u0438\u0432\u0430\u0435\u0442 \u0432\u0441\u0435\u0445;<\/p>\n\n\n\n<p class=\"has-black-color has-text-color has-link-color has-small-font-size wp-elements-3e2c9588c1586558f49c6872c5a0950f\">\u2013 \u043e\u0431\u0440\u0430\u0449\u0430\u0439\u0441\u044f \u0441\u043e \u0432\u0441\u0435\u043c\u0438<\/p>\n\n\n\n<p class=\"has-black-color has-text-color has-link-color has-small-font-size wp-elements-6c47b61fafd450f119809a5c4d36320b\">\u2013 \u0438 \u0440\u0430\u0431\u043e\u0442\u0430\u0439 \u043d\u0430 \u043f\u0443\u0442\u0438 \u043a\u0430\u0436\u0434\u043e\u0433\u043e; \u043d\u043e \u043e\u0441\u0442\u0430\u0432\u0430\u0439\u0441\u044f \u0442\u043e\u043b\u044c\u043a\u043e \u0441 \u0442\u0435\u043c\u0438, \u043a\u0442\u043e \u0438\u0449\u0435\u0442 \u043f\u0443\u0442\u044c \u0432 \u0426\u0430\u0440\u0441\u0442\u0432\u043e \u0411\u043e\u0436\u044c\u0435.<\/p>\n\n\n\n<p class=\"has-black-color has-text-color has-link-color has-small-font-size wp-elements-126d752b11c71d58172838b3534c924c\"><strong>\u041c\u0435\u0436\u0434\u0443 \u043d\u0430\u0431\u043b\u044e\u0434\u0435\u043d\u0438\u0435\u043c \u0438 \u0436\u0438\u0437\u043d\u044c\u044e \u043f\u0440\u0430\u043a\u0442\u0438\u043a\u0443\u0439\u0442\u0435\u0441\u044c<\/strong><\/p>\n\n\n\n<p class=\"has-black-color has-text-color has-link-color has-small-font-size wp-elements-9cfd546830cedcf187072bd57d077262\">\u2013 \u0432\u0441\u0435 \u0445\u043e\u0440\u043e\u0448\u0435\u0435, \u0447\u0442\u043e \u0432\u044b \u043c\u043e\u0436\u0435\u0442\u0435;<\/p>\n\n\n\n<p class=\"has-black-color has-text-color has-link-color has-small-font-size wp-elements-52a569da513976a9a68eadc109778557\">\u2013 \u0433\u0434\u0435 \u0432\u044b \u043c\u043e\u0436\u0435\u0442\u0435;<\/p>\n\n\n\n<p class=\"has-black-color has-text-color has-link-color has-small-font-size wp-elements-5871eb998c6ea31bf5dff7ea55e0c386\">\u2013 \u043a\u0430\u043a \u0432\u044b \u043c\u043e\u0436\u0435\u0442\u0435;<\/p>\n\n\n\n<p class=\"has-black-color has-text-color has-link-color has-small-font-size wp-elements-a7991433a5f7513989698e397e481a65\">\u0438 \u043a\u043e\u0433\u0434\u0430 \u044d\u0442\u043e \u0432\u043e\u0437\u043c\u043e\u0436\u043d\u043e.<\/p>\n\n\n\n<p class=\"has-black-color has-text-color has-link-color has-small-font-size wp-elements-135dc4c89ed36e065c5e1821543d7f8b\">\u041a\u043e\u0440\u043e\u0447\u0435 \u0433\u043e\u0432\u043e\u0440\u044f, \u043c\u043e\u0436\u043d\u043e \u0438\u0434\u0435\u043d\u0442\u0438\u0444\u0438\u0446\u0438\u0440\u043e\u0432\u0430\u0442\u044c \u0414\u0443\u0445\u0430 \u043a\u0430\u043a \u0441\u043f\u0443\u0442\u043d\u0438\u043a\u0430 \u0418\u0438\u0441\u0443\u0441\u0430 \u0425\u0440\u0438\u0441\u0442\u0430 \u0432 \u0447\u0435\u043b\u043e\u0432\u0435\u0447\u0435\u0441\u043a\u043e\u043c \u043e\u043f\u044b\u0442\u0435, \u043a\u043e\u0442\u043e\u0440\u044b\u0439 \u043d\u0435 \u0432\u0441\u0435\u0433\u0434\u0430 \u0434\u0435\u043b\u0430\u0435\u0442 \u0442\u043e, \u0447\u0442\u043e \u0445\u043e\u0447\u0435\u0442, \u043d\u043e \u043f\u043e\u0441\u0442\u043e\u044f\u043d\u043d\u043e \u0434\u0435\u043b\u0430\u0435\u0442 \u0442\u043e, \u0447\u0442\u043e \u0434\u043e\u043b\u0436\u0435\u043d.<\/p>\n\n\n\n<p class=\"has-black-color has-text-color has-link-color has-small-font-size wp-elements-6552669533253b2290bdd0539ff95db6\"><em>Obra psicografada por el m\u00e9dium Francisco C\u00e2ndido Xavier.<\/em><\/p>\n<\/div><\/div>","protected":false},"excerpt":{"rendered":"<p>Identificaci\u00f3n Esp\u00edrita El espiritista es el servidor del Evangelio que, en el campo de la observaci\u00f3n: &#8211; lee todo &#8211; oye todo &#8211; lo ve todo &#8211; y analiza todo, pero s\u00f3lo retiene la sustancia que le es realmente provechosa; En la esfera de la vivencia &#8211; respeta a todo el mundo &#8211; sirve a [&hellip;]<\/p>","protected":false},"author":1,"featured_media":3879,"parent":0,"menu_order":0,"comment_status":"closed","ping_status":"closed","template":"","meta":{"_uag_custom_page_level_css":"","site-sidebar-layout":"default","site-content-layout":"","ast-site-content-layout":"default","site-content-style":"default","site-sidebar-style":"default","ast-global-header-display":"","ast-banner-title-visibility":"","ast-main-header-display":"","ast-hfb-above-header-display":"","ast-hfb-below-header-display":"","ast-hfb-mobile-header-display":"","site-post-title":"disabled","ast-breadcrumbs-content":"","ast-featured-img":"","footer-sml-layout":"","theme-transparent-header-meta":"","adv-header-id-meta":"","stick-header-meta":"","header-above-stick-meta":"","header-main-stick-meta":"","header-below-stick-meta":"","astra-migrate-meta-layouts":"set","ast-page-background-enabled":"default","ast-page-background-meta":{"desktop":{"background-color":"var(--ast-global-color-4)","background-image":"","background-repeat":"repeat","background-position":"center center","background-size":"auto","background-attachment":"scroll","background-type":"","background-media":"","overlay-type":"","overlay-color":"","overlay-opacity":"","overlay-gradient":""},"tablet":{"background-color":"","background-image":"","background-repeat":"repeat","background-position":"center center","background-size":"auto","background-attachment":"scroll","background-type":"","background-media":"","overlay-type":"","overlay-color":"","overlay-opacity":"","overlay-gradient":""},"mobile":{"background-color":"","background-image":"","background-repeat":"repeat","background-position":"center center","background-size":"auto","background-attachment":"scroll","background-type":"","background-media":"","overlay-type":"","overlay-color":"","overlay-opacity":"","overlay-gradient":""}},"ast-content-background-meta":{"desktop":{"background-color":"var(--ast-global-color-5)","background-image":"","background-repeat":"repeat","background-position":"center center","background-size":"auto","background-attachment":"scroll","background-type":"","background-media":"","overlay-type":"","overlay-color":"","overlay-opacity":"","overlay-gradient":""},"tablet":{"background-color":"var(--ast-global-color-5)","background-image":"","background-repeat":"repeat","background-position":"center center","background-size":"auto","background-attachment":"scroll","background-type":"","background-media":"","overlay-type":"","overlay-color":"","overlay-opacity":"","overlay-gradient":""},"mobile":{"background-color":"var(--ast-global-color-5)","background-image":"","background-repeat":"repeat","background-position":"center center","background-size":"auto","background-attachment":"scroll","background-type":"","background-media":"","overlay-type":"","overlay-color":"","overlay-opacity":"","overlay-gradient":""}},"footnotes":""},"class_list":["post-3877","page","type-page","status-publish","has-post-thumbnail","hentry"],"yoast_head":"<!-- This site is optimized with the Yoast SEO Premium plugin v24.2 (Yoast SEO v24.6) - https:\/\/yoast.com\/wordpress\/plugins\/seo\/ -->\n<title>Identificaci\u00f3n Esp\u00edrita - Uni\u00f3n Esp\u00edrita<\/title>\n<meta name=\"robots\" content=\"index, follow, max-snippet:-1, max-image-preview:large, max-video-preview:-1\" \/>\n<link rel=\"canonical\" href=\"https:\/\/nuevo-renacer.com\/ru\/identificacion-espirita\/\" \/>\n<meta property=\"og:locale\" content=\"ru_RU\" \/>\n<meta property=\"og:type\" content=\"article\" \/>\n<meta property=\"og:title\" content=\"Identificaci\u00f3n Esp\u00edrita\" \/>\n<meta property=\"og:description\" content=\"Identificaci\u00f3n Esp\u00edrita El espiritista es el servidor del Evangelio que, en el campo de la observaci\u00f3n: &#8211; lee todo &#8211; oye todo &#8211; lo ve todo &#8211; y analiza todo, pero s\u00f3lo retiene la sustancia que le es realmente provechosa; En la esfera de la vivencia &#8211; respeta a todo el mundo &#8211; sirve a [&hellip;]\" \/>\n<meta property=\"og:url\" content=\"https:\/\/nuevo-renacer.com\/ru\/identificacion-espirita\/\" \/>\n<meta property=\"og:site_name\" content=\"Uni\u00f3n Esp\u00edrita\" \/>\n<meta property=\"article:publisher\" content=\"https:\/\/www.facebook.com\/groups\/3431398063740829\" \/>\n<meta property=\"article:modified_time\" content=\"2024-07-16T13:00:26+00:00\" \/>\n<meta property=\"og:image\" content=\"https:\/\/nuevo-renacer.com\/wp-content\/uploads\/2024\/07\/human-hand-holding-digital-identification-260nw-2166069807.jpg\" \/>\n\t<meta property=\"og:image:width\" content=\"452\" \/>\n\t<meta property=\"og:image:height\" content=\"258\" \/>\n\t<meta property=\"og:image:type\" content=\"image\/jpeg\" \/>\n<meta name=\"twitter:card\" content=\"summary_large_image\" \/>\n<meta name=\"twitter:label1\" content=\"\u041f\u0440\u0438\u043c\u0435\u0440\u043d\u043e\u0435 \u0432\u0440\u0435\u043c\u044f \u0434\u043b\u044f \u0447\u0442\u0435\u043d\u0438\u044f\" \/>\n\t<meta name=\"twitter:data1\" content=\"1 \u043c\u0438\u043d\u0443\u0442\u0430\" \/>\n<script type=\"application\/ld+json\" class=\"yoast-schema-graph\">{\"@context\":\"https:\/\/schema.org\",\"@graph\":[{\"@type\":\"WebPage\",\"@id\":\"https:\/\/nuevo-renacer.com\/identificacion-espirita\/\",\"url\":\"https:\/\/nuevo-renacer.com\/identificacion-espirita\/\",\"name\":\"Identificaci\u00f3n Esp\u00edrita - Uni\u00f3n Esp\u00edrita\",\"isPartOf\":{\"@id\":\"https:\/\/nuevo-renacer.com\/#website\"},\"primaryImageOfPage\":{\"@id\":\"https:\/\/nuevo-renacer.com\/identificacion-espirita\/#primaryimage\"},\"image\":{\"@id\":\"https:\/\/nuevo-renacer.com\/identificacion-espirita\/#primaryimage\"},\"thumbnailUrl\":\"https:\/\/nuevo-renacer.com\/wp-content\/uploads\/2024\/07\/human-hand-holding-digital-identification-260nw-2166069807.jpg\",\"datePublished\":\"2024-07-16T13:00:04+00:00\",\"dateModified\":\"2024-07-16T13:00:26+00:00\",\"breadcrumb\":{\"@id\":\"https:\/\/nuevo-renacer.com\/identificacion-espirita\/#breadcrumb\"},\"inLanguage\":\"ru-RU\",\"potentialAction\":[{\"@type\":\"ReadAction\",\"target\":[\"https:\/\/nuevo-renacer.com\/identificacion-espirita\/\"]}]},{\"@type\":\"ImageObject\",\"inLanguage\":\"ru-RU\",\"@id\":\"https:\/\/nuevo-renacer.com\/identificacion-espirita\/#primaryimage\",\"url\":\"https:\/\/nuevo-renacer.com\/wp-content\/uploads\/2024\/07\/human-hand-holding-digital-identification-260nw-2166069807.jpg\",\"contentUrl\":\"https:\/\/nuevo-renacer.com\/wp-content\/uploads\/2024\/07\/human-hand-holding-digital-identification-260nw-2166069807.jpg\",\"width\":452,\"height\":258},{\"@type\":\"BreadcrumbList\",\"@id\":\"https:\/\/nuevo-renacer.com\/identificacion-espirita\/#breadcrumb\",\"itemListElement\":[{\"@type\":\"ListItem\",\"position\":1,\"name\":\"Startseite\",\"item\":\"https:\/\/nuevo-renacer.com\/\"},{\"@type\":\"ListItem\",\"position\":2,\"name\":\"Identificaci\u00f3n Esp\u00edrita\"}]},{\"@type\":\"WebSite\",\"@id\":\"https:\/\/nuevo-renacer.com\/#website\",\"url\":\"https:\/\/nuevo-renacer.com\/\",\"name\":\"Uni\u00f3n Esp\u00edrita\",\"description\":\"Nuevo Renacer\",\"publisher\":{\"@id\":\"https:\/\/nuevo-renacer.com\/#organization\"},\"potentialAction\":[{\"@type\":\"SearchAction\",\"target\":{\"@type\":\"EntryPoint\",\"urlTemplate\":\"https:\/\/nuevo-renacer.com\/?s={search_term_string}\"},\"query-input\":{\"@type\":\"PropertyValueSpecification\",\"valueRequired\":true,\"valueName\":\"search_term_string\"}}],\"inLanguage\":\"ru-RU\"},{\"@type\":\"Organization\",\"@id\":\"https:\/\/nuevo-renacer.com\/#organization\",\"name\":\"UFEC\",\"url\":\"https:\/\/nuevo-renacer.com\/\",\"logo\":{\"@type\":\"ImageObject\",\"inLanguage\":\"ru-RU\",\"@id\":\"https:\/\/nuevo-renacer.com\/#\/schema\/logo\/image\/\",\"url\":\"https:\/\/nuevo-renacer.com\/wp-content\/uploads\/2024\/05\/cropped-LOGO-TERMINADO1-3-3.png\",\"contentUrl\":\"https:\/\/nuevo-renacer.com\/wp-content\/uploads\/2024\/05\/cropped-LOGO-TERMINADO1-3-3.png\",\"width\":512,\"height\":512,\"caption\":\"UFEC\"},\"image\":{\"@id\":\"https:\/\/nuevo-renacer.com\/#\/schema\/logo\/image\/\"},\"sameAs\":[\"https:\/\/www.facebook.com\/groups\/3431398063740829\"]}]}<\/script>\n<!-- \/ Yoast SEO Premium plugin. -->","yoast_head_json":{"title":"Identificaci\u00f3n Esp\u00edrita - Uni\u00f3n Esp\u00edrita","robots":{"index":"index","follow":"follow","max-snippet":"max-snippet:-1","max-image-preview":"max-image-preview:large","max-video-preview":"max-video-preview:-1"},"canonical":"https:\/\/nuevo-renacer.com\/ru\/identificacion-espirita\/","og_locale":"ru_RU","og_type":"article","og_title":"Identificaci\u00f3n Esp\u00edrita","og_description":"Identificaci\u00f3n Esp\u00edrita El espiritista es el servidor del Evangelio que, en el campo de la observaci\u00f3n: &#8211; lee todo &#8211; oye todo &#8211; lo ve todo &#8211; y analiza todo, pero s\u00f3lo retiene la sustancia que le es realmente provechosa; En la esfera de la vivencia &#8211; respeta a todo el mundo &#8211; sirve a [&hellip;]","og_url":"https:\/\/nuevo-renacer.com\/ru\/identificacion-espirita\/","og_site_name":"Uni\u00f3n Esp\u00edrita","article_publisher":"https:\/\/www.facebook.com\/groups\/3431398063740829","article_modified_time":"2024-07-16T13:00:26+00:00","og_image":[{"width":452,"height":258,"url":"https:\/\/nuevo-renacer.com\/wp-content\/uploads\/2024\/07\/human-hand-holding-digital-identification-260nw-2166069807.jpg","type":"image\/jpeg"}],"twitter_card":"summary_large_image","twitter_misc":{"\u041f\u0440\u0438\u043c\u0435\u0440\u043d\u043e\u0435 \u0432\u0440\u0435\u043c\u044f \u0434\u043b\u044f \u0447\u0442\u0435\u043d\u0438\u044f":"1 \u043c\u0438\u043d\u0443\u0442\u0430"},"schema":{"@context":"https:\/\/schema.org","@graph":[{"@type":"WebPage","@id":"https:\/\/nuevo-renacer.com\/identificacion-espirita\/","url":"https:\/\/nuevo-renacer.com\/identificacion-espirita\/","name":"Identificaci\u00f3n Esp\u00edrita - Uni\u00f3n Esp\u00edrita","isPartOf":{"@id":"https:\/\/nuevo-renacer.com\/#website"},"primaryImageOfPage":{"@id":"https:\/\/nuevo-renacer.com\/identificacion-espirita\/#primaryimage"},"image":{"@id":"https:\/\/nuevo-renacer.com\/identificacion-espirita\/#primaryimage"},"thumbnailUrl":"https:\/\/nuevo-renacer.com\/wp-content\/uploads\/2024\/07\/human-hand-holding-digital-identification-260nw-2166069807.jpg","datePublished":"2024-07-16T13:00:04+00:00","dateModified":"2024-07-16T13:00:26+00:00","breadcrumb":{"@id":"https:\/\/nuevo-renacer.com\/identificacion-espirita\/#breadcrumb"},"inLanguage":"ru-RU","potentialAction":[{"@type":"ReadAction","target":["https:\/\/nuevo-renacer.com\/identificacion-espirita\/"]}]},{"@type":"ImageObject","inLanguage":"ru-RU","@id":"https:\/\/nuevo-renacer.com\/identificacion-espirita\/#primaryimage","url":"https:\/\/nuevo-renacer.com\/wp-content\/uploads\/2024\/07\/human-hand-holding-digital-identification-260nw-2166069807.jpg","contentUrl":"https:\/\/nuevo-renacer.com\/wp-content\/uploads\/2024\/07\/human-hand-holding-digital-identification-260nw-2166069807.jpg","width":452,"height":258},{"@type":"BreadcrumbList","@id":"https:\/\/nuevo-renacer.com\/identificacion-espirita\/#breadcrumb","itemListElement":[{"@type":"ListItem","position":1,"name":"Startseite","item":"https:\/\/nuevo-renacer.com\/"},{"@type":"ListItem","position":2,"name":"Identificaci\u00f3n Esp\u00edrita"}]},{"@type":"WebSite","@id":"https:\/\/nuevo-renacer.com\/#website","url":"https:\/\/nuevo-renacer.com\/","name":"Uni\u00f3n Esp\u00edrita","description":"Nuevo Renacer","publisher":{"@id":"https:\/\/nuevo-renacer.com\/#organization"},"potentialAction":[{"@type":"SearchAction","target":{"@type":"EntryPoint","urlTemplate":"https:\/\/nuevo-renacer.com\/?s={search_term_string}"},"query-input":{"@type":"PropertyValueSpecification","valueRequired":true,"valueName":"search_term_string"}}],"inLanguage":"ru-RU"},{"@type":"Organization","@id":"https:\/\/nuevo-renacer.com\/#organization","name":"UFEC","url":"https:\/\/nuevo-renacer.com\/","logo":{"@type":"ImageObject","inLanguage":"ru-RU","@id":"https:\/\/nuevo-renacer.com\/#\/schema\/logo\/image\/","url":"https:\/\/nuevo-renacer.com\/wp-content\/uploads\/2024\/05\/cropped-LOGO-TERMINADO1-3-3.png","contentUrl":"https:\/\/nuevo-renacer.com\/wp-content\/uploads\/2024\/05\/cropped-LOGO-TERMINADO1-3-3.png","width":512,"height":512,"caption":"UFEC"},"image":{"@id":"https:\/\/nuevo-renacer.com\/#\/schema\/logo\/image\/"},"sameAs":["https:\/\/www.facebook.com\/groups\/3431398063740829"]}]}},"uagb_featured_image_src":{"full":["https:\/\/nuevo-renacer.com\/wp-content\/uploads\/2024\/07\/human-hand-holding-digital-identification-260nw-2166069807.jpg",452,258,false],"thumbnail":["https:\/\/nuevo-renacer.com\/wp-content\/uploads\/2024\/07\/human-hand-holding-digital-identification-260nw-2166069807-150x150.jpg",150,150,true],"medium":["https:\/\/nuevo-renacer.com\/wp-content\/uploads\/2024\/07\/human-hand-holding-digital-identification-260nw-2166069807-300x171.jpg",300,171,true],"medium_large":["https:\/\/nuevo-renacer.com\/wp-content\/uploads\/2024\/07\/human-hand-holding-digital-identification-260nw-2166069807.jpg",452,258,false],"large":["https:\/\/nuevo-renacer.com\/wp-content\/uploads\/2024\/07\/human-hand-holding-digital-identification-260nw-2166069807.jpg",452,258,false],"1536x1536":["https:\/\/nuevo-renacer.com\/wp-content\/uploads\/2024\/07\/human-hand-holding-digital-identification-260nw-2166069807.jpg",452,258,false],"2048x2048":["https:\/\/nuevo-renacer.com\/wp-content\/uploads\/2024\/07\/human-hand-holding-digital-identification-260nw-2166069807.jpg",452,258,false],"trp-custom-language-flag":["https:\/\/nuevo-renacer.com\/wp-content\/uploads\/2024\/07\/human-hand-holding-digital-identification-260nw-2166069807-18x10.jpg",18,10,true]},"uagb_author_info":{"display_name":"adbv0","author_link":"https:\/\/nuevo-renacer.com\/ru\/author\/adbv0\/"},"uagb_comment_info":0,"uagb_excerpt":"Identificaci\u00f3n Esp\u00edrita El espiritista es el servidor del Evangelio que, en el campo de la observaci\u00f3n: &#8211; lee todo &#8211; oye todo &#8211; lo ve todo &#8211; y analiza todo, pero s\u00f3lo retiene la sustancia que le es realmente provechosa; En la esfera de la vivencia &#8211; respeta a todo el mundo &#8211; sirve a&hellip;","jetpack_sharing_enabled":true,"_links":{"self":[{"href":"https:\/\/nuevo-renacer.com\/ru\/wp-json\/wp\/v2\/pages\/3877","targetHints":{"allow":["GET"]}}],"collection":[{"href":"https:\/\/nuevo-renacer.com\/ru\/wp-json\/wp\/v2\/pages"}],"about":[{"href":"https:\/\/nuevo-renacer.com\/ru\/wp-json\/wp\/v2\/types\/page"}],"author":[{"embeddable":true,"href":"https:\/\/nuevo-renacer.com\/ru\/wp-json\/wp\/v2\/users\/1"}],"replies":[{"embeddable":true,"href":"https:\/\/nuevo-renacer.com\/ru\/wp-json\/wp\/v2\/comments?post=3877"}],"version-history":[{"count":1,"href":"https:\/\/nuevo-renacer.com\/ru\/wp-json\/wp\/v2\/pages\/3877\/revisions"}],"predecessor-version":[{"id":3880,"href":"https:\/\/nuevo-renacer.com\/ru\/wp-json\/wp\/v2\/pages\/3877\/revisions\/3880"}],"wp:featuredmedia":[{"embeddable":true,"href":"https:\/\/nuevo-renacer.com\/ru\/wp-json\/wp\/v2\/media\/3879"}],"wp:attachment":[{"href":"https:\/\/nuevo-renacer.com\/ru\/wp-json\/wp\/v2\/media?parent=3877"}],"curies":[{"name":"wp","href":"https:\/\/api.w.org\/{rel}","templated":true}]}}