{"id":3648,"date":"2024-07-10T15:05:03","date_gmt":"2024-07-10T15:05:03","guid":{"rendered":"https:\/\/ufec-mundial.com\/?page_id=3648"},"modified":"2024-07-10T15:11:28","modified_gmt":"2024-07-10T15:11:28","slug":"duele-la-partida-al-otro-plano","status":"publish","type":"page","link":"https:\/\/nuevo-renacer.com\/ru\/duele-la-partida-al-otro-plano\/","title":{"rendered":"\u00bfDUELE LA PARTIDA AL OTRO PLANO?"},"content":{"rendered":"<div class=\"wp-block-uagb-container uagb-block-d7fee15d alignfull uagb-is-root-container\"><div class=\"uagb-container-inner-blocks-wrap\">\n<p class=\"has-black-color has-text-color has-link-color has-medium-font-size wp-elements-ea6705255111fbdbacad1d1118a21e7a\"><strong>\u00bfDuele la partida al otro plano?<\/strong>&nbsp;<\/p>\n<\/div><\/div>\n\n\n\n<div class=\"wp-block-uagb-container uagb-block-6c9e70a2 alignfull uagb-is-root-container\"><div class=\"uagb-container-inner-blocks-wrap\">\n<div class=\"wp-block-uagb-image uagb-block-c0f83d4a wp-block-uagb-image--layout-default wp-block-uagb-image--effect-static wp-block-uagb-image--align-none\"><figure class=\"wp-block-uagb-image__figure\"><img loading=\"lazy\" decoding=\"async\" srcset=\"https:\/\/ufec-mundial.com\/wp-content\/uploads\/2024\/07\/418742088_7346717152015370_1721742364584175268_n-1024x1024.jpg ,https:\/\/ufec-mundial.com\/wp-content\/uploads\/2024\/07\/418742088_7346717152015370_1721742364584175268_n.jpg 780w, https:\/\/ufec-mundial.com\/wp-content\/uploads\/2024\/07\/418742088_7346717152015370_1721742364584175268_n.jpg 360w\" sizes=\"auto, (max-width: 480px) 150px\" src=\"https:\/\/ufec-mundial.com\/wp-content\/uploads\/2024\/07\/418742088_7346717152015370_1721742364584175268_n-1024x1024.jpg\" alt=\"\" class=\"uag-image-3649\" width=\"325\" height=\"325\" title=\"418742088_7346717152015370_1721742364584175268_n\" role=\"img\"\/><\/figure><\/div>\n<\/div><\/div>\n\n\n\n<div class=\"wp-block-uagb-container uagb-block-783c2346 alignfull uagb-is-root-container\"><div class=\"uagb-container-inner-blocks-wrap\">\n<p class=\"has-black-color has-text-color has-link-color has-small-font-size wp-elements-6ba37301968643052114575d2984cdab\">Thomas Fleischmann&nbsp;<\/p>\n\n\n\n<p class=\"has-black-color has-text-color has-link-color has-small-font-size wp-elements-267d2efe7a934209823c80965878a444\">M\u00e9dico de urgencias con m\u00e1s de 35 a\u00f1os de experiencia. Investigo en personas que vivieron una experiencia cercana a la muerte, que estuvieron cl\u00ednicamente muertos pero regresaron luego de presenciar lo que hab\u00eda en el otro plano. Thomas Fleischman, divide la experiencia en 5 etapas, y est\u00e1s concuerdan con las informadas por los esp\u00edritus superiores a Allan Kardec, sobre todo en el libro \u00abEl Cielo y el Infierno\u00bb&nbsp;<\/p>\n\n\n\n<p class=\"has-black-color has-text-color has-link-color has-small-font-size wp-elements-9147ba25b89eca64b50a83b2ddd6a489\"><strong>Primera Etapa<\/strong><\/p>\n\n\n\n<p class=\"has-black-color has-text-color has-link-color has-small-font-size wp-elements-ec881b2600ac51f9cdfd11f812dc351d\">De manera repentina deja de sufrir, desaparece todo el dolor. \u201cEl miedo, ansiedad y los ruidos desaparecen, solo hay paz, calma y tranquilidad, algunos reportan alegr\u00eda y una visi\u00f3n, en ese momento se percatan de que est\u00e1 muertos\u00bb.&nbsp;<\/p>\n\n\n\n<p class=\"has-black-color has-text-color has-link-color has-small-font-size wp-elements-cfe80e5e0336ee36579d9b131eb2c0cf\"><strong>Segunda Etapa<\/strong><\/p>\n\n\n\n<p class=\"has-black-color has-text-color has-link-color has-small-font-size wp-elements-fb9a83500abb40dcf8c4441ec5ae1d09\">\u201cPueden vernos y escucharnos desde arriba (volitan)\u201d.&nbsp;<\/p>\n\n\n\n<p class=\"has-black-color has-text-color has-link-color has-small-font-size wp-elements-ee7f356638f1f66d3f97865da0223d8e\"><strong>Tercera Etapa<\/strong><\/p>\n\n\n\n<p class=\"has-black-color has-text-color has-link-color has-small-font-size wp-elements-6f250bebc7ce1620f7400a5de56ea5c5\">Paz y comodidad. El 98% de las personas se sienten c\u00f3modas y en paz, el 2% afirm\u00f3 vivir situaciones extra\u00f1as como ruidos, olores o criaturas asustadadoras.&nbsp;<\/p>\n\n\n\n<p class=\"has-black-color has-text-color has-link-color has-small-font-size wp-elements-3117b5223fe4539b72efc790765d250c\"><strong>Cuarta Etapa<\/strong><\/p>\n\n\n\n<p class=\"has-black-color has-text-color has-link-color has-small-font-size wp-elements-8ed2365f7fe4a9dfcc01c9975bc1036b\">En medio de una oscuridad total, comienza a brillar una luz c\u00e1lida y muy atractiva, a la que se conocer\u00eda como \u201cla luz al final del t\u00fanel\u201d. \u201cSe sienten fuertemente atra\u00eddas, vuelan hacia ella, la que se va haciendo m\u00e1s clara, brillante y se acerca\u201d.&nbsp;<\/p>\n\n\n\n<p class=\"has-black-color has-text-color has-link-color has-small-font-size wp-elements-cc43251bd4fa073c12a90c4abe038fbe\"><strong>Quinta y \u00faltima Etapa<\/strong><\/p>\n\n\n\n<p class=\"has-black-color has-text-color has-link-color has-small-font-size wp-elements-8a6bd4473771cc7da545eaaf2a2536cc\">Los sobrevivientes que logran regresar refieren \u201cUn entorno hermoso, con bellos colores y en muchos casos con m\u00fasica y un sentimiento de amor incondicional\u201d.&nbsp;<\/p>\n\n\n\n<p class=\"has-black-color has-text-color has-link-color has-small-font-size wp-elements-9c92aa6a0595ac360d18e6ba95a4c7b6\">S\u00f3lo el diez por ciento de los supervivientes alcanzan la quinta y \u00faltima fase, y pueden retornar.&nbsp;<\/p>\n\n\n\n<p class=\"has-black-color has-text-color has-link-color has-small-font-size wp-elements-2932d6339b8c18c278f13882e61eb9e5\">Abundantes estudios nos confirman la validez de los dictados por los esp\u00edritus superiores y compilados por Allan Kardec.&nbsp;<\/p>\n\n\n\n<p class=\"has-black-color has-text-color has-link-color has-small-font-size wp-elements-51abb94ec5e2c8e6031a656e5c334311\"><strong>LA MUERTE NO EXISTE.<\/strong>&nbsp;<\/p>\n<\/div><\/div>","protected":false},"excerpt":{"rendered":"<p>\u00bfDuele la partida al otro plano?&nbsp; Thomas Fleischmann&nbsp; M\u00e9dico de urgencias con m\u00e1s de 35 a\u00f1os de experiencia. Investigo en personas que vivieron una experiencia cercana a la muerte, que estuvieron cl\u00ednicamente muertos pero regresaron luego de presenciar lo que hab\u00eda en el otro plano. Thomas Fleischman, divide la experiencia en 5 etapas, y est\u00e1s [&hellip;]<\/p>","protected":false},"author":1,"featured_media":0,"parent":0,"menu_order":0,"comment_status":"closed","ping_status":"closed","template":"","meta":{"_uag_custom_page_level_css":"","site-sidebar-layout":"default","site-content-layout":"","ast-site-content-layout":"default","site-content-style":"default","site-sidebar-style":"default","ast-global-header-display":"","ast-banner-title-visibility":"","ast-main-header-display":"","ast-hfb-above-header-display":"","ast-hfb-below-header-display":"","ast-hfb-mobile-header-display":"","site-post-title":"disabled","ast-breadcrumbs-content":"","ast-featured-img":"","footer-sml-layout":"","theme-transparent-header-meta":"","adv-header-id-meta":"","stick-header-meta":"","header-above-stick-meta":"","header-main-stick-meta":"","header-below-stick-meta":"","astra-migrate-meta-layouts":"set","ast-page-background-enabled":"default","ast-page-background-meta":{"desktop":{"background-color":"var(--ast-global-color-4)","background-image":"","background-repeat":"repeat","background-position":"center center","background-size":"auto","background-attachment":"scroll","background-type":"","background-media":"","overlay-type":"","overlay-color":"","overlay-opacity":"","overlay-gradient":""},"tablet":{"background-color":"","background-image":"","background-repeat":"repeat","background-position":"center center","background-size":"auto","background-attachment":"scroll","background-type":"","background-media":"","overlay-type":"","overlay-color":"","overlay-opacity":"","overlay-gradient":""},"mobile":{"background-color":"","background-image":"","background-repeat":"repeat","background-position":"center center","background-size":"auto","background-attachment":"scroll","background-type":"","background-media":"","overlay-type":"","overlay-color":"","overlay-opacity":"","overlay-gradient":""}},"ast-content-background-meta":{"desktop":{"background-color":"var(--ast-global-color-5)","background-image":"","background-repeat":"repeat","background-position":"center center","background-size":"auto","background-attachment":"scroll","background-type":"","background-media":"","overlay-type":"","overlay-color":"","overlay-opacity":"","overlay-gradient":""},"tablet":{"background-color":"var(--ast-global-color-5)","background-image":"","background-repeat":"repeat","background-position":"center center","background-size":"auto","background-attachment":"scroll","background-type":"","background-media":"","overlay-type":"","overlay-color":"","overlay-opacity":"","overlay-gradient":""},"mobile":{"background-color":"var(--ast-global-color-5)","background-image":"","background-repeat":"repeat","background-position":"center center","background-size":"auto","background-attachment":"scroll","background-type":"","background-media":"","overlay-type":"","overlay-color":"","overlay-opacity":"","overlay-gradient":""}},"footnotes":""},"class_list":["post-3648","page","type-page","status-publish","hentry"],"yoast_head":"<!-- This site is optimized with the Yoast SEO Premium plugin v24.2 (Yoast SEO v24.6) - https:\/\/yoast.com\/wordpress\/plugins\/seo\/ -->\n<title>\u00bfDUELE LA PARTIDA AL OTRO PLANO? - Uni\u00f3n Esp\u00edrita<\/title>\n<meta name=\"robots\" content=\"index, follow, max-snippet:-1, max-image-preview:large, max-video-preview:-1\" \/>\n<link rel=\"canonical\" href=\"https:\/\/nuevo-renacer.com\/ru\/duele-la-partida-al-otro-plano\/\" \/>\n<meta property=\"og:locale\" content=\"ru_RU\" \/>\n<meta property=\"og:type\" content=\"article\" \/>\n<meta property=\"og:title\" content=\"\u00bfDUELE LA PARTIDA AL OTRO PLANO?\" \/>\n<meta property=\"og:description\" content=\"\u00bfDuele la partida al otro plano?&nbsp; Thomas Fleischmann&nbsp; M\u00e9dico de urgencias con m\u00e1s de 35 a\u00f1os de experiencia. Investigo en personas que vivieron una experiencia cercana a la muerte, que estuvieron cl\u00ednicamente muertos pero regresaron luego de presenciar lo que hab\u00eda en el otro plano. Thomas Fleischman, divide la experiencia en 5 etapas, y est\u00e1s [&hellip;]\" \/>\n<meta property=\"og:url\" content=\"https:\/\/nuevo-renacer.com\/ru\/duele-la-partida-al-otro-plano\/\" \/>\n<meta property=\"og:site_name\" content=\"Uni\u00f3n Esp\u00edrita\" \/>\n<meta property=\"article:publisher\" content=\"https:\/\/www.facebook.com\/groups\/3431398063740829\" \/>\n<meta property=\"article:modified_time\" content=\"2024-07-10T15:11:28+00:00\" \/>\n<meta property=\"og:image\" content=\"https:\/\/ufec-mundial.com\/wp-content\/uploads\/2024\/07\/418742088_7346717152015370_1721742364584175268_n-1024x1024.jpg\" \/>\n<meta name=\"twitter:card\" content=\"summary_large_image\" \/>\n<meta name=\"twitter:label1\" content=\"\u041f\u0440\u0438\u043c\u0435\u0440\u043d\u043e\u0435 \u0432\u0440\u0435\u043c\u044f \u0434\u043b\u044f \u0447\u0442\u0435\u043d\u0438\u044f\" \/>\n\t<meta name=\"twitter:data1\" content=\"1 \u043c\u0438\u043d\u0443\u0442\u0430\" \/>\n<script type=\"application\/ld+json\" class=\"yoast-schema-graph\">{\"@context\":\"https:\/\/schema.org\",\"@graph\":[{\"@type\":\"WebPage\",\"@id\":\"https:\/\/nuevo-renacer.com\/duele-la-partida-al-otro-plano\/\",\"url\":\"https:\/\/nuevo-renacer.com\/duele-la-partida-al-otro-plano\/\",\"name\":\"\u00bfDUELE LA PARTIDA AL OTRO PLANO? - Uni\u00f3n Esp\u00edrita\",\"isPartOf\":{\"@id\":\"https:\/\/nuevo-renacer.com\/#website\"},\"primaryImageOfPage\":{\"@id\":\"https:\/\/nuevo-renacer.com\/duele-la-partida-al-otro-plano\/#primaryimage\"},\"image\":{\"@id\":\"https:\/\/nuevo-renacer.com\/duele-la-partida-al-otro-plano\/#primaryimage\"},\"thumbnailUrl\":\"https:\/\/ufec-mundial.com\/wp-content\/uploads\/2024\/07\/418742088_7346717152015370_1721742364584175268_n-1024x1024.jpg\",\"datePublished\":\"2024-07-10T15:05:03+00:00\",\"dateModified\":\"2024-07-10T15:11:28+00:00\",\"breadcrumb\":{\"@id\":\"https:\/\/nuevo-renacer.com\/duele-la-partida-al-otro-plano\/#breadcrumb\"},\"inLanguage\":\"ru-RU\",\"potentialAction\":[{\"@type\":\"ReadAction\",\"target\":[\"https:\/\/nuevo-renacer.com\/duele-la-partida-al-otro-plano\/\"]}]},{\"@type\":\"ImageObject\",\"inLanguage\":\"ru-RU\",\"@id\":\"https:\/\/nuevo-renacer.com\/duele-la-partida-al-otro-plano\/#primaryimage\",\"url\":\"https:\/\/ufec-mundial.com\/wp-content\/uploads\/2024\/07\/418742088_7346717152015370_1721742364584175268_n-1024x1024.jpg\",\"contentUrl\":\"https:\/\/ufec-mundial.com\/wp-content\/uploads\/2024\/07\/418742088_7346717152015370_1721742364584175268_n-1024x1024.jpg\"},{\"@type\":\"BreadcrumbList\",\"@id\":\"https:\/\/nuevo-renacer.com\/duele-la-partida-al-otro-plano\/#breadcrumb\",\"itemListElement\":[{\"@type\":\"ListItem\",\"position\":1,\"name\":\"Startseite\",\"item\":\"https:\/\/nuevo-renacer.com\/\"},{\"@type\":\"ListItem\",\"position\":2,\"name\":\"\u00bfDUELE LA PARTIDA AL OTRO PLANO?\"}]},{\"@type\":\"WebSite\",\"@id\":\"https:\/\/nuevo-renacer.com\/#website\",\"url\":\"https:\/\/nuevo-renacer.com\/\",\"name\":\"Uni\u00f3n Esp\u00edrita\",\"description\":\"Nuevo Renacer\",\"publisher\":{\"@id\":\"https:\/\/nuevo-renacer.com\/#organization\"},\"potentialAction\":[{\"@type\":\"SearchAction\",\"target\":{\"@type\":\"EntryPoint\",\"urlTemplate\":\"https:\/\/nuevo-renacer.com\/?s={search_term_string}\"},\"query-input\":{\"@type\":\"PropertyValueSpecification\",\"valueRequired\":true,\"valueName\":\"search_term_string\"}}],\"inLanguage\":\"ru-RU\"},{\"@type\":\"Organization\",\"@id\":\"https:\/\/nuevo-renacer.com\/#organization\",\"name\":\"UFEC\",\"url\":\"https:\/\/nuevo-renacer.com\/\",\"logo\":{\"@type\":\"ImageObject\",\"inLanguage\":\"ru-RU\",\"@id\":\"https:\/\/nuevo-renacer.com\/#\/schema\/logo\/image\/\",\"url\":\"https:\/\/nuevo-renacer.com\/wp-content\/uploads\/2024\/05\/cropped-LOGO-TERMINADO1-3-3.png\",\"contentUrl\":\"https:\/\/nuevo-renacer.com\/wp-content\/uploads\/2024\/05\/cropped-LOGO-TERMINADO1-3-3.png\",\"width\":512,\"height\":512,\"caption\":\"UFEC\"},\"image\":{\"@id\":\"https:\/\/nuevo-renacer.com\/#\/schema\/logo\/image\/\"},\"sameAs\":[\"https:\/\/www.facebook.com\/groups\/3431398063740829\"]}]}<\/script>\n<!-- \/ Yoast SEO Premium plugin. -->","yoast_head_json":{"title":"\u00bfDUELE LA PARTIDA AL OTRO PLANO? - Uni\u00f3n Esp\u00edrita","robots":{"index":"index","follow":"follow","max-snippet":"max-snippet:-1","max-image-preview":"max-image-preview:large","max-video-preview":"max-video-preview:-1"},"canonical":"https:\/\/nuevo-renacer.com\/ru\/duele-la-partida-al-otro-plano\/","og_locale":"ru_RU","og_type":"article","og_title":"\u00bfDUELE LA PARTIDA AL OTRO PLANO?","og_description":"\u00bfDuele la partida al otro plano?&nbsp; Thomas Fleischmann&nbsp; M\u00e9dico de urgencias con m\u00e1s de 35 a\u00f1os de experiencia. Investigo en personas que vivieron una experiencia cercana a la muerte, que estuvieron cl\u00ednicamente muertos pero regresaron luego de presenciar lo que hab\u00eda en el otro plano. Thomas Fleischman, divide la experiencia en 5 etapas, y est\u00e1s [&hellip;]","og_url":"https:\/\/nuevo-renacer.com\/ru\/duele-la-partida-al-otro-plano\/","og_site_name":"Uni\u00f3n Esp\u00edrita","article_publisher":"https:\/\/www.facebook.com\/groups\/3431398063740829","article_modified_time":"2024-07-10T15:11:28+00:00","og_image":[{"url":"https:\/\/ufec-mundial.com\/wp-content\/uploads\/2024\/07\/418742088_7346717152015370_1721742364584175268_n-1024x1024.jpg","type":"","width":"","height":""}],"twitter_card":"summary_large_image","twitter_misc":{"\u041f\u0440\u0438\u043c\u0435\u0440\u043d\u043e\u0435 \u0432\u0440\u0435\u043c\u044f \u0434\u043b\u044f \u0447\u0442\u0435\u043d\u0438\u044f":"1 \u043c\u0438\u043d\u0443\u0442\u0430"},"schema":{"@context":"https:\/\/schema.org","@graph":[{"@type":"WebPage","@id":"https:\/\/nuevo-renacer.com\/duele-la-partida-al-otro-plano\/","url":"https:\/\/nuevo-renacer.com\/duele-la-partida-al-otro-plano\/","name":"\u00bfDUELE LA PARTIDA AL OTRO PLANO? - Uni\u00f3n Esp\u00edrita","isPartOf":{"@id":"https:\/\/nuevo-renacer.com\/#website"},"primaryImageOfPage":{"@id":"https:\/\/nuevo-renacer.com\/duele-la-partida-al-otro-plano\/#primaryimage"},"image":{"@id":"https:\/\/nuevo-renacer.com\/duele-la-partida-al-otro-plano\/#primaryimage"},"thumbnailUrl":"https:\/\/ufec-mundial.com\/wp-content\/uploads\/2024\/07\/418742088_7346717152015370_1721742364584175268_n-1024x1024.jpg","datePublished":"2024-07-10T15:05:03+00:00","dateModified":"2024-07-10T15:11:28+00:00","breadcrumb":{"@id":"https:\/\/nuevo-renacer.com\/duele-la-partida-al-otro-plano\/#breadcrumb"},"inLanguage":"ru-RU","potentialAction":[{"@type":"ReadAction","target":["https:\/\/nuevo-renacer.com\/duele-la-partida-al-otro-plano\/"]}]},{"@type":"ImageObject","inLanguage":"ru-RU","@id":"https:\/\/nuevo-renacer.com\/duele-la-partida-al-otro-plano\/#primaryimage","url":"https:\/\/ufec-mundial.com\/wp-content\/uploads\/2024\/07\/418742088_7346717152015370_1721742364584175268_n-1024x1024.jpg","contentUrl":"https:\/\/ufec-mundial.com\/wp-content\/uploads\/2024\/07\/418742088_7346717152015370_1721742364584175268_n-1024x1024.jpg"},{"@type":"BreadcrumbList","@id":"https:\/\/nuevo-renacer.com\/duele-la-partida-al-otro-plano\/#breadcrumb","itemListElement":[{"@type":"ListItem","position":1,"name":"Startseite","item":"https:\/\/nuevo-renacer.com\/"},{"@type":"ListItem","position":2,"name":"\u00bfDUELE LA PARTIDA AL OTRO PLANO?"}]},{"@type":"WebSite","@id":"https:\/\/nuevo-renacer.com\/#website","url":"https:\/\/nuevo-renacer.com\/","name":"Uni\u00f3n Esp\u00edrita","description":"Nuevo Renacer","publisher":{"@id":"https:\/\/nuevo-renacer.com\/#organization"},"potentialAction":[{"@type":"SearchAction","target":{"@type":"EntryPoint","urlTemplate":"https:\/\/nuevo-renacer.com\/?s={search_term_string}"},"query-input":{"@type":"PropertyValueSpecification","valueRequired":true,"valueName":"search_term_string"}}],"inLanguage":"ru-RU"},{"@type":"Organization","@id":"https:\/\/nuevo-renacer.com\/#organization","name":"UFEC","url":"https:\/\/nuevo-renacer.com\/","logo":{"@type":"ImageObject","inLanguage":"ru-RU","@id":"https:\/\/nuevo-renacer.com\/#\/schema\/logo\/image\/","url":"https:\/\/nuevo-renacer.com\/wp-content\/uploads\/2024\/05\/cropped-LOGO-TERMINADO1-3-3.png","contentUrl":"https:\/\/nuevo-renacer.com\/wp-content\/uploads\/2024\/05\/cropped-LOGO-TERMINADO1-3-3.png","width":512,"height":512,"caption":"UFEC"},"image":{"@id":"https:\/\/nuevo-renacer.com\/#\/schema\/logo\/image\/"},"sameAs":["https:\/\/www.facebook.com\/groups\/3431398063740829"]}]}},"uagb_featured_image_src":{"full":false,"thumbnail":false,"medium":false,"medium_large":false,"large":false,"1536x1536":false,"2048x2048":false,"trp-custom-language-flag":false},"uagb_author_info":{"display_name":"adbv0","author_link":"https:\/\/nuevo-renacer.com\/ru\/author\/adbv0\/"},"uagb_comment_info":0,"uagb_excerpt":"\u00bfDuele la partida al otro plano?&nbsp; Thomas Fleischmann&nbsp; M\u00e9dico de urgencias con m\u00e1s de 35 a\u00f1os de experiencia. Investigo en personas que vivieron una experiencia cercana a la muerte, que estuvieron cl\u00ednicamente muertos pero regresaron luego de presenciar lo que hab\u00eda en el otro plano. Thomas Fleischman, divide la experiencia en 5 etapas, y est\u00e1s&hellip;","jetpack_sharing_enabled":true,"_links":{"self":[{"href":"https:\/\/nuevo-renacer.com\/ru\/wp-json\/wp\/v2\/pages\/3648","targetHints":{"allow":["GET"]}}],"collection":[{"href":"https:\/\/nuevo-renacer.com\/ru\/wp-json\/wp\/v2\/pages"}],"about":[{"href":"https:\/\/nuevo-renacer.com\/ru\/wp-json\/wp\/v2\/types\/page"}],"author":[{"embeddable":true,"href":"https:\/\/nuevo-renacer.com\/ru\/wp-json\/wp\/v2\/users\/1"}],"replies":[{"embeddable":true,"href":"https:\/\/nuevo-renacer.com\/ru\/wp-json\/wp\/v2\/comments?post=3648"}],"version-history":[{"count":4,"href":"https:\/\/nuevo-renacer.com\/ru\/wp-json\/wp\/v2\/pages\/3648\/revisions"}],"predecessor-version":[{"id":3654,"href":"https:\/\/nuevo-renacer.com\/ru\/wp-json\/wp\/v2\/pages\/3648\/revisions\/3654"}],"wp:attachment":[{"href":"https:\/\/nuevo-renacer.com\/ru\/wp-json\/wp\/v2\/media?parent=3648"}],"curies":[{"name":"wp","href":"https:\/\/api.w.org\/{rel}","templated":true}]}}