{"id":8920,"date":"2026-04-27T11:20:40","date_gmt":"2026-04-27T11:20:40","guid":{"rendered":"https:\/\/nuevo-renacer.com\/?page_id=8920"},"modified":"2026-04-27T11:37:35","modified_gmt":"2026-04-27T11:37:35","slug":"baron-johann-ludwig-de-guldenstubbe","status":"publish","type":"page","link":"https:\/\/nuevo-renacer.com\/pt\/baron-johann-ludwig-de-guldenstubbe\/","title":{"rendered":"Bar\u00f3n Johann Ludwig Guldenstubb\u00e9"},"content":{"rendered":"<div class=\"wp-block-uagb-container uagb-block-a0ac9e78 alignfull uagb-is-root-container\"><div class=\"uagb-container-inner-blocks-wrap\">\n<p class=\"has-black-color has-text-color has-link-color has-medium-font-size wp-elements-6f789286fc0a12348b2f1d7c015553e6\"><strong>Bar\u00e3o <strong>Johann Ludwig<\/strong> de Guldenstubb\u00e9<\/strong><\/p>\n<\/div><\/div>\n\n\n\n<div class=\"wp-block-uagb-container uagb-block-6ad5079c alignfull uagb-is-root-container\"><div class=\"uagb-container-inner-blocks-wrap\">\n<figure class=\"wp-block-image size-full is-resized\"><img fetchpriority=\"high\" decoding=\"async\" width=\"517\" height=\"700\" src=\"https:\/\/nuevo-renacer.com\/wp-content\/uploads\/2026\/04\/Baron-de-Guldenstubbe.jpg\" alt=\"\" class=\"wp-image-8921\" style=\"aspect-ratio:0.7385785079084923;width:208px;height:auto\" srcset=\"https:\/\/nuevo-renacer.com\/wp-content\/uploads\/2026\/04\/Baron-de-Guldenstubbe.jpg 517w, https:\/\/nuevo-renacer.com\/wp-content\/uploads\/2026\/04\/Baron-de-Guldenstubbe-222x300.jpg 222w, https:\/\/nuevo-renacer.com\/wp-content\/uploads\/2026\/04\/Baron-de-Guldenstubbe-9x12.jpg 9w\" sizes=\"(max-width: 517px) 100vw, 517px\" \/><\/figure>\n<\/div><\/div>\n\n\n\n<div class=\"wp-block-uagb-container uagb-block-0710c434 alignfull uagb-is-root-container\"><div class=\"uagb-container-inner-blocks-wrap\">\n<p class=\"has-black-color has-text-color has-link-color has-small-font-size wp-elements-c55a92d0a4a90f1e38e626b4fdda41a4\">Este grande paladino do Espiritismo foi um grande trabalhador das primeiras horas do Espiritismo, um grande pesquisador da alma e que teve tamb\u00e9m as suas obras queimadas na Espanha pela Santa Inquisi\u00e7\u00e3o no dia 9 de outubro de 1861 no conhecido AUTO-DE-F\u00c9 EM BARCELONA. O Bar\u00e3o Johann Ludwig Guldenstubb\u00e9, que deixou a vida em 27 de maio de 1873, na sua resid\u00eancia, em Paris, 29 rua de Tr\u00e9vise, aos 53 anos de idade, foi conhecido principalmente por suas investiga\u00e7\u00f5es e experi\u00eancias em pneumatografia. De origem sueca, pertencia a antiga familia escandinava, de nomeada hist\u00f3rica, tendo dois dos seus antepassados do mesmo nome sido queimados vivos, em 1309, na companhia de Jaques de Molav, por ordem do Papa Clemente IV. O Bar\u00e3o passava uma vida retirada, em companhia de sua virtuosa irm\u00e3. Sua mem\u00f3ria \u00e9 afetuosamente respeitada por sua conduta nobre, urbana e ben\u00e9vola e por seus numerosos atos de modesta caridade. Dedicou-se mais \u00e0s experi\u00eancias da escrita direta, na Fran\u00e7a onde obteve em 13 de agosto de 1856, o primeiro sucesso nessa modalidade de comunica\u00e7\u00e3o esp\u00edrita. Escreveu o livro intitulado \"La R\u00e9alit\u00e9 des Spirites et de leurs Manifestations\" (A Realidade dos Esp\u00edritos e de suas Manifesta\u00e7\u00f5es). E tamb\u00e9m a obra Pens\u00e9es d'outre-tombe (1858).\nEm poucos anos de trabalhos experimentais, o Bar\u00e3o obteve um n\u00famero consider\u00e1vel de escrita direta, algumas obtidas sem o aux\u00edlio de l\u00e1pis, papel ou ard\u00f3sia. Os pr\u00f3prios esp\u00edritos comunicantes transportavam o material necess\u00e1rio para a obten\u00e7\u00e3o das mensagens. \u201cEsses fen\u00f4menos\u201d, diz ele \u201cest\u00e3o agora firmados sobre a base s\u00f3lida dos fatos, permitindo que de ora em diante consideremos a imortalidade da alma como um fato cient\u00edfico, e o Espiritismo como uma ponte lan\u00e7ada entre este mundo e o Invis\u00edvel.\u201d<\/p>\n\n\n\n<p class=\"has-black-color has-text-color has-link-color wp-elements-41296d4a759c76bdea7ffc12860abcfb\"><strong>Escrita Direta<\/strong><\/p>\n\n\n\n<p class=\"has-black-color has-text-color has-link-color has-small-font-size wp-elements-23aaa33cd351e74b13924c5b6d0647db\">O Bar\u00e3o de Guldenstubb\u00e9 foi o primeiro que obteve, na Fran\u00e7a, a escrita directa. Eis como ele relata o facto (\u201cLa R\u00e9alit\u00e9 des Esprits\u201d, p\u00e1gs. 66 e 67): \u201cEm um belo dia (1.\u00ba de Agosto de 1856), veio-lhe o pensamento de experimentar se os Esp\u00edritos podiam escrever directamente, sem o aux\u00edlio de um m\u00e9dium. Conhecendo a escrita directa misteriosa do Dec\u00e1logo, segundo Mois\u00e9s, a escrita igualmente directa e misteriosa na sala do festim do Rei Baltasar, segundo Daniel, e tendo ouvido falar dos mist\u00e9rios modernos de Straford, na Am\u00e9rica, onde se acharam certos caracteres ileg\u00edveis e estranhos tra\u00e7ados num peda\u00e7o de papel e que n\u00e3o pareciam provir dos m\u00e9diuns; o autor quis certificar-se da realidade de um fen\u00f3meno cujo alcance seria imenso, se fosse verdadeiro. \u201cColocou, portanto, uma folha de papel em branco e um l\u00e1pis aparado dentro de uma caixinha fechada a chave, guardando sempre essa chave consigo e a ningu\u00e9m dando parte da sua experi\u00eancia. Durante doze dias esperou inutilmente, sem observar o menor tra\u00e7o de l\u00e1pis no papel; mas, a 13 de Agosto de 1856, o seu espanto foi grande quando notou certos caracteres misteriosos no papel; apenas sucedeu tal facto, e ele repetiu por dez vezes a experi\u00eancia no mesmo dia, para sempre memor\u00e1vel, colocando, no fim de cada meia hora, uma nova folha de papel em branco na caixinha. A experi\u00eancia foi coroada de \u00eaxito completo. \u201cNo dia imediato, 14 de Agosto, fez de novo umas vinte experi\u00eancias, deixando a caixinha aberta e n\u00e3o a perdendo de vista; viu, ent\u00e3o, que caracteres e palavras na l\u00edngua est\u00f3nia formavam-se ou eram gravadas no papel, sem que o l\u00e1pis se movesse. Desde ent\u00e3o, vendo a inutilidade do l\u00e1pis, cessou de p\u00f4-lo sobre o papel; e, colocando simplesmente uma folha de papel dentro de uma gaveta, em sua casa, obteve tamb\u00e9m comunica\u00e7\u00f5es.\u201d (No fim da obra do Bar\u00e3o encontram-se fac-similes dessas escritas). O Bar\u00e3o de Guldenstubb\u00e9 repetiu a experi\u00eancia em presen\u00e7a do Conde d\u2019Ourches, e este obteve uma comunica\u00e7\u00e3o de sua m\u00e3e, cuja assinatura e letra foram reconhecidas como aut\u00eanticas, quando comparadas com as dos aut\u00f3grafos que o Conde possu\u00eda. Esses primeiros ensaios foram seguidos de muitos outros, e o autor adquiriu a certeza de n\u00e3o ser ele quem escrevia em estado sonamb\u00falico, como julgou a princ\u00edpio.<\/p>\n<\/div><\/div>\n\n\n\n<div class=\"wp-block-uagb-container uagb-block-f4f3bbb7 alignfull uagb-is-root-container\"><div class=\"uagb-container-inner-blocks-wrap\"><\/div><\/div>\n\n\n\n<div class=\"wp-block-uagb-container uagb-block-00204ec5 alignfull uagb-is-root-container\"><div class=\"uagb-container-inner-blocks-wrap\"><\/div><\/div>","protected":false},"excerpt":{"rendered":"<p>Bar\u00f3n Johann Ludwig de Guldenstubb\u00e9 Este gran palad\u00edn del Espiritismo fue un importante trabajador de las primeras horas del Espiritismo, un gran investigador del alma y cuyas obras tambi\u00e9n fueron quemadas en Espa\u00f1a por la Santa Inquisici\u00f3n el 9 de octubre de 1861 en el conocido AUTO DE FE EN BARCELONA. El bar\u00f3n Johann Ludwig [&hellip;]<\/p>","protected":false},"author":1,"featured_media":0,"parent":0,"menu_order":0,"comment_status":"closed","ping_status":"closed","template":"","meta":{"_uag_custom_page_level_css":"","site-sidebar-layout":"default","site-content-layout":"","ast-site-content-layout":"default","site-content-style":"default","site-sidebar-style":"default","ast-global-header-display":"","ast-banner-title-visibility":"","ast-main-header-display":"","ast-hfb-above-header-display":"","ast-hfb-below-header-display":"","ast-hfb-mobile-header-display":"","site-post-title":"disabled","ast-breadcrumbs-content":"","ast-featured-img":"","footer-sml-layout":"","theme-transparent-header-meta":"","adv-header-id-meta":"","stick-header-meta":"","header-above-stick-meta":"","header-main-stick-meta":"","header-below-stick-meta":"","astra-migrate-meta-layouts":"set","ast-page-background-enabled":"default","ast-page-background-meta":{"desktop":{"background-color":"var(--ast-global-color-4)","background-image":"","background-repeat":"repeat","background-position":"center center","background-size":"auto","background-attachment":"scroll","background-type":"","background-media":"","overlay-type":"","overlay-color":"","overlay-opacity":"","overlay-gradient":""},"tablet":{"background-color":"","background-image":"","background-repeat":"repeat","background-position":"center center","background-size":"auto","background-attachment":"scroll","background-type":"","background-media":"","overlay-type":"","overlay-color":"","overlay-opacity":"","overlay-gradient":""},"mobile":{"background-color":"","background-image":"","background-repeat":"repeat","background-position":"center center","background-size":"auto","background-attachment":"scroll","background-type":"","background-media":"","overlay-type":"","overlay-color":"","overlay-opacity":"","overlay-gradient":""}},"ast-content-background-meta":{"desktop":{"background-color":"var(--ast-global-color-5)","background-image":"","background-repeat":"repeat","background-position":"center center","background-size":"auto","background-attachment":"scroll","background-type":"","background-media":"","overlay-type":"","overlay-color":"","overlay-opacity":"","overlay-gradient":""},"tablet":{"background-color":"var(--ast-global-color-5)","background-image":"","background-repeat":"repeat","background-position":"center center","background-size":"auto","background-attachment":"scroll","background-type":"","background-media":"","overlay-type":"","overlay-color":"","overlay-opacity":"","overlay-gradient":""},"mobile":{"background-color":"var(--ast-global-color-5)","background-image":"","background-repeat":"repeat","background-position":"center center","background-size":"auto","background-attachment":"scroll","background-type":"","background-media":"","overlay-type":"","overlay-color":"","overlay-opacity":"","overlay-gradient":""}},"footnotes":""},"class_list":["post-8920","page","type-page","status-publish","hentry"],"yoast_head":"<!-- This site is optimized with the Yoast SEO Premium plugin v24.2 (Yoast SEO v24.6) - https:\/\/yoast.com\/wordpress\/plugins\/seo\/ -->\n<title>Bar\u00f3n Johann Ludwig Guldenstubb\u00e9 - Uni\u00f3n Esp\u00edrita<\/title>\n<meta name=\"robots\" content=\"index, follow, max-snippet:-1, max-image-preview:large, max-video-preview:-1\" \/>\n<link rel=\"canonical\" href=\"https:\/\/nuevo-renacer.com\/pt\/baron-johann-ludwig-de-guldenstubbe\/\" \/>\n<meta property=\"og:locale\" content=\"pt_BR\" \/>\n<meta property=\"og:type\" content=\"article\" \/>\n<meta property=\"og:title\" content=\"Bar\u00f3n Johann Ludwig Guldenstubb\u00e9\" \/>\n<meta property=\"og:description\" content=\"Bar\u00f3n Johann Ludwig de Guldenstubb\u00e9 Este gran palad\u00edn del Espiritismo fue un importante trabajador de las primeras horas del Espiritismo, un gran investigador del alma y cuyas obras tambi\u00e9n fueron quemadas en Espa\u00f1a por la Santa Inquisici\u00f3n el 9 de octubre de 1861 en el conocido AUTO DE FE EN BARCELONA. El bar\u00f3n Johann Ludwig [&hellip;]\" \/>\n<meta property=\"og:url\" content=\"https:\/\/nuevo-renacer.com\/pt\/baron-johann-ludwig-de-guldenstubbe\/\" \/>\n<meta property=\"og:site_name\" content=\"Uni\u00f3n Esp\u00edrita\" \/>\n<meta property=\"article:publisher\" content=\"https:\/\/www.facebook.com\/groups\/3431398063740829\" \/>\n<meta property=\"article:modified_time\" content=\"2026-04-27T11:37:35+00:00\" \/>\n<meta property=\"og:image\" content=\"https:\/\/nuevo-renacer.com\/wp-content\/uploads\/2026\/04\/Baron-de-Guldenstubbe.jpg\" \/>\n\t<meta property=\"og:image:width\" content=\"517\" \/>\n\t<meta property=\"og:image:height\" content=\"700\" \/>\n\t<meta property=\"og:image:type\" content=\"image\/jpeg\" \/>\n<meta name=\"twitter:card\" content=\"summary_large_image\" \/>\n<meta name=\"twitter:label1\" content=\"Est. tempo de leitura\" \/>\n\t<meta name=\"twitter:data1\" content=\"5 minutos\" \/>\n<script type=\"application\/ld+json\" class=\"yoast-schema-graph\">{\"@context\":\"https:\/\/schema.org\",\"@graph\":[{\"@type\":\"WebPage\",\"@id\":\"https:\/\/nuevo-renacer.com\/baron-johann-ludwig-de-guldenstubbe\/\",\"url\":\"https:\/\/nuevo-renacer.com\/baron-johann-ludwig-de-guldenstubbe\/\",\"name\":\"Bar\u00f3n Johann Ludwig Guldenstubb\u00e9 - Uni\u00f3n Esp\u00edrita\",\"isPartOf\":{\"@id\":\"https:\/\/nuevo-renacer.com\/#website\"},\"primaryImageOfPage\":{\"@id\":\"https:\/\/nuevo-renacer.com\/baron-johann-ludwig-de-guldenstubbe\/#primaryimage\"},\"image\":{\"@id\":\"https:\/\/nuevo-renacer.com\/baron-johann-ludwig-de-guldenstubbe\/#primaryimage\"},\"thumbnailUrl\":\"https:\/\/nuevo-renacer.com\/wp-content\/uploads\/2026\/04\/Baron-de-Guldenstubbe.jpg\",\"datePublished\":\"2026-04-27T11:20:40+00:00\",\"dateModified\":\"2026-04-27T11:37:35+00:00\",\"breadcrumb\":{\"@id\":\"https:\/\/nuevo-renacer.com\/baron-johann-ludwig-de-guldenstubbe\/#breadcrumb\"},\"inLanguage\":\"pt-BR\",\"potentialAction\":[{\"@type\":\"ReadAction\",\"target\":[\"https:\/\/nuevo-renacer.com\/baron-johann-ludwig-de-guldenstubbe\/\"]}]},{\"@type\":\"ImageObject\",\"inLanguage\":\"pt-BR\",\"@id\":\"https:\/\/nuevo-renacer.com\/baron-johann-ludwig-de-guldenstubbe\/#primaryimage\",\"url\":\"https:\/\/nuevo-renacer.com\/wp-content\/uploads\/2026\/04\/Baron-de-Guldenstubbe.jpg\",\"contentUrl\":\"https:\/\/nuevo-renacer.com\/wp-content\/uploads\/2026\/04\/Baron-de-Guldenstubbe.jpg\"},{\"@type\":\"BreadcrumbList\",\"@id\":\"https:\/\/nuevo-renacer.com\/baron-johann-ludwig-de-guldenstubbe\/#breadcrumb\",\"itemListElement\":[{\"@type\":\"ListItem\",\"position\":1,\"name\":\"Startseite\",\"item\":\"https:\/\/nuevo-renacer.com\/\"},{\"@type\":\"ListItem\",\"position\":2,\"name\":\"Bar\u00f3n Johann Ludwig Guldenstubb\u00e9\"}]},{\"@type\":\"WebSite\",\"@id\":\"https:\/\/nuevo-renacer.com\/#website\",\"url\":\"https:\/\/nuevo-renacer.com\/\",\"name\":\"Uni\u00f3n Esp\u00edrita\",\"description\":\"Nuevo Renacer\",\"publisher\":{\"@id\":\"https:\/\/nuevo-renacer.com\/#organization\"},\"potentialAction\":[{\"@type\":\"SearchAction\",\"target\":{\"@type\":\"EntryPoint\",\"urlTemplate\":\"https:\/\/nuevo-renacer.com\/?s={search_term_string}\"},\"query-input\":{\"@type\":\"PropertyValueSpecification\",\"valueRequired\":true,\"valueName\":\"search_term_string\"}}],\"inLanguage\":\"pt-BR\"},{\"@type\":\"Organization\",\"@id\":\"https:\/\/nuevo-renacer.com\/#organization\",\"name\":\"UFEC\",\"url\":\"https:\/\/nuevo-renacer.com\/\",\"logo\":{\"@type\":\"ImageObject\",\"inLanguage\":\"pt-BR\",\"@id\":\"https:\/\/nuevo-renacer.com\/#\/schema\/logo\/image\/\",\"url\":\"https:\/\/nuevo-renacer.com\/wp-content\/uploads\/2024\/05\/cropped-LOGO-TERMINADO1-3-3.png\",\"contentUrl\":\"https:\/\/nuevo-renacer.com\/wp-content\/uploads\/2024\/05\/cropped-LOGO-TERMINADO1-3-3.png\",\"width\":512,\"height\":512,\"caption\":\"UFEC\"},\"image\":{\"@id\":\"https:\/\/nuevo-renacer.com\/#\/schema\/logo\/image\/\"},\"sameAs\":[\"https:\/\/www.facebook.com\/groups\/3431398063740829\"]}]}<\/script>\n<!-- \/ Yoast SEO Premium plugin. -->","yoast_head_json":{"title":"Bar\u00f3n Johann Ludwig Guldenstubb\u00e9 - Uni\u00f3n Esp\u00edrita","robots":{"index":"index","follow":"follow","max-snippet":"max-snippet:-1","max-image-preview":"max-image-preview:large","max-video-preview":"max-video-preview:-1"},"canonical":"https:\/\/nuevo-renacer.com\/pt\/baron-johann-ludwig-de-guldenstubbe\/","og_locale":"pt_BR","og_type":"article","og_title":"Bar\u00f3n Johann Ludwig Guldenstubb\u00e9","og_description":"Bar\u00f3n Johann Ludwig de Guldenstubb\u00e9 Este gran palad\u00edn del Espiritismo fue un importante trabajador de las primeras horas del Espiritismo, un gran investigador del alma y cuyas obras tambi\u00e9n fueron quemadas en Espa\u00f1a por la Santa Inquisici\u00f3n el 9 de octubre de 1861 en el conocido AUTO DE FE EN BARCELONA. El bar\u00f3n Johann Ludwig [&hellip;]","og_url":"https:\/\/nuevo-renacer.com\/pt\/baron-johann-ludwig-de-guldenstubbe\/","og_site_name":"Uni\u00f3n Esp\u00edrita","article_publisher":"https:\/\/www.facebook.com\/groups\/3431398063740829","article_modified_time":"2026-04-27T11:37:35+00:00","og_image":[{"width":517,"height":700,"url":"https:\/\/nuevo-renacer.com\/wp-content\/uploads\/2026\/04\/Baron-de-Guldenstubbe.jpg","type":"image\/jpeg"}],"twitter_card":"summary_large_image","twitter_misc":{"Est. tempo de leitura":"5 minutos"},"schema":{"@context":"https:\/\/schema.org","@graph":[{"@type":"WebPage","@id":"https:\/\/nuevo-renacer.com\/baron-johann-ludwig-de-guldenstubbe\/","url":"https:\/\/nuevo-renacer.com\/baron-johann-ludwig-de-guldenstubbe\/","name":"Bar\u00f3n Johann Ludwig Guldenstubb\u00e9 - Uni\u00f3n Esp\u00edrita","isPartOf":{"@id":"https:\/\/nuevo-renacer.com\/#website"},"primaryImageOfPage":{"@id":"https:\/\/nuevo-renacer.com\/baron-johann-ludwig-de-guldenstubbe\/#primaryimage"},"image":{"@id":"https:\/\/nuevo-renacer.com\/baron-johann-ludwig-de-guldenstubbe\/#primaryimage"},"thumbnailUrl":"https:\/\/nuevo-renacer.com\/wp-content\/uploads\/2026\/04\/Baron-de-Guldenstubbe.jpg","datePublished":"2026-04-27T11:20:40+00:00","dateModified":"2026-04-27T11:37:35+00:00","breadcrumb":{"@id":"https:\/\/nuevo-renacer.com\/baron-johann-ludwig-de-guldenstubbe\/#breadcrumb"},"inLanguage":"pt-BR","potentialAction":[{"@type":"ReadAction","target":["https:\/\/nuevo-renacer.com\/baron-johann-ludwig-de-guldenstubbe\/"]}]},{"@type":"ImageObject","inLanguage":"pt-BR","@id":"https:\/\/nuevo-renacer.com\/baron-johann-ludwig-de-guldenstubbe\/#primaryimage","url":"https:\/\/nuevo-renacer.com\/wp-content\/uploads\/2026\/04\/Baron-de-Guldenstubbe.jpg","contentUrl":"https:\/\/nuevo-renacer.com\/wp-content\/uploads\/2026\/04\/Baron-de-Guldenstubbe.jpg"},{"@type":"BreadcrumbList","@id":"https:\/\/nuevo-renacer.com\/baron-johann-ludwig-de-guldenstubbe\/#breadcrumb","itemListElement":[{"@type":"ListItem","position":1,"name":"Startseite","item":"https:\/\/nuevo-renacer.com\/"},{"@type":"ListItem","position":2,"name":"Bar\u00f3n Johann Ludwig Guldenstubb\u00e9"}]},{"@type":"WebSite","@id":"https:\/\/nuevo-renacer.com\/#website","url":"https:\/\/nuevo-renacer.com\/","name":"Uni\u00f3n Esp\u00edrita","description":"Nuevo Renacer","publisher":{"@id":"https:\/\/nuevo-renacer.com\/#organization"},"potentialAction":[{"@type":"SearchAction","target":{"@type":"EntryPoint","urlTemplate":"https:\/\/nuevo-renacer.com\/?s={search_term_string}"},"query-input":{"@type":"PropertyValueSpecification","valueRequired":true,"valueName":"search_term_string"}}],"inLanguage":"pt-BR"},{"@type":"Organization","@id":"https:\/\/nuevo-renacer.com\/#organization","name":"UFEC","url":"https:\/\/nuevo-renacer.com\/","logo":{"@type":"ImageObject","inLanguage":"pt-BR","@id":"https:\/\/nuevo-renacer.com\/#\/schema\/logo\/image\/","url":"https:\/\/nuevo-renacer.com\/wp-content\/uploads\/2024\/05\/cropped-LOGO-TERMINADO1-3-3.png","contentUrl":"https:\/\/nuevo-renacer.com\/wp-content\/uploads\/2024\/05\/cropped-LOGO-TERMINADO1-3-3.png","width":512,"height":512,"caption":"UFEC"},"image":{"@id":"https:\/\/nuevo-renacer.com\/#\/schema\/logo\/image\/"},"sameAs":["https:\/\/www.facebook.com\/groups\/3431398063740829"]}]}},"uagb_featured_image_src":{"full":false,"thumbnail":false,"medium":false,"medium_large":false,"large":false,"1536x1536":false,"2048x2048":false,"trp-custom-language-flag":false},"uagb_author_info":{"display_name":"adbv0","author_link":"https:\/\/nuevo-renacer.com\/pt\/author\/adbv0\/"},"uagb_comment_info":0,"uagb_excerpt":"Bar\u00f3n Johann Ludwig de Guldenstubb\u00e9 Este gran palad\u00edn del Espiritismo fue un importante trabajador de las primeras horas del Espiritismo, un gran investigador del alma y cuyas obras tambi\u00e9n fueron quemadas en Espa\u00f1a por la Santa Inquisici\u00f3n el 9 de octubre de 1861 en el conocido AUTO DE FE EN BARCELONA. El bar\u00f3n Johann Ludwig&hellip;","jetpack_sharing_enabled":true,"_links":{"self":[{"href":"https:\/\/nuevo-renacer.com\/pt\/wp-json\/wp\/v2\/pages\/8920","targetHints":{"allow":["GET"]}}],"collection":[{"href":"https:\/\/nuevo-renacer.com\/pt\/wp-json\/wp\/v2\/pages"}],"about":[{"href":"https:\/\/nuevo-renacer.com\/pt\/wp-json\/wp\/v2\/types\/page"}],"author":[{"embeddable":true,"href":"https:\/\/nuevo-renacer.com\/pt\/wp-json\/wp\/v2\/users\/1"}],"replies":[{"embeddable":true,"href":"https:\/\/nuevo-renacer.com\/pt\/wp-json\/wp\/v2\/comments?post=8920"}],"version-history":[{"count":4,"href":"https:\/\/nuevo-renacer.com\/pt\/wp-json\/wp\/v2\/pages\/8920\/revisions"}],"predecessor-version":[{"id":8928,"href":"https:\/\/nuevo-renacer.com\/pt\/wp-json\/wp\/v2\/pages\/8920\/revisions\/8928"}],"wp:attachment":[{"href":"https:\/\/nuevo-renacer.com\/pt\/wp-json\/wp\/v2\/media?parent=8920"}],"curies":[{"name":"wp","href":"https:\/\/api.w.org\/{rel}","templated":true}]}}