{"id":8913,"date":"2026-04-24T07:38:28","date_gmt":"2026-04-24T07:38:28","guid":{"rendered":"https:\/\/nuevo-renacer.com\/?page_id=8913"},"modified":"2026-04-24T07:38:31","modified_gmt":"2026-04-24T07:38:31","slug":"agostinho-pereira-de-souza","status":"publish","type":"page","link":"https:\/\/nuevo-renacer.com\/pt\/agostinho-pereira-de-souza\/","title":{"rendered":"Agostinho Pereira de Souza"},"content":{"rendered":"<div class=\"wp-block-uagb-container uagb-block-14155b8c alignfull uagb-is-root-container\"><div class=\"uagb-container-inner-blocks-wrap\">\n<p class=\"has-black-color has-text-color has-link-color has-medium-font-size wp-elements-7c4640dcdfc8c690aca4b2c74f758e87\"><strong>Agostinho Pereira de Souza<\/strong><\/p>\n<\/div><\/div>\n\n\n\n<div class=\"wp-block-uagb-container uagb-block-16b35f8b alignfull uagb-is-root-container\"><div class=\"uagb-container-inner-blocks-wrap\">\n<figure class=\"wp-block-image size-large is-resized\"><img fetchpriority=\"high\" decoding=\"async\" width=\"926\" height=\"1024\" src=\"https:\/\/nuevo-renacer.com\/wp-content\/uploads\/2026\/04\/Agostinho-Pereira-de-Souza-926x1024.png\" alt=\"\" class=\"wp-image-8914\" style=\"aspect-ratio:0.9042985497520785;width:250px;height:auto\" srcset=\"https:\/\/nuevo-renacer.com\/wp-content\/uploads\/2026\/04\/Agostinho-Pereira-de-Souza-926x1024.png 926w, https:\/\/nuevo-renacer.com\/wp-content\/uploads\/2026\/04\/Agostinho-Pereira-de-Souza-271x300.png 271w, https:\/\/nuevo-renacer.com\/wp-content\/uploads\/2026\/04\/Agostinho-Pereira-de-Souza-768x849.png 768w, https:\/\/nuevo-renacer.com\/wp-content\/uploads\/2026\/04\/Agostinho-Pereira-de-Souza-11x12.png 11w, https:\/\/nuevo-renacer.com\/wp-content\/uploads\/2026\/04\/Agostinho-Pereira-de-Souza.png 1193w\" sizes=\"(max-width: 926px) 100vw, 926px\" \/><\/figure>\n<\/div><\/div>\n\n\n\n<div class=\"wp-block-uagb-container uagb-block-cc6a2222 alignfull uagb-is-root-container\"><div class=\"uagb-container-inner-blocks-wrap\">\n<p class=\"has-black-color has-text-color has-link-color has-small-font-size wp-elements-16b242478867f87f78bf9925f3eb650a\">Nascido na cidade do Porto, Portugal, aos 28 de novembro de 1889, e desencarnado no Rio de Janeiro, a 12 de outubro de 1955. Foi um homem bafejado pela fortuna material, bem situado na vida, como justo pr\u00eamio ao seu esp\u00edrito de trabalho, por\u00e9m, soube empregar bem a sua fortuna, jamais a ela se escravizando, revertendo-a em benef\u00edcio de seus auxiliares diretos e em obras de benemer\u00eancia. No campo de suas atividades comerciais, era bastante estimado; tanto pela sua freguesia, como por seus empregados, os quais tornaram-se interessados na firma, recebendo cada um participa\u00e7\u00e3o nos lucros de acordo com o interesse e a capacidade por eles demonstrados. Foram seus genitores Manoel Sebasti\u00e3o Pereira de Souza J\u00fanior e Dona Maria Lu\u00edza Ramos de Souza. Chegou ao Brasil com 12 anos de idade, em 1901, aportando no Rio de Janeiro disposto a vencer na vida, como efetivamente venceu, sobretudo pelo seu esp\u00edrito de honestidade, enfrentando \u00e1rduas lutas, sem jamais esmorecer um s\u00f3 momento.<\/p>\n\n\n\n<p class=\"has-black-color has-text-color has-link-color has-small-font-size wp-elements-327cbcfd806693b296f4af57a43dd886\">O seu primeiro emprego foi na Alfaiataria \u201cO Fonseca\u201d, na rua do Ouvidor. Depois passou por v\u00e1rias ouras firmas, como: \u201cAm\u00e9rica-Jap\u00e3o\u201d, \u201cBarbosa Freitas\u201d, \u201cCamisaria Universo\u201d, \u201cF\u00e1brica Confian\u00e7a\u201d, \u201cO Cysne\u201d e por fim a \u201cCamisaria Brand\u00e3o\u201d, de onde saiu para fundar a sua pr\u00f3pria firma, \u201cO Camiseiro\u201d, em 1\u00ba de maio de 1919. Progrediu consideravelmente, chegando a ser uma das maiores firmas no mercado de confec\u00e7\u00f5es de camisas no Rio de Janeiro. Casou-se com Dona Deolinda Veloso de Souza Agostinho, de cujo cons\u00f3rcio nasceram seis filhos. Dona Deolinda era m\u00e9dium de not\u00e1veis virtudes, muito trabalhando em benef\u00edcio da Doutrina dos Esp\u00edritos. Depois de um curto per\u00edodo de insidiosa enfermidade, deixa-o vi\u00favo no dia 12 de outubro de 1954. Foi um grande golpe para Agostinho, que o suportou com aquela paci\u00eancia nascida na Doutrina Esp\u00edrita, atrav\u00e9s do conhecimento da imortalidade da alma. No primeiro anivers\u00e1rio da desencarna\u00e7\u00e3o de sua idolatrada esposa, exatamente no dia 12 de outubro de 1955, Agostinho, ap\u00f3s r\u00e1pida enfermidade, teve a ventura de se desprender do corpo f\u00edsico, na maior serenidade, partindo em busca de sua doce companheira de romagem terrena, numa prova inconteste de que eram realmente almas irm\u00e3s.<\/p>\n\n\n\n<p class=\"has-black-color has-text-color has-link-color has-small-font-size wp-elements-607cd9a63d31c6d66f50b641e6bb5147\">O desaparecimento de Agostinho do cen\u00e1rio esp\u00edrita do Rio de Janeiro causou grandes saudades e profunda tristeza entre os seus companheiros de trabalho. Uma perda irrepar\u00e1vel pelo grande amor que demonstrava \u00e0 causa. Esp\u00edrito humanit\u00e1rio, dedicado ao bem, colaborava em quase todas as obras de assist\u00eancia \u00e0 crian\u00e7a e \u00e0 velhice desamparadas, ajudando indiscriminadamente a quantos dele necessitassem, na raz\u00e3o de suas possibilidades, e usando o crit\u00e9rio de observar a necessidade de cada um, para o devido socorro. Agostinho Pereira de Souza tinha inabal\u00e1vel f\u00e9 em Jesus. Passou por s\u00e9rias dificuldades na vida, mas nunca se deixou abater, mesmo diante dos mais dif\u00edceis problemas; a sua f\u00e9 suplantava todas as vicissitudes, certo de que Deus, o magn\u00e2nimo Pai e Criador de todas as coisas, supre sempre as nossas defici\u00eancias, porque tem tudo para nos dar, desde que entremos em sintonia com Ele, atrav\u00e9s da f\u00e9, recomendada por Jesus. Sua cren\u00e7a na imortalidade da alma era fundamentada na Doutrina Esp\u00edrita, segundo a Codifica\u00e7\u00e3o dada a Allan Kardec pelo Esp\u00edrito Verdade. Jamais Agostinho se afastou dos postulados da Doutrina dos Esp\u00edritos.<\/p>\n\n\n\n<p class=\"has-black-color has-text-color has-link-color has-small-font-size wp-elements-0e3abd35f078ff8f3a949156be1868ac\">Fez parte do Conselho Superior da Federa\u00e7\u00e3o Esp\u00edrita Brasileira, era membro da diretoria do Grupo Esp\u00edrita \u201cAnthony L\u00e9on\u201d da Tijuca, e fez parte da Funda\u00e7\u00e3o Marieta Gaio, ao lado de seu fundador Manoel Jorge Gaio. Por sugest\u00e3o de Leopoldo Machado, depois do sucesso de uma grande promo\u00e7\u00e3o em sua casa comercial, procurou a dire\u00e7\u00e3o da Associa\u00e7\u00e3o Esp\u00edrita \u201cObreiros do Bem\u201d, que na oportunidade pretendia construir um Hospital para Doentes Mentais. Interessou-se pela obra, doou o terreno na Rua Santa Alexandrina, no Rio Comprido, e sob sua presid\u00eancia, esfor\u00e7o e tenacidade, coadjuvado por uma pl\u00eaiade de outros din\u00e2micos companheiros, deu in\u00edcio \u00e0 constru\u00e7\u00e3o do Hospital Esp\u00edrita \u201cPedro de Alc\u00e2ntara\u201d, uma obra de grande envergadura. Na sua \u00e2nsia de servir, Agostinho ainda organizou junto ao Hospital a Casa de Sa\u00fade e Maternidade \u201cSanto Agostinho\u201d, em homenagem ao grande Agostinho do Cristianismo, de cuja personalidade herdou o nome. Esse majestoso Hospital, infelizmente, hoje j\u00e1 n\u00e3o ostenta em seu frontisp\u00edcio o nome Esp\u00edrita; sua dire\u00e7\u00e3o n\u00e3o \u00e9 esp\u00edrita, embora sendo propriedade da Associa\u00e7\u00e3o Esp\u00edrita \u201cObreiros do Bem\u201d. Os diretores e companheiros da Institui\u00e7\u00e3o n\u00e3o podem aplicar a terap\u00eautica esp\u00edrita nos doentes mentais ali internados, conforme o ideal de seu fundador e de toda a sua equipe de trabalhadores. Um m\u00e9dico, ex-diretor do Hospital foi amea\u00e7ado de processo, por m\u00e9dicos estagi\u00e1rios, porque aplicava um passe numa criatura obsidiada, ali internada como doente mental, sendo obrigado a abandonar suas fun\u00e7\u00f5es de diretor do Hospital.<\/p>\n\n\n\n<p class=\"has-black-color has-text-color has-link-color has-small-font-size wp-elements-5ae1b035d99fff154606d9f42cac4b73\">Falar da obra de Agostinho Pereira de Souza \u00e9 um nunca acabar, pois, n\u00e3o houve uma s\u00f3 realiza\u00e7\u00e3o dentro do terreno esp\u00edrita no Rio de Janeiro, que o seu nome n\u00e3o figurasse em primeira linha. Juntamente com Leopoldo Machado, fundou a Hora Esp\u00edrita Radiof\u00f4nica na antiga R\u00e1dio Transmissora. Foi um dos baluartes na realiza\u00e7\u00e3o do I Congresso de Mocidades Esp\u00edritas do Brasil, junto a Leopoldo Machado, Lins de Vasconcellos, Carlos Imbassahy e tantos outros. Orador fluente, tomou parte em diversas Semanas Esp\u00edritas e no constante \u201cIde e Pregai\u201d, por todo o antigo Distrito Federal. Escreveu v\u00e1rios op\u00fasculos baseado nos seus conhecimentos doutrin\u00e1rios e muito ajudou Leopoldo Machado na publica\u00e7\u00e3o de seus livros. Cora\u00e7\u00e3o bondoso, calmo, comedido, temperamento crist\u00e3o, Agostinho Pereira de Souza, foi reconhecidamente humilde em todas as suas realiza\u00e7\u00f5es. Seus atos, suas atitudes, seu devotamento a Causa Esp\u00edrita, seu amor ao Divino Amigo Jesus, levaram-no a sublimes exemplifica\u00e7\u00f5es, pregando o Evangelho n\u00e3o s\u00f3 por palavras, mas acima de tudo pelo exemplo.<\/p>\n<\/div><\/div>\n\n\n\n<div class=\"wp-block-uagb-container uagb-block-064f8fde alignfull uagb-is-root-container\"><div class=\"uagb-container-inner-blocks-wrap\"><\/div><\/div>\n\n\n\n<div class=\"wp-block-uagb-container uagb-block-f7fb5235 alignfull uagb-is-root-container\"><div class=\"uagb-container-inner-blocks-wrap\"><\/div><\/div>","protected":false},"excerpt":{"rendered":"<p>Agostinho Pereira de Souza Nacido en la ciudad de Oporto, Portugal, el 28 de noviembre de 1889, y fallecido en R\u00edo de Janeiro el 12 de octubre de 1955. Fue un hombre favorecido por la fortuna material, bien posicionado en la vida como justo premio a su esp\u00edritu de trabajo; sin embargo, supo emplear bien [&hellip;]<\/p>","protected":false},"author":1,"featured_media":0,"parent":0,"menu_order":0,"comment_status":"closed","ping_status":"closed","template":"","meta":{"_uag_custom_page_level_css":"","site-sidebar-layout":"default","site-content-layout":"","ast-site-content-layout":"default","site-content-style":"default","site-sidebar-style":"default","ast-global-header-display":"","ast-banner-title-visibility":"","ast-main-header-display":"","ast-hfb-above-header-display":"","ast-hfb-below-header-display":"","ast-hfb-mobile-header-display":"","site-post-title":"disabled","ast-breadcrumbs-content":"","ast-featured-img":"","footer-sml-layout":"","theme-transparent-header-meta":"","adv-header-id-meta":"","stick-header-meta":"","header-above-stick-meta":"","header-main-stick-meta":"","header-below-stick-meta":"","astra-migrate-meta-layouts":"set","ast-page-background-enabled":"default","ast-page-background-meta":{"desktop":{"background-color":"var(--ast-global-color-4)","background-image":"","background-repeat":"repeat","background-position":"center center","background-size":"auto","background-attachment":"scroll","background-type":"","background-media":"","overlay-type":"","overlay-color":"","overlay-opacity":"","overlay-gradient":""},"tablet":{"background-color":"","background-image":"","background-repeat":"repeat","background-position":"center center","background-size":"auto","background-attachment":"scroll","background-type":"","background-media":"","overlay-type":"","overlay-color":"","overlay-opacity":"","overlay-gradient":""},"mobile":{"background-color":"","background-image":"","background-repeat":"repeat","background-position":"center center","background-size":"auto","background-attachment":"scroll","background-type":"","background-media":"","overlay-type":"","overlay-color":"","overlay-opacity":"","overlay-gradient":""}},"ast-content-background-meta":{"desktop":{"background-color":"var(--ast-global-color-5)","background-image":"","background-repeat":"repeat","background-position":"center center","background-size":"auto","background-attachment":"scroll","background-type":"","background-media":"","overlay-type":"","overlay-color":"","overlay-opacity":"","overlay-gradient":""},"tablet":{"background-color":"var(--ast-global-color-5)","background-image":"","background-repeat":"repeat","background-position":"center center","background-size":"auto","background-attachment":"scroll","background-type":"","background-media":"","overlay-type":"","overlay-color":"","overlay-opacity":"","overlay-gradient":""},"mobile":{"background-color":"var(--ast-global-color-5)","background-image":"","background-repeat":"repeat","background-position":"center center","background-size":"auto","background-attachment":"scroll","background-type":"","background-media":"","overlay-type":"","overlay-color":"","overlay-opacity":"","overlay-gradient":""}},"footnotes":""},"class_list":["post-8913","page","type-page","status-publish","hentry"],"yoast_head":"<!-- This site is optimized with the Yoast SEO Premium plugin v24.2 (Yoast SEO v24.6) - https:\/\/yoast.com\/wordpress\/plugins\/seo\/ -->\n<title>Agostinho Pereira de Souza - Uni\u00f3n Esp\u00edrita<\/title>\n<meta name=\"robots\" content=\"index, follow, max-snippet:-1, max-image-preview:large, max-video-preview:-1\" \/>\n<link rel=\"canonical\" href=\"https:\/\/nuevo-renacer.com\/pt\/agostinho-pereira-de-souza\/\" \/>\n<meta property=\"og:locale\" content=\"pt_BR\" \/>\n<meta property=\"og:type\" content=\"article\" \/>\n<meta property=\"og:title\" content=\"Agostinho Pereira de Souza\" \/>\n<meta property=\"og:description\" content=\"Agostinho Pereira de Souza Nacido en la ciudad de Oporto, Portugal, el 28 de noviembre de 1889, y fallecido en R\u00edo de Janeiro el 12 de octubre de 1955. Fue un hombre favorecido por la fortuna material, bien posicionado en la vida como justo premio a su esp\u00edritu de trabajo; sin embargo, supo emplear bien [&hellip;]\" \/>\n<meta property=\"og:url\" content=\"https:\/\/nuevo-renacer.com\/pt\/agostinho-pereira-de-souza\/\" \/>\n<meta property=\"og:site_name\" content=\"Uni\u00f3n Esp\u00edrita\" \/>\n<meta property=\"article:publisher\" content=\"https:\/\/www.facebook.com\/groups\/3431398063740829\" \/>\n<meta property=\"article:modified_time\" content=\"2026-04-24T07:38:31+00:00\" \/>\n<meta property=\"og:image\" content=\"https:\/\/nuevo-renacer.com\/wp-content\/uploads\/2026\/04\/Agostinho-Pereira-de-Souza.png\" \/>\n\t<meta property=\"og:image:width\" content=\"1193\" \/>\n\t<meta property=\"og:image:height\" content=\"1319\" \/>\n\t<meta property=\"og:image:type\" content=\"image\/png\" \/>\n<meta name=\"twitter:card\" content=\"summary_large_image\" \/>\n<meta name=\"twitter:label1\" content=\"Est. tempo de leitura\" \/>\n\t<meta name=\"twitter:data1\" content=\"6 minutos\" \/>\n<script type=\"application\/ld+json\" class=\"yoast-schema-graph\">{\"@context\":\"https:\/\/schema.org\",\"@graph\":[{\"@type\":\"WebPage\",\"@id\":\"https:\/\/nuevo-renacer.com\/agostinho-pereira-de-souza\/\",\"url\":\"https:\/\/nuevo-renacer.com\/agostinho-pereira-de-souza\/\",\"name\":\"Agostinho Pereira de Souza - Uni\u00f3n Esp\u00edrita\",\"isPartOf\":{\"@id\":\"https:\/\/nuevo-renacer.com\/#website\"},\"primaryImageOfPage\":{\"@id\":\"https:\/\/nuevo-renacer.com\/agostinho-pereira-de-souza\/#primaryimage\"},\"image\":{\"@id\":\"https:\/\/nuevo-renacer.com\/agostinho-pereira-de-souza\/#primaryimage\"},\"thumbnailUrl\":\"https:\/\/nuevo-renacer.com\/wp-content\/uploads\/2026\/04\/Agostinho-Pereira-de-Souza-926x1024.png\",\"datePublished\":\"2026-04-24T07:38:28+00:00\",\"dateModified\":\"2026-04-24T07:38:31+00:00\",\"breadcrumb\":{\"@id\":\"https:\/\/nuevo-renacer.com\/agostinho-pereira-de-souza\/#breadcrumb\"},\"inLanguage\":\"pt-BR\",\"potentialAction\":[{\"@type\":\"ReadAction\",\"target\":[\"https:\/\/nuevo-renacer.com\/agostinho-pereira-de-souza\/\"]}]},{\"@type\":\"ImageObject\",\"inLanguage\":\"pt-BR\",\"@id\":\"https:\/\/nuevo-renacer.com\/agostinho-pereira-de-souza\/#primaryimage\",\"url\":\"https:\/\/nuevo-renacer.com\/wp-content\/uploads\/2026\/04\/Agostinho-Pereira-de-Souza-926x1024.png\",\"contentUrl\":\"https:\/\/nuevo-renacer.com\/wp-content\/uploads\/2026\/04\/Agostinho-Pereira-de-Souza-926x1024.png\"},{\"@type\":\"BreadcrumbList\",\"@id\":\"https:\/\/nuevo-renacer.com\/agostinho-pereira-de-souza\/#breadcrumb\",\"itemListElement\":[{\"@type\":\"ListItem\",\"position\":1,\"name\":\"Startseite\",\"item\":\"https:\/\/nuevo-renacer.com\/\"},{\"@type\":\"ListItem\",\"position\":2,\"name\":\"Agostinho Pereira de Souza\"}]},{\"@type\":\"WebSite\",\"@id\":\"https:\/\/nuevo-renacer.com\/#website\",\"url\":\"https:\/\/nuevo-renacer.com\/\",\"name\":\"Uni\u00f3n Esp\u00edrita\",\"description\":\"Nuevo Renacer\",\"publisher\":{\"@id\":\"https:\/\/nuevo-renacer.com\/#organization\"},\"potentialAction\":[{\"@type\":\"SearchAction\",\"target\":{\"@type\":\"EntryPoint\",\"urlTemplate\":\"https:\/\/nuevo-renacer.com\/?s={search_term_string}\"},\"query-input\":{\"@type\":\"PropertyValueSpecification\",\"valueRequired\":true,\"valueName\":\"search_term_string\"}}],\"inLanguage\":\"pt-BR\"},{\"@type\":\"Organization\",\"@id\":\"https:\/\/nuevo-renacer.com\/#organization\",\"name\":\"UFEC\",\"url\":\"https:\/\/nuevo-renacer.com\/\",\"logo\":{\"@type\":\"ImageObject\",\"inLanguage\":\"pt-BR\",\"@id\":\"https:\/\/nuevo-renacer.com\/#\/schema\/logo\/image\/\",\"url\":\"https:\/\/nuevo-renacer.com\/wp-content\/uploads\/2024\/05\/cropped-LOGO-TERMINADO1-3-3.png\",\"contentUrl\":\"https:\/\/nuevo-renacer.com\/wp-content\/uploads\/2024\/05\/cropped-LOGO-TERMINADO1-3-3.png\",\"width\":512,\"height\":512,\"caption\":\"UFEC\"},\"image\":{\"@id\":\"https:\/\/nuevo-renacer.com\/#\/schema\/logo\/image\/\"},\"sameAs\":[\"https:\/\/www.facebook.com\/groups\/3431398063740829\"]}]}<\/script>\n<!-- \/ Yoast SEO Premium plugin. -->","yoast_head_json":{"title":"Agostinho Pereira de Souza - Uni\u00f3n Esp\u00edrita","robots":{"index":"index","follow":"follow","max-snippet":"max-snippet:-1","max-image-preview":"max-image-preview:large","max-video-preview":"max-video-preview:-1"},"canonical":"https:\/\/nuevo-renacer.com\/pt\/agostinho-pereira-de-souza\/","og_locale":"pt_BR","og_type":"article","og_title":"Agostinho Pereira de Souza","og_description":"Agostinho Pereira de Souza Nacido en la ciudad de Oporto, Portugal, el 28 de noviembre de 1889, y fallecido en R\u00edo de Janeiro el 12 de octubre de 1955. Fue un hombre favorecido por la fortuna material, bien posicionado en la vida como justo premio a su esp\u00edritu de trabajo; sin embargo, supo emplear bien [&hellip;]","og_url":"https:\/\/nuevo-renacer.com\/pt\/agostinho-pereira-de-souza\/","og_site_name":"Uni\u00f3n Esp\u00edrita","article_publisher":"https:\/\/www.facebook.com\/groups\/3431398063740829","article_modified_time":"2026-04-24T07:38:31+00:00","og_image":[{"width":1193,"height":1319,"url":"https:\/\/nuevo-renacer.com\/wp-content\/uploads\/2026\/04\/Agostinho-Pereira-de-Souza.png","type":"image\/png"}],"twitter_card":"summary_large_image","twitter_misc":{"Est. tempo de leitura":"6 minutos"},"schema":{"@context":"https:\/\/schema.org","@graph":[{"@type":"WebPage","@id":"https:\/\/nuevo-renacer.com\/agostinho-pereira-de-souza\/","url":"https:\/\/nuevo-renacer.com\/agostinho-pereira-de-souza\/","name":"Agostinho Pereira de Souza - Uni\u00f3n Esp\u00edrita","isPartOf":{"@id":"https:\/\/nuevo-renacer.com\/#website"},"primaryImageOfPage":{"@id":"https:\/\/nuevo-renacer.com\/agostinho-pereira-de-souza\/#primaryimage"},"image":{"@id":"https:\/\/nuevo-renacer.com\/agostinho-pereira-de-souza\/#primaryimage"},"thumbnailUrl":"https:\/\/nuevo-renacer.com\/wp-content\/uploads\/2026\/04\/Agostinho-Pereira-de-Souza-926x1024.png","datePublished":"2026-04-24T07:38:28+00:00","dateModified":"2026-04-24T07:38:31+00:00","breadcrumb":{"@id":"https:\/\/nuevo-renacer.com\/agostinho-pereira-de-souza\/#breadcrumb"},"inLanguage":"pt-BR","potentialAction":[{"@type":"ReadAction","target":["https:\/\/nuevo-renacer.com\/agostinho-pereira-de-souza\/"]}]},{"@type":"ImageObject","inLanguage":"pt-BR","@id":"https:\/\/nuevo-renacer.com\/agostinho-pereira-de-souza\/#primaryimage","url":"https:\/\/nuevo-renacer.com\/wp-content\/uploads\/2026\/04\/Agostinho-Pereira-de-Souza-926x1024.png","contentUrl":"https:\/\/nuevo-renacer.com\/wp-content\/uploads\/2026\/04\/Agostinho-Pereira-de-Souza-926x1024.png"},{"@type":"BreadcrumbList","@id":"https:\/\/nuevo-renacer.com\/agostinho-pereira-de-souza\/#breadcrumb","itemListElement":[{"@type":"ListItem","position":1,"name":"Startseite","item":"https:\/\/nuevo-renacer.com\/"},{"@type":"ListItem","position":2,"name":"Agostinho Pereira de Souza"}]},{"@type":"WebSite","@id":"https:\/\/nuevo-renacer.com\/#website","url":"https:\/\/nuevo-renacer.com\/","name":"Uni\u00f3n Esp\u00edrita","description":"Nuevo Renacer","publisher":{"@id":"https:\/\/nuevo-renacer.com\/#organization"},"potentialAction":[{"@type":"SearchAction","target":{"@type":"EntryPoint","urlTemplate":"https:\/\/nuevo-renacer.com\/?s={search_term_string}"},"query-input":{"@type":"PropertyValueSpecification","valueRequired":true,"valueName":"search_term_string"}}],"inLanguage":"pt-BR"},{"@type":"Organization","@id":"https:\/\/nuevo-renacer.com\/#organization","name":"UFEC","url":"https:\/\/nuevo-renacer.com\/","logo":{"@type":"ImageObject","inLanguage":"pt-BR","@id":"https:\/\/nuevo-renacer.com\/#\/schema\/logo\/image\/","url":"https:\/\/nuevo-renacer.com\/wp-content\/uploads\/2024\/05\/cropped-LOGO-TERMINADO1-3-3.png","contentUrl":"https:\/\/nuevo-renacer.com\/wp-content\/uploads\/2024\/05\/cropped-LOGO-TERMINADO1-3-3.png","width":512,"height":512,"caption":"UFEC"},"image":{"@id":"https:\/\/nuevo-renacer.com\/#\/schema\/logo\/image\/"},"sameAs":["https:\/\/www.facebook.com\/groups\/3431398063740829"]}]}},"uagb_featured_image_src":{"full":false,"thumbnail":false,"medium":false,"medium_large":false,"large":false,"1536x1536":false,"2048x2048":false,"trp-custom-language-flag":false},"uagb_author_info":{"display_name":"adbv0","author_link":"https:\/\/nuevo-renacer.com\/pt\/author\/adbv0\/"},"uagb_comment_info":0,"uagb_excerpt":"Agostinho Pereira de Souza Nacido en la ciudad de Oporto, Portugal, el 28 de noviembre de 1889, y fallecido en R\u00edo de Janeiro el 12 de octubre de 1955. Fue un hombre favorecido por la fortuna material, bien posicionado en la vida como justo premio a su esp\u00edritu de trabajo; sin embargo, supo emplear bien&hellip;","jetpack_sharing_enabled":true,"_links":{"self":[{"href":"https:\/\/nuevo-renacer.com\/pt\/wp-json\/wp\/v2\/pages\/8913","targetHints":{"allow":["GET"]}}],"collection":[{"href":"https:\/\/nuevo-renacer.com\/pt\/wp-json\/wp\/v2\/pages"}],"about":[{"href":"https:\/\/nuevo-renacer.com\/pt\/wp-json\/wp\/v2\/types\/page"}],"author":[{"embeddable":true,"href":"https:\/\/nuevo-renacer.com\/pt\/wp-json\/wp\/v2\/users\/1"}],"replies":[{"embeddable":true,"href":"https:\/\/nuevo-renacer.com\/pt\/wp-json\/wp\/v2\/comments?post=8913"}],"version-history":[{"count":1,"href":"https:\/\/nuevo-renacer.com\/pt\/wp-json\/wp\/v2\/pages\/8913\/revisions"}],"predecessor-version":[{"id":8915,"href":"https:\/\/nuevo-renacer.com\/pt\/wp-json\/wp\/v2\/pages\/8913\/revisions\/8915"}],"wp:attachment":[{"href":"https:\/\/nuevo-renacer.com\/pt\/wp-json\/wp\/v2\/media?parent=8913"}],"curies":[{"name":"wp","href":"https:\/\/api.w.org\/{rel}","templated":true}]}}