{"id":8905,"date":"2026-04-21T16:04:05","date_gmt":"2026-04-21T16:04:05","guid":{"rendered":"https:\/\/nuevo-renacer.com\/?page_id=8905"},"modified":"2026-04-21T16:46:36","modified_gmt":"2026-04-21T16:46:36","slug":"martha-gallego-thomaz","status":"publish","type":"page","link":"https:\/\/nuevo-renacer.com\/pt\/martha-gallego-thomaz\/","title":{"rendered":"Martha Gallego Thomaz"},"content":{"rendered":"<div class=\"wp-block-uagb-container uagb-block-a966a9ae alignfull uagb-is-root-container\"><div class=\"uagb-container-inner-blocks-wrap\">\n<p class=\"has-black-color has-text-color has-link-color has-medium-font-size wp-elements-388e4bd2ecec5d42aac5ee31a838d055\"><strong>Martha Gallego<\/strong> <strong>Thomaz<\/strong><\/p>\n<\/div><\/div>\n\n\n\n<div class=\"wp-block-uagb-container uagb-block-395f662d alignfull uagb-is-root-container\"><div class=\"uagb-container-inner-blocks-wrap\">\n<figure class=\"wp-block-image size-large is-resized\"><img fetchpriority=\"high\" decoding=\"async\" width=\"683\" height=\"1024\" src=\"https:\/\/nuevo-renacer.com\/wp-content\/uploads\/2026\/04\/Martha-Gallego-683x1024.webp\" alt=\"\" class=\"wp-image-8906\" style=\"aspect-ratio:0.6669900245260802;width:218px;height:auto\" srcset=\"https:\/\/nuevo-renacer.com\/wp-content\/uploads\/2026\/04\/Martha-Gallego-683x1024.webp 683w, https:\/\/nuevo-renacer.com\/wp-content\/uploads\/2026\/04\/Martha-Gallego-200x300.webp 200w, https:\/\/nuevo-renacer.com\/wp-content\/uploads\/2026\/04\/Martha-Gallego-768x1152.webp 768w, https:\/\/nuevo-renacer.com\/wp-content\/uploads\/2026\/04\/Martha-Gallego-1024x1536.webp 1024w, https:\/\/nuevo-renacer.com\/wp-content\/uploads\/2026\/04\/Martha-Gallego-1365x2048.webp 1365w, https:\/\/nuevo-renacer.com\/wp-content\/uploads\/2026\/04\/Martha-Gallego-8x12.webp 8w, https:\/\/nuevo-renacer.com\/wp-content\/uploads\/2026\/04\/Martha-Gallego-scaled.webp 1707w\" sizes=\"(max-width: 683px) 100vw, 683px\" \/><\/figure>\n<\/div><\/div>\n\n\n\n<div class=\"wp-block-uagb-container uagb-block-f9f861f2 alignfull uagb-is-root-container\"><div class=\"uagb-container-inner-blocks-wrap\">\n<p class=\"has-black-color has-text-color has-link-color has-small-font-size wp-elements-72445c517a7aee765a30c4e6e90816e2\">O legado de Martha Gallego Thomaz ao espiritismo \u00e9 inquestion\u00e1vel e sua obra est\u00e1 entrela\u00e7ada \u00e0 hist\u00f3ria da Federa\u00e7\u00e3o Esp\u00edrita do Estado de S\u00e3o Paulo (FEESP). O bem que fez aos que iniciavam na doutrina, na \u00e9poca, e se sentiam inseguros com sua mediunidade pode ser comprovado atrav\u00e9s dos in\u00fameros testemunhos dos que ainda hoje s\u00e3o gratos \u00e0 sua dedica\u00e7\u00e3o e did\u00e1tica. Muitos se recordam de sua alegria, musicalidade, da sua parceria com o esp\u00edrito Noel Rosa (1910-1937), da amizade e do trabalho junto a Edgard Armond (1894-1982). Sua busca por conhecimento e a facilidade que tinha de organizar grupos de trabalho e de descobrir novos trabalhadores para a doutrina fizeram dela uma das pioneiras na seara esp\u00edrita de S\u00e3o Paulo. Carioca, nascida em 24 de mar\u00e7o de 1915, autora de dois livros ditados e tr\u00eas psicografados, dentre os quais O Instituto de Confraterniza\u00e7\u00e3o Universal e as Fraternidades do espa\u00e7o (FEESP), Martha sabia do sofrimento que a mediunidade pode acarretar quando se desconhece os princ\u00edpios b\u00e1sicos da doutrina. Desde os 3 anos de idade, come\u00e7ou a ver os esp\u00edritos, numa experi\u00eancia dif\u00edcil e pouco compreendida por sua fam\u00edlia cat\u00f3lica. Assistia ao seu pai ser torturado por um esp\u00edrito infeliz, que tamb\u00e9m a amea\u00e7ava. Essa situa\u00e7\u00e3o s\u00f3 mudou quando ela completou 12 anos, e uma tia do Rio de Janeiro a chamou para ir l\u00e1 fazerem juntas um tratamento \u00e0 dist\u00e2ncia para o seu pai, que j\u00e1 permanecia num hospital psiqui\u00e1trico. Na casa da tia, encontraram uma vidente com excelente capacidade que disse a Martha que n\u00e3o tivesse medo, pois o medo atra\u00eda o esp\u00edrito que a atormentava. Pediu para que pensasse firmemente em Jesus, e ela n\u00e3o o veria mais. Aprendeu a se concentrar assim, embora tivesse muita vid\u00eancia: via coisa boas e ruins.<\/p>\n\n\n\n<p class=\"has-black-color has-text-color has-link-color has-small-font-size wp-elements-5efc1b5accc1113a1e549d44ec7baa1b\">Assim aconteceu at\u00e9 que, a partir dos 30 anos, reiniciasse para ela um novo per\u00edodo de tormenta, atacada pelos esp\u00edritos, chegando a adoecer fisicamente. Aconselhada por amigos, chegou a frequentar a umbanda, onde permaneceu por tr\u00eas anos, at\u00e9 ser orientada a procurar um centro esp\u00edrita, em que pudesse estudar e educar sua mediunidade. Mudou-se ent\u00e3o para Atibaia, SP, e come\u00e7ou a frequentar o centro da dona Eletra, onde teve o primeiro contato com o esp\u00edrito Noel Rosa. Juntos, faziam sess\u00f5es de efeitos f\u00edsicos, sendo sempre lembrados pelos esp\u00edritos de que era preciso estudar. Isso fez com que Martha, em 1956, passasse a frequentar a Federa\u00e7\u00e3o Esp\u00edrita, na capital, onde p\u00f4de aprimorar os conhecimentos e se preparar melhor para a tarefa. L\u00e1, Armond submeteu-a a um teste para que lhe dissesse o que havia em um envelope lacrado, o que ela acertou. Mesmo se certificando da qualidade de sua mediunidade, Armond lhe respondeu que ainda n\u00e3o estava preparada para fazer parte do conselho de m\u00e9diuns da casa. Martha alegou que eles podiam ser melhores, porque j\u00e1 tinham estudado, mas ela ainda n\u00e3o, e passou a frequentar, ent\u00e3o, a Escola de Aprendizes e de M\u00e9diuns, ingressando, ap\u00f3s tr\u00eas anos, no conselho de m\u00e9diuns da institui\u00e7\u00e3o. Foram mais de 50 anos de trabalho na FEESP, al\u00e9m de sua dedica\u00e7\u00e3o \u00e0 Alian\u00e7a Esp\u00edrita Evang\u00e9lica e ao Grupo Noel, criado por ela em 1977, na Vila Mariana. De 1956 a 1967, trabalhou com Edgard Armond, auxiliando-o a identificar atrav\u00e9s da vid\u00eancia grupos de esp\u00edritos que se apresentavam e que estavam ligados a trabalhos de ajuda aos encarnados, pois ele fazia diversos estudos e pesquisas a respeito.<\/p>\n\n\n\n<p class=\"has-black-color has-text-color has-link-color has-small-font-size wp-elements-39cf5bb0135f96fc4f1eac83ae7c1eff\">Eliana Franco, expositora da FEESP, conta que foi convidada por Martha a participar da assist\u00eancia espiritual voltada para crian\u00e7as e que foi marcante ver a forma com que ela orientava os m\u00e9diuns, evitando o envaidecimento pela capacidade medi\u00fanica e o trabalho realizado. \u201cEla sempre identificava os esp\u00edritos comunicantes, e as vezes em que n\u00e3o comentava era porque ali estava um esp\u00edrito como Meimei ou An\u00e1lia Franco. O cuidado era para que n\u00f3s n\u00e3o form\u00e1ssemos um ju\u00edzo de n\u00f3s mais alto do que dever\u00edamos ter\u201d, explica. Em entrevista concedida \u00e0 revista Planeta, Martha disse que com a mediunidade conquistou enorme conhecimento: \u201cS\u00f3 cursei o prim\u00e1rio. Certa vez, atendemos um senhor cujos astr\u00f3citos estavam fracos \u2013 algo que n\u00e3o sai em tomografia. Procurei meus amigos m\u00e9dicos e eles me elucidaram. Os astr\u00f3citos alimentam os neur\u00f4nios; com eles enfraquecidos, enfraqueceu-se a cabe\u00e7a. Foi o trabalho medi\u00fanico que me deu esse conhecimento.\u201d Ela desencarnou em 3 de setembro de 2014, em S\u00e3o Paulo, aos 99 anos, deixando um legado de alegria e responsabilidade que marca todos os trabalhadores que com ela conviveram, principalmente nos trabalhos de vibra\u00e7\u00f5es que instituiu e dirigiu por longos anos, reunindo cora\u00e7\u00f5es que tinham em comum a busca e os desejos de paz por um mundo melhor.<\/p>\n<\/div><\/div>\n\n\n\n<div class=\"wp-block-uagb-container uagb-block-fb3d5469 alignfull uagb-is-root-container\"><div class=\"uagb-container-inner-blocks-wrap\"><\/div><\/div>\n\n\n\n<div class=\"wp-block-uagb-container uagb-block-acd75ed5 alignfull uagb-is-root-container\"><div class=\"uagb-container-inner-blocks-wrap\"><\/div><\/div>","protected":false},"excerpt":{"rendered":"<p>Martha Gallego Thomaz El legado de Martha Gallego Thomaz al espiritismo es incuestionable y su obra est\u00e1 entrelazada con la historia de la Federaci\u00f3n Esp\u00edrita del Estado de S\u00e3o Paulo (FEESP). El bien que hizo a quienes se iniciaban en la doctrina en aquella \u00e9poca y se sent\u00edan inseguros con su mediumnidad puede comprobarse a [&hellip;]<\/p>","protected":false},"author":1,"featured_media":0,"parent":0,"menu_order":0,"comment_status":"closed","ping_status":"closed","template":"","meta":{"_uag_custom_page_level_css":"","site-sidebar-layout":"default","site-content-layout":"","ast-site-content-layout":"default","site-content-style":"default","site-sidebar-style":"default","ast-global-header-display":"","ast-banner-title-visibility":"","ast-main-header-display":"","ast-hfb-above-header-display":"","ast-hfb-below-header-display":"","ast-hfb-mobile-header-display":"","site-post-title":"disabled","ast-breadcrumbs-content":"","ast-featured-img":"","footer-sml-layout":"","theme-transparent-header-meta":"","adv-header-id-meta":"","stick-header-meta":"","header-above-stick-meta":"","header-main-stick-meta":"","header-below-stick-meta":"","astra-migrate-meta-layouts":"set","ast-page-background-enabled":"default","ast-page-background-meta":{"desktop":{"background-color":"var(--ast-global-color-4)","background-image":"","background-repeat":"repeat","background-position":"center center","background-size":"auto","background-attachment":"scroll","background-type":"","background-media":"","overlay-type":"","overlay-color":"","overlay-opacity":"","overlay-gradient":""},"tablet":{"background-color":"","background-image":"","background-repeat":"repeat","background-position":"center center","background-size":"auto","background-attachment":"scroll","background-type":"","background-media":"","overlay-type":"","overlay-color":"","overlay-opacity":"","overlay-gradient":""},"mobile":{"background-color":"","background-image":"","background-repeat":"repeat","background-position":"center center","background-size":"auto","background-attachment":"scroll","background-type":"","background-media":"","overlay-type":"","overlay-color":"","overlay-opacity":"","overlay-gradient":""}},"ast-content-background-meta":{"desktop":{"background-color":"var(--ast-global-color-5)","background-image":"","background-repeat":"repeat","background-position":"center center","background-size":"auto","background-attachment":"scroll","background-type":"","background-media":"","overlay-type":"","overlay-color":"","overlay-opacity":"","overlay-gradient":""},"tablet":{"background-color":"var(--ast-global-color-5)","background-image":"","background-repeat":"repeat","background-position":"center center","background-size":"auto","background-attachment":"scroll","background-type":"","background-media":"","overlay-type":"","overlay-color":"","overlay-opacity":"","overlay-gradient":""},"mobile":{"background-color":"var(--ast-global-color-5)","background-image":"","background-repeat":"repeat","background-position":"center center","background-size":"auto","background-attachment":"scroll","background-type":"","background-media":"","overlay-type":"","overlay-color":"","overlay-opacity":"","overlay-gradient":""}},"footnotes":""},"class_list":["post-8905","page","type-page","status-publish","hentry"],"yoast_head":"<!-- This site is optimized with the Yoast SEO Premium plugin v24.2 (Yoast SEO v24.6) - https:\/\/yoast.com\/wordpress\/plugins\/seo\/ -->\n<title>Martha Gallego Thomaz - Uni\u00f3n Esp\u00edrita<\/title>\n<meta name=\"robots\" content=\"index, follow, max-snippet:-1, max-image-preview:large, max-video-preview:-1\" \/>\n<link rel=\"canonical\" href=\"https:\/\/nuevo-renacer.com\/pt\/martha-gallego-thomaz\/\" \/>\n<meta property=\"og:locale\" content=\"pt_BR\" \/>\n<meta property=\"og:type\" content=\"article\" \/>\n<meta property=\"og:title\" content=\"Martha Gallego Thomaz\" \/>\n<meta property=\"og:description\" content=\"Martha Gallego Thomaz El legado de Martha Gallego Thomaz al espiritismo es incuestionable y su obra est\u00e1 entrelazada con la historia de la Federaci\u00f3n Esp\u00edrita del Estado de S\u00e3o Paulo (FEESP). El bien que hizo a quienes se iniciaban en la doctrina en aquella \u00e9poca y se sent\u00edan inseguros con su mediumnidad puede comprobarse a [&hellip;]\" \/>\n<meta property=\"og:url\" content=\"https:\/\/nuevo-renacer.com\/pt\/martha-gallego-thomaz\/\" \/>\n<meta property=\"og:site_name\" content=\"Uni\u00f3n Esp\u00edrita\" \/>\n<meta property=\"article:publisher\" content=\"https:\/\/www.facebook.com\/groups\/3431398063740829\" \/>\n<meta property=\"article:modified_time\" content=\"2026-04-21T16:46:36+00:00\" \/>\n<meta property=\"og:image\" content=\"https:\/\/nuevo-renacer.com\/wp-content\/uploads\/2026\/04\/Martha-Gallego-scaled.webp\" \/>\n\t<meta property=\"og:image:width\" content=\"1707\" \/>\n\t<meta property=\"og:image:height\" content=\"2560\" \/>\n\t<meta property=\"og:image:type\" content=\"image\/webp\" \/>\n<meta name=\"twitter:card\" content=\"summary_large_image\" \/>\n<meta name=\"twitter:label1\" content=\"Est. tempo de leitura\" \/>\n\t<meta name=\"twitter:data1\" content=\"5 minutos\" \/>\n<script type=\"application\/ld+json\" class=\"yoast-schema-graph\">{\"@context\":\"https:\/\/schema.org\",\"@graph\":[{\"@type\":\"WebPage\",\"@id\":\"https:\/\/nuevo-renacer.com\/martha-gallego-thomaz\/\",\"url\":\"https:\/\/nuevo-renacer.com\/martha-gallego-thomaz\/\",\"name\":\"Martha Gallego Thomaz - Uni\u00f3n Esp\u00edrita\",\"isPartOf\":{\"@id\":\"https:\/\/nuevo-renacer.com\/#website\"},\"primaryImageOfPage\":{\"@id\":\"https:\/\/nuevo-renacer.com\/martha-gallego-thomaz\/#primaryimage\"},\"image\":{\"@id\":\"https:\/\/nuevo-renacer.com\/martha-gallego-thomaz\/#primaryimage\"},\"thumbnailUrl\":\"https:\/\/nuevo-renacer.com\/wp-content\/uploads\/2026\/04\/Martha-Gallego-683x1024.webp\",\"datePublished\":\"2026-04-21T16:04:05+00:00\",\"dateModified\":\"2026-04-21T16:46:36+00:00\",\"breadcrumb\":{\"@id\":\"https:\/\/nuevo-renacer.com\/martha-gallego-thomaz\/#breadcrumb\"},\"inLanguage\":\"pt-BR\",\"potentialAction\":[{\"@type\":\"ReadAction\",\"target\":[\"https:\/\/nuevo-renacer.com\/martha-gallego-thomaz\/\"]}]},{\"@type\":\"ImageObject\",\"inLanguage\":\"pt-BR\",\"@id\":\"https:\/\/nuevo-renacer.com\/martha-gallego-thomaz\/#primaryimage\",\"url\":\"https:\/\/nuevo-renacer.com\/wp-content\/uploads\/2026\/04\/Martha-Gallego-683x1024.webp\",\"contentUrl\":\"https:\/\/nuevo-renacer.com\/wp-content\/uploads\/2026\/04\/Martha-Gallego-683x1024.webp\"},{\"@type\":\"BreadcrumbList\",\"@id\":\"https:\/\/nuevo-renacer.com\/martha-gallego-thomaz\/#breadcrumb\",\"itemListElement\":[{\"@type\":\"ListItem\",\"position\":1,\"name\":\"Startseite\",\"item\":\"https:\/\/nuevo-renacer.com\/\"},{\"@type\":\"ListItem\",\"position\":2,\"name\":\"Martha Gallego Thomaz\"}]},{\"@type\":\"WebSite\",\"@id\":\"https:\/\/nuevo-renacer.com\/#website\",\"url\":\"https:\/\/nuevo-renacer.com\/\",\"name\":\"Uni\u00f3n Esp\u00edrita\",\"description\":\"Nuevo Renacer\",\"publisher\":{\"@id\":\"https:\/\/nuevo-renacer.com\/#organization\"},\"potentialAction\":[{\"@type\":\"SearchAction\",\"target\":{\"@type\":\"EntryPoint\",\"urlTemplate\":\"https:\/\/nuevo-renacer.com\/?s={search_term_string}\"},\"query-input\":{\"@type\":\"PropertyValueSpecification\",\"valueRequired\":true,\"valueName\":\"search_term_string\"}}],\"inLanguage\":\"pt-BR\"},{\"@type\":\"Organization\",\"@id\":\"https:\/\/nuevo-renacer.com\/#organization\",\"name\":\"UFEC\",\"url\":\"https:\/\/nuevo-renacer.com\/\",\"logo\":{\"@type\":\"ImageObject\",\"inLanguage\":\"pt-BR\",\"@id\":\"https:\/\/nuevo-renacer.com\/#\/schema\/logo\/image\/\",\"url\":\"https:\/\/nuevo-renacer.com\/wp-content\/uploads\/2024\/05\/cropped-LOGO-TERMINADO1-3-3.png\",\"contentUrl\":\"https:\/\/nuevo-renacer.com\/wp-content\/uploads\/2024\/05\/cropped-LOGO-TERMINADO1-3-3.png\",\"width\":512,\"height\":512,\"caption\":\"UFEC\"},\"image\":{\"@id\":\"https:\/\/nuevo-renacer.com\/#\/schema\/logo\/image\/\"},\"sameAs\":[\"https:\/\/www.facebook.com\/groups\/3431398063740829\"]}]}<\/script>\n<!-- \/ Yoast SEO Premium plugin. -->","yoast_head_json":{"title":"Martha Gallego Thomaz - Uni\u00f3n Esp\u00edrita","robots":{"index":"index","follow":"follow","max-snippet":"max-snippet:-1","max-image-preview":"max-image-preview:large","max-video-preview":"max-video-preview:-1"},"canonical":"https:\/\/nuevo-renacer.com\/pt\/martha-gallego-thomaz\/","og_locale":"pt_BR","og_type":"article","og_title":"Martha Gallego Thomaz","og_description":"Martha Gallego Thomaz El legado de Martha Gallego Thomaz al espiritismo es incuestionable y su obra est\u00e1 entrelazada con la historia de la Federaci\u00f3n Esp\u00edrita del Estado de S\u00e3o Paulo (FEESP). El bien que hizo a quienes se iniciaban en la doctrina en aquella \u00e9poca y se sent\u00edan inseguros con su mediumnidad puede comprobarse a [&hellip;]","og_url":"https:\/\/nuevo-renacer.com\/pt\/martha-gallego-thomaz\/","og_site_name":"Uni\u00f3n Esp\u00edrita","article_publisher":"https:\/\/www.facebook.com\/groups\/3431398063740829","article_modified_time":"2026-04-21T16:46:36+00:00","og_image":[{"width":1707,"height":2560,"url":"https:\/\/nuevo-renacer.com\/wp-content\/uploads\/2026\/04\/Martha-Gallego-scaled.webp","type":"image\/webp"}],"twitter_card":"summary_large_image","twitter_misc":{"Est. tempo de leitura":"5 minutos"},"schema":{"@context":"https:\/\/schema.org","@graph":[{"@type":"WebPage","@id":"https:\/\/nuevo-renacer.com\/martha-gallego-thomaz\/","url":"https:\/\/nuevo-renacer.com\/martha-gallego-thomaz\/","name":"Martha Gallego Thomaz - Uni\u00f3n Esp\u00edrita","isPartOf":{"@id":"https:\/\/nuevo-renacer.com\/#website"},"primaryImageOfPage":{"@id":"https:\/\/nuevo-renacer.com\/martha-gallego-thomaz\/#primaryimage"},"image":{"@id":"https:\/\/nuevo-renacer.com\/martha-gallego-thomaz\/#primaryimage"},"thumbnailUrl":"https:\/\/nuevo-renacer.com\/wp-content\/uploads\/2026\/04\/Martha-Gallego-683x1024.webp","datePublished":"2026-04-21T16:04:05+00:00","dateModified":"2026-04-21T16:46:36+00:00","breadcrumb":{"@id":"https:\/\/nuevo-renacer.com\/martha-gallego-thomaz\/#breadcrumb"},"inLanguage":"pt-BR","potentialAction":[{"@type":"ReadAction","target":["https:\/\/nuevo-renacer.com\/martha-gallego-thomaz\/"]}]},{"@type":"ImageObject","inLanguage":"pt-BR","@id":"https:\/\/nuevo-renacer.com\/martha-gallego-thomaz\/#primaryimage","url":"https:\/\/nuevo-renacer.com\/wp-content\/uploads\/2026\/04\/Martha-Gallego-683x1024.webp","contentUrl":"https:\/\/nuevo-renacer.com\/wp-content\/uploads\/2026\/04\/Martha-Gallego-683x1024.webp"},{"@type":"BreadcrumbList","@id":"https:\/\/nuevo-renacer.com\/martha-gallego-thomaz\/#breadcrumb","itemListElement":[{"@type":"ListItem","position":1,"name":"Startseite","item":"https:\/\/nuevo-renacer.com\/"},{"@type":"ListItem","position":2,"name":"Martha Gallego Thomaz"}]},{"@type":"WebSite","@id":"https:\/\/nuevo-renacer.com\/#website","url":"https:\/\/nuevo-renacer.com\/","name":"Uni\u00f3n Esp\u00edrita","description":"Nuevo Renacer","publisher":{"@id":"https:\/\/nuevo-renacer.com\/#organization"},"potentialAction":[{"@type":"SearchAction","target":{"@type":"EntryPoint","urlTemplate":"https:\/\/nuevo-renacer.com\/?s={search_term_string}"},"query-input":{"@type":"PropertyValueSpecification","valueRequired":true,"valueName":"search_term_string"}}],"inLanguage":"pt-BR"},{"@type":"Organization","@id":"https:\/\/nuevo-renacer.com\/#organization","name":"UFEC","url":"https:\/\/nuevo-renacer.com\/","logo":{"@type":"ImageObject","inLanguage":"pt-BR","@id":"https:\/\/nuevo-renacer.com\/#\/schema\/logo\/image\/","url":"https:\/\/nuevo-renacer.com\/wp-content\/uploads\/2024\/05\/cropped-LOGO-TERMINADO1-3-3.png","contentUrl":"https:\/\/nuevo-renacer.com\/wp-content\/uploads\/2024\/05\/cropped-LOGO-TERMINADO1-3-3.png","width":512,"height":512,"caption":"UFEC"},"image":{"@id":"https:\/\/nuevo-renacer.com\/#\/schema\/logo\/image\/"},"sameAs":["https:\/\/www.facebook.com\/groups\/3431398063740829"]}]}},"uagb_featured_image_src":{"full":false,"thumbnail":false,"medium":false,"medium_large":false,"large":false,"1536x1536":false,"2048x2048":false,"trp-custom-language-flag":false},"uagb_author_info":{"display_name":"adbv0","author_link":"https:\/\/nuevo-renacer.com\/pt\/author\/adbv0\/"},"uagb_comment_info":0,"uagb_excerpt":"Martha Gallego Thomaz El legado de Martha Gallego Thomaz al espiritismo es incuestionable y su obra est\u00e1 entrelazada con la historia de la Federaci\u00f3n Esp\u00edrita del Estado de S\u00e3o Paulo (FEESP). El bien que hizo a quienes se iniciaban en la doctrina en aquella \u00e9poca y se sent\u00edan inseguros con su mediumnidad puede comprobarse a&hellip;","jetpack_sharing_enabled":true,"_links":{"self":[{"href":"https:\/\/nuevo-renacer.com\/pt\/wp-json\/wp\/v2\/pages\/8905","targetHints":{"allow":["GET"]}}],"collection":[{"href":"https:\/\/nuevo-renacer.com\/pt\/wp-json\/wp\/v2\/pages"}],"about":[{"href":"https:\/\/nuevo-renacer.com\/pt\/wp-json\/wp\/v2\/types\/page"}],"author":[{"embeddable":true,"href":"https:\/\/nuevo-renacer.com\/pt\/wp-json\/wp\/v2\/users\/1"}],"replies":[{"embeddable":true,"href":"https:\/\/nuevo-renacer.com\/pt\/wp-json\/wp\/v2\/comments?post=8905"}],"version-history":[{"count":3,"href":"https:\/\/nuevo-renacer.com\/pt\/wp-json\/wp\/v2\/pages\/8905\/revisions"}],"predecessor-version":[{"id":8912,"href":"https:\/\/nuevo-renacer.com\/pt\/wp-json\/wp\/v2\/pages\/8905\/revisions\/8912"}],"wp:attachment":[{"href":"https:\/\/nuevo-renacer.com\/pt\/wp-json\/wp\/v2\/media?parent=8905"}],"curies":[{"name":"wp","href":"https:\/\/api.w.org\/{rel}","templated":true}]}}