{"id":8865,"date":"2026-04-20T17:29:09","date_gmt":"2026-04-20T17:29:09","guid":{"rendered":"https:\/\/nuevo-renacer.com\/?page_id=8865"},"modified":"2026-04-20T17:30:34","modified_gmt":"2026-04-20T17:30:34","slug":"olegario-ramos","status":"publish","type":"page","link":"https:\/\/nuevo-renacer.com\/pt\/olegario-ramos\/","title":{"rendered":"Oleg\u00e1rio Ramos"},"content":{"rendered":"<div class=\"wp-block-uagb-container uagb-block-ad47bb37 alignfull uagb-is-root-container\"><div class=\"uagb-container-inner-blocks-wrap\">\n<p class=\"has-black-color has-text-color has-link-color has-medium-font-size wp-elements-771d7e0ab75144f8fb59e058efa0cb10\"><strong>Oleg\u00e1rio Ramos<\/strong><\/p>\n<\/div><\/div>\n\n\n\n<div class=\"wp-block-uagb-container uagb-block-7f241ff2 alignfull uagb-is-root-container\"><div class=\"uagb-container-inner-blocks-wrap\">\n<figure class=\"wp-block-image size-large is-resized\"><img fetchpriority=\"high\" decoding=\"async\" width=\"979\" height=\"1024\" src=\"https:\/\/nuevo-renacer.com\/wp-content\/uploads\/2026\/04\/Olegario-Ramos-979x1024.jpg\" alt=\"\" class=\"wp-image-8866\" style=\"aspect-ratio:0.9560659602184075;width:259px;height:auto\" srcset=\"https:\/\/nuevo-renacer.com\/wp-content\/uploads\/2026\/04\/Olegario-Ramos-979x1024.jpg 979w, https:\/\/nuevo-renacer.com\/wp-content\/uploads\/2026\/04\/Olegario-Ramos-287x300.jpg 287w, https:\/\/nuevo-renacer.com\/wp-content\/uploads\/2026\/04\/Olegario-Ramos-768x803.jpg 768w, https:\/\/nuevo-renacer.com\/wp-content\/uploads\/2026\/04\/Olegario-Ramos-11x12.jpg 11w, https:\/\/nuevo-renacer.com\/wp-content\/uploads\/2026\/04\/Olegario-Ramos.jpg 1024w\" sizes=\"(max-width: 979px) 100vw, 979px\" \/><\/figure>\n<\/div><\/div>\n\n\n\n<div class=\"wp-block-uagb-container uagb-block-272367b5 alignfull uagb-is-root-container\"><div class=\"uagb-container-inner-blocks-wrap\">\n<p class=\"has-black-color has-text-color has-link-color has-small-font-size wp-elements-5ff03439ced98f65ea435415cd0a5bf6\">Oleg\u00e1rio Ramos chegou em Gar\u00e7a, SP, com sua fam\u00edlia por volta de 1934. Filho de escravos, ele fora beneficiado pela Lei do Ventre Livre e criado por um sacerdote de Rio Claro, SP, com quem aprendeu as primeiras no\u00e7\u00f5es de espiritismo. O sacerdote percebera algo no menino que no espiritismo chamamos mediunidade. Comprou para ele alguns exemplares da obra de Allan Kardec, dizendo que este seria seu verdadeiro caminho. Mesmo depois de casado, Oleg\u00e1rio, esposa e filhos, jamais deixaram de visitar Frei Luiz, em sinal de imensa gratid\u00e3o. Quando chegaram em Gar\u00e7a, em contato com outras pessoas que j\u00e1 se identificavam como esp\u00edritas, Oleg\u00e1rio passou a realizar sess\u00f5es em sua casa. E, depois de algum tempo, o orientador espiritual dos trabalhos recomendou que se constru\u00edsse um centro esp\u00edrita. Nascia, assim, a ideia do Centro Esp\u00edrita Paz, Amor e Caridade, fundado no ano de 1943. N\u00e3o faltou colabora\u00e7\u00e3o de amigos. Logo de in\u00edcio, o sr. Paschoal Boaretto doou o terreno para constru\u00e7\u00e3o do centro, vizinho \u00e0 casa de Oleg\u00e1rio. O esfor\u00e7o de todos fez com que em pouco tempo o pequeno centro estivesse conclu\u00eddo, novinho e pronto para ser utilizado. <\/p>\n\n\n\n<p class=\"has-black-color has-text-color has-link-color has-small-font-size wp-elements-0f1c0ea62dd21ffadb4ef1ae70e7c1f2\">Na condi\u00e7\u00e3o de negro, pobre e esp\u00edrita, desde que Oleg\u00e1rio chegara em Gar\u00e7a, uma ostensiva onda de discrimina\u00e7\u00e3o se voltou contra ele e seus familiares, liderada por pessoas da igreja e com a anu\u00eancia do p\u00e1roco local. Na \u00e9poca, o catolicismo imperava de forma absoluta. Certo dia, o pr\u00e9dio rec\u00e9m-constru\u00eddo do Paz, Amor e Caridade amanheceu todo depredado, com palavras ofensivas grafadas nas paredes, atribuindo o espiritismo ao dem\u00f4nio. Era um momento sombrio para a doutrina. Mesmo assim, os esp\u00edritas foram \u00e0 delegacia de pol\u00edcia local e prestaram queixa. Gar\u00e7a n\u00e3o comportava delegado titular, mas o sr. Brasil Joly, que era esp\u00edrita e respondia pela fun\u00e7\u00e3o, determinou fossem identificados os predadores e deu-lhes um prazo para devolverem o centro nas mesmas condi\u00e7\u00f5es em que o encontraram. E assim foi feito. Dias depois, por\u00e9m, um documento denunciando o grupo esp\u00edrita por pr\u00e1tica de bruxaria, curandeirismo e atentado aos bons costumes entrou na delegacia. Oleg\u00e1rio recebeu uma intima\u00e7\u00e3o para comparecer perante a autoridade policial na cidade de Piraju\u00ed, a cerca de 50 quil\u00f4metros de Gar\u00e7a por estrada de terra, em plena esta\u00e7\u00e3o chuvosa. Aguardando pelo pior, montado em seu cavalo, Oleg\u00e1rio teve que enfrentar pesada chuva no caminho, al\u00e9m de atravessar o Rio Feio, j\u00e1 bastante caudaloso e perigoso. <\/p>\n\n\n\n<p class=\"has-black-color has-text-color has-link-color has-small-font-size wp-elements-9ac775b51a8a750756e921c8c3216b9c\">N\u00e3o havia pontes. Dona Vit\u00f3ria, sua esposa, ficou em casa muito apreensiva, porque os dias se passaram sem qualquer not\u00edcia do marido. Por conta dessa demora, em companhia da filha Mercedes, elas rumaram para Piraju\u00ed no lombo de um burrico. Mercedes conta que a viagem foi uma verdadeira odisseia. Quando chegaram \u00e0 margem do Rio Feio, assustaram-se com o volume de \u00e1gua que descia c\u00e9lere sob a chuva impetuosa. Assim mesmo, decididas, as duas se embrenharam nas \u00e1guas, correndo s\u00e9rios riscos de morte. Com muito custo (e prece, naturalmente), conseguiram atingir a outra margem. Quando chegaram em Piraju\u00ed, foram direto a uma pens\u00e3o, onde supunham encontrar o marido, se \u00e9 que ele j\u00e1 n\u00e3o tinha sido preso. E, gra\u00e7as a Deus, o encontraram. Oleg\u00e1rio levou um susto ao ver a esposa e a filha, n\u00e3o entendendo como elas poderiam ter ali chegado com aquele mau tempo e a corrente furiosa do rio. Perguntado se ele havia se apresentado ao delegado, Oleg\u00e1rio contou que estava temeroso do que lhe poderia acontecer, mas quando se apresentou no gabinete do delegado, este simplesmente lhe disse: \u201cSenhor Oleg\u00e1rio, o senhor \u00e9 um bom homem. Dizem que \u00e9 curandeiro. Mas, se o senhor est\u00e1 curando, \u00e9 bom, porque assim as pessoas n\u00e3o morrem.\u201d <\/p>\n\n\n\n<p class=\"has-black-color has-text-color has-link-color has-small-font-size wp-elements-36fe9fe31e61ef0fe1a2e0e1172f9184\">Aquela recep\u00e7\u00e3o da autoridade policial o pegara de surpresa e, sem entender o que estava acontecendo, agradeceu a prote\u00e7\u00e3o espiritual e retornou \u00e0 pens\u00e3o para esperar que o tempo melhorasse. Oleg\u00e1rio Ramos desencarnou em Gar\u00e7a em 1972, aos 106 anos; a esposa Vit\u00f3ria chegou aos 103 e a filha, Mercedes Ramos, quem fez este relato, desencarnou aos 92 anos. Oleg\u00e1rio e Vit\u00f3ria tiveram cinco filhos, duas mulheres e tr\u00eas homens, todos j\u00e1 desencarnados.<\/p>\n\n\n\n<p class=\"has-black-color has-text-color has-link-color has-small-font-size wp-elements-5cd8d3abca518d19400185ad6fd0f87e\">Fonte: correio news<\/p>\n<\/div><\/div>\n\n\n\n<div class=\"wp-block-uagb-container uagb-block-e9fa68c6 alignfull uagb-is-root-container\"><div class=\"uagb-container-inner-blocks-wrap\"><\/div><\/div>\n\n\n\n<div class=\"wp-block-uagb-container uagb-block-62b49483 alignfull uagb-is-root-container\"><div class=\"uagb-container-inner-blocks-wrap\"><\/div><\/div>","protected":false},"excerpt":{"rendered":"<p>Oleg\u00e1rio Ramos Oleg\u00e1rio Ramos lleg\u00f3 a Gar\u00e7a, en el estado de S\u00e3o Paulo, junto con su familia alrededor de 1934. Hijo de esclavos, se hab\u00eda beneficiado de la Ley del Vientre Libre y fue criado por un sacerdote de Rio Claro, con quien aprendi\u00f3 las primeras nociones de espiritismo. El sacerdote hab\u00eda percibido algo en [&hellip;]<\/p>","protected":false},"author":1,"featured_media":0,"parent":0,"menu_order":0,"comment_status":"closed","ping_status":"closed","template":"","meta":{"_uag_custom_page_level_css":"","site-sidebar-layout":"default","site-content-layout":"","ast-site-content-layout":"default","site-content-style":"default","site-sidebar-style":"default","ast-global-header-display":"","ast-banner-title-visibility":"","ast-main-header-display":"","ast-hfb-above-header-display":"","ast-hfb-below-header-display":"","ast-hfb-mobile-header-display":"","site-post-title":"disabled","ast-breadcrumbs-content":"","ast-featured-img":"","footer-sml-layout":"","theme-transparent-header-meta":"","adv-header-id-meta":"","stick-header-meta":"","header-above-stick-meta":"","header-main-stick-meta":"","header-below-stick-meta":"","astra-migrate-meta-layouts":"set","ast-page-background-enabled":"default","ast-page-background-meta":{"desktop":{"background-color":"var(--ast-global-color-4)","background-image":"","background-repeat":"repeat","background-position":"center center","background-size":"auto","background-attachment":"scroll","background-type":"","background-media":"","overlay-type":"","overlay-color":"","overlay-opacity":"","overlay-gradient":""},"tablet":{"background-color":"","background-image":"","background-repeat":"repeat","background-position":"center center","background-size":"auto","background-attachment":"scroll","background-type":"","background-media":"","overlay-type":"","overlay-color":"","overlay-opacity":"","overlay-gradient":""},"mobile":{"background-color":"","background-image":"","background-repeat":"repeat","background-position":"center center","background-size":"auto","background-attachment":"scroll","background-type":"","background-media":"","overlay-type":"","overlay-color":"","overlay-opacity":"","overlay-gradient":""}},"ast-content-background-meta":{"desktop":{"background-color":"var(--ast-global-color-5)","background-image":"","background-repeat":"repeat","background-position":"center center","background-size":"auto","background-attachment":"scroll","background-type":"","background-media":"","overlay-type":"","overlay-color":"","overlay-opacity":"","overlay-gradient":""},"tablet":{"background-color":"var(--ast-global-color-5)","background-image":"","background-repeat":"repeat","background-position":"center center","background-size":"auto","background-attachment":"scroll","background-type":"","background-media":"","overlay-type":"","overlay-color":"","overlay-opacity":"","overlay-gradient":""},"mobile":{"background-color":"var(--ast-global-color-5)","background-image":"","background-repeat":"repeat","background-position":"center center","background-size":"auto","background-attachment":"scroll","background-type":"","background-media":"","overlay-type":"","overlay-color":"","overlay-opacity":"","overlay-gradient":""}},"footnotes":""},"class_list":["post-8865","page","type-page","status-publish","hentry"],"yoast_head":"<!-- This site is optimized with the Yoast SEO Premium plugin v24.2 (Yoast SEO v24.6) - https:\/\/yoast.com\/wordpress\/plugins\/seo\/ -->\n<title>Oleg\u00e1rio Ramos - Uni\u00f3n Esp\u00edrita<\/title>\n<meta name=\"robots\" content=\"index, follow, max-snippet:-1, max-image-preview:large, max-video-preview:-1\" \/>\n<link rel=\"canonical\" href=\"https:\/\/nuevo-renacer.com\/pt\/olegario-ramos\/\" \/>\n<meta property=\"og:locale\" content=\"pt_BR\" \/>\n<meta property=\"og:type\" content=\"article\" \/>\n<meta property=\"og:title\" content=\"Oleg\u00e1rio Ramos\" \/>\n<meta property=\"og:description\" content=\"Oleg\u00e1rio Ramos Oleg\u00e1rio Ramos lleg\u00f3 a Gar\u00e7a, en el estado de S\u00e3o Paulo, junto con su familia alrededor de 1934. Hijo de esclavos, se hab\u00eda beneficiado de la Ley del Vientre Libre y fue criado por un sacerdote de Rio Claro, con quien aprendi\u00f3 las primeras nociones de espiritismo. El sacerdote hab\u00eda percibido algo en [&hellip;]\" \/>\n<meta property=\"og:url\" content=\"https:\/\/nuevo-renacer.com\/pt\/olegario-ramos\/\" \/>\n<meta property=\"og:site_name\" content=\"Uni\u00f3n Esp\u00edrita\" \/>\n<meta property=\"article:publisher\" content=\"https:\/\/www.facebook.com\/groups\/3431398063740829\" \/>\n<meta property=\"article:modified_time\" content=\"2026-04-20T17:30:34+00:00\" \/>\n<meta property=\"og:image\" content=\"https:\/\/nuevo-renacer.com\/wp-content\/uploads\/2026\/04\/Olegario-Ramos.jpg\" \/>\n\t<meta property=\"og:image:width\" content=\"1024\" \/>\n\t<meta property=\"og:image:height\" content=\"1071\" \/>\n\t<meta property=\"og:image:type\" content=\"image\/jpeg\" \/>\n<meta name=\"twitter:card\" content=\"summary_large_image\" \/>\n<meta name=\"twitter:label1\" content=\"Est. tempo de leitura\" \/>\n\t<meta name=\"twitter:data1\" content=\"5 minutos\" \/>\n<script type=\"application\/ld+json\" class=\"yoast-schema-graph\">{\"@context\":\"https:\/\/schema.org\",\"@graph\":[{\"@type\":\"WebPage\",\"@id\":\"https:\/\/nuevo-renacer.com\/olegario-ramos\/\",\"url\":\"https:\/\/nuevo-renacer.com\/olegario-ramos\/\",\"name\":\"Oleg\u00e1rio Ramos - Uni\u00f3n Esp\u00edrita\",\"isPartOf\":{\"@id\":\"https:\/\/nuevo-renacer.com\/#website\"},\"primaryImageOfPage\":{\"@id\":\"https:\/\/nuevo-renacer.com\/olegario-ramos\/#primaryimage\"},\"image\":{\"@id\":\"https:\/\/nuevo-renacer.com\/olegario-ramos\/#primaryimage\"},\"thumbnailUrl\":\"https:\/\/nuevo-renacer.com\/wp-content\/uploads\/2026\/04\/Olegario-Ramos-979x1024.jpg\",\"datePublished\":\"2026-04-20T17:29:09+00:00\",\"dateModified\":\"2026-04-20T17:30:34+00:00\",\"breadcrumb\":{\"@id\":\"https:\/\/nuevo-renacer.com\/olegario-ramos\/#breadcrumb\"},\"inLanguage\":\"pt-BR\",\"potentialAction\":[{\"@type\":\"ReadAction\",\"target\":[\"https:\/\/nuevo-renacer.com\/olegario-ramos\/\"]}]},{\"@type\":\"ImageObject\",\"inLanguage\":\"pt-BR\",\"@id\":\"https:\/\/nuevo-renacer.com\/olegario-ramos\/#primaryimage\",\"url\":\"https:\/\/nuevo-renacer.com\/wp-content\/uploads\/2026\/04\/Olegario-Ramos-979x1024.jpg\",\"contentUrl\":\"https:\/\/nuevo-renacer.com\/wp-content\/uploads\/2026\/04\/Olegario-Ramos-979x1024.jpg\"},{\"@type\":\"BreadcrumbList\",\"@id\":\"https:\/\/nuevo-renacer.com\/olegario-ramos\/#breadcrumb\",\"itemListElement\":[{\"@type\":\"ListItem\",\"position\":1,\"name\":\"Startseite\",\"item\":\"https:\/\/nuevo-renacer.com\/\"},{\"@type\":\"ListItem\",\"position\":2,\"name\":\"Oleg\u00e1rio Ramos\"}]},{\"@type\":\"WebSite\",\"@id\":\"https:\/\/nuevo-renacer.com\/#website\",\"url\":\"https:\/\/nuevo-renacer.com\/\",\"name\":\"Uni\u00f3n Esp\u00edrita\",\"description\":\"Nuevo Renacer\",\"publisher\":{\"@id\":\"https:\/\/nuevo-renacer.com\/#organization\"},\"potentialAction\":[{\"@type\":\"SearchAction\",\"target\":{\"@type\":\"EntryPoint\",\"urlTemplate\":\"https:\/\/nuevo-renacer.com\/?s={search_term_string}\"},\"query-input\":{\"@type\":\"PropertyValueSpecification\",\"valueRequired\":true,\"valueName\":\"search_term_string\"}}],\"inLanguage\":\"pt-BR\"},{\"@type\":\"Organization\",\"@id\":\"https:\/\/nuevo-renacer.com\/#organization\",\"name\":\"UFEC\",\"url\":\"https:\/\/nuevo-renacer.com\/\",\"logo\":{\"@type\":\"ImageObject\",\"inLanguage\":\"pt-BR\",\"@id\":\"https:\/\/nuevo-renacer.com\/#\/schema\/logo\/image\/\",\"url\":\"https:\/\/nuevo-renacer.com\/wp-content\/uploads\/2024\/05\/cropped-LOGO-TERMINADO1-3-3.png\",\"contentUrl\":\"https:\/\/nuevo-renacer.com\/wp-content\/uploads\/2024\/05\/cropped-LOGO-TERMINADO1-3-3.png\",\"width\":512,\"height\":512,\"caption\":\"UFEC\"},\"image\":{\"@id\":\"https:\/\/nuevo-renacer.com\/#\/schema\/logo\/image\/\"},\"sameAs\":[\"https:\/\/www.facebook.com\/groups\/3431398063740829\"]}]}<\/script>\n<!-- \/ Yoast SEO Premium plugin. -->","yoast_head_json":{"title":"Oleg\u00e1rio Ramos - Uni\u00f3n Esp\u00edrita","robots":{"index":"index","follow":"follow","max-snippet":"max-snippet:-1","max-image-preview":"max-image-preview:large","max-video-preview":"max-video-preview:-1"},"canonical":"https:\/\/nuevo-renacer.com\/pt\/olegario-ramos\/","og_locale":"pt_BR","og_type":"article","og_title":"Oleg\u00e1rio Ramos","og_description":"Oleg\u00e1rio Ramos Oleg\u00e1rio Ramos lleg\u00f3 a Gar\u00e7a, en el estado de S\u00e3o Paulo, junto con su familia alrededor de 1934. Hijo de esclavos, se hab\u00eda beneficiado de la Ley del Vientre Libre y fue criado por un sacerdote de Rio Claro, con quien aprendi\u00f3 las primeras nociones de espiritismo. El sacerdote hab\u00eda percibido algo en [&hellip;]","og_url":"https:\/\/nuevo-renacer.com\/pt\/olegario-ramos\/","og_site_name":"Uni\u00f3n Esp\u00edrita","article_publisher":"https:\/\/www.facebook.com\/groups\/3431398063740829","article_modified_time":"2026-04-20T17:30:34+00:00","og_image":[{"width":1024,"height":1071,"url":"https:\/\/nuevo-renacer.com\/wp-content\/uploads\/2026\/04\/Olegario-Ramos.jpg","type":"image\/jpeg"}],"twitter_card":"summary_large_image","twitter_misc":{"Est. tempo de leitura":"5 minutos"},"schema":{"@context":"https:\/\/schema.org","@graph":[{"@type":"WebPage","@id":"https:\/\/nuevo-renacer.com\/olegario-ramos\/","url":"https:\/\/nuevo-renacer.com\/olegario-ramos\/","name":"Oleg\u00e1rio Ramos - Uni\u00f3n Esp\u00edrita","isPartOf":{"@id":"https:\/\/nuevo-renacer.com\/#website"},"primaryImageOfPage":{"@id":"https:\/\/nuevo-renacer.com\/olegario-ramos\/#primaryimage"},"image":{"@id":"https:\/\/nuevo-renacer.com\/olegario-ramos\/#primaryimage"},"thumbnailUrl":"https:\/\/nuevo-renacer.com\/wp-content\/uploads\/2026\/04\/Olegario-Ramos-979x1024.jpg","datePublished":"2026-04-20T17:29:09+00:00","dateModified":"2026-04-20T17:30:34+00:00","breadcrumb":{"@id":"https:\/\/nuevo-renacer.com\/olegario-ramos\/#breadcrumb"},"inLanguage":"pt-BR","potentialAction":[{"@type":"ReadAction","target":["https:\/\/nuevo-renacer.com\/olegario-ramos\/"]}]},{"@type":"ImageObject","inLanguage":"pt-BR","@id":"https:\/\/nuevo-renacer.com\/olegario-ramos\/#primaryimage","url":"https:\/\/nuevo-renacer.com\/wp-content\/uploads\/2026\/04\/Olegario-Ramos-979x1024.jpg","contentUrl":"https:\/\/nuevo-renacer.com\/wp-content\/uploads\/2026\/04\/Olegario-Ramos-979x1024.jpg"},{"@type":"BreadcrumbList","@id":"https:\/\/nuevo-renacer.com\/olegario-ramos\/#breadcrumb","itemListElement":[{"@type":"ListItem","position":1,"name":"Startseite","item":"https:\/\/nuevo-renacer.com\/"},{"@type":"ListItem","position":2,"name":"Oleg\u00e1rio Ramos"}]},{"@type":"WebSite","@id":"https:\/\/nuevo-renacer.com\/#website","url":"https:\/\/nuevo-renacer.com\/","name":"Uni\u00f3n Esp\u00edrita","description":"Nuevo Renacer","publisher":{"@id":"https:\/\/nuevo-renacer.com\/#organization"},"potentialAction":[{"@type":"SearchAction","target":{"@type":"EntryPoint","urlTemplate":"https:\/\/nuevo-renacer.com\/?s={search_term_string}"},"query-input":{"@type":"PropertyValueSpecification","valueRequired":true,"valueName":"search_term_string"}}],"inLanguage":"pt-BR"},{"@type":"Organization","@id":"https:\/\/nuevo-renacer.com\/#organization","name":"UFEC","url":"https:\/\/nuevo-renacer.com\/","logo":{"@type":"ImageObject","inLanguage":"pt-BR","@id":"https:\/\/nuevo-renacer.com\/#\/schema\/logo\/image\/","url":"https:\/\/nuevo-renacer.com\/wp-content\/uploads\/2024\/05\/cropped-LOGO-TERMINADO1-3-3.png","contentUrl":"https:\/\/nuevo-renacer.com\/wp-content\/uploads\/2024\/05\/cropped-LOGO-TERMINADO1-3-3.png","width":512,"height":512,"caption":"UFEC"},"image":{"@id":"https:\/\/nuevo-renacer.com\/#\/schema\/logo\/image\/"},"sameAs":["https:\/\/www.facebook.com\/groups\/3431398063740829"]}]}},"uagb_featured_image_src":{"full":false,"thumbnail":false,"medium":false,"medium_large":false,"large":false,"1536x1536":false,"2048x2048":false,"trp-custom-language-flag":false},"uagb_author_info":{"display_name":"adbv0","author_link":"https:\/\/nuevo-renacer.com\/pt\/author\/adbv0\/"},"uagb_comment_info":0,"uagb_excerpt":"Oleg\u00e1rio Ramos Oleg\u00e1rio Ramos lleg\u00f3 a Gar\u00e7a, en el estado de S\u00e3o Paulo, junto con su familia alrededor de 1934. Hijo de esclavos, se hab\u00eda beneficiado de la Ley del Vientre Libre y fue criado por un sacerdote de Rio Claro, con quien aprendi\u00f3 las primeras nociones de espiritismo. El sacerdote hab\u00eda percibido algo en&hellip;","jetpack_sharing_enabled":true,"_links":{"self":[{"href":"https:\/\/nuevo-renacer.com\/pt\/wp-json\/wp\/v2\/pages\/8865","targetHints":{"allow":["GET"]}}],"collection":[{"href":"https:\/\/nuevo-renacer.com\/pt\/wp-json\/wp\/v2\/pages"}],"about":[{"href":"https:\/\/nuevo-renacer.com\/pt\/wp-json\/wp\/v2\/types\/page"}],"author":[{"embeddable":true,"href":"https:\/\/nuevo-renacer.com\/pt\/wp-json\/wp\/v2\/users\/1"}],"replies":[{"embeddable":true,"href":"https:\/\/nuevo-renacer.com\/pt\/wp-json\/wp\/v2\/comments?post=8865"}],"version-history":[{"count":2,"href":"https:\/\/nuevo-renacer.com\/pt\/wp-json\/wp\/v2\/pages\/8865\/revisions"}],"predecessor-version":[{"id":8869,"href":"https:\/\/nuevo-renacer.com\/pt\/wp-json\/wp\/v2\/pages\/8865\/revisions\/8869"}],"wp:attachment":[{"href":"https:\/\/nuevo-renacer.com\/pt\/wp-json\/wp\/v2\/media?parent=8865"}],"curies":[{"name":"wp","href":"https:\/\/api.w.org\/{rel}","templated":true}]}}