{"id":8858,"date":"2026-04-17T11:17:46","date_gmt":"2026-04-17T11:17:46","guid":{"rendered":"https:\/\/nuevo-renacer.com\/?page_id=8858"},"modified":"2026-04-17T11:38:08","modified_gmt":"2026-04-17T11:38:08","slug":"inacio-ferreira-de-oliveira","status":"publish","type":"page","link":"https:\/\/nuevo-renacer.com\/pt\/inacio-ferreira-de-oliveira\/","title":{"rendered":"In\u00e1cio Ferreira de Oliveira"},"content":{"rendered":"<p class=\"has-black-color has-text-color has-link-color has-medium-font-size wp-elements-b1816ef08e1a557bade2a4fc1ccd039f\"><strong>In\u00e1cio Ferreira de Oliveira<\/strong><\/p>\n\n\n\n<div class=\"wp-block-uagb-container uagb-block-06f2dfd1 alignfull uagb-is-root-container\"><div class=\"uagb-container-inner-blocks-wrap\">\n<figure class=\"wp-block-image size-full is-resized\"><img fetchpriority=\"high\" decoding=\"async\" width=\"191\" height=\"264\" src=\"https:\/\/nuevo-renacer.com\/wp-content\/uploads\/2026\/04\/Inacio-Ferreira-de-Oliveira.jpg\" alt=\"\" class=\"wp-image-8859\" style=\"width:234px;height:auto\" srcset=\"https:\/\/nuevo-renacer.com\/wp-content\/uploads\/2026\/04\/Inacio-Ferreira-de-Oliveira.jpg 191w, https:\/\/nuevo-renacer.com\/wp-content\/uploads\/2026\/04\/Inacio-Ferreira-de-Oliveira-9x12.jpg 9w\" sizes=\"(max-width: 191px) 100vw, 191px\" \/><\/figure>\n<\/div><\/div>\n\n\n\n<div class=\"wp-block-uagb-container uagb-block-8ca75e29 alignfull uagb-is-root-container\"><div class=\"uagb-container-inner-blocks-wrap\">\n<p class=\"has-black-color has-text-color has-link-color has-small-font-size wp-elements-2831ec992247cd17d97201409530e9aa\">In\u00e1cio Ferreira de Oliveira nasceu em Uberaba em 15 de abril de 1904, filho de Jacinto Ferreira de Oliveira, antigo pecuarista, e Maria Lucas de Oliveira. Foi casado com Aparecida Valicenti Ferreira. Formado m\u00e9dico psiquiatra pela Faculdade de Medicina da Universidade do Brasil, no Rio de Janeiro, atual UFRJ, exerceu com dedica\u00e7\u00e3o e desprendimento, o cargo de Diretor Cl\u00ednico do Sanat\u00f3rio Esp\u00edrita de Uberaba, desde a sua inaugura\u00e7\u00e3o em 1933.<\/p>\n\n\n\n<p class=\"has-black-color has-text-color has-link-color has-small-font-size wp-elements-c4fd26c5b659b07b87652ea47990c8ba\">Com altru\u00edsmo aceitou o convite, embora declarasse n\u00e3o ser esp\u00edrita e sim materialista. Ao longo do seu primeiro ano de trabalho no Sanat\u00f3rio, In\u00e1cio Ferreira recorreu apenas aos recursos oferecidos pela medicina oficial para o diagn\u00f3stico e tratamento dos transtornos mentais. Restringia-se apenas a observar e investigar os trabalhos medi\u00fanicos de desobsess\u00e3o, realizados pela principal m\u00e9dium do Sanat\u00f3rio e uma das suas idealizadoras, Maria Modesta Cravo, carinhosamente chamada de Dona Modesta.<\/p>\n\n\n\n<p class=\"has-black-color has-text-color has-link-color has-small-font-size wp-elements-3349d616d5b4fe2d1ea4c727fc8f4190\">Ap\u00f3s um ano de observa\u00e7\u00e3o e pesquisa sobre as tarefas medi\u00fanicas desenvolvidas no hospital, Dr. In\u00e1cio relatou estar convencido da teoria esp\u00edrita proposta para a explica\u00e7\u00e3o, diagn\u00f3stico e tratamento dos transtornos mentais. Declarou-se adepto do Espiritismo e foi provavelmente o primeiro m\u00e9dico a institucionalizar as ideias de tratamento para a loucura, propostas pelo m\u00e9dico esp\u00edrita Dr. Bezerra de Menezes (1831\/1900).<\/p>\n\n\n\n<p class=\"has-black-color has-text-color has-link-color has-small-font-size wp-elements-a09a036b8ee5c0006c5f8e7161f78945\">At\u00e9 a sua desencarna\u00e7\u00e3o, em 27 de setembro de 1988, procurou realizar um tratamento psiqui\u00e1trico convencional mesclado \u00e0 terapia esp\u00edrita e reuni\u00f5es de desobsess\u00e3o. Dos livros que escreveu, seis lidam diretamente com a quest\u00e3o da medicina e suas rela\u00e7\u00f5es com o Espiritismo: Tens Raz\u00e3o (1942), dedicado exclusivamente ao combate das acusa\u00e7\u00f5es m\u00e9dicas de ser o Espiritismo um agente desencadeador da loucura; Novos Rumos \u00e0 Medicina I e II (1945-1948), nos quais discute e exemplifica com muitos relatos de casos cl\u00ednicos a proposta esp\u00edrita de tratamento para a loucura; Espiritismo e Medicina (1941), Psiquiatria em face da Reencarna\u00e7\u00e3o (1940) e Peregrinos da Vida (1982). Apesar de elogiar os esfor\u00e7os dos psiquiatras ao longo dos anos, enfatizou a frustra\u00e7\u00e3o na busca das etiologias e a inefic\u00e1cia em grande parte dos casos tratados.<\/p>\n\n\n\n<p class=\"has-black-color has-text-color has-link-color has-small-font-size wp-elements-029de2965ff9dca54a320db27cf88829\">O Espiritismo, ao lado dos fatores sociais e biol\u00f3gicos, seria uma ferramenta imprescind\u00edvel para que a psiquiatria pudesse dar um salto qualitativo, ajudando-a a melhor compreender e tratar os transtornos mentais. Aos que respondiam com ironia a esta afirma\u00e7\u00e3o, Ferreira relatava que suas observa\u00e7\u00f5es eram baseadas em noites e dias de sacrif\u00edcios, longas horas consagradas \u00e0s pesquisas e \u00e0s investiga\u00e7\u00f5es. Lembrarem-se de que elas partem de um m\u00e9dico c\u00f4nscio das suas responsabilidades e que s\u00f3 resolveu public\u00e1-las, ap\u00f3s milhares de provas com milhares de resultados. Argumentava que o alto \u00edndice de curas obtidas, apesar de uma grande restri\u00e7\u00e3o de recursos, era uma das evid\u00eancias a favor da teoria esp\u00edrita.<\/p>\n\n\n\n<p class=\"has-black-color has-text-color has-link-color has-small-font-size wp-elements-e04592999d70f90ac2afbc10460a4aa8\">Mas o autor n\u00e3o negava as causas materiais, pelo contr\u00e1rio, dizia que mais da metade dos pacientes encaminhados ao Sanat\u00f3rio, como obsediados, nada mais eram do que portadores de doen\u00e7as org\u00e2nicas ou funcionais, de \u00e2mbito m\u00e9dico. O tratamento m\u00e9dico-espiritual realizado no Sanat\u00f3rio pelo Dr. In\u00e1cio Ferreira, bem como os as suas publica\u00e7\u00f5es ultrapassaram as fronteiras do movimento esp\u00edrita brasileiro, alcan\u00e7ando a imprensa, a popula\u00e7\u00e3o leiga e pesquisadores de diversos pa\u00edses. Tanto Dr. In\u00e1cio Ferreira como Dr. Bezerra de Menezes fizeram relatos de muitos casos de curas espetaculares, obtidas atrav\u00e9s da terapia esp\u00edrita.<\/p>\n\n\n\n<p class=\"has-black-color has-text-color has-link-color has-small-font-size wp-elements-15213162dea43a1577eee42544472281\">Com a colabora\u00e7\u00e3o de Dona Modesta, do generoso filantropo Abdon Alonso y Alonso  e jovens integrantes da Uni\u00e3o da Mocidade Esp\u00edrita de Uberaba, Dr. In\u00e1cio Ferreira concretizou em apenas dois anos (1947\/1949) a sua ideia-inspira\u00e7\u00e3o de construir o Lar Esp\u00edrita \u2013 institui\u00e7\u00e3o para abrigar e educar meninas desvalidas. O terreno foi comprado e doado a essa institui\u00e7\u00e3o pelo Dr. In\u00e1cio.<\/p>\n\n\n\n<p class=\"has-black-color has-text-color has-link-color has-small-font-size wp-elements-3c110dfda5284c9fb67dedded33dd6ce\">No final da sua vida, recebeu diversas e merecidas homenagens. Em 1979, a Associa\u00e7\u00e3o M\u00e9dica de Minas Gerais conferiu-lhe um t\u00edtulo pelos seus 50 anos de trabalho na medicina. Em 1987, a Sociedade de Medicina e Cirurgia de Uberaba e a Faculdade de Medicina do Tri\u00e2ngulo Mineiro homenagearam-no pelo trabalho desenvolvido na cidade. In\u00e1cio contribuiu de modo significativo para a institucionaliza\u00e7\u00e3o das pr\u00e1ticas e representa\u00e7\u00f5es propostas pelo Espiritismo para o diagn\u00f3stico e tratamento dos transtornos mentais, al\u00e9m de ser o principal disseminador desses princ\u00edpios tanto no Brasil como no Exterior.<\/p>\n\n\n\n<p class=\"has-black-color has-text-color has-link-color has-small-font-size wp-elements-e578e0c2883a3fe6459cdd03c62aaefa\">Parte de entrevista concedida a Elias Barbosa, em 1970:<\/p>\n\n\n\n<p class=\"has-black-color has-text-color has-link-color has-small-font-size wp-elements-8a02cc4f9a3bf7f6d899d49e7d1832b9\">Como foi, Dr. In\u00e1cio, que o senhor se tornou esp\u00edrita?<\/p>\n\n\n\n<p class=\"has-black-color has-text-color has-link-color has-small-font-size wp-elements-d77b62c4a53f85fe5da8843f507efc95\">Pela recusa de v\u00e1rios m\u00e9dicos em atender a responsabilidade do funcionamento do Sanat\u00f3rio Esp\u00edrita de Uberaba, na d\u00e9cada de trinta \u2013 perante as autoridades e a sociedade \u2013 pelo preju\u00edzo que poderia acarretar as suas cl\u00ednicas, aceitei o convite, com decis\u00e3o e desprendimento. N\u00e3o conhecia e nada entendia do Espiritismo. Na v\u00e9spera da inaugura\u00e7\u00e3o do Sanat\u00f3rio, recebi de  Maria Modesto Cravo, ent\u00e3o diretora administrativa, dois livros com a dedicat\u00f3ria do Dr. Bezerra de Menezes. O primeiro, O Evangelho Segundo o Espiritismo,  de Allan Kardec e o segundo, C\u00f3digo Penal Brasileiro, aos quais pouco liguei.<\/p>\n\n\n\n<p class=\"has-black-color has-text-color has-link-color has-small-font-size wp-elements-7610dc863b017d0db9769418a3c23c80\">Somente um ano mais tarde, ap\u00f3s in\u00fameras observa\u00e7\u00f5es de casos maravilhosos de cura no Sanat\u00f3rio, sem que minha ci\u00eancia materialista e minha terap\u00eautica para isso contribu\u00edssem, tive a curiosidade despertada para aqueles dois c\u00f3digos, o  Divino e o humano. Lendo o primeiro, deparei com os conhecimentos vedados pela cortina materialista que vieram \u00e0 tona do racioc\u00ednio, como despertos pelo passado de outras reencarna\u00e7\u00f5es. Revolvi as demais obras esp\u00edritas como esp\u00e9cie de recorda\u00e7\u00e3o. Desperto, com a leitura e a experi\u00eancia, at\u00e9 ent\u00e3o, procurei ver e sentir, mais de perto os trabalhos de curas e doutrina\u00e7\u00f5es, rendendo-me \u00e0 maravilha da Terceira Revela\u00e7\u00e3o, entregando-me de corpo e alma, ao estudo, experi\u00eancias e consequentes resultados atrav\u00e9s de artigos, confer\u00eancias e livros.<\/p>\n<\/div><\/div>\n\n\n\n<div class=\"wp-block-uagb-container uagb-block-4673fcc1 alignfull uagb-is-root-container\"><div class=\"uagb-container-inner-blocks-wrap\"><\/div><\/div>\n\n\n\n<div class=\"wp-block-uagb-container uagb-block-2b87fdbf alignfull uagb-is-root-container\"><div class=\"uagb-container-inner-blocks-wrap\"><\/div><\/div>","protected":false},"excerpt":{"rendered":"<p>In\u00e1cio Ferreira de Oliveira In\u00e1cio Ferreira de Oliveira naci\u00f3 en Uberaba el 15 de abril de 1904, hijo de Jacinto Ferreira de Oliveira, antiguo ganadero, y de Maria Lucas de Oliveira. Estuvo casado con Aparecida Valicenti Ferreira. Se gradu\u00f3 como m\u00e9dico psiquiatra en la Facultad de Medicina de la Universidad de Brasil, en R\u00edo de [&hellip;]<\/p>","protected":false},"author":1,"featured_media":0,"parent":0,"menu_order":0,"comment_status":"closed","ping_status":"closed","template":"","meta":{"_uag_custom_page_level_css":"","site-sidebar-layout":"default","site-content-layout":"","ast-site-content-layout":"default","site-content-style":"default","site-sidebar-style":"default","ast-global-header-display":"","ast-banner-title-visibility":"","ast-main-header-display":"","ast-hfb-above-header-display":"","ast-hfb-below-header-display":"","ast-hfb-mobile-header-display":"","site-post-title":"disabled","ast-breadcrumbs-content":"","ast-featured-img":"","footer-sml-layout":"","theme-transparent-header-meta":"","adv-header-id-meta":"","stick-header-meta":"","header-above-stick-meta":"","header-main-stick-meta":"","header-below-stick-meta":"","astra-migrate-meta-layouts":"set","ast-page-background-enabled":"default","ast-page-background-meta":{"desktop":{"background-color":"var(--ast-global-color-4)","background-image":"","background-repeat":"repeat","background-position":"center center","background-size":"auto","background-attachment":"scroll","background-type":"","background-media":"","overlay-type":"","overlay-color":"","overlay-opacity":"","overlay-gradient":""},"tablet":{"background-color":"","background-image":"","background-repeat":"repeat","background-position":"center center","background-size":"auto","background-attachment":"scroll","background-type":"","background-media":"","overlay-type":"","overlay-color":"","overlay-opacity":"","overlay-gradient":""},"mobile":{"background-color":"","background-image":"","background-repeat":"repeat","background-position":"center center","background-size":"auto","background-attachment":"scroll","background-type":"","background-media":"","overlay-type":"","overlay-color":"","overlay-opacity":"","overlay-gradient":""}},"ast-content-background-meta":{"desktop":{"background-color":"var(--ast-global-color-5)","background-image":"","background-repeat":"repeat","background-position":"center center","background-size":"auto","background-attachment":"scroll","background-type":"","background-media":"","overlay-type":"","overlay-color":"","overlay-opacity":"","overlay-gradient":""},"tablet":{"background-color":"var(--ast-global-color-5)","background-image":"","background-repeat":"repeat","background-position":"center center","background-size":"auto","background-attachment":"scroll","background-type":"","background-media":"","overlay-type":"","overlay-color":"","overlay-opacity":"","overlay-gradient":""},"mobile":{"background-color":"var(--ast-global-color-5)","background-image":"","background-repeat":"repeat","background-position":"center center","background-size":"auto","background-attachment":"scroll","background-type":"","background-media":"","overlay-type":"","overlay-color":"","overlay-opacity":"","overlay-gradient":""}},"footnotes":""},"class_list":["post-8858","page","type-page","status-publish","hentry"],"yoast_head":"<!-- This site is optimized with the Yoast SEO Premium plugin v24.2 (Yoast SEO v24.6) - https:\/\/yoast.com\/wordpress\/plugins\/seo\/ -->\n<title>In\u00e1cio Ferreira de Oliveira - Uni\u00f3n Esp\u00edrita<\/title>\n<meta name=\"robots\" content=\"index, follow, max-snippet:-1, max-image-preview:large, max-video-preview:-1\" \/>\n<link rel=\"canonical\" href=\"https:\/\/nuevo-renacer.com\/pt\/inacio-ferreira-de-oliveira\/\" \/>\n<meta property=\"og:locale\" content=\"pt_BR\" \/>\n<meta property=\"og:type\" content=\"article\" \/>\n<meta property=\"og:title\" content=\"In\u00e1cio Ferreira de Oliveira\" \/>\n<meta property=\"og:description\" content=\"In\u00e1cio Ferreira de Oliveira In\u00e1cio Ferreira de Oliveira naci\u00f3 en Uberaba el 15 de abril de 1904, hijo de Jacinto Ferreira de Oliveira, antiguo ganadero, y de Maria Lucas de Oliveira. Estuvo casado con Aparecida Valicenti Ferreira. Se gradu\u00f3 como m\u00e9dico psiquiatra en la Facultad de Medicina de la Universidad de Brasil, en R\u00edo de [&hellip;]\" \/>\n<meta property=\"og:url\" content=\"https:\/\/nuevo-renacer.com\/pt\/inacio-ferreira-de-oliveira\/\" \/>\n<meta property=\"og:site_name\" content=\"Uni\u00f3n Esp\u00edrita\" \/>\n<meta property=\"article:publisher\" content=\"https:\/\/www.facebook.com\/groups\/3431398063740829\" \/>\n<meta property=\"article:modified_time\" content=\"2026-04-17T11:38:08+00:00\" \/>\n<meta property=\"og:image\" content=\"https:\/\/nuevo-renacer.com\/wp-content\/uploads\/2026\/04\/Inacio-Ferreira-de-Oliveira.jpg\" \/>\n\t<meta property=\"og:image:width\" content=\"191\" \/>\n\t<meta property=\"og:image:height\" content=\"264\" \/>\n\t<meta property=\"og:image:type\" content=\"image\/jpeg\" \/>\n<meta name=\"twitter:card\" content=\"summary_large_image\" \/>\n<meta name=\"twitter:label1\" content=\"Est. tempo de leitura\" \/>\n\t<meta name=\"twitter:data1\" content=\"6 minutos\" \/>\n<script type=\"application\/ld+json\" class=\"yoast-schema-graph\">{\"@context\":\"https:\/\/schema.org\",\"@graph\":[{\"@type\":\"WebPage\",\"@id\":\"https:\/\/nuevo-renacer.com\/inacio-ferreira-de-oliveira\/\",\"url\":\"https:\/\/nuevo-renacer.com\/inacio-ferreira-de-oliveira\/\",\"name\":\"In\u00e1cio Ferreira de Oliveira - Uni\u00f3n Esp\u00edrita\",\"isPartOf\":{\"@id\":\"https:\/\/nuevo-renacer.com\/#website\"},\"primaryImageOfPage\":{\"@id\":\"https:\/\/nuevo-renacer.com\/inacio-ferreira-de-oliveira\/#primaryimage\"},\"image\":{\"@id\":\"https:\/\/nuevo-renacer.com\/inacio-ferreira-de-oliveira\/#primaryimage\"},\"thumbnailUrl\":\"https:\/\/nuevo-renacer.com\/wp-content\/uploads\/2026\/04\/Inacio-Ferreira-de-Oliveira.jpg\",\"datePublished\":\"2026-04-17T11:17:46+00:00\",\"dateModified\":\"2026-04-17T11:38:08+00:00\",\"breadcrumb\":{\"@id\":\"https:\/\/nuevo-renacer.com\/inacio-ferreira-de-oliveira\/#breadcrumb\"},\"inLanguage\":\"pt-BR\",\"potentialAction\":[{\"@type\":\"ReadAction\",\"target\":[\"https:\/\/nuevo-renacer.com\/inacio-ferreira-de-oliveira\/\"]}]},{\"@type\":\"ImageObject\",\"inLanguage\":\"pt-BR\",\"@id\":\"https:\/\/nuevo-renacer.com\/inacio-ferreira-de-oliveira\/#primaryimage\",\"url\":\"https:\/\/nuevo-renacer.com\/wp-content\/uploads\/2026\/04\/Inacio-Ferreira-de-Oliveira.jpg\",\"contentUrl\":\"https:\/\/nuevo-renacer.com\/wp-content\/uploads\/2026\/04\/Inacio-Ferreira-de-Oliveira.jpg\"},{\"@type\":\"BreadcrumbList\",\"@id\":\"https:\/\/nuevo-renacer.com\/inacio-ferreira-de-oliveira\/#breadcrumb\",\"itemListElement\":[{\"@type\":\"ListItem\",\"position\":1,\"name\":\"Startseite\",\"item\":\"https:\/\/nuevo-renacer.com\/\"},{\"@type\":\"ListItem\",\"position\":2,\"name\":\"In\u00e1cio Ferreira de Oliveira\"}]},{\"@type\":\"WebSite\",\"@id\":\"https:\/\/nuevo-renacer.com\/#website\",\"url\":\"https:\/\/nuevo-renacer.com\/\",\"name\":\"Uni\u00f3n Esp\u00edrita\",\"description\":\"Nuevo Renacer\",\"publisher\":{\"@id\":\"https:\/\/nuevo-renacer.com\/#organization\"},\"potentialAction\":[{\"@type\":\"SearchAction\",\"target\":{\"@type\":\"EntryPoint\",\"urlTemplate\":\"https:\/\/nuevo-renacer.com\/?s={search_term_string}\"},\"query-input\":{\"@type\":\"PropertyValueSpecification\",\"valueRequired\":true,\"valueName\":\"search_term_string\"}}],\"inLanguage\":\"pt-BR\"},{\"@type\":\"Organization\",\"@id\":\"https:\/\/nuevo-renacer.com\/#organization\",\"name\":\"UFEC\",\"url\":\"https:\/\/nuevo-renacer.com\/\",\"logo\":{\"@type\":\"ImageObject\",\"inLanguage\":\"pt-BR\",\"@id\":\"https:\/\/nuevo-renacer.com\/#\/schema\/logo\/image\/\",\"url\":\"https:\/\/nuevo-renacer.com\/wp-content\/uploads\/2024\/05\/cropped-LOGO-TERMINADO1-3-3.png\",\"contentUrl\":\"https:\/\/nuevo-renacer.com\/wp-content\/uploads\/2024\/05\/cropped-LOGO-TERMINADO1-3-3.png\",\"width\":512,\"height\":512,\"caption\":\"UFEC\"},\"image\":{\"@id\":\"https:\/\/nuevo-renacer.com\/#\/schema\/logo\/image\/\"},\"sameAs\":[\"https:\/\/www.facebook.com\/groups\/3431398063740829\"]}]}<\/script>\n<!-- \/ Yoast SEO Premium plugin. -->","yoast_head_json":{"title":"In\u00e1cio Ferreira de Oliveira - Uni\u00f3n Esp\u00edrita","robots":{"index":"index","follow":"follow","max-snippet":"max-snippet:-1","max-image-preview":"max-image-preview:large","max-video-preview":"max-video-preview:-1"},"canonical":"https:\/\/nuevo-renacer.com\/pt\/inacio-ferreira-de-oliveira\/","og_locale":"pt_BR","og_type":"article","og_title":"In\u00e1cio Ferreira de Oliveira","og_description":"In\u00e1cio Ferreira de Oliveira In\u00e1cio Ferreira de Oliveira naci\u00f3 en Uberaba el 15 de abril de 1904, hijo de Jacinto Ferreira de Oliveira, antiguo ganadero, y de Maria Lucas de Oliveira. Estuvo casado con Aparecida Valicenti Ferreira. Se gradu\u00f3 como m\u00e9dico psiquiatra en la Facultad de Medicina de la Universidad de Brasil, en R\u00edo de [&hellip;]","og_url":"https:\/\/nuevo-renacer.com\/pt\/inacio-ferreira-de-oliveira\/","og_site_name":"Uni\u00f3n Esp\u00edrita","article_publisher":"https:\/\/www.facebook.com\/groups\/3431398063740829","article_modified_time":"2026-04-17T11:38:08+00:00","og_image":[{"width":191,"height":264,"url":"https:\/\/nuevo-renacer.com\/wp-content\/uploads\/2026\/04\/Inacio-Ferreira-de-Oliveira.jpg","type":"image\/jpeg"}],"twitter_card":"summary_large_image","twitter_misc":{"Est. tempo de leitura":"6 minutos"},"schema":{"@context":"https:\/\/schema.org","@graph":[{"@type":"WebPage","@id":"https:\/\/nuevo-renacer.com\/inacio-ferreira-de-oliveira\/","url":"https:\/\/nuevo-renacer.com\/inacio-ferreira-de-oliveira\/","name":"In\u00e1cio Ferreira de Oliveira - Uni\u00f3n Esp\u00edrita","isPartOf":{"@id":"https:\/\/nuevo-renacer.com\/#website"},"primaryImageOfPage":{"@id":"https:\/\/nuevo-renacer.com\/inacio-ferreira-de-oliveira\/#primaryimage"},"image":{"@id":"https:\/\/nuevo-renacer.com\/inacio-ferreira-de-oliveira\/#primaryimage"},"thumbnailUrl":"https:\/\/nuevo-renacer.com\/wp-content\/uploads\/2026\/04\/Inacio-Ferreira-de-Oliveira.jpg","datePublished":"2026-04-17T11:17:46+00:00","dateModified":"2026-04-17T11:38:08+00:00","breadcrumb":{"@id":"https:\/\/nuevo-renacer.com\/inacio-ferreira-de-oliveira\/#breadcrumb"},"inLanguage":"pt-BR","potentialAction":[{"@type":"ReadAction","target":["https:\/\/nuevo-renacer.com\/inacio-ferreira-de-oliveira\/"]}]},{"@type":"ImageObject","inLanguage":"pt-BR","@id":"https:\/\/nuevo-renacer.com\/inacio-ferreira-de-oliveira\/#primaryimage","url":"https:\/\/nuevo-renacer.com\/wp-content\/uploads\/2026\/04\/Inacio-Ferreira-de-Oliveira.jpg","contentUrl":"https:\/\/nuevo-renacer.com\/wp-content\/uploads\/2026\/04\/Inacio-Ferreira-de-Oliveira.jpg"},{"@type":"BreadcrumbList","@id":"https:\/\/nuevo-renacer.com\/inacio-ferreira-de-oliveira\/#breadcrumb","itemListElement":[{"@type":"ListItem","position":1,"name":"Startseite","item":"https:\/\/nuevo-renacer.com\/"},{"@type":"ListItem","position":2,"name":"In\u00e1cio Ferreira de Oliveira"}]},{"@type":"WebSite","@id":"https:\/\/nuevo-renacer.com\/#website","url":"https:\/\/nuevo-renacer.com\/","name":"Uni\u00f3n Esp\u00edrita","description":"Nuevo Renacer","publisher":{"@id":"https:\/\/nuevo-renacer.com\/#organization"},"potentialAction":[{"@type":"SearchAction","target":{"@type":"EntryPoint","urlTemplate":"https:\/\/nuevo-renacer.com\/?s={search_term_string}"},"query-input":{"@type":"PropertyValueSpecification","valueRequired":true,"valueName":"search_term_string"}}],"inLanguage":"pt-BR"},{"@type":"Organization","@id":"https:\/\/nuevo-renacer.com\/#organization","name":"UFEC","url":"https:\/\/nuevo-renacer.com\/","logo":{"@type":"ImageObject","inLanguage":"pt-BR","@id":"https:\/\/nuevo-renacer.com\/#\/schema\/logo\/image\/","url":"https:\/\/nuevo-renacer.com\/wp-content\/uploads\/2024\/05\/cropped-LOGO-TERMINADO1-3-3.png","contentUrl":"https:\/\/nuevo-renacer.com\/wp-content\/uploads\/2024\/05\/cropped-LOGO-TERMINADO1-3-3.png","width":512,"height":512,"caption":"UFEC"},"image":{"@id":"https:\/\/nuevo-renacer.com\/#\/schema\/logo\/image\/"},"sameAs":["https:\/\/www.facebook.com\/groups\/3431398063740829"]}]}},"uagb_featured_image_src":{"full":false,"thumbnail":false,"medium":false,"medium_large":false,"large":false,"1536x1536":false,"2048x2048":false,"trp-custom-language-flag":false},"uagb_author_info":{"display_name":"adbv0","author_link":"https:\/\/nuevo-renacer.com\/pt\/author\/adbv0\/"},"uagb_comment_info":0,"uagb_excerpt":"In\u00e1cio Ferreira de Oliveira In\u00e1cio Ferreira de Oliveira naci\u00f3 en Uberaba el 15 de abril de 1904, hijo de Jacinto Ferreira de Oliveira, antiguo ganadero, y de Maria Lucas de Oliveira. Estuvo casado con Aparecida Valicenti Ferreira. Se gradu\u00f3 como m\u00e9dico psiquiatra en la Facultad de Medicina de la Universidad de Brasil, en R\u00edo de&hellip;","jetpack_sharing_enabled":true,"_links":{"self":[{"href":"https:\/\/nuevo-renacer.com\/pt\/wp-json\/wp\/v2\/pages\/8858","targetHints":{"allow":["GET"]}}],"collection":[{"href":"https:\/\/nuevo-renacer.com\/pt\/wp-json\/wp\/v2\/pages"}],"about":[{"href":"https:\/\/nuevo-renacer.com\/pt\/wp-json\/wp\/v2\/types\/page"}],"author":[{"embeddable":true,"href":"https:\/\/nuevo-renacer.com\/pt\/wp-json\/wp\/v2\/users\/1"}],"replies":[{"embeddable":true,"href":"https:\/\/nuevo-renacer.com\/pt\/wp-json\/wp\/v2\/comments?post=8858"}],"version-history":[{"count":3,"href":"https:\/\/nuevo-renacer.com\/pt\/wp-json\/wp\/v2\/pages\/8858\/revisions"}],"predecessor-version":[{"id":8864,"href":"https:\/\/nuevo-renacer.com\/pt\/wp-json\/wp\/v2\/pages\/8858\/revisions\/8864"}],"wp:attachment":[{"href":"https:\/\/nuevo-renacer.com\/pt\/wp-json\/wp\/v2\/media?parent=8858"}],"curies":[{"name":"wp","href":"https:\/\/api.w.org\/{rel}","templated":true}]}}