{"id":8821,"date":"2026-03-24T09:03:50","date_gmt":"2026-03-24T09:03:50","guid":{"rendered":"https:\/\/nuevo-renacer.com\/?page_id=8821"},"modified":"2026-03-24T09:05:05","modified_gmt":"2026-03-24T09:05:05","slug":"frederica-hauffe","status":"publish","type":"page","link":"https:\/\/nuevo-renacer.com\/pt\/frederica-hauffe\/","title":{"rendered":"Frederica Hauffe"},"content":{"rendered":"<div class=\"wp-block-uagb-container uagb-block-dbde4e89 alignfull uagb-is-root-container\"><div class=\"uagb-container-inner-blocks-wrap\">\n<p class=\"has-black-color has-text-color has-link-color has-medium-font-size wp-elements-0cdbe2bc5d55e5a49b5c561ec010a0e9\"><strong>Frederica Hauffe<\/strong><\/p>\n<\/div><\/div>\n\n\n\n<div class=\"wp-block-uagb-container uagb-block-5b38f87f alignfull uagb-is-root-container\"><div class=\"uagb-container-inner-blocks-wrap\">\n<figure class=\"wp-block-image size-large is-resized\"><img fetchpriority=\"high\" decoding=\"async\" width=\"826\" height=\"1024\" src=\"https:\/\/nuevo-renacer.com\/wp-content\/uploads\/2026\/03\/Frederica-Hauffe-826x1024.jpg\" alt=\"\" class=\"wp-image-8822\" style=\"aspect-ratio:0.8066467693796886;width:273px;height:auto\" srcset=\"https:\/\/nuevo-renacer.com\/wp-content\/uploads\/2026\/03\/Frederica-Hauffe-826x1024.jpg 826w, https:\/\/nuevo-renacer.com\/wp-content\/uploads\/2026\/03\/Frederica-Hauffe-242x300.jpg 242w, https:\/\/nuevo-renacer.com\/wp-content\/uploads\/2026\/03\/Frederica-Hauffe-768x952.jpg 768w, https:\/\/nuevo-renacer.com\/wp-content\/uploads\/2026\/03\/Frederica-Hauffe-10x12.jpg 10w, https:\/\/nuevo-renacer.com\/wp-content\/uploads\/2026\/03\/Frederica-Hauffe.jpg 960w\" sizes=\"(max-width: 826px) 100vw, 826px\" \/><\/figure>\n<\/div><\/div>\n\n\n\n<div class=\"wp-block-uagb-container uagb-block-5c6f57f5 alignfull uagb-is-root-container\"><div class=\"uagb-container-inner-blocks-wrap\">\n<p class=\"has-black-color has-text-color has-link-color has-small-font-size wp-elements-b9466b3f3afc40b28b1aae40d1138adc\">Perto da Cidade de L\u00f6wenstein, no Baden-W\u00fcrttemberg, em meio \u00e0s montanhas, cujo ponto mais elevado atinge 1879 p\u00e9s acima do n\u00edvel do mar, rodeada de colinas e vales, num recesso pitoresco, estende-se \u00e0 aldeiazinha de Prevorst. Conta pouco mais de 400 habitantes, que vive a maior parte da explora\u00e7\u00e3o da floresta para a fabrica\u00e7\u00e3o de carv\u00e3o e colheita de produtos nativos. No ano de 1801, nessas altas montanhas de Prevorst, nasceu uma menina que desde muito cedo deu provas de extraordin\u00e1ria vida interna.<\/p>\n\n\n\n<p class=\"has-black-color has-text-color has-link-color has-small-font-size wp-elements-08c7b96bcedd4cacde86e12b35ee0a9c\">Frederica Hauffe, comumente chamada a Vidente de Prevorst, cujo pai exercia as fun\u00e7\u00f5es de guarda de ca\u00e7a florestal, fora educado, devido ao isolamento da aldeia, na maior simplicidade e ingenuidade. A Senhora Hauffe n\u00e3o recebeu instru\u00e7\u00e3o nem notas de habilita\u00e7\u00e3o. N\u00e3o conhecia L\u00ednguas, Hist\u00f3ria, Geografia, Hist\u00f3ria Natural, n\u00e3o possu\u00eda as no\u00e7\u00f5es comuns de seu sexo. -Durante longos anos de sofrimento, a B\u00edblia e o Livro dos Salmos eram o seu \u00fanico estudo. Incontest\u00e1vel a sua moralidade; piedosa sem hipocrisia; considerava seus longos sofrimentos e estranhas condi\u00e7\u00f5es como um des\u00edgnio de Deus, e exprimia em poesia os seus sentimentos.<\/p>\n\n\n\n<p class=\"has-black-color has-text-color has-link-color has-small-font-size wp-elements-240a37d6f08d9067bb4412dcd1617521\">Como contraparte a essa imunidade, descobriu-se nela, ainda pequena, uma faculdade absolutamente incontest\u00e1vel, supranormal ou de pressentimento, que se manifestava principalmente por sonhos prof\u00e9ticos. Quando repreendida, desgostosa, ou irritada por qualquer motivo, ou magoada em seus sentimentos, era, durante a noite, levada a esses profundos esconderijos, onde a visitavam as vis\u00f5es instrutivas, premonit\u00f3rias ou prof\u00e9ticas.<\/p>\n\n\n\n<p class=\"has-black-color has-text-color has-link-color has-small-font-size wp-elements-45e3bfb6b3cbf9e80cc45bef12ee93d6\">Assim, numa ocasi\u00e3o em que o pai perdera um objeto de valor e a responsabilizar\u00e1 por isso, posto que estivesse inocente, sentiu-se t\u00e3o perturbada que viu em sonho o lugar em que o objeto se achava. Ainda muita crian\u00e7a, indicava com a vara de aveleira, onde havia \u00e1gua e metais. Em idade mais avan\u00e7ada, como a cidade possu\u00eda poucos elementos de cultura, os pais confiaram-na ao av\u00f4 Jo\u00e3o Schmidgall, que habitava L\u00f6wenstein, a pouca dist\u00e2ncia. Com grande pesar da fam\u00edlia, esta sensibilidade \u00e0s influ\u00eancias espirituais impercept\u00edveis aos outros, logo se manifestou de maneira saliente. Foi em casa do av\u00f4 que um espectro apareceu pela primeira vez \u00e0 pobre menina. A meia noite ela viu no corredor uma grande forma sombria que suspirou passando perto dela; parou na extremidade do vest\u00edbulo e lhe mostrou um rosto de que ela nunca mais se esqueceu. Essa primeira apari\u00e7\u00e3o n\u00e3o lhe causou maiores apreens\u00f5es do que as que viram no decorrer da exist\u00eancia. Encarou-a com calma e chegando-se ao av\u00f4 lhe disse: - H\u00e1 no corredor um homem estranho, v\u00e1 v\u00ea-lo.<\/p>\n\n\n\n<p class=\"has-black-color has-text-color has-link-color has-small-font-size wp-elements-0b3900597df5ff08165f3b2ea8414311\">T\u00e3o importantes mas lament\u00e1veis faculdades n\u00e3o trouxeram qualquer modifica\u00e7\u00e3o na menina. Era a mais alegre entre suas companheiras, apesar de confinada durante muito tempo em seu quarto pela sua sensibilidade; seria uma prepara\u00e7\u00e3o para que pudesse ver com olhos normais o que era invis\u00edvel para os outros, a explos\u00e3o de uma faculdade de vis\u00e3o espiritual por meio dos \u00f3rg\u00e3os carnais.<\/p>\n\n\n\n<p class=\"has-black-color has-text-color has-link-color has-small-font-size wp-elements-f78f74f45a9be8f9417a527d54727d4b\">Encontramo-la em idade mais avan\u00e7ada com seus pais em Oberstenfeld, que foi durante algum tempo a morada paterna. Dos 17 aos 19 anos, em que foi sujeita a influ\u00eancias agrad\u00e1veis, cheias de movimento, parecia ter perdido, em certos limites, a faculdade de percep\u00e7\u00e3o interna; faziam-se notar apenas por um car\u00e1ter mais espiritual, que brilhava em seu olhar, e por maior contentamento, sem afastar-se dos seus modos habituais e do das jovens de sua companhia. A despeito dos falsos ru\u00eddos espalhadas, \u00e9 certo que mesmo nessa idade, suscept\u00edvel de tais sentimentos, ela n\u00e3o contraiu qualquer liga\u00e7\u00e3o nem experimentou decep\u00e7\u00e3o em suas afei\u00e7\u00f5es. Era extremamente sujeita \u00e0s manifesta\u00e7\u00f5es espirituais de qualquer esp\u00e9cie - sonhos prof\u00e9ticos, predi\u00e7\u00f5es, vis\u00f5es prof\u00e9ticas nos copos e espelhos. Viu assim num copo uma pessoa que entrava em seu quarto meia hora mais  tarde e um carro imposs\u00edvel de perceber de onde estava; descreveu a viatura, as pessoas que viajavam nela, ns cavalos, e meia hora depois chegava a sua casa.<\/p>\n\n\n\n<p class=\"has-black-color has-text-color has-link-color has-small-font-size wp-elements-8d0950c7359dd800066f544dba6e03d9\">Parecia gozar, nessa \u00e9poca, da segunda vista. Certa manh\u00e3, deixando o aposento durante a visita do m\u00e9dico, viu no vest\u00edbulo um esquife que lhe impedia o caminho e nele o corpo de seu av\u00f4 paterno. Entrou no quarto e pediu ao m\u00e9dico e aos pais que viessem v\u00ea-lo. Nem eles nem ela, por\u00e9m, precederam mais nada. No dia seguinte l\u00e1 estava o esquife e o corpo ao lado de sua cama. Seis semanas mais tarde seu av\u00f4 morria, depois de ter gozado a mais perfeita sa\u00fade at\u00e9 os \u00faltimos dias que precederam sua morte.<\/p>\n\n\n\n<p class=\"has-black-color has-text-color has-link-color has-small-font-size wp-elements-0e40ac18655ee2ed89cadec2028fa7d0\">A faculdade de ver Esp\u00edritos que a Senhora Hauffe possu\u00eda desde a inf\u00e2ncia, desenvolveu-se constantemente. Durante tr\u00eas anos 25 de novembro de 1826 a 2 de maio de 1829,  Dr Justinus Kerner de p\u00f4de estud\u00e1-la \u00e0 vontade e reunir os elementos de um livro que produziu a maior sensa\u00e7\u00e3o na Alemanha, porque em alguns anos se esgotaram cinco edi\u00e7\u00f5es. Foi traduzido em ingl\u00eas pela Senhora Crowe e em franc\u00eas pelo Dr. Dusart.<\/p>\n\n\n\n<p class=\"has-black-color has-text-color has-link-color has-small-font-size wp-elements-de0ce7c6e83acd48993c6f5a98bf74d0\">Eschenmayer diz a seu respeito nos Mist\u00e9rios: \u201cSuas disposi\u00e7\u00f5es naturais eram doces, am\u00e1veis, s\u00e9rias. Sentia-se sempre conduzida para a contempla\u00e7\u00e3o e para a prece. Havia algo de espiritual na express\u00e3o dos olhos, sempre claros e brilhantes, apesar do sofrimento; de grande mobilidade durante a conversa, tornavam-se subitamente fixos; e via-se por este sinal, que ela estava em presen\u00e7a de uma de suas estranhas apari\u00e7\u00f5es. Em tais condi\u00e7\u00f5es proferia palavras r\u00e1pidas\u201d.<\/p>\n\n\n\n<p class=\"has-black-color has-text-color has-link-color has-small-font-size wp-elements-abf04a029ee59cbef3c776e4223c544a\">A 5 de agosto de 1829, \u00c0s dez horas a irm\u00e3 vidente notou uma forma branca entrar-lhe no quarto; no mesmo instante a agonizante deu um grito de alegria e o seu esp\u00edrito, nesse momento, pareceu desprender-se. Em pouco sua alma partiu, deixando o inv\u00f3lucro inteiramente irreconhec\u00edvel, porque nenhum de seus tra\u00e7os conservou a forma anterior. Os restos daquela que tanto sofreu foram depositados no pitoresco cemit\u00e9rio de L\u00f6wenstein, onde j\u00e1 repousavam os corpos de seu av\u00f4, o estim\u00e1vel Schmidgall, e sua mulher, que ela reconhecera como seu esp\u00edrito protetor.<\/p>\n<\/div><\/div>\n\n\n\n<div class=\"wp-block-uagb-container uagb-block-3259d955 alignfull uagb-is-root-container\"><div class=\"uagb-container-inner-blocks-wrap\"><\/div><\/div>\n\n\n\n<div class=\"wp-block-uagb-container uagb-block-1ab3b2d5 alignfull uagb-is-root-container\"><div class=\"uagb-container-inner-blocks-wrap\"><\/div><\/div>","protected":false},"excerpt":{"rendered":"<p>Frederica Hauffe Cerca de la ciudad de L\u00f6wenstein, en Baden-W\u00fcrttemberg, entre las monta\u00f1as cuyo punto m\u00e1s alto alcanza los 1879 pies sobre el nivel del mar, rodeada de colinas y valles, en un recodo pintoresco, se encuentra la peque\u00f1a aldea de Prevorst. Cuenta con poco m\u00e1s de 400 habitantes, que viven en su mayor parte [&hellip;]<\/p>","protected":false},"author":1,"featured_media":0,"parent":0,"menu_order":0,"comment_status":"closed","ping_status":"closed","template":"","meta":{"_uag_custom_page_level_css":"","site-sidebar-layout":"default","site-content-layout":"","ast-site-content-layout":"default","site-content-style":"default","site-sidebar-style":"default","ast-global-header-display":"","ast-banner-title-visibility":"","ast-main-header-display":"","ast-hfb-above-header-display":"","ast-hfb-below-header-display":"","ast-hfb-mobile-header-display":"","site-post-title":"disabled","ast-breadcrumbs-content":"","ast-featured-img":"","footer-sml-layout":"","theme-transparent-header-meta":"","adv-header-id-meta":"","stick-header-meta":"","header-above-stick-meta":"","header-main-stick-meta":"","header-below-stick-meta":"","astra-migrate-meta-layouts":"set","ast-page-background-enabled":"default","ast-page-background-meta":{"desktop":{"background-color":"var(--ast-global-color-4)","background-image":"","background-repeat":"repeat","background-position":"center center","background-size":"auto","background-attachment":"scroll","background-type":"","background-media":"","overlay-type":"","overlay-color":"","overlay-opacity":"","overlay-gradient":""},"tablet":{"background-color":"","background-image":"","background-repeat":"repeat","background-position":"center center","background-size":"auto","background-attachment":"scroll","background-type":"","background-media":"","overlay-type":"","overlay-color":"","overlay-opacity":"","overlay-gradient":""},"mobile":{"background-color":"","background-image":"","background-repeat":"repeat","background-position":"center center","background-size":"auto","background-attachment":"scroll","background-type":"","background-media":"","overlay-type":"","overlay-color":"","overlay-opacity":"","overlay-gradient":""}},"ast-content-background-meta":{"desktop":{"background-color":"var(--ast-global-color-5)","background-image":"","background-repeat":"repeat","background-position":"center center","background-size":"auto","background-attachment":"scroll","background-type":"","background-media":"","overlay-type":"","overlay-color":"","overlay-opacity":"","overlay-gradient":""},"tablet":{"background-color":"var(--ast-global-color-5)","background-image":"","background-repeat":"repeat","background-position":"center center","background-size":"auto","background-attachment":"scroll","background-type":"","background-media":"","overlay-type":"","overlay-color":"","overlay-opacity":"","overlay-gradient":""},"mobile":{"background-color":"var(--ast-global-color-5)","background-image":"","background-repeat":"repeat","background-position":"center center","background-size":"auto","background-attachment":"scroll","background-type":"","background-media":"","overlay-type":"","overlay-color":"","overlay-opacity":"","overlay-gradient":""}},"footnotes":""},"class_list":["post-8821","page","type-page","status-publish","hentry"],"yoast_head":"<!-- This site is optimized with the Yoast SEO Premium plugin v24.2 (Yoast SEO v24.6) - https:\/\/yoast.com\/wordpress\/plugins\/seo\/ -->\n<title>Frederica Hauffe - Uni\u00f3n Esp\u00edrita<\/title>\n<meta name=\"robots\" content=\"index, follow, max-snippet:-1, max-image-preview:large, max-video-preview:-1\" \/>\n<link rel=\"canonical\" href=\"https:\/\/nuevo-renacer.com\/pt\/frederica-hauffe\/\" \/>\n<meta property=\"og:locale\" content=\"pt_BR\" \/>\n<meta property=\"og:type\" content=\"article\" \/>\n<meta property=\"og:title\" content=\"Frederica Hauffe\" \/>\n<meta property=\"og:description\" content=\"Frederica Hauffe Cerca de la ciudad de L\u00f6wenstein, en Baden-W\u00fcrttemberg, entre las monta\u00f1as cuyo punto m\u00e1s alto alcanza los 1879 pies sobre el nivel del mar, rodeada de colinas y valles, en un recodo pintoresco, se encuentra la peque\u00f1a aldea de Prevorst. Cuenta con poco m\u00e1s de 400 habitantes, que viven en su mayor parte [&hellip;]\" \/>\n<meta property=\"og:url\" content=\"https:\/\/nuevo-renacer.com\/pt\/frederica-hauffe\/\" \/>\n<meta property=\"og:site_name\" content=\"Uni\u00f3n Esp\u00edrita\" \/>\n<meta property=\"article:publisher\" content=\"https:\/\/www.facebook.com\/groups\/3431398063740829\" \/>\n<meta property=\"article:modified_time\" content=\"2026-03-24T09:05:05+00:00\" \/>\n<meta property=\"og:image\" content=\"https:\/\/nuevo-renacer.com\/wp-content\/uploads\/2026\/03\/Frederica-Hauffe.jpg\" \/>\n\t<meta property=\"og:image:width\" content=\"960\" \/>\n\t<meta property=\"og:image:height\" content=\"1190\" \/>\n\t<meta property=\"og:image:type\" content=\"image\/jpeg\" \/>\n<meta name=\"twitter:card\" content=\"summary_large_image\" \/>\n<meta name=\"twitter:label1\" content=\"Est. tempo de leitura\" \/>\n\t<meta name=\"twitter:data1\" content=\"6 minutos\" \/>\n<script type=\"application\/ld+json\" class=\"yoast-schema-graph\">{\"@context\":\"https:\/\/schema.org\",\"@graph\":[{\"@type\":\"WebPage\",\"@id\":\"https:\/\/nuevo-renacer.com\/frederica-hauffe\/\",\"url\":\"https:\/\/nuevo-renacer.com\/frederica-hauffe\/\",\"name\":\"Frederica Hauffe - Uni\u00f3n Esp\u00edrita\",\"isPartOf\":{\"@id\":\"https:\/\/nuevo-renacer.com\/#website\"},\"primaryImageOfPage\":{\"@id\":\"https:\/\/nuevo-renacer.com\/frederica-hauffe\/#primaryimage\"},\"image\":{\"@id\":\"https:\/\/nuevo-renacer.com\/frederica-hauffe\/#primaryimage\"},\"thumbnailUrl\":\"https:\/\/nuevo-renacer.com\/wp-content\/uploads\/2026\/03\/Frederica-Hauffe-826x1024.jpg\",\"datePublished\":\"2026-03-24T09:03:50+00:00\",\"dateModified\":\"2026-03-24T09:05:05+00:00\",\"breadcrumb\":{\"@id\":\"https:\/\/nuevo-renacer.com\/frederica-hauffe\/#breadcrumb\"},\"inLanguage\":\"pt-BR\",\"potentialAction\":[{\"@type\":\"ReadAction\",\"target\":[\"https:\/\/nuevo-renacer.com\/frederica-hauffe\/\"]}]},{\"@type\":\"ImageObject\",\"inLanguage\":\"pt-BR\",\"@id\":\"https:\/\/nuevo-renacer.com\/frederica-hauffe\/#primaryimage\",\"url\":\"https:\/\/nuevo-renacer.com\/wp-content\/uploads\/2026\/03\/Frederica-Hauffe-826x1024.jpg\",\"contentUrl\":\"https:\/\/nuevo-renacer.com\/wp-content\/uploads\/2026\/03\/Frederica-Hauffe-826x1024.jpg\"},{\"@type\":\"BreadcrumbList\",\"@id\":\"https:\/\/nuevo-renacer.com\/frederica-hauffe\/#breadcrumb\",\"itemListElement\":[{\"@type\":\"ListItem\",\"position\":1,\"name\":\"Startseite\",\"item\":\"https:\/\/nuevo-renacer.com\/\"},{\"@type\":\"ListItem\",\"position\":2,\"name\":\"Frederica Hauffe\"}]},{\"@type\":\"WebSite\",\"@id\":\"https:\/\/nuevo-renacer.com\/#website\",\"url\":\"https:\/\/nuevo-renacer.com\/\",\"name\":\"Uni\u00f3n Esp\u00edrita\",\"description\":\"Nuevo Renacer\",\"publisher\":{\"@id\":\"https:\/\/nuevo-renacer.com\/#organization\"},\"potentialAction\":[{\"@type\":\"SearchAction\",\"target\":{\"@type\":\"EntryPoint\",\"urlTemplate\":\"https:\/\/nuevo-renacer.com\/?s={search_term_string}\"},\"query-input\":{\"@type\":\"PropertyValueSpecification\",\"valueRequired\":true,\"valueName\":\"search_term_string\"}}],\"inLanguage\":\"pt-BR\"},{\"@type\":\"Organization\",\"@id\":\"https:\/\/nuevo-renacer.com\/#organization\",\"name\":\"UFEC\",\"url\":\"https:\/\/nuevo-renacer.com\/\",\"logo\":{\"@type\":\"ImageObject\",\"inLanguage\":\"pt-BR\",\"@id\":\"https:\/\/nuevo-renacer.com\/#\/schema\/logo\/image\/\",\"url\":\"https:\/\/nuevo-renacer.com\/wp-content\/uploads\/2024\/05\/cropped-LOGO-TERMINADO1-3-3.png\",\"contentUrl\":\"https:\/\/nuevo-renacer.com\/wp-content\/uploads\/2024\/05\/cropped-LOGO-TERMINADO1-3-3.png\",\"width\":512,\"height\":512,\"caption\":\"UFEC\"},\"image\":{\"@id\":\"https:\/\/nuevo-renacer.com\/#\/schema\/logo\/image\/\"},\"sameAs\":[\"https:\/\/www.facebook.com\/groups\/3431398063740829\"]}]}<\/script>\n<!-- \/ Yoast SEO Premium plugin. -->","yoast_head_json":{"title":"Frederica Hauffe - Uni\u00f3n Esp\u00edrita","robots":{"index":"index","follow":"follow","max-snippet":"max-snippet:-1","max-image-preview":"max-image-preview:large","max-video-preview":"max-video-preview:-1"},"canonical":"https:\/\/nuevo-renacer.com\/pt\/frederica-hauffe\/","og_locale":"pt_BR","og_type":"article","og_title":"Frederica Hauffe","og_description":"Frederica Hauffe Cerca de la ciudad de L\u00f6wenstein, en Baden-W\u00fcrttemberg, entre las monta\u00f1as cuyo punto m\u00e1s alto alcanza los 1879 pies sobre el nivel del mar, rodeada de colinas y valles, en un recodo pintoresco, se encuentra la peque\u00f1a aldea de Prevorst. Cuenta con poco m\u00e1s de 400 habitantes, que viven en su mayor parte [&hellip;]","og_url":"https:\/\/nuevo-renacer.com\/pt\/frederica-hauffe\/","og_site_name":"Uni\u00f3n Esp\u00edrita","article_publisher":"https:\/\/www.facebook.com\/groups\/3431398063740829","article_modified_time":"2026-03-24T09:05:05+00:00","og_image":[{"width":960,"height":1190,"url":"https:\/\/nuevo-renacer.com\/wp-content\/uploads\/2026\/03\/Frederica-Hauffe.jpg","type":"image\/jpeg"}],"twitter_card":"summary_large_image","twitter_misc":{"Est. tempo de leitura":"6 minutos"},"schema":{"@context":"https:\/\/schema.org","@graph":[{"@type":"WebPage","@id":"https:\/\/nuevo-renacer.com\/frederica-hauffe\/","url":"https:\/\/nuevo-renacer.com\/frederica-hauffe\/","name":"Frederica Hauffe - Uni\u00f3n Esp\u00edrita","isPartOf":{"@id":"https:\/\/nuevo-renacer.com\/#website"},"primaryImageOfPage":{"@id":"https:\/\/nuevo-renacer.com\/frederica-hauffe\/#primaryimage"},"image":{"@id":"https:\/\/nuevo-renacer.com\/frederica-hauffe\/#primaryimage"},"thumbnailUrl":"https:\/\/nuevo-renacer.com\/wp-content\/uploads\/2026\/03\/Frederica-Hauffe-826x1024.jpg","datePublished":"2026-03-24T09:03:50+00:00","dateModified":"2026-03-24T09:05:05+00:00","breadcrumb":{"@id":"https:\/\/nuevo-renacer.com\/frederica-hauffe\/#breadcrumb"},"inLanguage":"pt-BR","potentialAction":[{"@type":"ReadAction","target":["https:\/\/nuevo-renacer.com\/frederica-hauffe\/"]}]},{"@type":"ImageObject","inLanguage":"pt-BR","@id":"https:\/\/nuevo-renacer.com\/frederica-hauffe\/#primaryimage","url":"https:\/\/nuevo-renacer.com\/wp-content\/uploads\/2026\/03\/Frederica-Hauffe-826x1024.jpg","contentUrl":"https:\/\/nuevo-renacer.com\/wp-content\/uploads\/2026\/03\/Frederica-Hauffe-826x1024.jpg"},{"@type":"BreadcrumbList","@id":"https:\/\/nuevo-renacer.com\/frederica-hauffe\/#breadcrumb","itemListElement":[{"@type":"ListItem","position":1,"name":"Startseite","item":"https:\/\/nuevo-renacer.com\/"},{"@type":"ListItem","position":2,"name":"Frederica Hauffe"}]},{"@type":"WebSite","@id":"https:\/\/nuevo-renacer.com\/#website","url":"https:\/\/nuevo-renacer.com\/","name":"Uni\u00f3n Esp\u00edrita","description":"Nuevo Renacer","publisher":{"@id":"https:\/\/nuevo-renacer.com\/#organization"},"potentialAction":[{"@type":"SearchAction","target":{"@type":"EntryPoint","urlTemplate":"https:\/\/nuevo-renacer.com\/?s={search_term_string}"},"query-input":{"@type":"PropertyValueSpecification","valueRequired":true,"valueName":"search_term_string"}}],"inLanguage":"pt-BR"},{"@type":"Organization","@id":"https:\/\/nuevo-renacer.com\/#organization","name":"UFEC","url":"https:\/\/nuevo-renacer.com\/","logo":{"@type":"ImageObject","inLanguage":"pt-BR","@id":"https:\/\/nuevo-renacer.com\/#\/schema\/logo\/image\/","url":"https:\/\/nuevo-renacer.com\/wp-content\/uploads\/2024\/05\/cropped-LOGO-TERMINADO1-3-3.png","contentUrl":"https:\/\/nuevo-renacer.com\/wp-content\/uploads\/2024\/05\/cropped-LOGO-TERMINADO1-3-3.png","width":512,"height":512,"caption":"UFEC"},"image":{"@id":"https:\/\/nuevo-renacer.com\/#\/schema\/logo\/image\/"},"sameAs":["https:\/\/www.facebook.com\/groups\/3431398063740829"]}]}},"uagb_featured_image_src":{"full":false,"thumbnail":false,"medium":false,"medium_large":false,"large":false,"1536x1536":false,"2048x2048":false,"trp-custom-language-flag":false},"uagb_author_info":{"display_name":"adbv0","author_link":"https:\/\/nuevo-renacer.com\/pt\/author\/adbv0\/"},"uagb_comment_info":0,"uagb_excerpt":"Frederica Hauffe Cerca de la ciudad de L\u00f6wenstein, en Baden-W\u00fcrttemberg, entre las monta\u00f1as cuyo punto m\u00e1s alto alcanza los 1879 pies sobre el nivel del mar, rodeada de colinas y valles, en un recodo pintoresco, se encuentra la peque\u00f1a aldea de Prevorst. Cuenta con poco m\u00e1s de 400 habitantes, que viven en su mayor parte&hellip;","jetpack_sharing_enabled":true,"_links":{"self":[{"href":"https:\/\/nuevo-renacer.com\/pt\/wp-json\/wp\/v2\/pages\/8821","targetHints":{"allow":["GET"]}}],"collection":[{"href":"https:\/\/nuevo-renacer.com\/pt\/wp-json\/wp\/v2\/pages"}],"about":[{"href":"https:\/\/nuevo-renacer.com\/pt\/wp-json\/wp\/v2\/types\/page"}],"author":[{"embeddable":true,"href":"https:\/\/nuevo-renacer.com\/pt\/wp-json\/wp\/v2\/users\/1"}],"replies":[{"embeddable":true,"href":"https:\/\/nuevo-renacer.com\/pt\/wp-json\/wp\/v2\/comments?post=8821"}],"version-history":[{"count":1,"href":"https:\/\/nuevo-renacer.com\/pt\/wp-json\/wp\/v2\/pages\/8821\/revisions"}],"predecessor-version":[{"id":8823,"href":"https:\/\/nuevo-renacer.com\/pt\/wp-json\/wp\/v2\/pages\/8821\/revisions\/8823"}],"wp:attachment":[{"href":"https:\/\/nuevo-renacer.com\/pt\/wp-json\/wp\/v2\/media?parent=8821"}],"curies":[{"name":"wp","href":"https:\/\/api.w.org\/{rel}","templated":true}]}}