{"id":8814,"date":"2026-03-23T13:39:44","date_gmt":"2026-03-23T13:39:44","guid":{"rendered":"https:\/\/nuevo-renacer.com\/?page_id=8814"},"modified":"2026-03-23T13:51:11","modified_gmt":"2026-03-23T13:51:11","slug":"maria-da-conceicao-rocha-e-silva","status":"publish","type":"page","link":"https:\/\/nuevo-renacer.com\/pt\/maria-da-conceicao-rocha-e-silva\/","title":{"rendered":"Maria da Concei\u00e7\u00e3o Rocha e Silva"},"content":{"rendered":"<div class=\"wp-block-uagb-container uagb-block-296b7f74 alignfull uagb-is-root-container\"><div class=\"uagb-container-inner-blocks-wrap\">\n<p class=\"has-black-color has-text-color has-link-color has-medium-font-size wp-elements-13d58a427b3c3064340fe6bd709f5f03\"><strong>Maria da Concei\u00e7\u00e3o Rocha e Silva<\/strong><\/p>\n<\/div><\/div>\n\n\n\n<div class=\"wp-block-uagb-container uagb-block-68a41642 alignfull uagb-is-root-container\"><div class=\"uagb-container-inner-blocks-wrap\">\n<figure class=\"wp-block-image size-full is-resized\"><img fetchpriority=\"high\" decoding=\"async\" width=\"249\" height=\"360\" src=\"https:\/\/nuevo-renacer.com\/wp-content\/uploads\/2026\/03\/2.jpg\" alt=\"\" class=\"wp-image-8815\" style=\"width:316px;height:auto\" srcset=\"https:\/\/nuevo-renacer.com\/wp-content\/uploads\/2026\/03\/2.jpg 249w, https:\/\/nuevo-renacer.com\/wp-content\/uploads\/2026\/03\/2-208x300.jpg 208w, https:\/\/nuevo-renacer.com\/wp-content\/uploads\/2026\/03\/2-8x12.jpg 8w\" sizes=\"(max-width: 249px) 100vw, 249px\" \/><\/figure>\n<\/div><\/div>\n\n\n\n<div class=\"wp-block-uagb-container uagb-block-d75d4fa0 alignfull uagb-is-root-container\"><div class=\"uagb-container-inner-blocks-wrap\">\n<p class=\"has-black-color has-text-color has-link-color has-small-font-size wp-elements-912802658f3be9ef74d05bc83df7ddee\">As novas gera\u00e7\u00f5es precisam conhecer Maria da Concei\u00e7\u00e3o Rocha e Silva, chamada carinhosamente de Nina. Adotou o pseud\u00f4nimo Nina Arueira, sendo este \u00faltimo o sobrenome de seu pai. Nasceu em Campos dos Goytacazes no dia 7 de janeiro de 1916 e desencarnou em 18 de mar\u00e7o de 1935. Jornalista, escritora, l\u00edder sindical e poetisa, sua desencarna\u00e7\u00e3o aos 19 anos de idade mudou a vida de seu noivo Cl\u00f3vis Tavares para sempre.<\/p>\n\n\n\n<p class=\"has-black-color has-text-color has-link-color has-small-font-size wp-elements-58223512e91e3c5ccc64617d2cf1c1c4\">Aos cinco anos de idade j\u00e1 teria lido um livro de Victor Hugo Nina ditava pequenas poesias que seu pai anotava. Mais tarde foram publicadas no peri\u00f3dico Rindo, sob o pseud\u00f4nimo de \u201cPrincesa de Vera Cruz\u201d \u2014 filha de Lino Arueira e de sua esposa, Maria Magdalena Rocha e Silva. Desde a inf\u00e2ncia se mostrou precoce e superdotada. Sua av\u00f3 chamava-a de \u201cPequenina\u201d, e os familiares apenas de \u201cNina\u201d, pseud\u00f4nimo que viria a adotar na adolesc\u00eancia. No dia 15 de julho de 1924, ent\u00e3o com oito anos de idade, foi escolhida para, numa grande comemora\u00e7\u00e3o c\u00edvica municipal, receber o primeiro bispo da cidade de Campos dos Goytacazes, D. Henrique C\u00e9sar Fernandes Mour\u00e3o. Em 1928, com doze anos de idade, seu pai desencarnou e Nina passou a ajudar sua m\u00e3e no pequeno com\u00e9rcio da fam\u00edlia. Foi um per\u00edodo muito dif\u00edcil, um momento de grande amadurecimento da jovem e as observa\u00e7\u00f5es que ali fez acerca da sociedade, das rela\u00e7\u00f5es trabalhistas e da hipocrisia reinante na mesma, se refletiriam nos seus futuros texto e poesias.<\/p>\n\n\n\n<p class=\"has-black-color has-text-color has-link-color has-small-font-size wp-elements-647266fb4c58e6d76b3889e824640add\"><strong>Nina Jovenzinha<\/strong><\/p>\n\n\n\n<p class=\"has-black-color has-text-color has-link-color has-small-font-size wp-elements-98ae48d78f223a923263325574f1e31f\">Aos quinze anos, Nina ingressou no Liceu de Humanidades de Campos. Realizou confer\u00eancias no teatro da cidade, onde a sua fama de articulista e cr\u00edtica se difundia. Escreveu o manifesto \u00c0 Mocidade de Minha Terra. Por suas ideias, enfrentou cr\u00edticas e persegui\u00e7\u00f5es por parte de outros jornalistas e pessoas da cidade. No Liceu conheceu Cl\u00f3vis Tavares e Ad\u00e3o Pereira. Fundaram um jornal estudantil. Com 16 anos tamb\u00e9m publicava artigos em defesa da classe trabalhadora e das prostitutas. Filiou-se ao Partido Comunista com 18 anos e fundou a Alian\u00e7a Nacional Libertadora em Campos, frente de esquerda composta por setores de diversas organiza\u00e7\u00f5es de car\u00e1ter antifascista e anti-integralista. Abandonou o liceu por estar insatisfeita com a metodologia educacional ali utilizada.<\/p>\n\n\n\n<p class=\"has-black-color has-text-color has-link-color has-small-font-size wp-elements-d107f28d063b766f2438c9f9c5d116e0\">Nos dias dif\u00edceis no in\u00edcio da d\u00e9cada de 1930 no Brasil, e em meio \u00e0s preocupa\u00e7\u00f5es familiares, filiou-se \u00e0 Uni\u00e3o da Juventude Comunista, juntamente com seus dois amigos do jornal estudantil. Inicia-se para a jovem um per\u00edodo de lutas: cansado dos debates escritos, vai para a porta das f\u00e1bricas, onde organiza com\u00edcios e funda sindicatos. Ainda nesse per\u00edodo, passa a frequentar a Sociedade Teos\u00f3fica, como que a buscar a religiosidade que lhe faltava no movimento do operariado, e apaixona-se por Cl\u00f3vis Tavares, o companheiro de todos os momentos.<\/p>\n\n\n\n<p class=\"has-black-color has-text-color has-link-color has-small-font-size wp-elements-9c2fb02efe062c54de85f34daa54154a\">Em 1931, j\u00e1 publicava poemas demonstrando sua intelig\u00eancia e maturidade moral. Escreveu o seguinte conceito de Deus: \u201cDeus \u00e9 um oceano intermin\u00e1vel e n\u00f3s somos cada qual um mediterr\u00e2neo nas reentr\u00e2ncias da terra\u201d. Muito espiritualizada, Nina estava \u00e0 frente de seu tempo. Sonhava com uma sociedade fraterna e defendia ideias mais liberais para as mulheres, sustentando o ideal da igualdade de direitos para homens e mulheres. Em 1\u00ba de maio de 1934, durante o grande com\u00edcio na Pra\u00e7a do Sant\u00edssimo Salvador em Campos, o casal foi convidado a discursar para os trabalhadores. Durante a fala de Cl\u00f3vis, algu\u00e9m na multid\u00e3o ateou fogo \u00e0 bandeira nacional, fato encarado pela pol\u00edcia presente como uma afronta ao Governo. Na repress\u00e3o resultante, Cl\u00f3vis foi detido e Nina escapou. A hist\u00f3ria de Campos est\u00e1 cheia de mulheres importantes e incr\u00edveis que marcaram sua \u00e9poca.<\/p>\n\n\n\n<p class=\"has-black-color has-text-color has-link-color has-small-font-size wp-elements-ea4d0aca0acef69555c8ee2101605c53\">Sua amizade com Virgilio de Paula foi fundamental, pois quando contraiu tifo foi o querido \u201cvov\u00f4 Virgilio\u201d, como o chamava, que cuidou dela at\u00e9 sua desencarna\u00e7\u00e3o, que ocorreu antes de casar com Cl\u00f3vis Tavares e de completar vinte anos.<\/p>\n\n\n\n<p class=\"has-black-color has-text-color has-link-color has-small-font-size wp-elements-13d555894f2ffa76e611c7240cf9a09e\">Profundamente abalado pela morte da noiva, Cl\u00f3vis Tavares recebeu a not\u00edcia de que o esp\u00edrito de Nina havia se comunicado numa sociedade esp\u00edrita. Esse fato deu novo alento \u00e0 vida de Cl\u00f3vis que, a partir de ent\u00e3o, torna-se adepto da doutrina esp\u00edrita e, pouco depois, em outubro de 1935, fundou a Escola Jesus Cristo para crian\u00e7as, tendo como modelo uma escola do plano espiritual fundada pelo esp\u00edrito Nina Arueira. Nina foi a grande inspiradora de sua vida e, na p\u00e1tria espiritual, Nina continua seu trabalho de educa\u00e7\u00e3o amparando a crian\u00e7a e o jovem.<\/p>\n\n\n\n<p class=\"has-black-color has-text-color has-link-color has-small-font-size wp-elements-2a3b98213ff9ecfb63d329da45bb2c82\">Casas esp\u00edritas, grupos assistenciais, mocidades esp\u00edritas e escola foram criados com o nome Nina Arueira como, por exemplo o CIEP Nina Arueira localizado no bairro da Penha, em Campos dos Goytacazes. Agrade\u00e7amos a Deus, pois atrav\u00e9s dos ensinamentos da Doutrina Esp\u00edrita e de exemplos de vida como o de Nina e Cl\u00f3vis estamos nos preparando dia a dia para a viv\u00eancia da imortalidade e da justi\u00e7a divina.<\/p>\n\n\n\n<p class=\"has-black-color has-text-color has-link-color has-small-font-size wp-elements-b426846bc8de7f5903eab005dd2308af\">Que fez Nina para ser imortalizada? Ap\u00f3s sua morte, em 18 de mar\u00e7o de 1935, come\u00e7ou um processo hist\u00f3rico no qual duas correntes \u2014 os esp\u00edritas e os comunistas \u2014 disputaram sua mem\u00f3ria e passaram a lhe atribuir carater\u00edsticas m\u00edsticas de hero\u00edna e m\u00e1rtir. Segundo Juliana Carneiro, que escreveu o livro \u201cO Despertar de Nina Arueira: da disputa de mem\u00f3ria \u00e0 constru\u00e7\u00e3o do mito\u201d, para os comunistas, morreu uma aguerrida militante, uma refer\u00eancia de luta para mobilizar novos militantes. J\u00e1 para os esp\u00edritas, Nina n\u00e3o morreu! Apenas desencarnou. Deixou de lutar pelas injusti\u00e7as terrenas e evoluiu ao ponto de contribuir com a humanidade de forma espiritual. No ano seguinte, Clovis conheceu Chico Xavier e essa amizade foi muito importante para a vida do professor e escritor Cl\u00f3vis Tavares. Entre os m\u00e9diuns que psicografaram as mensagens do esp\u00edrito Nina, que nortear\u00e3o os trabalhos de Cl\u00f3vis, destaca-se Francisco C\u00e2ndido Xavier.<\/p>\n\n\n\n<p class=\"has-black-color has-text-color has-link-color has-small-font-size wp-elements-680af58f3aa58f607846f404fcacfd04\">\u201cA mulher que reconhece sua qualidade de ser humano; racional, sens\u00edvel, vibrante, com os mesmos direitos \u00e0 vida e \u00e0 liberdade. \u00c9 a mulher que se julga capaz de enfrentar todas as lutas\u2026\u201d (Mensagem psicografada, Nina Arueira, 29\/04\/1942).<\/p>\n\n\n\n<p class=\"has-black-color has-text-color has-link-color has-small-font-size wp-elements-f3a9838db461eb2c9c6dd51fc09e12c9\">Segue abaixo parte de um dos mais belos poemas da jovem Nina Arueira:<\/p>\n\n\n\n<p class=\"has-black-color has-text-color has-link-color has-small-font-size wp-elements-3e7fc1a2f2bd419bd7091b2dab0d4791\">\u201cMeu esp\u00edrito vibrou na mudez da mat\u00e9ria\u2026<\/p>\n\n\n\n<p class=\"has-black-color has-text-color has-link-color has-small-font-size wp-elements-a485f95648aa42816d4debaba65b43b2\">Minha alma se exaltou na vibra\u00e7\u00e3o da luz\u2026<\/p>\n\n\n\n<p class=\"has-black-color has-text-color has-link-color has-small-font-size wp-elements-831de28d138a3fc3e3716ec5e73827e0\">Eu vivi sobre a terra na espira\u00e7\u00e3o sid\u00e9rea<\/p>\n\n\n\n<p class=\"has-black-color has-text-color has-link-color has-small-font-size wp-elements-bd5a8104bd21031158245e7d4456b5dc\">De tocar com a minha alma a lira de Jesus\u2026<\/p>\n\n\n\n<p class=\"has-black-color has-text-color has-link-color has-small-font-size wp-elements-6277207c9cd8b6c22e7378711a6ef370\">Da vida n\u00e3o vi mais que a enganosa apar\u00eancia,<\/p>\n\n\n\n<p class=\"has-black-color has-text-color has-link-color has-small-font-size wp-elements-d3483bdfb8c35cb0350d9ef26ed5579e\">Fict\u00edcio tesouro que a mim n\u00e3o seduziu,<\/p>\n\n\n\n<p class=\"has-black-color has-text-color has-link-color has-small-font-size wp-elements-8aa3c855117b10efc0be8330bbd2e6b9\">Porque meu cora\u00e7\u00e3o era feito da ess\u00eancia<\/p>\n\n\n\n<p class=\"has-black-color has-text-color has-link-color has-small-font-size wp-elements-bd89468687912eae9d90cf722e6c8fb8\">Evolada do c\u00e9u e para o c\u00e9u subiu.<\/p>\n\n\n\n<p class=\"has-black-color has-text-color has-link-color has-small-font-size wp-elements-f2adde1db0722c8c611affc5541c6630\">O mundo veio a mim cheio de adula\u00e7\u00f5es\u2026<\/p>\n\n\n\n<p class=\"has-black-color has-text-color has-link-color has-small-font-size wp-elements-a3fa546ace0b294dbee7420b7b8cbcef\">E o mundo e a sua corte, altiva, repeli\u2026<\/p>\n\n\n\n<p class=\"has-black-color has-text-color has-link-color has-small-font-size wp-elements-9a7bdae3040984e7d51852e48c9ea759\">N\u00e3o conheci da vida as tristes ambi\u00e7\u00f5es,<\/p>\n\n\n\n<p class=\"has-black-color has-text-color has-link-color has-small-font-size wp-elements-2a97d0dd6339bbf5a14ead2354fedd94\">Mas, a ambi\u00e7\u00e3o de l\u00e1 feliz, eu conheci\u2026\u201d<\/p>\n<\/div><\/div>\n\n\n\n<div class=\"wp-block-uagb-container uagb-block-820ff0cf alignfull uagb-is-root-container\"><div class=\"uagb-container-inner-blocks-wrap\"><\/div><\/div>\n\n\n\n<div class=\"wp-block-uagb-container uagb-block-d9cd1234 alignfull uagb-is-root-container\"><div class=\"uagb-container-inner-blocks-wrap\"><\/div><\/div>","protected":false},"excerpt":{"rendered":"<p>Maria da Concei\u00e7\u00e3o Rocha e Silva Las nuevas generaciones necesitan conocer a Maria da Concei\u00e7\u00e3o Rocha e Silva, cari\u00f1osamente llamada \u201cNina\u201d. Adopt\u00f3 el seud\u00f3nimo Nina Arueira, siendo este \u00faltimo el apellido de su padre. Naci\u00f3 en Campos dos Goytacazes el 7 de enero de 1916 y falleci\u00f3 el 18 de marzo de 1935. Periodista, escritora, [&hellip;]<\/p>","protected":false},"author":1,"featured_media":0,"parent":0,"menu_order":0,"comment_status":"closed","ping_status":"closed","template":"","meta":{"_uag_custom_page_level_css":"","site-sidebar-layout":"default","site-content-layout":"","ast-site-content-layout":"default","site-content-style":"default","site-sidebar-style":"default","ast-global-header-display":"","ast-banner-title-visibility":"","ast-main-header-display":"","ast-hfb-above-header-display":"","ast-hfb-below-header-display":"","ast-hfb-mobile-header-display":"","site-post-title":"disabled","ast-breadcrumbs-content":"","ast-featured-img":"","footer-sml-layout":"","theme-transparent-header-meta":"","adv-header-id-meta":"","stick-header-meta":"","header-above-stick-meta":"","header-main-stick-meta":"","header-below-stick-meta":"","astra-migrate-meta-layouts":"set","ast-page-background-enabled":"default","ast-page-background-meta":{"desktop":{"background-color":"var(--ast-global-color-4)","background-image":"","background-repeat":"repeat","background-position":"center center","background-size":"auto","background-attachment":"scroll","background-type":"","background-media":"","overlay-type":"","overlay-color":"","overlay-opacity":"","overlay-gradient":""},"tablet":{"background-color":"","background-image":"","background-repeat":"repeat","background-position":"center center","background-size":"auto","background-attachment":"scroll","background-type":"","background-media":"","overlay-type":"","overlay-color":"","overlay-opacity":"","overlay-gradient":""},"mobile":{"background-color":"","background-image":"","background-repeat":"repeat","background-position":"center center","background-size":"auto","background-attachment":"scroll","background-type":"","background-media":"","overlay-type":"","overlay-color":"","overlay-opacity":"","overlay-gradient":""}},"ast-content-background-meta":{"desktop":{"background-color":"var(--ast-global-color-5)","background-image":"","background-repeat":"repeat","background-position":"center center","background-size":"auto","background-attachment":"scroll","background-type":"","background-media":"","overlay-type":"","overlay-color":"","overlay-opacity":"","overlay-gradient":""},"tablet":{"background-color":"var(--ast-global-color-5)","background-image":"","background-repeat":"repeat","background-position":"center center","background-size":"auto","background-attachment":"scroll","background-type":"","background-media":"","overlay-type":"","overlay-color":"","overlay-opacity":"","overlay-gradient":""},"mobile":{"background-color":"var(--ast-global-color-5)","background-image":"","background-repeat":"repeat","background-position":"center center","background-size":"auto","background-attachment":"scroll","background-type":"","background-media":"","overlay-type":"","overlay-color":"","overlay-opacity":"","overlay-gradient":""}},"footnotes":""},"class_list":["post-8814","page","type-page","status-publish","hentry"],"yoast_head":"<!-- This site is optimized with the Yoast SEO Premium plugin v24.2 (Yoast SEO v24.6) - https:\/\/yoast.com\/wordpress\/plugins\/seo\/ -->\n<title>Maria da Concei\u00e7\u00e3o Rocha e Silva - Uni\u00f3n Esp\u00edrita<\/title>\n<meta name=\"robots\" content=\"index, follow, max-snippet:-1, max-image-preview:large, max-video-preview:-1\" \/>\n<link rel=\"canonical\" href=\"https:\/\/nuevo-renacer.com\/pt\/maria-da-conceicao-rocha-e-silva\/\" \/>\n<meta property=\"og:locale\" content=\"pt_BR\" \/>\n<meta property=\"og:type\" content=\"article\" \/>\n<meta property=\"og:title\" content=\"Maria da Concei\u00e7\u00e3o Rocha e Silva\" \/>\n<meta property=\"og:description\" content=\"Maria da Concei\u00e7\u00e3o Rocha e Silva Las nuevas generaciones necesitan conocer a Maria da Concei\u00e7\u00e3o Rocha e Silva, cari\u00f1osamente llamada \u201cNina\u201d. Adopt\u00f3 el seud\u00f3nimo Nina Arueira, siendo este \u00faltimo el apellido de su padre. Naci\u00f3 en Campos dos Goytacazes el 7 de enero de 1916 y falleci\u00f3 el 18 de marzo de 1935. Periodista, escritora, [&hellip;]\" \/>\n<meta property=\"og:url\" content=\"https:\/\/nuevo-renacer.com\/pt\/maria-da-conceicao-rocha-e-silva\/\" \/>\n<meta property=\"og:site_name\" content=\"Uni\u00f3n Esp\u00edrita\" \/>\n<meta property=\"article:publisher\" content=\"https:\/\/www.facebook.com\/groups\/3431398063740829\" \/>\n<meta property=\"article:modified_time\" content=\"2026-03-23T13:51:11+00:00\" \/>\n<meta property=\"og:image\" content=\"https:\/\/nuevo-renacer.com\/wp-content\/uploads\/2026\/03\/2.jpg\" \/>\n\t<meta property=\"og:image:width\" content=\"249\" \/>\n\t<meta property=\"og:image:height\" content=\"360\" \/>\n\t<meta property=\"og:image:type\" content=\"image\/jpeg\" \/>\n<meta name=\"twitter:card\" content=\"summary_large_image\" \/>\n<meta name=\"twitter:label1\" content=\"Est. tempo de leitura\" \/>\n\t<meta name=\"twitter:data1\" content=\"7 minutos\" \/>\n<script type=\"application\/ld+json\" class=\"yoast-schema-graph\">{\"@context\":\"https:\/\/schema.org\",\"@graph\":[{\"@type\":\"WebPage\",\"@id\":\"https:\/\/nuevo-renacer.com\/maria-da-conceicao-rocha-e-silva\/\",\"url\":\"https:\/\/nuevo-renacer.com\/maria-da-conceicao-rocha-e-silva\/\",\"name\":\"Maria da Concei\u00e7\u00e3o Rocha e Silva - Uni\u00f3n Esp\u00edrita\",\"isPartOf\":{\"@id\":\"https:\/\/nuevo-renacer.com\/#website\"},\"primaryImageOfPage\":{\"@id\":\"https:\/\/nuevo-renacer.com\/maria-da-conceicao-rocha-e-silva\/#primaryimage\"},\"image\":{\"@id\":\"https:\/\/nuevo-renacer.com\/maria-da-conceicao-rocha-e-silva\/#primaryimage\"},\"thumbnailUrl\":\"https:\/\/nuevo-renacer.com\/wp-content\/uploads\/2026\/03\/2.jpg\",\"datePublished\":\"2026-03-23T13:39:44+00:00\",\"dateModified\":\"2026-03-23T13:51:11+00:00\",\"breadcrumb\":{\"@id\":\"https:\/\/nuevo-renacer.com\/maria-da-conceicao-rocha-e-silva\/#breadcrumb\"},\"inLanguage\":\"pt-BR\",\"potentialAction\":[{\"@type\":\"ReadAction\",\"target\":[\"https:\/\/nuevo-renacer.com\/maria-da-conceicao-rocha-e-silva\/\"]}]},{\"@type\":\"ImageObject\",\"inLanguage\":\"pt-BR\",\"@id\":\"https:\/\/nuevo-renacer.com\/maria-da-conceicao-rocha-e-silva\/#primaryimage\",\"url\":\"https:\/\/nuevo-renacer.com\/wp-content\/uploads\/2026\/03\/2.jpg\",\"contentUrl\":\"https:\/\/nuevo-renacer.com\/wp-content\/uploads\/2026\/03\/2.jpg\"},{\"@type\":\"BreadcrumbList\",\"@id\":\"https:\/\/nuevo-renacer.com\/maria-da-conceicao-rocha-e-silva\/#breadcrumb\",\"itemListElement\":[{\"@type\":\"ListItem\",\"position\":1,\"name\":\"Startseite\",\"item\":\"https:\/\/nuevo-renacer.com\/\"},{\"@type\":\"ListItem\",\"position\":2,\"name\":\"Maria da Concei\u00e7\u00e3o Rocha e Silva\"}]},{\"@type\":\"WebSite\",\"@id\":\"https:\/\/nuevo-renacer.com\/#website\",\"url\":\"https:\/\/nuevo-renacer.com\/\",\"name\":\"Uni\u00f3n Esp\u00edrita\",\"description\":\"Nuevo Renacer\",\"publisher\":{\"@id\":\"https:\/\/nuevo-renacer.com\/#organization\"},\"potentialAction\":[{\"@type\":\"SearchAction\",\"target\":{\"@type\":\"EntryPoint\",\"urlTemplate\":\"https:\/\/nuevo-renacer.com\/?s={search_term_string}\"},\"query-input\":{\"@type\":\"PropertyValueSpecification\",\"valueRequired\":true,\"valueName\":\"search_term_string\"}}],\"inLanguage\":\"pt-BR\"},{\"@type\":\"Organization\",\"@id\":\"https:\/\/nuevo-renacer.com\/#organization\",\"name\":\"UFEC\",\"url\":\"https:\/\/nuevo-renacer.com\/\",\"logo\":{\"@type\":\"ImageObject\",\"inLanguage\":\"pt-BR\",\"@id\":\"https:\/\/nuevo-renacer.com\/#\/schema\/logo\/image\/\",\"url\":\"https:\/\/nuevo-renacer.com\/wp-content\/uploads\/2024\/05\/cropped-LOGO-TERMINADO1-3-3.png\",\"contentUrl\":\"https:\/\/nuevo-renacer.com\/wp-content\/uploads\/2024\/05\/cropped-LOGO-TERMINADO1-3-3.png\",\"width\":512,\"height\":512,\"caption\":\"UFEC\"},\"image\":{\"@id\":\"https:\/\/nuevo-renacer.com\/#\/schema\/logo\/image\/\"},\"sameAs\":[\"https:\/\/www.facebook.com\/groups\/3431398063740829\"]}]}<\/script>\n<!-- \/ Yoast SEO Premium plugin. -->","yoast_head_json":{"title":"Maria da Concei\u00e7\u00e3o Rocha e Silva - Uni\u00f3n Esp\u00edrita","robots":{"index":"index","follow":"follow","max-snippet":"max-snippet:-1","max-image-preview":"max-image-preview:large","max-video-preview":"max-video-preview:-1"},"canonical":"https:\/\/nuevo-renacer.com\/pt\/maria-da-conceicao-rocha-e-silva\/","og_locale":"pt_BR","og_type":"article","og_title":"Maria da Concei\u00e7\u00e3o Rocha e Silva","og_description":"Maria da Concei\u00e7\u00e3o Rocha e Silva Las nuevas generaciones necesitan conocer a Maria da Concei\u00e7\u00e3o Rocha e Silva, cari\u00f1osamente llamada \u201cNina\u201d. Adopt\u00f3 el seud\u00f3nimo Nina Arueira, siendo este \u00faltimo el apellido de su padre. Naci\u00f3 en Campos dos Goytacazes el 7 de enero de 1916 y falleci\u00f3 el 18 de marzo de 1935. Periodista, escritora, [&hellip;]","og_url":"https:\/\/nuevo-renacer.com\/pt\/maria-da-conceicao-rocha-e-silva\/","og_site_name":"Uni\u00f3n Esp\u00edrita","article_publisher":"https:\/\/www.facebook.com\/groups\/3431398063740829","article_modified_time":"2026-03-23T13:51:11+00:00","og_image":[{"width":249,"height":360,"url":"https:\/\/nuevo-renacer.com\/wp-content\/uploads\/2026\/03\/2.jpg","type":"image\/jpeg"}],"twitter_card":"summary_large_image","twitter_misc":{"Est. tempo de leitura":"7 minutos"},"schema":{"@context":"https:\/\/schema.org","@graph":[{"@type":"WebPage","@id":"https:\/\/nuevo-renacer.com\/maria-da-conceicao-rocha-e-silva\/","url":"https:\/\/nuevo-renacer.com\/maria-da-conceicao-rocha-e-silva\/","name":"Maria da Concei\u00e7\u00e3o Rocha e Silva - Uni\u00f3n Esp\u00edrita","isPartOf":{"@id":"https:\/\/nuevo-renacer.com\/#website"},"primaryImageOfPage":{"@id":"https:\/\/nuevo-renacer.com\/maria-da-conceicao-rocha-e-silva\/#primaryimage"},"image":{"@id":"https:\/\/nuevo-renacer.com\/maria-da-conceicao-rocha-e-silva\/#primaryimage"},"thumbnailUrl":"https:\/\/nuevo-renacer.com\/wp-content\/uploads\/2026\/03\/2.jpg","datePublished":"2026-03-23T13:39:44+00:00","dateModified":"2026-03-23T13:51:11+00:00","breadcrumb":{"@id":"https:\/\/nuevo-renacer.com\/maria-da-conceicao-rocha-e-silva\/#breadcrumb"},"inLanguage":"pt-BR","potentialAction":[{"@type":"ReadAction","target":["https:\/\/nuevo-renacer.com\/maria-da-conceicao-rocha-e-silva\/"]}]},{"@type":"ImageObject","inLanguage":"pt-BR","@id":"https:\/\/nuevo-renacer.com\/maria-da-conceicao-rocha-e-silva\/#primaryimage","url":"https:\/\/nuevo-renacer.com\/wp-content\/uploads\/2026\/03\/2.jpg","contentUrl":"https:\/\/nuevo-renacer.com\/wp-content\/uploads\/2026\/03\/2.jpg"},{"@type":"BreadcrumbList","@id":"https:\/\/nuevo-renacer.com\/maria-da-conceicao-rocha-e-silva\/#breadcrumb","itemListElement":[{"@type":"ListItem","position":1,"name":"Startseite","item":"https:\/\/nuevo-renacer.com\/"},{"@type":"ListItem","position":2,"name":"Maria da Concei\u00e7\u00e3o Rocha e Silva"}]},{"@type":"WebSite","@id":"https:\/\/nuevo-renacer.com\/#website","url":"https:\/\/nuevo-renacer.com\/","name":"Uni\u00f3n Esp\u00edrita","description":"Nuevo Renacer","publisher":{"@id":"https:\/\/nuevo-renacer.com\/#organization"},"potentialAction":[{"@type":"SearchAction","target":{"@type":"EntryPoint","urlTemplate":"https:\/\/nuevo-renacer.com\/?s={search_term_string}"},"query-input":{"@type":"PropertyValueSpecification","valueRequired":true,"valueName":"search_term_string"}}],"inLanguage":"pt-BR"},{"@type":"Organization","@id":"https:\/\/nuevo-renacer.com\/#organization","name":"UFEC","url":"https:\/\/nuevo-renacer.com\/","logo":{"@type":"ImageObject","inLanguage":"pt-BR","@id":"https:\/\/nuevo-renacer.com\/#\/schema\/logo\/image\/","url":"https:\/\/nuevo-renacer.com\/wp-content\/uploads\/2024\/05\/cropped-LOGO-TERMINADO1-3-3.png","contentUrl":"https:\/\/nuevo-renacer.com\/wp-content\/uploads\/2024\/05\/cropped-LOGO-TERMINADO1-3-3.png","width":512,"height":512,"caption":"UFEC"},"image":{"@id":"https:\/\/nuevo-renacer.com\/#\/schema\/logo\/image\/"},"sameAs":["https:\/\/www.facebook.com\/groups\/3431398063740829"]}]}},"uagb_featured_image_src":{"full":false,"thumbnail":false,"medium":false,"medium_large":false,"large":false,"1536x1536":false,"2048x2048":false,"trp-custom-language-flag":false},"uagb_author_info":{"display_name":"adbv0","author_link":"https:\/\/nuevo-renacer.com\/pt\/author\/adbv0\/"},"uagb_comment_info":0,"uagb_excerpt":"Maria da Concei\u00e7\u00e3o Rocha e Silva Las nuevas generaciones necesitan conocer a Maria da Concei\u00e7\u00e3o Rocha e Silva, cari\u00f1osamente llamada \u201cNina\u201d. Adopt\u00f3 el seud\u00f3nimo Nina Arueira, siendo este \u00faltimo el apellido de su padre. Naci\u00f3 en Campos dos Goytacazes el 7 de enero de 1916 y falleci\u00f3 el 18 de marzo de 1935. Periodista, escritora,&hellip;","jetpack_sharing_enabled":true,"_links":{"self":[{"href":"https:\/\/nuevo-renacer.com\/pt\/wp-json\/wp\/v2\/pages\/8814","targetHints":{"allow":["GET"]}}],"collection":[{"href":"https:\/\/nuevo-renacer.com\/pt\/wp-json\/wp\/v2\/pages"}],"about":[{"href":"https:\/\/nuevo-renacer.com\/pt\/wp-json\/wp\/v2\/types\/page"}],"author":[{"embeddable":true,"href":"https:\/\/nuevo-renacer.com\/pt\/wp-json\/wp\/v2\/users\/1"}],"replies":[{"embeddable":true,"href":"https:\/\/nuevo-renacer.com\/pt\/wp-json\/wp\/v2\/comments?post=8814"}],"version-history":[{"count":3,"href":"https:\/\/nuevo-renacer.com\/pt\/wp-json\/wp\/v2\/pages\/8814\/revisions"}],"predecessor-version":[{"id":8820,"href":"https:\/\/nuevo-renacer.com\/pt\/wp-json\/wp\/v2\/pages\/8814\/revisions\/8820"}],"wp:attachment":[{"href":"https:\/\/nuevo-renacer.com\/pt\/wp-json\/wp\/v2\/media?parent=8814"}],"curies":[{"name":"wp","href":"https:\/\/api.w.org\/{rel}","templated":true}]}}