{"id":8802,"date":"2026-03-12T09:53:21","date_gmt":"2026-03-12T09:53:21","guid":{"rendered":"https:\/\/nuevo-renacer.com\/?page_id=8802"},"modified":"2026-03-12T09:53:24","modified_gmt":"2026-03-12T09:53:24","slug":"gladys-osborne-leonard","status":"publish","type":"page","link":"https:\/\/nuevo-renacer.com\/pt\/gladys-osborne-leonard\/","title":{"rendered":"Gladys Osborne Leonard"},"content":{"rendered":"<div class=\"wp-block-uagb-container uagb-block-95574ddc alignfull uagb-is-root-container\"><div class=\"uagb-container-inner-blocks-wrap\">\n<p class=\"has-black-color has-text-color has-link-color has-medium-font-size wp-elements-74a62797721a4c0bd2f7ffaffbb1fdf3\"><strong>Gladys Osborne Leonard<\/strong><\/p>\n<\/div><\/div>\n\n\n\n<div class=\"wp-block-uagb-container uagb-block-2b8429ce alignfull uagb-is-root-container\"><div class=\"uagb-container-inner-blocks-wrap\">\n<figure class=\"wp-block-image size-full is-resized\"><img fetchpriority=\"high\" decoding=\"async\" width=\"500\" height=\"789\" src=\"https:\/\/nuevo-renacer.com\/wp-content\/uploads\/2026\/03\/Gladys-Osborne-Leonard.png\" alt=\"\" class=\"wp-image-8803\" style=\"aspect-ratio:0.6337204068773067;width:288px;height:auto\" srcset=\"https:\/\/nuevo-renacer.com\/wp-content\/uploads\/2026\/03\/Gladys-Osborne-Leonard.png 500w, https:\/\/nuevo-renacer.com\/wp-content\/uploads\/2026\/03\/Gladys-Osborne-Leonard-190x300.png 190w, https:\/\/nuevo-renacer.com\/wp-content\/uploads\/2026\/03\/Gladys-Osborne-Leonard-8x12.png 8w\" sizes=\"(max-width: 500px) 100vw, 500px\" \/><\/figure>\n<\/div><\/div>\n\n\n\n<div class=\"wp-block-uagb-container uagb-block-a83cd000 alignfull uagb-is-root-container\"><div class=\"uagb-container-inner-blocks-wrap\">\n<p class=\"has-black-color has-text-color has-link-color has-small-font-size wp-elements-f876e7f9f022af7aed09ec05309ca75d\">Gladys Osborne Leonard nasceu em Lytham St. Annes, Lancashire, Inglaterra, no dia 28 de maio de 1882 e desencarnou em Broadstairs, Thanet, Inglaterra, no dia 19 de mar\u00e7o de 1968. Cantora popular, aprendeu canto quando crian\u00e7a, tornando-se famosa em sua \u00e9poca. Por\u00e9m, por causa de uma doen\u00e7a surgida ainda na inf\u00e2ncia, sua carreira foi interrompida em 1906, quando uma enfermeira espiritualista lhe apresentou as sess\u00f5es de mesas girantes.<\/p>\n\n\n\n<p class=\"has-black-color has-text-color has-link-color has-small-font-size wp-elements-2adaafa2e8294356fd4779b4567648d5\">Considerando-se o per\u00edodo em que viveu, dentro da Belle \u00c9poque, o mesmerismo era abundante, com as mesas girantes e outras sess\u00f5es espiritualistas em moda. Mais ainda no per\u00edodo j\u00e1 depois da Codifica\u00e7\u00e3o Kardequiana, quando, al\u00e9m de se reconhecer o paranormal, tamb\u00e9m a natureza senciente das manifesta\u00e7\u00f5es em muito estimulavam as pessoas praticarem tais atividades, principalmente para buscar contato com seus entes queridos desencarnados.<\/p>\n\n\n\n<p class=\"has-black-color has-text-color has-link-color has-small-font-size wp-elements-d419cab22a5500e4410b4901036fade7\">Relatava que desde a inf\u00e2ncia tinha vis\u00f5es de lugares lindos, que chamava de \"Vale Feliz\", que os esp\u00edritos lhe apresentavam. Motivada por isso, participou com amigos de umas 26 sess\u00f5es sem resultados positivos, at\u00e9 que um dia, nos idos de 1913, durante mais uma sess\u00e3o que parecia ser infrut\u00edfera, come\u00e7ou a receber mensagens do al\u00e9m, em um s\u00fabito transe, manifestando o esp\u00edrito de uma mulher chamada Feda, que teria sido esposa do tetrav\u00f4 da cantora. Al\u00e9m de Feda, tamb\u00e9m passou a manifestar-se o esp\u00edrito North Star, para tratamento espiritual por passes, tornando-se ela, al\u00e9m de clarividente, passista terap\u00eautica.<\/p>\n\n\n\n<p class=\"has-black-color has-text-color has-link-color has-small-font-size wp-elements-9557dec6f8da13bdf1a7156936cedfe1\">Foi considerada paciente psiqui\u00e1trica, com dist\u00farbios dissociativos. Mas Feda deu-lhe informa\u00e7\u00f5es que foram comprovadas como reais, as quais a cantora n\u00e3o teria como saber. Seus principais estudiosos foram Sir Oliver Joseph Lodge e o Reverendo Charles Drayton Thomas. Foi gra\u00e7as \u00e0 mediunidade dela que se comunicou o jovem Raymond, filho de Lodge que faleceu em 1914 durante a 1\u00aa Guerra Mundial.<\/p>\n\n\n\n<p class=\"has-black-color has-text-color has-link-color has-small-font-size wp-elements-e6b6fd039ef3ff96036077e02ef2589d\">Ela se tornou presen\u00e7a frequente na SPR em 1918, quando a Sra. W. H. Salter a estudou em mais sess\u00f5es, al\u00e9m das 500 feitas pelo reverendo e mais umas 75 realizadas por Sir Oliver Lodge. Segundo Sir Arthur Conan Doyle, ela foi uma das maiores m\u00e9diuns de transe que conheceu, conforme consta em seu famoso livro traduzido para nosso idioma como Hist\u00f3ria do Espiritismo.<\/p>\n\n\n\n<p class=\"has-black-color has-text-color has-link-color has-small-font-size wp-elements-57367604b97d52f5b23af6cb9cf241af\">Desenvolvendo-se, tamb\u00e9m fazia desdobramentos, com relatos maravilhosos de lugares deste e de outros mundos, espirituais, conforme consta em seu famoso livro \"Minha Vida em Dois Mundos\".<\/p>\n\n\n\n<p class=\"has-black-color has-text-color has-link-color has-small-font-size wp-elements-68c007a32cfe79c0445b69cf077ef993\">Sua fama fez com que lhe imputassem a alcunha de \"A Senhora Piper Brit\u00e2nica\", alus\u00e3o \u00e0 famosa m\u00e9dium Leonora Piper (1857-1950).<\/p>\n\n\n\n<p class=\"has-black-color has-text-color has-link-color has-small-font-size wp-elements-7c88bb1e6d2b5f495376e2eaca5bbab6\">A Sra. Leonard foi testada pelos mais not\u00e1veis investigadores ps\u00edquicos da \u00e9poca, como o Rev. C. Drayton Thomas, Rev. Vale Owen, James Hewat McKenzie, Sra. WH Salter, e Whately Carington, para citar apenas alguns.<\/p>\n\n\n\n<p class=\"has-black-color has-text-color has-link-color has-small-font-size wp-elements-4d376f5cedc8f9c580e63e9cd7bace1a\">Depois de quase 50 anos de mediunidade, faleceu em 1968, aos 85 anos de idade, e tal qual Leslie Flint, Eusapia Paladino e tantos outros m\u00e9diuns famosos, Gladys Osborne Leonard nunca foi flagrada em fraude.<\/p>\n<\/div><\/div>\n\n\n\n<div class=\"wp-block-uagb-container uagb-block-c4613104 alignfull uagb-is-root-container\"><div class=\"uagb-container-inner-blocks-wrap\"><\/div><\/div>\n\n\n\n<div class=\"wp-block-uagb-container uagb-block-34e7dc10 alignfull uagb-is-root-container\"><div class=\"uagb-container-inner-blocks-wrap\"><\/div><\/div>","protected":false},"excerpt":{"rendered":"<p>Gladys Osborne Leonard Gladys Osborne Leonard naci\u00f3 el 28 de mayo de 1882 en Lytham St. Annes, Lancashire, Inglaterra, y falleci\u00f3 el 19 de marzo de 1968 en Broadstairs, Thanet, Inglaterra. Fue una cantante popular, aprendi\u00f3 a cantar desde ni\u00f1a y se hizo famosa en su \u00e9poca. Sin embargo, debido a una enfermedad que apareci\u00f3 [&hellip;]<\/p>","protected":false},"author":1,"featured_media":0,"parent":0,"menu_order":0,"comment_status":"closed","ping_status":"closed","template":"","meta":{"_uag_custom_page_level_css":"","site-sidebar-layout":"default","site-content-layout":"","ast-site-content-layout":"default","site-content-style":"default","site-sidebar-style":"default","ast-global-header-display":"","ast-banner-title-visibility":"","ast-main-header-display":"","ast-hfb-above-header-display":"","ast-hfb-below-header-display":"","ast-hfb-mobile-header-display":"","site-post-title":"disabled","ast-breadcrumbs-content":"","ast-featured-img":"","footer-sml-layout":"","theme-transparent-header-meta":"","adv-header-id-meta":"","stick-header-meta":"","header-above-stick-meta":"","header-main-stick-meta":"","header-below-stick-meta":"","astra-migrate-meta-layouts":"set","ast-page-background-enabled":"default","ast-page-background-meta":{"desktop":{"background-color":"var(--ast-global-color-4)","background-image":"","background-repeat":"repeat","background-position":"center center","background-size":"auto","background-attachment":"scroll","background-type":"","background-media":"","overlay-type":"","overlay-color":"","overlay-opacity":"","overlay-gradient":""},"tablet":{"background-color":"","background-image":"","background-repeat":"repeat","background-position":"center center","background-size":"auto","background-attachment":"scroll","background-type":"","background-media":"","overlay-type":"","overlay-color":"","overlay-opacity":"","overlay-gradient":""},"mobile":{"background-color":"","background-image":"","background-repeat":"repeat","background-position":"center center","background-size":"auto","background-attachment":"scroll","background-type":"","background-media":"","overlay-type":"","overlay-color":"","overlay-opacity":"","overlay-gradient":""}},"ast-content-background-meta":{"desktop":{"background-color":"var(--ast-global-color-5)","background-image":"","background-repeat":"repeat","background-position":"center center","background-size":"auto","background-attachment":"scroll","background-type":"","background-media":"","overlay-type":"","overlay-color":"","overlay-opacity":"","overlay-gradient":""},"tablet":{"background-color":"var(--ast-global-color-5)","background-image":"","background-repeat":"repeat","background-position":"center center","background-size":"auto","background-attachment":"scroll","background-type":"","background-media":"","overlay-type":"","overlay-color":"","overlay-opacity":"","overlay-gradient":""},"mobile":{"background-color":"var(--ast-global-color-5)","background-image":"","background-repeat":"repeat","background-position":"center center","background-size":"auto","background-attachment":"scroll","background-type":"","background-media":"","overlay-type":"","overlay-color":"","overlay-opacity":"","overlay-gradient":""}},"footnotes":""},"class_list":["post-8802","page","type-page","status-publish","hentry"],"yoast_head":"<!-- This site is optimized with the Yoast SEO Premium plugin v24.2 (Yoast SEO v24.6) - https:\/\/yoast.com\/wordpress\/plugins\/seo\/ -->\n<title>Gladys Osborne Leonard - Uni\u00f3n Esp\u00edrita<\/title>\n<meta name=\"robots\" content=\"index, follow, max-snippet:-1, max-image-preview:large, max-video-preview:-1\" \/>\n<link rel=\"canonical\" href=\"https:\/\/nuevo-renacer.com\/pt\/gladys-osborne-leonard\/\" \/>\n<meta property=\"og:locale\" content=\"pt_BR\" \/>\n<meta property=\"og:type\" content=\"article\" \/>\n<meta property=\"og:title\" content=\"Gladys Osborne Leonard\" \/>\n<meta property=\"og:description\" content=\"Gladys Osborne Leonard Gladys Osborne Leonard naci\u00f3 el 28 de mayo de 1882 en Lytham St. Annes, Lancashire, Inglaterra, y falleci\u00f3 el 19 de marzo de 1968 en Broadstairs, Thanet, Inglaterra. Fue una cantante popular, aprendi\u00f3 a cantar desde ni\u00f1a y se hizo famosa en su \u00e9poca. Sin embargo, debido a una enfermedad que apareci\u00f3 [&hellip;]\" \/>\n<meta property=\"og:url\" content=\"https:\/\/nuevo-renacer.com\/pt\/gladys-osborne-leonard\/\" \/>\n<meta property=\"og:site_name\" content=\"Uni\u00f3n Esp\u00edrita\" \/>\n<meta property=\"article:publisher\" content=\"https:\/\/www.facebook.com\/groups\/3431398063740829\" \/>\n<meta property=\"article:modified_time\" content=\"2026-03-12T09:53:24+00:00\" \/>\n<meta property=\"og:image\" content=\"https:\/\/nuevo-renacer.com\/wp-content\/uploads\/2026\/03\/Gladys-Osborne-Leonard.png\" \/>\n\t<meta property=\"og:image:width\" content=\"500\" \/>\n\t<meta property=\"og:image:height\" content=\"789\" \/>\n\t<meta property=\"og:image:type\" content=\"image\/png\" \/>\n<meta name=\"twitter:card\" content=\"summary_large_image\" \/>\n<meta name=\"twitter:label1\" content=\"Est. tempo de leitura\" \/>\n\t<meta name=\"twitter:data1\" content=\"3 minutos\" \/>\n<script type=\"application\/ld+json\" class=\"yoast-schema-graph\">{\"@context\":\"https:\/\/schema.org\",\"@graph\":[{\"@type\":\"WebPage\",\"@id\":\"https:\/\/nuevo-renacer.com\/gladys-osborne-leonard\/\",\"url\":\"https:\/\/nuevo-renacer.com\/gladys-osborne-leonard\/\",\"name\":\"Gladys Osborne Leonard - Uni\u00f3n Esp\u00edrita\",\"isPartOf\":{\"@id\":\"https:\/\/nuevo-renacer.com\/#website\"},\"primaryImageOfPage\":{\"@id\":\"https:\/\/nuevo-renacer.com\/gladys-osborne-leonard\/#primaryimage\"},\"image\":{\"@id\":\"https:\/\/nuevo-renacer.com\/gladys-osborne-leonard\/#primaryimage\"},\"thumbnailUrl\":\"https:\/\/nuevo-renacer.com\/wp-content\/uploads\/2026\/03\/Gladys-Osborne-Leonard.png\",\"datePublished\":\"2026-03-12T09:53:21+00:00\",\"dateModified\":\"2026-03-12T09:53:24+00:00\",\"breadcrumb\":{\"@id\":\"https:\/\/nuevo-renacer.com\/gladys-osborne-leonard\/#breadcrumb\"},\"inLanguage\":\"pt-BR\",\"potentialAction\":[{\"@type\":\"ReadAction\",\"target\":[\"https:\/\/nuevo-renacer.com\/gladys-osborne-leonard\/\"]}]},{\"@type\":\"ImageObject\",\"inLanguage\":\"pt-BR\",\"@id\":\"https:\/\/nuevo-renacer.com\/gladys-osborne-leonard\/#primaryimage\",\"url\":\"https:\/\/nuevo-renacer.com\/wp-content\/uploads\/2026\/03\/Gladys-Osborne-Leonard.png\",\"contentUrl\":\"https:\/\/nuevo-renacer.com\/wp-content\/uploads\/2026\/03\/Gladys-Osborne-Leonard.png\"},{\"@type\":\"BreadcrumbList\",\"@id\":\"https:\/\/nuevo-renacer.com\/gladys-osborne-leonard\/#breadcrumb\",\"itemListElement\":[{\"@type\":\"ListItem\",\"position\":1,\"name\":\"Startseite\",\"item\":\"https:\/\/nuevo-renacer.com\/\"},{\"@type\":\"ListItem\",\"position\":2,\"name\":\"Gladys Osborne Leonard\"}]},{\"@type\":\"WebSite\",\"@id\":\"https:\/\/nuevo-renacer.com\/#website\",\"url\":\"https:\/\/nuevo-renacer.com\/\",\"name\":\"Uni\u00f3n Esp\u00edrita\",\"description\":\"Nuevo Renacer\",\"publisher\":{\"@id\":\"https:\/\/nuevo-renacer.com\/#organization\"},\"potentialAction\":[{\"@type\":\"SearchAction\",\"target\":{\"@type\":\"EntryPoint\",\"urlTemplate\":\"https:\/\/nuevo-renacer.com\/?s={search_term_string}\"},\"query-input\":{\"@type\":\"PropertyValueSpecification\",\"valueRequired\":true,\"valueName\":\"search_term_string\"}}],\"inLanguage\":\"pt-BR\"},{\"@type\":\"Organization\",\"@id\":\"https:\/\/nuevo-renacer.com\/#organization\",\"name\":\"UFEC\",\"url\":\"https:\/\/nuevo-renacer.com\/\",\"logo\":{\"@type\":\"ImageObject\",\"inLanguage\":\"pt-BR\",\"@id\":\"https:\/\/nuevo-renacer.com\/#\/schema\/logo\/image\/\",\"url\":\"https:\/\/nuevo-renacer.com\/wp-content\/uploads\/2024\/05\/cropped-LOGO-TERMINADO1-3-3.png\",\"contentUrl\":\"https:\/\/nuevo-renacer.com\/wp-content\/uploads\/2024\/05\/cropped-LOGO-TERMINADO1-3-3.png\",\"width\":512,\"height\":512,\"caption\":\"UFEC\"},\"image\":{\"@id\":\"https:\/\/nuevo-renacer.com\/#\/schema\/logo\/image\/\"},\"sameAs\":[\"https:\/\/www.facebook.com\/groups\/3431398063740829\"]}]}<\/script>\n<!-- \/ Yoast SEO Premium plugin. -->","yoast_head_json":{"title":"Gladys Osborne Leonard - Uni\u00f3n Esp\u00edrita","robots":{"index":"index","follow":"follow","max-snippet":"max-snippet:-1","max-image-preview":"max-image-preview:large","max-video-preview":"max-video-preview:-1"},"canonical":"https:\/\/nuevo-renacer.com\/pt\/gladys-osborne-leonard\/","og_locale":"pt_BR","og_type":"article","og_title":"Gladys Osborne Leonard","og_description":"Gladys Osborne Leonard Gladys Osborne Leonard naci\u00f3 el 28 de mayo de 1882 en Lytham St. Annes, Lancashire, Inglaterra, y falleci\u00f3 el 19 de marzo de 1968 en Broadstairs, Thanet, Inglaterra. Fue una cantante popular, aprendi\u00f3 a cantar desde ni\u00f1a y se hizo famosa en su \u00e9poca. Sin embargo, debido a una enfermedad que apareci\u00f3 [&hellip;]","og_url":"https:\/\/nuevo-renacer.com\/pt\/gladys-osborne-leonard\/","og_site_name":"Uni\u00f3n Esp\u00edrita","article_publisher":"https:\/\/www.facebook.com\/groups\/3431398063740829","article_modified_time":"2026-03-12T09:53:24+00:00","og_image":[{"width":500,"height":789,"url":"https:\/\/nuevo-renacer.com\/wp-content\/uploads\/2026\/03\/Gladys-Osborne-Leonard.png","type":"image\/png"}],"twitter_card":"summary_large_image","twitter_misc":{"Est. tempo de leitura":"3 minutos"},"schema":{"@context":"https:\/\/schema.org","@graph":[{"@type":"WebPage","@id":"https:\/\/nuevo-renacer.com\/gladys-osborne-leonard\/","url":"https:\/\/nuevo-renacer.com\/gladys-osborne-leonard\/","name":"Gladys Osborne Leonard - Uni\u00f3n Esp\u00edrita","isPartOf":{"@id":"https:\/\/nuevo-renacer.com\/#website"},"primaryImageOfPage":{"@id":"https:\/\/nuevo-renacer.com\/gladys-osborne-leonard\/#primaryimage"},"image":{"@id":"https:\/\/nuevo-renacer.com\/gladys-osborne-leonard\/#primaryimage"},"thumbnailUrl":"https:\/\/nuevo-renacer.com\/wp-content\/uploads\/2026\/03\/Gladys-Osborne-Leonard.png","datePublished":"2026-03-12T09:53:21+00:00","dateModified":"2026-03-12T09:53:24+00:00","breadcrumb":{"@id":"https:\/\/nuevo-renacer.com\/gladys-osborne-leonard\/#breadcrumb"},"inLanguage":"pt-BR","potentialAction":[{"@type":"ReadAction","target":["https:\/\/nuevo-renacer.com\/gladys-osborne-leonard\/"]}]},{"@type":"ImageObject","inLanguage":"pt-BR","@id":"https:\/\/nuevo-renacer.com\/gladys-osborne-leonard\/#primaryimage","url":"https:\/\/nuevo-renacer.com\/wp-content\/uploads\/2026\/03\/Gladys-Osborne-Leonard.png","contentUrl":"https:\/\/nuevo-renacer.com\/wp-content\/uploads\/2026\/03\/Gladys-Osborne-Leonard.png"},{"@type":"BreadcrumbList","@id":"https:\/\/nuevo-renacer.com\/gladys-osborne-leonard\/#breadcrumb","itemListElement":[{"@type":"ListItem","position":1,"name":"Startseite","item":"https:\/\/nuevo-renacer.com\/"},{"@type":"ListItem","position":2,"name":"Gladys Osborne Leonard"}]},{"@type":"WebSite","@id":"https:\/\/nuevo-renacer.com\/#website","url":"https:\/\/nuevo-renacer.com\/","name":"Uni\u00f3n Esp\u00edrita","description":"Nuevo Renacer","publisher":{"@id":"https:\/\/nuevo-renacer.com\/#organization"},"potentialAction":[{"@type":"SearchAction","target":{"@type":"EntryPoint","urlTemplate":"https:\/\/nuevo-renacer.com\/?s={search_term_string}"},"query-input":{"@type":"PropertyValueSpecification","valueRequired":true,"valueName":"search_term_string"}}],"inLanguage":"pt-BR"},{"@type":"Organization","@id":"https:\/\/nuevo-renacer.com\/#organization","name":"UFEC","url":"https:\/\/nuevo-renacer.com\/","logo":{"@type":"ImageObject","inLanguage":"pt-BR","@id":"https:\/\/nuevo-renacer.com\/#\/schema\/logo\/image\/","url":"https:\/\/nuevo-renacer.com\/wp-content\/uploads\/2024\/05\/cropped-LOGO-TERMINADO1-3-3.png","contentUrl":"https:\/\/nuevo-renacer.com\/wp-content\/uploads\/2024\/05\/cropped-LOGO-TERMINADO1-3-3.png","width":512,"height":512,"caption":"UFEC"},"image":{"@id":"https:\/\/nuevo-renacer.com\/#\/schema\/logo\/image\/"},"sameAs":["https:\/\/www.facebook.com\/groups\/3431398063740829"]}]}},"uagb_featured_image_src":{"full":false,"thumbnail":false,"medium":false,"medium_large":false,"large":false,"1536x1536":false,"2048x2048":false,"trp-custom-language-flag":false},"uagb_author_info":{"display_name":"adbv0","author_link":"https:\/\/nuevo-renacer.com\/pt\/author\/adbv0\/"},"uagb_comment_info":0,"uagb_excerpt":"Gladys Osborne Leonard Gladys Osborne Leonard naci\u00f3 el 28 de mayo de 1882 en Lytham St. Annes, Lancashire, Inglaterra, y falleci\u00f3 el 19 de marzo de 1968 en Broadstairs, Thanet, Inglaterra. Fue una cantante popular, aprendi\u00f3 a cantar desde ni\u00f1a y se hizo famosa en su \u00e9poca. Sin embargo, debido a una enfermedad que apareci\u00f3&hellip;","jetpack_sharing_enabled":true,"_links":{"self":[{"href":"https:\/\/nuevo-renacer.com\/pt\/wp-json\/wp\/v2\/pages\/8802","targetHints":{"allow":["GET"]}}],"collection":[{"href":"https:\/\/nuevo-renacer.com\/pt\/wp-json\/wp\/v2\/pages"}],"about":[{"href":"https:\/\/nuevo-renacer.com\/pt\/wp-json\/wp\/v2\/types\/page"}],"author":[{"embeddable":true,"href":"https:\/\/nuevo-renacer.com\/pt\/wp-json\/wp\/v2\/users\/1"}],"replies":[{"embeddable":true,"href":"https:\/\/nuevo-renacer.com\/pt\/wp-json\/wp\/v2\/comments?post=8802"}],"version-history":[{"count":1,"href":"https:\/\/nuevo-renacer.com\/pt\/wp-json\/wp\/v2\/pages\/8802\/revisions"}],"predecessor-version":[{"id":8804,"href":"https:\/\/nuevo-renacer.com\/pt\/wp-json\/wp\/v2\/pages\/8802\/revisions\/8804"}],"wp:attachment":[{"href":"https:\/\/nuevo-renacer.com\/pt\/wp-json\/wp\/v2\/media?parent=8802"}],"curies":[{"name":"wp","href":"https:\/\/api.w.org\/{rel}","templated":true}]}}