{"id":8790,"date":"2026-02-19T13:58:03","date_gmt":"2026-02-19T13:58:03","guid":{"rendered":"https:\/\/nuevo-renacer.com\/?page_id=8790"},"modified":"2026-02-19T14:02:33","modified_gmt":"2026-02-19T14:02:33","slug":"raymond-auguste-quinsac-monvoisin","status":"publish","type":"page","link":"https:\/\/nuevo-renacer.com\/pt\/raymond-auguste-quinsac-monvoisin\/","title":{"rendered":"Raymond Auguste Quinsac Monvoisin"},"content":{"rendered":"<div class=\"wp-block-uagb-container uagb-block-8ccacd85 alignfull uagb-is-root-container\"><div class=\"uagb-container-inner-blocks-wrap\">\n<p class=\"has-black-color has-text-color has-link-color has-medium-font-size wp-elements-cd0bd16a4652a70e5a78a090f21efbb3\"><strong>Raymond Auguste Quinsac Monvoisin<\/strong><\/p>\n<\/div><\/div>\n\n\n\n<div class=\"wp-block-uagb-container uagb-block-03785b68 alignfull uagb-is-root-container\"><div class=\"uagb-container-inner-blocks-wrap\">\n<figure class=\"wp-block-image size-full is-resized\"><img fetchpriority=\"high\" decoding=\"async\" width=\"469\" height=\"535\" src=\"https:\/\/nuevo-renacer.com\/wp-content\/uploads\/2026\/02\/Raymond-Quinsac-Monvoisin.jpg\" alt=\"\" class=\"wp-image-8791\" style=\"aspect-ratio:0.8766416888244299;width:352px;height:auto\" srcset=\"https:\/\/nuevo-renacer.com\/wp-content\/uploads\/2026\/02\/Raymond-Quinsac-Monvoisin.jpg 469w, https:\/\/nuevo-renacer.com\/wp-content\/uploads\/2026\/02\/Raymond-Quinsac-Monvoisin-263x300.jpg 263w, https:\/\/nuevo-renacer.com\/wp-content\/uploads\/2026\/02\/Raymond-Quinsac-Monvoisin-11x12.jpg 11w\" sizes=\"(max-width: 469px) 100vw, 469px\" \/><\/figure>\n<\/div><\/div>\n\n\n\n<div class=\"wp-block-uagb-container uagb-block-118be211 alignfull uagb-is-root-container\"><div class=\"uagb-container-inner-blocks-wrap\">\n<p class=\"has-black-color has-text-color has-link-color has-small-font-size wp-elements-8f8db06decfb284728eef3f58878e5f6\">Raymond Auguste Quinsac Monvoisin nasceu em 31 de maio de 1790, em Bordeaux, Fran\u00e7a. Pintor de g\u00eanero, paisagem, hist\u00f3ria e retrato, foi um dos mais destacados disc\u00edpulos do Bar\u00e3o Gu\u00e9rin, na Escola de Belas Artes de Paris. Premiado diversas vezes, aos 27 anos tornou-se pension\u00e1rio do rei da Fran\u00e7a, em Roma. Ao voltar \u00e0 Fran\u00e7a, distinguiu-se nos Salons e por duas vezes foi premiado com o primeiro lugar. Dessa \u00e9poca, que se estendeu at\u00e9 1842, datam suas s\u00e9ries de retratos dos reis da Fran\u00e7a e dos marechais da Renascen\u00e7a, encomendados pelo Governo para as galerias hist\u00f3ricas do Pal\u00e1cio de Versailles.<\/p>\n\n\n\n<p class=\"has-black-color has-text-color has-link-color has-small-font-size wp-elements-e48844140a012d14e03dc506480bdf11\">Em 1836, Monvoisin - que tinha um forte temperamento - desentendeu-se com o diretor dos museus reais franceses, Sr. de Cailleux. Abalado pelo epis\u00f3dio e por outros problemas particulares, deixou a Fran\u00e7a em maio de 1842. Veio para a Am\u00e9rica do Sul. Monvoisin e Rugendas foram os dois mais importantes artistas a visitar o Continente Americano, nessa \u00e9poca. Depois de uma r\u00e1pida passagem por Buenos Aires, chegou ao Chile em janeiro de 1843, portando pouco mais de dez pain\u00e9is que foram exibidos em mar\u00e7o daquele ano na Universidade de S\u00e3o Filipe. Essa mostra, que tornou-se um marco na Hist\u00f3ria da Arte no Chile, atraiu a aten\u00e7\u00e3o de diversas personalidades e causou admira\u00e7\u00e3o pela per\u00edcia e beleza das obras. Monvoisin recebeu pelo menos uma centena de encomendas de retratos: pintou praticamente toda a aristocracia chilena da \u00e9poca. O Governo prometeu-lhe a dire\u00e7\u00e3o da futura Academia de desenho e pintura do Chile, mas acabou por escolher o italiano Alexandre Cicarelli.<\/p>\n\n\n\n<p class=\"has-black-color has-text-color has-link-color has-small-font-size wp-elements-68118bc9107dcf271a6639faf71e7b85\">Depois de algum tempo, Monvoisin visitou o Peru e o Brasil. Chegou ao Rio de Janeiro em 19 de outubro de 1847. Em carta ao irm\u00e3o, reclamou do calor e informou que pintaria um retrato de D. Pedro II, que o recebeu calorosamente. A pintura - que mostra D. Pedro de p\u00e9, em traje imperial - \u00e9 considerado o mais fiel retrato do Imperador brasileiro. Em reconhecimento, D. Pedro concedeu ao artista a ins\u00edgnia de Cavaleiro da Ordem do Cruzeiro e uma p\u00eandula de bronze. O quadro - que pode ser visto no Museu Imperial de Petr\u00f3polis - pertence ao pr\u00edncipe D. Jo\u00e3o de Orl\u00e9ans e Bragan\u00e7a, bisneto de D. Pedro II. O Imperador tinha, em sua pinacoteca no Pa\u00e7o S. Crist\u00f3v\u00e3o, outro quadro de Monvoisin: Jovem Peruano (ou Jovem Araucano). Monvoisin voltou \u00e0 Fran\u00e7a em 1858, quando o Espiritismo estava no auge. Tornou-se esp\u00edrita e adepto da Homeopatia. A primeira refer\u00eancia a ele est\u00e1 na Revista Esp\u00edrita de maio de 1866. A se\u00e7\u00e3o \"Conversas de Al\u00e9m-T\u00famulo\" traz a transcri\u00e7\u00e3o de uma evoca\u00e7\u00e3o do esp\u00edrito do Abade Laverdet, um dos pastores da Igreja francesa, ocorrida no dia 5 de janeiro de 1866. Ali, Kardec informa que \"um dos mais \u00edntimos amigos do abade, o Sr. Monvoisin, o eminente pintor de hist\u00f3ria, esp\u00edrita fervoroso, tendo desejado ter dele algumas palavras de al\u00e9m-t\u00famulo, nos pediu para evoc\u00e1-lo\".<\/p>\n\n\n\n<p class=\"has-black-color has-text-color has-link-color has-small-font-size wp-elements-1aa081c9fe0182287bd15d3f16ba67f1\">Membro da Sociedade Parisiense de Estudos Esp\u00edritas, Monvoisin \u00e9 o autor de um retrato do Codificador do Espiritismo. Foi uma doa\u00e7\u00e3o de oito quadros desse pintor renomado que estimulou em Kardec o desejo de fazer um Museu Esp\u00edrita: Retrato aleg\u00f3rico do Sr. Allan Kardec; Retrato do autor (Monvoisin); tr\u00eas cenas esp\u00edritas da vida de Jeanne d'Arc (Jeanne na fonte, Jeanne ferida e Jeanne sobre a fogueira); o Auto-de-f\u00e9 de Jo\u00e3o Huss; um quadro simb\u00f3lico das Tr\u00eas Revela\u00e7\u00f5es, e a Apari\u00e7\u00e3o de Jesus entre os ap\u00f3stolos, depois da morte corporal. O pintor faleceu em Boulogne-sur-Seine (Paris), em 26 de mar\u00e7o de 1870. Na edi\u00e7\u00e3o de maio daquele ano, a Revista Esp\u00edrita noticiou a desencarna\u00e7\u00e3o com ampla reportagem, em que s\u00e3o contadas sua vida e sua dedica\u00e7\u00e3o ao Espiritismo. No texto s\u00e3o citadas frases. Entre elas: \"Eu serei o precursor e o pai da pintura esp\u00edrita\". Ao desencarnar, trabalhava em uma s\u00e9rie de retratos dos precursores do Espiritismo.<\/p>\n<\/div><\/div>\n\n\n\n<div class=\"wp-block-uagb-container uagb-block-97a80b6a alignfull uagb-is-root-container\"><div class=\"uagb-container-inner-blocks-wrap\"><\/div><\/div>\n\n\n\n<div class=\"wp-block-uagb-container uagb-block-dcd492b0 alignfull uagb-is-root-container\"><div class=\"uagb-container-inner-blocks-wrap\"><\/div><\/div>","protected":false},"excerpt":{"rendered":"<p>Raymond Auguste Quinsac Monvoisin Raymond Auguste Quinsac Monvoisin naci\u00f3 el 31 de mayo de 1790 en Burdeos, Francia. Pintor de escenas de g\u00e9nero, paisajes, historia y retratos, fue uno de los disc\u00edpulos m\u00e1s destacados del Bar\u00f3n Gu\u00e9rin en la Escuela de Bellas Artes de Par\u00eds. Premiado en varias ocasiones, a los 27 a\u00f1os se convirti\u00f3 [&hellip;]<\/p>","protected":false},"author":1,"featured_media":0,"parent":0,"menu_order":0,"comment_status":"closed","ping_status":"closed","template":"","meta":{"_uag_custom_page_level_css":"","site-sidebar-layout":"default","site-content-layout":"","ast-site-content-layout":"default","site-content-style":"default","site-sidebar-style":"default","ast-global-header-display":"","ast-banner-title-visibility":"","ast-main-header-display":"","ast-hfb-above-header-display":"","ast-hfb-below-header-display":"","ast-hfb-mobile-header-display":"","site-post-title":"disabled","ast-breadcrumbs-content":"","ast-featured-img":"","footer-sml-layout":"","theme-transparent-header-meta":"","adv-header-id-meta":"","stick-header-meta":"","header-above-stick-meta":"","header-main-stick-meta":"","header-below-stick-meta":"","astra-migrate-meta-layouts":"set","ast-page-background-enabled":"default","ast-page-background-meta":{"desktop":{"background-color":"var(--ast-global-color-4)","background-image":"","background-repeat":"repeat","background-position":"center center","background-size":"auto","background-attachment":"scroll","background-type":"","background-media":"","overlay-type":"","overlay-color":"","overlay-opacity":"","overlay-gradient":""},"tablet":{"background-color":"","background-image":"","background-repeat":"repeat","background-position":"center center","background-size":"auto","background-attachment":"scroll","background-type":"","background-media":"","overlay-type":"","overlay-color":"","overlay-opacity":"","overlay-gradient":""},"mobile":{"background-color":"","background-image":"","background-repeat":"repeat","background-position":"center center","background-size":"auto","background-attachment":"scroll","background-type":"","background-media":"","overlay-type":"","overlay-color":"","overlay-opacity":"","overlay-gradient":""}},"ast-content-background-meta":{"desktop":{"background-color":"var(--ast-global-color-5)","background-image":"","background-repeat":"repeat","background-position":"center center","background-size":"auto","background-attachment":"scroll","background-type":"","background-media":"","overlay-type":"","overlay-color":"","overlay-opacity":"","overlay-gradient":""},"tablet":{"background-color":"var(--ast-global-color-5)","background-image":"","background-repeat":"repeat","background-position":"center center","background-size":"auto","background-attachment":"scroll","background-type":"","background-media":"","overlay-type":"","overlay-color":"","overlay-opacity":"","overlay-gradient":""},"mobile":{"background-color":"var(--ast-global-color-5)","background-image":"","background-repeat":"repeat","background-position":"center center","background-size":"auto","background-attachment":"scroll","background-type":"","background-media":"","overlay-type":"","overlay-color":"","overlay-opacity":"","overlay-gradient":""}},"footnotes":""},"class_list":["post-8790","page","type-page","status-publish","hentry"],"yoast_head":"<!-- This site is optimized with the Yoast SEO Premium plugin v24.2 (Yoast SEO v24.6) - https:\/\/yoast.com\/wordpress\/plugins\/seo\/ -->\n<title>Raymond Auguste Quinsac Monvoisin - Uni\u00f3n Esp\u00edrita<\/title>\n<meta name=\"robots\" content=\"index, follow, max-snippet:-1, max-image-preview:large, max-video-preview:-1\" \/>\n<link rel=\"canonical\" href=\"https:\/\/nuevo-renacer.com\/pt\/raymond-auguste-quinsac-monvoisin\/\" \/>\n<meta property=\"og:locale\" content=\"pt_BR\" \/>\n<meta property=\"og:type\" content=\"article\" \/>\n<meta property=\"og:title\" content=\"Raymond Auguste Quinsac Monvoisin\" \/>\n<meta property=\"og:description\" content=\"Raymond Auguste Quinsac Monvoisin Raymond Auguste Quinsac Monvoisin naci\u00f3 el 31 de mayo de 1790 en Burdeos, Francia. Pintor de escenas de g\u00e9nero, paisajes, historia y retratos, fue uno de los disc\u00edpulos m\u00e1s destacados del Bar\u00f3n Gu\u00e9rin en la Escuela de Bellas Artes de Par\u00eds. Premiado en varias ocasiones, a los 27 a\u00f1os se convirti\u00f3 [&hellip;]\" \/>\n<meta property=\"og:url\" content=\"https:\/\/nuevo-renacer.com\/pt\/raymond-auguste-quinsac-monvoisin\/\" \/>\n<meta property=\"og:site_name\" content=\"Uni\u00f3n Esp\u00edrita\" \/>\n<meta property=\"article:publisher\" content=\"https:\/\/www.facebook.com\/groups\/3431398063740829\" \/>\n<meta property=\"article:modified_time\" content=\"2026-02-19T14:02:33+00:00\" \/>\n<meta property=\"og:image\" content=\"https:\/\/nuevo-renacer.com\/wp-content\/uploads\/2026\/02\/Raymond-Quinsac-Monvoisin.jpg\" \/>\n\t<meta property=\"og:image:width\" content=\"469\" \/>\n\t<meta property=\"og:image:height\" content=\"535\" \/>\n\t<meta property=\"og:image:type\" content=\"image\/jpeg\" \/>\n<meta name=\"twitter:card\" content=\"summary_large_image\" \/>\n<meta name=\"twitter:label1\" content=\"Est. tempo de leitura\" \/>\n\t<meta name=\"twitter:data1\" content=\"5 minutos\" \/>\n<script type=\"application\/ld+json\" class=\"yoast-schema-graph\">{\"@context\":\"https:\/\/schema.org\",\"@graph\":[{\"@type\":\"WebPage\",\"@id\":\"https:\/\/nuevo-renacer.com\/raymond-auguste-quinsac-monvoisin\/\",\"url\":\"https:\/\/nuevo-renacer.com\/raymond-auguste-quinsac-monvoisin\/\",\"name\":\"Raymond Auguste Quinsac Monvoisin - Uni\u00f3n Esp\u00edrita\",\"isPartOf\":{\"@id\":\"https:\/\/nuevo-renacer.com\/#website\"},\"primaryImageOfPage\":{\"@id\":\"https:\/\/nuevo-renacer.com\/raymond-auguste-quinsac-monvoisin\/#primaryimage\"},\"image\":{\"@id\":\"https:\/\/nuevo-renacer.com\/raymond-auguste-quinsac-monvoisin\/#primaryimage\"},\"thumbnailUrl\":\"https:\/\/nuevo-renacer.com\/wp-content\/uploads\/2026\/02\/Raymond-Quinsac-Monvoisin.jpg\",\"datePublished\":\"2026-02-19T13:58:03+00:00\",\"dateModified\":\"2026-02-19T14:02:33+00:00\",\"breadcrumb\":{\"@id\":\"https:\/\/nuevo-renacer.com\/raymond-auguste-quinsac-monvoisin\/#breadcrumb\"},\"inLanguage\":\"pt-BR\",\"potentialAction\":[{\"@type\":\"ReadAction\",\"target\":[\"https:\/\/nuevo-renacer.com\/raymond-auguste-quinsac-monvoisin\/\"]}]},{\"@type\":\"ImageObject\",\"inLanguage\":\"pt-BR\",\"@id\":\"https:\/\/nuevo-renacer.com\/raymond-auguste-quinsac-monvoisin\/#primaryimage\",\"url\":\"https:\/\/nuevo-renacer.com\/wp-content\/uploads\/2026\/02\/Raymond-Quinsac-Monvoisin.jpg\",\"contentUrl\":\"https:\/\/nuevo-renacer.com\/wp-content\/uploads\/2026\/02\/Raymond-Quinsac-Monvoisin.jpg\"},{\"@type\":\"BreadcrumbList\",\"@id\":\"https:\/\/nuevo-renacer.com\/raymond-auguste-quinsac-monvoisin\/#breadcrumb\",\"itemListElement\":[{\"@type\":\"ListItem\",\"position\":1,\"name\":\"Startseite\",\"item\":\"https:\/\/nuevo-renacer.com\/\"},{\"@type\":\"ListItem\",\"position\":2,\"name\":\"Raymond Auguste Quinsac Monvoisin\"}]},{\"@type\":\"WebSite\",\"@id\":\"https:\/\/nuevo-renacer.com\/#website\",\"url\":\"https:\/\/nuevo-renacer.com\/\",\"name\":\"Uni\u00f3n Esp\u00edrita\",\"description\":\"Nuevo Renacer\",\"publisher\":{\"@id\":\"https:\/\/nuevo-renacer.com\/#organization\"},\"potentialAction\":[{\"@type\":\"SearchAction\",\"target\":{\"@type\":\"EntryPoint\",\"urlTemplate\":\"https:\/\/nuevo-renacer.com\/?s={search_term_string}\"},\"query-input\":{\"@type\":\"PropertyValueSpecification\",\"valueRequired\":true,\"valueName\":\"search_term_string\"}}],\"inLanguage\":\"pt-BR\"},{\"@type\":\"Organization\",\"@id\":\"https:\/\/nuevo-renacer.com\/#organization\",\"name\":\"UFEC\",\"url\":\"https:\/\/nuevo-renacer.com\/\",\"logo\":{\"@type\":\"ImageObject\",\"inLanguage\":\"pt-BR\",\"@id\":\"https:\/\/nuevo-renacer.com\/#\/schema\/logo\/image\/\",\"url\":\"https:\/\/nuevo-renacer.com\/wp-content\/uploads\/2024\/05\/cropped-LOGO-TERMINADO1-3-3.png\",\"contentUrl\":\"https:\/\/nuevo-renacer.com\/wp-content\/uploads\/2024\/05\/cropped-LOGO-TERMINADO1-3-3.png\",\"width\":512,\"height\":512,\"caption\":\"UFEC\"},\"image\":{\"@id\":\"https:\/\/nuevo-renacer.com\/#\/schema\/logo\/image\/\"},\"sameAs\":[\"https:\/\/www.facebook.com\/groups\/3431398063740829\"]}]}<\/script>\n<!-- \/ Yoast SEO Premium plugin. -->","yoast_head_json":{"title":"Raymond Auguste Quinsac Monvoisin - Uni\u00f3n Esp\u00edrita","robots":{"index":"index","follow":"follow","max-snippet":"max-snippet:-1","max-image-preview":"max-image-preview:large","max-video-preview":"max-video-preview:-1"},"canonical":"https:\/\/nuevo-renacer.com\/pt\/raymond-auguste-quinsac-monvoisin\/","og_locale":"pt_BR","og_type":"article","og_title":"Raymond Auguste Quinsac Monvoisin","og_description":"Raymond Auguste Quinsac Monvoisin Raymond Auguste Quinsac Monvoisin naci\u00f3 el 31 de mayo de 1790 en Burdeos, Francia. Pintor de escenas de g\u00e9nero, paisajes, historia y retratos, fue uno de los disc\u00edpulos m\u00e1s destacados del Bar\u00f3n Gu\u00e9rin en la Escuela de Bellas Artes de Par\u00eds. Premiado en varias ocasiones, a los 27 a\u00f1os se convirti\u00f3 [&hellip;]","og_url":"https:\/\/nuevo-renacer.com\/pt\/raymond-auguste-quinsac-monvoisin\/","og_site_name":"Uni\u00f3n Esp\u00edrita","article_publisher":"https:\/\/www.facebook.com\/groups\/3431398063740829","article_modified_time":"2026-02-19T14:02:33+00:00","og_image":[{"width":469,"height":535,"url":"https:\/\/nuevo-renacer.com\/wp-content\/uploads\/2026\/02\/Raymond-Quinsac-Monvoisin.jpg","type":"image\/jpeg"}],"twitter_card":"summary_large_image","twitter_misc":{"Est. tempo de leitura":"5 minutos"},"schema":{"@context":"https:\/\/schema.org","@graph":[{"@type":"WebPage","@id":"https:\/\/nuevo-renacer.com\/raymond-auguste-quinsac-monvoisin\/","url":"https:\/\/nuevo-renacer.com\/raymond-auguste-quinsac-monvoisin\/","name":"Raymond Auguste Quinsac Monvoisin - Uni\u00f3n Esp\u00edrita","isPartOf":{"@id":"https:\/\/nuevo-renacer.com\/#website"},"primaryImageOfPage":{"@id":"https:\/\/nuevo-renacer.com\/raymond-auguste-quinsac-monvoisin\/#primaryimage"},"image":{"@id":"https:\/\/nuevo-renacer.com\/raymond-auguste-quinsac-monvoisin\/#primaryimage"},"thumbnailUrl":"https:\/\/nuevo-renacer.com\/wp-content\/uploads\/2026\/02\/Raymond-Quinsac-Monvoisin.jpg","datePublished":"2026-02-19T13:58:03+00:00","dateModified":"2026-02-19T14:02:33+00:00","breadcrumb":{"@id":"https:\/\/nuevo-renacer.com\/raymond-auguste-quinsac-monvoisin\/#breadcrumb"},"inLanguage":"pt-BR","potentialAction":[{"@type":"ReadAction","target":["https:\/\/nuevo-renacer.com\/raymond-auguste-quinsac-monvoisin\/"]}]},{"@type":"ImageObject","inLanguage":"pt-BR","@id":"https:\/\/nuevo-renacer.com\/raymond-auguste-quinsac-monvoisin\/#primaryimage","url":"https:\/\/nuevo-renacer.com\/wp-content\/uploads\/2026\/02\/Raymond-Quinsac-Monvoisin.jpg","contentUrl":"https:\/\/nuevo-renacer.com\/wp-content\/uploads\/2026\/02\/Raymond-Quinsac-Monvoisin.jpg"},{"@type":"BreadcrumbList","@id":"https:\/\/nuevo-renacer.com\/raymond-auguste-quinsac-monvoisin\/#breadcrumb","itemListElement":[{"@type":"ListItem","position":1,"name":"Startseite","item":"https:\/\/nuevo-renacer.com\/"},{"@type":"ListItem","position":2,"name":"Raymond Auguste Quinsac Monvoisin"}]},{"@type":"WebSite","@id":"https:\/\/nuevo-renacer.com\/#website","url":"https:\/\/nuevo-renacer.com\/","name":"Uni\u00f3n Esp\u00edrita","description":"Nuevo Renacer","publisher":{"@id":"https:\/\/nuevo-renacer.com\/#organization"},"potentialAction":[{"@type":"SearchAction","target":{"@type":"EntryPoint","urlTemplate":"https:\/\/nuevo-renacer.com\/?s={search_term_string}"},"query-input":{"@type":"PropertyValueSpecification","valueRequired":true,"valueName":"search_term_string"}}],"inLanguage":"pt-BR"},{"@type":"Organization","@id":"https:\/\/nuevo-renacer.com\/#organization","name":"UFEC","url":"https:\/\/nuevo-renacer.com\/","logo":{"@type":"ImageObject","inLanguage":"pt-BR","@id":"https:\/\/nuevo-renacer.com\/#\/schema\/logo\/image\/","url":"https:\/\/nuevo-renacer.com\/wp-content\/uploads\/2024\/05\/cropped-LOGO-TERMINADO1-3-3.png","contentUrl":"https:\/\/nuevo-renacer.com\/wp-content\/uploads\/2024\/05\/cropped-LOGO-TERMINADO1-3-3.png","width":512,"height":512,"caption":"UFEC"},"image":{"@id":"https:\/\/nuevo-renacer.com\/#\/schema\/logo\/image\/"},"sameAs":["https:\/\/www.facebook.com\/groups\/3431398063740829"]}]}},"uagb_featured_image_src":{"full":false,"thumbnail":false,"medium":false,"medium_large":false,"large":false,"1536x1536":false,"2048x2048":false,"trp-custom-language-flag":false},"uagb_author_info":{"display_name":"adbv0","author_link":"https:\/\/nuevo-renacer.com\/pt\/author\/adbv0\/"},"uagb_comment_info":0,"uagb_excerpt":"Raymond Auguste Quinsac Monvoisin Raymond Auguste Quinsac Monvoisin naci\u00f3 el 31 de mayo de 1790 en Burdeos, Francia. Pintor de escenas de g\u00e9nero, paisajes, historia y retratos, fue uno de los disc\u00edpulos m\u00e1s destacados del Bar\u00f3n Gu\u00e9rin en la Escuela de Bellas Artes de Par\u00eds. Premiado en varias ocasiones, a los 27 a\u00f1os se convirti\u00f3&hellip;","jetpack_sharing_enabled":true,"_links":{"self":[{"href":"https:\/\/nuevo-renacer.com\/pt\/wp-json\/wp\/v2\/pages\/8790","targetHints":{"allow":["GET"]}}],"collection":[{"href":"https:\/\/nuevo-renacer.com\/pt\/wp-json\/wp\/v2\/pages"}],"about":[{"href":"https:\/\/nuevo-renacer.com\/pt\/wp-json\/wp\/v2\/types\/page"}],"author":[{"embeddable":true,"href":"https:\/\/nuevo-renacer.com\/pt\/wp-json\/wp\/v2\/users\/1"}],"replies":[{"embeddable":true,"href":"https:\/\/nuevo-renacer.com\/pt\/wp-json\/wp\/v2\/comments?post=8790"}],"version-history":[{"count":2,"href":"https:\/\/nuevo-renacer.com\/pt\/wp-json\/wp\/v2\/pages\/8790\/revisions"}],"predecessor-version":[{"id":8794,"href":"https:\/\/nuevo-renacer.com\/pt\/wp-json\/wp\/v2\/pages\/8790\/revisions\/8794"}],"wp:attachment":[{"href":"https:\/\/nuevo-renacer.com\/pt\/wp-json\/wp\/v2\/media?parent=8790"}],"curies":[{"name":"wp","href":"https:\/\/api.w.org\/{rel}","templated":true}]}}