{"id":8767,"date":"2026-01-23T11:46:40","date_gmt":"2026-01-23T11:46:40","guid":{"rendered":"https:\/\/nuevo-renacer.com\/?page_id=8767"},"modified":"2026-01-23T11:48:07","modified_gmt":"2026-01-23T11:48:07","slug":"gaetano-donizetti","status":"publish","type":"page","link":"https:\/\/nuevo-renacer.com\/pt\/gaetano-donizetti\/","title":{"rendered":"Gaetano Donizetti"},"content":{"rendered":"<div class=\"wp-block-uagb-container uagb-block-a4c824bc alignfull uagb-is-root-container\"><div class=\"uagb-container-inner-blocks-wrap\">\n<p class=\"has-black-color has-text-color has-link-color has-medium-font-size wp-elements-2721ce93325a53e9c1c8a57c7c732ac1\"><strong>Gaetano Donizetti<\/strong><\/p>\n<\/div><\/div>\n\n\n\n<div class=\"wp-block-uagb-container uagb-block-57a0b36f alignfull uagb-is-root-container\"><div class=\"uagb-container-inner-blocks-wrap\">\n<figure class=\"wp-block-image size-full is-resized\"><img fetchpriority=\"high\" decoding=\"async\" width=\"640\" height=\"663\" src=\"https:\/\/nuevo-renacer.com\/wp-content\/uploads\/2026\/01\/Gaetano_Donizetti.jpg\" alt=\"\" class=\"wp-image-8768\" style=\"width:304px;height:auto\" srcset=\"https:\/\/nuevo-renacer.com\/wp-content\/uploads\/2026\/01\/Gaetano_Donizetti.jpg 640w, https:\/\/nuevo-renacer.com\/wp-content\/uploads\/2026\/01\/Gaetano_Donizetti-290x300.jpg 290w, https:\/\/nuevo-renacer.com\/wp-content\/uploads\/2026\/01\/Gaetano_Donizetti-12x12.jpg 12w\" sizes=\"(max-width: 640px) 100vw, 640px\" \/><\/figure>\n<\/div><\/div>\n\n\n\n<div class=\"wp-block-uagb-container uagb-block-2273ec1b alignfull uagb-is-root-container\"><div class=\"uagb-container-inner-blocks-wrap\">\n<p class=\"has-black-color has-text-color has-link-color has-small-font-size wp-elements-114afe3dcbfc40482b2d3ace7f278f22\">Gaetano Donizetti Quem j\u00e1 se familiarizou com a Doutrina Esp\u00edrita codificada por Allan Kardec n\u00e3o se surpreende, absolutamente, se algu\u00e9m asseverar que os Esp\u00edritos, ao retornarem \u00e0 Terra, em novos corpos som\u00e1ticos, trazem, quando j\u00e1 atingiram certo grau evolutivo, tarefas a cumprir no campo moral, religioso, liter\u00e1rio, art\u00edstico e cient\u00edfico. Caetano Donizetti, por exemplo, escolheu a miss\u00e3o de difundir a m\u00fasica, por\u00e9m m\u00fasica que impressionasse e sensibilizasse as criaturas, de maneira a dominar-lhes o intelecto e sobretudo o sentimento. Hoje n\u00e3o se ignora que a m\u00fasica, conforme a ci\u00eancia m\u00e9dica j\u00e1 observou, exerce, em muitos casos, fun\u00e7\u00f5es terap\u00eauticas. Ela tamb\u00e9m influi, de maneira eficaz, no aumento da produ\u00e7\u00e3o do trabalho. Donizetti, pois, trouxe a medica\u00e7\u00e3o sonora de que certos povos careciam, medica\u00e7\u00e3o que ainda vem sendo utilizada com geral agrado e real proveito. Ao atingir a idade de decidir sobre a carreira a seguir, disseram-lhe que escolhesse: o F\u00f4ro, conforme vontade paterna; a Arquitetura, em virtude de sua inclina\u00e7\u00e3o extraordin\u00e1ria para o desenho, ou a arte musical, para a qual era convocado por meio de uma voz \u00edntima, voz de seu Guia espiritual, voz do destino, como expressou um de seus bi\u00f3grafos.<\/p>\n\n\n\n<p class=\"has-black-color has-text-color has-link-color has-small-font-size wp-elements-0a2ad10a1900e6f49c649e1ca8d59110\">N\u00e3o obstante sua grande admira\u00e7\u00e3o pela ci\u00eancia de Vitr\u00favio, e embora seus pais almejassem v\u00ea-lo vergando a toga, o destino, o tal destino ainda t\u00e3o mal compreendido em nossos dias, saiu triunfante, e Gaetano Donizetti imp\u00f4s-se ao mundo como compositor musical! Contava 17 anos de idade e j\u00e1 escrevia sinfonias, quartetos para violinos, cantatas e m\u00fasicas religiosas, Com a facilidade que caracterizou sempre o seu talento. Ao regressar \u00e0 cidade natal, ap\u00f3s alguns anos de estudo no estrangeiro, Donizetti foi surpreendido com a insist\u00eancia paterna no sentido de ele abandonar o prop\u00f3sito de escrever para teatro, a fim de se dedicar, ent\u00e3o, ao professorado, por ser mais rendoso. Sua fam\u00edlia era pobre e, naturalmente, como professor, mais f\u00e1cil lhe seria conseguir dinheiro para o seu 'Sustento e para auxiliar as despesas do lar. Donizetti, essa alma vibr\u00e1til, n\u00e3o podia, de forma alguma, ficar jungido a dar li\u00e7\u00f5es; sua imagina\u00e7\u00e3o e seu pensamento pairavam acima, muito acima das coisas rotineiras e, para que o n\u00e3o fizessem professor, alistou -se como soldado, pois assim, durante os \u00f3cios da vida da caserna, mais f\u00e0cilmente poderia entregar-se \u00e0 sua paix\u00e3o favorita.<\/p>\n\n\n\n<p class=\"has-black-color has-text-color has-link-color has-small-font-size wp-elements-a61998cf55cdc53605d72d80ec023438\">Dizem, com certa dose de verdade, que Deus escreve direito por linhas travessas. Com Donizetti deu-se isso precisamente. Nos momentos de folga, e que eram muitos, escreveu ele \u00abEnrico, Conte di Borgogna\u00bb, sua primeira \u00f3pera, e depois \u00abIl Falegname di Livonia\u00bb. Em virtude do \u00eaxito que alcan\u00e7ou a \u00f3pera \u00abIl Falegname di Livonia\u00bb, teve a sorte de encontrar pessoas de grande influ\u00eancia Que conseguiram f\u00f4sse Donizetti dispensado do servi\u00e7o militar, e, pelas mesmas auxiliado, iniciou desde logo grande atividade musical. Era surpreendente a sua faculdade de improvisa\u00e7\u00e3o; jamais pensava sobre o que ia escrever, sentava-se e entregava-se inteiramente \u00e0 deusa inspiradora. Sua fun\u00e7\u00e3o, portanto, era quase que mec\u00e2nica; limitava-se, como excelente aparelho medi\u00fanico que era, a par dos conhecimentos de m\u00fasica que ent\u00e3o possu\u00eda, limitava-se, repetimos, a reproduzir o mais fielmente poss\u00edvel as suaves e maravilhosas orquestra\u00e7\u00f5es, cujas magn\u00edficas sonoridades ele sentia admiravelmente dentro de si.<\/p>\n\n\n\n<p class=\"has-black-color has-text-color has-link-color has-small-font-size wp-elements-8d560174bc1a02570d710261750845e1\">Diversos eram, sem d\u00favida, os autores espirituais dessas m\u00fasicas, por ele apresentadas mediunicamente, e por isso v\u00e1rios eram os g\u00eaneros de suas composi\u00e7\u00f5es, como, por exemplo, o \u00abSeptuor\u00bb e a cena dos t\u00famulos de \u00abL\u00facia de Lammermoor\u00bb, o 49 ato da \u00abFavorita\u00bb s\u00e3o&gt; p\u00e1ginas de intensa e palpitante emo\u00e7\u00e3o e, ouvindo-as, nossos olhos ficam marejados de l\u00e1grimas. As partituras de \u00abDon Pasquale\u00bb e de \u00abElixir d'Amore\u00bb, no entanto, transportam-nos \u00e0 mais franca e comunicativa alacridade. Portanto, Donizetti n\u00e3o foi um compositor que obedecesse a uma escola. Sua escola, se \u00e9 que assim podemos expressar-nos, era, como j\u00e1 dissemos, a da inspira\u00e7\u00e3o pura e simples. Nessas condi\u00e7\u00f5es, estava ele sujeito a transmit\u00edr-nos p\u00e1ginas que s\u00e3o expoentes magn\u00edficos de vigor e indiscut\u00edvel beleza, tais como \u00abElisabeth de Kenilworth\u00bb, \u00abEsula de Roma\u00bb, \u00abLinda de Chamounix\u00bb, \u00abLucr\u00e9cia Borgia\u00bb e outras quase que sem valor propriamente dito\" quando, for\u00e7ado pelas conting\u00eancias, compunha suas partituras sem qualquer inspira\u00e7\u00e3o superior. O fato, por\u00e9m, como disse um cr\u00edtico musical, \u00e9 que Donizetti, depois de Rossini, foi o compositor mundialmente mais aplaudido e o que melhor soube consolar a Europa musical, arrancando-a daquele doloroso sil\u00eancio em que o grande Rossini a deixou mergulhada, desde 1829, ap\u00f3s a apresenta\u00e7\u00e3o de sua genial \u00f3pera \u00abGuilherme Tell\u00bb.<\/p>\n<\/div><\/div>\n\n\n\n<div class=\"wp-block-uagb-container uagb-block-25d41728 alignfull uagb-is-root-container\"><div class=\"uagb-container-inner-blocks-wrap\"><\/div><\/div>\n\n\n\n<div class=\"wp-block-uagb-container uagb-block-4b4d622a alignfull uagb-is-root-container\"><div class=\"uagb-container-inner-blocks-wrap\"><\/div><\/div>","protected":false},"excerpt":{"rendered":"<p>Gaetano Donizetti Quien ya se ha familiarizado con la Doctrina Esp\u00edrita codificada por Allan Kardec no se sorprende si alguien afirma que los Esp\u00edritus, al regresar a la Tierra en nuevos cuerpos, una vez alcanzado cierto grado evolutivo, traen consigo tareas que cumplir en los campos moral, religioso, literario, art\u00edstico y cient\u00edfico. Gaetano Donizetti, por [&hellip;]<\/p>","protected":false},"author":1,"featured_media":0,"parent":0,"menu_order":0,"comment_status":"closed","ping_status":"closed","template":"","meta":{"_uag_custom_page_level_css":"","site-sidebar-layout":"default","site-content-layout":"","ast-site-content-layout":"default","site-content-style":"default","site-sidebar-style":"default","ast-global-header-display":"","ast-banner-title-visibility":"","ast-main-header-display":"","ast-hfb-above-header-display":"","ast-hfb-below-header-display":"","ast-hfb-mobile-header-display":"","site-post-title":"disabled","ast-breadcrumbs-content":"","ast-featured-img":"","footer-sml-layout":"","theme-transparent-header-meta":"","adv-header-id-meta":"","stick-header-meta":"","header-above-stick-meta":"","header-main-stick-meta":"","header-below-stick-meta":"","astra-migrate-meta-layouts":"set","ast-page-background-enabled":"default","ast-page-background-meta":{"desktop":{"background-color":"var(--ast-global-color-4)","background-image":"","background-repeat":"repeat","background-position":"center center","background-size":"auto","background-attachment":"scroll","background-type":"","background-media":"","overlay-type":"","overlay-color":"","overlay-opacity":"","overlay-gradient":""},"tablet":{"background-color":"","background-image":"","background-repeat":"repeat","background-position":"center center","background-size":"auto","background-attachment":"scroll","background-type":"","background-media":"","overlay-type":"","overlay-color":"","overlay-opacity":"","overlay-gradient":""},"mobile":{"background-color":"","background-image":"","background-repeat":"repeat","background-position":"center center","background-size":"auto","background-attachment":"scroll","background-type":"","background-media":"","overlay-type":"","overlay-color":"","overlay-opacity":"","overlay-gradient":""}},"ast-content-background-meta":{"desktop":{"background-color":"var(--ast-global-color-5)","background-image":"","background-repeat":"repeat","background-position":"center center","background-size":"auto","background-attachment":"scroll","background-type":"","background-media":"","overlay-type":"","overlay-color":"","overlay-opacity":"","overlay-gradient":""},"tablet":{"background-color":"var(--ast-global-color-5)","background-image":"","background-repeat":"repeat","background-position":"center center","background-size":"auto","background-attachment":"scroll","background-type":"","background-media":"","overlay-type":"","overlay-color":"","overlay-opacity":"","overlay-gradient":""},"mobile":{"background-color":"var(--ast-global-color-5)","background-image":"","background-repeat":"repeat","background-position":"center center","background-size":"auto","background-attachment":"scroll","background-type":"","background-media":"","overlay-type":"","overlay-color":"","overlay-opacity":"","overlay-gradient":""}},"footnotes":""},"class_list":["post-8767","page","type-page","status-publish","hentry"],"yoast_head":"<!-- This site is optimized with the Yoast SEO Premium plugin v24.2 (Yoast SEO v24.6) - https:\/\/yoast.com\/wordpress\/plugins\/seo\/ -->\n<title>Gaetano Donizetti - Uni\u00f3n Esp\u00edrita<\/title>\n<meta name=\"robots\" content=\"index, follow, max-snippet:-1, max-image-preview:large, max-video-preview:-1\" \/>\n<link rel=\"canonical\" href=\"https:\/\/nuevo-renacer.com\/pt\/gaetano-donizetti\/\" \/>\n<meta property=\"og:locale\" content=\"pt_BR\" \/>\n<meta property=\"og:type\" content=\"article\" \/>\n<meta property=\"og:title\" content=\"Gaetano Donizetti\" \/>\n<meta property=\"og:description\" content=\"Gaetano Donizetti Quien ya se ha familiarizado con la Doctrina Esp\u00edrita codificada por Allan Kardec no se sorprende si alguien afirma que los Esp\u00edritus, al regresar a la Tierra en nuevos cuerpos, una vez alcanzado cierto grado evolutivo, traen consigo tareas que cumplir en los campos moral, religioso, literario, art\u00edstico y cient\u00edfico. Gaetano Donizetti, por [&hellip;]\" \/>\n<meta property=\"og:url\" content=\"https:\/\/nuevo-renacer.com\/pt\/gaetano-donizetti\/\" \/>\n<meta property=\"og:site_name\" content=\"Uni\u00f3n Esp\u00edrita\" \/>\n<meta property=\"article:publisher\" content=\"https:\/\/www.facebook.com\/groups\/3431398063740829\" \/>\n<meta property=\"article:modified_time\" content=\"2026-01-23T11:48:07+00:00\" \/>\n<meta property=\"og:image\" content=\"https:\/\/nuevo-renacer.com\/wp-content\/uploads\/2026\/01\/Gaetano_Donizetti.jpg\" \/>\n\t<meta property=\"og:image:width\" content=\"640\" \/>\n\t<meta property=\"og:image:height\" content=\"663\" \/>\n\t<meta property=\"og:image:type\" content=\"image\/jpeg\" \/>\n<meta name=\"twitter:card\" content=\"summary_large_image\" \/>\n<meta name=\"twitter:label1\" content=\"Est. tempo de leitura\" \/>\n\t<meta name=\"twitter:data1\" content=\"5 minutos\" \/>\n<script type=\"application\/ld+json\" class=\"yoast-schema-graph\">{\"@context\":\"https:\/\/schema.org\",\"@graph\":[{\"@type\":\"WebPage\",\"@id\":\"https:\/\/nuevo-renacer.com\/gaetano-donizetti\/\",\"url\":\"https:\/\/nuevo-renacer.com\/gaetano-donizetti\/\",\"name\":\"Gaetano Donizetti - Uni\u00f3n Esp\u00edrita\",\"isPartOf\":{\"@id\":\"https:\/\/nuevo-renacer.com\/#website\"},\"primaryImageOfPage\":{\"@id\":\"https:\/\/nuevo-renacer.com\/gaetano-donizetti\/#primaryimage\"},\"image\":{\"@id\":\"https:\/\/nuevo-renacer.com\/gaetano-donizetti\/#primaryimage\"},\"thumbnailUrl\":\"https:\/\/nuevo-renacer.com\/wp-content\/uploads\/2026\/01\/Gaetano_Donizetti.jpg\",\"datePublished\":\"2026-01-23T11:46:40+00:00\",\"dateModified\":\"2026-01-23T11:48:07+00:00\",\"breadcrumb\":{\"@id\":\"https:\/\/nuevo-renacer.com\/gaetano-donizetti\/#breadcrumb\"},\"inLanguage\":\"pt-BR\",\"potentialAction\":[{\"@type\":\"ReadAction\",\"target\":[\"https:\/\/nuevo-renacer.com\/gaetano-donizetti\/\"]}]},{\"@type\":\"ImageObject\",\"inLanguage\":\"pt-BR\",\"@id\":\"https:\/\/nuevo-renacer.com\/gaetano-donizetti\/#primaryimage\",\"url\":\"https:\/\/nuevo-renacer.com\/wp-content\/uploads\/2026\/01\/Gaetano_Donizetti.jpg\",\"contentUrl\":\"https:\/\/nuevo-renacer.com\/wp-content\/uploads\/2026\/01\/Gaetano_Donizetti.jpg\"},{\"@type\":\"BreadcrumbList\",\"@id\":\"https:\/\/nuevo-renacer.com\/gaetano-donizetti\/#breadcrumb\",\"itemListElement\":[{\"@type\":\"ListItem\",\"position\":1,\"name\":\"Startseite\",\"item\":\"https:\/\/nuevo-renacer.com\/\"},{\"@type\":\"ListItem\",\"position\":2,\"name\":\"Gaetano Donizetti\"}]},{\"@type\":\"WebSite\",\"@id\":\"https:\/\/nuevo-renacer.com\/#website\",\"url\":\"https:\/\/nuevo-renacer.com\/\",\"name\":\"Uni\u00f3n Esp\u00edrita\",\"description\":\"Nuevo Renacer\",\"publisher\":{\"@id\":\"https:\/\/nuevo-renacer.com\/#organization\"},\"potentialAction\":[{\"@type\":\"SearchAction\",\"target\":{\"@type\":\"EntryPoint\",\"urlTemplate\":\"https:\/\/nuevo-renacer.com\/?s={search_term_string}\"},\"query-input\":{\"@type\":\"PropertyValueSpecification\",\"valueRequired\":true,\"valueName\":\"search_term_string\"}}],\"inLanguage\":\"pt-BR\"},{\"@type\":\"Organization\",\"@id\":\"https:\/\/nuevo-renacer.com\/#organization\",\"name\":\"UFEC\",\"url\":\"https:\/\/nuevo-renacer.com\/\",\"logo\":{\"@type\":\"ImageObject\",\"inLanguage\":\"pt-BR\",\"@id\":\"https:\/\/nuevo-renacer.com\/#\/schema\/logo\/image\/\",\"url\":\"https:\/\/nuevo-renacer.com\/wp-content\/uploads\/2024\/05\/cropped-LOGO-TERMINADO1-3-3.png\",\"contentUrl\":\"https:\/\/nuevo-renacer.com\/wp-content\/uploads\/2024\/05\/cropped-LOGO-TERMINADO1-3-3.png\",\"width\":512,\"height\":512,\"caption\":\"UFEC\"},\"image\":{\"@id\":\"https:\/\/nuevo-renacer.com\/#\/schema\/logo\/image\/\"},\"sameAs\":[\"https:\/\/www.facebook.com\/groups\/3431398063740829\"]}]}<\/script>\n<!-- \/ Yoast SEO Premium plugin. -->","yoast_head_json":{"title":"Gaetano Donizetti - Uni\u00f3n Esp\u00edrita","robots":{"index":"index","follow":"follow","max-snippet":"max-snippet:-1","max-image-preview":"max-image-preview:large","max-video-preview":"max-video-preview:-1"},"canonical":"https:\/\/nuevo-renacer.com\/pt\/gaetano-donizetti\/","og_locale":"pt_BR","og_type":"article","og_title":"Gaetano Donizetti","og_description":"Gaetano Donizetti Quien ya se ha familiarizado con la Doctrina Esp\u00edrita codificada por Allan Kardec no se sorprende si alguien afirma que los Esp\u00edritus, al regresar a la Tierra en nuevos cuerpos, una vez alcanzado cierto grado evolutivo, traen consigo tareas que cumplir en los campos moral, religioso, literario, art\u00edstico y cient\u00edfico. Gaetano Donizetti, por [&hellip;]","og_url":"https:\/\/nuevo-renacer.com\/pt\/gaetano-donizetti\/","og_site_name":"Uni\u00f3n Esp\u00edrita","article_publisher":"https:\/\/www.facebook.com\/groups\/3431398063740829","article_modified_time":"2026-01-23T11:48:07+00:00","og_image":[{"width":640,"height":663,"url":"https:\/\/nuevo-renacer.com\/wp-content\/uploads\/2026\/01\/Gaetano_Donizetti.jpg","type":"image\/jpeg"}],"twitter_card":"summary_large_image","twitter_misc":{"Est. tempo de leitura":"5 minutos"},"schema":{"@context":"https:\/\/schema.org","@graph":[{"@type":"WebPage","@id":"https:\/\/nuevo-renacer.com\/gaetano-donizetti\/","url":"https:\/\/nuevo-renacer.com\/gaetano-donizetti\/","name":"Gaetano Donizetti - Uni\u00f3n Esp\u00edrita","isPartOf":{"@id":"https:\/\/nuevo-renacer.com\/#website"},"primaryImageOfPage":{"@id":"https:\/\/nuevo-renacer.com\/gaetano-donizetti\/#primaryimage"},"image":{"@id":"https:\/\/nuevo-renacer.com\/gaetano-donizetti\/#primaryimage"},"thumbnailUrl":"https:\/\/nuevo-renacer.com\/wp-content\/uploads\/2026\/01\/Gaetano_Donizetti.jpg","datePublished":"2026-01-23T11:46:40+00:00","dateModified":"2026-01-23T11:48:07+00:00","breadcrumb":{"@id":"https:\/\/nuevo-renacer.com\/gaetano-donizetti\/#breadcrumb"},"inLanguage":"pt-BR","potentialAction":[{"@type":"ReadAction","target":["https:\/\/nuevo-renacer.com\/gaetano-donizetti\/"]}]},{"@type":"ImageObject","inLanguage":"pt-BR","@id":"https:\/\/nuevo-renacer.com\/gaetano-donizetti\/#primaryimage","url":"https:\/\/nuevo-renacer.com\/wp-content\/uploads\/2026\/01\/Gaetano_Donizetti.jpg","contentUrl":"https:\/\/nuevo-renacer.com\/wp-content\/uploads\/2026\/01\/Gaetano_Donizetti.jpg"},{"@type":"BreadcrumbList","@id":"https:\/\/nuevo-renacer.com\/gaetano-donizetti\/#breadcrumb","itemListElement":[{"@type":"ListItem","position":1,"name":"Startseite","item":"https:\/\/nuevo-renacer.com\/"},{"@type":"ListItem","position":2,"name":"Gaetano Donizetti"}]},{"@type":"WebSite","@id":"https:\/\/nuevo-renacer.com\/#website","url":"https:\/\/nuevo-renacer.com\/","name":"Uni\u00f3n Esp\u00edrita","description":"Nuevo Renacer","publisher":{"@id":"https:\/\/nuevo-renacer.com\/#organization"},"potentialAction":[{"@type":"SearchAction","target":{"@type":"EntryPoint","urlTemplate":"https:\/\/nuevo-renacer.com\/?s={search_term_string}"},"query-input":{"@type":"PropertyValueSpecification","valueRequired":true,"valueName":"search_term_string"}}],"inLanguage":"pt-BR"},{"@type":"Organization","@id":"https:\/\/nuevo-renacer.com\/#organization","name":"UFEC","url":"https:\/\/nuevo-renacer.com\/","logo":{"@type":"ImageObject","inLanguage":"pt-BR","@id":"https:\/\/nuevo-renacer.com\/#\/schema\/logo\/image\/","url":"https:\/\/nuevo-renacer.com\/wp-content\/uploads\/2024\/05\/cropped-LOGO-TERMINADO1-3-3.png","contentUrl":"https:\/\/nuevo-renacer.com\/wp-content\/uploads\/2024\/05\/cropped-LOGO-TERMINADO1-3-3.png","width":512,"height":512,"caption":"UFEC"},"image":{"@id":"https:\/\/nuevo-renacer.com\/#\/schema\/logo\/image\/"},"sameAs":["https:\/\/www.facebook.com\/groups\/3431398063740829"]}]}},"uagb_featured_image_src":{"full":false,"thumbnail":false,"medium":false,"medium_large":false,"large":false,"1536x1536":false,"2048x2048":false,"trp-custom-language-flag":false},"uagb_author_info":{"display_name":"adbv0","author_link":"https:\/\/nuevo-renacer.com\/pt\/author\/adbv0\/"},"uagb_comment_info":0,"uagb_excerpt":"Gaetano Donizetti Quien ya se ha familiarizado con la Doctrina Esp\u00edrita codificada por Allan Kardec no se sorprende si alguien afirma que los Esp\u00edritus, al regresar a la Tierra en nuevos cuerpos, una vez alcanzado cierto grado evolutivo, traen consigo tareas que cumplir en los campos moral, religioso, literario, art\u00edstico y cient\u00edfico. Gaetano Donizetti, por&hellip;","jetpack_sharing_enabled":true,"_links":{"self":[{"href":"https:\/\/nuevo-renacer.com\/pt\/wp-json\/wp\/v2\/pages\/8767","targetHints":{"allow":["GET"]}}],"collection":[{"href":"https:\/\/nuevo-renacer.com\/pt\/wp-json\/wp\/v2\/pages"}],"about":[{"href":"https:\/\/nuevo-renacer.com\/pt\/wp-json\/wp\/v2\/types\/page"}],"author":[{"embeddable":true,"href":"https:\/\/nuevo-renacer.com\/pt\/wp-json\/wp\/v2\/users\/1"}],"replies":[{"embeddable":true,"href":"https:\/\/nuevo-renacer.com\/pt\/wp-json\/wp\/v2\/comments?post=8767"}],"version-history":[{"count":1,"href":"https:\/\/nuevo-renacer.com\/pt\/wp-json\/wp\/v2\/pages\/8767\/revisions"}],"predecessor-version":[{"id":8769,"href":"https:\/\/nuevo-renacer.com\/pt\/wp-json\/wp\/v2\/pages\/8767\/revisions\/8769"}],"wp:attachment":[{"href":"https:\/\/nuevo-renacer.com\/pt\/wp-json\/wp\/v2\/media?parent=8767"}],"curies":[{"name":"wp","href":"https:\/\/api.w.org\/{rel}","templated":true}]}}