{"id":8725,"date":"2025-11-28T10:24:40","date_gmt":"2025-11-28T10:24:40","guid":{"rendered":"https:\/\/nuevo-renacer.com\/?page_id=8725"},"modified":"2025-11-28T10:35:39","modified_gmt":"2025-11-28T10:35:39","slug":"anna-rebello-prado","status":"publish","type":"page","link":"https:\/\/nuevo-renacer.com\/pt\/anna-rebello-prado\/","title":{"rendered":"Anna Rebello Prado"},"content":{"rendered":"<div class=\"wp-block-uagb-container uagb-block-c553200f alignfull uagb-is-root-container\"><div class=\"uagb-container-inner-blocks-wrap\">\n<p class=\"has-black-color has-text-color has-link-color has-medium-font-size wp-elements-27d2bc1c421d9f4ebdacdf3fe5d75704\"><strong>Anna Rebello Prado<\/strong><\/p>\n<\/div><\/div>\n\n\n\n<div class=\"wp-block-uagb-container uagb-block-cb1172d5 alignfull uagb-is-root-container\"><div class=\"uagb-container-inner-blocks-wrap\">\n<figure class=\"wp-block-image size-full is-resized\"><img fetchpriority=\"high\" decoding=\"async\" width=\"300\" height=\"399\" src=\"https:\/\/nuevo-renacer.com\/wp-content\/uploads\/2025\/11\/Anna-Prado.jpg\" alt=\"\" class=\"wp-image-8726\" style=\"width:232px;height:auto\" srcset=\"https:\/\/nuevo-renacer.com\/wp-content\/uploads\/2025\/11\/Anna-Prado.jpg 300w, https:\/\/nuevo-renacer.com\/wp-content\/uploads\/2025\/11\/Anna-Prado-226x300.jpg 226w, https:\/\/nuevo-renacer.com\/wp-content\/uploads\/2025\/11\/Anna-Prado-9x12.jpg 9w\" sizes=\"(max-width: 300px) 100vw, 300px\" \/><\/figure>\n<\/div><\/div>\n\n\n\n<div class=\"wp-block-uagb-container uagb-block-53091c46 alignfull uagb-is-root-container\"><div class=\"uagb-container-inner-blocks-wrap\">\n<p class=\"has-black-color has-text-color has-link-color has-small-font-size wp-elements-7605741ff5c154759b9790dc197511b7\">Anna Rebello Prado nasceu, por volta do ano de 1883, em Parintins, Amazonas, ilha fluvial situada \u00e0 margem direita do Baixo Amazonas, descoberta, em 1749, pelo navegador e explorador portugu\u00eas Jos\u00e9 Gon\u00e7alves da Fonseca. A Fam\u00edlia Rebello participou ativamente de v\u00e1rias agremia\u00e7\u00f5es espiritistas na capital amazonense. Os tios maternos de Anna, Emiliano e Jovita, funcion\u00e1rios do servi\u00e7o p\u00fablico federal, se consagraram \u00e0 tarefa difusora do Espiritismo.<\/p>\n\n\n\n<p class=\"has-black-color has-text-color has-link-color has-small-font-size wp-elements-02884d4301348aa86e878dc84c0cc66a\">Emiliano participou da funda\u00e7\u00e3o da Federa\u00e7\u00e3o Esp\u00edrita do Amazonas. A m\u00e3e de Anna,  Ermelinda de Carvalho Rebello, tamb\u00e9m tomou parte nas fileiras do movimento esp\u00edrita amazonense. Assim, embora Anna viesse a professar o catolicismo, podemos concluir, que vivera cercada pelas meridianas luzes do Espiritismo, o que seguramente lhe favoreceu uma s\u00f3lida e elevada forma\u00e7\u00e3o moral e espiritual.<\/p>\n\n\n\n<p class=\"has-black-color has-text-color has-link-color has-small-font-size wp-elements-4817944b6b644225f9b3de9dbb890292\">N\u00e3o h\u00e1 registros sobre sua inf\u00e2ncia e adolesc\u00eancia, que deve ter ocorrido em sua cidade natal, onde se casou no dia 9 de junho de 1901, com o cearense Eur\u00edpedes de Albuquerque Prado. Eur\u00edpedes sempre se preocupou com as quest\u00f5es da imortalidade da alma. Comerciante, jornalista, professor e homem p\u00fablico, ocupou o cargo de Superintendente Municipal de Parintins (atual cargo de prefeito), conheceu a Doutrina Esp\u00edrita atrav\u00e9s do livro O c\u00e9u e o inferno, e se devotou \u00e0s atividades esp\u00edritas em sua cidade.<\/p>\n\n\n\n<div class=\"wp-block-uagb-container uagb-block-fcca011e\">\n<div class=\"wp-block-media-text is-stacked-on-mobile\"><figure class=\"wp-block-media-text__media\"><img decoding=\"async\" width=\"263\" height=\"224\" src=\"https:\/\/nuevo-renacer.com\/wp-content\/uploads\/2025\/11\/1-2.jpg\" alt=\"\" class=\"wp-image-8732 size-full\" srcset=\"https:\/\/nuevo-renacer.com\/wp-content\/uploads\/2025\/11\/1-2.jpg 263w, https:\/\/nuevo-renacer.com\/wp-content\/uploads\/2025\/11\/1-2-14x12.jpg 14w\" sizes=\"(max-width: 263px) 100vw, 263px\" \/><\/figure><div class=\"wp-block-media-text__content\">\n<p class=\"has-black-color has-text-color has-link-color has-small-font-size wp-elements-89ec6a125ca43a8aaa3f2c9e040c3379\">Amostra da escrita direta de Prado.<\/p>\n<\/div><\/div>\n<\/div>\n\n\n\n<p class=\"has-black-color has-text-color has-link-color has-small-font-size wp-elements-85663375d5bdee3f606cd58e31ed5e62\">Mais tarde, o casal, com os filhos Eur\u00eddice, Erat\u00f3sthenes, Antonina e Dinam\u00e9rico, se transferiu para a capital paraense. Conhecendo teoricamente os fen\u00f4menos das mesas girantes e n\u00e3o encontrando no meio esp\u00edrita belenense ades\u00e3o para as experi\u00eancias, Eur\u00edpedes optou por realiz\u00e1-las em sua pr\u00f3pria casa. Anna, refrat\u00e1ria, n\u00e3o participou das primeiras reuni\u00f5es, realizadas pelo marido e os dois filhos mais velhos, sempre alegando afazeres dom\u00e9sticos ou descren\u00e7a.<\/p>\n\n\n\n<p class=\"has-black-color has-text-color has-link-color has-small-font-size wp-elements-037f03de4ac64dca8e2a8cfc19c859b4\">Finalmente, numa tarde de domingo, tomada de surpresa, n\u00e3o teve como se esquivar e participou da reuni\u00e3o. Os primeiros fen\u00f4menos registrados foram em torno da mesa, que apresentou estalidos, violentos abalos. Depois, foi a tiptologia,  arremesso de objetos ao solo, transporte de uma flor do jardim para a mesa da casa. Seguiram-se as materializa\u00e7\u00f5es em plena obscuridade, apenas percept\u00edveis pelo tato,(...); gradualmente, da obscuridade plena, passou-se a uma luz muito t\u00eanue e de materializa\u00e7\u00f5es de membros esparsos - um bra\u00e7o, m\u00e3os, etc - ao aparecimento de vultos perfeitos e at\u00e9 ao reconhecimento dos mesmos por parte dos parentes.<\/p>\n\n\n\n<p class=\"has-black-color has-text-color has-link-color has-small-font-size wp-elements-f586aa081b96f72a0e7c803c834ee6f7\">As faculdades medi\u00fanicas de Anna tiveram r\u00e1pido desenvolvimento. Do interior do lar, alcan\u00e7aram o dom\u00ednio p\u00fablico, ultrapassou as fronteiras do estado do Par\u00e1 e, pouco depois, tamb\u00e9m as fronteiras do pa\u00eds e do continente americano, sendo noticiados na Fran\u00e7a e Alemanha. Ela sofreu toda sorte de tribula\u00e7\u00f5es. O preconceito da \u00e9poca a difamou, perseguiu, atacando-a de v\u00e1rias formas. Foi acusada publicamente de comediante e se sujeitou a provas rudes, como a ser encerrada em uma gaiola de ferro, durante o transe, para provar a verdade dos fen\u00f4menos que provocava: tiptologia, batidas e ru\u00eddos, levita\u00e7\u00e3o de objetos, escrita direta, sonambulismo, transporte, desdobramento, desmaterializa\u00e7\u00e3o, aparecimento de luzes espirituais, psicofonia, audi\u00eancia.<\/p>\n\n\n\n<p class=\"has-black-color has-text-color has-link-color has-small-font-size wp-elements-a7b9a90cd590d7e3d5b86c6c53cd5a26\">Tudo foi fartamente documentado, com atas e fotos. Estando em Bel\u00e9m, em processo sonamb\u00falico, ela visita a fam\u00edlia e parentela corporal, em Parintins, revelando fatos de intranquilidade ali vivida, todos confirmados em missivas posteriores, pelos pr\u00f3prios visitados. As materializa\u00e7\u00f5es, registre-se, eram de mais de um Esp\u00edrito, ao mesmo tempo. Certa feita, com inc\u00f4modo abscesso na boca, a pr\u00f3pria m\u00e9dium foi operada, em transe, por Esp\u00edrito de m\u00e9dico materializado. Em uma das sess\u00f5es, no dia 27 de outubro de 1922, materializa-se o Esp\u00edrito Maria Alva, que traz uma \u00e9charpe que, \u00e0 vista de todos, transforma em uma cesta de vime e, depois, em uma bandeja cheia de flores.<\/p>\n\n\n\n<p class=\"has-black-color has-text-color has-link-color has-small-font-size wp-elements-10415d6e14efb71c2a6fd5620272d616\">Outro extraordin\u00e1rio fen\u00f4meno foi o registrado como das flores secas. Em 25 de janeiro de 1920, o Coronel Simpl\u00edcio Costa havia entregue ao Esp\u00edrito materializado Jo\u00e3o algumas flores, que lhe foram devolvidas secas, pelo mesmo Esp\u00edrito, em outra  sess\u00e3o, quatorze meses depois. Jo\u00e3o, diga-se, era o Esp\u00edrito orientador da produ\u00e7\u00e3o medi\u00fanica de Anna Prado. Tratava-se de seu tio materno, Felismino Olympio de Carvalho Rebello. Ciente da interessante fenomenologia, produzida pela m\u00e9dium Francisca Jatahy, a psicografia cut\u00e2nea, Anna Prado pediu ao Esp\u00edrito Jo\u00e3o que tentasse id\u00eantica experi\u00eancia.<\/p>\n\n\n\n<p class=\"has-black-color has-text-color has-link-color has-small-font-size wp-elements-1f11fb998d8690f97f68404e045e68d8\">Ele n\u00e3o se fez de rogado. Escreveu nos bra\u00e7os da m\u00e9dium: Deus e Jo\u00e3o, fato que foi publicado na Revista Reformador, da Federa\u00e7\u00e3o Esp\u00edrita Brasileira - FEB, de 1\u00ba de novembro de 1921. Tamb\u00e9m provocou Anna a germina\u00e7\u00e3o, em uma sess\u00e3o de trinta minutos, de sementes de eucalipto, vindas do Rio de Janeiro. Durante o desenvolvimento de sua tarefa medi\u00fanica, Anna Prado ofereceu in\u00fameras provas da veracidade dos fen\u00f4menos:<\/p>\n\n\n\n<p class=\"has-black-color has-text-color has-link-color has-small-font-size wp-elements-a2d0f73723de60ddccde6ce23deb377d\">Annita (menina de seus treze anos), sempre que se materializava, costumava produzir bel\u00edssimas flores em parafina; Jo\u00e3o, materializado, executou v\u00e1rios moldes de seus p\u00e9s e m\u00e3os em parafina, inclusive, molde da sua m\u00e3o, com os dedos fechados; Rachel Figner, cujas materializa\u00e7\u00f5es atingiram alt\u00edssima perfei\u00e7\u00e3o, realizou not\u00e1veis trabalhos em parafina. Anna Prado, depois de cinco anos de intensa produ\u00e7\u00e3o medi\u00fanica, regressou triunfante \u00e0 vida espiritual. Sofreu um acidente, em sua casa, com fog\u00e3o a \u00e1lcool. O \u00f3bito, registrado a 23 de abril de 1923, deu como causa da morte colapso consecutivo a queimadura extensa do corpo sobressaindo as partes abdominais.<\/p>\n\n\n\n<div class=\"wp-block-uagb-container uagb-block-3ce682eb\">\n<div class=\"wp-block-media-text is-stacked-on-mobile\"><figure class=\"wp-block-media-text__media\"><img decoding=\"async\" width=\"263\" height=\"420\" src=\"https:\/\/nuevo-renacer.com\/wp-content\/uploads\/2025\/11\/2.jpg\" alt=\"\" class=\"wp-image-8734 size-full\" srcset=\"https:\/\/nuevo-renacer.com\/wp-content\/uploads\/2025\/11\/2.jpg 263w, https:\/\/nuevo-renacer.com\/wp-content\/uploads\/2025\/11\/2-188x300.jpg 188w, https:\/\/nuevo-renacer.com\/wp-content\/uploads\/2025\/11\/2-8x12.jpg 8w\" sizes=\"(max-width: 263px) 100vw, 263px\" \/><\/figure><div class=\"wp-block-media-text__content\">\n<p class=\"has-black-color has-text-color has-link-color has-small-font-size wp-elements-4e04c8456789338ead36b82ff1f3e923\">Objetos materializados em gesso que foram capturados em moldes de cera de parafina: uma m\u00e3o, uma flor e len\u00e7os dos modelos que, segundo se diz, foram amarrados por Jo\u00e3o.<\/p>\n<\/div><\/div>\n<\/div>\n\n\n\n<p class=\"has-black-color has-text-color has-link-color has-small-font-size wp-elements-1828e80961102d5a7d3ba0f6f7219a7e\">Sua morte foi amplamente noticiada em peri\u00f3dicos esp\u00edritas do Brasil e pela Revue Spirite. Ela tinha apenas trinta e nove anos de idade. Francisco C\u00e2ndido Xavier a ela se referiu no programa Pinga-Fogo, da TV Tupi\/SP, em 28 de julho de 1971, como a respons\u00e1vel por fen\u00f4menos de materializa\u00e7\u00e3o dos mais leg\u00edtimos. E, mais de tr\u00eas d\u00e9cadas depois de sua morte, ela retornou por meio da pena do medium mineiro (24.2.1955), e trouxe uma mensagem interessante intitulada Observa\u00e7\u00e3o oportuna, publicada no livro Instru\u00e7\u00f5es psicof\u00f4nicas (ed. FEB).<\/p>\n<\/div><\/div>\n\n\n\n<div class=\"wp-block-uagb-container uagb-block-e057f6ff alignfull uagb-is-root-container\"><div class=\"uagb-container-inner-blocks-wrap\"><\/div><\/div>\n\n\n\n<div class=\"wp-block-uagb-container uagb-block-0c34aff3 alignfull uagb-is-root-container\"><div class=\"uagb-container-inner-blocks-wrap\"><\/div><\/div>","protected":false},"excerpt":{"rendered":"<p>Anna Rebello Prado Anna Rebello Prado naci\u00f3 alrededor del a\u00f1o 1883 en Parintins, Amazonas, una isla fluvial situada en la margen derecha del Bajo Amazonas, descubierta en 1749 por el navegante y explorador portugu\u00e9s Jos\u00e9 Gon\u00e7alves da Fonseca. La familia Rebello particip\u00f3 activamente en varias asociaciones espiritistas de la capital amaz\u00f3nica. Los t\u00edos maternos de [&hellip;]<\/p>","protected":false},"author":1,"featured_media":0,"parent":0,"menu_order":0,"comment_status":"closed","ping_status":"closed","template":"","meta":{"_uag_custom_page_level_css":"","site-sidebar-layout":"default","site-content-layout":"","ast-site-content-layout":"default","site-content-style":"default","site-sidebar-style":"default","ast-global-header-display":"","ast-banner-title-visibility":"","ast-main-header-display":"","ast-hfb-above-header-display":"","ast-hfb-below-header-display":"","ast-hfb-mobile-header-display":"","site-post-title":"disabled","ast-breadcrumbs-content":"","ast-featured-img":"","footer-sml-layout":"","theme-transparent-header-meta":"","adv-header-id-meta":"","stick-header-meta":"","header-above-stick-meta":"","header-main-stick-meta":"","header-below-stick-meta":"","astra-migrate-meta-layouts":"set","ast-page-background-enabled":"default","ast-page-background-meta":{"desktop":{"background-color":"var(--ast-global-color-4)","background-image":"","background-repeat":"repeat","background-position":"center center","background-size":"auto","background-attachment":"scroll","background-type":"","background-media":"","overlay-type":"","overlay-color":"","overlay-opacity":"","overlay-gradient":""},"tablet":{"background-color":"","background-image":"","background-repeat":"repeat","background-position":"center center","background-size":"auto","background-attachment":"scroll","background-type":"","background-media":"","overlay-type":"","overlay-color":"","overlay-opacity":"","overlay-gradient":""},"mobile":{"background-color":"","background-image":"","background-repeat":"repeat","background-position":"center center","background-size":"auto","background-attachment":"scroll","background-type":"","background-media":"","overlay-type":"","overlay-color":"","overlay-opacity":"","overlay-gradient":""}},"ast-content-background-meta":{"desktop":{"background-color":"var(--ast-global-color-5)","background-image":"","background-repeat":"repeat","background-position":"center center","background-size":"auto","background-attachment":"scroll","background-type":"","background-media":"","overlay-type":"","overlay-color":"","overlay-opacity":"","overlay-gradient":""},"tablet":{"background-color":"var(--ast-global-color-5)","background-image":"","background-repeat":"repeat","background-position":"center center","background-size":"auto","background-attachment":"scroll","background-type":"","background-media":"","overlay-type":"","overlay-color":"","overlay-opacity":"","overlay-gradient":""},"mobile":{"background-color":"var(--ast-global-color-5)","background-image":"","background-repeat":"repeat","background-position":"center center","background-size":"auto","background-attachment":"scroll","background-type":"","background-media":"","overlay-type":"","overlay-color":"","overlay-opacity":"","overlay-gradient":""}},"footnotes":""},"class_list":["post-8725","page","type-page","status-publish","hentry"],"yoast_head":"<!-- This site is optimized with the Yoast SEO Premium plugin v24.2 (Yoast SEO v24.6) - https:\/\/yoast.com\/wordpress\/plugins\/seo\/ -->\n<title>Anna Rebello Prado - Uni\u00f3n Esp\u00edrita<\/title>\n<meta name=\"robots\" content=\"index, follow, max-snippet:-1, max-image-preview:large, max-video-preview:-1\" \/>\n<link rel=\"canonical\" href=\"https:\/\/nuevo-renacer.com\/pt\/anna-rebello-prado\/\" \/>\n<meta property=\"og:locale\" content=\"pt_BR\" \/>\n<meta property=\"og:type\" content=\"article\" \/>\n<meta property=\"og:title\" content=\"Anna Rebello Prado\" \/>\n<meta property=\"og:description\" content=\"Anna Rebello Prado Anna Rebello Prado naci\u00f3 alrededor del a\u00f1o 1883 en Parintins, Amazonas, una isla fluvial situada en la margen derecha del Bajo Amazonas, descubierta en 1749 por el navegante y explorador portugu\u00e9s Jos\u00e9 Gon\u00e7alves da Fonseca. La familia Rebello particip\u00f3 activamente en varias asociaciones espiritistas de la capital amaz\u00f3nica. Los t\u00edos maternos de [&hellip;]\" \/>\n<meta property=\"og:url\" content=\"https:\/\/nuevo-renacer.com\/pt\/anna-rebello-prado\/\" \/>\n<meta property=\"og:site_name\" content=\"Uni\u00f3n Esp\u00edrita\" \/>\n<meta property=\"article:publisher\" content=\"https:\/\/www.facebook.com\/groups\/3431398063740829\" \/>\n<meta property=\"article:modified_time\" content=\"2025-11-28T10:35:39+00:00\" \/>\n<meta property=\"og:image\" content=\"https:\/\/nuevo-renacer.com\/wp-content\/uploads\/2025\/11\/Anna-Prado.jpg\" \/>\n\t<meta property=\"og:image:width\" content=\"300\" \/>\n\t<meta property=\"og:image:height\" content=\"399\" \/>\n\t<meta property=\"og:image:type\" content=\"image\/jpeg\" \/>\n<meta name=\"twitter:card\" content=\"summary_large_image\" \/>\n<meta name=\"twitter:label1\" content=\"Est. tempo de leitura\" \/>\n\t<meta name=\"twitter:data1\" content=\"7 minutos\" \/>\n<script type=\"application\/ld+json\" class=\"yoast-schema-graph\">{\"@context\":\"https:\/\/schema.org\",\"@graph\":[{\"@type\":\"WebPage\",\"@id\":\"https:\/\/nuevo-renacer.com\/anna-rebello-prado\/\",\"url\":\"https:\/\/nuevo-renacer.com\/anna-rebello-prado\/\",\"name\":\"Anna Rebello Prado - Uni\u00f3n Esp\u00edrita\",\"isPartOf\":{\"@id\":\"https:\/\/nuevo-renacer.com\/#website\"},\"primaryImageOfPage\":{\"@id\":\"https:\/\/nuevo-renacer.com\/anna-rebello-prado\/#primaryimage\"},\"image\":{\"@id\":\"https:\/\/nuevo-renacer.com\/anna-rebello-prado\/#primaryimage\"},\"thumbnailUrl\":\"https:\/\/nuevo-renacer.com\/wp-content\/uploads\/2025\/11\/Anna-Prado.jpg\",\"datePublished\":\"2025-11-28T10:24:40+00:00\",\"dateModified\":\"2025-11-28T10:35:39+00:00\",\"breadcrumb\":{\"@id\":\"https:\/\/nuevo-renacer.com\/anna-rebello-prado\/#breadcrumb\"},\"inLanguage\":\"pt-BR\",\"potentialAction\":[{\"@type\":\"ReadAction\",\"target\":[\"https:\/\/nuevo-renacer.com\/anna-rebello-prado\/\"]}]},{\"@type\":\"ImageObject\",\"inLanguage\":\"pt-BR\",\"@id\":\"https:\/\/nuevo-renacer.com\/anna-rebello-prado\/#primaryimage\",\"url\":\"https:\/\/nuevo-renacer.com\/wp-content\/uploads\/2025\/11\/Anna-Prado.jpg\",\"contentUrl\":\"https:\/\/nuevo-renacer.com\/wp-content\/uploads\/2025\/11\/Anna-Prado.jpg\"},{\"@type\":\"BreadcrumbList\",\"@id\":\"https:\/\/nuevo-renacer.com\/anna-rebello-prado\/#breadcrumb\",\"itemListElement\":[{\"@type\":\"ListItem\",\"position\":1,\"name\":\"Startseite\",\"item\":\"https:\/\/nuevo-renacer.com\/\"},{\"@type\":\"ListItem\",\"position\":2,\"name\":\"Anna Rebello Prado\"}]},{\"@type\":\"WebSite\",\"@id\":\"https:\/\/nuevo-renacer.com\/#website\",\"url\":\"https:\/\/nuevo-renacer.com\/\",\"name\":\"Uni\u00f3n Esp\u00edrita\",\"description\":\"Nuevo Renacer\",\"publisher\":{\"@id\":\"https:\/\/nuevo-renacer.com\/#organization\"},\"potentialAction\":[{\"@type\":\"SearchAction\",\"target\":{\"@type\":\"EntryPoint\",\"urlTemplate\":\"https:\/\/nuevo-renacer.com\/?s={search_term_string}\"},\"query-input\":{\"@type\":\"PropertyValueSpecification\",\"valueRequired\":true,\"valueName\":\"search_term_string\"}}],\"inLanguage\":\"pt-BR\"},{\"@type\":\"Organization\",\"@id\":\"https:\/\/nuevo-renacer.com\/#organization\",\"name\":\"UFEC\",\"url\":\"https:\/\/nuevo-renacer.com\/\",\"logo\":{\"@type\":\"ImageObject\",\"inLanguage\":\"pt-BR\",\"@id\":\"https:\/\/nuevo-renacer.com\/#\/schema\/logo\/image\/\",\"url\":\"https:\/\/nuevo-renacer.com\/wp-content\/uploads\/2024\/05\/cropped-LOGO-TERMINADO1-3-3.png\",\"contentUrl\":\"https:\/\/nuevo-renacer.com\/wp-content\/uploads\/2024\/05\/cropped-LOGO-TERMINADO1-3-3.png\",\"width\":512,\"height\":512,\"caption\":\"UFEC\"},\"image\":{\"@id\":\"https:\/\/nuevo-renacer.com\/#\/schema\/logo\/image\/\"},\"sameAs\":[\"https:\/\/www.facebook.com\/groups\/3431398063740829\"]}]}<\/script>\n<!-- \/ Yoast SEO Premium plugin. -->","yoast_head_json":{"title":"Anna Rebello Prado - Uni\u00f3n Esp\u00edrita","robots":{"index":"index","follow":"follow","max-snippet":"max-snippet:-1","max-image-preview":"max-image-preview:large","max-video-preview":"max-video-preview:-1"},"canonical":"https:\/\/nuevo-renacer.com\/pt\/anna-rebello-prado\/","og_locale":"pt_BR","og_type":"article","og_title":"Anna Rebello Prado","og_description":"Anna Rebello Prado Anna Rebello Prado naci\u00f3 alrededor del a\u00f1o 1883 en Parintins, Amazonas, una isla fluvial situada en la margen derecha del Bajo Amazonas, descubierta en 1749 por el navegante y explorador portugu\u00e9s Jos\u00e9 Gon\u00e7alves da Fonseca. La familia Rebello particip\u00f3 activamente en varias asociaciones espiritistas de la capital amaz\u00f3nica. Los t\u00edos maternos de [&hellip;]","og_url":"https:\/\/nuevo-renacer.com\/pt\/anna-rebello-prado\/","og_site_name":"Uni\u00f3n Esp\u00edrita","article_publisher":"https:\/\/www.facebook.com\/groups\/3431398063740829","article_modified_time":"2025-11-28T10:35:39+00:00","og_image":[{"width":300,"height":399,"url":"https:\/\/nuevo-renacer.com\/wp-content\/uploads\/2025\/11\/Anna-Prado.jpg","type":"image\/jpeg"}],"twitter_card":"summary_large_image","twitter_misc":{"Est. tempo de leitura":"7 minutos"},"schema":{"@context":"https:\/\/schema.org","@graph":[{"@type":"WebPage","@id":"https:\/\/nuevo-renacer.com\/anna-rebello-prado\/","url":"https:\/\/nuevo-renacer.com\/anna-rebello-prado\/","name":"Anna Rebello Prado - Uni\u00f3n Esp\u00edrita","isPartOf":{"@id":"https:\/\/nuevo-renacer.com\/#website"},"primaryImageOfPage":{"@id":"https:\/\/nuevo-renacer.com\/anna-rebello-prado\/#primaryimage"},"image":{"@id":"https:\/\/nuevo-renacer.com\/anna-rebello-prado\/#primaryimage"},"thumbnailUrl":"https:\/\/nuevo-renacer.com\/wp-content\/uploads\/2025\/11\/Anna-Prado.jpg","datePublished":"2025-11-28T10:24:40+00:00","dateModified":"2025-11-28T10:35:39+00:00","breadcrumb":{"@id":"https:\/\/nuevo-renacer.com\/anna-rebello-prado\/#breadcrumb"},"inLanguage":"pt-BR","potentialAction":[{"@type":"ReadAction","target":["https:\/\/nuevo-renacer.com\/anna-rebello-prado\/"]}]},{"@type":"ImageObject","inLanguage":"pt-BR","@id":"https:\/\/nuevo-renacer.com\/anna-rebello-prado\/#primaryimage","url":"https:\/\/nuevo-renacer.com\/wp-content\/uploads\/2025\/11\/Anna-Prado.jpg","contentUrl":"https:\/\/nuevo-renacer.com\/wp-content\/uploads\/2025\/11\/Anna-Prado.jpg"},{"@type":"BreadcrumbList","@id":"https:\/\/nuevo-renacer.com\/anna-rebello-prado\/#breadcrumb","itemListElement":[{"@type":"ListItem","position":1,"name":"Startseite","item":"https:\/\/nuevo-renacer.com\/"},{"@type":"ListItem","position":2,"name":"Anna Rebello Prado"}]},{"@type":"WebSite","@id":"https:\/\/nuevo-renacer.com\/#website","url":"https:\/\/nuevo-renacer.com\/","name":"Uni\u00f3n Esp\u00edrita","description":"Nuevo Renacer","publisher":{"@id":"https:\/\/nuevo-renacer.com\/#organization"},"potentialAction":[{"@type":"SearchAction","target":{"@type":"EntryPoint","urlTemplate":"https:\/\/nuevo-renacer.com\/?s={search_term_string}"},"query-input":{"@type":"PropertyValueSpecification","valueRequired":true,"valueName":"search_term_string"}}],"inLanguage":"pt-BR"},{"@type":"Organization","@id":"https:\/\/nuevo-renacer.com\/#organization","name":"UFEC","url":"https:\/\/nuevo-renacer.com\/","logo":{"@type":"ImageObject","inLanguage":"pt-BR","@id":"https:\/\/nuevo-renacer.com\/#\/schema\/logo\/image\/","url":"https:\/\/nuevo-renacer.com\/wp-content\/uploads\/2024\/05\/cropped-LOGO-TERMINADO1-3-3.png","contentUrl":"https:\/\/nuevo-renacer.com\/wp-content\/uploads\/2024\/05\/cropped-LOGO-TERMINADO1-3-3.png","width":512,"height":512,"caption":"UFEC"},"image":{"@id":"https:\/\/nuevo-renacer.com\/#\/schema\/logo\/image\/"},"sameAs":["https:\/\/www.facebook.com\/groups\/3431398063740829"]}]}},"uagb_featured_image_src":{"full":false,"thumbnail":false,"medium":false,"medium_large":false,"large":false,"1536x1536":false,"2048x2048":false,"trp-custom-language-flag":false},"uagb_author_info":{"display_name":"adbv0","author_link":"https:\/\/nuevo-renacer.com\/pt\/author\/adbv0\/"},"uagb_comment_info":0,"uagb_excerpt":"Anna Rebello Prado Anna Rebello Prado naci\u00f3 alrededor del a\u00f1o 1883 en Parintins, Amazonas, una isla fluvial situada en la margen derecha del Bajo Amazonas, descubierta en 1749 por el navegante y explorador portugu\u00e9s Jos\u00e9 Gon\u00e7alves da Fonseca. La familia Rebello particip\u00f3 activamente en varias asociaciones espiritistas de la capital amaz\u00f3nica. Los t\u00edos maternos de&hellip;","jetpack_sharing_enabled":true,"_links":{"self":[{"href":"https:\/\/nuevo-renacer.com\/pt\/wp-json\/wp\/v2\/pages\/8725","targetHints":{"allow":["GET"]}}],"collection":[{"href":"https:\/\/nuevo-renacer.com\/pt\/wp-json\/wp\/v2\/pages"}],"about":[{"href":"https:\/\/nuevo-renacer.com\/pt\/wp-json\/wp\/v2\/types\/page"}],"author":[{"embeddable":true,"href":"https:\/\/nuevo-renacer.com\/pt\/wp-json\/wp\/v2\/users\/1"}],"replies":[{"embeddable":true,"href":"https:\/\/nuevo-renacer.com\/pt\/wp-json\/wp\/v2\/comments?post=8725"}],"version-history":[{"count":3,"href":"https:\/\/nuevo-renacer.com\/pt\/wp-json\/wp\/v2\/pages\/8725\/revisions"}],"predecessor-version":[{"id":8735,"href":"https:\/\/nuevo-renacer.com\/pt\/wp-json\/wp\/v2\/pages\/8725\/revisions\/8735"}],"wp:attachment":[{"href":"https:\/\/nuevo-renacer.com\/pt\/wp-json\/wp\/v2\/media?parent=8725"}],"curies":[{"name":"wp","href":"https:\/\/api.w.org\/{rel}","templated":true}]}}