{"id":8633,"date":"2025-11-06T17:59:29","date_gmt":"2025-11-06T17:59:29","guid":{"rendered":"https:\/\/nuevo-renacer.com\/?page_id=8633"},"modified":"2025-11-06T17:59:32","modified_gmt":"2025-11-06T17:59:32","slug":"ernestina-ferreira-dos-santos","status":"publish","type":"page","link":"https:\/\/nuevo-renacer.com\/pt\/ernestina-ferreira-dos-santos\/","title":{"rendered":"Ernestina Ferreira dos Santos"},"content":{"rendered":"<div class=\"wp-block-uagb-container uagb-block-e8c7a7f2 alignfull uagb-is-root-container\"><div class=\"uagb-container-inner-blocks-wrap\">\n<p class=\"has-black-color has-text-color has-link-color has-medium-font-size wp-elements-76ad31f37335e8219fe730facb493819\"><strong>Ernestina Ferreira dos Santos<\/strong><\/p>\n<\/div><\/div>\n\n\n\n<div class=\"wp-block-uagb-container uagb-block-910e5d20 alignfull uagb-is-root-container\"><div class=\"uagb-container-inner-blocks-wrap\">\n<figure class=\"wp-block-image size-full is-resized\"><img fetchpriority=\"high\" decoding=\"async\" width=\"572\" height=\"542\" src=\"https:\/\/nuevo-renacer.com\/wp-content\/uploads\/2025\/11\/WhatsApp-Image-2025-11-06-at-18.57.38.jpeg\" alt=\"\" class=\"wp-image-8634\" style=\"width:364px;height:auto\" srcset=\"https:\/\/nuevo-renacer.com\/wp-content\/uploads\/2025\/11\/WhatsApp-Image-2025-11-06-at-18.57.38.jpeg 572w, https:\/\/nuevo-renacer.com\/wp-content\/uploads\/2025\/11\/WhatsApp-Image-2025-11-06-at-18.57.38-300x284.jpeg 300w, https:\/\/nuevo-renacer.com\/wp-content\/uploads\/2025\/11\/WhatsApp-Image-2025-11-06-at-18.57.38-13x12.jpeg 13w\" sizes=\"(max-width: 572px) 100vw, 572px\" \/><\/figure>\n<\/div><\/div>\n\n\n\n<div class=\"wp-block-uagb-container uagb-block-60d5e8b8 alignfull uagb-is-root-container\"><div class=\"uagb-container-inner-blocks-wrap\">\n<p class=\"has-black-color has-text-color has-link-color has-small-font-size wp-elements-0734009c99defdb14ccb11b8e7aee153\">Nasceu no dia 1\u00ba de janeiro de 1879, no Rio de Janeiro; e desencarnou no dia 16 de novembro de 1953, na mesma cidade. Era filha de Aristides Gon\u00e7alves Ferreira e D. Augusta Dias Ferreira. Pequenina perdeu o seu pai, ficando aos cuidados de sua boa e dedicada genitora, que lhe deu esmerada educa\u00e7\u00e3o. Muito franzina, de sa\u00fade delicada, aos cinco anos de idade foi acometida de forte dor na perna esquerda; era o in\u00edcio de porose \u00f3ssea, que lhe desarticulou o quadril. Depois de uma s\u00e9rie de opera\u00e7\u00f5es doloros\u00edssimas, teve que amputar a cabe\u00e7a do f\u00eamur, ficando com uma perna mais curta, valendo-lhe anos de intenso mart\u00edrio; suas dores eram tamanhas que s\u00f3 se podia penetrar no seu quarto nas pontas dos p\u00e9s, para evitar-lhe perturba\u00e7\u00f5es.<\/p>\n\n\n\n<p class=\"has-black-color has-text-color has-link-color has-small-font-size wp-elements-674fb24450819c0f6d121a6c49c8b902\">Assim, chegou \u00e0 juventude nesse mart\u00edrio constante. Rebelou-se com a religi\u00e3o de seus pais, o catolicismo professado por toda a fam\u00edlia. Argumentava ent\u00e3o: \"Eu sinto eu Deus existe, por\u00e9m n\u00e3o como O apresentam. Porque eu que nunca fiz mal a ningu\u00e9m, sofro tanto, enquanto tanta gente perversa tem sa\u00fade e vive feliz?\" O seu av\u00f4, que lhe queria muito bem, ficava horrorizado com esse seu pensamento, dizendo: \"Vamos rezar, gente, que nossa Nen\u00ea est\u00e1 sendo tentada pelo diabo\". Sua m\u00e3e, professora, vi\u00fava, pobre e cheia de filhos, foi transferida para Jacarepagu\u00e1. L\u00e1 conheceu um casal de fazendeiros, pais de nove filhos, casando-se um deles com sua filha mais velha, da\u00ed nascendo um romance de outro filho do casal, com Ernestina, sem esperan\u00e7a de se realizar o enlace em virtude da precariedade de seu estado de sa\u00fade.<\/p>\n\n\n\n<p class=\"has-black-color has-text-color has-link-color has-small-font-size wp-elements-d57f1d565a04e6b80e963096eb312efd\">Ign\u00e1cio Barbosa dos Santos, dois anos mais velho que Ernestina, apaixonou-se pela sua candura. Era de \u00edndole boa e amorosa e passou a ser seu par constante, acompanhando-a sem desanimar, apesar de sua enfermidade e de seu estado de fraqueza. Com 17 anos, tendo sofrido sete opera\u00e7\u00f5es na perna, andava com dificuldade, com dores atrozes. Mesmo assim, ambos se sentiam cada vez mais apaixonados. Por certo eram esp\u00edritos compromissados que se reencontravam.<\/p>\n\n\n\n<p class=\"has-black-color has-text-color has-link-color has-small-font-size wp-elements-92b0a23bda1697edb630b03b0c9b1615\">Devido \u00e0 sua enfermidade, foi levada a procurar um curador de nome Eduardo Silva, em S\u00e3o Paulo, o qual, embora n\u00e3o sendo espirita, era dotado de faculdades medi\u00fanicas. Nessa \u00e9poca um primo seu presenteou-a com um exemplar de \"O Evangelho segundo o Espiritismo\". No decurso da viagem ela leu o livro e sentiu que um novo horizonte se descortinou a seus olhos. Nessa \u00e9poca, quando Eduardo Silva imp\u00f4s suas m\u00e3os sobre ela, fez com que sentisse grande melhora em seu estado f\u00edsico; no hotel ela notou que suas vestes estavam molhadas com uma secre\u00e7\u00e3o. Com novas aplica\u00e7\u00f5es de passes, suas dores desapareceram por completo.<\/p>\n\n\n\n<p class=\"has-black-color has-text-color has-link-color has-small-font-size wp-elements-d1774cea76db806c0d4d38e624aadfe6\">Sentindo-se curada, dois anos depois consentiu no casamento, tornando-se esposa e m\u00e3e. O seu esposo tornou-se enfermeiro desvelado, com profundo sentimento de prote\u00e7\u00e3o para o seu defeito f\u00edsico. Anos depois de casados, a mol\u00e9stia tornou a manifestar-se. O m\u00e9dico aconselhou uma interven\u00e7\u00e3o cir\u00fargica, por\u00e9m, surgiu em seu caminho um cidad\u00e3o que professava o Espiritismo, o qual lhe sugeriu a aplica\u00e7\u00e3o de passes, recomenda\u00e7\u00e3o que ela recebeu com intensa alegria. Nessa \u00e9poca teve a oportunidade de desenvolver a sua mediunidade, dando passividade a um Esp\u00edrito de nome Ester que, remontando \u00e0s vidas pret\u00e9ritas, revelou-lhe as causas do seu sofrimento. Logo em seguida o m\u00e9dico constatou que ela estava radicalmente curada.<\/p>\n\n\n\n<p class=\"has-black-color has-text-color has-link-color has-small-font-size wp-elements-b6c69adc7ff5de46ae913281798dee8b\">Integrando-se no Espiritismo, ela e seu esposo fundaram no pr\u00f3prio lar o \"Grupo Esp\u00edrita Cultivadores da Verdade\", que funcionou algum tempo sob a dire\u00e7\u00e3o do Sr. Serr\u00e3o, um amigo da fam\u00edlia, tendo posteriormente assumido a sua dire\u00e7\u00e3o o famoso m\u00e9dium In\u00e1cio Bittencourt. Foi ent\u00e3o criado o \"P\u00e3o dos Pobres\", uma forma de assist\u00eancia aos necessitados, tendo Ernestina muitas vezes subido os morros, com a ajuda de um garoto, a fim de praticar a sua tarefa assistencial. Nessa \u00e9poca o seu esposo sofreu um rev\u00e9s financeiro, tendo que liquidar a sua firma. Ernestina fez um concurso na Escola Normal, diplomando-se professora, passando a ajudar o esposo, at\u00e9 que a vida do casal se normalizasse. A sua aspira\u00e7\u00e3o primacial consistia em fundar uma casa para abrigar crian\u00e7as desamparadas, por\u00e9m n\u00e3o via possibilidades para isso, pois as disponibilidades eram diminutas; as pessoas que freq\u00fcentavam o Grupo eram bastante modestas e pobres. Teresa de Jesus, que se comunicava por seu interm\u00e9dio, anunciava que, daquela pequenina associa\u00e7\u00e3o de P\u00e3o aos Necessitados, se desenvolveria grande Casa de Caridade, em futuro muito pr\u00f3ximo.<\/p>\n\n\n\n<p class=\"has-black-color has-text-color has-link-color has-small-font-size wp-elements-96fd7e41969f500a9f06c1c2474bc599\">No dia 31 de dezembro de 1918, tudo estava pronto para a distribui\u00e7\u00e3o no dia seguinte: os pacotes de g\u00eaneros, os cortes de fazenda, roupinhas, brinquedos e at\u00e9 dinheiro em envelope, quando algu\u00e9m bate \u00e0 porta, entregando uma lista com a import\u00e2ncia de novecentos e trinta mil r\u00e9is, uma fortuna naquela \u00e9poca. Que fazer com aquele dinheiro todo? Pensou Ernestina, e guardou-o para posterior delibera\u00e7\u00e3o. No dia seguinte, 1\u00ba de janeiro de 1919, fez-se a distribui\u00e7\u00e3o habitual. Era Quarta-feira e, naquela noite, realizou-se a sess\u00e3o. No final, como de costume veio a comunica\u00e7\u00e3o de Teresa de Jesus, dizendo: \"O dinheiro que entrou \u00e0 \u00faltima hora \u00e9 a semente para a Casa de Caridade que venho anunciando. Ser\u00e1 para as criancinhas mais pobres que encontrardes. Trabalhai, que eu vos ajudarei\".<\/p>\n\n\n\n<p class=\"has-black-color has-text-color has-link-color has-small-font-size wp-elements-d5c500445b95ac134515c35a598dbcb5\">A alegria foi geral. No mesmo instante, lavrou-se a ata da funda\u00e7\u00e3o e os presentes inscreveram-se como s\u00f3cios fundadores. A primeira diretoria do Abrigo \"Teresa de Jesus\" ficou assim constitu\u00edda: Presidente, Ign\u00e1cio Bittencourt; Vice-Presidente, Raul Salgado Zenha; Diretora, Ernestina F. dos Santos; Vice-Diretor, Manoel Santos; Tesoureiro, Ant\u00f4nio Batista Coelho; Vice-Tesoureiro, Samuel Caldas; Secret\u00e1rio, Oct\u00e1vio Pereira Legey; Vice-Secret\u00e1rio, Alexandre Dyott Fontenelle; e Procurador, Jo\u00e3o Esberard. A sua abnega\u00e7\u00e3o e o seu esp\u00edrito de trabalho, junto \u00e0s crian\u00e7as e aos necessitados, sua alma caridosa e sua bondade personificada valeram-lhe, em 1951, o Diploma e a Medalha de \"Honra ao M\u00e9rito\", outorgados pela R\u00e1dio Nacional, num programa dirigido pelo Dr. Paulo Roberto, destinado a agraciar aqueles que se sobressa\u00edssem pelos benef\u00edcios prestados em causas humanit\u00e1rias.<\/p>\n\n\n\n<p class=\"has-black-color has-text-color has-link-color has-small-font-size wp-elements-5bf95c24c206c544f3e12d0125ea00bf\">N\u00e3o desejamos santificar ningu\u00e9m, n\u00e3o \u00e9 esse o nosso objetivo ao desvendar essas grandes vidas, por\u00e9m mostr\u00e1-las como exemplo de abnega\u00e7\u00e3o aos p\u00f3steros, dizendo-lhes: que mesmo nesta \u00e9poca, em que imperam a maldade e a corrup\u00e7\u00e3o, nem tudo est\u00e1 perdido, grandes almas salientam-se pela do\u00e7ura de sentimentos e for\u00e7a moral, como verdadeiros disc\u00edpulos de Cristo. Sua desencarna\u00e7\u00e3o deixou \u00e0 sua retaguarda um rastro de luz, seguido por um punhado de companheiros que, at\u00e9 hoje, sustentam e haver\u00e3o de sustentar sempre a Casa de \"Teresa de Jesus\", institui\u00e7\u00e3o modelar no Estado do Rio de Janeiro.<\/p>\n<\/div><\/div>\n\n\n\n<div class=\"wp-block-uagb-container uagb-block-e77d46d5 alignfull uagb-is-root-container\"><div class=\"uagb-container-inner-blocks-wrap\"><\/div><\/div>\n\n\n\n<div class=\"wp-block-uagb-container uagb-block-8c9ca943 alignfull uagb-is-root-container\"><div class=\"uagb-container-inner-blocks-wrap\"><\/div><\/div>","protected":false},"excerpt":{"rendered":"<p>Ernestina Ferreira dos Santos Naci\u00f3 el 1 de enero de 1879 en R\u00edo de Janeiro y falleci\u00f3 el 16 de noviembre de 1953 en la misma ciudad. Era hija de Aristides Gon\u00e7alves Ferreira y D. Augusta Dias Ferreira. De peque\u00f1a perdi\u00f3 a su padre, quedando al cuidado de su buena y dedicada madre, quien le [&hellip;]<\/p>","protected":false},"author":1,"featured_media":0,"parent":0,"menu_order":0,"comment_status":"closed","ping_status":"closed","template":"","meta":{"_uag_custom_page_level_css":"","site-sidebar-layout":"default","site-content-layout":"","ast-site-content-layout":"default","site-content-style":"default","site-sidebar-style":"default","ast-global-header-display":"","ast-banner-title-visibility":"","ast-main-header-display":"","ast-hfb-above-header-display":"","ast-hfb-below-header-display":"","ast-hfb-mobile-header-display":"","site-post-title":"disabled","ast-breadcrumbs-content":"","ast-featured-img":"","footer-sml-layout":"","theme-transparent-header-meta":"","adv-header-id-meta":"","stick-header-meta":"","header-above-stick-meta":"","header-main-stick-meta":"","header-below-stick-meta":"","astra-migrate-meta-layouts":"set","ast-page-background-enabled":"default","ast-page-background-meta":{"desktop":{"background-color":"var(--ast-global-color-4)","background-image":"","background-repeat":"repeat","background-position":"center center","background-size":"auto","background-attachment":"scroll","background-type":"","background-media":"","overlay-type":"","overlay-color":"","overlay-opacity":"","overlay-gradient":""},"tablet":{"background-color":"","background-image":"","background-repeat":"repeat","background-position":"center center","background-size":"auto","background-attachment":"scroll","background-type":"","background-media":"","overlay-type":"","overlay-color":"","overlay-opacity":"","overlay-gradient":""},"mobile":{"background-color":"","background-image":"","background-repeat":"repeat","background-position":"center center","background-size":"auto","background-attachment":"scroll","background-type":"","background-media":"","overlay-type":"","overlay-color":"","overlay-opacity":"","overlay-gradient":""}},"ast-content-background-meta":{"desktop":{"background-color":"var(--ast-global-color-5)","background-image":"","background-repeat":"repeat","background-position":"center center","background-size":"auto","background-attachment":"scroll","background-type":"","background-media":"","overlay-type":"","overlay-color":"","overlay-opacity":"","overlay-gradient":""},"tablet":{"background-color":"var(--ast-global-color-5)","background-image":"","background-repeat":"repeat","background-position":"center center","background-size":"auto","background-attachment":"scroll","background-type":"","background-media":"","overlay-type":"","overlay-color":"","overlay-opacity":"","overlay-gradient":""},"mobile":{"background-color":"var(--ast-global-color-5)","background-image":"","background-repeat":"repeat","background-position":"center center","background-size":"auto","background-attachment":"scroll","background-type":"","background-media":"","overlay-type":"","overlay-color":"","overlay-opacity":"","overlay-gradient":""}},"footnotes":""},"class_list":["post-8633","page","type-page","status-publish","hentry"],"yoast_head":"<!-- This site is optimized with the Yoast SEO Premium plugin v24.2 (Yoast SEO v24.6) - https:\/\/yoast.com\/wordpress\/plugins\/seo\/ -->\n<title>Ernestina Ferreira dos Santos - Uni\u00f3n Esp\u00edrita<\/title>\n<meta name=\"robots\" content=\"index, follow, max-snippet:-1, max-image-preview:large, max-video-preview:-1\" \/>\n<link rel=\"canonical\" href=\"https:\/\/nuevo-renacer.com\/pt\/ernestina-ferreira-dos-santos\/\" \/>\n<meta property=\"og:locale\" content=\"pt_BR\" \/>\n<meta property=\"og:type\" content=\"article\" \/>\n<meta property=\"og:title\" content=\"Ernestina Ferreira dos Santos\" \/>\n<meta property=\"og:description\" content=\"Ernestina Ferreira dos Santos Naci\u00f3 el 1 de enero de 1879 en R\u00edo de Janeiro y falleci\u00f3 el 16 de noviembre de 1953 en la misma ciudad. Era hija de Aristides Gon\u00e7alves Ferreira y D. Augusta Dias Ferreira. De peque\u00f1a perdi\u00f3 a su padre, quedando al cuidado de su buena y dedicada madre, quien le [&hellip;]\" \/>\n<meta property=\"og:url\" content=\"https:\/\/nuevo-renacer.com\/pt\/ernestina-ferreira-dos-santos\/\" \/>\n<meta property=\"og:site_name\" content=\"Uni\u00f3n Esp\u00edrita\" \/>\n<meta property=\"article:publisher\" content=\"https:\/\/www.facebook.com\/groups\/3431398063740829\" \/>\n<meta property=\"article:modified_time\" content=\"2025-11-06T17:59:32+00:00\" \/>\n<meta property=\"og:image\" content=\"https:\/\/nuevo-renacer.com\/wp-content\/uploads\/2025\/11\/WhatsApp-Image-2025-11-06-at-18.57.38.jpeg\" \/>\n\t<meta property=\"og:image:width\" content=\"572\" \/>\n\t<meta property=\"og:image:height\" content=\"542\" \/>\n\t<meta property=\"og:image:type\" content=\"image\/jpeg\" \/>\n<meta name=\"twitter:card\" content=\"summary_large_image\" \/>\n<meta name=\"twitter:label1\" content=\"Est. tempo de leitura\" \/>\n\t<meta name=\"twitter:data1\" content=\"7 minutos\" \/>\n<script type=\"application\/ld+json\" class=\"yoast-schema-graph\">{\"@context\":\"https:\/\/schema.org\",\"@graph\":[{\"@type\":\"WebPage\",\"@id\":\"https:\/\/nuevo-renacer.com\/ernestina-ferreira-dos-santos\/\",\"url\":\"https:\/\/nuevo-renacer.com\/ernestina-ferreira-dos-santos\/\",\"name\":\"Ernestina Ferreira dos Santos - Uni\u00f3n Esp\u00edrita\",\"isPartOf\":{\"@id\":\"https:\/\/nuevo-renacer.com\/#website\"},\"primaryImageOfPage\":{\"@id\":\"https:\/\/nuevo-renacer.com\/ernestina-ferreira-dos-santos\/#primaryimage\"},\"image\":{\"@id\":\"https:\/\/nuevo-renacer.com\/ernestina-ferreira-dos-santos\/#primaryimage\"},\"thumbnailUrl\":\"https:\/\/nuevo-renacer.com\/wp-content\/uploads\/2025\/11\/WhatsApp-Image-2025-11-06-at-18.57.38.jpeg\",\"datePublished\":\"2025-11-06T17:59:29+00:00\",\"dateModified\":\"2025-11-06T17:59:32+00:00\",\"breadcrumb\":{\"@id\":\"https:\/\/nuevo-renacer.com\/ernestina-ferreira-dos-santos\/#breadcrumb\"},\"inLanguage\":\"pt-BR\",\"potentialAction\":[{\"@type\":\"ReadAction\",\"target\":[\"https:\/\/nuevo-renacer.com\/ernestina-ferreira-dos-santos\/\"]}]},{\"@type\":\"ImageObject\",\"inLanguage\":\"pt-BR\",\"@id\":\"https:\/\/nuevo-renacer.com\/ernestina-ferreira-dos-santos\/#primaryimage\",\"url\":\"https:\/\/nuevo-renacer.com\/wp-content\/uploads\/2025\/11\/WhatsApp-Image-2025-11-06-at-18.57.38.jpeg\",\"contentUrl\":\"https:\/\/nuevo-renacer.com\/wp-content\/uploads\/2025\/11\/WhatsApp-Image-2025-11-06-at-18.57.38.jpeg\"},{\"@type\":\"BreadcrumbList\",\"@id\":\"https:\/\/nuevo-renacer.com\/ernestina-ferreira-dos-santos\/#breadcrumb\",\"itemListElement\":[{\"@type\":\"ListItem\",\"position\":1,\"name\":\"Startseite\",\"item\":\"https:\/\/nuevo-renacer.com\/\"},{\"@type\":\"ListItem\",\"position\":2,\"name\":\"Ernestina Ferreira dos Santos\"}]},{\"@type\":\"WebSite\",\"@id\":\"https:\/\/nuevo-renacer.com\/#website\",\"url\":\"https:\/\/nuevo-renacer.com\/\",\"name\":\"Uni\u00f3n Esp\u00edrita\",\"description\":\"Nuevo Renacer\",\"publisher\":{\"@id\":\"https:\/\/nuevo-renacer.com\/#organization\"},\"potentialAction\":[{\"@type\":\"SearchAction\",\"target\":{\"@type\":\"EntryPoint\",\"urlTemplate\":\"https:\/\/nuevo-renacer.com\/?s={search_term_string}\"},\"query-input\":{\"@type\":\"PropertyValueSpecification\",\"valueRequired\":true,\"valueName\":\"search_term_string\"}}],\"inLanguage\":\"pt-BR\"},{\"@type\":\"Organization\",\"@id\":\"https:\/\/nuevo-renacer.com\/#organization\",\"name\":\"UFEC\",\"url\":\"https:\/\/nuevo-renacer.com\/\",\"logo\":{\"@type\":\"ImageObject\",\"inLanguage\":\"pt-BR\",\"@id\":\"https:\/\/nuevo-renacer.com\/#\/schema\/logo\/image\/\",\"url\":\"https:\/\/nuevo-renacer.com\/wp-content\/uploads\/2024\/05\/cropped-LOGO-TERMINADO1-3-3.png\",\"contentUrl\":\"https:\/\/nuevo-renacer.com\/wp-content\/uploads\/2024\/05\/cropped-LOGO-TERMINADO1-3-3.png\",\"width\":512,\"height\":512,\"caption\":\"UFEC\"},\"image\":{\"@id\":\"https:\/\/nuevo-renacer.com\/#\/schema\/logo\/image\/\"},\"sameAs\":[\"https:\/\/www.facebook.com\/groups\/3431398063740829\"]}]}<\/script>\n<!-- \/ Yoast SEO Premium plugin. -->","yoast_head_json":{"title":"Ernestina Ferreira dos Santos - Uni\u00f3n Esp\u00edrita","robots":{"index":"index","follow":"follow","max-snippet":"max-snippet:-1","max-image-preview":"max-image-preview:large","max-video-preview":"max-video-preview:-1"},"canonical":"https:\/\/nuevo-renacer.com\/pt\/ernestina-ferreira-dos-santos\/","og_locale":"pt_BR","og_type":"article","og_title":"Ernestina Ferreira dos Santos","og_description":"Ernestina Ferreira dos Santos Naci\u00f3 el 1 de enero de 1879 en R\u00edo de Janeiro y falleci\u00f3 el 16 de noviembre de 1953 en la misma ciudad. Era hija de Aristides Gon\u00e7alves Ferreira y D. Augusta Dias Ferreira. De peque\u00f1a perdi\u00f3 a su padre, quedando al cuidado de su buena y dedicada madre, quien le [&hellip;]","og_url":"https:\/\/nuevo-renacer.com\/pt\/ernestina-ferreira-dos-santos\/","og_site_name":"Uni\u00f3n Esp\u00edrita","article_publisher":"https:\/\/www.facebook.com\/groups\/3431398063740829","article_modified_time":"2025-11-06T17:59:32+00:00","og_image":[{"width":572,"height":542,"url":"https:\/\/nuevo-renacer.com\/wp-content\/uploads\/2025\/11\/WhatsApp-Image-2025-11-06-at-18.57.38.jpeg","type":"image\/jpeg"}],"twitter_card":"summary_large_image","twitter_misc":{"Est. tempo de leitura":"7 minutos"},"schema":{"@context":"https:\/\/schema.org","@graph":[{"@type":"WebPage","@id":"https:\/\/nuevo-renacer.com\/ernestina-ferreira-dos-santos\/","url":"https:\/\/nuevo-renacer.com\/ernestina-ferreira-dos-santos\/","name":"Ernestina Ferreira dos Santos - Uni\u00f3n Esp\u00edrita","isPartOf":{"@id":"https:\/\/nuevo-renacer.com\/#website"},"primaryImageOfPage":{"@id":"https:\/\/nuevo-renacer.com\/ernestina-ferreira-dos-santos\/#primaryimage"},"image":{"@id":"https:\/\/nuevo-renacer.com\/ernestina-ferreira-dos-santos\/#primaryimage"},"thumbnailUrl":"https:\/\/nuevo-renacer.com\/wp-content\/uploads\/2025\/11\/WhatsApp-Image-2025-11-06-at-18.57.38.jpeg","datePublished":"2025-11-06T17:59:29+00:00","dateModified":"2025-11-06T17:59:32+00:00","breadcrumb":{"@id":"https:\/\/nuevo-renacer.com\/ernestina-ferreira-dos-santos\/#breadcrumb"},"inLanguage":"pt-BR","potentialAction":[{"@type":"ReadAction","target":["https:\/\/nuevo-renacer.com\/ernestina-ferreira-dos-santos\/"]}]},{"@type":"ImageObject","inLanguage":"pt-BR","@id":"https:\/\/nuevo-renacer.com\/ernestina-ferreira-dos-santos\/#primaryimage","url":"https:\/\/nuevo-renacer.com\/wp-content\/uploads\/2025\/11\/WhatsApp-Image-2025-11-06-at-18.57.38.jpeg","contentUrl":"https:\/\/nuevo-renacer.com\/wp-content\/uploads\/2025\/11\/WhatsApp-Image-2025-11-06-at-18.57.38.jpeg"},{"@type":"BreadcrumbList","@id":"https:\/\/nuevo-renacer.com\/ernestina-ferreira-dos-santos\/#breadcrumb","itemListElement":[{"@type":"ListItem","position":1,"name":"Startseite","item":"https:\/\/nuevo-renacer.com\/"},{"@type":"ListItem","position":2,"name":"Ernestina Ferreira dos Santos"}]},{"@type":"WebSite","@id":"https:\/\/nuevo-renacer.com\/#website","url":"https:\/\/nuevo-renacer.com\/","name":"Uni\u00f3n Esp\u00edrita","description":"Nuevo Renacer","publisher":{"@id":"https:\/\/nuevo-renacer.com\/#organization"},"potentialAction":[{"@type":"SearchAction","target":{"@type":"EntryPoint","urlTemplate":"https:\/\/nuevo-renacer.com\/?s={search_term_string}"},"query-input":{"@type":"PropertyValueSpecification","valueRequired":true,"valueName":"search_term_string"}}],"inLanguage":"pt-BR"},{"@type":"Organization","@id":"https:\/\/nuevo-renacer.com\/#organization","name":"UFEC","url":"https:\/\/nuevo-renacer.com\/","logo":{"@type":"ImageObject","inLanguage":"pt-BR","@id":"https:\/\/nuevo-renacer.com\/#\/schema\/logo\/image\/","url":"https:\/\/nuevo-renacer.com\/wp-content\/uploads\/2024\/05\/cropped-LOGO-TERMINADO1-3-3.png","contentUrl":"https:\/\/nuevo-renacer.com\/wp-content\/uploads\/2024\/05\/cropped-LOGO-TERMINADO1-3-3.png","width":512,"height":512,"caption":"UFEC"},"image":{"@id":"https:\/\/nuevo-renacer.com\/#\/schema\/logo\/image\/"},"sameAs":["https:\/\/www.facebook.com\/groups\/3431398063740829"]}]}},"uagb_featured_image_src":{"full":false,"thumbnail":false,"medium":false,"medium_large":false,"large":false,"1536x1536":false,"2048x2048":false,"trp-custom-language-flag":false},"uagb_author_info":{"display_name":"adbv0","author_link":"https:\/\/nuevo-renacer.com\/pt\/author\/adbv0\/"},"uagb_comment_info":0,"uagb_excerpt":"Ernestina Ferreira dos Santos Naci\u00f3 el 1 de enero de 1879 en R\u00edo de Janeiro y falleci\u00f3 el 16 de noviembre de 1953 en la misma ciudad. Era hija de Aristides Gon\u00e7alves Ferreira y D. Augusta Dias Ferreira. De peque\u00f1a perdi\u00f3 a su padre, quedando al cuidado de su buena y dedicada madre, quien le&hellip;","jetpack_sharing_enabled":true,"_links":{"self":[{"href":"https:\/\/nuevo-renacer.com\/pt\/wp-json\/wp\/v2\/pages\/8633","targetHints":{"allow":["GET"]}}],"collection":[{"href":"https:\/\/nuevo-renacer.com\/pt\/wp-json\/wp\/v2\/pages"}],"about":[{"href":"https:\/\/nuevo-renacer.com\/pt\/wp-json\/wp\/v2\/types\/page"}],"author":[{"embeddable":true,"href":"https:\/\/nuevo-renacer.com\/pt\/wp-json\/wp\/v2\/users\/1"}],"replies":[{"embeddable":true,"href":"https:\/\/nuevo-renacer.com\/pt\/wp-json\/wp\/v2\/comments?post=8633"}],"version-history":[{"count":1,"href":"https:\/\/nuevo-renacer.com\/pt\/wp-json\/wp\/v2\/pages\/8633\/revisions"}],"predecessor-version":[{"id":8635,"href":"https:\/\/nuevo-renacer.com\/pt\/wp-json\/wp\/v2\/pages\/8633\/revisions\/8635"}],"wp:attachment":[{"href":"https:\/\/nuevo-renacer.com\/pt\/wp-json\/wp\/v2\/media?parent=8633"}],"curies":[{"name":"wp","href":"https:\/\/api.w.org\/{rel}","templated":true}]}}