{"id":8552,"date":"2025-10-20T07:49:29","date_gmt":"2025-10-20T07:49:29","guid":{"rendered":"https:\/\/nuevo-renacer.com\/?page_id=8552"},"modified":"2025-10-20T07:49:32","modified_gmt":"2025-10-20T07:49:32","slug":"cecilia-rocha","status":"publish","type":"page","link":"https:\/\/nuevo-renacer.com\/pt\/cecilia-rocha\/","title":{"rendered":"Cec\u00edlia Rocha"},"content":{"rendered":"<div class=\"wp-block-uagb-container uagb-block-a694dc2f alignfull uagb-is-root-container\"><div class=\"uagb-container-inner-blocks-wrap\">\n<p class=\"has-black-color has-text-color has-link-color has-medium-font-size wp-elements-9b37d3e6dda65e1e01bab9359cb89df2\"><strong>Cec\u00edlia Rocha<\/strong><\/p>\n<\/div><\/div>\n\n\n\n<div class=\"wp-block-uagb-container uagb-block-c72b40ec alignfull uagb-is-root-container\"><div class=\"uagb-container-inner-blocks-wrap\">\n<figure class=\"wp-block-image size-full is-resized\"><img fetchpriority=\"high\" decoding=\"async\" width=\"417\" height=\"400\" src=\"https:\/\/nuevo-renacer.com\/wp-content\/uploads\/2025\/10\/Cecilia-Rocha.webp\" alt=\"\" class=\"wp-image-8553\" style=\"width:289px;height:auto\" srcset=\"https:\/\/nuevo-renacer.com\/wp-content\/uploads\/2025\/10\/Cecilia-Rocha.webp 417w, https:\/\/nuevo-renacer.com\/wp-content\/uploads\/2025\/10\/Cecilia-Rocha-300x288.webp 300w, https:\/\/nuevo-renacer.com\/wp-content\/uploads\/2025\/10\/Cecilia-Rocha-13x12.webp 13w\" sizes=\"(max-width: 417px) 100vw, 417px\" \/><\/figure>\n<\/div><\/div>\n\n\n\n<div class=\"wp-block-uagb-container uagb-block-42fb5c57 alignfull uagb-is-root-container\"><div class=\"uagb-container-inner-blocks-wrap\">\n<p class=\"has-black-color has-text-color has-link-color has-small-font-size wp-elements-dbfaeec9369815d4e7aed57f200b4b75\">Cec\u00edlia Rocha nasceu em Porto Alegre (RS), em 21 de maio de 1919, um ano ap\u00f3s o armist\u00edcio de paz da Primeira Grande Guerra Mundial, portando uma tarefa de luz. Filha de Jos\u00e9 Rocha e Carmem Rocha. Ele, mineiro de Sete Lagoas e ela, ga\u00facha da cidade de Jaguar\u00e3o. O pai era comerciante. A m\u00e3e era de prendas dom\u00e9sticas. Foi a primog\u00eanita de um grupo de cinco irm\u00e3os: Ot\u00e1vio, Alberto, M\u00e1rio e Fernando. Passou sua inf\u00e2ncia na Av. Brasil, no bairro S\u00e3o Geraldo, em Porto Alegre. Ap\u00f3s completar o Ensino Fundamental,  cursou Ensino M\u00e9dio no Instituto de Educa\u00e7\u00e3o General Flores Cunha, em Porto Alegre, onde concluiu o curso de Magist\u00e9rio em 1938, definindo, dessa forma, sua futura atua\u00e7\u00e3o brilhante na \u00e1rea da Educa\u00e7\u00e3o voltada para a crian\u00e7a e o jovem.<\/p>\n\n\n\n<p class=\"has-black-color has-text-color has-link-color has-small-font-size wp-elements-5ffcf282911011d96ed9f9a6197efa69\">&nbsp;Em seguida, fez o curso M\u00e9todos e T\u00e9cnicas Pedag\u00f3gicas e desenvolveu alguns est\u00e1gios em escolas p\u00fablicas de sua cidade natal, buscando mais aperfei\u00e7oamento na \u00e1rea docente. Em 1940, foi nomeada para o Magist\u00e9rio P\u00fablico do Rio Grande do Sul, atuando inicialmente no Interior do Estado. Cec\u00edlia imprimia nas escolas que dirigia, um trabalho administrativo e pedag\u00f3gico que se destacava pela organiza\u00e7\u00e3o e progresso. Estimulava a comunidade escolar a integrar-se com as fam\u00edlias e com as demais institui\u00e7\u00f5es da localidade onde estava inserida, promovendo atividades culturais e c\u00edvicas de alto significado para todos. Sua atua\u00e7\u00e3o caracterizava-se pelo di\u00e1logo aberto com os alunos, professores e as fam\u00edlias, buscando preservar e colocar em pr\u00e1tica os valores morais. Dessa forma, ela sempre podia contar com a ades\u00e3o de todos para os seus projetos. O espa\u00e7o f\u00edsico das escolas sob dire\u00e7\u00e3o de Cec\u00edlia passava constantemente por transforma\u00e7\u00f5es, pois ela n\u00e3o media esfor\u00e7os para melhorar as instala\u00e7\u00f5es escolares, desde as salas de aula at\u00e9 o jardim e a horta.<\/p>\n\n\n\n<p class=\"has-black-color has-text-color has-link-color has-small-font-size wp-elements-bed6d1deda8593ddfa183de602802704\">Para tanto, envolvia os professores, os pais e a comunidade, a fim de ajud\u00e1-la nesse empreendimento em que os beneficiados eram os alunos, que passavam a ter um espa\u00e7o escolar limpo e agrad\u00e1vel, mesmo sendo uma escola p\u00fablica. A sua atua\u00e7\u00e3o din\u00e2mica nas escolas p\u00fablicas estaduais do Interior do Estado do Rio Grande do Sul permaneceu at\u00e9 1947, quando foi transferida para lecionar em Porto Alegre. Em 1957, quando j\u00e1 estava integrada no Movimento Esp\u00edrita Ga\u00facho como Evangelizadora, a jovem professora foi convidada a assumir a dire\u00e7\u00e3o da Escola prim\u00e1ria Particular do Instituto Esp\u00edrita Amigo Germano. A escola era de Ensino Fundamental, de car\u00e1ter assistencial, voltado \u00e0 alfabetiza\u00e7\u00e3o de crian\u00e7as carentes, com professoras cedidas pela Secretaria de Educa\u00e7\u00e3o do Estado. No ano de 1958, participou de uma Confraterniza\u00e7\u00e3o de Mocidades Esp\u00edritas do Norte e Nordeste, ocorrida em Teresina, estado do Piau\u00ed. Representando o Rio Grande do Sul, apresentou suas experi\u00eancias ao lado de sua cunhada, professora Dinah Rocha, nas terras ga\u00fachas. Por essa ocasi\u00e3o, conversou pela primeira vez com Divaldo Pereira Franco, que a convidou para conhecer a Mans\u00e3o do Caminho e orientar a escola l\u00e1 existente. Cec\u00edlia aceitou o convite e em 1960, passou de mar\u00e7o a dezembro na Mans\u00e3o do Caminho, onde trabalhou como diretora da Escola Prim\u00e1ria da Obra Socioeducacional de Divaldo Pereira Franco, em Salvador, Bahia.<\/p>\n\n\n\n<p class=\"has-black-color has-text-color has-link-color has-small-font-size wp-elements-c35b366e10a0402e38bac6909e6c538b\">Durante esse per\u00edodo, atuou como verdadeira mission\u00e1ria da educa\u00e7\u00e3o esp\u00edrita, com devotamento e abnega\u00e7\u00e3o em favor do ideal. Sua jovialidade e conhecimentos t\u00e9cnicos cativou a todos, contribuindo pedagogicamente para melhorar a educa\u00e7\u00e3o das crian\u00e7as internas da Casa, ensinando canto, jogral, coral, teatro e, sobretudo, disciplina, baseada sempre na Codifica\u00e7\u00e3o Esp\u00edrita. Segundo Divaldo, quando conheceu Cec\u00edlia Rocha, o mesmo teve oportunidade de contatar o Esp\u00edrito Francisco Spinelli, que a acompanhava, inspirando no desenvolvimento das tarefas a que entregara a preciosa exist\u00eancia. O nobre mentor, informou-lhe, naquele momento, de que se tratava de algu\u00e9m comprometida com o labor mission\u00e1rio de ilumina\u00e7\u00e3o das consci\u00eancias infanto-juvenis \u00e0 luz meridiana do Espiritismo. O m\u00e9dium baiano ficou muito impressionado com a simplicidade e devotamento da querida amiga, restabelecendo v\u00ednculos de grande afei\u00e7\u00e3o e respeito a partir de ent\u00e3o, entendendo a alta gravidade do minist\u00e9rio dessa tarefeira, a seriedade com que o exercia, a sua rela\u00e7\u00e3o profunda com as entidades venerandas que administram o movimento esp\u00edrita no Brasil. A convite, Cec\u00edlia viajou para v\u00e1rios munic\u00edpios do interior da Bahia, a fim de divulgar o trabalho de Evangeliza\u00e7\u00e3o e fazer palestras. Quando terminou o ano letivo, retornou a Porto Alegre.<\/p>\n\n\n\n<p class=\"has-black-color has-text-color has-link-color has-small-font-size wp-elements-684efea74e843641226ca93b895bbf8e\">Sempre encontrou grande apoio em Divaldo para o desempenho de sua tarefa. Eles mantinham contato constante, e ele aproveitava suas viagens para divulgar a import\u00e2ncia do trabalho de prepara\u00e7\u00e3o de Evangelizadores feito por ela e sua equipe. O tribuno baiano procurava dar apoio estrat\u00e9gico para os deslocamentos de Cec\u00edlia, quanto \u00e0 hospedagem em casa de confrades dele conhecidos, nos v\u00e1rios Estados do Brasil onde ela \u00eda, juntamente com sua equipe, realizar sua tarefa. Dessa forma, recebiam todo carinho e apoio para implementar o Curso de prepara\u00e7\u00e3o de Evangelizadores, que era o carro chefe da tarefa naquela \u00e9poca. Ademais, Cec\u00edlia e Dinah Rocha, em face de serem educadoras exemplares, tornaram-se pioneiras dessa atividade, embora outros j\u00e1 o viessem realizando tamb\u00e9m. Elas ofereceram o contributo da psicologia infantil, da pedagogia contempor\u00e2nea (desde aquela \u00e9poca), criando textos, hist\u00f3rias, can\u00e7\u00f5es, nas quais eram introduzidos os ensinamentos do Espiritismo, perfeitamente ajustados ao interesse das gera\u00e7\u00f5es a que se destinavam.<\/p>\n\n\n\n<p class=\"has-black-color has-text-color has-link-color has-small-font-size wp-elements-087b82146dda32d30220da10a4c4e6b3\">&nbsp;Durante a d\u00e9cada de 70, Cec\u00edlia atuou na dire\u00e7\u00e3o de institui\u00e7\u00f5es como a Associa\u00e7\u00e3o Educacional Mahatma Gandhi, em Porto Alegre e Escola Prim\u00e1ria do Lar dos Pequenos de Jesus, atendendo crian\u00e7as carentes e classes especiais para alunos deficientes mentais. Nessa ocasi\u00e3o, cursou, com destaque, a Faculdade de Educa\u00e7\u00e3o Porto Alegrense, concluindo em 1976 o curso de Licenciatura Plena em Pedagogia, com especializa\u00e7\u00e3o em Administra\u00e7\u00e3o Escolar. Em 1980, Cec\u00edlia Rocha transfere-se da Federa\u00e7\u00e3o Esp\u00edrita do Rio Grande do Sul - FERGS, para a Federa\u00e7\u00e3o Esp\u00edrita Brasileira - FEB, em Bras\u00edlia, pois o inesquec\u00edvel presidente Francisco Thiesen necessitava de algu\u00e9m portador de altos conhecimentos doutrin\u00e1rios e de viv\u00eancia junto \u00e0s crian\u00e7as e os jovens, a fim de ampliar o programa do Departamento de Inf\u00e2ncia e Juventude - DIJ,  no Conselho Federativo Nacional. Ningu\u00e9m melhor que reunisse as qualidades da querida educadora ga\u00facha.<\/p>\n\n\n\n<p class=\"has-black-color has-text-color has-link-color has-small-font-size wp-elements-ca1fe01e43e1671bb912e24a4cabc587\">Com verdadeira sabedoria, Cec\u00edlia n\u00e3o se afastou das suas ra\u00edzes de nascimento e doutrin\u00e1rias, antes soube colocar uma ponte de liga\u00e7\u00e3o, que prosseguiu forte, mantendo os compromissos de maneira airosa e feliz, sem preju\u00edzo de qualquer natureza. Cec\u00edlia, desde 1983, teve ampliada sua a\u00e7\u00e3o na \u00e1rea de ensino da Federa\u00e7\u00e3o Esp\u00edrita Brasileira. Al\u00e9m da coordena\u00e7\u00e3o do DIJ, assumiu o ESDE (Estudo Sistematizado da Doutrina Esp\u00edrita), a Mediunidade e o Estudo Aprofundado da Doutrina Esp\u00edrita. Passou, tamb\u00e9m, a orientar a elabora\u00e7\u00e3o das apostilas que d\u00e3o suporte did\u00e1tico-pedag\u00f3gico a essas atividades. Cec\u00edlia atuou na \u00e1rea de Evangeliza\u00e7\u00e3o de novas gera\u00e7\u00f5es desde 1951, sempre buscando, com as v\u00e1rias equipes que tem trabalhado, atualizar metodologias, estrat\u00e9gias, resguardando o conte\u00fado evang\u00e9lico-esp\u00edrita que \u00e9 a linha mestra da atividade. Entre as muitas qualidades do seu car\u00e1ter, destaca-se a sua fidelidade ao Espiritismo, posto acima dos interesses pessoais e das afei\u00e7\u00f5es humanas. A sua sinceridade, feita de lealdade e amor pela Causa, era um dos belos valores do seu comportamento. A sua ren\u00fancia \u00e0 fam\u00edlia, aos afetos, \u00e0s comodidades, viajando de um lado para outro, no Brasil e no Exterior, nos dias que se foram, muito dif\u00edceis e preconceituosos, diversos dos atuais, dizem da grandeza do Esp\u00edrito que ela \u00e9. A bondade, a gentileza, o carinho para com todos, s\u00e3o outros dos valores que possu\u00eda.<\/p>\n\n\n\n<p class=\"has-black-color has-text-color has-link-color has-small-font-size wp-elements-aafdbb8efcaa9f3e8284c6acd4a04ae3\">Cec\u00edlia, desde sua forma\u00e7\u00e3o no curso de magist\u00e9rio, dedicou-se a estudar a vida e a obra dos grandes educadores da Humanidade, buscando neles embasamento te\u00f3rico e inspira\u00e7\u00e3o para a pr\u00e1tica docente. Para ela, Jer\u00f4nimo de Braga, disc\u00edpulo de Jan Huss, sempre foi motivo de profunda reflex\u00e3o sobre a quest\u00e3o de sele\u00e7\u00e3o e import\u00e2ncia do conte\u00fado a ser ministrado para crian\u00e7as e jovens. Essa era uma das suas preocupa\u00e7\u00f5es constantes como educadora: o que ensinar, o que oferecer ao aluno, Esp\u00edrito imortal que est\u00e1 de passagem pela encarna\u00e7\u00e3o. Jon Amos Comeniuns era um dos mestres prediletos de Cec\u00edlia porque ele encontrou muitas respostas e sugest\u00f5es sobre como desenvolver o conte\u00fado selecionado, ajudando-a a refletir sobre qual metodologia seria a mais adequada para realmente estimular o interesse do aprendiz, quais os recursos mais significativos a serem utilizados que realmente despertariam as potencialidades latentes, no \u00e2mago de cada aluno.<\/p>\n\n\n\n<p class=\"has-black-color has-text-color has-link-color has-small-font-size wp-elements-3a0765f381fab2e7a1cd9b935d4e60b9\">Cec\u00edlia buscou, tamb\u00e9m, inspira\u00e7\u00e3o e orienta\u00e7\u00e3o nos ideais de Jean Jaques Rousseau, na proposta pedag\u00f3gica de Pestalozzi, comprovados pela sua aplica\u00e7\u00e3o pr\u00e1tica em Frederich Froebel e sua proposta did\u00e1tica voltada aos primeiros anos de inf\u00e2ncia, bem como Maria de Montessori, entre outros. Sempre se manteve atenta \u00e0s novas teorias acerca do ensino e aprendizagem, analisando, com muito crit\u00e9rio, as novidades que surgiram nos s\u00e9culos XX e XXI na Pedagogia, propondo discuss\u00f5es com as equipes de trabalho que coordenava, buscando absorver o que era \u00fatil e bom e que viria enriquecer o trabalho pedag\u00f3gico proposto pela FEB. Retornou ao mundo espiritual, na madrugada do dia 5 de novembro de 2012, no Centro de Tratamento Intensivo do Hospital Santa Marta, no Distrito Federal, aos 93 anos de idade.<\/p>\n<\/div><\/div>\n\n\n\n<div class=\"wp-block-uagb-container uagb-block-254f4b91 alignfull uagb-is-root-container\"><div class=\"uagb-container-inner-blocks-wrap\"><\/div><\/div>\n\n\n\n<div class=\"wp-block-uagb-container uagb-block-2f055952 alignfull uagb-is-root-container\"><div class=\"uagb-container-inner-blocks-wrap\"><\/div><\/div>","protected":false},"excerpt":{"rendered":"<p>Cec\u00edlia Rocha Cec\u00edlia Rocha naci\u00f3 en Porto Alegre (Rio Grande do Sul) el 21 de mayo de 1919, un a\u00f1o despu\u00e9s del armisticio de la Primera Guerra Mundial, con una misi\u00f3n de luz. Hija de Jos\u00e9 Rocha y Carmem Rocha. \u00c9l, minero de Sete Lagoas y ella, gaucha de la ciudad de Jaguar\u00e3o. Su padre [&hellip;]<\/p>","protected":false},"author":1,"featured_media":0,"parent":0,"menu_order":0,"comment_status":"closed","ping_status":"closed","template":"","meta":{"_uag_custom_page_level_css":"","site-sidebar-layout":"default","site-content-layout":"","ast-site-content-layout":"default","site-content-style":"default","site-sidebar-style":"default","ast-global-header-display":"","ast-banner-title-visibility":"","ast-main-header-display":"","ast-hfb-above-header-display":"","ast-hfb-below-header-display":"","ast-hfb-mobile-header-display":"","site-post-title":"disabled","ast-breadcrumbs-content":"","ast-featured-img":"","footer-sml-layout":"","theme-transparent-header-meta":"","adv-header-id-meta":"","stick-header-meta":"","header-above-stick-meta":"","header-main-stick-meta":"","header-below-stick-meta":"","astra-migrate-meta-layouts":"set","ast-page-background-enabled":"default","ast-page-background-meta":{"desktop":{"background-color":"var(--ast-global-color-4)","background-image":"","background-repeat":"repeat","background-position":"center center","background-size":"auto","background-attachment":"scroll","background-type":"","background-media":"","overlay-type":"","overlay-color":"","overlay-opacity":"","overlay-gradient":""},"tablet":{"background-color":"","background-image":"","background-repeat":"repeat","background-position":"center center","background-size":"auto","background-attachment":"scroll","background-type":"","background-media":"","overlay-type":"","overlay-color":"","overlay-opacity":"","overlay-gradient":""},"mobile":{"background-color":"","background-image":"","background-repeat":"repeat","background-position":"center center","background-size":"auto","background-attachment":"scroll","background-type":"","background-media":"","overlay-type":"","overlay-color":"","overlay-opacity":"","overlay-gradient":""}},"ast-content-background-meta":{"desktop":{"background-color":"var(--ast-global-color-5)","background-image":"","background-repeat":"repeat","background-position":"center center","background-size":"auto","background-attachment":"scroll","background-type":"","background-media":"","overlay-type":"","overlay-color":"","overlay-opacity":"","overlay-gradient":""},"tablet":{"background-color":"var(--ast-global-color-5)","background-image":"","background-repeat":"repeat","background-position":"center center","background-size":"auto","background-attachment":"scroll","background-type":"","background-media":"","overlay-type":"","overlay-color":"","overlay-opacity":"","overlay-gradient":""},"mobile":{"background-color":"var(--ast-global-color-5)","background-image":"","background-repeat":"repeat","background-position":"center center","background-size":"auto","background-attachment":"scroll","background-type":"","background-media":"","overlay-type":"","overlay-color":"","overlay-opacity":"","overlay-gradient":""}},"footnotes":""},"class_list":["post-8552","page","type-page","status-publish","hentry"],"yoast_head":"<!-- This site is optimized with the Yoast SEO Premium plugin v24.2 (Yoast SEO v24.6) - https:\/\/yoast.com\/wordpress\/plugins\/seo\/ -->\n<title>Cec\u00edlia Rocha - Uni\u00f3n Esp\u00edrita<\/title>\n<meta name=\"robots\" content=\"index, follow, max-snippet:-1, max-image-preview:large, max-video-preview:-1\" \/>\n<link rel=\"canonical\" href=\"https:\/\/nuevo-renacer.com\/pt\/cecilia-rocha\/\" \/>\n<meta property=\"og:locale\" content=\"pt_BR\" \/>\n<meta property=\"og:type\" content=\"article\" \/>\n<meta property=\"og:title\" content=\"Cec\u00edlia Rocha\" \/>\n<meta property=\"og:description\" content=\"Cec\u00edlia Rocha Cec\u00edlia Rocha naci\u00f3 en Porto Alegre (Rio Grande do Sul) el 21 de mayo de 1919, un a\u00f1o despu\u00e9s del armisticio de la Primera Guerra Mundial, con una misi\u00f3n de luz. Hija de Jos\u00e9 Rocha y Carmem Rocha. \u00c9l, minero de Sete Lagoas y ella, gaucha de la ciudad de Jaguar\u00e3o. Su padre [&hellip;]\" \/>\n<meta property=\"og:url\" content=\"https:\/\/nuevo-renacer.com\/pt\/cecilia-rocha\/\" \/>\n<meta property=\"og:site_name\" content=\"Uni\u00f3n Esp\u00edrita\" \/>\n<meta property=\"article:publisher\" content=\"https:\/\/www.facebook.com\/groups\/3431398063740829\" \/>\n<meta property=\"article:modified_time\" content=\"2025-10-20T07:49:32+00:00\" \/>\n<meta property=\"og:image\" content=\"https:\/\/nuevo-renacer.com\/wp-content\/uploads\/2025\/10\/Cecilia-Rocha.webp\" \/>\n\t<meta property=\"og:image:width\" content=\"417\" \/>\n\t<meta property=\"og:image:height\" content=\"400\" \/>\n\t<meta property=\"og:image:type\" content=\"image\/webp\" \/>\n<meta name=\"twitter:card\" content=\"summary_large_image\" \/>\n<meta name=\"twitter:label1\" content=\"Est. tempo de leitura\" \/>\n\t<meta name=\"twitter:data1\" content=\"10 minutos\" \/>\n<script type=\"application\/ld+json\" class=\"yoast-schema-graph\">{\"@context\":\"https:\/\/schema.org\",\"@graph\":[{\"@type\":\"WebPage\",\"@id\":\"https:\/\/nuevo-renacer.com\/cecilia-rocha\/\",\"url\":\"https:\/\/nuevo-renacer.com\/cecilia-rocha\/\",\"name\":\"Cec\u00edlia Rocha - Uni\u00f3n Esp\u00edrita\",\"isPartOf\":{\"@id\":\"https:\/\/nuevo-renacer.com\/#website\"},\"primaryImageOfPage\":{\"@id\":\"https:\/\/nuevo-renacer.com\/cecilia-rocha\/#primaryimage\"},\"image\":{\"@id\":\"https:\/\/nuevo-renacer.com\/cecilia-rocha\/#primaryimage\"},\"thumbnailUrl\":\"https:\/\/nuevo-renacer.com\/wp-content\/uploads\/2025\/10\/Cecilia-Rocha.webp\",\"datePublished\":\"2025-10-20T07:49:29+00:00\",\"dateModified\":\"2025-10-20T07:49:32+00:00\",\"breadcrumb\":{\"@id\":\"https:\/\/nuevo-renacer.com\/cecilia-rocha\/#breadcrumb\"},\"inLanguage\":\"pt-BR\",\"potentialAction\":[{\"@type\":\"ReadAction\",\"target\":[\"https:\/\/nuevo-renacer.com\/cecilia-rocha\/\"]}]},{\"@type\":\"ImageObject\",\"inLanguage\":\"pt-BR\",\"@id\":\"https:\/\/nuevo-renacer.com\/cecilia-rocha\/#primaryimage\",\"url\":\"https:\/\/nuevo-renacer.com\/wp-content\/uploads\/2025\/10\/Cecilia-Rocha.webp\",\"contentUrl\":\"https:\/\/nuevo-renacer.com\/wp-content\/uploads\/2025\/10\/Cecilia-Rocha.webp\"},{\"@type\":\"BreadcrumbList\",\"@id\":\"https:\/\/nuevo-renacer.com\/cecilia-rocha\/#breadcrumb\",\"itemListElement\":[{\"@type\":\"ListItem\",\"position\":1,\"name\":\"Startseite\",\"item\":\"https:\/\/nuevo-renacer.com\/\"},{\"@type\":\"ListItem\",\"position\":2,\"name\":\"Cec\u00edlia Rocha\"}]},{\"@type\":\"WebSite\",\"@id\":\"https:\/\/nuevo-renacer.com\/#website\",\"url\":\"https:\/\/nuevo-renacer.com\/\",\"name\":\"Uni\u00f3n Esp\u00edrita\",\"description\":\"Nuevo Renacer\",\"publisher\":{\"@id\":\"https:\/\/nuevo-renacer.com\/#organization\"},\"potentialAction\":[{\"@type\":\"SearchAction\",\"target\":{\"@type\":\"EntryPoint\",\"urlTemplate\":\"https:\/\/nuevo-renacer.com\/?s={search_term_string}\"},\"query-input\":{\"@type\":\"PropertyValueSpecification\",\"valueRequired\":true,\"valueName\":\"search_term_string\"}}],\"inLanguage\":\"pt-BR\"},{\"@type\":\"Organization\",\"@id\":\"https:\/\/nuevo-renacer.com\/#organization\",\"name\":\"UFEC\",\"url\":\"https:\/\/nuevo-renacer.com\/\",\"logo\":{\"@type\":\"ImageObject\",\"inLanguage\":\"pt-BR\",\"@id\":\"https:\/\/nuevo-renacer.com\/#\/schema\/logo\/image\/\",\"url\":\"https:\/\/nuevo-renacer.com\/wp-content\/uploads\/2024\/05\/cropped-LOGO-TERMINADO1-3-3.png\",\"contentUrl\":\"https:\/\/nuevo-renacer.com\/wp-content\/uploads\/2024\/05\/cropped-LOGO-TERMINADO1-3-3.png\",\"width\":512,\"height\":512,\"caption\":\"UFEC\"},\"image\":{\"@id\":\"https:\/\/nuevo-renacer.com\/#\/schema\/logo\/image\/\"},\"sameAs\":[\"https:\/\/www.facebook.com\/groups\/3431398063740829\"]}]}<\/script>\n<!-- \/ Yoast SEO Premium plugin. -->","yoast_head_json":{"title":"Cec\u00edlia Rocha - Uni\u00f3n Esp\u00edrita","robots":{"index":"index","follow":"follow","max-snippet":"max-snippet:-1","max-image-preview":"max-image-preview:large","max-video-preview":"max-video-preview:-1"},"canonical":"https:\/\/nuevo-renacer.com\/pt\/cecilia-rocha\/","og_locale":"pt_BR","og_type":"article","og_title":"Cec\u00edlia Rocha","og_description":"Cec\u00edlia Rocha Cec\u00edlia Rocha naci\u00f3 en Porto Alegre (Rio Grande do Sul) el 21 de mayo de 1919, un a\u00f1o despu\u00e9s del armisticio de la Primera Guerra Mundial, con una misi\u00f3n de luz. Hija de Jos\u00e9 Rocha y Carmem Rocha. \u00c9l, minero de Sete Lagoas y ella, gaucha de la ciudad de Jaguar\u00e3o. Su padre [&hellip;]","og_url":"https:\/\/nuevo-renacer.com\/pt\/cecilia-rocha\/","og_site_name":"Uni\u00f3n Esp\u00edrita","article_publisher":"https:\/\/www.facebook.com\/groups\/3431398063740829","article_modified_time":"2025-10-20T07:49:32+00:00","og_image":[{"width":417,"height":400,"url":"https:\/\/nuevo-renacer.com\/wp-content\/uploads\/2025\/10\/Cecilia-Rocha.webp","type":"image\/webp"}],"twitter_card":"summary_large_image","twitter_misc":{"Est. tempo de leitura":"10 minutos"},"schema":{"@context":"https:\/\/schema.org","@graph":[{"@type":"WebPage","@id":"https:\/\/nuevo-renacer.com\/cecilia-rocha\/","url":"https:\/\/nuevo-renacer.com\/cecilia-rocha\/","name":"Cec\u00edlia Rocha - Uni\u00f3n Esp\u00edrita","isPartOf":{"@id":"https:\/\/nuevo-renacer.com\/#website"},"primaryImageOfPage":{"@id":"https:\/\/nuevo-renacer.com\/cecilia-rocha\/#primaryimage"},"image":{"@id":"https:\/\/nuevo-renacer.com\/cecilia-rocha\/#primaryimage"},"thumbnailUrl":"https:\/\/nuevo-renacer.com\/wp-content\/uploads\/2025\/10\/Cecilia-Rocha.webp","datePublished":"2025-10-20T07:49:29+00:00","dateModified":"2025-10-20T07:49:32+00:00","breadcrumb":{"@id":"https:\/\/nuevo-renacer.com\/cecilia-rocha\/#breadcrumb"},"inLanguage":"pt-BR","potentialAction":[{"@type":"ReadAction","target":["https:\/\/nuevo-renacer.com\/cecilia-rocha\/"]}]},{"@type":"ImageObject","inLanguage":"pt-BR","@id":"https:\/\/nuevo-renacer.com\/cecilia-rocha\/#primaryimage","url":"https:\/\/nuevo-renacer.com\/wp-content\/uploads\/2025\/10\/Cecilia-Rocha.webp","contentUrl":"https:\/\/nuevo-renacer.com\/wp-content\/uploads\/2025\/10\/Cecilia-Rocha.webp"},{"@type":"BreadcrumbList","@id":"https:\/\/nuevo-renacer.com\/cecilia-rocha\/#breadcrumb","itemListElement":[{"@type":"ListItem","position":1,"name":"Startseite","item":"https:\/\/nuevo-renacer.com\/"},{"@type":"ListItem","position":2,"name":"Cec\u00edlia Rocha"}]},{"@type":"WebSite","@id":"https:\/\/nuevo-renacer.com\/#website","url":"https:\/\/nuevo-renacer.com\/","name":"Uni\u00f3n Esp\u00edrita","description":"Nuevo Renacer","publisher":{"@id":"https:\/\/nuevo-renacer.com\/#organization"},"potentialAction":[{"@type":"SearchAction","target":{"@type":"EntryPoint","urlTemplate":"https:\/\/nuevo-renacer.com\/?s={search_term_string}"},"query-input":{"@type":"PropertyValueSpecification","valueRequired":true,"valueName":"search_term_string"}}],"inLanguage":"pt-BR"},{"@type":"Organization","@id":"https:\/\/nuevo-renacer.com\/#organization","name":"UFEC","url":"https:\/\/nuevo-renacer.com\/","logo":{"@type":"ImageObject","inLanguage":"pt-BR","@id":"https:\/\/nuevo-renacer.com\/#\/schema\/logo\/image\/","url":"https:\/\/nuevo-renacer.com\/wp-content\/uploads\/2024\/05\/cropped-LOGO-TERMINADO1-3-3.png","contentUrl":"https:\/\/nuevo-renacer.com\/wp-content\/uploads\/2024\/05\/cropped-LOGO-TERMINADO1-3-3.png","width":512,"height":512,"caption":"UFEC"},"image":{"@id":"https:\/\/nuevo-renacer.com\/#\/schema\/logo\/image\/"},"sameAs":["https:\/\/www.facebook.com\/groups\/3431398063740829"]}]}},"uagb_featured_image_src":{"full":false,"thumbnail":false,"medium":false,"medium_large":false,"large":false,"1536x1536":false,"2048x2048":false,"trp-custom-language-flag":false},"uagb_author_info":{"display_name":"adbv0","author_link":"https:\/\/nuevo-renacer.com\/pt\/author\/adbv0\/"},"uagb_comment_info":0,"uagb_excerpt":"Cec\u00edlia Rocha Cec\u00edlia Rocha naci\u00f3 en Porto Alegre (Rio Grande do Sul) el 21 de mayo de 1919, un a\u00f1o despu\u00e9s del armisticio de la Primera Guerra Mundial, con una misi\u00f3n de luz. Hija de Jos\u00e9 Rocha y Carmem Rocha. \u00c9l, minero de Sete Lagoas y ella, gaucha de la ciudad de Jaguar\u00e3o. Su padre&hellip;","jetpack_sharing_enabled":true,"_links":{"self":[{"href":"https:\/\/nuevo-renacer.com\/pt\/wp-json\/wp\/v2\/pages\/8552","targetHints":{"allow":["GET"]}}],"collection":[{"href":"https:\/\/nuevo-renacer.com\/pt\/wp-json\/wp\/v2\/pages"}],"about":[{"href":"https:\/\/nuevo-renacer.com\/pt\/wp-json\/wp\/v2\/types\/page"}],"author":[{"embeddable":true,"href":"https:\/\/nuevo-renacer.com\/pt\/wp-json\/wp\/v2\/users\/1"}],"replies":[{"embeddable":true,"href":"https:\/\/nuevo-renacer.com\/pt\/wp-json\/wp\/v2\/comments?post=8552"}],"version-history":[{"count":1,"href":"https:\/\/nuevo-renacer.com\/pt\/wp-json\/wp\/v2\/pages\/8552\/revisions"}],"predecessor-version":[{"id":8554,"href":"https:\/\/nuevo-renacer.com\/pt\/wp-json\/wp\/v2\/pages\/8552\/revisions\/8554"}],"wp:attachment":[{"href":"https:\/\/nuevo-renacer.com\/pt\/wp-json\/wp\/v2\/media?parent=8552"}],"curies":[{"name":"wp","href":"https:\/\/api.w.org\/{rel}","templated":true}]}}