{"id":8501,"date":"2025-09-04T08:02:34","date_gmt":"2025-09-04T08:02:34","guid":{"rendered":"https:\/\/nuevo-renacer.com\/?page_id=8501"},"modified":"2025-09-04T08:02:36","modified_gmt":"2025-09-04T08:02:36","slug":"benedita-fernandes","status":"publish","type":"page","link":"https:\/\/nuevo-renacer.com\/pt\/benedita-fernandes\/","title":{"rendered":"Benedita Fernandes"},"content":{"rendered":"<div class=\"wp-block-uagb-container uagb-block-6bc7a1ad alignfull uagb-is-root-container\"><div class=\"uagb-container-inner-blocks-wrap\">\n<p class=\"has-black-color has-text-color has-link-color has-medium-font-size wp-elements-e3e0572cc9d719d5146384c0fa26b2c2\"><strong>Benedita Fernandes<\/strong><\/p>\n<\/div><\/div>\n\n\n\n<div class=\"wp-block-uagb-container uagb-block-5be57cf9 alignfull uagb-is-root-container\"><div class=\"uagb-container-inner-blocks-wrap\">\n<figure class=\"wp-block-image size-full is-resized\"><img fetchpriority=\"high\" decoding=\"async\" width=\"805\" height=\"779\" src=\"https:\/\/nuevo-renacer.com\/wp-content\/uploads\/2025\/09\/benedita.jpeg\" alt=\"\" class=\"wp-image-8502\" style=\"width:269px;height:auto\" srcset=\"https:\/\/nuevo-renacer.com\/wp-content\/uploads\/2025\/09\/benedita.jpeg 805w, https:\/\/nuevo-renacer.com\/wp-content\/uploads\/2025\/09\/benedita-300x290.jpeg 300w, https:\/\/nuevo-renacer.com\/wp-content\/uploads\/2025\/09\/benedita-768x743.jpeg 768w, https:\/\/nuevo-renacer.com\/wp-content\/uploads\/2025\/09\/benedita-12x12.jpeg 12w\" sizes=\"(max-width: 805px) 100vw, 805px\" \/><\/figure>\n<\/div><\/div>\n\n\n\n<div class=\"wp-block-uagb-container uagb-block-5114cf8c alignfull uagb-is-root-container\"><div class=\"uagb-container-inner-blocks-wrap\">\n<p class=\"has-black-color has-text-color has-link-color has-small-font-size wp-elements-9892398fd6ff83aa815e20cdfd487bde\">Benedita Fernandes nasceu aos 27\/6\/1883 em Campos Novos de Cunha (S\u00e3o Paulo) e desencarnou em Ara\u00e7atuba aos 9\/10\/1947. O ingresso de Benedita Fernandes nas a\u00e7\u00f5es esp\u00edritas foi muito peculiar. Portadora de atroz obsess\u00e3o, aut\u00eantica subjuga\u00e7\u00e3o, Benedita perdeu o contacto com a fam\u00edlia e perambulava sem rumo. Certa feita, causava tantos inc\u00f4modos \u00e0 popula\u00e7\u00e3o que foi recolhida \u00e0 Cadeia P\u00fablica da cidade de Pen\u00e1polis. \u00c0quela \u00e9poca n\u00e3o existiam hospitais ou atendimentos para tal fim. O carcereiro Padial e depois o sr. Marcheze deram assist\u00eancia \u00e0 mulher doente, principalmente com passes. Ela recobrou a consci\u00eancia e resolveu rumar para Ara\u00e7atuba.<\/p>\n\n\n\n<p class=\"has-black-color has-text-color has-link-color has-small-font-size wp-elements-560e21ec8ef2f47a940be6e0cf2314d3\">Como gratid\u00e3o pelo benef\u00edcio, a mulher simples, negra e semi-analfabeta, juntamente com outras lavadeiras come\u00e7ou a erguer casinhas de madeira no ent\u00e3o Bairro Dona Ida (hoje Santana), nos idos de 1927. Benedita transformou-se em pioneira da assist\u00eancia social esp\u00edrita em toda a regi\u00e3o Noroeste do Estado de S\u00e3o Paulo, ao fundar a Associa\u00e7\u00e3o das Senhoras Crist\u00e3s, aos 6\/3\/1932, em Ara\u00e7atuba. Como esta obra originou o Sanat\u00f3rio; ela \u00e9 tamb\u00e9m, provavelmente, uma das pioneiras dos Hospitais Psiqui\u00e1tricos Esp\u00edritas.<\/p>\n\n\n\n<p class=\"has-black-color has-text-color has-link-color has-small-font-size wp-elements-b6e8f0a656c847eff0c5c13351de5eec\">A reuni\u00e3o para funda\u00e7\u00e3o da Associa\u00e7\u00e3o ocorreu nas depend\u00eancias do Centro Esp\u00edrita \"Paz, Amor e Caridade\", no mesmo bairro. Entre os presentes, destacamos o pioneiro do movimento esp\u00edrita ara\u00e7atubense, o sr. Gede\u00e3o Fernandes de Miranda. A a\u00e7\u00e3o assistencial se desdobrou com inaugura\u00e7\u00e3o do pr\u00e9dio pr\u00f3prio em 1933. Por exig\u00eancia dos \u00f3rg\u00e3os governamentais, o trabalho foi desdobrado em duas a\u00e7\u00f5es espec\u00edficas, de atendimento a doentes mentais e a crian\u00e7as \u00f3rf\u00e3s e carenciadas. Assim, surgia a \"Casa da Crian\u00e7a\" e o Asilo \"Dr.Jaime de Oliveira\". Estas institui\u00e7\u00f5es foram, respectivamente, desativada e transformado em Sanat\u00f3rio que homenageia Benedita, nos anos 50, ap\u00f3s a desencarna\u00e7\u00e3o da fundadora.<\/p>\n\n\n\n<p class=\"has-black-color has-text-color has-link-color has-small-font-size wp-elements-14b3dda961d5cec04a8a4d7d6f1037d3\">Benedita Fernandes tamb\u00e9m oferecia um curso em colabora\u00e7\u00e3o com a prefeitura e mantinha um albergue noturno. Al\u00e9m de seu trabalho caritativo, ela tamb\u00e9m atuava como m\u00e9dium, principalmente como passista, e deixou muitos exemplos nobres. Benedita Fernandes tamb\u00e9m se tornou uma das pioneiras do atual movimento de uni\u00e3o dos esp\u00edritas quando, em 30 de agosto de 1940, fundou a Uni\u00e3o Esp\u00edrita Regional do Noroeste e foi eleita sua presidente. No entanto, esse movimento s\u00f3 floresceu realmente com a funda\u00e7\u00e3o da Uni\u00e3o das Sociedades Esp\u00edritas do Estado de S\u00e3o Paulo, em 1947.<\/p>\n\n\n\n<p class=\"has-black-color has-text-color has-link-color has-small-font-size wp-elements-c4d8c76e16f523ab482e2cc9e3550202\">Assim, Benedita participou ativamente do movimento esp\u00edrita da cidade, realizando visitas e campanhas na regi\u00e3o. Ela mantinha correspond\u00eancia com Cairbar Schutel, que sempre publicava not\u00edcias sobre seu trabalho no hist\u00f3rico jornal \u201cO Clarim\u201d. Recebeu a visita de personalidades importantes como Jo\u00e3o Le\u00e3o Pitta e Leopoldo Machado. A este \u00faltimo, ela chegou a acompanhar em uma hist\u00f3rica reuni\u00e3o esp\u00edrita na cidade de Cruzeiro, S\u00e3o Paulo. O pioneiro Dr. Tomaz Novelino (de Franca, S\u00e3o Paulo) tamb\u00e9m menciona a reuni\u00e3o da qual participou junto com Benedita e que tratou dos doentes mentais. Em\u00edlia Santos, sobre a qual tamb\u00e9m foi escrita uma biografia, e muitas outras personalidades destacadas da \u00e9poca colaboraram com Benedita. Ela contou com o apoio das autoridades municipais e estaduais, esp\u00edritas, ma\u00e7ons e da popula\u00e7\u00e3o.<\/p>\n\n\n\n<p class=\"has-black-color has-text-color has-link-color has-small-font-size wp-elements-b331d4d7c839e87ae83341c8c8b28455\">H\u00e1 muitas hist\u00f3rias comoventes sobre seu compromisso com o bem, que ela realizou em colabora\u00e7\u00e3o com a comunidade. Atualmente, suas obras anteriores est\u00e3o limitadas ao sanat\u00f3rio \u201cBenedita Fernandes\u201d. Em sua homenagem, a rua do sanat\u00f3rio no bairro de Santana tamb\u00e9m leva seu nome. Existem in\u00fameras institui\u00e7\u00f5es esp\u00edritas em S\u00e3o Paulo e em outros estados que levam seu nome ou t\u00eam departamentos que levam seu nome.<\/p>\n\n\n\n<p class=\"has-black-color has-text-color has-link-color has-small-font-size wp-elements-9a3d7f0e457de0a542c57c7c3b59ebb3\">Um fato que contribuiu para a divulga\u00e7\u00e3o da obra de Benedita Fernandes foi uma mensagem psicografada por Francisco Xavier intitulada \u201cNum Domingo de Calor\u201d, assinada por Hil\u00e1rio Silva e publicada no \u201cAnu\u00e1rio Esp\u00edrita 1964\u201d. \u201cBenedita Fernandes, a desinteressada fundadora da Associa\u00e7\u00e3o das Senhoras Esp\u00edritas Crist\u00e3s em Ara\u00e7atuba, no estado de S\u00e3o Paulo, foi convidada para uma reuni\u00e3o de mulheres dedicadas \u00e0 caridade para discutir diversos problemas relacionados a projetos de ajuda. Como estava especialmente comprometida com os possu\u00eddos e os doentes mentais, n\u00e3o p\u00f4de recusar o convite. No entanto, a presen\u00e7a da conhecida mission\u00e1ria causou alvoro\u00e7o.<\/p>\n\n\n\n<p class=\"has-black-color has-text-color has-link-color has-small-font-size wp-elements-0877a2a9f28e6af9941360a0f7e05f83\">Era um domingo muito quente e Benedita usava um casaco grosso de l\u00e3, que s\u00f3 seria apropriado para o frio.<\/p>\n\n\n\n<div class=\"wp-block-group is-layout-constrained wp-block-group-is-layout-constrained\">\n<p class=\"has-black-color has-text-color has-link-color has-small-font-size wp-elements-576a59b3d0167dc7a62ad2b45fdc9bdd\">\u2013 \u201cQue loucura!\u201d, sussurrou algu\u00e9m a pouca dist\u00e2ncia.<\/p>\n\n\n\n<p class=\"has-black-color has-text-color has-link-color has-small-font-size wp-elements-59f924fc289714198fe04873f8e42140\">\u2013 \u201cComo lida tanto com loucos, a pobre esp\u00edrita enlouqueceu...\u201d, disse em voz baixa uma elegante senhora \u00e0 sua vizinha de assento.<\/p>\n\n\n\n<p class=\"has-black-color has-text-color has-link-color has-small-font-size wp-elements-dbad5028d91a16d2c5fbd444748ae9e1\">\u2013 \u201c\u00c9 pura vaidade\u201d, disse outra, \u201cele quer ser diferente\u201d.<\/p>\n\n\n\n<p class=\"has-black-color has-text-color has-link-color has-small-font-size wp-elements-d5dafd3dc5dc7fd4d7ce87233d3b38f2\">\u2013 \u201cCaso de obsess\u00e3o!\u201d, - disse uma amiga em voz baixa.<\/p>\n<\/div>\n\n\n\n<p class=\"has-black-color has-text-color has-link-color has-small-font-size wp-elements-662a280252345917eec0240b2b4b208a\">Em meio aos trabalhos, contudo, por notar agita\u00e7\u00f5es na assembl\u00e9ia, a presidente alegou que Benedita suava por todos os poros, e, em raz\u00e3o disso, rogou a ela que tirasse o mant\u00f4 por gentileza. Benedita Fernandes, embora constrangida, obedeceu com humildade e s\u00f3 a\u00ed as damas presentes puderam ver que a mulher admir\u00e1vel, que sustentava em Ara\u00e7atuba dezenas de enfermos, com o suor do pr\u00f3prio rosto, envergava singelo vestido de chit\u00e3o com remendos enormes.<\/p>\n\n\n\n<p class=\"has-black-color has-text-color has-link-color has-small-font-size wp-elements-3485575337f23d1f2a78683dc4137d79\">Em 8 de outubro de 1947, \u00e0s 23 horas, ela sentiu-se mal enquanto conversava com as crian\u00e7as e lhes dava conselhos. Em 9 de outubro de 1947, ela faleceu pacificamente aos 64 anos. Seu funeral foi o mais concorrido da \u00e9poca e, at\u00e9 hoje, seu t\u00famulo \u00e9 um dos mais visitados da cidade de Ara\u00e7atuba.<\/p>\n<\/div><\/div>\n\n\n\n<div class=\"wp-block-uagb-container uagb-block-764e9c05 alignfull uagb-is-root-container\"><div class=\"uagb-container-inner-blocks-wrap\"><\/div><\/div>\n\n\n\n<div class=\"wp-block-uagb-container uagb-block-7f45c556 alignfull uagb-is-root-container\"><div class=\"uagb-container-inner-blocks-wrap\"><\/div><\/div>","protected":false},"excerpt":{"rendered":"<p>Benedita Fernandes Benedita Fernandes naci\u00f3 el 27 de junio de 1883 en Campos Novos de Cunha (S\u00e3o Paulo) y falleci\u00f3 el 9 de octubre de 1947 en Ara\u00e7atuba. La iniciaci\u00f3n de Benedita Fernandes en las actividades espiritas fue muy inusual. Atormentada por una terrible posesi\u00f3n, una aut\u00e9ntica sumisi\u00f3n, Benedita perdi\u00f3 el contacto con su familia [&hellip;]<\/p>","protected":false},"author":1,"featured_media":0,"parent":0,"menu_order":0,"comment_status":"closed","ping_status":"closed","template":"","meta":{"_uag_custom_page_level_css":"","site-sidebar-layout":"default","site-content-layout":"","ast-site-content-layout":"default","site-content-style":"default","site-sidebar-style":"default","ast-global-header-display":"","ast-banner-title-visibility":"","ast-main-header-display":"","ast-hfb-above-header-display":"","ast-hfb-below-header-display":"","ast-hfb-mobile-header-display":"","site-post-title":"disabled","ast-breadcrumbs-content":"","ast-featured-img":"","footer-sml-layout":"","theme-transparent-header-meta":"","adv-header-id-meta":"","stick-header-meta":"","header-above-stick-meta":"","header-main-stick-meta":"","header-below-stick-meta":"","astra-migrate-meta-layouts":"set","ast-page-background-enabled":"default","ast-page-background-meta":{"desktop":{"background-color":"var(--ast-global-color-4)","background-image":"","background-repeat":"repeat","background-position":"center center","background-size":"auto","background-attachment":"scroll","background-type":"","background-media":"","overlay-type":"","overlay-color":"","overlay-opacity":"","overlay-gradient":""},"tablet":{"background-color":"","background-image":"","background-repeat":"repeat","background-position":"center center","background-size":"auto","background-attachment":"scroll","background-type":"","background-media":"","overlay-type":"","overlay-color":"","overlay-opacity":"","overlay-gradient":""},"mobile":{"background-color":"","background-image":"","background-repeat":"repeat","background-position":"center center","background-size":"auto","background-attachment":"scroll","background-type":"","background-media":"","overlay-type":"","overlay-color":"","overlay-opacity":"","overlay-gradient":""}},"ast-content-background-meta":{"desktop":{"background-color":"var(--ast-global-color-5)","background-image":"","background-repeat":"repeat","background-position":"center center","background-size":"auto","background-attachment":"scroll","background-type":"","background-media":"","overlay-type":"","overlay-color":"","overlay-opacity":"","overlay-gradient":""},"tablet":{"background-color":"var(--ast-global-color-5)","background-image":"","background-repeat":"repeat","background-position":"center center","background-size":"auto","background-attachment":"scroll","background-type":"","background-media":"","overlay-type":"","overlay-color":"","overlay-opacity":"","overlay-gradient":""},"mobile":{"background-color":"var(--ast-global-color-5)","background-image":"","background-repeat":"repeat","background-position":"center center","background-size":"auto","background-attachment":"scroll","background-type":"","background-media":"","overlay-type":"","overlay-color":"","overlay-opacity":"","overlay-gradient":""}},"footnotes":""},"class_list":["post-8501","page","type-page","status-publish","hentry"],"yoast_head":"<!-- This site is optimized with the Yoast SEO Premium plugin v24.2 (Yoast SEO v24.6) - https:\/\/yoast.com\/wordpress\/plugins\/seo\/ -->\n<title>Benedita Fernandes - Uni\u00f3n Esp\u00edrita<\/title>\n<meta name=\"robots\" content=\"index, follow, max-snippet:-1, max-image-preview:large, max-video-preview:-1\" \/>\n<link rel=\"canonical\" href=\"https:\/\/nuevo-renacer.com\/pt\/benedita-fernandes\/\" \/>\n<meta property=\"og:locale\" content=\"pt_BR\" \/>\n<meta property=\"og:type\" content=\"article\" \/>\n<meta property=\"og:title\" content=\"Benedita Fernandes\" \/>\n<meta property=\"og:description\" content=\"Benedita Fernandes Benedita Fernandes naci\u00f3 el 27 de junio de 1883 en Campos Novos de Cunha (S\u00e3o Paulo) y falleci\u00f3 el 9 de octubre de 1947 en Ara\u00e7atuba. La iniciaci\u00f3n de Benedita Fernandes en las actividades espiritas fue muy inusual. Atormentada por una terrible posesi\u00f3n, una aut\u00e9ntica sumisi\u00f3n, Benedita perdi\u00f3 el contacto con su familia [&hellip;]\" \/>\n<meta property=\"og:url\" content=\"https:\/\/nuevo-renacer.com\/pt\/benedita-fernandes\/\" \/>\n<meta property=\"og:site_name\" content=\"Uni\u00f3n Esp\u00edrita\" \/>\n<meta property=\"article:publisher\" content=\"https:\/\/www.facebook.com\/groups\/3431398063740829\" \/>\n<meta property=\"article:modified_time\" content=\"2025-09-04T08:02:36+00:00\" \/>\n<meta property=\"og:image\" content=\"https:\/\/nuevo-renacer.com\/wp-content\/uploads\/2025\/09\/benedita.jpeg\" \/>\n\t<meta property=\"og:image:width\" content=\"805\" \/>\n\t<meta property=\"og:image:height\" content=\"779\" \/>\n\t<meta property=\"og:image:type\" content=\"image\/jpeg\" \/>\n<meta name=\"twitter:card\" content=\"summary_large_image\" \/>\n<meta name=\"twitter:label1\" content=\"Est. tempo de leitura\" \/>\n\t<meta name=\"twitter:data1\" content=\"6 minutos\" \/>\n<script type=\"application\/ld+json\" class=\"yoast-schema-graph\">{\"@context\":\"https:\/\/schema.org\",\"@graph\":[{\"@type\":\"WebPage\",\"@id\":\"https:\/\/nuevo-renacer.com\/benedita-fernandes\/\",\"url\":\"https:\/\/nuevo-renacer.com\/benedita-fernandes\/\",\"name\":\"Benedita Fernandes - Uni\u00f3n Esp\u00edrita\",\"isPartOf\":{\"@id\":\"https:\/\/nuevo-renacer.com\/#website\"},\"primaryImageOfPage\":{\"@id\":\"https:\/\/nuevo-renacer.com\/benedita-fernandes\/#primaryimage\"},\"image\":{\"@id\":\"https:\/\/nuevo-renacer.com\/benedita-fernandes\/#primaryimage\"},\"thumbnailUrl\":\"https:\/\/nuevo-renacer.com\/wp-content\/uploads\/2025\/09\/benedita.jpeg\",\"datePublished\":\"2025-09-04T08:02:34+00:00\",\"dateModified\":\"2025-09-04T08:02:36+00:00\",\"breadcrumb\":{\"@id\":\"https:\/\/nuevo-renacer.com\/benedita-fernandes\/#breadcrumb\"},\"inLanguage\":\"pt-BR\",\"potentialAction\":[{\"@type\":\"ReadAction\",\"target\":[\"https:\/\/nuevo-renacer.com\/benedita-fernandes\/\"]}]},{\"@type\":\"ImageObject\",\"inLanguage\":\"pt-BR\",\"@id\":\"https:\/\/nuevo-renacer.com\/benedita-fernandes\/#primaryimage\",\"url\":\"https:\/\/nuevo-renacer.com\/wp-content\/uploads\/2025\/09\/benedita.jpeg\",\"contentUrl\":\"https:\/\/nuevo-renacer.com\/wp-content\/uploads\/2025\/09\/benedita.jpeg\"},{\"@type\":\"BreadcrumbList\",\"@id\":\"https:\/\/nuevo-renacer.com\/benedita-fernandes\/#breadcrumb\",\"itemListElement\":[{\"@type\":\"ListItem\",\"position\":1,\"name\":\"Startseite\",\"item\":\"https:\/\/nuevo-renacer.com\/\"},{\"@type\":\"ListItem\",\"position\":2,\"name\":\"Benedita Fernandes\"}]},{\"@type\":\"WebSite\",\"@id\":\"https:\/\/nuevo-renacer.com\/#website\",\"url\":\"https:\/\/nuevo-renacer.com\/\",\"name\":\"Uni\u00f3n Esp\u00edrita\",\"description\":\"Nuevo Renacer\",\"publisher\":{\"@id\":\"https:\/\/nuevo-renacer.com\/#organization\"},\"potentialAction\":[{\"@type\":\"SearchAction\",\"target\":{\"@type\":\"EntryPoint\",\"urlTemplate\":\"https:\/\/nuevo-renacer.com\/?s={search_term_string}\"},\"query-input\":{\"@type\":\"PropertyValueSpecification\",\"valueRequired\":true,\"valueName\":\"search_term_string\"}}],\"inLanguage\":\"pt-BR\"},{\"@type\":\"Organization\",\"@id\":\"https:\/\/nuevo-renacer.com\/#organization\",\"name\":\"UFEC\",\"url\":\"https:\/\/nuevo-renacer.com\/\",\"logo\":{\"@type\":\"ImageObject\",\"inLanguage\":\"pt-BR\",\"@id\":\"https:\/\/nuevo-renacer.com\/#\/schema\/logo\/image\/\",\"url\":\"https:\/\/nuevo-renacer.com\/wp-content\/uploads\/2024\/05\/cropped-LOGO-TERMINADO1-3-3.png\",\"contentUrl\":\"https:\/\/nuevo-renacer.com\/wp-content\/uploads\/2024\/05\/cropped-LOGO-TERMINADO1-3-3.png\",\"width\":512,\"height\":512,\"caption\":\"UFEC\"},\"image\":{\"@id\":\"https:\/\/nuevo-renacer.com\/#\/schema\/logo\/image\/\"},\"sameAs\":[\"https:\/\/www.facebook.com\/groups\/3431398063740829\"]}]}<\/script>\n<!-- \/ Yoast SEO Premium plugin. -->","yoast_head_json":{"title":"Benedita Fernandes - Uni\u00f3n Esp\u00edrita","robots":{"index":"index","follow":"follow","max-snippet":"max-snippet:-1","max-image-preview":"max-image-preview:large","max-video-preview":"max-video-preview:-1"},"canonical":"https:\/\/nuevo-renacer.com\/pt\/benedita-fernandes\/","og_locale":"pt_BR","og_type":"article","og_title":"Benedita Fernandes","og_description":"Benedita Fernandes Benedita Fernandes naci\u00f3 el 27 de junio de 1883 en Campos Novos de Cunha (S\u00e3o Paulo) y falleci\u00f3 el 9 de octubre de 1947 en Ara\u00e7atuba. La iniciaci\u00f3n de Benedita Fernandes en las actividades espiritas fue muy inusual. Atormentada por una terrible posesi\u00f3n, una aut\u00e9ntica sumisi\u00f3n, Benedita perdi\u00f3 el contacto con su familia [&hellip;]","og_url":"https:\/\/nuevo-renacer.com\/pt\/benedita-fernandes\/","og_site_name":"Uni\u00f3n Esp\u00edrita","article_publisher":"https:\/\/www.facebook.com\/groups\/3431398063740829","article_modified_time":"2025-09-04T08:02:36+00:00","og_image":[{"width":805,"height":779,"url":"https:\/\/nuevo-renacer.com\/wp-content\/uploads\/2025\/09\/benedita.jpeg","type":"image\/jpeg"}],"twitter_card":"summary_large_image","twitter_misc":{"Est. tempo de leitura":"6 minutos"},"schema":{"@context":"https:\/\/schema.org","@graph":[{"@type":"WebPage","@id":"https:\/\/nuevo-renacer.com\/benedita-fernandes\/","url":"https:\/\/nuevo-renacer.com\/benedita-fernandes\/","name":"Benedita Fernandes - Uni\u00f3n Esp\u00edrita","isPartOf":{"@id":"https:\/\/nuevo-renacer.com\/#website"},"primaryImageOfPage":{"@id":"https:\/\/nuevo-renacer.com\/benedita-fernandes\/#primaryimage"},"image":{"@id":"https:\/\/nuevo-renacer.com\/benedita-fernandes\/#primaryimage"},"thumbnailUrl":"https:\/\/nuevo-renacer.com\/wp-content\/uploads\/2025\/09\/benedita.jpeg","datePublished":"2025-09-04T08:02:34+00:00","dateModified":"2025-09-04T08:02:36+00:00","breadcrumb":{"@id":"https:\/\/nuevo-renacer.com\/benedita-fernandes\/#breadcrumb"},"inLanguage":"pt-BR","potentialAction":[{"@type":"ReadAction","target":["https:\/\/nuevo-renacer.com\/benedita-fernandes\/"]}]},{"@type":"ImageObject","inLanguage":"pt-BR","@id":"https:\/\/nuevo-renacer.com\/benedita-fernandes\/#primaryimage","url":"https:\/\/nuevo-renacer.com\/wp-content\/uploads\/2025\/09\/benedita.jpeg","contentUrl":"https:\/\/nuevo-renacer.com\/wp-content\/uploads\/2025\/09\/benedita.jpeg"},{"@type":"BreadcrumbList","@id":"https:\/\/nuevo-renacer.com\/benedita-fernandes\/#breadcrumb","itemListElement":[{"@type":"ListItem","position":1,"name":"Startseite","item":"https:\/\/nuevo-renacer.com\/"},{"@type":"ListItem","position":2,"name":"Benedita Fernandes"}]},{"@type":"WebSite","@id":"https:\/\/nuevo-renacer.com\/#website","url":"https:\/\/nuevo-renacer.com\/","name":"Uni\u00f3n Esp\u00edrita","description":"Nuevo Renacer","publisher":{"@id":"https:\/\/nuevo-renacer.com\/#organization"},"potentialAction":[{"@type":"SearchAction","target":{"@type":"EntryPoint","urlTemplate":"https:\/\/nuevo-renacer.com\/?s={search_term_string}"},"query-input":{"@type":"PropertyValueSpecification","valueRequired":true,"valueName":"search_term_string"}}],"inLanguage":"pt-BR"},{"@type":"Organization","@id":"https:\/\/nuevo-renacer.com\/#organization","name":"UFEC","url":"https:\/\/nuevo-renacer.com\/","logo":{"@type":"ImageObject","inLanguage":"pt-BR","@id":"https:\/\/nuevo-renacer.com\/#\/schema\/logo\/image\/","url":"https:\/\/nuevo-renacer.com\/wp-content\/uploads\/2024\/05\/cropped-LOGO-TERMINADO1-3-3.png","contentUrl":"https:\/\/nuevo-renacer.com\/wp-content\/uploads\/2024\/05\/cropped-LOGO-TERMINADO1-3-3.png","width":512,"height":512,"caption":"UFEC"},"image":{"@id":"https:\/\/nuevo-renacer.com\/#\/schema\/logo\/image\/"},"sameAs":["https:\/\/www.facebook.com\/groups\/3431398063740829"]}]}},"uagb_featured_image_src":{"full":false,"thumbnail":false,"medium":false,"medium_large":false,"large":false,"1536x1536":false,"2048x2048":false,"trp-custom-language-flag":false},"uagb_author_info":{"display_name":"adbv0","author_link":"https:\/\/nuevo-renacer.com\/pt\/author\/adbv0\/"},"uagb_comment_info":0,"uagb_excerpt":"Benedita Fernandes Benedita Fernandes naci\u00f3 el 27 de junio de 1883 en Campos Novos de Cunha (S\u00e3o Paulo) y falleci\u00f3 el 9 de octubre de 1947 en Ara\u00e7atuba. La iniciaci\u00f3n de Benedita Fernandes en las actividades espiritas fue muy inusual. Atormentada por una terrible posesi\u00f3n, una aut\u00e9ntica sumisi\u00f3n, Benedita perdi\u00f3 el contacto con su familia&hellip;","jetpack_sharing_enabled":true,"_links":{"self":[{"href":"https:\/\/nuevo-renacer.com\/pt\/wp-json\/wp\/v2\/pages\/8501","targetHints":{"allow":["GET"]}}],"collection":[{"href":"https:\/\/nuevo-renacer.com\/pt\/wp-json\/wp\/v2\/pages"}],"about":[{"href":"https:\/\/nuevo-renacer.com\/pt\/wp-json\/wp\/v2\/types\/page"}],"author":[{"embeddable":true,"href":"https:\/\/nuevo-renacer.com\/pt\/wp-json\/wp\/v2\/users\/1"}],"replies":[{"embeddable":true,"href":"https:\/\/nuevo-renacer.com\/pt\/wp-json\/wp\/v2\/comments?post=8501"}],"version-history":[{"count":1,"href":"https:\/\/nuevo-renacer.com\/pt\/wp-json\/wp\/v2\/pages\/8501\/revisions"}],"predecessor-version":[{"id":8503,"href":"https:\/\/nuevo-renacer.com\/pt\/wp-json\/wp\/v2\/pages\/8501\/revisions\/8503"}],"wp:attachment":[{"href":"https:\/\/nuevo-renacer.com\/pt\/wp-json\/wp\/v2\/media?parent=8501"}],"curies":[{"name":"wp","href":"https:\/\/api.w.org\/{rel}","templated":true}]}}