{"id":8475,"date":"2025-09-02T06:09:05","date_gmt":"2025-09-02T06:09:05","guid":{"rendered":"https:\/\/nuevo-renacer.com\/?page_id=8475"},"modified":"2025-09-02T06:16:45","modified_gmt":"2025-09-02T06:16:45","slug":"andrew-jackson-davis","status":"publish","type":"page","link":"https:\/\/nuevo-renacer.com\/pt\/andrew-jackson-davis\/","title":{"rendered":"Andrew Jackson Davis"},"content":{"rendered":"<div class=\"wp-block-uagb-container uagb-block-631337f4 alignfull uagb-is-root-container\"><div class=\"uagb-container-inner-blocks-wrap\">\n<p class=\"has-black-color has-text-color has-link-color has-medium-font-size wp-elements-9bafeee960c6dcf3b9ee8bff740025fc\"><strong>Andrew Jackson Davis<\/strong><\/p>\n<\/div><\/div>\n\n\n\n<div class=\"wp-block-uagb-container uagb-block-f76acd6a alignfull uagb-is-root-container\"><div class=\"uagb-container-inner-blocks-wrap\">\n<figure class=\"wp-block-image alignleft size-full is-resized\"><img fetchpriority=\"high\" decoding=\"async\" width=\"484\" height=\"430\" src=\"https:\/\/nuevo-renacer.com\/wp-content\/uploads\/2025\/09\/7267290-L.jpg\" alt=\"\" class=\"wp-image-8476\" style=\"width:302px;height:auto\" srcset=\"https:\/\/nuevo-renacer.com\/wp-content\/uploads\/2025\/09\/7267290-L.jpg 484w, https:\/\/nuevo-renacer.com\/wp-content\/uploads\/2025\/09\/7267290-L-300x267.jpg 300w, https:\/\/nuevo-renacer.com\/wp-content\/uploads\/2025\/09\/7267290-L-14x12.jpg 14w\" sizes=\"(max-width: 484px) 100vw, 484px\" \/><\/figure>\n<\/div><\/div>\n\n\n\n<div class=\"wp-block-uagb-container uagb-block-894dd7b2 alignfull uagb-is-root-container\"><div class=\"uagb-container-inner-blocks-wrap\">\n<p class=\"has-black-color has-text-color has-link-color has-small-font-size wp-elements-6f5b3ac61ff8e17eb253ed59291f0ca5\">Andrew Jackson Davis, cognominado O \"Pai do Espiritualismo Moderno\", o \"Allan Kardec americano\", filho de pais humildes e incultos, nasceu, em 11 de agosto de 1826, num distrito rural do Estado de Nova Iorque (EUA), \u00e0s margens do rio Hudson, entre gente simples e ignorante. Era um menino pouco atilado, falto de atividade intelectual, corpo mirrado, sem nenhum tra\u00e7o que denunciasse a sua excepcional mediunidade futura. Tal como sucedeu com Francisco C\u00e2ndido Xavier, o c\u00e9lebre m\u00e9dium brasileiro, Jackson Davis come\u00e7ou a ouvir, nos derradeiros anos de sua inf\u00e2ncia, vozes agrad\u00e1veis e gentis, seguidas de belas clarivid\u00eancias, nele se desenvolvendo ao mesmo tempo os dons medi\u00fanicos - com aplica\u00e7\u00e3o em diagn\u00f3sticos m\u00e9dicos.<\/p>\n\n\n\n<p class=\"has-black-color has-text-color has-link-color has-small-font-size wp-elements-5a72c60cd556f4fcb0cbd53caef22775\">Em 6 de mar\u00e7o de 1844, provavelmente em corpo perispir\u00edtico, foi transportado da pequena localidade de Poughkeepsie, onde morava, \u00e0s montanhas de Catskill, quarenta milhas distantes. Nestas montanhas encontrou dois anci\u00e3es, que lhe revelaram ser seus mentores, posteriormente identificados como os Esp\u00edritos de Galeno e de Swedenborg. Foi este o primeiro contato que o rapazinho teve com os chamados mortos. Com o tempo, sua mediunidade ganhou novos rumos. Quando em transe, falava v\u00e1rias l\u00ednguas, inclusive o hebraico, todas dele desconhecidas, expondo admir\u00e1veis conhecimentos de Geologia e discutindo, com rara habilidade, intrincadas quest\u00f5es de Arqueologia hist\u00f3rica e b\u00edblica, de Mitologia, bem como temas lingu\u00edsticos e sociais - apesar de nada conhecer de gram\u00e1tica ou de regras de linguagem e sem quaisquer estudos liter\u00e1rios ou cient\u00edficos. De tal modo eram as respostas, que \"fariam honra - segundo o Dr. Jorge Bush, professor da Universidade de Nova Iorque - a qualquer estudante daquela idade, mesmo que, para as fornecer, tivesse consultado todas as bibliotecas da Cristandade.<\/p>\n\n\n\n<p class=\"has-black-color has-text-color has-link-color has-small-font-size wp-elements-46b460a848680855200384f891ee5bee\">Sua pessoa chamou logo a aten\u00e7\u00e3o do Dr. Lyon, do Rev. Guilherme Fishbough e de muitos homens s\u00e9rios e cultos, entre os quais sobressai o nome de Edgar Allan Poe. Durante dois anos, Davis ditou, em transe inconsciente, um livro sobre os segredos da Natureza, dado a p\u00fablico, em 1847, sob o t\u00edtulo \"Os Princ\u00edpios da Natureza\". A ele Conan Doyle se referiu, dizendo ser \"um dos livros mais profundos e originais de Filosofia\" e conta, nos Estados Unidos, com dezenas de edi\u00e7\u00f5es\u201d. Fato semelhante mais tarde se passaria, aqui no Brasil, com o m\u00e9dium atr\u00e1s citado, o qual, nascido em meio igualmente pobre e inculto, e sem conhecimentos \u00e0 altura, psicografou, aos vinte anos, a not\u00e1vel e original\u00edssima obra po\u00e9tica - \"Parnaso de Al\u00e9m-T\u00famulo.<\/p>\n\n\n\n<p class=\"has-black-color has-text-color has-link-color has-small-font-size wp-elements-6782640c6f99b6637b18c759d8aff149\">Como este m\u00e9dium, Davis tamb\u00e9m recebeu muitos outros livros, cerca de trinta, em parte editados com o t\u00edtulo geral de \"Filosofia Harm\u00f4nica\", a ele transmitidos pela entidade espiritual Swedenborg. Dezenas de edi\u00e7\u00f5es foram publicadas nos Estados Unidos, o que bem mostra o interesse que suas doutrinas reveladoras despertaram, conquistando milhares de pros\u00e9litos. Davis n\u00e3o era um m\u00edstico nem um religioso no sentido vulgar, e nem aceitava a revela\u00e7\u00e3o b\u00edblica na sua interpreta\u00e7\u00e3o literal. Todavia, era honrado, s\u00e9rio, incorrupt\u00edvel, amante da Verdade e sinceramente compenetrado de sua responsabilidade naqueles acontecimentos renovadores.<\/p>\n\n\n\n<p class=\"has-black-color has-text-color has-link-color has-small-font-size wp-elements-5cff7d83e616f9f3cad664b139df8738\">Na sua pobreza material, jamais esqueceu a justi\u00e7a e a caridade para com todos. Suas faculdades median\u00edmicas chegaram a maior desenvolvimento depois dos 21 anos de idade, e ele pode ent\u00e3o observar mais claramente o processo desencarnat\u00f3rio de v\u00e1rias pessoas, narrando o em todas as min\u00facias. Suas descri\u00e7\u00f5es est\u00e3o concordes com in\u00fameras outras feitas por m\u00e9diuns de diferentes pa\u00edses, adquirindo na obra medi\u00fanica de Francisco C\u00e2ndido Xavier complementa\u00e7\u00e3o assaz relevante.<\/p>\n\n\n\n<p class=\"has-black-color has-text-color has-link-color has-small-font-size wp-elements-5af4ea568a5c2ebdc0b2ca8b2e560fc7\">Antes de 1856, Jackson Davis profetizou o aparecimento dos autom\u00f3veis e dos ve\u00edculos a\u00e9reos movidos por uma for\u00e7a motriz de natureza explosiva, como tamb\u00e9m as m\u00e1quinas de escrever e, ao que tudo indica, as locomotivas com motores de combust\u00e3o interna. \u00c9 extraordin\u00e1ria, pasmosa mesmo, a riqueza de detalhes que acerca desses inventos futuros Davis deixou estampados em sua obra \"Penetralia\", hoje centen\u00e1ria. Afora isso, ele tamb\u00e9m predisse, em 1847, a manifesta\u00e7\u00e3o ostensiva dos Esp\u00edritos com as criaturas humanas, frisando que n\u00e3o levaria muito tempo para que essa verdade se revelasse numa exuberante demonstra\u00e7\u00e3o. Sua obra inicial, de grande luminosidade, foi uma prepara\u00e7\u00e3o para o aparecimento do Espiritismo, e numa de suas notas, datada a 31 de mar\u00e7o de 1848, l\u00ea-se este significativo trecho: \"Esta madrugada um sopro fresco passou pelo meu rosto, e ouvi uma voz, suave e firme, dizer-me: \"Irm\u00e3o, foi dado in\u00edcio a um bom trabalho; contempla a demonstra\u00e7\u00e3o viva que surge.\" Pus-me a cismar no significado de tal mensagem\u201d.<\/p>\n\n\n\n<p class=\"has-black-color has-text-color has-link-color has-small-font-size wp-elements-617d2084823eabb2be52232c1d2edf2e\">Muito longe estava ele de supor que, justamente na noite do citado dia, as irm\u00e3s Fox, em Hydesville, conversariam, por meio de batidas, com o Esp\u00edrito de um morto, inaugurando o grandioso movimento espiritista mundial. Por causa desse fato, Jackson Davis passou a ser citado por alguns escritores esp\u00edritas como \"o profeta da Nova Revela\u00e7\u00e3o\u201d. A s\u00e9rie de livros sob o t\u00edtulo geral de \"Filosofia Harm\u00f4nica\", livros de alto n\u00edvel moral e intelectual, seguiram- se as \"Revela\u00e7\u00f5es Divinas da Natureza\", cuja recep\u00e7\u00e3o absorveu os anos seguintes de sua vida. (...)<\/p>\n\n\n\n<p class=\"has-black-color has-text-color has-link-color has-small-font-size wp-elements-a24f18cbf36a951f981f99615337cddf\">Nas viagens que, desprendido do corpo, fez ao Mundo dos Esp\u00edritos, Davis presenciou, num lugar a que chamou \"Summerland\", a educa\u00e7\u00e3o harmoniosa das crian\u00e7as desencarnadas, reunidas, por grupos, em grandes e belos edif\u00edcios, nos quais se lhes administrava instru\u00e7\u00e3o e cuidados especiais, tudo de acordo com a idade e os conhecimentos delas. Davis ficou t\u00e3o maravilhado com o sistema ali adotado e sua engenhosa organiza\u00e7\u00e3o que buscou concretiz\u00e1-lo no plano terrestre. Da\u00ed nasceu o primeiro Liceu Espiritista, por ele fundado em 25 de janeiro de 1863, em Dodsworth Hall, Broadway, Nova Iorque. Esse movimento liceano ramificou-se nos Estados Unidos e propagou-se \u00e0 Inglaterra, ao Canad\u00e1, \u00e0 Austr\u00e1lia, etc.<\/p>\n\n\n\n<p class=\"has-black-color has-text-color has-link-color has-small-font-size wp-elements-434fa5769bee2f82f61af7ce9d748caa\">O c\u00e9lebre vidente americano sofreu acusa\u00e7\u00f5es caluniosas e cr\u00edticas acerbas, contra ele assacadas pelos eternos malversadores da Verdade. Homem superior, a tudo se sobrepunha com toler\u00e2ncia evang\u00e9lica e larga compreens\u00e3o. Nos \u00faltimos anos de vida, Andrew Jackson Davis dirigiu uma pequena livraria em Boston, e aos 13 de janeiro de 1910, com a idade de 84 anos, desencarnava na sua resid\u00eancia de Watertown, no Estado de Massachusetts, legando \u00e0 Humanidade o exemplo dignificante de sua frutuosa exist\u00eancia.<\/p>\n<\/div><\/div>\n\n\n\n<div class=\"wp-block-uagb-container uagb-block-62b44c17 alignfull uagb-is-root-container\"><div class=\"uagb-container-inner-blocks-wrap\"><\/div><\/div>\n\n\n\n<div class=\"wp-block-uagb-container uagb-block-3290b960 alignfull uagb-is-root-container\"><div class=\"uagb-container-inner-blocks-wrap\"><\/div><\/div>","protected":false},"excerpt":{"rendered":"<p>Andrew Jackson Davis Andrew Jackson Davis, apodado \u00abel padre del espiritismo moderno\u00bb y \u00abel Allan Kardec estadounidense\u00bb, hijo de padres humildes y sin estudios, naci\u00f3 el 11 de agosto de 1826 en un distrito rural del estado de Nueva York (EE. UU.), a orillas del r\u00edo Hudson, entre gente sencilla e ignorante. Era un ni\u00f1o [&hellip;]<\/p>","protected":false},"author":1,"featured_media":0,"parent":0,"menu_order":0,"comment_status":"closed","ping_status":"closed","template":"","meta":{"_uag_custom_page_level_css":"","site-sidebar-layout":"default","site-content-layout":"","ast-site-content-layout":"default","site-content-style":"default","site-sidebar-style":"default","ast-global-header-display":"","ast-banner-title-visibility":"","ast-main-header-display":"","ast-hfb-above-header-display":"","ast-hfb-below-header-display":"","ast-hfb-mobile-header-display":"","site-post-title":"disabled","ast-breadcrumbs-content":"","ast-featured-img":"","footer-sml-layout":"","theme-transparent-header-meta":"","adv-header-id-meta":"","stick-header-meta":"","header-above-stick-meta":"","header-main-stick-meta":"","header-below-stick-meta":"","astra-migrate-meta-layouts":"set","ast-page-background-enabled":"default","ast-page-background-meta":{"desktop":{"background-color":"var(--ast-global-color-4)","background-image":"","background-repeat":"repeat","background-position":"center center","background-size":"auto","background-attachment":"scroll","background-type":"","background-media":"","overlay-type":"","overlay-color":"","overlay-opacity":"","overlay-gradient":""},"tablet":{"background-color":"","background-image":"","background-repeat":"repeat","background-position":"center center","background-size":"auto","background-attachment":"scroll","background-type":"","background-media":"","overlay-type":"","overlay-color":"","overlay-opacity":"","overlay-gradient":""},"mobile":{"background-color":"","background-image":"","background-repeat":"repeat","background-position":"center center","background-size":"auto","background-attachment":"scroll","background-type":"","background-media":"","overlay-type":"","overlay-color":"","overlay-opacity":"","overlay-gradient":""}},"ast-content-background-meta":{"desktop":{"background-color":"var(--ast-global-color-5)","background-image":"","background-repeat":"repeat","background-position":"center center","background-size":"auto","background-attachment":"scroll","background-type":"","background-media":"","overlay-type":"","overlay-color":"","overlay-opacity":"","overlay-gradient":""},"tablet":{"background-color":"var(--ast-global-color-5)","background-image":"","background-repeat":"repeat","background-position":"center center","background-size":"auto","background-attachment":"scroll","background-type":"","background-media":"","overlay-type":"","overlay-color":"","overlay-opacity":"","overlay-gradient":""},"mobile":{"background-color":"var(--ast-global-color-5)","background-image":"","background-repeat":"repeat","background-position":"center center","background-size":"auto","background-attachment":"scroll","background-type":"","background-media":"","overlay-type":"","overlay-color":"","overlay-opacity":"","overlay-gradient":""}},"footnotes":""},"class_list":["post-8475","page","type-page","status-publish","hentry"],"yoast_head":"<!-- This site is optimized with the Yoast SEO Premium plugin v24.2 (Yoast SEO v24.6) - https:\/\/yoast.com\/wordpress\/plugins\/seo\/ -->\n<title>Andrew Jackson Davis - Uni\u00f3n Esp\u00edrita<\/title>\n<meta name=\"robots\" content=\"index, follow, max-snippet:-1, max-image-preview:large, max-video-preview:-1\" \/>\n<link rel=\"canonical\" href=\"https:\/\/nuevo-renacer.com\/pt\/andrew-jackson-davis\/\" \/>\n<meta property=\"og:locale\" content=\"pt_BR\" \/>\n<meta property=\"og:type\" content=\"article\" \/>\n<meta property=\"og:title\" content=\"Andrew Jackson Davis\" \/>\n<meta property=\"og:description\" content=\"Andrew Jackson Davis Andrew Jackson Davis, apodado \u00abel padre del espiritismo moderno\u00bb y \u00abel Allan Kardec estadounidense\u00bb, hijo de padres humildes y sin estudios, naci\u00f3 el 11 de agosto de 1826 en un distrito rural del estado de Nueva York (EE. UU.), a orillas del r\u00edo Hudson, entre gente sencilla e ignorante. Era un ni\u00f1o [&hellip;]\" \/>\n<meta property=\"og:url\" content=\"https:\/\/nuevo-renacer.com\/pt\/andrew-jackson-davis\/\" \/>\n<meta property=\"og:site_name\" content=\"Uni\u00f3n Esp\u00edrita\" \/>\n<meta property=\"article:publisher\" content=\"https:\/\/www.facebook.com\/groups\/3431398063740829\" \/>\n<meta property=\"article:modified_time\" content=\"2025-09-02T06:16:45+00:00\" \/>\n<meta property=\"og:image\" content=\"https:\/\/nuevo-renacer.com\/wp-content\/uploads\/2025\/09\/7267290-L.jpg\" \/>\n\t<meta property=\"og:image:width\" content=\"484\" \/>\n\t<meta property=\"og:image:height\" content=\"430\" \/>\n\t<meta property=\"og:image:type\" content=\"image\/jpeg\" \/>\n<meta name=\"twitter:card\" content=\"summary_large_image\" \/>\n<meta name=\"twitter:label1\" content=\"Est. tempo de leitura\" \/>\n\t<meta name=\"twitter:data1\" content=\"7 minutos\" \/>\n<script type=\"application\/ld+json\" class=\"yoast-schema-graph\">{\"@context\":\"https:\/\/schema.org\",\"@graph\":[{\"@type\":\"WebPage\",\"@id\":\"https:\/\/nuevo-renacer.com\/andrew-jackson-davis\/\",\"url\":\"https:\/\/nuevo-renacer.com\/andrew-jackson-davis\/\",\"name\":\"Andrew Jackson Davis - Uni\u00f3n Esp\u00edrita\",\"isPartOf\":{\"@id\":\"https:\/\/nuevo-renacer.com\/#website\"},\"primaryImageOfPage\":{\"@id\":\"https:\/\/nuevo-renacer.com\/andrew-jackson-davis\/#primaryimage\"},\"image\":{\"@id\":\"https:\/\/nuevo-renacer.com\/andrew-jackson-davis\/#primaryimage\"},\"thumbnailUrl\":\"https:\/\/nuevo-renacer.com\/wp-content\/uploads\/2025\/09\/7267290-L.jpg\",\"datePublished\":\"2025-09-02T06:09:05+00:00\",\"dateModified\":\"2025-09-02T06:16:45+00:00\",\"breadcrumb\":{\"@id\":\"https:\/\/nuevo-renacer.com\/andrew-jackson-davis\/#breadcrumb\"},\"inLanguage\":\"pt-BR\",\"potentialAction\":[{\"@type\":\"ReadAction\",\"target\":[\"https:\/\/nuevo-renacer.com\/andrew-jackson-davis\/\"]}]},{\"@type\":\"ImageObject\",\"inLanguage\":\"pt-BR\",\"@id\":\"https:\/\/nuevo-renacer.com\/andrew-jackson-davis\/#primaryimage\",\"url\":\"https:\/\/nuevo-renacer.com\/wp-content\/uploads\/2025\/09\/7267290-L.jpg\",\"contentUrl\":\"https:\/\/nuevo-renacer.com\/wp-content\/uploads\/2025\/09\/7267290-L.jpg\"},{\"@type\":\"BreadcrumbList\",\"@id\":\"https:\/\/nuevo-renacer.com\/andrew-jackson-davis\/#breadcrumb\",\"itemListElement\":[{\"@type\":\"ListItem\",\"position\":1,\"name\":\"Startseite\",\"item\":\"https:\/\/nuevo-renacer.com\/\"},{\"@type\":\"ListItem\",\"position\":2,\"name\":\"Andrew Jackson Davis\"}]},{\"@type\":\"WebSite\",\"@id\":\"https:\/\/nuevo-renacer.com\/#website\",\"url\":\"https:\/\/nuevo-renacer.com\/\",\"name\":\"Uni\u00f3n Esp\u00edrita\",\"description\":\"Nuevo Renacer\",\"publisher\":{\"@id\":\"https:\/\/nuevo-renacer.com\/#organization\"},\"potentialAction\":[{\"@type\":\"SearchAction\",\"target\":{\"@type\":\"EntryPoint\",\"urlTemplate\":\"https:\/\/nuevo-renacer.com\/?s={search_term_string}\"},\"query-input\":{\"@type\":\"PropertyValueSpecification\",\"valueRequired\":true,\"valueName\":\"search_term_string\"}}],\"inLanguage\":\"pt-BR\"},{\"@type\":\"Organization\",\"@id\":\"https:\/\/nuevo-renacer.com\/#organization\",\"name\":\"UFEC\",\"url\":\"https:\/\/nuevo-renacer.com\/\",\"logo\":{\"@type\":\"ImageObject\",\"inLanguage\":\"pt-BR\",\"@id\":\"https:\/\/nuevo-renacer.com\/#\/schema\/logo\/image\/\",\"url\":\"https:\/\/nuevo-renacer.com\/wp-content\/uploads\/2024\/05\/cropped-LOGO-TERMINADO1-3-3.png\",\"contentUrl\":\"https:\/\/nuevo-renacer.com\/wp-content\/uploads\/2024\/05\/cropped-LOGO-TERMINADO1-3-3.png\",\"width\":512,\"height\":512,\"caption\":\"UFEC\"},\"image\":{\"@id\":\"https:\/\/nuevo-renacer.com\/#\/schema\/logo\/image\/\"},\"sameAs\":[\"https:\/\/www.facebook.com\/groups\/3431398063740829\"]}]}<\/script>\n<!-- \/ Yoast SEO Premium plugin. -->","yoast_head_json":{"title":"Andrew Jackson Davis - Uni\u00f3n Esp\u00edrita","robots":{"index":"index","follow":"follow","max-snippet":"max-snippet:-1","max-image-preview":"max-image-preview:large","max-video-preview":"max-video-preview:-1"},"canonical":"https:\/\/nuevo-renacer.com\/pt\/andrew-jackson-davis\/","og_locale":"pt_BR","og_type":"article","og_title":"Andrew Jackson Davis","og_description":"Andrew Jackson Davis Andrew Jackson Davis, apodado \u00abel padre del espiritismo moderno\u00bb y \u00abel Allan Kardec estadounidense\u00bb, hijo de padres humildes y sin estudios, naci\u00f3 el 11 de agosto de 1826 en un distrito rural del estado de Nueva York (EE. UU.), a orillas del r\u00edo Hudson, entre gente sencilla e ignorante. Era un ni\u00f1o [&hellip;]","og_url":"https:\/\/nuevo-renacer.com\/pt\/andrew-jackson-davis\/","og_site_name":"Uni\u00f3n Esp\u00edrita","article_publisher":"https:\/\/www.facebook.com\/groups\/3431398063740829","article_modified_time":"2025-09-02T06:16:45+00:00","og_image":[{"width":484,"height":430,"url":"https:\/\/nuevo-renacer.com\/wp-content\/uploads\/2025\/09\/7267290-L.jpg","type":"image\/jpeg"}],"twitter_card":"summary_large_image","twitter_misc":{"Est. tempo de leitura":"7 minutos"},"schema":{"@context":"https:\/\/schema.org","@graph":[{"@type":"WebPage","@id":"https:\/\/nuevo-renacer.com\/andrew-jackson-davis\/","url":"https:\/\/nuevo-renacer.com\/andrew-jackson-davis\/","name":"Andrew Jackson Davis - Uni\u00f3n Esp\u00edrita","isPartOf":{"@id":"https:\/\/nuevo-renacer.com\/#website"},"primaryImageOfPage":{"@id":"https:\/\/nuevo-renacer.com\/andrew-jackson-davis\/#primaryimage"},"image":{"@id":"https:\/\/nuevo-renacer.com\/andrew-jackson-davis\/#primaryimage"},"thumbnailUrl":"https:\/\/nuevo-renacer.com\/wp-content\/uploads\/2025\/09\/7267290-L.jpg","datePublished":"2025-09-02T06:09:05+00:00","dateModified":"2025-09-02T06:16:45+00:00","breadcrumb":{"@id":"https:\/\/nuevo-renacer.com\/andrew-jackson-davis\/#breadcrumb"},"inLanguage":"pt-BR","potentialAction":[{"@type":"ReadAction","target":["https:\/\/nuevo-renacer.com\/andrew-jackson-davis\/"]}]},{"@type":"ImageObject","inLanguage":"pt-BR","@id":"https:\/\/nuevo-renacer.com\/andrew-jackson-davis\/#primaryimage","url":"https:\/\/nuevo-renacer.com\/wp-content\/uploads\/2025\/09\/7267290-L.jpg","contentUrl":"https:\/\/nuevo-renacer.com\/wp-content\/uploads\/2025\/09\/7267290-L.jpg"},{"@type":"BreadcrumbList","@id":"https:\/\/nuevo-renacer.com\/andrew-jackson-davis\/#breadcrumb","itemListElement":[{"@type":"ListItem","position":1,"name":"Startseite","item":"https:\/\/nuevo-renacer.com\/"},{"@type":"ListItem","position":2,"name":"Andrew Jackson Davis"}]},{"@type":"WebSite","@id":"https:\/\/nuevo-renacer.com\/#website","url":"https:\/\/nuevo-renacer.com\/","name":"Uni\u00f3n Esp\u00edrita","description":"Nuevo Renacer","publisher":{"@id":"https:\/\/nuevo-renacer.com\/#organization"},"potentialAction":[{"@type":"SearchAction","target":{"@type":"EntryPoint","urlTemplate":"https:\/\/nuevo-renacer.com\/?s={search_term_string}"},"query-input":{"@type":"PropertyValueSpecification","valueRequired":true,"valueName":"search_term_string"}}],"inLanguage":"pt-BR"},{"@type":"Organization","@id":"https:\/\/nuevo-renacer.com\/#organization","name":"UFEC","url":"https:\/\/nuevo-renacer.com\/","logo":{"@type":"ImageObject","inLanguage":"pt-BR","@id":"https:\/\/nuevo-renacer.com\/#\/schema\/logo\/image\/","url":"https:\/\/nuevo-renacer.com\/wp-content\/uploads\/2024\/05\/cropped-LOGO-TERMINADO1-3-3.png","contentUrl":"https:\/\/nuevo-renacer.com\/wp-content\/uploads\/2024\/05\/cropped-LOGO-TERMINADO1-3-3.png","width":512,"height":512,"caption":"UFEC"},"image":{"@id":"https:\/\/nuevo-renacer.com\/#\/schema\/logo\/image\/"},"sameAs":["https:\/\/www.facebook.com\/groups\/3431398063740829"]}]}},"uagb_featured_image_src":{"full":false,"thumbnail":false,"medium":false,"medium_large":false,"large":false,"1536x1536":false,"2048x2048":false,"trp-custom-language-flag":false},"uagb_author_info":{"display_name":"adbv0","author_link":"https:\/\/nuevo-renacer.com\/pt\/author\/adbv0\/"},"uagb_comment_info":0,"uagb_excerpt":"Andrew Jackson Davis Andrew Jackson Davis, apodado \u00abel padre del espiritismo moderno\u00bb y \u00abel Allan Kardec estadounidense\u00bb, hijo de padres humildes y sin estudios, naci\u00f3 el 11 de agosto de 1826 en un distrito rural del estado de Nueva York (EE. UU.), a orillas del r\u00edo Hudson, entre gente sencilla e ignorante. Era un ni\u00f1o&hellip;","jetpack_sharing_enabled":true,"_links":{"self":[{"href":"https:\/\/nuevo-renacer.com\/pt\/wp-json\/wp\/v2\/pages\/8475","targetHints":{"allow":["GET"]}}],"collection":[{"href":"https:\/\/nuevo-renacer.com\/pt\/wp-json\/wp\/v2\/pages"}],"about":[{"href":"https:\/\/nuevo-renacer.com\/pt\/wp-json\/wp\/v2\/types\/page"}],"author":[{"embeddable":true,"href":"https:\/\/nuevo-renacer.com\/pt\/wp-json\/wp\/v2\/users\/1"}],"replies":[{"embeddable":true,"href":"https:\/\/nuevo-renacer.com\/pt\/wp-json\/wp\/v2\/comments?post=8475"}],"version-history":[{"count":2,"href":"https:\/\/nuevo-renacer.com\/pt\/wp-json\/wp\/v2\/pages\/8475\/revisions"}],"predecessor-version":[{"id":8478,"href":"https:\/\/nuevo-renacer.com\/pt\/wp-json\/wp\/v2\/pages\/8475\/revisions\/8478"}],"wp:attachment":[{"href":"https:\/\/nuevo-renacer.com\/pt\/wp-json\/wp\/v2\/media?parent=8475"}],"curies":[{"name":"wp","href":"https:\/\/api.w.org\/{rel}","templated":true}]}}