{"id":8454,"date":"2025-08-25T13:24:06","date_gmt":"2025-08-25T13:24:06","guid":{"rendered":"https:\/\/nuevo-renacer.com\/?page_id=8454"},"modified":"2025-08-26T13:07:11","modified_gmt":"2025-08-26T13:07:11","slug":"novedades-reconstruccion-desde-el-alma","status":"publish","type":"page","link":"https:\/\/nuevo-renacer.com\/pt\/novedades-reconstruccion-desde-el-alma\/","title":{"rendered":"Reconstrucci\u00f3n desde el alma"},"content":{"rendered":"<div class=\"wp-block-uagb-container uagb-block-cb258333 alignfull uagb-is-root-container\"><div class=\"uagb-container-inner-blocks-wrap\">\n<p class=\"has-black-color has-text-color has-link-color has-medium-font-size wp-elements-da968ad1bb916020311a9c8507334470\"><strong>Reconstru\u00e7\u00e3o a partir da alma: Sociedade de Estudos Psicol\u00f3gicos \u201cAmor \u00e0 Moral\u201d continua viva<\/strong><\/p>\n<\/div><\/div>\n\n\n\n<div class=\"wp-block-uagb-container uagb-block-ab482a73 alignwide uagb-is-root-container\">\n<figure class=\"wp-block-image size-large\"><img fetchpriority=\"high\" decoding=\"async\" width=\"1024\" height=\"819\" src=\"https:\/\/nuevo-renacer.com\/wp-content\/uploads\/2025\/08\/Amor-a-la-Moral-2-1024x819.jpeg\" alt=\"\" class=\"wp-image-8459\" srcset=\"https:\/\/nuevo-renacer.com\/wp-content\/uploads\/2025\/08\/Amor-a-la-Moral-2-1024x819.jpeg 1024w, https:\/\/nuevo-renacer.com\/wp-content\/uploads\/2025\/08\/Amor-a-la-Moral-2-300x240.jpeg 300w, https:\/\/nuevo-renacer.com\/wp-content\/uploads\/2025\/08\/Amor-a-la-Moral-2-768x614.jpeg 768w, https:\/\/nuevo-renacer.com\/wp-content\/uploads\/2025\/08\/Amor-a-la-Moral-2-1536x1229.jpeg 1536w, https:\/\/nuevo-renacer.com\/wp-content\/uploads\/2025\/08\/Amor-a-la-Moral-2-15x12.jpeg 15w, https:\/\/nuevo-renacer.com\/wp-content\/uploads\/2025\/08\/Amor-a-la-Moral-2.jpeg 1600w\" sizes=\"(max-width: 1024px) 100vw, 1024px\" \/><\/figure>\n<\/div>\n\n\n\n<div class=\"wp-block-uagb-container uagb-block-09a30c31 alignfull uagb-is-root-container\"><div class=\"uagb-container-inner-blocks-wrap\">\n<p class=\"has-black-color has-text-color has-link-color has-small-font-size wp-elements-3c08b770591e80881a4eb072548d9d32\">O que atingiu Santiago de Cuba em 2012 foi mais do que uma simples tempestade. O furac\u00e3o Sandy deixou para tr\u00e1s escombros, dor e uma profunda ferida, tamb\u00e9m no cora\u00e7\u00e3o da comunidade esp\u00edrita. O centro \u201cAmor \u00e0 Moral\u201d, um local de consolo, aprendizado e esperan\u00e7a, ficou devastado at\u00e9 os alicerces. Os suprimentos de ajuda que ainda restavam desapareceram em meio ao caos da emerg\u00eancia: saqueados, espoliados. Restaram apenas alguns bancos... e a imagem de Allan Kardec. Era como se o pr\u00f3prio esp\u00edrito tivesse montado guarda.<\/p>\n\n\n\n<p class=\"has-black-color has-text-color has-link-color has-small-font-size wp-elements-c0e5f35d3d30c235f2a6a36e4f64f44d\">Os anos passaram. A entrada do centro permaneceu aberta, n\u00e3o como um convite, mas como uma testemunha silenciosa da perda, como um monumento \u00e0 vulnerabilidade. Mas a f\u00e9 das pessoas permaneceu. Silenciosa, persistente, inabal\u00e1vel. Em conversas, em ora\u00e7\u00f5es, na lembran\u00e7a do que foi e do que voltar\u00e1 a ser.<\/p>\n\n\n\n<p class=\"has-black-color has-text-color has-link-color has-small-font-size wp-elements-9e03d9338c01365f0a50b57c572dac14\">No centro de toda essa esperan\u00e7a, desse trabalho silencioso e dessa perseveran\u00e7a, estava uma mulher: Ivony Recasen Fajardo, juntamente com os membros da \u201cAmor \u00e0 Moral\u201d. Incansavelmente, ela lutou por esse momento em nome do mundo espiritual. Com dedica\u00e7\u00e3o, coragem e profunda confian\u00e7a nos ensinamentos do espiritismo, ela trabalhou \u2013 contra as adversidades do tempo e muitas vezes em sil\u00eancio \u2013 para alcan\u00e7ar esse novo come\u00e7o. Ela foi ao mesmo tempo a voz, o cora\u00e7\u00e3o e a m\u00e3o, impulsionada pela f\u00e9 de que o \u201cAmor \u00e0 Moral\u201d poderia ressurgir.<\/p>\n\n\n\n<p class=\"has-black-color has-text-color has-link-color has-small-font-size wp-elements-cf09e88f98062ba7103b918e9a178d5b\">Agora, em agosto de 2025, a entrada finalmente foi fechada novamente. Uma porta que pode ser fechada novamente, t\u00e3o simples e, no entanto, t\u00e3o significativa. \u00c9 mais do que um avan\u00e7o na constru\u00e7\u00e3o. \u00c9 um sinal: continuamos aqui. N\u00e3o desistimos. Acreditamos na reconstru\u00e7\u00e3o, n\u00e3o apenas com pedras, mas com o esp\u00edrito e o cora\u00e7\u00e3o.<\/p>\n\n\n\n<p class=\"has-black-color has-text-color has-link-color has-small-font-size wp-elements-a956547f1f6b81e4ec379c8e96dcbe79\">Para a \u201cAmor \u00e0 Moral\u201d, este momento \u00e9 um s\u00edmbolo do retorno \u00e0 dignidade, \u00e0 paz e \u00e0 ordem interior. E para o movimento esp\u00edrita de Santiago de Cuba, \u00e9 uma grande vit\u00f3ria. Em meio \u00e0s dificuldades econ\u00f4micas e aos desafios sociais, o centro demonstra que a f\u00e9 e a comunidade podem perdurar mesmo ap\u00f3s os reveses mais dif\u00edceis. Que este novo come\u00e7o seja uma luz, n\u00e3o apenas para os membros do \u201cAmor \u00e0 Moral\u201d, mas para todos aqueles que acreditam no poder do amor e do esp\u00edrito.<\/p>\n\n\n\n<p class=\"has-black-color has-text-color has-link-color has-small-font-size wp-elements-f9568083f4f07008526ab66b50730fed\">Este desenvolvimento nos enche de grande alegria espiritual e refor\u00e7a nosso compromisso com a divulga\u00e7\u00e3o dos ensinamentos esp\u00edritas.<\/p>\n\n\n\n<p class=\"has-black-color has-text-color has-link-color has-small-font-size wp-elements-ad2fe4e7749f46f18c6344b59e2a94e3\">Yaimary Silvera Batista<br>Jos\u00e9 Fernando Labrada Silvera<br>Rigoberto Vecino S\u00e1nchez<\/p>\n\n\n\n<p class=\"has-black-color has-text-color has-link-color has-small-font-size wp-elements-58eaa3879bda06ba2cd5a60dd92c9a4a\"><em>Executivo da Uni\u00e3o Esp\u00edrita \u2013 Nuevo Renacer<\/em><\/p>\n<\/div><\/div>\n\n\n\n<div class=\"wp-block-uagb-container uagb-block-fe5559ee alignfull uagb-is-root-container\"><div class=\"uagb-container-inner-blocks-wrap\"><\/div><\/div>\n\n\n\n<div class=\"wp-block-uagb-container uagb-block-ab210ecc alignfull uagb-is-root-container\"><div class=\"uagb-container-inner-blocks-wrap\"><\/div><\/div>","protected":false},"excerpt":{"rendered":"<p>Reconstrucci\u00f3n desde el alma: Sociedad de estudio Psicologico \u00abAmor a la Moral\u00bb sigue vivo Lo que azot\u00f3 Santiago de Cuba en 2012 fue m\u00e1s que una simple tormenta. El hurac\u00e1n Sandy dej\u00f3 tras de s\u00ed escombros, dolor y una profunda herida, tambi\u00e9n en el coraz\u00f3n de la comunidad espiritista. El centro \u00abAmor a la Moral\u00bb, [&hellip;]<\/p>","protected":false},"author":1,"featured_media":8457,"parent":0,"menu_order":0,"comment_status":"closed","ping_status":"closed","template":"","meta":{"_uag_custom_page_level_css":"","site-sidebar-layout":"default","site-content-layout":"","ast-site-content-layout":"default","site-content-style":"default","site-sidebar-style":"default","ast-global-header-display":"","ast-banner-title-visibility":"","ast-main-header-display":"","ast-hfb-above-header-display":"","ast-hfb-below-header-display":"","ast-hfb-mobile-header-display":"","site-post-title":"disabled","ast-breadcrumbs-content":"","ast-featured-img":"","footer-sml-layout":"","theme-transparent-header-meta":"","adv-header-id-meta":"","stick-header-meta":"","header-above-stick-meta":"","header-main-stick-meta":"","header-below-stick-meta":"","astra-migrate-meta-layouts":"set","ast-page-background-enabled":"default","ast-page-background-meta":{"desktop":{"background-color":"var(--ast-global-color-4)","background-image":"","background-repeat":"repeat","background-position":"center center","background-size":"auto","background-attachment":"scroll","background-type":"","background-media":"","overlay-type":"","overlay-color":"","overlay-opacity":"","overlay-gradient":""},"tablet":{"background-color":"","background-image":"","background-repeat":"repeat","background-position":"center center","background-size":"auto","background-attachment":"scroll","background-type":"","background-media":"","overlay-type":"","overlay-color":"","overlay-opacity":"","overlay-gradient":""},"mobile":{"background-color":"","background-image":"","background-repeat":"repeat","background-position":"center center","background-size":"auto","background-attachment":"scroll","background-type":"","background-media":"","overlay-type":"","overlay-color":"","overlay-opacity":"","overlay-gradient":""}},"ast-content-background-meta":{"desktop":{"background-color":"var(--ast-global-color-5)","background-image":"","background-repeat":"repeat","background-position":"center center","background-size":"auto","background-attachment":"scroll","background-type":"","background-media":"","overlay-type":"","overlay-color":"","overlay-opacity":"","overlay-gradient":""},"tablet":{"background-color":"var(--ast-global-color-5)","background-image":"","background-repeat":"repeat","background-position":"center center","background-size":"auto","background-attachment":"scroll","background-type":"","background-media":"","overlay-type":"","overlay-color":"","overlay-opacity":"","overlay-gradient":""},"mobile":{"background-color":"var(--ast-global-color-5)","background-image":"","background-repeat":"repeat","background-position":"center center","background-size":"auto","background-attachment":"scroll","background-type":"","background-media":"","overlay-type":"","overlay-color":"","overlay-opacity":"","overlay-gradient":""}},"footnotes":""},"class_list":["post-8454","page","type-page","status-publish","has-post-thumbnail","hentry"],"yoast_head":"<!-- This site is optimized with the Yoast SEO Premium plugin v24.2 (Yoast SEO v24.6) - https:\/\/yoast.com\/wordpress\/plugins\/seo\/ -->\n<title>Reconstrucci\u00f3n desde el alma - Uni\u00f3n Esp\u00edrita<\/title>\n<meta name=\"robots\" content=\"index, follow, max-snippet:-1, max-image-preview:large, max-video-preview:-1\" \/>\n<link rel=\"canonical\" href=\"https:\/\/nuevo-renacer.com\/pt\/novedades-reconstruccion-desde-el-alma\/\" \/>\n<meta property=\"og:locale\" content=\"pt_BR\" \/>\n<meta property=\"og:type\" content=\"article\" \/>\n<meta property=\"og:title\" content=\"Reconstrucci\u00f3n desde el alma\" \/>\n<meta property=\"og:description\" content=\"Reconstrucci\u00f3n desde el alma: Sociedad de estudio Psicologico \u00abAmor a la Moral\u00bb sigue vivo Lo que azot\u00f3 Santiago de Cuba en 2012 fue m\u00e1s que una simple tormenta. El hurac\u00e1n Sandy dej\u00f3 tras de s\u00ed escombros, dolor y una profunda herida, tambi\u00e9n en el coraz\u00f3n de la comunidad espiritista. El centro \u00abAmor a la Moral\u00bb, [&hellip;]\" \/>\n<meta property=\"og:url\" content=\"https:\/\/nuevo-renacer.com\/pt\/novedades-reconstruccion-desde-el-alma\/\" \/>\n<meta property=\"og:site_name\" content=\"Uni\u00f3n Esp\u00edrita\" \/>\n<meta property=\"article:publisher\" content=\"https:\/\/www.facebook.com\/groups\/3431398063740829\" \/>\n<meta property=\"article:modified_time\" content=\"2025-08-26T13:07:11+00:00\" \/>\n<meta property=\"og:image\" content=\"https:\/\/nuevo-renacer.com\/wp-content\/uploads\/2025\/08\/Amor-a-la-Moral-1.jpeg\" \/>\n\t<meta property=\"og:image:width\" content=\"1600\" \/>\n\t<meta property=\"og:image:height\" content=\"1280\" \/>\n\t<meta property=\"og:image:type\" content=\"image\/jpeg\" \/>\n<meta name=\"twitter:card\" content=\"summary_large_image\" \/>\n<meta name=\"twitter:label1\" content=\"Est. tempo de leitura\" \/>\n\t<meta name=\"twitter:data1\" content=\"3 minutos\" \/>\n<script type=\"application\/ld+json\" class=\"yoast-schema-graph\">{\"@context\":\"https:\/\/schema.org\",\"@graph\":[{\"@type\":\"WebPage\",\"@id\":\"https:\/\/nuevo-renacer.com\/novedades-reconstruccion-desde-el-alma\/\",\"url\":\"https:\/\/nuevo-renacer.com\/novedades-reconstruccion-desde-el-alma\/\",\"name\":\"Reconstrucci\u00f3n desde el alma - Uni\u00f3n Esp\u00edrita\",\"isPartOf\":{\"@id\":\"https:\/\/nuevo-renacer.com\/#website\"},\"primaryImageOfPage\":{\"@id\":\"https:\/\/nuevo-renacer.com\/novedades-reconstruccion-desde-el-alma\/#primaryimage\"},\"image\":{\"@id\":\"https:\/\/nuevo-renacer.com\/novedades-reconstruccion-desde-el-alma\/#primaryimage\"},\"thumbnailUrl\":\"https:\/\/nuevo-renacer.com\/wp-content\/uploads\/2025\/08\/Amor-a-la-Moral-1.jpeg\",\"datePublished\":\"2025-08-25T13:24:06+00:00\",\"dateModified\":\"2025-08-26T13:07:11+00:00\",\"breadcrumb\":{\"@id\":\"https:\/\/nuevo-renacer.com\/novedades-reconstruccion-desde-el-alma\/#breadcrumb\"},\"inLanguage\":\"pt-BR\",\"potentialAction\":[{\"@type\":\"ReadAction\",\"target\":[\"https:\/\/nuevo-renacer.com\/novedades-reconstruccion-desde-el-alma\/\"]}]},{\"@type\":\"ImageObject\",\"inLanguage\":\"pt-BR\",\"@id\":\"https:\/\/nuevo-renacer.com\/novedades-reconstruccion-desde-el-alma\/#primaryimage\",\"url\":\"https:\/\/nuevo-renacer.com\/wp-content\/uploads\/2025\/08\/Amor-a-la-Moral-1.jpeg\",\"contentUrl\":\"https:\/\/nuevo-renacer.com\/wp-content\/uploads\/2025\/08\/Amor-a-la-Moral-1.jpeg\",\"width\":1600,\"height\":1280},{\"@type\":\"BreadcrumbList\",\"@id\":\"https:\/\/nuevo-renacer.com\/novedades-reconstruccion-desde-el-alma\/#breadcrumb\",\"itemListElement\":[{\"@type\":\"ListItem\",\"position\":1,\"name\":\"Startseite\",\"item\":\"https:\/\/nuevo-renacer.com\/\"},{\"@type\":\"ListItem\",\"position\":2,\"name\":\"Reconstrucci\u00f3n desde el alma\"}]},{\"@type\":\"WebSite\",\"@id\":\"https:\/\/nuevo-renacer.com\/#website\",\"url\":\"https:\/\/nuevo-renacer.com\/\",\"name\":\"Uni\u00f3n Esp\u00edrita\",\"description\":\"Nuevo Renacer\",\"publisher\":{\"@id\":\"https:\/\/nuevo-renacer.com\/#organization\"},\"potentialAction\":[{\"@type\":\"SearchAction\",\"target\":{\"@type\":\"EntryPoint\",\"urlTemplate\":\"https:\/\/nuevo-renacer.com\/?s={search_term_string}\"},\"query-input\":{\"@type\":\"PropertyValueSpecification\",\"valueRequired\":true,\"valueName\":\"search_term_string\"}}],\"inLanguage\":\"pt-BR\"},{\"@type\":\"Organization\",\"@id\":\"https:\/\/nuevo-renacer.com\/#organization\",\"name\":\"UFEC\",\"url\":\"https:\/\/nuevo-renacer.com\/\",\"logo\":{\"@type\":\"ImageObject\",\"inLanguage\":\"pt-BR\",\"@id\":\"https:\/\/nuevo-renacer.com\/#\/schema\/logo\/image\/\",\"url\":\"https:\/\/nuevo-renacer.com\/wp-content\/uploads\/2024\/05\/cropped-LOGO-TERMINADO1-3-3.png\",\"contentUrl\":\"https:\/\/nuevo-renacer.com\/wp-content\/uploads\/2024\/05\/cropped-LOGO-TERMINADO1-3-3.png\",\"width\":512,\"height\":512,\"caption\":\"UFEC\"},\"image\":{\"@id\":\"https:\/\/nuevo-renacer.com\/#\/schema\/logo\/image\/\"},\"sameAs\":[\"https:\/\/www.facebook.com\/groups\/3431398063740829\"]}]}<\/script>\n<!-- \/ Yoast SEO Premium plugin. -->","yoast_head_json":{"title":"Reconstrucci\u00f3n desde el alma - Uni\u00f3n Esp\u00edrita","robots":{"index":"index","follow":"follow","max-snippet":"max-snippet:-1","max-image-preview":"max-image-preview:large","max-video-preview":"max-video-preview:-1"},"canonical":"https:\/\/nuevo-renacer.com\/pt\/novedades-reconstruccion-desde-el-alma\/","og_locale":"pt_BR","og_type":"article","og_title":"Reconstrucci\u00f3n desde el alma","og_description":"Reconstrucci\u00f3n desde el alma: Sociedad de estudio Psicologico \u00abAmor a la Moral\u00bb sigue vivo Lo que azot\u00f3 Santiago de Cuba en 2012 fue m\u00e1s que una simple tormenta. El hurac\u00e1n Sandy dej\u00f3 tras de s\u00ed escombros, dolor y una profunda herida, tambi\u00e9n en el coraz\u00f3n de la comunidad espiritista. El centro \u00abAmor a la Moral\u00bb, [&hellip;]","og_url":"https:\/\/nuevo-renacer.com\/pt\/novedades-reconstruccion-desde-el-alma\/","og_site_name":"Uni\u00f3n Esp\u00edrita","article_publisher":"https:\/\/www.facebook.com\/groups\/3431398063740829","article_modified_time":"2025-08-26T13:07:11+00:00","og_image":[{"width":1600,"height":1280,"url":"https:\/\/nuevo-renacer.com\/wp-content\/uploads\/2025\/08\/Amor-a-la-Moral-1.jpeg","type":"image\/jpeg"}],"twitter_card":"summary_large_image","twitter_misc":{"Est. tempo de leitura":"3 minutos"},"schema":{"@context":"https:\/\/schema.org","@graph":[{"@type":"WebPage","@id":"https:\/\/nuevo-renacer.com\/novedades-reconstruccion-desde-el-alma\/","url":"https:\/\/nuevo-renacer.com\/novedades-reconstruccion-desde-el-alma\/","name":"Reconstrucci\u00f3n desde el alma - Uni\u00f3n Esp\u00edrita","isPartOf":{"@id":"https:\/\/nuevo-renacer.com\/#website"},"primaryImageOfPage":{"@id":"https:\/\/nuevo-renacer.com\/novedades-reconstruccion-desde-el-alma\/#primaryimage"},"image":{"@id":"https:\/\/nuevo-renacer.com\/novedades-reconstruccion-desde-el-alma\/#primaryimage"},"thumbnailUrl":"https:\/\/nuevo-renacer.com\/wp-content\/uploads\/2025\/08\/Amor-a-la-Moral-1.jpeg","datePublished":"2025-08-25T13:24:06+00:00","dateModified":"2025-08-26T13:07:11+00:00","breadcrumb":{"@id":"https:\/\/nuevo-renacer.com\/novedades-reconstruccion-desde-el-alma\/#breadcrumb"},"inLanguage":"pt-BR","potentialAction":[{"@type":"ReadAction","target":["https:\/\/nuevo-renacer.com\/novedades-reconstruccion-desde-el-alma\/"]}]},{"@type":"ImageObject","inLanguage":"pt-BR","@id":"https:\/\/nuevo-renacer.com\/novedades-reconstruccion-desde-el-alma\/#primaryimage","url":"https:\/\/nuevo-renacer.com\/wp-content\/uploads\/2025\/08\/Amor-a-la-Moral-1.jpeg","contentUrl":"https:\/\/nuevo-renacer.com\/wp-content\/uploads\/2025\/08\/Amor-a-la-Moral-1.jpeg","width":1600,"height":1280},{"@type":"BreadcrumbList","@id":"https:\/\/nuevo-renacer.com\/novedades-reconstruccion-desde-el-alma\/#breadcrumb","itemListElement":[{"@type":"ListItem","position":1,"name":"Startseite","item":"https:\/\/nuevo-renacer.com\/"},{"@type":"ListItem","position":2,"name":"Reconstrucci\u00f3n desde el alma"}]},{"@type":"WebSite","@id":"https:\/\/nuevo-renacer.com\/#website","url":"https:\/\/nuevo-renacer.com\/","name":"Uni\u00f3n Esp\u00edrita","description":"Nuevo Renacer","publisher":{"@id":"https:\/\/nuevo-renacer.com\/#organization"},"potentialAction":[{"@type":"SearchAction","target":{"@type":"EntryPoint","urlTemplate":"https:\/\/nuevo-renacer.com\/?s={search_term_string}"},"query-input":{"@type":"PropertyValueSpecification","valueRequired":true,"valueName":"search_term_string"}}],"inLanguage":"pt-BR"},{"@type":"Organization","@id":"https:\/\/nuevo-renacer.com\/#organization","name":"UFEC","url":"https:\/\/nuevo-renacer.com\/","logo":{"@type":"ImageObject","inLanguage":"pt-BR","@id":"https:\/\/nuevo-renacer.com\/#\/schema\/logo\/image\/","url":"https:\/\/nuevo-renacer.com\/wp-content\/uploads\/2024\/05\/cropped-LOGO-TERMINADO1-3-3.png","contentUrl":"https:\/\/nuevo-renacer.com\/wp-content\/uploads\/2024\/05\/cropped-LOGO-TERMINADO1-3-3.png","width":512,"height":512,"caption":"UFEC"},"image":{"@id":"https:\/\/nuevo-renacer.com\/#\/schema\/logo\/image\/"},"sameAs":["https:\/\/www.facebook.com\/groups\/3431398063740829"]}]}},"uagb_featured_image_src":{"full":["https:\/\/nuevo-renacer.com\/wp-content\/uploads\/2025\/08\/Amor-a-la-Moral-1.jpeg",1600,1280,false],"thumbnail":["https:\/\/nuevo-renacer.com\/wp-content\/uploads\/2025\/08\/Amor-a-la-Moral-1-150x150.jpeg",150,150,true],"medium":["https:\/\/nuevo-renacer.com\/wp-content\/uploads\/2025\/08\/Amor-a-la-Moral-1-300x240.jpeg",300,240,true],"medium_large":["https:\/\/nuevo-renacer.com\/wp-content\/uploads\/2025\/08\/Amor-a-la-Moral-1-768x614.jpeg",768,614,true],"large":["https:\/\/nuevo-renacer.com\/wp-content\/uploads\/2025\/08\/Amor-a-la-Moral-1-1024x819.jpeg",1024,819,true],"1536x1536":["https:\/\/nuevo-renacer.com\/wp-content\/uploads\/2025\/08\/Amor-a-la-Moral-1-1536x1229.jpeg",1536,1229,true],"2048x2048":["https:\/\/nuevo-renacer.com\/wp-content\/uploads\/2025\/08\/Amor-a-la-Moral-1.jpeg",1600,1280,false],"trp-custom-language-flag":["https:\/\/nuevo-renacer.com\/wp-content\/uploads\/2025\/08\/Amor-a-la-Moral-1-15x12.jpeg",15,12,true]},"uagb_author_info":{"display_name":"adbv0","author_link":"https:\/\/nuevo-renacer.com\/pt\/author\/adbv0\/"},"uagb_comment_info":0,"uagb_excerpt":"Reconstrucci\u00f3n desde el alma: Sociedad de estudio Psicologico \u00abAmor a la Moral\u00bb sigue vivo Lo que azot\u00f3 Santiago de Cuba en 2012 fue m\u00e1s que una simple tormenta. El hurac\u00e1n Sandy dej\u00f3 tras de s\u00ed escombros, dolor y una profunda herida, tambi\u00e9n en el coraz\u00f3n de la comunidad espiritista. El centro \u00abAmor a la Moral\u00bb,&hellip;","jetpack_sharing_enabled":true,"_links":{"self":[{"href":"https:\/\/nuevo-renacer.com\/pt\/wp-json\/wp\/v2\/pages\/8454","targetHints":{"allow":["GET"]}}],"collection":[{"href":"https:\/\/nuevo-renacer.com\/pt\/wp-json\/wp\/v2\/pages"}],"about":[{"href":"https:\/\/nuevo-renacer.com\/pt\/wp-json\/wp\/v2\/types\/page"}],"author":[{"embeddable":true,"href":"https:\/\/nuevo-renacer.com\/pt\/wp-json\/wp\/v2\/users\/1"}],"replies":[{"embeddable":true,"href":"https:\/\/nuevo-renacer.com\/pt\/wp-json\/wp\/v2\/comments?post=8454"}],"version-history":[{"count":3,"href":"https:\/\/nuevo-renacer.com\/pt\/wp-json\/wp\/v2\/pages\/8454\/revisions"}],"predecessor-version":[{"id":8471,"href":"https:\/\/nuevo-renacer.com\/pt\/wp-json\/wp\/v2\/pages\/8454\/revisions\/8471"}],"wp:featuredmedia":[{"embeddable":true,"href":"https:\/\/nuevo-renacer.com\/pt\/wp-json\/wp\/v2\/media\/8457"}],"wp:attachment":[{"href":"https:\/\/nuevo-renacer.com\/pt\/wp-json\/wp\/v2\/media?parent=8454"}],"curies":[{"name":"wp","href":"https:\/\/api.w.org\/{rel}","templated":true}]}}