{"id":8437,"date":"2025-08-25T08:03:09","date_gmt":"2025-08-25T08:03:09","guid":{"rendered":"https:\/\/nuevo-renacer.com\/?page_id=8437"},"modified":"2025-08-25T08:03:13","modified_gmt":"2025-08-25T08:03:13","slug":"novedades-8-de-marzo-de-2025","status":"publish","type":"page","link":"https:\/\/nuevo-renacer.com\/pt\/novedades-8-de-marzo-de-2025\/","title":{"rendered":"8 de mar\u00e7o de 2025"},"content":{"rendered":"<div class=\"wp-block-uagb-container uagb-block-317e5c4a alignfull uagb-is-root-container\"><div class=\"uagb-container-inner-blocks-wrap\">\n<p class=\"has-black-color has-text-color has-link-color has-medium-font-size wp-elements-c36c811094cc20c930841f2feb05cf97\"><strong>8 de mar\u00e7o de 2025<\/strong><\/p>\n<\/div><\/div>\n\n\n\n<div class=\"wp-block-uagb-container uagb-block-78647a72 alignfull uagb-is-root-container\"><div class=\"uagb-container-inner-blocks-wrap\">\n<figure class=\"wp-block-image size-full is-resized\"><img fetchpriority=\"high\" decoding=\"async\" width=\"1020\" height=\"765\" src=\"https:\/\/nuevo-renacer.com\/wp-content\/uploads\/2025\/08\/Unbenannt.jpg\" alt=\"\" class=\"wp-image-8438\" style=\"width:468px;height:auto\" srcset=\"https:\/\/nuevo-renacer.com\/wp-content\/uploads\/2025\/08\/Unbenannt.jpg 1020w, https:\/\/nuevo-renacer.com\/wp-content\/uploads\/2025\/08\/Unbenannt-300x225.jpg 300w, https:\/\/nuevo-renacer.com\/wp-content\/uploads\/2025\/08\/Unbenannt-768x576.jpg 768w, https:\/\/nuevo-renacer.com\/wp-content\/uploads\/2025\/08\/Unbenannt-16x12.jpg 16w\" sizes=\"(max-width: 1020px) 100vw, 1020px\" \/><\/figure>\n<\/div><\/div>\n\n\n\n<div class=\"wp-block-uagb-container uagb-block-9c161faa alignfull uagb-is-root-container\"><div class=\"uagb-container-inner-blocks-wrap\">\n<p class=\"has-black-color has-text-color has-link-color has-small-font-size wp-elements-633d60e853c1abb4df4689172146db22\">Em 8 de mar\u00e7o de 2025, foi fundado o Conselho Esp\u00edrita de Banes. Participaram cerca de 40 pessoas de seis centros do munic\u00edpio, tr\u00eas deles com reconhecimento legal, dois dos quais decidiram se unir \u00e0 Federa\u00e7\u00e3o Esp\u00edrita de Holgu\u00edn. O outro centro (San Isidro el Labrador) anunciou que far\u00e1 o mesmo assim que sua situa\u00e7\u00e3o for resolvida, pois n\u00e3o possui instala\u00e7\u00f5es pr\u00f3prias. Atualmente, eles est\u00e3o trabalhando em instala\u00e7\u00f5es emprestadas. Tr\u00eas outros, que n\u00e3o s\u00e3o legalmente reconhecidos, tamb\u00e9m decidiram se unir \u00e0 Federa\u00e7\u00e3o. Funcion\u00e1rios do Minist\u00e9rio da Justi\u00e7a e do Partido estavam presentes. Os irm\u00e3os e irm\u00e3s de Banes decidiram que Alexander Aguilera Ru\u00edz deveria ser seu representante na Federa\u00e7\u00e3o Esp\u00edrita de Holgu\u00edn. Foi um dia de grande alegria espiritual e fraternidade.<\/p>\n<\/div><\/div>\n\n\n\n<div class=\"wp-block-uagb-container uagb-block-398fdc71 alignfull uagb-is-root-container\"><div class=\"uagb-container-inner-blocks-wrap\"><\/div><\/div>\n\n\n\n<div class=\"wp-block-uagb-container uagb-block-c1b0fa9d alignfull uagb-is-root-container\"><div class=\"uagb-container-inner-blocks-wrap\"><\/div><\/div>","protected":false},"excerpt":{"rendered":"<p>8 de marzo de 2025 El 8 de marzo de 2025 se fund\u00f3 el Consejo Esp\u00edrita de Banes. Participaron unas 40 personas de seis centros del municipio, 3 con reconocimiento jur\u00eddico, dos de ellos decidieron integrarse a la Federaci\u00f3n Espiritista de Holgu\u00edn. El otro Centro (San Isidro el Labrador) anunci\u00f3 que har\u00e1n lo mismo en [&hellip;]<\/p>","protected":false},"author":1,"featured_media":0,"parent":0,"menu_order":0,"comment_status":"closed","ping_status":"closed","template":"","meta":{"_uag_custom_page_level_css":"","site-sidebar-layout":"default","site-content-layout":"","ast-site-content-layout":"default","site-content-style":"default","site-sidebar-style":"default","ast-global-header-display":"","ast-banner-title-visibility":"","ast-main-header-display":"","ast-hfb-above-header-display":"","ast-hfb-below-header-display":"","ast-hfb-mobile-header-display":"","site-post-title":"disabled","ast-breadcrumbs-content":"","ast-featured-img":"","footer-sml-layout":"","theme-transparent-header-meta":"","adv-header-id-meta":"","stick-header-meta":"","header-above-stick-meta":"","header-main-stick-meta":"","header-below-stick-meta":"","astra-migrate-meta-layouts":"set","ast-page-background-enabled":"default","ast-page-background-meta":{"desktop":{"background-color":"var(--ast-global-color-4)","background-image":"","background-repeat":"repeat","background-position":"center center","background-size":"auto","background-attachment":"scroll","background-type":"","background-media":"","overlay-type":"","overlay-color":"","overlay-opacity":"","overlay-gradient":""},"tablet":{"background-color":"","background-image":"","background-repeat":"repeat","background-position":"center center","background-size":"auto","background-attachment":"scroll","background-type":"","background-media":"","overlay-type":"","overlay-color":"","overlay-opacity":"","overlay-gradient":""},"mobile":{"background-color":"","background-image":"","background-repeat":"repeat","background-position":"center center","background-size":"auto","background-attachment":"scroll","background-type":"","background-media":"","overlay-type":"","overlay-color":"","overlay-opacity":"","overlay-gradient":""}},"ast-content-background-meta":{"desktop":{"background-color":"var(--ast-global-color-5)","background-image":"","background-repeat":"repeat","background-position":"center center","background-size":"auto","background-attachment":"scroll","background-type":"","background-media":"","overlay-type":"","overlay-color":"","overlay-opacity":"","overlay-gradient":""},"tablet":{"background-color":"var(--ast-global-color-5)","background-image":"","background-repeat":"repeat","background-position":"center center","background-size":"auto","background-attachment":"scroll","background-type":"","background-media":"","overlay-type":"","overlay-color":"","overlay-opacity":"","overlay-gradient":""},"mobile":{"background-color":"var(--ast-global-color-5)","background-image":"","background-repeat":"repeat","background-position":"center center","background-size":"auto","background-attachment":"scroll","background-type":"","background-media":"","overlay-type":"","overlay-color":"","overlay-opacity":"","overlay-gradient":""}},"footnotes":""},"class_list":["post-8437","page","type-page","status-publish","hentry"],"yoast_head":"<!-- This site is optimized with the Yoast SEO Premium plugin v24.2 (Yoast SEO v24.6) - https:\/\/yoast.com\/wordpress\/plugins\/seo\/ -->\n<title>8 de marzo de 2025 - Uni\u00f3n Esp\u00edrita<\/title>\n<meta name=\"robots\" content=\"index, follow, max-snippet:-1, max-image-preview:large, max-video-preview:-1\" \/>\n<link rel=\"canonical\" href=\"https:\/\/nuevo-renacer.com\/pt\/novedades-8-de-marzo-de-2025\/\" \/>\n<meta property=\"og:locale\" content=\"pt_BR\" \/>\n<meta property=\"og:type\" content=\"article\" \/>\n<meta property=\"og:title\" content=\"8 de marzo de 2025\" \/>\n<meta property=\"og:description\" content=\"8 de marzo de 2025 El 8 de marzo de 2025 se fund\u00f3 el Consejo Esp\u00edrita de Banes. Participaron unas 40 personas de seis centros del municipio, 3 con reconocimiento jur\u00eddico, dos de ellos decidieron integrarse a la Federaci\u00f3n Espiritista de Holgu\u00edn. El otro Centro (San Isidro el Labrador) anunci\u00f3 que har\u00e1n lo mismo en [&hellip;]\" \/>\n<meta property=\"og:url\" content=\"https:\/\/nuevo-renacer.com\/pt\/novedades-8-de-marzo-de-2025\/\" \/>\n<meta property=\"og:site_name\" content=\"Uni\u00f3n Esp\u00edrita\" \/>\n<meta property=\"article:publisher\" content=\"https:\/\/www.facebook.com\/groups\/3431398063740829\" \/>\n<meta property=\"article:modified_time\" content=\"2025-08-25T08:03:13+00:00\" \/>\n<meta property=\"og:image\" content=\"https:\/\/nuevo-renacer.com\/wp-content\/uploads\/2025\/08\/Unbenannt.jpg\" \/>\n\t<meta property=\"og:image:width\" content=\"1020\" \/>\n\t<meta property=\"og:image:height\" content=\"765\" \/>\n\t<meta property=\"og:image:type\" content=\"image\/jpeg\" \/>\n<meta name=\"twitter:card\" content=\"summary_large_image\" \/>\n<meta name=\"twitter:label1\" content=\"Est. tempo de leitura\" \/>\n\t<meta name=\"twitter:data1\" content=\"1 minuto\" \/>\n<script type=\"application\/ld+json\" class=\"yoast-schema-graph\">{\"@context\":\"https:\/\/schema.org\",\"@graph\":[{\"@type\":\"WebPage\",\"@id\":\"https:\/\/nuevo-renacer.com\/novedades-8-de-marzo-de-2025\/\",\"url\":\"https:\/\/nuevo-renacer.com\/novedades-8-de-marzo-de-2025\/\",\"name\":\"8 de marzo de 2025 - Uni\u00f3n Esp\u00edrita\",\"isPartOf\":{\"@id\":\"https:\/\/nuevo-renacer.com\/#website\"},\"primaryImageOfPage\":{\"@id\":\"https:\/\/nuevo-renacer.com\/novedades-8-de-marzo-de-2025\/#primaryimage\"},\"image\":{\"@id\":\"https:\/\/nuevo-renacer.com\/novedades-8-de-marzo-de-2025\/#primaryimage\"},\"thumbnailUrl\":\"https:\/\/nuevo-renacer.com\/wp-content\/uploads\/2025\/08\/Unbenannt.jpg\",\"datePublished\":\"2025-08-25T08:03:09+00:00\",\"dateModified\":\"2025-08-25T08:03:13+00:00\",\"breadcrumb\":{\"@id\":\"https:\/\/nuevo-renacer.com\/novedades-8-de-marzo-de-2025\/#breadcrumb\"},\"inLanguage\":\"pt-BR\",\"potentialAction\":[{\"@type\":\"ReadAction\",\"target\":[\"https:\/\/nuevo-renacer.com\/novedades-8-de-marzo-de-2025\/\"]}]},{\"@type\":\"ImageObject\",\"inLanguage\":\"pt-BR\",\"@id\":\"https:\/\/nuevo-renacer.com\/novedades-8-de-marzo-de-2025\/#primaryimage\",\"url\":\"https:\/\/nuevo-renacer.com\/wp-content\/uploads\/2025\/08\/Unbenannt.jpg\",\"contentUrl\":\"https:\/\/nuevo-renacer.com\/wp-content\/uploads\/2025\/08\/Unbenannt.jpg\"},{\"@type\":\"BreadcrumbList\",\"@id\":\"https:\/\/nuevo-renacer.com\/novedades-8-de-marzo-de-2025\/#breadcrumb\",\"itemListElement\":[{\"@type\":\"ListItem\",\"position\":1,\"name\":\"Startseite\",\"item\":\"https:\/\/nuevo-renacer.com\/\"},{\"@type\":\"ListItem\",\"position\":2,\"name\":\"8 de marzo de 2025\"}]},{\"@type\":\"WebSite\",\"@id\":\"https:\/\/nuevo-renacer.com\/#website\",\"url\":\"https:\/\/nuevo-renacer.com\/\",\"name\":\"Uni\u00f3n Esp\u00edrita\",\"description\":\"Nuevo Renacer\",\"publisher\":{\"@id\":\"https:\/\/nuevo-renacer.com\/#organization\"},\"potentialAction\":[{\"@type\":\"SearchAction\",\"target\":{\"@type\":\"EntryPoint\",\"urlTemplate\":\"https:\/\/nuevo-renacer.com\/?s={search_term_string}\"},\"query-input\":{\"@type\":\"PropertyValueSpecification\",\"valueRequired\":true,\"valueName\":\"search_term_string\"}}],\"inLanguage\":\"pt-BR\"},{\"@type\":\"Organization\",\"@id\":\"https:\/\/nuevo-renacer.com\/#organization\",\"name\":\"UFEC\",\"url\":\"https:\/\/nuevo-renacer.com\/\",\"logo\":{\"@type\":\"ImageObject\",\"inLanguage\":\"pt-BR\",\"@id\":\"https:\/\/nuevo-renacer.com\/#\/schema\/logo\/image\/\",\"url\":\"https:\/\/nuevo-renacer.com\/wp-content\/uploads\/2024\/05\/cropped-LOGO-TERMINADO1-3-3.png\",\"contentUrl\":\"https:\/\/nuevo-renacer.com\/wp-content\/uploads\/2024\/05\/cropped-LOGO-TERMINADO1-3-3.png\",\"width\":512,\"height\":512,\"caption\":\"UFEC\"},\"image\":{\"@id\":\"https:\/\/nuevo-renacer.com\/#\/schema\/logo\/image\/\"},\"sameAs\":[\"https:\/\/www.facebook.com\/groups\/3431398063740829\"]}]}<\/script>\n<!-- \/ Yoast SEO Premium plugin. -->","yoast_head_json":{"title":"8 de marzo de 2025 - Uni\u00f3n Esp\u00edrita","robots":{"index":"index","follow":"follow","max-snippet":"max-snippet:-1","max-image-preview":"max-image-preview:large","max-video-preview":"max-video-preview:-1"},"canonical":"https:\/\/nuevo-renacer.com\/pt\/novedades-8-de-marzo-de-2025\/","og_locale":"pt_BR","og_type":"article","og_title":"8 de marzo de 2025","og_description":"8 de marzo de 2025 El 8 de marzo de 2025 se fund\u00f3 el Consejo Esp\u00edrita de Banes. Participaron unas 40 personas de seis centros del municipio, 3 con reconocimiento jur\u00eddico, dos de ellos decidieron integrarse a la Federaci\u00f3n Espiritista de Holgu\u00edn. El otro Centro (San Isidro el Labrador) anunci\u00f3 que har\u00e1n lo mismo en [&hellip;]","og_url":"https:\/\/nuevo-renacer.com\/pt\/novedades-8-de-marzo-de-2025\/","og_site_name":"Uni\u00f3n Esp\u00edrita","article_publisher":"https:\/\/www.facebook.com\/groups\/3431398063740829","article_modified_time":"2025-08-25T08:03:13+00:00","og_image":[{"width":1020,"height":765,"url":"https:\/\/nuevo-renacer.com\/wp-content\/uploads\/2025\/08\/Unbenannt.jpg","type":"image\/jpeg"}],"twitter_card":"summary_large_image","twitter_misc":{"Est. tempo de leitura":"1 minuto"},"schema":{"@context":"https:\/\/schema.org","@graph":[{"@type":"WebPage","@id":"https:\/\/nuevo-renacer.com\/novedades-8-de-marzo-de-2025\/","url":"https:\/\/nuevo-renacer.com\/novedades-8-de-marzo-de-2025\/","name":"8 de marzo de 2025 - Uni\u00f3n Esp\u00edrita","isPartOf":{"@id":"https:\/\/nuevo-renacer.com\/#website"},"primaryImageOfPage":{"@id":"https:\/\/nuevo-renacer.com\/novedades-8-de-marzo-de-2025\/#primaryimage"},"image":{"@id":"https:\/\/nuevo-renacer.com\/novedades-8-de-marzo-de-2025\/#primaryimage"},"thumbnailUrl":"https:\/\/nuevo-renacer.com\/wp-content\/uploads\/2025\/08\/Unbenannt.jpg","datePublished":"2025-08-25T08:03:09+00:00","dateModified":"2025-08-25T08:03:13+00:00","breadcrumb":{"@id":"https:\/\/nuevo-renacer.com\/novedades-8-de-marzo-de-2025\/#breadcrumb"},"inLanguage":"pt-BR","potentialAction":[{"@type":"ReadAction","target":["https:\/\/nuevo-renacer.com\/novedades-8-de-marzo-de-2025\/"]}]},{"@type":"ImageObject","inLanguage":"pt-BR","@id":"https:\/\/nuevo-renacer.com\/novedades-8-de-marzo-de-2025\/#primaryimage","url":"https:\/\/nuevo-renacer.com\/wp-content\/uploads\/2025\/08\/Unbenannt.jpg","contentUrl":"https:\/\/nuevo-renacer.com\/wp-content\/uploads\/2025\/08\/Unbenannt.jpg"},{"@type":"BreadcrumbList","@id":"https:\/\/nuevo-renacer.com\/novedades-8-de-marzo-de-2025\/#breadcrumb","itemListElement":[{"@type":"ListItem","position":1,"name":"Startseite","item":"https:\/\/nuevo-renacer.com\/"},{"@type":"ListItem","position":2,"name":"8 de marzo de 2025"}]},{"@type":"WebSite","@id":"https:\/\/nuevo-renacer.com\/#website","url":"https:\/\/nuevo-renacer.com\/","name":"Uni\u00f3n Esp\u00edrita","description":"Nuevo Renacer","publisher":{"@id":"https:\/\/nuevo-renacer.com\/#organization"},"potentialAction":[{"@type":"SearchAction","target":{"@type":"EntryPoint","urlTemplate":"https:\/\/nuevo-renacer.com\/?s={search_term_string}"},"query-input":{"@type":"PropertyValueSpecification","valueRequired":true,"valueName":"search_term_string"}}],"inLanguage":"pt-BR"},{"@type":"Organization","@id":"https:\/\/nuevo-renacer.com\/#organization","name":"UFEC","url":"https:\/\/nuevo-renacer.com\/","logo":{"@type":"ImageObject","inLanguage":"pt-BR","@id":"https:\/\/nuevo-renacer.com\/#\/schema\/logo\/image\/","url":"https:\/\/nuevo-renacer.com\/wp-content\/uploads\/2024\/05\/cropped-LOGO-TERMINADO1-3-3.png","contentUrl":"https:\/\/nuevo-renacer.com\/wp-content\/uploads\/2024\/05\/cropped-LOGO-TERMINADO1-3-3.png","width":512,"height":512,"caption":"UFEC"},"image":{"@id":"https:\/\/nuevo-renacer.com\/#\/schema\/logo\/image\/"},"sameAs":["https:\/\/www.facebook.com\/groups\/3431398063740829"]}]}},"uagb_featured_image_src":{"full":false,"thumbnail":false,"medium":false,"medium_large":false,"large":false,"1536x1536":false,"2048x2048":false,"trp-custom-language-flag":false},"uagb_author_info":{"display_name":"adbv0","author_link":"https:\/\/nuevo-renacer.com\/pt\/author\/adbv0\/"},"uagb_comment_info":0,"uagb_excerpt":"8 de marzo de 2025 El 8 de marzo de 2025 se fund\u00f3 el Consejo Esp\u00edrita de Banes. Participaron unas 40 personas de seis centros del municipio, 3 con reconocimiento jur\u00eddico, dos de ellos decidieron integrarse a la Federaci\u00f3n Espiritista de Holgu\u00edn. El otro Centro (San Isidro el Labrador) anunci\u00f3 que har\u00e1n lo mismo en&hellip;","jetpack_sharing_enabled":true,"_links":{"self":[{"href":"https:\/\/nuevo-renacer.com\/pt\/wp-json\/wp\/v2\/pages\/8437","targetHints":{"allow":["GET"]}}],"collection":[{"href":"https:\/\/nuevo-renacer.com\/pt\/wp-json\/wp\/v2\/pages"}],"about":[{"href":"https:\/\/nuevo-renacer.com\/pt\/wp-json\/wp\/v2\/types\/page"}],"author":[{"embeddable":true,"href":"https:\/\/nuevo-renacer.com\/pt\/wp-json\/wp\/v2\/users\/1"}],"replies":[{"embeddable":true,"href":"https:\/\/nuevo-renacer.com\/pt\/wp-json\/wp\/v2\/comments?post=8437"}],"version-history":[{"count":1,"href":"https:\/\/nuevo-renacer.com\/pt\/wp-json\/wp\/v2\/pages\/8437\/revisions"}],"predecessor-version":[{"id":8439,"href":"https:\/\/nuevo-renacer.com\/pt\/wp-json\/wp\/v2\/pages\/8437\/revisions\/8439"}],"wp:attachment":[{"href":"https:\/\/nuevo-renacer.com\/pt\/wp-json\/wp\/v2\/media?parent=8437"}],"curies":[{"name":"wp","href":"https:\/\/api.w.org\/{rel}","templated":true}]}}