{"id":8421,"date":"2025-07-18T12:59:12","date_gmt":"2025-07-18T12:59:12","guid":{"rendered":"https:\/\/nuevo-renacer.com\/?page_id=8421"},"modified":"2025-07-18T12:59:16","modified_gmt":"2025-07-18T12:59:16","slug":"jean-meyer","status":"publish","type":"page","link":"https:\/\/nuevo-renacer.com\/pt\/jean-meyer\/","title":{"rendered":"Jean Meyer"},"content":{"rendered":"<div class=\"wp-block-uagb-container uagb-block-c6b8849f alignfull uagb-is-root-container\"><div class=\"uagb-container-inner-blocks-wrap\">\n<p class=\"has-black-color has-text-color has-link-color has-medium-font-size wp-elements-3e3f041f6d5563d9f24fd4504ce64006\"><strong>Jean Meyer<\/strong><\/p>\n<\/div><\/div>\n\n\n\n<div class=\"wp-block-uagb-container uagb-block-9a523b8d alignfull uagb-is-root-container\"><div class=\"uagb-container-inner-blocks-wrap\">\n<figure class=\"wp-block-image size-full is-resized\"><img fetchpriority=\"high\" decoding=\"async\" width=\"1000\" height=\"779\" src=\"https:\/\/nuevo-renacer.com\/wp-content\/uploads\/2025\/07\/Jean-Meyer.jpg\" alt=\"\" class=\"wp-image-8422\" style=\"width:309px;height:auto\" srcset=\"https:\/\/nuevo-renacer.com\/wp-content\/uploads\/2025\/07\/Jean-Meyer.jpg 1000w, https:\/\/nuevo-renacer.com\/wp-content\/uploads\/2025\/07\/Jean-Meyer-300x234.jpg 300w, https:\/\/nuevo-renacer.com\/wp-content\/uploads\/2025\/07\/Jean-Meyer-768x598.jpg 768w, https:\/\/nuevo-renacer.com\/wp-content\/uploads\/2025\/07\/Jean-Meyer-15x12.jpg 15w\" sizes=\"(max-width: 1000px) 100vw, 1000px\" \/><\/figure>\n<\/div><\/div>\n\n\n\n<div class=\"wp-block-uagb-container uagb-block-b68fa6cb alignfull uagb-is-root-container\"><div class=\"uagb-container-inner-blocks-wrap\">\n<p class=\"has-black-color has-text-color has-link-color has-small-font-size wp-elements-ac761262e09f7acf5d4c361a0739b047\">Nascido em Riken (Su\u00ed\u00e7a), no dia 8 de julho de 1855, e desencarnado em B\u00e9ziers, (Fran\u00e7a), no dia 13 de abril de 1931. Jean Meyer, escritor, cientista, filantropo e fil\u00f3sofo su\u00ed\u00e7o, foi uma das mais destacadas figuras esp\u00edritas no in\u00edcio do presente s\u00e9culo. Convertendo-se ao Espiritismo, ap\u00f3s ter lido as obras de Allan Kardec e L\u00e9on Denis, dedicou-se de corpo e alma \u00e0 grandiosa tarefa de divulga\u00e7\u00e3o da Doutrina dos Esp\u00edritos. Possuidor de apreci\u00e1vel fortuna material, colocou \u2013 a inteiramente a servi\u00e7o do Espiritismo, dedicando-se com denodo e verdadeiro amor \u00e0 tarefa de divulga\u00e7\u00e3o dos seus postulados fundamentais.<\/p>\n\n\n\n<p class=\"has-black-color has-text-color has-link-color has-small-font-size wp-elements-b157fecb147eb319681eceda32c002be\">Gra\u00e7as ao seu concurso financeiro e apoio moral, fundou-se em Paris, para onde havia transferido o seu domic\u00edlio ainda em plena juventude, o \u201cInstituto Internacional de Metaps\u00edquica\u201d, cujo primeiro presidente foi o Dr. Roque Santol\u00edquido, not\u00e1vel professor, deputado e Ministro da Sa\u00fade P\u00fablica e conselheiro governamental na It\u00e1lia. Ocupou a vicepresid\u00eancia dessa novel institui\u00e7\u00e3o, o n\u00e3o menos famoso Dr. Gustavo Geley. Por seus relevantes trabalhos, esse instituto foi considerado de \u201cutilidade p\u00fablica\u201d, pelo governo franc\u00eas. Por ocasi\u00e3o da sua desencarna\u00e7\u00e3o, Jean Meyer era diretor propriet\u00e1rio do \u201cRevue Spirite\u201d, fundada por Allan Kardec, exercendo sua dire\u00e7\u00e3o nos anos de 1916 a 1931. No ano de 1917, em sua pr\u00f3pria resid\u00eancia, Vila Valrose, em Paris, foi fundada a \u201cUni\u00e3o Esp\u00edrita Francesa\u201d, tendo por seus principais companheiros Gabriel Delanne e L\u00e9on Denis. Foi ainda vice-presidente da \u201cCasa dos Esp\u00edritas\u201d, da mesma cidade; membro proeminente da \u201cSociedade de Estudos Metaps\u00edquicos\u201d e do \u201cInstituto Internacional de Metaps\u00edquica\u201d, vice-presidente do \u201cCongresso Esp\u00edrita Internacional de Haia\u201d, vice-presidente da \u201cFedera\u00e7\u00e3o Esp\u00edrita Internacional\u201d, quando ela teve a sua sede em Paris, al\u00e9m de ter sido membro de numerosas entidades cient\u00edficas da Fran\u00e7a e de outros pa\u00edses.<\/p>\n\n\n\n<p class=\"has-black-color has-text-color has-link-color has-small-font-size wp-elements-e86633fa96752bd0ed9291fe7e0eba6b\">Jean Meyer dedicou-se resolutamente ao estudo dos aspectos filos\u00f3fico e cient\u00edfico da Doutrina Esp\u00edrita, sem se descuidar da parte filantr\u00f3pica, amparando financeiramente v\u00e1rias institui\u00e7\u00f5es assistenciais, dentre elas uma obra erguida em Lyon, pelas senhoras Stephen e Dayt. O grande seareiro despendeu apreci\u00e1vel parcela de sua fortuna na difus\u00e3o do Espiritismo por meio das \u201cEdi\u00e7\u00f5es Meyer\u201d, e na sustenta\u00e7\u00e3o das institui\u00e7\u00f5es doutrin\u00e1rias, com destaque a \u201cUni\u00e3o Esp\u00edrita Francesa\u201d. Encetou numerosos estudos com o Dr. Gustavo Geley* no \u201cInstituto Internacional de Metaps\u00edquica\u201d, pois era persistente investigador dos fen\u00f4menos esp\u00edritas, ao ponto de merecer de L\u00e9on Chevreuil, um dos presidentes da \u201cUni\u00e3o Esp\u00edrita Francesa\u201d, a afirma\u00e7\u00e3o de que \u201csem Meyer a Metaps\u00edquica n\u00e3o existiria\u201d.<\/p>\n\n\n\n<p class=\"has-black-color has-text-color has-link-color has-small-font-size wp-elements-c8bf3913762f0661711e1cdb3d3b69f7\">Na qualidade de vice-presidente da Comiss\u00e3o Executiva do \u201cCongresso Esp\u00edrita Internacional\u201d, realizado em Paris, de 6 a 13 de setembro de 1925, Meyer trabalhou com afinco, fazendo salientar, de forma impressionante, os seus conhecimentos cient\u00edficos. No Congresso Esp\u00edrita de Londres, realizado em 1928, no qual tomou parte com \u201cSir\u201d Arthur Conan Doyle, que muito o prezava, ele pronunciou as seguintes palavras: \u201c\u00c9 pela Uni\u00e3o da Ci\u00eancia com o Espiritismo, com essa f\u00e9 racional que ele nos d\u00e1, auxiliando-se um ao outro, que chegaremos a uma compenetra\u00e7\u00e3o cada vez mais justa e sempre mais elevada, da obra de Deus\u201d. Podemos afirmar, sem hesitar, que Jean Meyer foi um dos mais l\u00eddimos continuadores da obra de Allan Kardec, inclusive pela manuten\u00e7\u00e3o das tiragens da \u201cRevue Spirite\u201d durante cerca de 15 anos, e pela realiza\u00e7\u00e3o de uma intensiva divulga\u00e7\u00e3o dos postulados esp\u00edritas, numa \u00e9poca quando a nova doutrina revelada come\u00e7ava a aclarar os horizontes sombrios do mundo, com os esplendores da sua luz.Jean Meyer n\u00e3o foi um homem que enterrou o talento, conforme o dizer judicioso dos Evangelhos. Ele se capacitou de que a fortuna material deve ser colocada em favor das causas nobres, por isso n\u00e3o hesitou em p\u00f4r esse legado transit\u00f3rio, que havia recebido dos C\u00e9us, a servi\u00e7o do Espiritismo e dos menos favorecidos pelos bens terrenos, mas tamb\u00e9m colocou a sua intelig\u00eancia, a sua f\u00e9 inquebrant\u00e1vel e todas as for\u00e7as de que dispunha, para que essa mesma causa viesse a triunfar.<\/p>\n<\/div><\/div>\n\n\n\n<div class=\"wp-block-uagb-container uagb-block-8f91b0af alignfull uagb-is-root-container\"><div class=\"uagb-container-inner-blocks-wrap\"><\/div><\/div>\n\n\n\n<div class=\"wp-block-uagb-container uagb-block-6f6fe01c alignfull uagb-is-root-container\"><div class=\"uagb-container-inner-blocks-wrap\"><\/div><\/div>","protected":false},"excerpt":{"rendered":"<p>Jean Meyer Nacido en Riken (Suiza) el 8 de julio de 1855 y fallecido en B\u00e9ziers (Francia) el 13 de abril de 1931. Jean Meyer, escritor, cient\u00edfico, fil\u00e1ntropo y fil\u00f3sofo suizo, fue una de las figuras espiritistas m\u00e1s destacadas de principios del siglo XX. Convertido al espiritismo tras leer las obras de Allan Kardec y [&hellip;]<\/p>","protected":false},"author":1,"featured_media":0,"parent":0,"menu_order":0,"comment_status":"closed","ping_status":"closed","template":"","meta":{"_uag_custom_page_level_css":"","site-sidebar-layout":"default","site-content-layout":"","ast-site-content-layout":"default","site-content-style":"default","site-sidebar-style":"default","ast-global-header-display":"","ast-banner-title-visibility":"","ast-main-header-display":"","ast-hfb-above-header-display":"","ast-hfb-below-header-display":"","ast-hfb-mobile-header-display":"","site-post-title":"disabled","ast-breadcrumbs-content":"","ast-featured-img":"","footer-sml-layout":"","theme-transparent-header-meta":"","adv-header-id-meta":"","stick-header-meta":"","header-above-stick-meta":"","header-main-stick-meta":"","header-below-stick-meta":"","astra-migrate-meta-layouts":"set","ast-page-background-enabled":"default","ast-page-background-meta":{"desktop":{"background-color":"var(--ast-global-color-4)","background-image":"","background-repeat":"repeat","background-position":"center center","background-size":"auto","background-attachment":"scroll","background-type":"","background-media":"","overlay-type":"","overlay-color":"","overlay-opacity":"","overlay-gradient":""},"tablet":{"background-color":"","background-image":"","background-repeat":"repeat","background-position":"center center","background-size":"auto","background-attachment":"scroll","background-type":"","background-media":"","overlay-type":"","overlay-color":"","overlay-opacity":"","overlay-gradient":""},"mobile":{"background-color":"","background-image":"","background-repeat":"repeat","background-position":"center center","background-size":"auto","background-attachment":"scroll","background-type":"","background-media":"","overlay-type":"","overlay-color":"","overlay-opacity":"","overlay-gradient":""}},"ast-content-background-meta":{"desktop":{"background-color":"var(--ast-global-color-5)","background-image":"","background-repeat":"repeat","background-position":"center center","background-size":"auto","background-attachment":"scroll","background-type":"","background-media":"","overlay-type":"","overlay-color":"","overlay-opacity":"","overlay-gradient":""},"tablet":{"background-color":"var(--ast-global-color-5)","background-image":"","background-repeat":"repeat","background-position":"center center","background-size":"auto","background-attachment":"scroll","background-type":"","background-media":"","overlay-type":"","overlay-color":"","overlay-opacity":"","overlay-gradient":""},"mobile":{"background-color":"var(--ast-global-color-5)","background-image":"","background-repeat":"repeat","background-position":"center center","background-size":"auto","background-attachment":"scroll","background-type":"","background-media":"","overlay-type":"","overlay-color":"","overlay-opacity":"","overlay-gradient":""}},"footnotes":""},"class_list":["post-8421","page","type-page","status-publish","hentry"],"yoast_head":"<!-- This site is optimized with the Yoast SEO Premium plugin v24.2 (Yoast SEO v24.6) - https:\/\/yoast.com\/wordpress\/plugins\/seo\/ -->\n<title>Jean Meyer - Uni\u00f3n Esp\u00edrita<\/title>\n<meta name=\"robots\" content=\"index, follow, max-snippet:-1, max-image-preview:large, max-video-preview:-1\" \/>\n<link rel=\"canonical\" href=\"https:\/\/nuevo-renacer.com\/pt\/jean-meyer\/\" \/>\n<meta property=\"og:locale\" content=\"pt_BR\" \/>\n<meta property=\"og:type\" content=\"article\" \/>\n<meta property=\"og:title\" content=\"Jean Meyer\" \/>\n<meta property=\"og:description\" content=\"Jean Meyer Nacido en Riken (Suiza) el 8 de julio de 1855 y fallecido en B\u00e9ziers (Francia) el 13 de abril de 1931. Jean Meyer, escritor, cient\u00edfico, fil\u00e1ntropo y fil\u00f3sofo suizo, fue una de las figuras espiritistas m\u00e1s destacadas de principios del siglo XX. Convertido al espiritismo tras leer las obras de Allan Kardec y [&hellip;]\" \/>\n<meta property=\"og:url\" content=\"https:\/\/nuevo-renacer.com\/pt\/jean-meyer\/\" \/>\n<meta property=\"og:site_name\" content=\"Uni\u00f3n Esp\u00edrita\" \/>\n<meta property=\"article:publisher\" content=\"https:\/\/www.facebook.com\/groups\/3431398063740829\" \/>\n<meta property=\"article:modified_time\" content=\"2025-07-18T12:59:16+00:00\" \/>\n<meta property=\"og:image\" content=\"https:\/\/nuevo-renacer.com\/wp-content\/uploads\/2025\/07\/Jean-Meyer.jpg\" \/>\n\t<meta property=\"og:image:width\" content=\"1000\" \/>\n\t<meta property=\"og:image:height\" content=\"779\" \/>\n\t<meta property=\"og:image:type\" content=\"image\/jpeg\" \/>\n<meta name=\"twitter:card\" content=\"summary_large_image\" \/>\n<meta name=\"twitter:label1\" content=\"Est. tempo de leitura\" \/>\n\t<meta name=\"twitter:data1\" content=\"4 minutos\" \/>\n<script type=\"application\/ld+json\" class=\"yoast-schema-graph\">{\"@context\":\"https:\/\/schema.org\",\"@graph\":[{\"@type\":\"WebPage\",\"@id\":\"https:\/\/nuevo-renacer.com\/jean-meyer\/\",\"url\":\"https:\/\/nuevo-renacer.com\/jean-meyer\/\",\"name\":\"Jean Meyer - Uni\u00f3n Esp\u00edrita\",\"isPartOf\":{\"@id\":\"https:\/\/nuevo-renacer.com\/#website\"},\"primaryImageOfPage\":{\"@id\":\"https:\/\/nuevo-renacer.com\/jean-meyer\/#primaryimage\"},\"image\":{\"@id\":\"https:\/\/nuevo-renacer.com\/jean-meyer\/#primaryimage\"},\"thumbnailUrl\":\"https:\/\/nuevo-renacer.com\/wp-content\/uploads\/2025\/07\/Jean-Meyer.jpg\",\"datePublished\":\"2025-07-18T12:59:12+00:00\",\"dateModified\":\"2025-07-18T12:59:16+00:00\",\"breadcrumb\":{\"@id\":\"https:\/\/nuevo-renacer.com\/jean-meyer\/#breadcrumb\"},\"inLanguage\":\"pt-BR\",\"potentialAction\":[{\"@type\":\"ReadAction\",\"target\":[\"https:\/\/nuevo-renacer.com\/jean-meyer\/\"]}]},{\"@type\":\"ImageObject\",\"inLanguage\":\"pt-BR\",\"@id\":\"https:\/\/nuevo-renacer.com\/jean-meyer\/#primaryimage\",\"url\":\"https:\/\/nuevo-renacer.com\/wp-content\/uploads\/2025\/07\/Jean-Meyer.jpg\",\"contentUrl\":\"https:\/\/nuevo-renacer.com\/wp-content\/uploads\/2025\/07\/Jean-Meyer.jpg\"},{\"@type\":\"BreadcrumbList\",\"@id\":\"https:\/\/nuevo-renacer.com\/jean-meyer\/#breadcrumb\",\"itemListElement\":[{\"@type\":\"ListItem\",\"position\":1,\"name\":\"Startseite\",\"item\":\"https:\/\/nuevo-renacer.com\/\"},{\"@type\":\"ListItem\",\"position\":2,\"name\":\"Jean Meyer\"}]},{\"@type\":\"WebSite\",\"@id\":\"https:\/\/nuevo-renacer.com\/#website\",\"url\":\"https:\/\/nuevo-renacer.com\/\",\"name\":\"Uni\u00f3n Esp\u00edrita\",\"description\":\"Nuevo Renacer\",\"publisher\":{\"@id\":\"https:\/\/nuevo-renacer.com\/#organization\"},\"potentialAction\":[{\"@type\":\"SearchAction\",\"target\":{\"@type\":\"EntryPoint\",\"urlTemplate\":\"https:\/\/nuevo-renacer.com\/?s={search_term_string}\"},\"query-input\":{\"@type\":\"PropertyValueSpecification\",\"valueRequired\":true,\"valueName\":\"search_term_string\"}}],\"inLanguage\":\"pt-BR\"},{\"@type\":\"Organization\",\"@id\":\"https:\/\/nuevo-renacer.com\/#organization\",\"name\":\"UFEC\",\"url\":\"https:\/\/nuevo-renacer.com\/\",\"logo\":{\"@type\":\"ImageObject\",\"inLanguage\":\"pt-BR\",\"@id\":\"https:\/\/nuevo-renacer.com\/#\/schema\/logo\/image\/\",\"url\":\"https:\/\/nuevo-renacer.com\/wp-content\/uploads\/2024\/05\/cropped-LOGO-TERMINADO1-3-3.png\",\"contentUrl\":\"https:\/\/nuevo-renacer.com\/wp-content\/uploads\/2024\/05\/cropped-LOGO-TERMINADO1-3-3.png\",\"width\":512,\"height\":512,\"caption\":\"UFEC\"},\"image\":{\"@id\":\"https:\/\/nuevo-renacer.com\/#\/schema\/logo\/image\/\"},\"sameAs\":[\"https:\/\/www.facebook.com\/groups\/3431398063740829\"]}]}<\/script>\n<!-- \/ Yoast SEO Premium plugin. -->","yoast_head_json":{"title":"Jean Meyer - Uni\u00f3n Esp\u00edrita","robots":{"index":"index","follow":"follow","max-snippet":"max-snippet:-1","max-image-preview":"max-image-preview:large","max-video-preview":"max-video-preview:-1"},"canonical":"https:\/\/nuevo-renacer.com\/pt\/jean-meyer\/","og_locale":"pt_BR","og_type":"article","og_title":"Jean Meyer","og_description":"Jean Meyer Nacido en Riken (Suiza) el 8 de julio de 1855 y fallecido en B\u00e9ziers (Francia) el 13 de abril de 1931. Jean Meyer, escritor, cient\u00edfico, fil\u00e1ntropo y fil\u00f3sofo suizo, fue una de las figuras espiritistas m\u00e1s destacadas de principios del siglo XX. Convertido al espiritismo tras leer las obras de Allan Kardec y [&hellip;]","og_url":"https:\/\/nuevo-renacer.com\/pt\/jean-meyer\/","og_site_name":"Uni\u00f3n Esp\u00edrita","article_publisher":"https:\/\/www.facebook.com\/groups\/3431398063740829","article_modified_time":"2025-07-18T12:59:16+00:00","og_image":[{"width":1000,"height":779,"url":"https:\/\/nuevo-renacer.com\/wp-content\/uploads\/2025\/07\/Jean-Meyer.jpg","type":"image\/jpeg"}],"twitter_card":"summary_large_image","twitter_misc":{"Est. tempo de leitura":"4 minutos"},"schema":{"@context":"https:\/\/schema.org","@graph":[{"@type":"WebPage","@id":"https:\/\/nuevo-renacer.com\/jean-meyer\/","url":"https:\/\/nuevo-renacer.com\/jean-meyer\/","name":"Jean Meyer - Uni\u00f3n Esp\u00edrita","isPartOf":{"@id":"https:\/\/nuevo-renacer.com\/#website"},"primaryImageOfPage":{"@id":"https:\/\/nuevo-renacer.com\/jean-meyer\/#primaryimage"},"image":{"@id":"https:\/\/nuevo-renacer.com\/jean-meyer\/#primaryimage"},"thumbnailUrl":"https:\/\/nuevo-renacer.com\/wp-content\/uploads\/2025\/07\/Jean-Meyer.jpg","datePublished":"2025-07-18T12:59:12+00:00","dateModified":"2025-07-18T12:59:16+00:00","breadcrumb":{"@id":"https:\/\/nuevo-renacer.com\/jean-meyer\/#breadcrumb"},"inLanguage":"pt-BR","potentialAction":[{"@type":"ReadAction","target":["https:\/\/nuevo-renacer.com\/jean-meyer\/"]}]},{"@type":"ImageObject","inLanguage":"pt-BR","@id":"https:\/\/nuevo-renacer.com\/jean-meyer\/#primaryimage","url":"https:\/\/nuevo-renacer.com\/wp-content\/uploads\/2025\/07\/Jean-Meyer.jpg","contentUrl":"https:\/\/nuevo-renacer.com\/wp-content\/uploads\/2025\/07\/Jean-Meyer.jpg"},{"@type":"BreadcrumbList","@id":"https:\/\/nuevo-renacer.com\/jean-meyer\/#breadcrumb","itemListElement":[{"@type":"ListItem","position":1,"name":"Startseite","item":"https:\/\/nuevo-renacer.com\/"},{"@type":"ListItem","position":2,"name":"Jean Meyer"}]},{"@type":"WebSite","@id":"https:\/\/nuevo-renacer.com\/#website","url":"https:\/\/nuevo-renacer.com\/","name":"Uni\u00f3n Esp\u00edrita","description":"Nuevo Renacer","publisher":{"@id":"https:\/\/nuevo-renacer.com\/#organization"},"potentialAction":[{"@type":"SearchAction","target":{"@type":"EntryPoint","urlTemplate":"https:\/\/nuevo-renacer.com\/?s={search_term_string}"},"query-input":{"@type":"PropertyValueSpecification","valueRequired":true,"valueName":"search_term_string"}}],"inLanguage":"pt-BR"},{"@type":"Organization","@id":"https:\/\/nuevo-renacer.com\/#organization","name":"UFEC","url":"https:\/\/nuevo-renacer.com\/","logo":{"@type":"ImageObject","inLanguage":"pt-BR","@id":"https:\/\/nuevo-renacer.com\/#\/schema\/logo\/image\/","url":"https:\/\/nuevo-renacer.com\/wp-content\/uploads\/2024\/05\/cropped-LOGO-TERMINADO1-3-3.png","contentUrl":"https:\/\/nuevo-renacer.com\/wp-content\/uploads\/2024\/05\/cropped-LOGO-TERMINADO1-3-3.png","width":512,"height":512,"caption":"UFEC"},"image":{"@id":"https:\/\/nuevo-renacer.com\/#\/schema\/logo\/image\/"},"sameAs":["https:\/\/www.facebook.com\/groups\/3431398063740829"]}]}},"uagb_featured_image_src":{"full":false,"thumbnail":false,"medium":false,"medium_large":false,"large":false,"1536x1536":false,"2048x2048":false,"trp-custom-language-flag":false},"uagb_author_info":{"display_name":"adbv0","author_link":"https:\/\/nuevo-renacer.com\/pt\/author\/adbv0\/"},"uagb_comment_info":0,"uagb_excerpt":"Jean Meyer Nacido en Riken (Suiza) el 8 de julio de 1855 y fallecido en B\u00e9ziers (Francia) el 13 de abril de 1931. Jean Meyer, escritor, cient\u00edfico, fil\u00e1ntropo y fil\u00f3sofo suizo, fue una de las figuras espiritistas m\u00e1s destacadas de principios del siglo XX. Convertido al espiritismo tras leer las obras de Allan Kardec y&hellip;","jetpack_sharing_enabled":true,"_links":{"self":[{"href":"https:\/\/nuevo-renacer.com\/pt\/wp-json\/wp\/v2\/pages\/8421","targetHints":{"allow":["GET"]}}],"collection":[{"href":"https:\/\/nuevo-renacer.com\/pt\/wp-json\/wp\/v2\/pages"}],"about":[{"href":"https:\/\/nuevo-renacer.com\/pt\/wp-json\/wp\/v2\/types\/page"}],"author":[{"embeddable":true,"href":"https:\/\/nuevo-renacer.com\/pt\/wp-json\/wp\/v2\/users\/1"}],"replies":[{"embeddable":true,"href":"https:\/\/nuevo-renacer.com\/pt\/wp-json\/wp\/v2\/comments?post=8421"}],"version-history":[{"count":1,"href":"https:\/\/nuevo-renacer.com\/pt\/wp-json\/wp\/v2\/pages\/8421\/revisions"}],"predecessor-version":[{"id":8423,"href":"https:\/\/nuevo-renacer.com\/pt\/wp-json\/wp\/v2\/pages\/8421\/revisions\/8423"}],"wp:attachment":[{"href":"https:\/\/nuevo-renacer.com\/pt\/wp-json\/wp\/v2\/media?parent=8421"}],"curies":[{"name":"wp","href":"https:\/\/api.w.org\/{rel}","templated":true}]}}