{"id":8404,"date":"2025-07-07T11:41:59","date_gmt":"2025-07-07T11:41:59","guid":{"rendered":"https:\/\/nuevo-renacer.com\/?page_id=8404"},"modified":"2025-07-07T11:42:02","modified_gmt":"2025-07-07T11:42:02","slug":"fernando-miramez-de-olivideo","status":"publish","type":"page","link":"https:\/\/nuevo-renacer.com\/pt\/fernando-miramez-de-olivideo\/","title":{"rendered":"Fernando Miramez de Oliv\u00eddeo"},"content":{"rendered":"<div class=\"wp-block-uagb-container uagb-block-2082942c alignfull uagb-is-root-container\"><div class=\"uagb-container-inner-blocks-wrap\">\n<p class=\"has-black-color has-text-color has-link-color has-medium-font-size wp-elements-cba2740858ed0f9302b970ef3bfbc537\"><strong>Fernando Miramez de Oliv\u00eddeo<\/strong><\/p>\n<\/div><\/div>\n\n\n\n<div class=\"wp-block-uagb-container uagb-block-60ee9028 alignfull uagb-is-root-container\"><div class=\"uagb-container-inner-blocks-wrap\">\n<figure class=\"wp-block-image size-full is-resized\"><img fetchpriority=\"high\" decoding=\"async\" width=\"300\" height=\"399\" src=\"https:\/\/nuevo-renacer.com\/wp-content\/uploads\/2025\/07\/Fernando-Miramez-de-Olivideo.jpg\" alt=\"\" class=\"wp-image-8405\" style=\"width:249px;height:auto\" srcset=\"https:\/\/nuevo-renacer.com\/wp-content\/uploads\/2025\/07\/Fernando-Miramez-de-Olivideo.jpg 300w, https:\/\/nuevo-renacer.com\/wp-content\/uploads\/2025\/07\/Fernando-Miramez-de-Olivideo-226x300.jpg 226w, https:\/\/nuevo-renacer.com\/wp-content\/uploads\/2025\/07\/Fernando-Miramez-de-Olivideo-9x12.jpg 9w\" sizes=\"(max-width: 300px) 100vw, 300px\" \/><\/figure>\n<\/div><\/div>\n\n\n\n<div class=\"wp-block-uagb-container uagb-block-8da67d6a alignfull uagb-is-root-container\"><div class=\"uagb-container-inner-blocks-wrap\">\n<p class=\"has-black-color has-text-color has-link-color has-small-font-size wp-elements-28fd2022a158ddb6784c4a78d92c17cd\">Miramez era filho de um casal de nobres que vivia no norte da Espanha. Sua m\u00e3e era francesa e seu pai portugu\u00eas. Inteligente e estudioso, desde cedo interessou-se pela descoberta das Am\u00e9ricas onde, por v\u00e1rias vezes, se via desembarcando em portos que sentia serem aben\u00e7oados. Miramez era \u00edntimo de Filipe IV, rei de Espanha, que conhecia seus princ\u00edpios de integridade e de elevada moral. Para o rei, por\u00e9m, Fernando possu\u00eda defici\u00eancias que pretendia corrigir: era avesso \u00e0s guerras, repudiava a viol\u00eancia e apoiava o direito dos povos e principalmente, dos indiv\u00edduos. Por isso designou-o, com poderes de chefe de Estado, como \u201cos ouvidos do rei e boca da Espanha\u201d nas Terras de Santa Cruz, visando acompanhar de perto a a\u00e7\u00e3o colonialista de Portugal na Am\u00e9rica. Na mesma noite em que o rei lhe fez o convite, Miramez sentiu que algo h\u00e1 muito tempo acalentado na alma come\u00e7ava a se realizar. Em sono tranquilo, foi levado em viagem astral \u00e0s terras onde em breve haveria de aportar. Acordou no dia seguinte cantarolando, envolvido por estranha alegria, daquelas que costumam acompanhar todos que pensam, vivem e agem em prol do bem da humanidade.<\/p>\n\n\n\n<p class=\"has-black-color has-text-color has-link-color has-small-font-size wp-elements-e969597d34b15f86a13cb097fbe9d651\">Assim, em um dia do ano de 1649, em que reinava em Roma Inoc\u00eancio X, desembarcava no litoral do Brasil, secretamente, na condi\u00e7\u00e3o de turista, o enviado do rei da Espanha. Am\u00e1vel e convivente, dominando muitos idiomas, j\u00e1 no barco que o transportava para a praia, relacionara-se com os remadores escravos. Acontecimento not\u00e1vel em sua chegada foi o fato de v\u00e1rios \u00edndios que se encontravam na praia virem ao seu encontro como que para recepcion\u00e1-lo, ao mesmo tempo em que o feiticeiro da tribo apontava para o seu lado direito, exclamando: \"Babagi! Babagi!\" Na tradi\u00e7\u00e3o ind\u00edgena, Babagi era a divindade respons\u00e1vel pela cura realizada atrav\u00e9s dos paj\u00e9s de cada tribo. Era, na realidade, uma entidade espiritual que acompanhava Miramez. Logo sentiu-se cercado pelos novos amigos, que nele sentiam condi\u00e7\u00e3o de proporcionar al\u00edvio aos sofrimentos e persegui\u00e7\u00f5es pelas quais passavam, ante o dom\u00ednio dos invasores estrangeiros. Em curto espa\u00e7o de tempo, Fernando j\u00e1 assimilara os diversos dialetos ind\u00edgenas e africanos, movimentando-se com desenvoltura entre os humildes.<\/p>\n\n\n\n<p class=\"has-black-color has-text-color has-link-color has-small-font-size wp-elements-1db66a346660180755e7b9975ce0cac8\">Certa noite, quando contemplava as estrelas, sobreveio-lhe forte lembran\u00e7a da p\u00e1tria distante, onde dispunha de in\u00fameros e valiosos bens, entre propriedades e terras. Enquanto meditava se deveria regressar \u00e0 Espanha, sentiu uma voz suave, como que nascida dentro da sua consci\u00eancia, recomendando-lhe fazer aquilo que o rico mancebo referido no Evangelho se recusou a fazer quando aconselhado por Jesus a se desfazer de seus bens antes de segui-Lo (Mateus,XIX: 16-24; Lucas XVII: 18-25; Marcos X: 25) : \u201cVai vende todos os teus bens, distribu\u00ed-os entre os pobres e ter\u00e1s um tesouro no c\u00e9u; depois, vem e segue-me\u201d! Surpreso, sentia que conhecia aquela voz, mas, de onde? Parecia-lhe que j\u00e1 a escutara antes, mas quando? Achava-se perdido no oceano dos s\u00e9culos.<\/p>\n\n\n\n<p class=\"has-black-color has-text-color has-link-color has-small-font-size wp-elements-6e263438cc4e83b1cc0c18db89da1e0c\">Contudo, a voz fez-se ouvir novamente. \u201cFernando, podes vender todas as tuas posses na Espanha e distribuir o dinheiro entre os necessitados de tua p\u00e1tria! Os daqui, necessitando passar pelos processos renovadores, precisam mais da tua riqueza mental, do resultado de tuas m\u00e3os operosas, do tesouro armazenado em teu cora\u00e7\u00e3o e da tua presen\u00e7a confortadora\u201d! Miramez, ent\u00e3o, enviou procura\u00e7\u00e3o a amigos de sua confian\u00e7a, autorizando-os a dispor dos seus bens e distribuir o resultado entre os carentes e sofredores da Pen\u00ednsula Ib\u00e9rica, passando a viver em estado de consci\u00eancia tranquila e realizando importante trabalho de media\u00e7\u00e3o. Alguns \u00edndios e negros n\u00e3o se davam bem, hostilizando-se mutuamente. Trabalhando arduamente pela aproxima\u00e7\u00e3o e conviv\u00eancia das duas ra\u00e7as, em pouco tempo seus esfor\u00e7os apresentaram resultado: \u00edndios e negros passaram a festejar, juntos, suas tradi\u00e7\u00f5es, unidos pelos la\u00e7os de ideal, amizade e sofrimento. Miramez, ent\u00e3o, passou a frequentar o grupo de catequizadores europeus, por encontrar ali campo prop\u00edcio \u00e0 pr\u00e1tica dos seus ideais. Como resultado de seu trabalho e esfor\u00e7o conjunto foi promulgada, em 1680, a lei de prote\u00e7\u00e3o aos \u00edndios.<\/p>\n\n\n\n<p class=\"has-black-color has-text-color has-link-color has-small-font-size wp-elements-7feaec0b88abae0ba688c29978c9d795\">Sua morte ocorreu num quadro de elevada suavidade. Os negros e os \u00edndios catequizados formavam extensa fila para beijar as m\u00e3os que tanto os auxiliara. Enquanto ainda l\u00facido, Miramez aben\u00e7oava-os, um por um. Nos momentos derradeiros, Fernando Miramez de Oliv\u00eddeo percebeu a presen\u00e7a da m\u00e3e extremosa, bem como de sublimada entidade que ele preferiu n\u00e3o identificar, por julgar n\u00e3o merecer tamanha honra. Com l\u00e1grimas nos olhos, Miramez desprendeu-se do vaso f\u00edsico e, j\u00e1 fora dele, chorou de felicidade e agradecimento, por ter ingressado no Brasil pelas portas do amor e da caridade, que lhe foram abertas por Jesus.<\/p>\n<\/div><\/div>\n\n\n\n<div class=\"wp-block-uagb-container uagb-block-369f1c1c alignfull uagb-is-root-container\"><div class=\"uagb-container-inner-blocks-wrap\"><\/div><\/div>\n\n\n\n<div class=\"wp-block-uagb-container uagb-block-3ad7a60e alignfull uagb-is-root-container\"><div class=\"uagb-container-inner-blocks-wrap\"><\/div><\/div>","protected":false},"excerpt":{"rendered":"<p>Fernando Miramez de Oliv\u00eddeo Miramez era hijo de una pareja de nobles que viv\u00eda en el norte de Espa\u00f1a. Su madre era francesa y su padre portugu\u00e9s. Inteligente y estudioso, desde muy temprana edad se interes\u00f3 por el descubrimiento de las Am\u00e9ricas, donde, en varias ocasiones, se ve\u00eda desembarcando en puertos que consideraba benditos. Miramez [&hellip;]<\/p>","protected":false},"author":1,"featured_media":0,"parent":0,"menu_order":0,"comment_status":"closed","ping_status":"closed","template":"","meta":{"_uag_custom_page_level_css":"","site-sidebar-layout":"default","site-content-layout":"","ast-site-content-layout":"default","site-content-style":"default","site-sidebar-style":"default","ast-global-header-display":"","ast-banner-title-visibility":"","ast-main-header-display":"","ast-hfb-above-header-display":"","ast-hfb-below-header-display":"","ast-hfb-mobile-header-display":"","site-post-title":"disabled","ast-breadcrumbs-content":"","ast-featured-img":"","footer-sml-layout":"","theme-transparent-header-meta":"","adv-header-id-meta":"","stick-header-meta":"","header-above-stick-meta":"","header-main-stick-meta":"","header-below-stick-meta":"","astra-migrate-meta-layouts":"set","ast-page-background-enabled":"default","ast-page-background-meta":{"desktop":{"background-color":"var(--ast-global-color-4)","background-image":"","background-repeat":"repeat","background-position":"center center","background-size":"auto","background-attachment":"scroll","background-type":"","background-media":"","overlay-type":"","overlay-color":"","overlay-opacity":"","overlay-gradient":""},"tablet":{"background-color":"","background-image":"","background-repeat":"repeat","background-position":"center center","background-size":"auto","background-attachment":"scroll","background-type":"","background-media":"","overlay-type":"","overlay-color":"","overlay-opacity":"","overlay-gradient":""},"mobile":{"background-color":"","background-image":"","background-repeat":"repeat","background-position":"center center","background-size":"auto","background-attachment":"scroll","background-type":"","background-media":"","overlay-type":"","overlay-color":"","overlay-opacity":"","overlay-gradient":""}},"ast-content-background-meta":{"desktop":{"background-color":"var(--ast-global-color-5)","background-image":"","background-repeat":"repeat","background-position":"center center","background-size":"auto","background-attachment":"scroll","background-type":"","background-media":"","overlay-type":"","overlay-color":"","overlay-opacity":"","overlay-gradient":""},"tablet":{"background-color":"var(--ast-global-color-5)","background-image":"","background-repeat":"repeat","background-position":"center center","background-size":"auto","background-attachment":"scroll","background-type":"","background-media":"","overlay-type":"","overlay-color":"","overlay-opacity":"","overlay-gradient":""},"mobile":{"background-color":"var(--ast-global-color-5)","background-image":"","background-repeat":"repeat","background-position":"center center","background-size":"auto","background-attachment":"scroll","background-type":"","background-media":"","overlay-type":"","overlay-color":"","overlay-opacity":"","overlay-gradient":""}},"footnotes":""},"class_list":["post-8404","page","type-page","status-publish","hentry"],"yoast_head":"<!-- This site is optimized with the Yoast SEO Premium plugin v24.2 (Yoast SEO v24.6) - https:\/\/yoast.com\/wordpress\/plugins\/seo\/ -->\n<title>Fernando Miramez de Oliv\u00eddeo - Uni\u00f3n Esp\u00edrita<\/title>\n<meta name=\"robots\" content=\"index, follow, max-snippet:-1, max-image-preview:large, max-video-preview:-1\" \/>\n<link rel=\"canonical\" href=\"https:\/\/nuevo-renacer.com\/pt\/fernando-miramez-de-olivideo\/\" \/>\n<meta property=\"og:locale\" content=\"pt_BR\" \/>\n<meta property=\"og:type\" content=\"article\" \/>\n<meta property=\"og:title\" content=\"Fernando Miramez de Oliv\u00eddeo\" \/>\n<meta property=\"og:description\" content=\"Fernando Miramez de Oliv\u00eddeo Miramez era hijo de una pareja de nobles que viv\u00eda en el norte de Espa\u00f1a. Su madre era francesa y su padre portugu\u00e9s. Inteligente y estudioso, desde muy temprana edad se interes\u00f3 por el descubrimiento de las Am\u00e9ricas, donde, en varias ocasiones, se ve\u00eda desembarcando en puertos que consideraba benditos. Miramez [&hellip;]\" \/>\n<meta property=\"og:url\" content=\"https:\/\/nuevo-renacer.com\/pt\/fernando-miramez-de-olivideo\/\" \/>\n<meta property=\"og:site_name\" content=\"Uni\u00f3n Esp\u00edrita\" \/>\n<meta property=\"article:publisher\" content=\"https:\/\/www.facebook.com\/groups\/3431398063740829\" \/>\n<meta property=\"article:modified_time\" content=\"2025-07-07T11:42:02+00:00\" \/>\n<meta property=\"og:image\" content=\"https:\/\/nuevo-renacer.com\/wp-content\/uploads\/2025\/07\/Fernando-Miramez-de-Olivideo.jpg\" \/>\n\t<meta property=\"og:image:width\" content=\"300\" \/>\n\t<meta property=\"og:image:height\" content=\"399\" \/>\n\t<meta property=\"og:image:type\" content=\"image\/jpeg\" \/>\n<meta name=\"twitter:card\" content=\"summary_large_image\" \/>\n<meta name=\"twitter:label1\" content=\"Est. tempo de leitura\" \/>\n\t<meta name=\"twitter:data1\" content=\"5 minutos\" \/>\n<script type=\"application\/ld+json\" class=\"yoast-schema-graph\">{\"@context\":\"https:\/\/schema.org\",\"@graph\":[{\"@type\":\"WebPage\",\"@id\":\"https:\/\/nuevo-renacer.com\/fernando-miramez-de-olivideo\/\",\"url\":\"https:\/\/nuevo-renacer.com\/fernando-miramez-de-olivideo\/\",\"name\":\"Fernando Miramez de Oliv\u00eddeo - Uni\u00f3n Esp\u00edrita\",\"isPartOf\":{\"@id\":\"https:\/\/nuevo-renacer.com\/#website\"},\"primaryImageOfPage\":{\"@id\":\"https:\/\/nuevo-renacer.com\/fernando-miramez-de-olivideo\/#primaryimage\"},\"image\":{\"@id\":\"https:\/\/nuevo-renacer.com\/fernando-miramez-de-olivideo\/#primaryimage\"},\"thumbnailUrl\":\"https:\/\/nuevo-renacer.com\/wp-content\/uploads\/2025\/07\/Fernando-Miramez-de-Olivideo.jpg\",\"datePublished\":\"2025-07-07T11:41:59+00:00\",\"dateModified\":\"2025-07-07T11:42:02+00:00\",\"breadcrumb\":{\"@id\":\"https:\/\/nuevo-renacer.com\/fernando-miramez-de-olivideo\/#breadcrumb\"},\"inLanguage\":\"pt-BR\",\"potentialAction\":[{\"@type\":\"ReadAction\",\"target\":[\"https:\/\/nuevo-renacer.com\/fernando-miramez-de-olivideo\/\"]}]},{\"@type\":\"ImageObject\",\"inLanguage\":\"pt-BR\",\"@id\":\"https:\/\/nuevo-renacer.com\/fernando-miramez-de-olivideo\/#primaryimage\",\"url\":\"https:\/\/nuevo-renacer.com\/wp-content\/uploads\/2025\/07\/Fernando-Miramez-de-Olivideo.jpg\",\"contentUrl\":\"https:\/\/nuevo-renacer.com\/wp-content\/uploads\/2025\/07\/Fernando-Miramez-de-Olivideo.jpg\"},{\"@type\":\"BreadcrumbList\",\"@id\":\"https:\/\/nuevo-renacer.com\/fernando-miramez-de-olivideo\/#breadcrumb\",\"itemListElement\":[{\"@type\":\"ListItem\",\"position\":1,\"name\":\"Startseite\",\"item\":\"https:\/\/nuevo-renacer.com\/\"},{\"@type\":\"ListItem\",\"position\":2,\"name\":\"Fernando Miramez de Oliv\u00eddeo\"}]},{\"@type\":\"WebSite\",\"@id\":\"https:\/\/nuevo-renacer.com\/#website\",\"url\":\"https:\/\/nuevo-renacer.com\/\",\"name\":\"Uni\u00f3n Esp\u00edrita\",\"description\":\"Nuevo Renacer\",\"publisher\":{\"@id\":\"https:\/\/nuevo-renacer.com\/#organization\"},\"potentialAction\":[{\"@type\":\"SearchAction\",\"target\":{\"@type\":\"EntryPoint\",\"urlTemplate\":\"https:\/\/nuevo-renacer.com\/?s={search_term_string}\"},\"query-input\":{\"@type\":\"PropertyValueSpecification\",\"valueRequired\":true,\"valueName\":\"search_term_string\"}}],\"inLanguage\":\"pt-BR\"},{\"@type\":\"Organization\",\"@id\":\"https:\/\/nuevo-renacer.com\/#organization\",\"name\":\"UFEC\",\"url\":\"https:\/\/nuevo-renacer.com\/\",\"logo\":{\"@type\":\"ImageObject\",\"inLanguage\":\"pt-BR\",\"@id\":\"https:\/\/nuevo-renacer.com\/#\/schema\/logo\/image\/\",\"url\":\"https:\/\/nuevo-renacer.com\/wp-content\/uploads\/2024\/05\/cropped-LOGO-TERMINADO1-3-3.png\",\"contentUrl\":\"https:\/\/nuevo-renacer.com\/wp-content\/uploads\/2024\/05\/cropped-LOGO-TERMINADO1-3-3.png\",\"width\":512,\"height\":512,\"caption\":\"UFEC\"},\"image\":{\"@id\":\"https:\/\/nuevo-renacer.com\/#\/schema\/logo\/image\/\"},\"sameAs\":[\"https:\/\/www.facebook.com\/groups\/3431398063740829\"]}]}<\/script>\n<!-- \/ Yoast SEO Premium plugin. -->","yoast_head_json":{"title":"Fernando Miramez de Oliv\u00eddeo - Uni\u00f3n Esp\u00edrita","robots":{"index":"index","follow":"follow","max-snippet":"max-snippet:-1","max-image-preview":"max-image-preview:large","max-video-preview":"max-video-preview:-1"},"canonical":"https:\/\/nuevo-renacer.com\/pt\/fernando-miramez-de-olivideo\/","og_locale":"pt_BR","og_type":"article","og_title":"Fernando Miramez de Oliv\u00eddeo","og_description":"Fernando Miramez de Oliv\u00eddeo Miramez era hijo de una pareja de nobles que viv\u00eda en el norte de Espa\u00f1a. Su madre era francesa y su padre portugu\u00e9s. Inteligente y estudioso, desde muy temprana edad se interes\u00f3 por el descubrimiento de las Am\u00e9ricas, donde, en varias ocasiones, se ve\u00eda desembarcando en puertos que consideraba benditos. Miramez [&hellip;]","og_url":"https:\/\/nuevo-renacer.com\/pt\/fernando-miramez-de-olivideo\/","og_site_name":"Uni\u00f3n Esp\u00edrita","article_publisher":"https:\/\/www.facebook.com\/groups\/3431398063740829","article_modified_time":"2025-07-07T11:42:02+00:00","og_image":[{"width":300,"height":399,"url":"https:\/\/nuevo-renacer.com\/wp-content\/uploads\/2025\/07\/Fernando-Miramez-de-Olivideo.jpg","type":"image\/jpeg"}],"twitter_card":"summary_large_image","twitter_misc":{"Est. tempo de leitura":"5 minutos"},"schema":{"@context":"https:\/\/schema.org","@graph":[{"@type":"WebPage","@id":"https:\/\/nuevo-renacer.com\/fernando-miramez-de-olivideo\/","url":"https:\/\/nuevo-renacer.com\/fernando-miramez-de-olivideo\/","name":"Fernando Miramez de Oliv\u00eddeo - Uni\u00f3n Esp\u00edrita","isPartOf":{"@id":"https:\/\/nuevo-renacer.com\/#website"},"primaryImageOfPage":{"@id":"https:\/\/nuevo-renacer.com\/fernando-miramez-de-olivideo\/#primaryimage"},"image":{"@id":"https:\/\/nuevo-renacer.com\/fernando-miramez-de-olivideo\/#primaryimage"},"thumbnailUrl":"https:\/\/nuevo-renacer.com\/wp-content\/uploads\/2025\/07\/Fernando-Miramez-de-Olivideo.jpg","datePublished":"2025-07-07T11:41:59+00:00","dateModified":"2025-07-07T11:42:02+00:00","breadcrumb":{"@id":"https:\/\/nuevo-renacer.com\/fernando-miramez-de-olivideo\/#breadcrumb"},"inLanguage":"pt-BR","potentialAction":[{"@type":"ReadAction","target":["https:\/\/nuevo-renacer.com\/fernando-miramez-de-olivideo\/"]}]},{"@type":"ImageObject","inLanguage":"pt-BR","@id":"https:\/\/nuevo-renacer.com\/fernando-miramez-de-olivideo\/#primaryimage","url":"https:\/\/nuevo-renacer.com\/wp-content\/uploads\/2025\/07\/Fernando-Miramez-de-Olivideo.jpg","contentUrl":"https:\/\/nuevo-renacer.com\/wp-content\/uploads\/2025\/07\/Fernando-Miramez-de-Olivideo.jpg"},{"@type":"BreadcrumbList","@id":"https:\/\/nuevo-renacer.com\/fernando-miramez-de-olivideo\/#breadcrumb","itemListElement":[{"@type":"ListItem","position":1,"name":"Startseite","item":"https:\/\/nuevo-renacer.com\/"},{"@type":"ListItem","position":2,"name":"Fernando Miramez de Oliv\u00eddeo"}]},{"@type":"WebSite","@id":"https:\/\/nuevo-renacer.com\/#website","url":"https:\/\/nuevo-renacer.com\/","name":"Uni\u00f3n Esp\u00edrita","description":"Nuevo Renacer","publisher":{"@id":"https:\/\/nuevo-renacer.com\/#organization"},"potentialAction":[{"@type":"SearchAction","target":{"@type":"EntryPoint","urlTemplate":"https:\/\/nuevo-renacer.com\/?s={search_term_string}"},"query-input":{"@type":"PropertyValueSpecification","valueRequired":true,"valueName":"search_term_string"}}],"inLanguage":"pt-BR"},{"@type":"Organization","@id":"https:\/\/nuevo-renacer.com\/#organization","name":"UFEC","url":"https:\/\/nuevo-renacer.com\/","logo":{"@type":"ImageObject","inLanguage":"pt-BR","@id":"https:\/\/nuevo-renacer.com\/#\/schema\/logo\/image\/","url":"https:\/\/nuevo-renacer.com\/wp-content\/uploads\/2024\/05\/cropped-LOGO-TERMINADO1-3-3.png","contentUrl":"https:\/\/nuevo-renacer.com\/wp-content\/uploads\/2024\/05\/cropped-LOGO-TERMINADO1-3-3.png","width":512,"height":512,"caption":"UFEC"},"image":{"@id":"https:\/\/nuevo-renacer.com\/#\/schema\/logo\/image\/"},"sameAs":["https:\/\/www.facebook.com\/groups\/3431398063740829"]}]}},"uagb_featured_image_src":{"full":false,"thumbnail":false,"medium":false,"medium_large":false,"large":false,"1536x1536":false,"2048x2048":false,"trp-custom-language-flag":false},"uagb_author_info":{"display_name":"adbv0","author_link":"https:\/\/nuevo-renacer.com\/pt\/author\/adbv0\/"},"uagb_comment_info":0,"uagb_excerpt":"Fernando Miramez de Oliv\u00eddeo Miramez era hijo de una pareja de nobles que viv\u00eda en el norte de Espa\u00f1a. Su madre era francesa y su padre portugu\u00e9s. Inteligente y estudioso, desde muy temprana edad se interes\u00f3 por el descubrimiento de las Am\u00e9ricas, donde, en varias ocasiones, se ve\u00eda desembarcando en puertos que consideraba benditos. Miramez&hellip;","jetpack_sharing_enabled":true,"_links":{"self":[{"href":"https:\/\/nuevo-renacer.com\/pt\/wp-json\/wp\/v2\/pages\/8404","targetHints":{"allow":["GET"]}}],"collection":[{"href":"https:\/\/nuevo-renacer.com\/pt\/wp-json\/wp\/v2\/pages"}],"about":[{"href":"https:\/\/nuevo-renacer.com\/pt\/wp-json\/wp\/v2\/types\/page"}],"author":[{"embeddable":true,"href":"https:\/\/nuevo-renacer.com\/pt\/wp-json\/wp\/v2\/users\/1"}],"replies":[{"embeddable":true,"href":"https:\/\/nuevo-renacer.com\/pt\/wp-json\/wp\/v2\/comments?post=8404"}],"version-history":[{"count":1,"href":"https:\/\/nuevo-renacer.com\/pt\/wp-json\/wp\/v2\/pages\/8404\/revisions"}],"predecessor-version":[{"id":8406,"href":"https:\/\/nuevo-renacer.com\/pt\/wp-json\/wp\/v2\/pages\/8404\/revisions\/8406"}],"wp:attachment":[{"href":"https:\/\/nuevo-renacer.com\/pt\/wp-json\/wp\/v2\/media?parent=8404"}],"curies":[{"name":"wp","href":"https:\/\/api.w.org\/{rel}","templated":true}]}}