{"id":8398,"date":"2025-07-07T10:56:31","date_gmt":"2025-07-07T10:56:31","guid":{"rendered":"https:\/\/nuevo-renacer.com\/?page_id=8398"},"modified":"2025-07-07T11:00:56","modified_gmt":"2025-07-07T11:00:56","slug":"amelie-gabrielle-boudet","status":"publish","type":"page","link":"https:\/\/nuevo-renacer.com\/pt\/amelie-gabrielle-boudet\/","title":{"rendered":"Am\u00e9lie Gabrielle Boudet"},"content":{"rendered":"<div class=\"wp-block-uagb-container uagb-block-490bd73a alignfull uagb-is-root-container\"><div class=\"uagb-container-inner-blocks-wrap\">\n<p class=\"has-black-color has-text-color has-link-color has-medium-font-size wp-elements-8c0f099a972285b9a96894c7aaefb3d6\"><strong>Am\u00e9lie Gabrielle Boudet<\/strong><\/p>\n<\/div><\/div>\n\n\n\n<div class=\"wp-block-uagb-container uagb-block-144bdfa6 alignfull uagb-is-root-container\"><div class=\"uagb-container-inner-blocks-wrap\">\n<figure class=\"wp-block-image size-full is-resized\"><img fetchpriority=\"high\" decoding=\"async\" width=\"300\" height=\"399\" src=\"https:\/\/nuevo-renacer.com\/wp-content\/uploads\/2025\/07\/178966330-300-934d25c8.jpg\" alt=\"\" class=\"wp-image-8399\" style=\"width:218px;height:auto\" srcset=\"https:\/\/nuevo-renacer.com\/wp-content\/uploads\/2025\/07\/178966330-300-934d25c8.jpg 300w, https:\/\/nuevo-renacer.com\/wp-content\/uploads\/2025\/07\/178966330-300-934d25c8-226x300.jpg 226w, https:\/\/nuevo-renacer.com\/wp-content\/uploads\/2025\/07\/178966330-300-934d25c8-9x12.jpg 9w\" sizes=\"(max-width: 300px) 100vw, 300px\" \/><\/figure>\n<\/div><\/div>\n\n\n\n<div class=\"wp-block-uagb-container uagb-block-6b035b65 alignfull uagb-is-root-container\"><div class=\"uagb-container-inner-blocks-wrap\">\n<p class=\"has-black-color has-text-color has-link-color has-small-font-size wp-elements-58591aab2c35fdb00aacf14694af0753\">Am\u00e9lie Gabrielle Boudet nasceu em Thiais, cidade a 12 quil\u00f4metros de Paris a 23 de novembro de 1795. Filha \u00fanica de Julien Louis Boudet e de Julie Louise Segneat de Lacomb, Am\u00e9llie aliou desde cedo grande vivacidade a forte interesse pelos estudos, tendo uma fina educa\u00e7\u00e3o moral, o que lhe proporcionou apurados dotes intelectuais. Diplomou-se numa Escola Normal em Paris, em professora de 1\u00aa Classe e, segundo Canuto Abreu, em \u201cO Livro dos Esp\u00edritos e sua Tradi\u00e7\u00e3o Hist\u00f3rica e Lend\u00e1ria\u201d, foi tamb\u00e9m professora de Letras e Belas Artes. Escreveu 3 obras: Contos Primaveris (1825), No\u00e7\u00f5es de Desenho (1826), O Essencial em Belas Artes (1828).<\/p>\n\n\n\n<p class=\"has-black-color has-text-color has-link-color has-small-font-size wp-elements-5afa290aae3ad5a3d47ae9e7e5e27f0f\">Vivendo em Paris, no mundo das letras e do ensino, quis o destino que um dia a Srta. Am\u00e9lie Boudet deparasse com o prof. Hippolyte L\u00e9on Denizard Rivail. Logo se fez por ele notar, com seu sorriso terno e bondoso, sua gentileza e graciosidade. O casamento foi celebrado \u00e0 6 de fevereiro de 1832, reafirmando um amor de vidas passadas e de compromissos m\u00fatuos de aux\u00edlio. O Prof Rivail fundou, em Paris, o Instituto T\u00e9cnico. Am\u00e9lie acompanhou-o nessa fase dif\u00edcil da educa\u00e7\u00e3o francesa: o ensino prim\u00e1rio da \u00e9poca n\u00e3o tinha apoio governamental, o que s\u00f3 se modificou em 1833. Dois anos ap\u00f3s a funda\u00e7\u00e3o, o Instituto cerrou suas atividades devido a dificuldades financeiras e entrou em liquida\u00e7\u00e3o. A Kardec ficaram d\u00edvidas a serem saldadas, o que fez com nobreza.<\/p>\n\n\n\n<p class=\"has-black-color has-text-color has-link-color has-small-font-size wp-elements-3e13105776e039c13fcf831643c743b6\">Como todas as grandes mulheres, Am\u00e9lie, se colocou ao lado do marido. Enquanto Rivail fazia a contabilidade de casas comerciais e tradu\u00e7\u00f5es, ela, sabedora do cora\u00e7\u00e3o generoso e preocupado do marido com a instru\u00e7\u00e3o de crian\u00e7as e jovens, colaborava na prepara\u00e7\u00e3o de cursos gratuitos, ministrados na pr\u00f3pria resid\u00eancia do casal, \u00e0 noite, que funcionaram de 1835 a 1840. Madame Rivail, al\u00e9m de conselheira, foi a inspiradora de v\u00e1rios projetos que o marido p\u00f4s em execu\u00e7\u00e3o. Leymarie, que privava da conviv\u00eancia do casal, declarou que o Professor tinha em grande considera\u00e7\u00e3o as opini\u00f5es da esposa.<\/p>\n\n\n\n<p class=\"has-black-color has-text-color has-link-color has-small-font-size wp-elements-a1be34a01db79aa60ac335c37aeeaabb\">Gra\u00e7as ao esfor\u00e7o de ambos, alcan\u00e7aram uma posi\u00e7\u00e3o financeira satisfat\u00f3ria. Mas havia uma miss\u00e3o muito maior destinada a esses dois cora\u00e7\u00f5es que se amavam e que amavam a Humanidade. O chamado se deu, em 1854, com o fen\u00f4meno das mesas girantes, que Rivail passou a observar e pesquisar. Am\u00e9lie se tornou, ent\u00e3o, a secret\u00e1ria do esposo, secundando-o na nova e \u00e1rdua miss\u00e3o da Codifica\u00e7\u00e3o da Doutrina Esp\u00edrita, estimulando-o e incentivando-o. Lan\u00e7ado \u201cO livro dos Esp\u00edritos\u201d, em 18 de abril de 1857, assinado como Allan Kardec, foi no apartamento do casal que se efetuavam sess\u00f5es bastante concorridas, exigindo de Madame Rivail uma s\u00e9rie de cuidados e aten\u00e7\u00f5es, por vezes deixando-a extenuada. <\/p>\n\n\n\n<p class=\"has-black-color has-text-color has-link-color has-small-font-size wp-elements-22b07483681363768f4c952eabcc72ad\">Disse Kardec a respeito dela: (\u2026) Minha mulher (\u2026) aderiu plenamente aos meus intentos e me secundou na minha laboriosa tarefa, como o faz ainda, atrav\u00e9s de um trabalho frequentemente acima de suas for\u00e7as, sacrificando, sem pesar, os prazeres e as distra\u00e7\u00f5es do mundo aos qual sua posi\u00e7\u00e3o de fam\u00edlia a havia habituado. Por trinta e sete anos ela foi a companheira fiel do marido, acompanhando-o nas viagens, sempre que suas for\u00e7as permitiram. <\/p>\n\n\n\n<p class=\"has-black-color has-text-color has-link-color has-small-font-size wp-elements-0d21cac870d233336c6d18fa3589f7de\">O desencarne de Kardec em nada abalou o esp\u00edrito trabalhador e virtuoso de Madame Rivail que geriu, apesar da avan\u00e7ada idade, os recursos, as propriedades e as obras que a tinham como \u00fanica propriet\u00e1ria. O seu empenho deu motiva\u00e7\u00e3o ao prosseguimento da doutrina. Com desinteresse e devotamento, fundou a \u201cSociedade para a continua\u00e7\u00e3o das obras Esp\u00edritas de Allan Kardec\u201d, destinada \u00e0 divulga\u00e7\u00e3o do Espiritismo por todos os meios poss\u00edveis. Assim, a Revue Spirite continuou a ser publicada, como as demais obras de Kardec e todos os livros da Doutrina Esp\u00edrita.<\/p>\n\n\n\n<p class=\"has-black-color has-text-color has-link-color has-small-font-size wp-elements-f24942749ab400ac8f0f2fd18e8c24e3\">Durante o Processo dos Esp\u00edritas, no ano de 1875, que levou o Espiritismo \u00e0 barra dos tribunais, ela foi convocada a depor. Tratada de forma desrespeitosa pelo juiz, de maneira firme, respondeu \u00e0s quest\u00f5es e defendeu a mem\u00f3ria de Kardec. Era mais um testemunho doloroso a que fora chamada.<\/p>\n\n\n\n<p class=\"has-black-color has-text-color has-link-color has-small-font-size wp-elements-bc7bab13c37e5643c441d015f53b413d\">Por volta das cinco horas da manh\u00e3 do dia 21 de janeiro de 1883, tranquilamente e com o doce sorriso que sempre lhe brindava os l\u00e1bios, a grande sucessora de Allan Kardec se despediu do corpo. Foi enterrada no dia 23, junto ao d\u00f3lmen do marido. Nas homenagens, entre outros, falaram Leymarie e Gabriel Delanne, todos fazendo sobressair os reais m\u00e9ritos da sucessora de Allan Kardec. Tamb\u00e9m foi lida, pelo Sr. Lecoq, comunica\u00e7\u00e3o medi\u00fanica de Ant\u00f4nio de P\u00e1dua, recebida no dia 22 de janeiro, na qual ele descrevia a brilhante recep\u00e7\u00e3o de Am\u00e9lie por Allan Kardec e elevados amigos da Espiritualidade.<\/p>\n<\/div><\/div>\n\n\n\n<div class=\"wp-block-uagb-container uagb-block-56e91c9d alignfull uagb-is-root-container\"><div class=\"uagb-container-inner-blocks-wrap\"><\/div><\/div>\n\n\n\n<div class=\"wp-block-uagb-container uagb-block-15b7f1ae alignfull uagb-is-root-container\"><div class=\"uagb-container-inner-blocks-wrap\"><\/div><\/div>","protected":false},"excerpt":{"rendered":"<p>Am\u00e9lie Gabrielle Boudet Am\u00e9lie Gabrielle Boudet naci\u00f3 en Thiais, una ciudad situada a 12 kil\u00f3metros de Par\u00eds, el 23 de noviembre de 1795. Hija \u00fanica de Julien Louis Boudet y Julie Louise Segneat de Lacomb, Am\u00e9lie combin\u00f3 desde muy temprana edad una gran vivacidad con un fuerte inter\u00e9s por los estudios, recibiendo una refinada educaci\u00f3n [&hellip;]<\/p>","protected":false},"author":1,"featured_media":0,"parent":0,"menu_order":0,"comment_status":"closed","ping_status":"closed","template":"","meta":{"_uag_custom_page_level_css":"","site-sidebar-layout":"default","site-content-layout":"","ast-site-content-layout":"default","site-content-style":"default","site-sidebar-style":"default","ast-global-header-display":"","ast-banner-title-visibility":"","ast-main-header-display":"","ast-hfb-above-header-display":"","ast-hfb-below-header-display":"","ast-hfb-mobile-header-display":"","site-post-title":"disabled","ast-breadcrumbs-content":"","ast-featured-img":"","footer-sml-layout":"","theme-transparent-header-meta":"","adv-header-id-meta":"","stick-header-meta":"","header-above-stick-meta":"","header-main-stick-meta":"","header-below-stick-meta":"","astra-migrate-meta-layouts":"set","ast-page-background-enabled":"default","ast-page-background-meta":{"desktop":{"background-color":"var(--ast-global-color-4)","background-image":"","background-repeat":"repeat","background-position":"center center","background-size":"auto","background-attachment":"scroll","background-type":"","background-media":"","overlay-type":"","overlay-color":"","overlay-opacity":"","overlay-gradient":""},"tablet":{"background-color":"","background-image":"","background-repeat":"repeat","background-position":"center center","background-size":"auto","background-attachment":"scroll","background-type":"","background-media":"","overlay-type":"","overlay-color":"","overlay-opacity":"","overlay-gradient":""},"mobile":{"background-color":"","background-image":"","background-repeat":"repeat","background-position":"center center","background-size":"auto","background-attachment":"scroll","background-type":"","background-media":"","overlay-type":"","overlay-color":"","overlay-opacity":"","overlay-gradient":""}},"ast-content-background-meta":{"desktop":{"background-color":"var(--ast-global-color-5)","background-image":"","background-repeat":"repeat","background-position":"center center","background-size":"auto","background-attachment":"scroll","background-type":"","background-media":"","overlay-type":"","overlay-color":"","overlay-opacity":"","overlay-gradient":""},"tablet":{"background-color":"var(--ast-global-color-5)","background-image":"","background-repeat":"repeat","background-position":"center center","background-size":"auto","background-attachment":"scroll","background-type":"","background-media":"","overlay-type":"","overlay-color":"","overlay-opacity":"","overlay-gradient":""},"mobile":{"background-color":"var(--ast-global-color-5)","background-image":"","background-repeat":"repeat","background-position":"center center","background-size":"auto","background-attachment":"scroll","background-type":"","background-media":"","overlay-type":"","overlay-color":"","overlay-opacity":"","overlay-gradient":""}},"footnotes":""},"class_list":["post-8398","page","type-page","status-publish","hentry"],"yoast_head":"<!-- This site is optimized with the Yoast SEO Premium plugin v24.2 (Yoast SEO v24.6) - https:\/\/yoast.com\/wordpress\/plugins\/seo\/ -->\n<title>Am\u00e9lie Gabrielle Boudet - Uni\u00f3n Esp\u00edrita<\/title>\n<meta name=\"robots\" content=\"index, follow, max-snippet:-1, max-image-preview:large, max-video-preview:-1\" \/>\n<link rel=\"canonical\" href=\"https:\/\/nuevo-renacer.com\/pt\/amelie-gabrielle-boudet\/\" \/>\n<meta property=\"og:locale\" content=\"pt_BR\" \/>\n<meta property=\"og:type\" content=\"article\" \/>\n<meta property=\"og:title\" content=\"Am\u00e9lie Gabrielle Boudet\" \/>\n<meta property=\"og:description\" content=\"Am\u00e9lie Gabrielle Boudet Am\u00e9lie Gabrielle Boudet naci\u00f3 en Thiais, una ciudad situada a 12 kil\u00f3metros de Par\u00eds, el 23 de noviembre de 1795. Hija \u00fanica de Julien Louis Boudet y Julie Louise Segneat de Lacomb, Am\u00e9lie combin\u00f3 desde muy temprana edad una gran vivacidad con un fuerte inter\u00e9s por los estudios, recibiendo una refinada educaci\u00f3n [&hellip;]\" \/>\n<meta property=\"og:url\" content=\"https:\/\/nuevo-renacer.com\/pt\/amelie-gabrielle-boudet\/\" \/>\n<meta property=\"og:site_name\" content=\"Uni\u00f3n Esp\u00edrita\" \/>\n<meta property=\"article:publisher\" content=\"https:\/\/www.facebook.com\/groups\/3431398063740829\" \/>\n<meta property=\"article:modified_time\" content=\"2025-07-07T11:00:56+00:00\" \/>\n<meta property=\"og:image\" content=\"https:\/\/nuevo-renacer.com\/wp-content\/uploads\/2025\/07\/178966330-300-934d25c8.jpg\" \/>\n\t<meta property=\"og:image:width\" content=\"300\" \/>\n\t<meta property=\"og:image:height\" content=\"399\" \/>\n\t<meta property=\"og:image:type\" content=\"image\/jpeg\" \/>\n<meta name=\"twitter:card\" content=\"summary_large_image\" \/>\n<meta name=\"twitter:label1\" content=\"Est. tempo de leitura\" \/>\n\t<meta name=\"twitter:data1\" content=\"5 minutos\" \/>\n<script type=\"application\/ld+json\" class=\"yoast-schema-graph\">{\"@context\":\"https:\/\/schema.org\",\"@graph\":[{\"@type\":\"WebPage\",\"@id\":\"https:\/\/nuevo-renacer.com\/amelie-gabrielle-boudet\/\",\"url\":\"https:\/\/nuevo-renacer.com\/amelie-gabrielle-boudet\/\",\"name\":\"Am\u00e9lie Gabrielle Boudet - Uni\u00f3n Esp\u00edrita\",\"isPartOf\":{\"@id\":\"https:\/\/nuevo-renacer.com\/#website\"},\"primaryImageOfPage\":{\"@id\":\"https:\/\/nuevo-renacer.com\/amelie-gabrielle-boudet\/#primaryimage\"},\"image\":{\"@id\":\"https:\/\/nuevo-renacer.com\/amelie-gabrielle-boudet\/#primaryimage\"},\"thumbnailUrl\":\"https:\/\/nuevo-renacer.com\/wp-content\/uploads\/2025\/07\/178966330-300-934d25c8.jpg\",\"datePublished\":\"2025-07-07T10:56:31+00:00\",\"dateModified\":\"2025-07-07T11:00:56+00:00\",\"breadcrumb\":{\"@id\":\"https:\/\/nuevo-renacer.com\/amelie-gabrielle-boudet\/#breadcrumb\"},\"inLanguage\":\"pt-BR\",\"potentialAction\":[{\"@type\":\"ReadAction\",\"target\":[\"https:\/\/nuevo-renacer.com\/amelie-gabrielle-boudet\/\"]}]},{\"@type\":\"ImageObject\",\"inLanguage\":\"pt-BR\",\"@id\":\"https:\/\/nuevo-renacer.com\/amelie-gabrielle-boudet\/#primaryimage\",\"url\":\"https:\/\/nuevo-renacer.com\/wp-content\/uploads\/2025\/07\/178966330-300-934d25c8.jpg\",\"contentUrl\":\"https:\/\/nuevo-renacer.com\/wp-content\/uploads\/2025\/07\/178966330-300-934d25c8.jpg\"},{\"@type\":\"BreadcrumbList\",\"@id\":\"https:\/\/nuevo-renacer.com\/amelie-gabrielle-boudet\/#breadcrumb\",\"itemListElement\":[{\"@type\":\"ListItem\",\"position\":1,\"name\":\"Startseite\",\"item\":\"https:\/\/nuevo-renacer.com\/\"},{\"@type\":\"ListItem\",\"position\":2,\"name\":\"Am\u00e9lie Gabrielle Boudet\"}]},{\"@type\":\"WebSite\",\"@id\":\"https:\/\/nuevo-renacer.com\/#website\",\"url\":\"https:\/\/nuevo-renacer.com\/\",\"name\":\"Uni\u00f3n Esp\u00edrita\",\"description\":\"Nuevo Renacer\",\"publisher\":{\"@id\":\"https:\/\/nuevo-renacer.com\/#organization\"},\"potentialAction\":[{\"@type\":\"SearchAction\",\"target\":{\"@type\":\"EntryPoint\",\"urlTemplate\":\"https:\/\/nuevo-renacer.com\/?s={search_term_string}\"},\"query-input\":{\"@type\":\"PropertyValueSpecification\",\"valueRequired\":true,\"valueName\":\"search_term_string\"}}],\"inLanguage\":\"pt-BR\"},{\"@type\":\"Organization\",\"@id\":\"https:\/\/nuevo-renacer.com\/#organization\",\"name\":\"UFEC\",\"url\":\"https:\/\/nuevo-renacer.com\/\",\"logo\":{\"@type\":\"ImageObject\",\"inLanguage\":\"pt-BR\",\"@id\":\"https:\/\/nuevo-renacer.com\/#\/schema\/logo\/image\/\",\"url\":\"https:\/\/nuevo-renacer.com\/wp-content\/uploads\/2024\/05\/cropped-LOGO-TERMINADO1-3-3.png\",\"contentUrl\":\"https:\/\/nuevo-renacer.com\/wp-content\/uploads\/2024\/05\/cropped-LOGO-TERMINADO1-3-3.png\",\"width\":512,\"height\":512,\"caption\":\"UFEC\"},\"image\":{\"@id\":\"https:\/\/nuevo-renacer.com\/#\/schema\/logo\/image\/\"},\"sameAs\":[\"https:\/\/www.facebook.com\/groups\/3431398063740829\"]}]}<\/script>\n<!-- \/ Yoast SEO Premium plugin. -->","yoast_head_json":{"title":"Am\u00e9lie Gabrielle Boudet - Uni\u00f3n Esp\u00edrita","robots":{"index":"index","follow":"follow","max-snippet":"max-snippet:-1","max-image-preview":"max-image-preview:large","max-video-preview":"max-video-preview:-1"},"canonical":"https:\/\/nuevo-renacer.com\/pt\/amelie-gabrielle-boudet\/","og_locale":"pt_BR","og_type":"article","og_title":"Am\u00e9lie Gabrielle Boudet","og_description":"Am\u00e9lie Gabrielle Boudet Am\u00e9lie Gabrielle Boudet naci\u00f3 en Thiais, una ciudad situada a 12 kil\u00f3metros de Par\u00eds, el 23 de noviembre de 1795. Hija \u00fanica de Julien Louis Boudet y Julie Louise Segneat de Lacomb, Am\u00e9lie combin\u00f3 desde muy temprana edad una gran vivacidad con un fuerte inter\u00e9s por los estudios, recibiendo una refinada educaci\u00f3n [&hellip;]","og_url":"https:\/\/nuevo-renacer.com\/pt\/amelie-gabrielle-boudet\/","og_site_name":"Uni\u00f3n Esp\u00edrita","article_publisher":"https:\/\/www.facebook.com\/groups\/3431398063740829","article_modified_time":"2025-07-07T11:00:56+00:00","og_image":[{"width":300,"height":399,"url":"https:\/\/nuevo-renacer.com\/wp-content\/uploads\/2025\/07\/178966330-300-934d25c8.jpg","type":"image\/jpeg"}],"twitter_card":"summary_large_image","twitter_misc":{"Est. tempo de leitura":"5 minutos"},"schema":{"@context":"https:\/\/schema.org","@graph":[{"@type":"WebPage","@id":"https:\/\/nuevo-renacer.com\/amelie-gabrielle-boudet\/","url":"https:\/\/nuevo-renacer.com\/amelie-gabrielle-boudet\/","name":"Am\u00e9lie Gabrielle Boudet - Uni\u00f3n Esp\u00edrita","isPartOf":{"@id":"https:\/\/nuevo-renacer.com\/#website"},"primaryImageOfPage":{"@id":"https:\/\/nuevo-renacer.com\/amelie-gabrielle-boudet\/#primaryimage"},"image":{"@id":"https:\/\/nuevo-renacer.com\/amelie-gabrielle-boudet\/#primaryimage"},"thumbnailUrl":"https:\/\/nuevo-renacer.com\/wp-content\/uploads\/2025\/07\/178966330-300-934d25c8.jpg","datePublished":"2025-07-07T10:56:31+00:00","dateModified":"2025-07-07T11:00:56+00:00","breadcrumb":{"@id":"https:\/\/nuevo-renacer.com\/amelie-gabrielle-boudet\/#breadcrumb"},"inLanguage":"pt-BR","potentialAction":[{"@type":"ReadAction","target":["https:\/\/nuevo-renacer.com\/amelie-gabrielle-boudet\/"]}]},{"@type":"ImageObject","inLanguage":"pt-BR","@id":"https:\/\/nuevo-renacer.com\/amelie-gabrielle-boudet\/#primaryimage","url":"https:\/\/nuevo-renacer.com\/wp-content\/uploads\/2025\/07\/178966330-300-934d25c8.jpg","contentUrl":"https:\/\/nuevo-renacer.com\/wp-content\/uploads\/2025\/07\/178966330-300-934d25c8.jpg"},{"@type":"BreadcrumbList","@id":"https:\/\/nuevo-renacer.com\/amelie-gabrielle-boudet\/#breadcrumb","itemListElement":[{"@type":"ListItem","position":1,"name":"Startseite","item":"https:\/\/nuevo-renacer.com\/"},{"@type":"ListItem","position":2,"name":"Am\u00e9lie Gabrielle Boudet"}]},{"@type":"WebSite","@id":"https:\/\/nuevo-renacer.com\/#website","url":"https:\/\/nuevo-renacer.com\/","name":"Uni\u00f3n Esp\u00edrita","description":"Nuevo Renacer","publisher":{"@id":"https:\/\/nuevo-renacer.com\/#organization"},"potentialAction":[{"@type":"SearchAction","target":{"@type":"EntryPoint","urlTemplate":"https:\/\/nuevo-renacer.com\/?s={search_term_string}"},"query-input":{"@type":"PropertyValueSpecification","valueRequired":true,"valueName":"search_term_string"}}],"inLanguage":"pt-BR"},{"@type":"Organization","@id":"https:\/\/nuevo-renacer.com\/#organization","name":"UFEC","url":"https:\/\/nuevo-renacer.com\/","logo":{"@type":"ImageObject","inLanguage":"pt-BR","@id":"https:\/\/nuevo-renacer.com\/#\/schema\/logo\/image\/","url":"https:\/\/nuevo-renacer.com\/wp-content\/uploads\/2024\/05\/cropped-LOGO-TERMINADO1-3-3.png","contentUrl":"https:\/\/nuevo-renacer.com\/wp-content\/uploads\/2024\/05\/cropped-LOGO-TERMINADO1-3-3.png","width":512,"height":512,"caption":"UFEC"},"image":{"@id":"https:\/\/nuevo-renacer.com\/#\/schema\/logo\/image\/"},"sameAs":["https:\/\/www.facebook.com\/groups\/3431398063740829"]}]}},"uagb_featured_image_src":{"full":false,"thumbnail":false,"medium":false,"medium_large":false,"large":false,"1536x1536":false,"2048x2048":false,"trp-custom-language-flag":false},"uagb_author_info":{"display_name":"adbv0","author_link":"https:\/\/nuevo-renacer.com\/pt\/author\/adbv0\/"},"uagb_comment_info":0,"uagb_excerpt":"Am\u00e9lie Gabrielle Boudet Am\u00e9lie Gabrielle Boudet naci\u00f3 en Thiais, una ciudad situada a 12 kil\u00f3metros de Par\u00eds, el 23 de noviembre de 1795. Hija \u00fanica de Julien Louis Boudet y Julie Louise Segneat de Lacomb, Am\u00e9lie combin\u00f3 desde muy temprana edad una gran vivacidad con un fuerte inter\u00e9s por los estudios, recibiendo una refinada educaci\u00f3n&hellip;","jetpack_sharing_enabled":true,"_links":{"self":[{"href":"https:\/\/nuevo-renacer.com\/pt\/wp-json\/wp\/v2\/pages\/8398","targetHints":{"allow":["GET"]}}],"collection":[{"href":"https:\/\/nuevo-renacer.com\/pt\/wp-json\/wp\/v2\/pages"}],"about":[{"href":"https:\/\/nuevo-renacer.com\/pt\/wp-json\/wp\/v2\/types\/page"}],"author":[{"embeddable":true,"href":"https:\/\/nuevo-renacer.com\/pt\/wp-json\/wp\/v2\/users\/1"}],"replies":[{"embeddable":true,"href":"https:\/\/nuevo-renacer.com\/pt\/wp-json\/wp\/v2\/comments?post=8398"}],"version-history":[{"count":2,"href":"https:\/\/nuevo-renacer.com\/pt\/wp-json\/wp\/v2\/pages\/8398\/revisions"}],"predecessor-version":[{"id":8402,"href":"https:\/\/nuevo-renacer.com\/pt\/wp-json\/wp\/v2\/pages\/8398\/revisions\/8402"}],"wp:attachment":[{"href":"https:\/\/nuevo-renacer.com\/pt\/wp-json\/wp\/v2\/media?parent=8398"}],"curies":[{"name":"wp","href":"https:\/\/api.w.org\/{rel}","templated":true}]}}