{"id":8253,"date":"2025-06-03T12:03:38","date_gmt":"2025-06-03T12:03:38","guid":{"rendered":"https:\/\/nuevo-renacer.com\/?page_id=8253"},"modified":"2025-06-03T12:03:41","modified_gmt":"2025-06-03T12:03:41","slug":"enrico-morselli","status":"publish","type":"page","link":"https:\/\/nuevo-renacer.com\/pt\/enrico-morselli\/","title":{"rendered":"Enrico Morselli"},"content":{"rendered":"<div class=\"wp-block-uagb-container uagb-block-1e1d5d13 alignfull uagb-is-root-container\"><div class=\"uagb-container-inner-blocks-wrap\">\n<p class=\"has-black-color has-text-color has-link-color has-medium-font-size wp-elements-2534e5cc2e6b5f71295836be7faaab70\"><strong>Enrico Morselli<\/strong><\/p>\n<\/div><\/div>\n\n\n\n<div class=\"wp-block-uagb-container uagb-block-142285bc alignfull uagb-is-root-container\"><div class=\"uagb-container-inner-blocks-wrap\">\n<figure class=\"wp-block-image size-full is-resized\"><img fetchpriority=\"high\" decoding=\"async\" width=\"300\" height=\"396\" src=\"https:\/\/nuevo-renacer.com\/wp-content\/uploads\/2025\/06\/12345.jpg\" alt=\"\" class=\"wp-image-8254\" style=\"width:241px;height:auto\" srcset=\"https:\/\/nuevo-renacer.com\/wp-content\/uploads\/2025\/06\/12345.jpg 300w, https:\/\/nuevo-renacer.com\/wp-content\/uploads\/2025\/06\/12345-227x300.jpg 227w, https:\/\/nuevo-renacer.com\/wp-content\/uploads\/2025\/06\/12345-9x12.jpg 9w\" sizes=\"(max-width: 300px) 100vw, 300px\" \/><\/figure>\n<\/div><\/div>\n\n\n\n<div class=\"wp-block-uagb-container uagb-block-c663a713 alignfull uagb-is-root-container\"><div class=\"uagb-container-inner-blocks-wrap\">\n<p class=\"has-black-color has-text-color has-link-color has-small-font-size wp-elements-8464154afe227ac905c186f2460c0721\">Nasceu em Modena na It\u00e1lia em 17 de julho de 1852, e morreu em G\u00eanova, em 18 de fevereiro de 1929. Foi um brilhante psiquiatra italiano, acad\u00eamico e promotor ativo da escola positivista italiana de neuropsiquiatria. Especialista em doen\u00e7as nervosas e mentais, foi professor da Universidade de G\u00eanova.<\/p>\n\n\n\n<p class=\"has-black-color has-text-color has-link-color has-small-font-size wp-elements-2b6fc7472edd36b0297ca4b754a056bb\">Ele tinha sido um c\u00e9tico amargo dos fen\u00f4menos medi\u00fanicos(...) No entanto, seu encontro com a grande m\u00e9dium Eus\u00e1pia Paladino e a realiza\u00e7\u00e3o de 30 sess\u00f5es de materializa\u00e7\u00f5es de esp\u00edritos em 1901-2 e 1906-7. Enrico Morselli acabou se convencendo completamente da realidade dos fen\u00f4menos esp\u00edritas e pronunciou sua mudan\u00e7a de pensamento em 1907 na revista Annals of Psychic Science: \"A quest\u00e3o do Espiritismo foi discutida por mais de cinquenta anos, e embora ningu\u00e9m possa prever neste momento quando isso vai ser resolvido, todos s\u00e3o acordados em atribuir a ela uma grande import\u00e2ncia entre os problemas que deixou como legado pelo s\u00e9culo XIX para o XX.<\/p>\n\n\n\n<p class=\"has-black-color has-text-color has-link-color has-small-font-size wp-elements-aa99661dab88bb77ce4e58122cee3d43\">Se durante muitos anos a ci\u00eancia acad\u00eamica desvalorizou toda a categoria de fatos que o Espiritismo trouxe para formar os elementos de seu sistema doutrin\u00e1rio, tanto pior para a ci\u00eancia. E pior ainda para os cientistas que ficaram surdos e cegos diante de todos a afirma\u00e7\u00e3o, n\u00e3o de sect\u00e1rios cr\u00e9dulos, mas de graves e dignos observadores como Crookes, Lodge e Richet. Eu n\u00e3o me envergonho de dizer que eu pr\u00f3prio, na medida do meu poder foi modesto, tinha contribu\u00eddo para esse ceticismo obstinado, at\u00e9 o dia em que eu estava habilitado para quebrar as cadeias em que os meus preconceitos absolutista tinham ligado meu julgamento.\"<\/p>\n\n\n\n<p class=\"has-black-color has-text-color has-link-color has-small-font-size wp-elements-a72182d88f376d2fb399ee5186ea683d\">Enrico Morselli escreveu a obra intitulada \"Psicologia e Espiritismo\", publicado em dois volumes, em Turim, em 1908. Na qual relata os fatos por ele observados com a not\u00e1vel m\u00e9dium Eus\u00e1pia Paladino. Publicou, ainda, \"Hip\u00f3tese Esp\u00edrita e Teoria Cient\u00edfica\". Foi baseado sobre a mediunidade f\u00edsica de Eus\u00e1pia Paladino que o Dr. Henrique MorseIli firmou sua convic\u00e7\u00e3o de que os Esp\u00edritos dos mortos - na exist\u00eancia dos quais descria - n\u00e3o intervinham na produ\u00e7\u00e3o dos fen\u00f4menos.<\/p>\n\n\n\n<p class=\"has-black-color has-text-color has-link-color has-small-font-size wp-elements-c0719a3860d14d60ab19945292020e44\">Todavia, cumpre destacar a firme convic\u00e7\u00e3o do Prof. MorseIli na realidade dos fen\u00f4menos objetivos ou f\u00edsicos conseguidos com a mediunidade Eusapiana, inclusive os de materializa\u00e7\u00e3o parcial ou total, fen\u00f4menos estes considerados fraudulentos pelos novos \"profetas\" do hipnotismo e da letargia.<\/p>\n\n\n\n<p class=\"has-black-color has-text-color has-link-color has-small-font-size wp-elements-53f913493f9035d2e8110501ad88750b\">Eis, ent\u00e3o, o que o s\u00e1bio neurologista escreveu nas colunas do jornal italiano \"Corriere della Sera\" do ano de 1907, pouco antes de ser dado a p\u00fablico o seu livro \"Psicologia e Espiritismo\":<\/p>\n\n\n\n<p class=\"has-black-color has-text-color has-link-color has-small-font-size wp-elements-340b36ccbc677ee276c0f78c1770499d\">\u00abAquele que me pergunta, e s\u00e3o numerosos os que at\u00e9 o momento me t\u00eam interrogado sobre esta quest\u00e3o, o que penso dos fen\u00f4menos f\u00edsicos atribu\u00eddos a Eus\u00e1pia, e se eu os creio reais, aut\u00eanticos, verdadeiros, respondo: Sim! Tais fen\u00f4menos, cuja aceita\u00e7\u00e3o me pareceu a princ\u00edpio baseada sobre o erro ou sobre a ingenuidade, sobre a fraude ou a ilus\u00e3o dos sentidos, sobre a boa-f\u00e9 ou sobre o \u201cparti-pris\u201d, s\u00e3o, em elevad\u00edssimo n\u00famero, verdadeiros e reais; e quanto aos que formam o \u201cpequeno n\u00famero\u201d, a respeito dos quais n\u00e3o me certifiquei, de forma alguma eles infirmam a exist\u00eancia de uma categoria extraordin\u00e1ria ou ultranormal de fatos que dependem de organismos especiais e de atividade particular\u00bb.<\/p>\n\n\n\n<p class=\"has-black-color has-text-color has-link-color has-small-font-size wp-elements-0448507068c996832e0f5c77ccb8b141\">\u00abConfesso, por\u00e9m, que em minha opini\u00e3o h\u00e1 outra coisa muito mais singular, muito mais assombrosa: \u00e9 afirmar com plena consci\u00eancia que esses fatos s\u00e3o verdadeiros... e n\u00e3o acreditar no Espiritismo.\u201d.\u00bb<\/p>\n<\/div><\/div>\n\n\n\n<div class=\"wp-block-uagb-container uagb-block-a2a72b91 alignfull uagb-is-root-container\"><div class=\"uagb-container-inner-blocks-wrap\"><\/div><\/div>\n\n\n\n<div class=\"wp-block-uagb-container uagb-block-590dfc8f alignfull uagb-is-root-container\"><div class=\"uagb-container-inner-blocks-wrap\"><\/div><\/div>","protected":false},"excerpt":{"rendered":"<p>Enrico Morselli Naci\u00f3 en M\u00f3dena, Italia, el 17 de julio de 1852, y muri\u00f3 en G\u00e9nova el 18 de febrero de 1929. Fue un brillante psiquiatra italiano, acad\u00e9mico y activo promotor de la escuela positivista italiana de neuropsiquiatr\u00eda. Especialista en enfermedades nerviosas y mentales, fue profesor de la Universidad de G\u00e9nova. Hab\u00eda sido un esc\u00e9ptico [&hellip;]<\/p>","protected":false},"author":1,"featured_media":0,"parent":0,"menu_order":0,"comment_status":"closed","ping_status":"closed","template":"","meta":{"_uag_custom_page_level_css":"","site-sidebar-layout":"default","site-content-layout":"","ast-site-content-layout":"default","site-content-style":"default","site-sidebar-style":"default","ast-global-header-display":"","ast-banner-title-visibility":"","ast-main-header-display":"","ast-hfb-above-header-display":"","ast-hfb-below-header-display":"","ast-hfb-mobile-header-display":"","site-post-title":"disabled","ast-breadcrumbs-content":"","ast-featured-img":"","footer-sml-layout":"","theme-transparent-header-meta":"","adv-header-id-meta":"","stick-header-meta":"","header-above-stick-meta":"","header-main-stick-meta":"","header-below-stick-meta":"","astra-migrate-meta-layouts":"set","ast-page-background-enabled":"default","ast-page-background-meta":{"desktop":{"background-color":"var(--ast-global-color-4)","background-image":"","background-repeat":"repeat","background-position":"center center","background-size":"auto","background-attachment":"scroll","background-type":"","background-media":"","overlay-type":"","overlay-color":"","overlay-opacity":"","overlay-gradient":""},"tablet":{"background-color":"","background-image":"","background-repeat":"repeat","background-position":"center center","background-size":"auto","background-attachment":"scroll","background-type":"","background-media":"","overlay-type":"","overlay-color":"","overlay-opacity":"","overlay-gradient":""},"mobile":{"background-color":"","background-image":"","background-repeat":"repeat","background-position":"center center","background-size":"auto","background-attachment":"scroll","background-type":"","background-media":"","overlay-type":"","overlay-color":"","overlay-opacity":"","overlay-gradient":""}},"ast-content-background-meta":{"desktop":{"background-color":"var(--ast-global-color-5)","background-image":"","background-repeat":"repeat","background-position":"center center","background-size":"auto","background-attachment":"scroll","background-type":"","background-media":"","overlay-type":"","overlay-color":"","overlay-opacity":"","overlay-gradient":""},"tablet":{"background-color":"var(--ast-global-color-5)","background-image":"","background-repeat":"repeat","background-position":"center center","background-size":"auto","background-attachment":"scroll","background-type":"","background-media":"","overlay-type":"","overlay-color":"","overlay-opacity":"","overlay-gradient":""},"mobile":{"background-color":"var(--ast-global-color-5)","background-image":"","background-repeat":"repeat","background-position":"center center","background-size":"auto","background-attachment":"scroll","background-type":"","background-media":"","overlay-type":"","overlay-color":"","overlay-opacity":"","overlay-gradient":""}},"footnotes":""},"class_list":["post-8253","page","type-page","status-publish","hentry"],"yoast_head":"<!-- This site is optimized with the Yoast SEO Premium plugin v24.2 (Yoast SEO v24.6) - https:\/\/yoast.com\/wordpress\/plugins\/seo\/ -->\n<title>Enrico Morselli - Uni\u00f3n Esp\u00edrita<\/title>\n<meta name=\"robots\" content=\"index, follow, max-snippet:-1, max-image-preview:large, max-video-preview:-1\" \/>\n<link rel=\"canonical\" href=\"https:\/\/nuevo-renacer.com\/pt\/enrico-morselli\/\" \/>\n<meta property=\"og:locale\" content=\"pt_BR\" \/>\n<meta property=\"og:type\" content=\"article\" \/>\n<meta property=\"og:title\" content=\"Enrico Morselli\" \/>\n<meta property=\"og:description\" content=\"Enrico Morselli Naci\u00f3 en M\u00f3dena, Italia, el 17 de julio de 1852, y muri\u00f3 en G\u00e9nova el 18 de febrero de 1929. Fue un brillante psiquiatra italiano, acad\u00e9mico y activo promotor de la escuela positivista italiana de neuropsiquiatr\u00eda. Especialista en enfermedades nerviosas y mentales, fue profesor de la Universidad de G\u00e9nova. Hab\u00eda sido un esc\u00e9ptico [&hellip;]\" \/>\n<meta property=\"og:url\" content=\"https:\/\/nuevo-renacer.com\/pt\/enrico-morselli\/\" \/>\n<meta property=\"og:site_name\" content=\"Uni\u00f3n Esp\u00edrita\" \/>\n<meta property=\"article:publisher\" content=\"https:\/\/www.facebook.com\/groups\/3431398063740829\" \/>\n<meta property=\"article:modified_time\" content=\"2025-06-03T12:03:41+00:00\" \/>\n<meta property=\"og:image\" content=\"https:\/\/nuevo-renacer.com\/wp-content\/uploads\/2025\/06\/12345.jpg\" \/>\n\t<meta property=\"og:image:width\" content=\"300\" \/>\n\t<meta property=\"og:image:height\" content=\"396\" \/>\n\t<meta property=\"og:image:type\" content=\"image\/jpeg\" \/>\n<meta name=\"twitter:card\" content=\"summary_large_image\" \/>\n<meta name=\"twitter:label1\" content=\"Est. tempo de leitura\" \/>\n\t<meta name=\"twitter:data1\" content=\"4 minutos\" \/>\n<script type=\"application\/ld+json\" class=\"yoast-schema-graph\">{\"@context\":\"https:\/\/schema.org\",\"@graph\":[{\"@type\":\"WebPage\",\"@id\":\"https:\/\/nuevo-renacer.com\/enrico-morselli\/\",\"url\":\"https:\/\/nuevo-renacer.com\/enrico-morselli\/\",\"name\":\"Enrico Morselli - Uni\u00f3n Esp\u00edrita\",\"isPartOf\":{\"@id\":\"https:\/\/nuevo-renacer.com\/#website\"},\"primaryImageOfPage\":{\"@id\":\"https:\/\/nuevo-renacer.com\/enrico-morselli\/#primaryimage\"},\"image\":{\"@id\":\"https:\/\/nuevo-renacer.com\/enrico-morselli\/#primaryimage\"},\"thumbnailUrl\":\"https:\/\/nuevo-renacer.com\/wp-content\/uploads\/2025\/06\/12345.jpg\",\"datePublished\":\"2025-06-03T12:03:38+00:00\",\"dateModified\":\"2025-06-03T12:03:41+00:00\",\"breadcrumb\":{\"@id\":\"https:\/\/nuevo-renacer.com\/enrico-morselli\/#breadcrumb\"},\"inLanguage\":\"pt-BR\",\"potentialAction\":[{\"@type\":\"ReadAction\",\"target\":[\"https:\/\/nuevo-renacer.com\/enrico-morselli\/\"]}]},{\"@type\":\"ImageObject\",\"inLanguage\":\"pt-BR\",\"@id\":\"https:\/\/nuevo-renacer.com\/enrico-morselli\/#primaryimage\",\"url\":\"https:\/\/nuevo-renacer.com\/wp-content\/uploads\/2025\/06\/12345.jpg\",\"contentUrl\":\"https:\/\/nuevo-renacer.com\/wp-content\/uploads\/2025\/06\/12345.jpg\"},{\"@type\":\"BreadcrumbList\",\"@id\":\"https:\/\/nuevo-renacer.com\/enrico-morselli\/#breadcrumb\",\"itemListElement\":[{\"@type\":\"ListItem\",\"position\":1,\"name\":\"Startseite\",\"item\":\"https:\/\/nuevo-renacer.com\/\"},{\"@type\":\"ListItem\",\"position\":2,\"name\":\"Enrico Morselli\"}]},{\"@type\":\"WebSite\",\"@id\":\"https:\/\/nuevo-renacer.com\/#website\",\"url\":\"https:\/\/nuevo-renacer.com\/\",\"name\":\"Uni\u00f3n Esp\u00edrita\",\"description\":\"Nuevo Renacer\",\"publisher\":{\"@id\":\"https:\/\/nuevo-renacer.com\/#organization\"},\"potentialAction\":[{\"@type\":\"SearchAction\",\"target\":{\"@type\":\"EntryPoint\",\"urlTemplate\":\"https:\/\/nuevo-renacer.com\/?s={search_term_string}\"},\"query-input\":{\"@type\":\"PropertyValueSpecification\",\"valueRequired\":true,\"valueName\":\"search_term_string\"}}],\"inLanguage\":\"pt-BR\"},{\"@type\":\"Organization\",\"@id\":\"https:\/\/nuevo-renacer.com\/#organization\",\"name\":\"UFEC\",\"url\":\"https:\/\/nuevo-renacer.com\/\",\"logo\":{\"@type\":\"ImageObject\",\"inLanguage\":\"pt-BR\",\"@id\":\"https:\/\/nuevo-renacer.com\/#\/schema\/logo\/image\/\",\"url\":\"https:\/\/nuevo-renacer.com\/wp-content\/uploads\/2024\/05\/cropped-LOGO-TERMINADO1-3-3.png\",\"contentUrl\":\"https:\/\/nuevo-renacer.com\/wp-content\/uploads\/2024\/05\/cropped-LOGO-TERMINADO1-3-3.png\",\"width\":512,\"height\":512,\"caption\":\"UFEC\"},\"image\":{\"@id\":\"https:\/\/nuevo-renacer.com\/#\/schema\/logo\/image\/\"},\"sameAs\":[\"https:\/\/www.facebook.com\/groups\/3431398063740829\"]}]}<\/script>\n<!-- \/ Yoast SEO Premium plugin. -->","yoast_head_json":{"title":"Enrico Morselli - Uni\u00f3n Esp\u00edrita","robots":{"index":"index","follow":"follow","max-snippet":"max-snippet:-1","max-image-preview":"max-image-preview:large","max-video-preview":"max-video-preview:-1"},"canonical":"https:\/\/nuevo-renacer.com\/pt\/enrico-morselli\/","og_locale":"pt_BR","og_type":"article","og_title":"Enrico Morselli","og_description":"Enrico Morselli Naci\u00f3 en M\u00f3dena, Italia, el 17 de julio de 1852, y muri\u00f3 en G\u00e9nova el 18 de febrero de 1929. Fue un brillante psiquiatra italiano, acad\u00e9mico y activo promotor de la escuela positivista italiana de neuropsiquiatr\u00eda. Especialista en enfermedades nerviosas y mentales, fue profesor de la Universidad de G\u00e9nova. Hab\u00eda sido un esc\u00e9ptico [&hellip;]","og_url":"https:\/\/nuevo-renacer.com\/pt\/enrico-morselli\/","og_site_name":"Uni\u00f3n Esp\u00edrita","article_publisher":"https:\/\/www.facebook.com\/groups\/3431398063740829","article_modified_time":"2025-06-03T12:03:41+00:00","og_image":[{"width":300,"height":396,"url":"https:\/\/nuevo-renacer.com\/wp-content\/uploads\/2025\/06\/12345.jpg","type":"image\/jpeg"}],"twitter_card":"summary_large_image","twitter_misc":{"Est. tempo de leitura":"4 minutos"},"schema":{"@context":"https:\/\/schema.org","@graph":[{"@type":"WebPage","@id":"https:\/\/nuevo-renacer.com\/enrico-morselli\/","url":"https:\/\/nuevo-renacer.com\/enrico-morselli\/","name":"Enrico Morselli - Uni\u00f3n Esp\u00edrita","isPartOf":{"@id":"https:\/\/nuevo-renacer.com\/#website"},"primaryImageOfPage":{"@id":"https:\/\/nuevo-renacer.com\/enrico-morselli\/#primaryimage"},"image":{"@id":"https:\/\/nuevo-renacer.com\/enrico-morselli\/#primaryimage"},"thumbnailUrl":"https:\/\/nuevo-renacer.com\/wp-content\/uploads\/2025\/06\/12345.jpg","datePublished":"2025-06-03T12:03:38+00:00","dateModified":"2025-06-03T12:03:41+00:00","breadcrumb":{"@id":"https:\/\/nuevo-renacer.com\/enrico-morselli\/#breadcrumb"},"inLanguage":"pt-BR","potentialAction":[{"@type":"ReadAction","target":["https:\/\/nuevo-renacer.com\/enrico-morselli\/"]}]},{"@type":"ImageObject","inLanguage":"pt-BR","@id":"https:\/\/nuevo-renacer.com\/enrico-morselli\/#primaryimage","url":"https:\/\/nuevo-renacer.com\/wp-content\/uploads\/2025\/06\/12345.jpg","contentUrl":"https:\/\/nuevo-renacer.com\/wp-content\/uploads\/2025\/06\/12345.jpg"},{"@type":"BreadcrumbList","@id":"https:\/\/nuevo-renacer.com\/enrico-morselli\/#breadcrumb","itemListElement":[{"@type":"ListItem","position":1,"name":"Startseite","item":"https:\/\/nuevo-renacer.com\/"},{"@type":"ListItem","position":2,"name":"Enrico Morselli"}]},{"@type":"WebSite","@id":"https:\/\/nuevo-renacer.com\/#website","url":"https:\/\/nuevo-renacer.com\/","name":"Uni\u00f3n Esp\u00edrita","description":"Nuevo Renacer","publisher":{"@id":"https:\/\/nuevo-renacer.com\/#organization"},"potentialAction":[{"@type":"SearchAction","target":{"@type":"EntryPoint","urlTemplate":"https:\/\/nuevo-renacer.com\/?s={search_term_string}"},"query-input":{"@type":"PropertyValueSpecification","valueRequired":true,"valueName":"search_term_string"}}],"inLanguage":"pt-BR"},{"@type":"Organization","@id":"https:\/\/nuevo-renacer.com\/#organization","name":"UFEC","url":"https:\/\/nuevo-renacer.com\/","logo":{"@type":"ImageObject","inLanguage":"pt-BR","@id":"https:\/\/nuevo-renacer.com\/#\/schema\/logo\/image\/","url":"https:\/\/nuevo-renacer.com\/wp-content\/uploads\/2024\/05\/cropped-LOGO-TERMINADO1-3-3.png","contentUrl":"https:\/\/nuevo-renacer.com\/wp-content\/uploads\/2024\/05\/cropped-LOGO-TERMINADO1-3-3.png","width":512,"height":512,"caption":"UFEC"},"image":{"@id":"https:\/\/nuevo-renacer.com\/#\/schema\/logo\/image\/"},"sameAs":["https:\/\/www.facebook.com\/groups\/3431398063740829"]}]}},"uagb_featured_image_src":{"full":false,"thumbnail":false,"medium":false,"medium_large":false,"large":false,"1536x1536":false,"2048x2048":false,"trp-custom-language-flag":false},"uagb_author_info":{"display_name":"adbv0","author_link":"https:\/\/nuevo-renacer.com\/pt\/author\/adbv0\/"},"uagb_comment_info":0,"uagb_excerpt":"Enrico Morselli Naci\u00f3 en M\u00f3dena, Italia, el 17 de julio de 1852, y muri\u00f3 en G\u00e9nova el 18 de febrero de 1929. Fue un brillante psiquiatra italiano, acad\u00e9mico y activo promotor de la escuela positivista italiana de neuropsiquiatr\u00eda. Especialista en enfermedades nerviosas y mentales, fue profesor de la Universidad de G\u00e9nova. Hab\u00eda sido un esc\u00e9ptico&hellip;","jetpack_sharing_enabled":true,"_links":{"self":[{"href":"https:\/\/nuevo-renacer.com\/pt\/wp-json\/wp\/v2\/pages\/8253","targetHints":{"allow":["GET"]}}],"collection":[{"href":"https:\/\/nuevo-renacer.com\/pt\/wp-json\/wp\/v2\/pages"}],"about":[{"href":"https:\/\/nuevo-renacer.com\/pt\/wp-json\/wp\/v2\/types\/page"}],"author":[{"embeddable":true,"href":"https:\/\/nuevo-renacer.com\/pt\/wp-json\/wp\/v2\/users\/1"}],"replies":[{"embeddable":true,"href":"https:\/\/nuevo-renacer.com\/pt\/wp-json\/wp\/v2\/comments?post=8253"}],"version-history":[{"count":1,"href":"https:\/\/nuevo-renacer.com\/pt\/wp-json\/wp\/v2\/pages\/8253\/revisions"}],"predecessor-version":[{"id":8255,"href":"https:\/\/nuevo-renacer.com\/pt\/wp-json\/wp\/v2\/pages\/8253\/revisions\/8255"}],"wp:attachment":[{"href":"https:\/\/nuevo-renacer.com\/pt\/wp-json\/wp\/v2\/media?parent=8253"}],"curies":[{"name":"wp","href":"https:\/\/api.w.org\/{rel}","templated":true}]}}